{"id":48,"date":"2024-02-22T10:29:05","date_gmt":"2024-02-22T09:29:05","guid":{"rendered":"https:\/\/nyforetagarcentrum.se\/vetlanda\/?page_id=48"},"modified":"2024-03-13T09:52:08","modified_gmt":"2024-03-13T08:52:08","slug":"erbjudanden","status":"publish","type":"page","link":"https:\/\/nyforetagarcentrum.se\/vetlanda\/erbjudanden\/","title":{"rendered":"Erbjudanden"},"content":{"rendered":"<section  class=\"nfc-block-hero alignfull\">\n\n    <img loading=\"lazy\" decoding=\"async\" width=\"1512\" height=\"745\" src=\"https:\/\/nyforetagarcentrum.se\/vetlanda\/wp-content\/uploads\/sites\/50\/2024\/02\/Topp-banner-2.png\" class=\"attachment-landscape size-landscape\" alt=\"\" srcset=\"https:\/\/nyforetagarcentrum.se\/vetlanda\/wp-content\/uploads\/sites\/50\/2024\/02\/Topp-banner-2.png 1512w, https:\/\/nyforetagarcentrum.se\/vetlanda\/wp-content\/uploads\/sites\/50\/2024\/02\/Topp-banner-2-300x148.png 300w, https:\/\/nyforetagarcentrum.se\/vetlanda\/wp-content\/uploads\/sites\/50\/2024\/02\/Topp-banner-2-1024x505.png 1024w, https:\/\/nyforetagarcentrum.se\/vetlanda\/wp-content\/uploads\/sites\/50\/2024\/02\/Topp-banner-2-768x378.png 768w\" sizes=\"(max-width: 1512px) 100vw, 1512px\" \/>\n    <div class=\"contained\">\n        <h1 class=\"nfc-block-hero__heading\">V\u00e5ra erbjudande till dig som \u00e4r f\u00f6retagare<\/h1>\n\n            <\/div>\n<\/section>\n\n\n<div style=\"height:50px\" aria-hidden=\"true\" class=\"wp-block-spacer\"><\/div>\n\n\n<section  class=\"nfc-block-breadcrumbs\">\n    <div class=\"wrapper contained\">\n        <ol class=\"breadcrumbs\" itemscope itemtype=\"https:\/\/schema.org\/BreadcrumbList\">\n            <li itemprop=\"itemListElement\" itemscope itemtype=\"https:\/\/schema.org\/ListItem\">\n            \n\n                            <span class=\"current\" itemprop=\"name\">Hem<\/span>\n            \n            <meta itemprop=\"position\" content=\"1\" \/>\n        <\/li>\n    <\/ol>    <\/div>\n<\/section>\n\n\n<h2 class=\"wp-block-heading alignwide has-x-large-font-size\">Ta del av exklusiva erbjudanden<\/h2>\n\n\n<section  class=\"nfc-block-offer_grid alignwide layout-small\">\n    <div class=\"contained\">\n\n        <div class=\"filter-row\">\n            \n                            <button id=\"local-offers-button\">\n                    Lokala partners\n                <\/button>\n                <button id=\"national-offers-button\" class=\"outlined\">\n                    Nationella partners\n                <\/button>\n                    <\/div>\n\n        <div class=\"grid\" id=\"offers-grid\">\n            <div class=\"offer-card\">\n\n    <div class=\"gallery-wrapper\">\n                    <div class=\"selected-media\">\n                                                                <\/div>\n        \n            <\/div>\n\n\n    <div class=\"content-wrapper\">\n        \n        <h3>Placeholder<\/h3>\n\n        \n        <div class=\"content\">\n            <p>Med v\u00e5r kassal\u00f6sning f\u00e5r du allt du beh\u00f6ver f\u00f6r att kunna sk\u00f6ta din f\u00f6rs\u00e4ljning. B\u00e5de mjukvara och h\u00e5rdvara, kassasystem och betalningsalternativ. Den smarta kassan \u00e4r enkel att anpassa och den sk\u00f6ter din bokf\u00f6ring automatiskt. Skulle n\u00e5got g\u00e5 s\u00f6nder kan du andas ut. Allt sparas i molnet.<\/p>\n<p><strong>En kassa anpassad efter dig. Inte tv\u00e4rtom.<\/strong><br \/>\nV\u00e5r kassal\u00f6sning \u00e4r skapad efter alla dina behov. Och n\u00e5gra till. Scanna artiklar med din mobil- eller iPadkamera. Skicka digitala kvitton, skapa egna startsidor och kom \u00e5t systemet var du \u00e4n befinner dig. Anpassa vad personalen har beh\u00f6righet till och l\u00e5t dem enkelt registrera sin tid. Ska vi forts\u00e4tta?<\/p>\n<p><strong>Att ta betalt borde inte kosta<\/strong><br \/>\nKortbetalningar, Swish eller Klarna \u2013 v\u00e5r integrerade l\u00f6sning accepterar alla betalningsalternativ p\u00e5 ett s\u00e4kert s\u00e4tt. Dessutom kan vi erbjuda marknadens l\u00e4gsta transaktionsavgifter genom v\u00e5rt samarbete med Swedbank Pay. M\u00e5nga b\u00e4ckar sm\u00e5!<\/p>\n<p><strong>Ett komplett kassasystem f\u00f6r Nyf\u00f6retagarcentrums kunder<\/strong><\/p>\n<p>Framtidss\u00e4kra din verksamhet genom att ta betalt och hantera din f\u00f6rs\u00e4ljning med ett och samma enkla, molnbaserade kassasystem.<\/p>\n<p>Oavsett vilken typ av business du har s\u00e5 str\u00e4var Yabie alltid efter att ha l\u00f6sningen f\u00f6r just dig.<\/p>\n<p>Komplett kassasystem<br \/>\nFullt integrerade betalningar som f\u00f6renklar f\u00f6rs\u00e4ljningen<br \/>\nEn av marknadens l\u00e4gsta avgifter f\u00f6r kortbetalningar<\/p>\n        <\/div>\n\n            <\/div>\n<\/div>        <\/div>\n    <\/div>\n<\/section>\n\n\n<div style=\"height:80px\" aria-hidden=\"true\" class=\"wp-block-spacer\"><\/div>\n","protected":false},"excerpt":{"rendered":"<p>Ta del av exklusiva erbjudanden<\/p>\n","protected":false},"author":1,"featured_media":0,"parent":0,"menu_order":0,"comment_status":"closed","ping_status":"closed","template":"","meta":{"footnotes":""},"acf":[],"yoast_head":"<!-- This site is optimized with the Yoast SEO plugin v22.9 - https:\/\/yoast.com\/wordpress\/plugins\/seo\/ -->\n<title>Erbjudanden - Vetlanda<\/title>\n<meta name=\"robots\" content=\"index, follow, max-snippet:-1, max-image-preview:large, max-video-preview:-1\" \/>\n<link rel=\"canonical\" href=\"https:\/\/nyforetagarcentrum.se\/vetlanda\/erbjudanden\/\" \/>\n<meta property=\"og:locale\" content=\"sv_SE\" \/>\n<meta property=\"og:type\" content=\"article\" \/>\n<meta property=\"og:title\" content=\"Erbjudanden - Vetlanda\" \/>\n<meta property=\"og:description\" content=\"Ta del av exklusiva erbjudanden\" \/>\n<meta property=\"og:url\" content=\"https:\/\/nyforetagarcentrum.se\/vetlanda\/erbjudanden\/\" \/>\n<meta property=\"og:site_name\" content=\"Vetlanda\" \/>\n<meta property=\"article:modified_time\" content=\"2024-03-13T08:52:08+00:00\" \/>\n<meta name=\"twitter:card\" content=\"summary_large_image\" \/>\n<script type=\"application\/ld+json\" class=\"yoast-schema-graph\">{\"@context\":\"https:\/\/schema.org\",\"@graph\":[{\"@type\":\"WebPage\",\"@id\":\"https:\/\/nyforetagarcentrum.se\/vetlanda\/erbjudanden\/\",\"url\":\"https:\/\/nyforetagarcentrum.se\/vetlanda\/erbjudanden\/\",\"name\":\"Erbjudanden - Vetlanda\",\"isPartOf\":{\"@id\":\"https:\/\/nyforetagarcentrum.se\/vetlanda\/#website\"},\"datePublished\":\"2024-02-22T09:29:05+00:00\",\"dateModified\":\"2024-03-13T08:52:08+00:00\",\"breadcrumb\":{\"@id\":\"https:\/\/nyforetagarcentrum.se\/vetlanda\/erbjudanden\/#breadcrumb\"},\"inLanguage\":\"sv-SE\",\"potentialAction\":[{\"@type\":\"ReadAction\",\"target\":[\"https:\/\/nyforetagarcentrum.se\/vetlanda\/erbjudanden\/\"]}]},{\"@type\":\"BreadcrumbList\",\"@id\":\"https:\/\/nyforetagarcentrum.se\/vetlanda\/erbjudanden\/#breadcrumb\",\"itemListElement\":[{\"@type\":\"ListItem\",\"position\":1,\"name\":\"Hem\",\"item\":\"https:\/\/nyforetagarcentrum.se\/vetlanda\/\"},{\"@type\":\"ListItem\",\"position\":2,\"name\":\"Erbjudanden\"}]},{\"@type\":\"WebSite\",\"@id\":\"https:\/\/nyforetagarcentrum.se\/vetlanda\/#website\",\"url\":\"https:\/\/nyforetagarcentrum.se\/vetlanda\/\",\"name\":\"Vetlanda\",\"description\":\"Sveriges ledande kraft f\u00f6r fler nya livskraftiga f\u00f6retag\",\"publisher\":{\"@id\":\"https:\/\/nyforetagarcentrum.se\/vetlanda\/#organization\"},\"potentialAction\":[{\"@type\":\"SearchAction\",\"target\":{\"@type\":\"EntryPoint\",\"urlTemplate\":\"https:\/\/nyforetagarcentrum.se\/vetlanda\/?s={search_term_string}\"},\"query-input\":\"required name=search_term_string\"}],\"inLanguage\":\"sv-SE\"},{\"@type\":\"Organization\",\"@id\":\"https:\/\/nyforetagarcentrum.se\/vetlanda\/#organization\",\"name\":\"Vetlanda\",\"url\":\"https:\/\/nyforetagarcentrum.se\/vetlanda\/\",\"logo\":{\"@type\":\"ImageObject\",\"inLanguage\":\"sv-SE\",\"@id\":\"https:\/\/nyforetagarcentrum.se\/vetlanda\/#\/schema\/logo\/image\/\",\"url\":\"https:\/\/nyforetagarcentrum.se\/vetlanda\/wp-content\/uploads\/sites\/50\/2024\/04\/vetlanda-1.png\",\"contentUrl\":\"https:\/\/nyforetagarcentrum.se\/vetlanda\/wp-content\/uploads\/sites\/50\/2024\/04\/vetlanda-1.png\",\"width\":1082,\"height\":542,\"caption\":\"Vetlanda\"},\"image\":{\"@id\":\"https:\/\/nyforetagarcentrum.se\/vetlanda\/#\/schema\/logo\/image\/\"}}]}<\/script>\n<!-- \/ Yoast SEO plugin. -->","yoast_head_json":{"title":"Erbjudanden - Vetlanda","robots":{"index":"index","follow":"follow","max-snippet":"max-snippet:-1","max-image-preview":"max-image-preview:large","max-video-preview":"max-video-preview:-1"},"canonical":"https:\/\/nyforetagarcentrum.se\/vetlanda\/erbjudanden\/","og_locale":"sv_SE","og_type":"article","og_title":"Erbjudanden - Vetlanda","og_description":"Ta del av exklusiva erbjudanden","og_url":"https:\/\/nyforetagarcentrum.se\/vetlanda\/erbjudanden\/","og_site_name":"Vetlanda","article_modified_time":"2024-03-13T08:52:08+00:00","twitter_card":"summary_large_image","schema":{"@context":"https:\/\/schema.org","@graph":[{"@type":"WebPage","@id":"https:\/\/nyforetagarcentrum.se\/vetlanda\/erbjudanden\/","url":"https:\/\/nyforetagarcentrum.se\/vetlanda\/erbjudanden\/","name":"Erbjudanden - Vetlanda","isPartOf":{"@id":"https:\/\/nyforetagarcentrum.se\/vetlanda\/#website"},"datePublished":"2024-02-22T09:29:05+00:00","dateModified":"2024-03-13T08:52:08+00:00","breadcrumb":{"@id":"https:\/\/nyforetagarcentrum.se\/vetlanda\/erbjudanden\/#breadcrumb"},"inLanguage":"sv-SE","potentialAction":[{"@type":"ReadAction","target":["https:\/\/nyforetagarcentrum.se\/vetlanda\/erbjudanden\/"]}]},{"@type":"BreadcrumbList","@id":"https:\/\/nyforetagarcentrum.se\/vetlanda\/erbjudanden\/#breadcrumb","itemListElement":[{"@type":"ListItem","position":1,"name":"Hem","item":"https:\/\/nyforetagarcentrum.se\/vetlanda\/"},{"@type":"ListItem","position":2,"name":"Erbjudanden"}]},{"@type":"WebSite","@id":"https:\/\/nyforetagarcentrum.se\/vetlanda\/#website","url":"https:\/\/nyforetagarcentrum.se\/vetlanda\/","name":"Vetlanda","description":"Sveriges ledande kraft f\u00f6r fler nya livskraftiga f\u00f6retag","publisher":{"@id":"https:\/\/nyforetagarcentrum.se\/vetlanda\/#organization"},"potentialAction":[{"@type":"SearchAction","target":{"@type":"EntryPoint","urlTemplate":"https:\/\/nyforetagarcentrum.se\/vetlanda\/?s={search_term_string}"},"query-input":"required name=search_term_string"}],"inLanguage":"sv-SE"},{"@type":"Organization","@id":"https:\/\/nyforetagarcentrum.se\/vetlanda\/#organization","name":"Vetlanda","url":"https:\/\/nyforetagarcentrum.se\/vetlanda\/","logo":{"@type":"ImageObject","inLanguage":"sv-SE","@id":"https:\/\/nyforetagarcentrum.se\/vetlanda\/#\/schema\/logo\/image\/","url":"https:\/\/nyforetagarcentrum.se\/vetlanda\/wp-content\/uploads\/sites\/50\/2024\/04\/vetlanda-1.png","contentUrl":"https:\/\/nyforetagarcentrum.se\/vetlanda\/wp-content\/uploads\/sites\/50\/2024\/04\/vetlanda-1.png","width":1082,"height":542,"caption":"Vetlanda"},"image":{"@id":"https:\/\/nyforetagarcentrum.se\/vetlanda\/#\/schema\/logo\/image\/"}}]}},"_links":{"self":[{"href":"https:\/\/nyforetagarcentrum.se\/vetlanda\/wp-json\/wp\/v2\/pages\/48"}],"collection":[{"href":"https:\/\/nyforetagarcentrum.se\/vetlanda\/wp-json\/wp\/v2\/pages"}],"about":[{"href":"https:\/\/nyforetagarcentrum.se\/vetlanda\/wp-json\/wp\/v2\/types\/page"}],"author":[{"embeddable":true,"href":"https:\/\/nyforetagarcentrum.se\/vetlanda\/wp-json\/wp\/v2\/users\/1"}],"replies":[{"embeddable":true,"href":"https:\/\/nyforetagarcentrum.se\/vetlanda\/wp-json\/wp\/v2\/comments?post=48"}],"version-history":[{"count":8,"href":"https:\/\/nyforetagarcentrum.se\/vetlanda\/wp-json\/wp\/v2\/pages\/48\/revisions"}],"predecessor-version":[{"id":330,"href":"https:\/\/nyforetagarcentrum.se\/vetlanda\/wp-json\/wp\/v2\/pages\/48\/revisions\/330"}],"wp:attachment":[{"href":"https:\/\/nyforetagarcentrum.se\/vetlanda\/wp-json\/wp\/v2\/media?parent=48"}],"curies":[{"name":"wp","href":"https:\/\/api.w.org\/{rel}","templated":true}]}}