{"id":161,"date":"2024-02-27T16:04:37","date_gmt":"2024-02-27T15:04:37","guid":{"rendered":"https:\/\/nyforetagarcentrum.se\/vetlanda\/?page_id=161"},"modified":"2024-04-26T14:00:54","modified_gmt":"2024-04-26T12:00:54","slug":"om-oss","status":"publish","type":"page","link":"https:\/\/nyforetagarcentrum.se\/vetlanda\/om-oss\/","title":{"rendered":"Om oss"},"content":{"rendered":"<section  class=\"nfc-block-hero alignfull\">\n\n    <img loading=\"lazy\" decoding=\"async\" width=\"714\" height=\"622\" src=\"https:\/\/nyforetagarcentrum.se\/vetlanda\/wp-content\/uploads\/sites\/50\/2024\/02\/ySLeov8m_8.png\" class=\"attachment-landscape size-landscape\" alt=\"\" srcset=\"https:\/\/nyforetagarcentrum.se\/vetlanda\/wp-content\/uploads\/sites\/50\/2024\/02\/ySLeov8m_8.png 714w, https:\/\/nyforetagarcentrum.se\/vetlanda\/wp-content\/uploads\/sites\/50\/2024\/02\/ySLeov8m_8-300x261.png 300w\" sizes=\"(max-width: 714px) 100vw, 714px\" \/>\n    <div class=\"contained\">\n        <h1 class=\"nfc-block-hero__heading\">Om oss<\/h1>\n\n            <\/div>\n<\/section>\n\n\n<div style=\"height:50px\" aria-hidden=\"true\" class=\"wp-block-spacer\"><\/div>\n\n\n<section  class=\"nfc-block-breadcrumbs\">\n    <div class=\"wrapper contained\">\n        <ol class=\"breadcrumbs\" itemscope itemtype=\"https:\/\/schema.org\/BreadcrumbList\">\n            <li itemprop=\"itemListElement\" itemscope itemtype=\"https:\/\/schema.org\/ListItem\">\n            \n\n                            <span class=\"current\" itemprop=\"name\">Hem<\/span>\n            \n            <meta itemprop=\"position\" content=\"1\" \/>\n        <\/li>\n    <\/ol>    <\/div>\n<\/section>\n\n\n<div style=\"height:51px\" aria-hidden=\"true\" class=\"wp-block-spacer\"><\/div>\n\n\n<section  class=\"nfc-block-split_screen alignwide image_alignment-left\">\n    <div class=\"wrapper\">\n        <div class=\"nfc-block-split_screen__image-wrapper\">\n            <img loading=\"lazy\" decoding=\"async\" width=\"1469\" height=\"981\" src=\"https:\/\/nyforetagarcentrum.se\/vetlanda\/wp-content\/uploads\/sites\/50\/2024\/02\/4083b98ac6a43f162142a286decbc08f.png\" class=\"attachment-landscape size-landscape\" alt=\"\" srcset=\"https:\/\/nyforetagarcentrum.se\/vetlanda\/wp-content\/uploads\/sites\/50\/2024\/02\/4083b98ac6a43f162142a286decbc08f.png 1469w, https:\/\/nyforetagarcentrum.se\/vetlanda\/wp-content\/uploads\/sites\/50\/2024\/02\/4083b98ac6a43f162142a286decbc08f-300x200.png 300w, https:\/\/nyforetagarcentrum.se\/vetlanda\/wp-content\/uploads\/sites\/50\/2024\/02\/4083b98ac6a43f162142a286decbc08f-1024x684.png 1024w, https:\/\/nyforetagarcentrum.se\/vetlanda\/wp-content\/uploads\/sites\/50\/2024\/02\/4083b98ac6a43f162142a286decbc08f-768x513.png 768w\" sizes=\"(max-width: 1469px) 100vw, 1469px\" \/>        <\/div>\n\n        <div class=\"nfc-block-split_screen__content-wrapper\">\n            <h2>Om oss<\/h2>\n<p>Nyf\u00f6retagarCentrum ger dig som funderar p\u00e5 att starta eget f\u00f6retag \u2013 eller<br \/>\nredan har startat \u2013 kostnadsfri r\u00e5dgivning. Vi har erfarna r\u00e5dgivare som hj\u00e4lper dig med din aff\u00e4rsid\u00e9, fr\u00e5gor kring budget, marknadsf\u00f6ring eller vad du vill som r\u00f6r ditt f\u00f6retagande.<\/p>\n<p>N\u00e4r du har varit p\u00e5 r\u00e5dgivning hos oss kommer du att vara v\u00e4l f\u00f6rberedd f\u00f6r<br \/>\nlivet som egenf\u00f6retagare. Det enda vi kr\u00e4ver av dig \u00e4r ditt engagemang och att du tror p\u00e5 din id\u00e9.<\/p>\n<p>R\u00e5dgivningen \u00e4r helt kostnadsfri tack vare v\u00e5rt n\u00e4tverk av samarbetspartners som st\u00f6der oss, b\u00e5de med finansiella medel och med personlig expertis och engagemang.<\/p>\n<p><a href=\"https:\/\/nyforetagarcentrum.se\/vetlanda\/kontakt\/\">Har du en f\u00f6retagsid\u00e9 \u2013 h\u00f6r av dig till oss redan idag!<\/a><\/p>\n<p>Vetlanda Nyf\u00f6retagarcentrum fr\u00e4mjar tillkomsten och utvecklingen av nya f\u00f6retag och dess \u00f6verlevnad. Vi ger dig kostnadsfri, konfidentiell r\u00e5dgivning och har tillg\u00e5ng till ett v\u00e4l utvecklat n\u00e4tverk av kunniga och erfarna r\u00e5dgivare.<\/p>\n<p>Du kan f\u00e5 hj\u00e4lp att:<br \/>\n\u2013 Utveckla din aff\u00e4rsid\u00e9<br \/>\n\u2013 Diskutera marknadsplan, marknadsanalys, marknadsf\u00f6ring och kundpolicy<br \/>\n\u2013 G\u00f6ra en ekonomisk analys<br \/>\n\u2013 G\u00e5 igenom juridiska regler och bolagsform<\/p>\n<p>Om Vetlanda Nyf\u00f6retagarCentrum<br \/>\n\u2013 Har kontaktv\u00e4gar direkt till kunniga f\u00f6retr\u00e4dare f\u00f6r n\u00e4ringslivet, kommunen, L\u00e4nsstyrelsen, Region J\u00f6nk\u00f6pings l\u00e4n, ALMI F\u00f6retagspartner, Arbetsf\u00f6rmedling, banker, Science Park-systemet med fler organisationer.<br \/>\n\u2013 \u00c4r ett centrum f\u00f6r information och kontaktskapande f\u00f6r att utveckla just din id\u00e9.<\/p>\n<p>Runt Nyf\u00f6retagarCentrum har vi v\u00e4rdeskapande projekt som verkar f\u00f6r en<br \/>\npositiv utveckling av f\u00f6retag.<\/p>\n\n                            <div class=\"nfc-block-split_screen__buttons\">\n                                            <a href=\"vara-samarbetspartners\/\" class=\"button outlined\">V\u00e5ra samarbetspartners<\/a>\n                                    <\/div>\n            \n        <\/div>\n    <\/div>\n<\/section>\n\n\n<div style=\"height:50px\" aria-hidden=\"true\" class=\"wp-block-spacer\"><\/div>\n\n\n\n<div class=\"wp-block-group alignfull has-white-background-color has-background is-layout-constrained wp-block-group-is-layout-constrained\">\n<div style=\"height:51px\" aria-hidden=\"true\" class=\"wp-block-spacer\"><\/div>\n\n\n<section  class=\"nfc-block-quote contained alignfull\">\n    <div class=\"wrapper contained\">\n        <p class=\"quote h2\">Skriv ett bra sitat om era resultat under \u00e5ret eller n\u00e5gon typ av statistik som du vill presentera.<\/p>\n        <div class=\"author\">\n            <div class=\"avatar\">\n                <img loading=\"lazy\" decoding=\"async\" width=\"150\" height=\"150\" src=\"https:\/\/nyforetagarcentrum.se\/vetlanda\/wp-content\/uploads\/sites\/50\/2024\/02\/cropped-NFC_CMYK_2010_logo-150x150.png\" class=\"attachment-thumbnail size-thumbnail\" alt=\"\" srcset=\"https:\/\/nyforetagarcentrum.se\/vetlanda\/wp-content\/uploads\/sites\/50\/2024\/02\/cropped-NFC_CMYK_2010_logo-150x150.png 150w, https:\/\/nyforetagarcentrum.se\/vetlanda\/wp-content\/uploads\/sites\/50\/2024\/02\/cropped-NFC_CMYK_2010_logo-300x300.png 300w, https:\/\/nyforetagarcentrum.se\/vetlanda\/wp-content\/uploads\/sites\/50\/2024\/02\/cropped-NFC_CMYK_2010_logo.png 512w\" sizes=\"(max-width: 150px) 100vw, 150px\" \/>            <\/div>\n            <div class=\"text\">\n                <p class=\"name\">Johanna Friman<\/p>\n                <p class=\"subtitle\">Vetlanda<\/p>\n            <\/div>\n        <\/div>\n    <\/div>\n<\/section>\n\n\n<div style=\"height:51px\" aria-hidden=\"true\" class=\"wp-block-spacer\"><\/div>\n\n\n\n<div class=\"wp-block-columns alignwide is-layout-flex wp-container-core-columns-is-layout-1 wp-block-columns-is-layout-flex\">\n<div class=\"wp-block-column is-layout-flow wp-block-column-is-layout-flow\">\n<p class=\"no-margin\" style=\"font-size:100px;font-style:normal;font-weight:700\">57%<\/p>\n\n\n\n<p class=\"has-text-color has-link-color wp-elements-dbb9d6a20bfc1440459cdff053fd55cc\" style=\"color:#4d4d4d\">Av de f\u00f6retag vi hj\u00e4lper s\u00e5 \u00e4r runt 57% kvar om 3 \u00e5r<\/p>\n<\/div>\n\n\n\n<div class=\"wp-block-column is-layout-flow wp-block-column-is-layout-flow\">\n<p class=\"no-margin\" style=\"font-size:100px;font-style:normal;font-weight:700\">203<\/p>\n\n\n\n<p class=\"has-text-color has-link-color wp-elements-70d5967c868720aaaabb2d9473259407\" style=\"color:#4d4d4d\">F\u00f6rra \u00e5ret hj\u00e4lpte vi 203 st nyf\u00f6retagare med personlig r\u00e5dgivning<\/p>\n<\/div>\n\n\n\n<div class=\"wp-block-column is-layout-flow wp-block-column-is-layout-flow\">\n<p class=\"no-margin\" style=\"font-size:100px;font-style:normal;font-weight:700\">17 053<\/p>\n\n\n\n<p class=\"has-text-color has-link-color wp-elements-70d5967c868720aaaabb2d9473259407\" style=\"color:#4d4d4d\">F\u00f6rra \u00e5ret hj\u00e4lpte vi 203 st nyf\u00f6retagare med personlig r\u00e5dgivning<\/p>\n<\/div>\n<\/div>\n\n\n\n<div style=\"height:51px\" aria-hidden=\"true\" class=\"wp-block-spacer\"><\/div>\n\n\n\n<div class=\"wp-block-buttons alignwide is-layout-flex wp-block-buttons-is-layout-flex\">\n<div class=\"wp-block-button is-style-outline\"><a class=\"wp-block-button__link wp-element-button\">V\u00e5ra resultat<\/a><\/div>\n<\/div>\n\n\n\n<div style=\"height:51px\" aria-hidden=\"true\" class=\"wp-block-spacer\"><\/div>\n<\/div>\n\n\n\n<div style=\"height:50px\" aria-hidden=\"true\" class=\"wp-block-spacer\"><\/div>\n\n\n\n<h2 class=\"wp-block-heading has-text-align-center\">\u00c4r ditt f\u00f6retag eller organisation intresserad av att st\u00f6da Nyf\u00f6retagarCentrum Vetlandas arbete?<\/h2>\n\n\n\n<div class=\"wp-block-group alignfull is-layout-constrained wp-block-group-is-layout-constrained\"><section  class=\"nfc-block-form aligncontent layout-small\">\n    <div class=\"contained\">\n\n        <form data-nfc-form=\"block_84f086999862d30ded06df3d68353f27\" data-nfc-page=\"161\">\n            <label class=\"input-wrapper\" for=\"namn\">\n    <span>Namn<\/span>\n    <input type=\"text\" name=\"namn\" id=\"namn\" placeholder=\"\" >\n<\/label><label class=\"input-wrapper\" for=\"foretag-eller-organisation\">\n    <span>F\u00f6retag eller organisation<\/span>\n    <input type=\"text\" name=\"foretag-eller-organisation\" id=\"foretag-eller-organisation\" placeholder=\"\" >\n<\/label><label class=\"input-wrapper\" for=\"e-post\">\n    <span>E-post<\/span>\n    <input type=\"text\" name=\"e-post\" id=\"e-post\" placeholder=\"\" >\n<\/label>\n            <div class=\"input-wrapper\">\n                <button type=\"submit\" class=\"button\">Skicka<\/button>\n            <\/div>\n        <\/form>\n    <\/div>\n<\/section><\/div>\n\n\n\n<div style=\"height:100px\" aria-hidden=\"true\" class=\"wp-block-spacer\"><\/div>\n","protected":false},"excerpt":{"rendered":"<p>57% Av de f\u00f6retag vi hj\u00e4lper s\u00e5 \u00e4r runt 57% kvar om 3 \u00e5r 203 F\u00f6rra \u00e5ret hj\u00e4lpte vi 203 st nyf\u00f6retagare med personlig r\u00e5dgivning 17 053 F\u00f6rra \u00e5ret hj\u00e4lpte vi 203 st nyf\u00f6retagare med personlig r\u00e5dgivning \u00c4r ditt f\u00f6retag eller organisation intresserad av att st\u00f6da Nyf\u00f6retagarCentrum Vetlandas arbete?<\/p>\n","protected":false},"author":1,"featured_media":0,"parent":0,"menu_order":0,"comment_status":"closed","ping_status":"closed","template":"","meta":{"footnotes":""},"acf":[],"yoast_head":"<!-- This site is optimized with the Yoast SEO plugin v22.9 - https:\/\/yoast.com\/wordpress\/plugins\/seo\/ -->\n<title>Om oss - Vetlanda<\/title>\n<meta name=\"robots\" content=\"index, follow, max-snippet:-1, max-image-preview:large, max-video-preview:-1\" \/>\n<link rel=\"canonical\" href=\"https:\/\/nyforetagarcentrum.se\/vetlanda\/om-oss\/\" \/>\n<meta property=\"og:locale\" content=\"sv_SE\" \/>\n<meta property=\"og:type\" content=\"article\" \/>\n<meta property=\"og:title\" content=\"Om oss - Vetlanda\" \/>\n<meta property=\"og:description\" content=\"57% Av de f\u00f6retag vi hj\u00e4lper s\u00e5 \u00e4r runt 57% kvar om 3 \u00e5r 203 F\u00f6rra \u00e5ret hj\u00e4lpte vi 203 st nyf\u00f6retagare med personlig r\u00e5dgivning 17 053 F\u00f6rra \u00e5ret hj\u00e4lpte vi 203 st nyf\u00f6retagare med personlig r\u00e5dgivning \u00c4r ditt f\u00f6retag eller organisation intresserad av att st\u00f6da Nyf\u00f6retagarCentrum Vetlandas arbete?\" \/>\n<meta property=\"og:url\" content=\"https:\/\/nyforetagarcentrum.se\/vetlanda\/om-oss\/\" \/>\n<meta property=\"og:site_name\" content=\"Vetlanda\" \/>\n<meta property=\"article:modified_time\" content=\"2024-04-26T12:00:54+00:00\" \/>\n<meta name=\"twitter:card\" content=\"summary_large_image\" \/>\n<script type=\"application\/ld+json\" class=\"yoast-schema-graph\">{\"@context\":\"https:\/\/schema.org\",\"@graph\":[{\"@type\":\"WebPage\",\"@id\":\"https:\/\/nyforetagarcentrum.se\/vetlanda\/om-oss\/\",\"url\":\"https:\/\/nyforetagarcentrum.se\/vetlanda\/om-oss\/\",\"name\":\"Om oss - Vetlanda\",\"isPartOf\":{\"@id\":\"https:\/\/nyforetagarcentrum.se\/vetlanda\/#website\"},\"datePublished\":\"2024-02-27T15:04:37+00:00\",\"dateModified\":\"2024-04-26T12:00:54+00:00\",\"breadcrumb\":{\"@id\":\"https:\/\/nyforetagarcentrum.se\/vetlanda\/om-oss\/#breadcrumb\"},\"inLanguage\":\"sv-SE\",\"potentialAction\":[{\"@type\":\"ReadAction\",\"target\":[\"https:\/\/nyforetagarcentrum.se\/vetlanda\/om-oss\/\"]}]},{\"@type\":\"BreadcrumbList\",\"@id\":\"https:\/\/nyforetagarcentrum.se\/vetlanda\/om-oss\/#breadcrumb\",\"itemListElement\":[{\"@type\":\"ListItem\",\"position\":1,\"name\":\"Hem\",\"item\":\"https:\/\/nyforetagarcentrum.se\/vetlanda\/\"},{\"@type\":\"ListItem\",\"position\":2,\"name\":\"Om oss\"}]},{\"@type\":\"WebSite\",\"@id\":\"https:\/\/nyforetagarcentrum.se\/vetlanda\/#website\",\"url\":\"https:\/\/nyforetagarcentrum.se\/vetlanda\/\",\"name\":\"Vetlanda\",\"description\":\"Sveriges ledande kraft f\u00f6r fler nya livskraftiga f\u00f6retag\",\"publisher\":{\"@id\":\"https:\/\/nyforetagarcentrum.se\/vetlanda\/#organization\"},\"potentialAction\":[{\"@type\":\"SearchAction\",\"target\":{\"@type\":\"EntryPoint\",\"urlTemplate\":\"https:\/\/nyforetagarcentrum.se\/vetlanda\/?s={search_term_string}\"},\"query-input\":\"required name=search_term_string\"}],\"inLanguage\":\"sv-SE\"},{\"@type\":\"Organization\",\"@id\":\"https:\/\/nyforetagarcentrum.se\/vetlanda\/#organization\",\"name\":\"Vetlanda\",\"url\":\"https:\/\/nyforetagarcentrum.se\/vetlanda\/\",\"logo\":{\"@type\":\"ImageObject\",\"inLanguage\":\"sv-SE\",\"@id\":\"https:\/\/nyforetagarcentrum.se\/vetlanda\/#\/schema\/logo\/image\/\",\"url\":\"https:\/\/nyforetagarcentrum.se\/vetlanda\/wp-content\/uploads\/sites\/50\/2024\/04\/vetlanda-1.png\",\"contentUrl\":\"https:\/\/nyforetagarcentrum.se\/vetlanda\/wp-content\/uploads\/sites\/50\/2024\/04\/vetlanda-1.png\",\"width\":1082,\"height\":542,\"caption\":\"Vetlanda\"},\"image\":{\"@id\":\"https:\/\/nyforetagarcentrum.se\/vetlanda\/#\/schema\/logo\/image\/\"}}]}<\/script>\n<!-- \/ Yoast SEO plugin. -->","yoast_head_json":{"title":"Om oss - Vetlanda","robots":{"index":"index","follow":"follow","max-snippet":"max-snippet:-1","max-image-preview":"max-image-preview:large","max-video-preview":"max-video-preview:-1"},"canonical":"https:\/\/nyforetagarcentrum.se\/vetlanda\/om-oss\/","og_locale":"sv_SE","og_type":"article","og_title":"Om oss - Vetlanda","og_description":"57% Av de f\u00f6retag vi hj\u00e4lper s\u00e5 \u00e4r runt 57% kvar om 3 \u00e5r 203 F\u00f6rra \u00e5ret hj\u00e4lpte vi 203 st nyf\u00f6retagare med personlig r\u00e5dgivning 17 053 F\u00f6rra \u00e5ret hj\u00e4lpte vi 203 st nyf\u00f6retagare med personlig r\u00e5dgivning \u00c4r ditt f\u00f6retag eller organisation intresserad av att st\u00f6da Nyf\u00f6retagarCentrum Vetlandas arbete?","og_url":"https:\/\/nyforetagarcentrum.se\/vetlanda\/om-oss\/","og_site_name":"Vetlanda","article_modified_time":"2024-04-26T12:00:54+00:00","twitter_card":"summary_large_image","schema":{"@context":"https:\/\/schema.org","@graph":[{"@type":"WebPage","@id":"https:\/\/nyforetagarcentrum.se\/vetlanda\/om-oss\/","url":"https:\/\/nyforetagarcentrum.se\/vetlanda\/om-oss\/","name":"Om oss - Vetlanda","isPartOf":{"@id":"https:\/\/nyforetagarcentrum.se\/vetlanda\/#website"},"datePublished":"2024-02-27T15:04:37+00:00","dateModified":"2024-04-26T12:00:54+00:00","breadcrumb":{"@id":"https:\/\/nyforetagarcentrum.se\/vetlanda\/om-oss\/#breadcrumb"},"inLanguage":"sv-SE","potentialAction":[{"@type":"ReadAction","target":["https:\/\/nyforetagarcentrum.se\/vetlanda\/om-oss\/"]}]},{"@type":"BreadcrumbList","@id":"https:\/\/nyforetagarcentrum.se\/vetlanda\/om-oss\/#breadcrumb","itemListElement":[{"@type":"ListItem","position":1,"name":"Hem","item":"https:\/\/nyforetagarcentrum.se\/vetlanda\/"},{"@type":"ListItem","position":2,"name":"Om oss"}]},{"@type":"WebSite","@id":"https:\/\/nyforetagarcentrum.se\/vetlanda\/#website","url":"https:\/\/nyforetagarcentrum.se\/vetlanda\/","name":"Vetlanda","description":"Sveriges ledande kraft f\u00f6r fler nya livskraftiga f\u00f6retag","publisher":{"@id":"https:\/\/nyforetagarcentrum.se\/vetlanda\/#organization"},"potentialAction":[{"@type":"SearchAction","target":{"@type":"EntryPoint","urlTemplate":"https:\/\/nyforetagarcentrum.se\/vetlanda\/?s={search_term_string}"},"query-input":"required name=search_term_string"}],"inLanguage":"sv-SE"},{"@type":"Organization","@id":"https:\/\/nyforetagarcentrum.se\/vetlanda\/#organization","name":"Vetlanda","url":"https:\/\/nyforetagarcentrum.se\/vetlanda\/","logo":{"@type":"ImageObject","inLanguage":"sv-SE","@id":"https:\/\/nyforetagarcentrum.se\/vetlanda\/#\/schema\/logo\/image\/","url":"https:\/\/nyforetagarcentrum.se\/vetlanda\/wp-content\/uploads\/sites\/50\/2024\/04\/vetlanda-1.png","contentUrl":"https:\/\/nyforetagarcentrum.se\/vetlanda\/wp-content\/uploads\/sites\/50\/2024\/04\/vetlanda-1.png","width":1082,"height":542,"caption":"Vetlanda"},"image":{"@id":"https:\/\/nyforetagarcentrum.se\/vetlanda\/#\/schema\/logo\/image\/"}}]}},"_links":{"self":[{"href":"https:\/\/nyforetagarcentrum.se\/vetlanda\/wp-json\/wp\/v2\/pages\/161"}],"collection":[{"href":"https:\/\/nyforetagarcentrum.se\/vetlanda\/wp-json\/wp\/v2\/pages"}],"about":[{"href":"https:\/\/nyforetagarcentrum.se\/vetlanda\/wp-json\/wp\/v2\/types\/page"}],"author":[{"embeddable":true,"href":"https:\/\/nyforetagarcentrum.se\/vetlanda\/wp-json\/wp\/v2\/users\/1"}],"replies":[{"embeddable":true,"href":"https:\/\/nyforetagarcentrum.se\/vetlanda\/wp-json\/wp\/v2\/comments?post=161"}],"version-history":[{"count":16,"href":"https:\/\/nyforetagarcentrum.se\/vetlanda\/wp-json\/wp\/v2\/pages\/161\/revisions"}],"predecessor-version":[{"id":520,"href":"https:\/\/nyforetagarcentrum.se\/vetlanda\/wp-json\/wp\/v2\/pages\/161\/revisions\/520"}],"wp:attachment":[{"href":"https:\/\/nyforetagarcentrum.se\/vetlanda\/wp-json\/wp\/v2\/media?parent=161"}],"curies":[{"name":"wp","href":"https:\/\/api.w.org\/{rel}","templated":true}]}}