{"id":239,"date":"2024-02-29T13:59:39","date_gmt":"2024-02-29T12:59:39","guid":{"rendered":"https:\/\/nyforetagarcentrum.se\/katrineholm\/?page_id=239"},"modified":"2025-04-03T15:56:09","modified_gmt":"2025-04-03T13:56:09","slug":"vara-radgivare","status":"publish","type":"page","link":"https:\/\/nyforetagarcentrum.se\/vastrasormland\/vara-radgivare\/","title":{"rendered":"V\u00e5ra r\u00e5dgivare"},"content":{"rendered":"<section  class=\"nfc-block-hero alignfull\">\n\n    <img loading=\"lazy\" decoding=\"async\" width=\"1476\" height=\"984\" src=\"https:\/\/nyforetagarcentrum.se\/vastrasormland\/wp-content\/uploads\/sites\/65\/2024\/02\/Nyforetagare-ung-LOW.jpg\" class=\"attachment-landscape size-landscape\" alt=\"\" srcset=\"https:\/\/nyforetagarcentrum.se\/vastrasormland\/wp-content\/uploads\/sites\/65\/2024\/02\/Nyforetagare-ung-LOW.jpg 1476w, https:\/\/nyforetagarcentrum.se\/vastrasormland\/wp-content\/uploads\/sites\/65\/2024\/02\/Nyforetagare-ung-LOW-300x200.jpg 300w, https:\/\/nyforetagarcentrum.se\/vastrasormland\/wp-content\/uploads\/sites\/65\/2024\/02\/Nyforetagare-ung-LOW-1024x683.jpg 1024w, https:\/\/nyforetagarcentrum.se\/vastrasormland\/wp-content\/uploads\/sites\/65\/2024\/02\/Nyforetagare-ung-LOW-768x512.jpg 768w\" sizes=\"(max-width: 1476px) 100vw, 1476px\" \/>\n    <div class=\"contained\">\n        <h1 class=\"nfc-block-hero__heading\">V\u00e5ra r\u00e5dgivare<\/h1>\n\n            <\/div>\n<\/section>\n\n\n<div style=\"height:49px\" aria-hidden=\"true\" class=\"wp-block-spacer\"><\/div>\n\n\n<section  class=\"nfc-block-breadcrumbs\">\n    <div class=\"wrapper contained\">\n        <ol class=\"breadcrumbs\" itemscope itemtype=\"https:\/\/schema.org\/BreadcrumbList\">\n            <li itemprop=\"itemListElement\" itemscope itemtype=\"https:\/\/schema.org\/ListItem\">\n            \n\n                            <span class=\"current\" itemprop=\"name\">Hem<\/span>\n            \n            <meta itemprop=\"position\" content=\"1\" \/>\n        <\/li>\n    <\/ol>    <\/div>\n<\/section>\n\n\n<div style=\"height:100px\" aria-hidden=\"true\" class=\"wp-block-spacer\"><\/div>\n\n\n<section  class=\"nfc-block-person_grid alignwide layout-featured\">\n    <div class=\"contained\">\n        <div class=\"grid\">\n            <div class=\"person-featured-card\">\n    \n    <div class=\"featured_image\">\n                    <img loading=\"lazy\" decoding=\"async\" width=\"768\" height=\"1024\" src=\"https:\/\/nyforetagarcentrum.se\/vastrasormland\/wp-content\/uploads\/sites\/65\/2024\/10\/image001-768x1024.jpg\" class=\"attachment-large size-large\" alt=\"\" srcset=\"https:\/\/nyforetagarcentrum.se\/vastrasormland\/wp-content\/uploads\/sites\/65\/2024\/10\/image001-768x1024.jpg 768w, https:\/\/nyforetagarcentrum.se\/vastrasormland\/wp-content\/uploads\/sites\/65\/2024\/10\/image001-225x300.jpg 225w, https:\/\/nyforetagarcentrum.se\/vastrasormland\/wp-content\/uploads\/sites\/65\/2024\/10\/image001-1152x1536.jpg 1152w, https:\/\/nyforetagarcentrum.se\/vastrasormland\/wp-content\/uploads\/sites\/65\/2024\/10\/image001-810x1080.jpg 810w, https:\/\/nyforetagarcentrum.se\/vastrasormland\/wp-content\/uploads\/sites\/65\/2024\/10\/image001.jpg 1500w\" sizes=\"(max-width: 768px) 100vw, 768px\" \/>            <\/div>\n\n    <div class=\"content-wrapper\">\n        <h3>Erica B\u00f6rjesson<\/h3>\n\n        \n                    <div class=\"excerpt\">\n                Verksamhetsledare<br \/>\r\nDiplomerad r\u00e5dgivare<br \/>\r\nErica B\u00f6rjesson,<br \/>\r\nMail: erica.borjesson@nyforetagarcentrum.se                <br\/>\n                            <\/div>\n        \n                    <a href=\"https:\/\/jobsdata-nyforetagarcentrum.se\/ExternBooking?OfficeId=3f398f8a-4096-e811-80d7-0050568571f4&#038;_gl=1*10rwmle*_ga*MTEwMzcxNDIwNC4xNzQxNjk1OTY4*_ga_9RRJJK0Y4R*MTc0MzY4MDA3MS4xNy4xLjE3NDM2ODgzNzEuNDkuMC4w\" class=\"booking-button button outlined\">Boka r\u00e5dgivning<\/a>\n            <\/div>\n<\/div><div class=\"person-featured-card\">\n    \n    <div class=\"featured_image\">\n                    <img loading=\"lazy\" decoding=\"async\" width=\"819\" height=\"1024\" src=\"https:\/\/nyforetagarcentrum.se\/vastrasormland\/wp-content\/uploads\/sites\/65\/2024\/05\/patrik-819x1024.jpg\" class=\"attachment-large size-large\" alt=\"\" srcset=\"https:\/\/nyforetagarcentrum.se\/vastrasormland\/wp-content\/uploads\/sites\/65\/2024\/05\/patrik-819x1024.jpg 819w, https:\/\/nyforetagarcentrum.se\/vastrasormland\/wp-content\/uploads\/sites\/65\/2024\/05\/patrik-240x300.jpg 240w, https:\/\/nyforetagarcentrum.se\/vastrasormland\/wp-content\/uploads\/sites\/65\/2024\/05\/patrik-768x960.jpg 768w, https:\/\/nyforetagarcentrum.se\/vastrasormland\/wp-content\/uploads\/sites\/65\/2024\/05\/patrik-864x1080.jpg 864w, https:\/\/nyforetagarcentrum.se\/vastrasormland\/wp-content\/uploads\/sites\/65\/2024\/05\/patrik.jpg 1000w\" sizes=\"(max-width: 819px) 100vw, 819px\" \/>            <\/div>\n\n    <div class=\"content-wrapper\">\n        <h3>Patrik Holm<\/h3>\n\n        \n                    <div class=\"excerpt\">\n                Diplomerad r\u00e5dgivare<br \/>\r\nPatrik Holm<br \/>\r\nMail: patrik.holm@nyforetagarcentrum.se                <br\/>\n                            <\/div>\n        \n                    <a href=\"https:\/\/jobsdata-nyforetagarcentrum.se\/ExternBooking?OfficeId=3f398f8a-4096-e811-80d7-0050568571f4&#038;_gl=1*10rwmle*_ga*MTEwMzcxNDIwNC4xNzQxNjk1OTY4*_ga_9RRJJK0Y4R*MTc0MzY4MDA3MS4xNy4xLjE3NDM2ODgzNzEuNDkuMC4w\" class=\"booking-button button outlined\">Boka r\u00e5dgivning<\/a>\n            <\/div>\n<\/div><div class=\"person-featured-card\">\n    \n    <div class=\"featured_image\">\n                    <img loading=\"lazy\" decoding=\"async\" width=\"768\" height=\"1024\" src=\"https:\/\/nyforetagarcentrum.se\/vastrasormland\/wp-content\/uploads\/sites\/65\/2024\/02\/tempImagewXu4uM-768x1024.jpg\" class=\"attachment-large size-large\" alt=\"\" srcset=\"https:\/\/nyforetagarcentrum.se\/vastrasormland\/wp-content\/uploads\/sites\/65\/2024\/02\/tempImagewXu4uM-768x1024.jpg 768w, https:\/\/nyforetagarcentrum.se\/vastrasormland\/wp-content\/uploads\/sites\/65\/2024\/02\/tempImagewXu4uM-225x300.jpg 225w, https:\/\/nyforetagarcentrum.se\/vastrasormland\/wp-content\/uploads\/sites\/65\/2024\/02\/tempImagewXu4uM-1152x1536.jpg 1152w, https:\/\/nyforetagarcentrum.se\/vastrasormland\/wp-content\/uploads\/sites\/65\/2024\/02\/tempImagewXu4uM-1536x2048.jpg 1536w, https:\/\/nyforetagarcentrum.se\/vastrasormland\/wp-content\/uploads\/sites\/65\/2024\/02\/tempImagewXu4uM-810x1080.jpg 810w, https:\/\/nyforetagarcentrum.se\/vastrasormland\/wp-content\/uploads\/sites\/65\/2024\/02\/tempImagewXu4uM-scaled.jpg 1920w\" sizes=\"(max-width: 768px) 100vw, 768px\" \/>            <\/div>\n\n    <div class=\"content-wrapper\">\n        <h3>Ahmed Gaal<\/h3>\n\n                    <div class=\"tags\">\n                Inriktning:\n                                    <span class=\"tag small\">Marknad<\/span>\n                                    <span class=\"tag small\">Redovisning<\/span>\n                            <\/div>\n        \n                    <div class=\"excerpt\">\n                Ahmed har en gedigen bakgrund via arbete p\u00e5 integrationsenheten i Ving\u00e5ker och som r\u00e5dgivare inom \u201drusta och matcha\u201d i Katrineholm.<br \/>\r\n<br \/>\r\nDiplomerad r\u00e5dgivare<br \/>\r\nAhmed Gaal, <br \/>\r\nMail: ahmed.gaal@nyforetagarcentrum.se<br \/>\r\n<br \/>\r\n                <br\/>\n                            <\/div>\n        \n                    <a href=\"https:\/\/jobsdata-nyforetagarcentrum.se\/ExternBooking?OfficeId=3f398f8a-4096-e811-80d7-0050568571f4&#038;_gl=1*10rwmle*_ga*MTEwMzcxNDIwNC4xNzQxNjk1OTY4*_ga_9RRJJK0Y4R*MTc0MzY4MDA3MS4xNy4xLjE3NDM2ODgzNzEuNDkuMC4w\" class=\"booking-button button outlined\">Boka r\u00e5dgivning<\/a>\n            <\/div>\n<\/div>        <\/div>\n    <\/div>\n<\/section>\n\n\n<div style=\"height:100px\" aria-hidden=\"true\" class=\"wp-block-spacer\"><\/div>\n","protected":false},"excerpt":{"rendered":"","protected":false},"author":1,"featured_media":0,"parent":0,"menu_order":0,"comment_status":"closed","ping_status":"closed","template":"","meta":{"footnotes":""},"acf":[],"yoast_head":"<!-- This site is optimized with the Yoast SEO plugin v22.9 - https:\/\/yoast.com\/wordpress\/plugins\/seo\/ -->\n<title>V\u00e5ra r\u00e5dgivare - V\u00e4stra S\u00f6rmland<\/title>\n<meta name=\"robots\" content=\"index, follow, max-snippet:-1, max-image-preview:large, max-video-preview:-1\" \/>\n<link rel=\"canonical\" href=\"https:\/\/nyforetagarcentrum.se\/vastrasormland\/vara-radgivare\/\" \/>\n<meta property=\"og:locale\" content=\"sv_SE\" \/>\n<meta property=\"og:type\" content=\"article\" \/>\n<meta property=\"og:title\" content=\"V\u00e5ra r\u00e5dgivare - V\u00e4stra S\u00f6rmland\" \/>\n<meta property=\"og:url\" content=\"https:\/\/nyforetagarcentrum.se\/vastrasormland\/vara-radgivare\/\" \/>\n<meta property=\"og:site_name\" content=\"V\u00e4stra S\u00f6rmland\" \/>\n<meta property=\"article:modified_time\" content=\"2025-04-03T13:56:09+00:00\" \/>\n<meta name=\"twitter:card\" content=\"summary_large_image\" \/>\n<script type=\"application\/ld+json\" class=\"yoast-schema-graph\">{\"@context\":\"https:\/\/schema.org\",\"@graph\":[{\"@type\":\"WebPage\",\"@id\":\"https:\/\/nyforetagarcentrum.se\/vastrasormland\/vara-radgivare\/\",\"url\":\"https:\/\/nyforetagarcentrum.se\/vastrasormland\/vara-radgivare\/\",\"name\":\"V\u00e5ra r\u00e5dgivare - V\u00e4stra S\u00f6rmland\",\"isPartOf\":{\"@id\":\"https:\/\/nyforetagarcentrum.se\/vastrasormland\/#website\"},\"datePublished\":\"2024-02-29T12:59:39+00:00\",\"dateModified\":\"2025-04-03T13:56:09+00:00\",\"breadcrumb\":{\"@id\":\"https:\/\/nyforetagarcentrum.se\/vastrasormland\/vara-radgivare\/#breadcrumb\"},\"inLanguage\":\"sv-SE\",\"potentialAction\":[{\"@type\":\"ReadAction\",\"target\":[\"https:\/\/nyforetagarcentrum.se\/vastrasormland\/vara-radgivare\/\"]}]},{\"@type\":\"BreadcrumbList\",\"@id\":\"https:\/\/nyforetagarcentrum.se\/vastrasormland\/vara-radgivare\/#breadcrumb\",\"itemListElement\":[{\"@type\":\"ListItem\",\"position\":1,\"name\":\"Hem\",\"item\":\"https:\/\/nyforetagarcentrum.se\/vastrasormland\/\"},{\"@type\":\"ListItem\",\"position\":2,\"name\":\"V\u00e5ra r\u00e5dgivare\"}]},{\"@type\":\"WebSite\",\"@id\":\"https:\/\/nyforetagarcentrum.se\/vastrasormland\/#website\",\"url\":\"https:\/\/nyforetagarcentrum.se\/vastrasormland\/\",\"name\":\"V\u00e4stra S\u00f6rmland\",\"description\":\"Sveriges ledande kraft f\u00f6r fler nya livskraftiga f\u00f6retag\",\"publisher\":{\"@id\":\"https:\/\/nyforetagarcentrum.se\/vastrasormland\/#organization\"},\"potentialAction\":[{\"@type\":\"SearchAction\",\"target\":{\"@type\":\"EntryPoint\",\"urlTemplate\":\"https:\/\/nyforetagarcentrum.se\/vastrasormland\/?s={search_term_string}\"},\"query-input\":\"required name=search_term_string\"}],\"inLanguage\":\"sv-SE\"},{\"@type\":\"Organization\",\"@id\":\"https:\/\/nyforetagarcentrum.se\/vastrasormland\/#organization\",\"name\":\"V\u00e4stra S\u00f6rmland\",\"url\":\"https:\/\/nyforetagarcentrum.se\/vastrasormland\/\",\"logo\":{\"@type\":\"ImageObject\",\"inLanguage\":\"sv-SE\",\"@id\":\"https:\/\/nyforetagarcentrum.se\/vastrasormland\/#\/schema\/logo\/image\/\",\"url\":\"https:\/\/nyforetagarcentrum.se\/vastrasormland\/wp-content\/uploads\/sites\/65\/2024\/07\/vastrasormland_bla.png\",\"contentUrl\":\"https:\/\/nyforetagarcentrum.se\/vastrasormland\/wp-content\/uploads\/sites\/65\/2024\/07\/vastrasormland_bla.png\",\"width\":870,\"height\":355,\"caption\":\"V\u00e4stra S\u00f6rmland\"},\"image\":{\"@id\":\"https:\/\/nyforetagarcentrum.se\/vastrasormland\/#\/schema\/logo\/image\/\"}}]}<\/script>\n<!-- \/ Yoast SEO plugin. -->","yoast_head_json":{"title":"V\u00e5ra r\u00e5dgivare - V\u00e4stra S\u00f6rmland","robots":{"index":"index","follow":"follow","max-snippet":"max-snippet:-1","max-image-preview":"max-image-preview:large","max-video-preview":"max-video-preview:-1"},"canonical":"https:\/\/nyforetagarcentrum.se\/vastrasormland\/vara-radgivare\/","og_locale":"sv_SE","og_type":"article","og_title":"V\u00e5ra r\u00e5dgivare - V\u00e4stra S\u00f6rmland","og_url":"https:\/\/nyforetagarcentrum.se\/vastrasormland\/vara-radgivare\/","og_site_name":"V\u00e4stra S\u00f6rmland","article_modified_time":"2025-04-03T13:56:09+00:00","twitter_card":"summary_large_image","schema":{"@context":"https:\/\/schema.org","@graph":[{"@type":"WebPage","@id":"https:\/\/nyforetagarcentrum.se\/vastrasormland\/vara-radgivare\/","url":"https:\/\/nyforetagarcentrum.se\/vastrasormland\/vara-radgivare\/","name":"V\u00e5ra r\u00e5dgivare - V\u00e4stra S\u00f6rmland","isPartOf":{"@id":"https:\/\/nyforetagarcentrum.se\/vastrasormland\/#website"},"datePublished":"2024-02-29T12:59:39+00:00","dateModified":"2025-04-03T13:56:09+00:00","breadcrumb":{"@id":"https:\/\/nyforetagarcentrum.se\/vastrasormland\/vara-radgivare\/#breadcrumb"},"inLanguage":"sv-SE","potentialAction":[{"@type":"ReadAction","target":["https:\/\/nyforetagarcentrum.se\/vastrasormland\/vara-radgivare\/"]}]},{"@type":"BreadcrumbList","@id":"https:\/\/nyforetagarcentrum.se\/vastrasormland\/vara-radgivare\/#breadcrumb","itemListElement":[{"@type":"ListItem","position":1,"name":"Hem","item":"https:\/\/nyforetagarcentrum.se\/vastrasormland\/"},{"@type":"ListItem","position":2,"name":"V\u00e5ra r\u00e5dgivare"}]},{"@type":"WebSite","@id":"https:\/\/nyforetagarcentrum.se\/vastrasormland\/#website","url":"https:\/\/nyforetagarcentrum.se\/vastrasormland\/","name":"V\u00e4stra S\u00f6rmland","description":"Sveriges ledande kraft f\u00f6r fler nya livskraftiga f\u00f6retag","publisher":{"@id":"https:\/\/nyforetagarcentrum.se\/vastrasormland\/#organization"},"potentialAction":[{"@type":"SearchAction","target":{"@type":"EntryPoint","urlTemplate":"https:\/\/nyforetagarcentrum.se\/vastrasormland\/?s={search_term_string}"},"query-input":"required name=search_term_string"}],"inLanguage":"sv-SE"},{"@type":"Organization","@id":"https:\/\/nyforetagarcentrum.se\/vastrasormland\/#organization","name":"V\u00e4stra S\u00f6rmland","url":"https:\/\/nyforetagarcentrum.se\/vastrasormland\/","logo":{"@type":"ImageObject","inLanguage":"sv-SE","@id":"https:\/\/nyforetagarcentrum.se\/vastrasormland\/#\/schema\/logo\/image\/","url":"https:\/\/nyforetagarcentrum.se\/vastrasormland\/wp-content\/uploads\/sites\/65\/2024\/07\/vastrasormland_bla.png","contentUrl":"https:\/\/nyforetagarcentrum.se\/vastrasormland\/wp-content\/uploads\/sites\/65\/2024\/07\/vastrasormland_bla.png","width":870,"height":355,"caption":"V\u00e4stra S\u00f6rmland"},"image":{"@id":"https:\/\/nyforetagarcentrum.se\/vastrasormland\/#\/schema\/logo\/image\/"}}]}},"_links":{"self":[{"href":"https:\/\/nyforetagarcentrum.se\/vastrasormland\/wp-json\/wp\/v2\/pages\/239"}],"collection":[{"href":"https:\/\/nyforetagarcentrum.se\/vastrasormland\/wp-json\/wp\/v2\/pages"}],"about":[{"href":"https:\/\/nyforetagarcentrum.se\/vastrasormland\/wp-json\/wp\/v2\/types\/page"}],"author":[{"embeddable":true,"href":"https:\/\/nyforetagarcentrum.se\/vastrasormland\/wp-json\/wp\/v2\/users\/1"}],"replies":[{"embeddable":true,"href":"https:\/\/nyforetagarcentrum.se\/vastrasormland\/wp-json\/wp\/v2\/comments?post=239"}],"version-history":[{"count":7,"href":"https:\/\/nyforetagarcentrum.se\/vastrasormland\/wp-json\/wp\/v2\/pages\/239\/revisions"}],"predecessor-version":[{"id":746,"href":"https:\/\/nyforetagarcentrum.se\/vastrasormland\/wp-json\/wp\/v2\/pages\/239\/revisions\/746"}],"wp:attachment":[{"href":"https:\/\/nyforetagarcentrum.se\/vastrasormland\/wp-json\/wp\/v2\/media?parent=239"}],"curies":[{"name":"wp","href":"https:\/\/api.w.org\/{rel}","templated":true}]}}