{"id":2264,"date":"2025-07-11T06:52:16","date_gmt":"2025-07-11T04:52:16","guid":{"rendered":"https:\/\/nyforetagarcentrum.se\/vastraostergotland\/?page_id=2264"},"modified":"2025-07-17T21:22:32","modified_gmt":"2025-07-17T19:22:32","slug":"att-hyra-lokal","status":"publish","type":"page","link":"https:\/\/nyforetagarcentrum.se\/vastraostergotland\/att-hyra-lokal\/","title":{"rendered":"Att hyra lokal"},"content":{"rendered":"<section  class=\"nfc-block-hero alignfull\">\n\n    <img loading=\"lazy\" decoding=\"async\" width=\"1536\" height=\"904\" src=\"https:\/\/nyforetagarcentrum.se\/vastraostergotland\/wp-content\/uploads\/sites\/32\/2025\/07\/att-hyra-lokal-Image-11-juli-2025-11_47_05-4.png\" class=\"attachment-landscape size-landscape\" alt=\"\" srcset=\"https:\/\/nyforetagarcentrum.se\/vastraostergotland\/wp-content\/uploads\/sites\/32\/2025\/07\/att-hyra-lokal-Image-11-juli-2025-11_47_05-4.png 1536w, https:\/\/nyforetagarcentrum.se\/vastraostergotland\/wp-content\/uploads\/sites\/32\/2025\/07\/att-hyra-lokal-Image-11-juli-2025-11_47_05-4-300x177.png 300w, https:\/\/nyforetagarcentrum.se\/vastraostergotland\/wp-content\/uploads\/sites\/32\/2025\/07\/att-hyra-lokal-Image-11-juli-2025-11_47_05-4-1024x603.png 1024w, https:\/\/nyforetagarcentrum.se\/vastraostergotland\/wp-content\/uploads\/sites\/32\/2025\/07\/att-hyra-lokal-Image-11-juli-2025-11_47_05-4-768x452.png 768w\" sizes=\"(max-width: 1536px) 100vw, 1536px\" \/>\n    <div class=\"contained\">\n        <h1 class=\"nfc-block-hero__heading\">Att hyra lokal<\/h1>\n\n            <\/div>\n<\/section>\n\n\n<div style=\"height:50px\" aria-hidden=\"true\" class=\"wp-block-spacer\"><\/div>\n\n\n\n<p>Det finns mycket man beh\u00f6ver t\u00e4nka p\u00e5 n\u00e4r man ska hyra en lokal till sitt f\u00f6retag. P\u00e5 seminariet f\u00e5r du som \u00e4r p\u00e5 v\u00e4g att hyra verksamhetslokal tips och r\u00e5d om vad som g\u00e4ller och vad du beh\u00f6ver t\u00e4nka p\u00e5.<\/p>\n\n\n\n<p><strong>Ur inneh\u00e5llet:<\/strong><\/p>\n\n\n\n<p>Hur hittar jag lediga lokaler?<\/p>\n\n\n\n<p>Vad ska jag t\u00e4nka p\u00e5 vid visning och avtalsf\u00f6rhandling?<\/p>\n\n\n\n<p>Vad g\u00e4ller om jag vill bygga om eller renovera lokalen?<\/p>\n\n\n\n<p>Vad kostar det att hyra en lokal?<\/p>\n\n\n\n<p>Hur vet jag att jag f\u00e5r bedriva just min verksamhet i lokalen?<\/p>\n\n\n\n<p>Vilka skyldigheter\/r\u00e4ttigheter har jag som lokalhyresg\u00e4st?<\/p>\n\n\n\n<div style=\"height:50px\" aria-hidden=\"true\" class=\"wp-block-spacer\"><\/div>\n","protected":false},"excerpt":{"rendered":"<p>Det finns mycket man beh\u00f6ver t\u00e4nka p\u00e5 n\u00e4r man ska hyra en lokal till sitt f\u00f6retag. P\u00e5 seminariet f\u00e5r du som \u00e4r p\u00e5 v\u00e4g att hyra verksamhetslokal tips och r\u00e5d om vad som g\u00e4ller och vad du beh\u00f6ver t\u00e4nka p\u00e5. Ur inneh\u00e5llet: Hur hittar jag lediga lokaler? Vad ska jag t\u00e4nka p\u00e5 vid visning och [&hellip;]<\/p>\n","protected":false},"author":41,"featured_media":0,"parent":0,"menu_order":0,"comment_status":"closed","ping_status":"closed","template":"","meta":{"footnotes":""},"acf":[],"yoast_head":"<!-- This site is optimized with the Yoast SEO plugin v22.9 - https:\/\/yoast.com\/wordpress\/plugins\/seo\/ -->\n<title>Att hyra lokal - V\u00e4stra \u00d6sterg\u00f6tland<\/title>\n<meta name=\"robots\" content=\"index, follow, max-snippet:-1, max-image-preview:large, max-video-preview:-1\" \/>\n<link rel=\"canonical\" href=\"https:\/\/nyforetagarcentrum.se\/vastraostergotland\/att-hyra-lokal\/\" \/>\n<meta property=\"og:locale\" content=\"sv_SE\" \/>\n<meta property=\"og:type\" content=\"article\" \/>\n<meta property=\"og:title\" content=\"Att hyra lokal - V\u00e4stra \u00d6sterg\u00f6tland\" \/>\n<meta property=\"og:description\" content=\"Det finns mycket man beh\u00f6ver t\u00e4nka p\u00e5 n\u00e4r man ska hyra en lokal till sitt f\u00f6retag. P\u00e5 seminariet f\u00e5r du som \u00e4r p\u00e5 v\u00e4g att hyra verksamhetslokal tips och r\u00e5d om vad som g\u00e4ller och vad du beh\u00f6ver t\u00e4nka p\u00e5. Ur inneh\u00e5llet: Hur hittar jag lediga lokaler? Vad ska jag t\u00e4nka p\u00e5 vid visning och [&hellip;]\" \/>\n<meta property=\"og:url\" content=\"https:\/\/nyforetagarcentrum.se\/vastraostergotland\/att-hyra-lokal\/\" \/>\n<meta property=\"og:site_name\" content=\"V\u00e4stra \u00d6sterg\u00f6tland\" \/>\n<meta property=\"article:modified_time\" content=\"2025-07-17T19:22:32+00:00\" \/>\n<meta name=\"twitter:card\" content=\"summary_large_image\" \/>\n<meta name=\"twitter:label1\" content=\"Ber\u00e4knad l\u00e4stid\" \/>\n\t<meta name=\"twitter:data1\" content=\"1 minut\" \/>\n<script type=\"application\/ld+json\" class=\"yoast-schema-graph\">{\"@context\":\"https:\/\/schema.org\",\"@graph\":[{\"@type\":\"WebPage\",\"@id\":\"https:\/\/nyforetagarcentrum.se\/vastraostergotland\/att-hyra-lokal\/\",\"url\":\"https:\/\/nyforetagarcentrum.se\/vastraostergotland\/att-hyra-lokal\/\",\"name\":\"Att hyra lokal - V\u00e4stra \u00d6sterg\u00f6tland\",\"isPartOf\":{\"@id\":\"https:\/\/nyforetagarcentrum.se\/vastraostergotland\/#website\"},\"datePublished\":\"2025-07-11T04:52:16+00:00\",\"dateModified\":\"2025-07-17T19:22:32+00:00\",\"breadcrumb\":{\"@id\":\"https:\/\/nyforetagarcentrum.se\/vastraostergotland\/att-hyra-lokal\/#breadcrumb\"},\"inLanguage\":\"sv-SE\",\"potentialAction\":[{\"@type\":\"ReadAction\",\"target\":[\"https:\/\/nyforetagarcentrum.se\/vastraostergotland\/att-hyra-lokal\/\"]}]},{\"@type\":\"BreadcrumbList\",\"@id\":\"https:\/\/nyforetagarcentrum.se\/vastraostergotland\/att-hyra-lokal\/#breadcrumb\",\"itemListElement\":[{\"@type\":\"ListItem\",\"position\":1,\"name\":\"Hem\",\"item\":\"https:\/\/nyforetagarcentrum.se\/vastraostergotland\/\"},{\"@type\":\"ListItem\",\"position\":2,\"name\":\"Att hyra lokal\"}]},{\"@type\":\"WebSite\",\"@id\":\"https:\/\/nyforetagarcentrum.se\/vastraostergotland\/#website\",\"url\":\"https:\/\/nyforetagarcentrum.se\/vastraostergotland\/\",\"name\":\"V\u00e4stra \u00d6sterg\u00f6tland\",\"description\":\"Sveriges ledande kraft f\u00f6r fler nya livskraftiga f\u00f6retag\",\"publisher\":{\"@id\":\"https:\/\/nyforetagarcentrum.se\/vastraostergotland\/#organization\"},\"potentialAction\":[{\"@type\":\"SearchAction\",\"target\":{\"@type\":\"EntryPoint\",\"urlTemplate\":\"https:\/\/nyforetagarcentrum.se\/vastraostergotland\/?s={search_term_string}\"},\"query-input\":\"required name=search_term_string\"}],\"inLanguage\":\"sv-SE\"},{\"@type\":\"Organization\",\"@id\":\"https:\/\/nyforetagarcentrum.se\/vastraostergotland\/#organization\",\"name\":\"V\u00e4stra \u00d6sterg\u00f6tland\",\"url\":\"https:\/\/nyforetagarcentrum.se\/vastraostergotland\/\",\"logo\":{\"@type\":\"ImageObject\",\"inLanguage\":\"sv-SE\",\"@id\":\"https:\/\/nyforetagarcentrum.se\/vastraostergotland\/#\/schema\/logo\/image\/\",\"url\":\"https:\/\/nyforetagarcentrum.se\/vastraostergotland\/wp-content\/uploads\/sites\/32\/2024\/04\/Vastra-ostergotland-1.png\",\"contentUrl\":\"https:\/\/nyforetagarcentrum.se\/vastraostergotland\/wp-content\/uploads\/sites\/32\/2024\/04\/Vastra-ostergotland-1.png\",\"width\":1082,\"height\":542,\"caption\":\"V\u00e4stra \u00d6sterg\u00f6tland\"},\"image\":{\"@id\":\"https:\/\/nyforetagarcentrum.se\/vastraostergotland\/#\/schema\/logo\/image\/\"}}]}<\/script>\n<!-- \/ Yoast SEO plugin. -->","yoast_head_json":{"title":"Att hyra lokal - V\u00e4stra \u00d6sterg\u00f6tland","robots":{"index":"index","follow":"follow","max-snippet":"max-snippet:-1","max-image-preview":"max-image-preview:large","max-video-preview":"max-video-preview:-1"},"canonical":"https:\/\/nyforetagarcentrum.se\/vastraostergotland\/att-hyra-lokal\/","og_locale":"sv_SE","og_type":"article","og_title":"Att hyra lokal - V\u00e4stra \u00d6sterg\u00f6tland","og_description":"Det finns mycket man beh\u00f6ver t\u00e4nka p\u00e5 n\u00e4r man ska hyra en lokal till sitt f\u00f6retag. P\u00e5 seminariet f\u00e5r du som \u00e4r p\u00e5 v\u00e4g att hyra verksamhetslokal tips och r\u00e5d om vad som g\u00e4ller och vad du beh\u00f6ver t\u00e4nka p\u00e5. Ur inneh\u00e5llet: Hur hittar jag lediga lokaler? Vad ska jag t\u00e4nka p\u00e5 vid visning och [&hellip;]","og_url":"https:\/\/nyforetagarcentrum.se\/vastraostergotland\/att-hyra-lokal\/","og_site_name":"V\u00e4stra \u00d6sterg\u00f6tland","article_modified_time":"2025-07-17T19:22:32+00:00","twitter_card":"summary_large_image","twitter_misc":{"Ber\u00e4knad l\u00e4stid":"1 minut"},"schema":{"@context":"https:\/\/schema.org","@graph":[{"@type":"WebPage","@id":"https:\/\/nyforetagarcentrum.se\/vastraostergotland\/att-hyra-lokal\/","url":"https:\/\/nyforetagarcentrum.se\/vastraostergotland\/att-hyra-lokal\/","name":"Att hyra lokal - V\u00e4stra \u00d6sterg\u00f6tland","isPartOf":{"@id":"https:\/\/nyforetagarcentrum.se\/vastraostergotland\/#website"},"datePublished":"2025-07-11T04:52:16+00:00","dateModified":"2025-07-17T19:22:32+00:00","breadcrumb":{"@id":"https:\/\/nyforetagarcentrum.se\/vastraostergotland\/att-hyra-lokal\/#breadcrumb"},"inLanguage":"sv-SE","potentialAction":[{"@type":"ReadAction","target":["https:\/\/nyforetagarcentrum.se\/vastraostergotland\/att-hyra-lokal\/"]}]},{"@type":"BreadcrumbList","@id":"https:\/\/nyforetagarcentrum.se\/vastraostergotland\/att-hyra-lokal\/#breadcrumb","itemListElement":[{"@type":"ListItem","position":1,"name":"Hem","item":"https:\/\/nyforetagarcentrum.se\/vastraostergotland\/"},{"@type":"ListItem","position":2,"name":"Att hyra lokal"}]},{"@type":"WebSite","@id":"https:\/\/nyforetagarcentrum.se\/vastraostergotland\/#website","url":"https:\/\/nyforetagarcentrum.se\/vastraostergotland\/","name":"V\u00e4stra \u00d6sterg\u00f6tland","description":"Sveriges ledande kraft f\u00f6r fler nya livskraftiga f\u00f6retag","publisher":{"@id":"https:\/\/nyforetagarcentrum.se\/vastraostergotland\/#organization"},"potentialAction":[{"@type":"SearchAction","target":{"@type":"EntryPoint","urlTemplate":"https:\/\/nyforetagarcentrum.se\/vastraostergotland\/?s={search_term_string}"},"query-input":"required name=search_term_string"}],"inLanguage":"sv-SE"},{"@type":"Organization","@id":"https:\/\/nyforetagarcentrum.se\/vastraostergotland\/#organization","name":"V\u00e4stra \u00d6sterg\u00f6tland","url":"https:\/\/nyforetagarcentrum.se\/vastraostergotland\/","logo":{"@type":"ImageObject","inLanguage":"sv-SE","@id":"https:\/\/nyforetagarcentrum.se\/vastraostergotland\/#\/schema\/logo\/image\/","url":"https:\/\/nyforetagarcentrum.se\/vastraostergotland\/wp-content\/uploads\/sites\/32\/2024\/04\/Vastra-ostergotland-1.png","contentUrl":"https:\/\/nyforetagarcentrum.se\/vastraostergotland\/wp-content\/uploads\/sites\/32\/2024\/04\/Vastra-ostergotland-1.png","width":1082,"height":542,"caption":"V\u00e4stra \u00d6sterg\u00f6tland"},"image":{"@id":"https:\/\/nyforetagarcentrum.se\/vastraostergotland\/#\/schema\/logo\/image\/"}}]}},"_links":{"self":[{"href":"https:\/\/nyforetagarcentrum.se\/vastraostergotland\/wp-json\/wp\/v2\/pages\/2264"}],"collection":[{"href":"https:\/\/nyforetagarcentrum.se\/vastraostergotland\/wp-json\/wp\/v2\/pages"}],"about":[{"href":"https:\/\/nyforetagarcentrum.se\/vastraostergotland\/wp-json\/wp\/v2\/types\/page"}],"author":[{"embeddable":true,"href":"https:\/\/nyforetagarcentrum.se\/vastraostergotland\/wp-json\/wp\/v2\/users\/41"}],"replies":[{"embeddable":true,"href":"https:\/\/nyforetagarcentrum.se\/vastraostergotland\/wp-json\/wp\/v2\/comments?post=2264"}],"version-history":[{"count":14,"href":"https:\/\/nyforetagarcentrum.se\/vastraostergotland\/wp-json\/wp\/v2\/pages\/2264\/revisions"}],"predecessor-version":[{"id":2291,"href":"https:\/\/nyforetagarcentrum.se\/vastraostergotland\/wp-json\/wp\/v2\/pages\/2264\/revisions\/2291"}],"wp:attachment":[{"href":"https:\/\/nyforetagarcentrum.se\/vastraostergotland\/wp-json\/wp\/v2\/media?parent=2264"}],"curies":[{"name":"wp","href":"https:\/\/api.w.org\/{rel}","templated":true}]}}