{"id":2085,"date":"2025-04-15T10:55:50","date_gmt":"2025-04-15T08:55:50","guid":{"rendered":"https:\/\/nyforetagarcentrum.se\/vastraostergotland\/?page_id=2085"},"modified":"2025-04-15T18:17:29","modified_gmt":"2025-04-15T16:17:29","slug":"lampligt-forsakringsskydd-for-dig-dina-anstallda-och-ditt-foretag","status":"publish","type":"page","link":"https:\/\/nyforetagarcentrum.se\/vastraostergotland\/lampligt-forsakringsskydd-for-dig-dina-anstallda-och-ditt-foretag\/","title":{"rendered":"L\u00e4mpligt f\u00f6rs\u00e4kringsskydd f\u00f6r dig, dina anst\u00e4llda och ditt f\u00f6retag"},"content":{"rendered":"<section  class=\"nfc-block-hero alignfull\">\n\n    <img loading=\"lazy\" decoding=\"async\" width=\"1476\" height=\"962\" src=\"https:\/\/nyforetagarcentrum.se\/vastraostergotland\/wp-content\/uploads\/sites\/32\/2025\/04\/Nyforetagare-ung-kvinna-cafe-LOW.jpg\" class=\"attachment-landscape size-landscape\" alt=\"\" srcset=\"https:\/\/nyforetagarcentrum.se\/vastraostergotland\/wp-content\/uploads\/sites\/32\/2025\/04\/Nyforetagare-ung-kvinna-cafe-LOW.jpg 1476w, https:\/\/nyforetagarcentrum.se\/vastraostergotland\/wp-content\/uploads\/sites\/32\/2025\/04\/Nyforetagare-ung-kvinna-cafe-LOW-300x196.jpg 300w, https:\/\/nyforetagarcentrum.se\/vastraostergotland\/wp-content\/uploads\/sites\/32\/2025\/04\/Nyforetagare-ung-kvinna-cafe-LOW-1024x667.jpg 1024w, https:\/\/nyforetagarcentrum.se\/vastraostergotland\/wp-content\/uploads\/sites\/32\/2025\/04\/Nyforetagare-ung-kvinna-cafe-LOW-768x501.jpg 768w\" sizes=\"(max-width: 1476px) 100vw, 1476px\" \/>\n    <div class=\"contained\">\n        <h1 class=\"nfc-block-hero__heading\">L\u00e4mpligt f\u00f6rs\u00e4kringsskydd f\u00f6r dig, dina anst\u00e4llda och ditt f\u00f6retag<\/h1>\n\n            <\/div>\n<\/section>\n\n\n<div style=\"height:50px\" aria-hidden=\"true\" class=\"wp-block-spacer\"><\/div>\n\n\n\n<p>Vilken eller vilka typer av f\u00f6rs\u00e4kringar du beh\u00f6ver f\u00f6r ditt f\u00f6retag beror sj\u00e4lvklart p\u00e5 hur din verksamhet ser ut. H\u00e4r kommer f\u00f6retags- och ansvarsf\u00f6rs\u00e4kringen in. Men att vara egen f\u00f6retagare inneb\u00e4r \u00e4ven att du beh\u00f6ver se \u00f6ver ditt f\u00f6rs\u00e4kringsskydd f\u00f6r dig sj\u00e4lv och dina eventuella anst\u00e4llda t ex avseende pensions- och sjukf\u00f6rs\u00e4kringar. P\u00e5 v\u00e5rt seminarium f\u00e5r du mer information och kunskap kring f\u00f6rs\u00e4kringar och f\u00f6rs\u00e4kringsskydd \u2013 varf\u00f6r du beh\u00f6ver detta och vad som kan h\u00e4nda om du inte har det.&nbsp;Ur inneh\u00e5llet:<\/p>\n\n\n\n<h4 class=\"wp-block-heading\"><strong>D\u00e4rf\u00f6r ska du ha en f\u00f6retagsf\u00f6rs\u00e4kring<\/strong><\/h4>\n\n\n\n<p>\u2022&nbsp; Vilket skydd ger en f\u00f6retagsf\u00f6rs\u00e4kring och vad kostar det?<br>\u2022&nbsp; Vad skyddas inte av en f\u00f6retagsf\u00f6rs\u00e4kring?<br>\u2022&nbsp; F\u00f6rs\u00e4kring om man har kontoret hemma?<\/p>\n\n\n\n<h4 class=\"wp-block-heading\"><strong>Trygghet och sparande f\u00f6r dig som&nbsp;f\u00f6retagare.<\/strong><\/h4>\n\n\n\n<p>\u2022&nbsp;Varf\u00f6r det \u00e4r viktigt att du tar ut l\u00f6n eller har ett \u00f6verskott?<br>\u2022&nbsp;Hur stor \u00e4r den statliga pensionen och hur funkar det n\u00e4r jag blir f\u00f6retagare?<br>\u2022&nbsp;Hur kan du kompensera f\u00f6r den tj\u00e4nstepension som anst\u00e4llda vanligen har?<br>\u2022&nbsp;Vad inneb\u00e4r det att ha en sjukf\u00f6rs\u00e4kring och n\u00e4r f\u00e5r jag ers\u00e4ttning fr\u00e5n den?<br>\u2022&nbsp;Sjukv\u00e5rdsf\u00f6rs\u00e4kring \u2013 vad \u00e4r det, vad t\u00e4cker den f\u00f6r och hur mycket kostar det?<br>\u2022&nbsp;Om jag inte vill spara i en pensionsf\u00f6rs\u00e4kring \u2013 hur kan jag spara i mitt f\u00f6retag d\u00e5?<br>\u2022&nbsp;Skillnader f\u00f6r enskild firma respektive aktiebolag?<\/p>\n\n\n\n<h4 class=\"wp-block-heading\"><strong>F\u00f6r dig som har anst\u00e4llda<\/strong><\/h4>\n\n\n\n<p>\u2022&nbsp;Vilka regler g\u00e4ller f\u00f6r mig som f\u00f6retagare gentemot mina anst\u00e4llda avseende f\u00f6rs\u00e4kringar?<br>\u2022&nbsp;Vilka olika alternativ finns?<br>\u2022&nbsp;Vilka l\u00f6sningar \u00e4r de vanligaste?<br>\u2022&nbsp;Hur stor blir kostnaden f\u00f6r mig n\u00e4r jag f\u00f6rs\u00e4krar mina anst\u00e4llda?<\/p>\n\n\n\n<div style=\"height:50px\" aria-hidden=\"true\" class=\"wp-block-spacer\"><\/div>\n","protected":false},"excerpt":{"rendered":"<p>Vilken eller vilka typer av f\u00f6rs\u00e4kringar du beh\u00f6ver f\u00f6r ditt f\u00f6retag beror sj\u00e4lvklart p\u00e5 hur din verksamhet ser ut. H\u00e4r kommer f\u00f6retags- och ansvarsf\u00f6rs\u00e4kringen in. Men att vara egen f\u00f6retagare inneb\u00e4r \u00e4ven att du beh\u00f6ver se \u00f6ver ditt f\u00f6rs\u00e4kringsskydd f\u00f6r dig sj\u00e4lv och dina eventuella anst\u00e4llda t ex avseende pensions- och sjukf\u00f6rs\u00e4kringar. P\u00e5 v\u00e5rt seminarium [&hellip;]<\/p>\n","protected":false},"author":41,"featured_media":0,"parent":0,"menu_order":0,"comment_status":"closed","ping_status":"closed","template":"","meta":{"footnotes":""},"acf":[],"yoast_head":"<!-- This site is optimized with the Yoast SEO plugin v22.9 - https:\/\/yoast.com\/wordpress\/plugins\/seo\/ -->\n<title>L\u00e4mpligt f\u00f6rs\u00e4kringsskydd f\u00f6r dig, dina anst\u00e4llda och ditt f\u00f6retag - V\u00e4stra \u00d6sterg\u00f6tland<\/title>\n<meta name=\"robots\" content=\"index, follow, max-snippet:-1, max-image-preview:large, max-video-preview:-1\" \/>\n<link rel=\"canonical\" href=\"https:\/\/nyforetagarcentrum.se\/vastraostergotland\/lampligt-forsakringsskydd-for-dig-dina-anstallda-och-ditt-foretag\/\" \/>\n<meta property=\"og:locale\" content=\"sv_SE\" \/>\n<meta property=\"og:type\" content=\"article\" \/>\n<meta property=\"og:title\" content=\"L\u00e4mpligt f\u00f6rs\u00e4kringsskydd f\u00f6r dig, dina anst\u00e4llda och ditt f\u00f6retag - V\u00e4stra \u00d6sterg\u00f6tland\" \/>\n<meta property=\"og:description\" content=\"Vilken eller vilka typer av f\u00f6rs\u00e4kringar du beh\u00f6ver f\u00f6r ditt f\u00f6retag beror sj\u00e4lvklart p\u00e5 hur din verksamhet ser ut. H\u00e4r kommer f\u00f6retags- och ansvarsf\u00f6rs\u00e4kringen in. Men att vara egen f\u00f6retagare inneb\u00e4r \u00e4ven att du beh\u00f6ver se \u00f6ver ditt f\u00f6rs\u00e4kringsskydd f\u00f6r dig sj\u00e4lv och dina eventuella anst\u00e4llda t ex avseende pensions- och sjukf\u00f6rs\u00e4kringar. P\u00e5 v\u00e5rt seminarium [&hellip;]\" \/>\n<meta property=\"og:url\" content=\"https:\/\/nyforetagarcentrum.se\/vastraostergotland\/lampligt-forsakringsskydd-for-dig-dina-anstallda-och-ditt-foretag\/\" \/>\n<meta property=\"og:site_name\" content=\"V\u00e4stra \u00d6sterg\u00f6tland\" \/>\n<meta property=\"article:modified_time\" content=\"2025-04-15T16:17:29+00:00\" \/>\n<meta name=\"twitter:card\" content=\"summary_large_image\" \/>\n<meta name=\"twitter:label1\" content=\"Ber\u00e4knad l\u00e4stid\" \/>\n\t<meta name=\"twitter:data1\" content=\"2 minuter\" \/>\n<script type=\"application\/ld+json\" class=\"yoast-schema-graph\">{\"@context\":\"https:\/\/schema.org\",\"@graph\":[{\"@type\":\"WebPage\",\"@id\":\"https:\/\/nyforetagarcentrum.se\/vastraostergotland\/lampligt-forsakringsskydd-for-dig-dina-anstallda-och-ditt-foretag\/\",\"url\":\"https:\/\/nyforetagarcentrum.se\/vastraostergotland\/lampligt-forsakringsskydd-for-dig-dina-anstallda-och-ditt-foretag\/\",\"name\":\"L\u00e4mpligt f\u00f6rs\u00e4kringsskydd f\u00f6r dig, dina anst\u00e4llda och ditt f\u00f6retag - V\u00e4stra \u00d6sterg\u00f6tland\",\"isPartOf\":{\"@id\":\"https:\/\/nyforetagarcentrum.se\/vastraostergotland\/#website\"},\"datePublished\":\"2025-04-15T08:55:50+00:00\",\"dateModified\":\"2025-04-15T16:17:29+00:00\",\"breadcrumb\":{\"@id\":\"https:\/\/nyforetagarcentrum.se\/vastraostergotland\/lampligt-forsakringsskydd-for-dig-dina-anstallda-och-ditt-foretag\/#breadcrumb\"},\"inLanguage\":\"sv-SE\",\"potentialAction\":[{\"@type\":\"ReadAction\",\"target\":[\"https:\/\/nyforetagarcentrum.se\/vastraostergotland\/lampligt-forsakringsskydd-for-dig-dina-anstallda-och-ditt-foretag\/\"]}]},{\"@type\":\"BreadcrumbList\",\"@id\":\"https:\/\/nyforetagarcentrum.se\/vastraostergotland\/lampligt-forsakringsskydd-for-dig-dina-anstallda-och-ditt-foretag\/#breadcrumb\",\"itemListElement\":[{\"@type\":\"ListItem\",\"position\":1,\"name\":\"Hem\",\"item\":\"https:\/\/nyforetagarcentrum.se\/vastraostergotland\/\"},{\"@type\":\"ListItem\",\"position\":2,\"name\":\"L\u00e4mpligt f\u00f6rs\u00e4kringsskydd f\u00f6r dig, dina anst\u00e4llda och ditt f\u00f6retag\"}]},{\"@type\":\"WebSite\",\"@id\":\"https:\/\/nyforetagarcentrum.se\/vastraostergotland\/#website\",\"url\":\"https:\/\/nyforetagarcentrum.se\/vastraostergotland\/\",\"name\":\"V\u00e4stra \u00d6sterg\u00f6tland\",\"description\":\"Sveriges ledande kraft f\u00f6r fler nya livskraftiga f\u00f6retag\",\"publisher\":{\"@id\":\"https:\/\/nyforetagarcentrum.se\/vastraostergotland\/#organization\"},\"potentialAction\":[{\"@type\":\"SearchAction\",\"target\":{\"@type\":\"EntryPoint\",\"urlTemplate\":\"https:\/\/nyforetagarcentrum.se\/vastraostergotland\/?s={search_term_string}\"},\"query-input\":\"required name=search_term_string\"}],\"inLanguage\":\"sv-SE\"},{\"@type\":\"Organization\",\"@id\":\"https:\/\/nyforetagarcentrum.se\/vastraostergotland\/#organization\",\"name\":\"V\u00e4stra \u00d6sterg\u00f6tland\",\"url\":\"https:\/\/nyforetagarcentrum.se\/vastraostergotland\/\",\"logo\":{\"@type\":\"ImageObject\",\"inLanguage\":\"sv-SE\",\"@id\":\"https:\/\/nyforetagarcentrum.se\/vastraostergotland\/#\/schema\/logo\/image\/\",\"url\":\"https:\/\/nyforetagarcentrum.se\/vastraostergotland\/wp-content\/uploads\/sites\/32\/2024\/04\/Vastra-ostergotland-1.png\",\"contentUrl\":\"https:\/\/nyforetagarcentrum.se\/vastraostergotland\/wp-content\/uploads\/sites\/32\/2024\/04\/Vastra-ostergotland-1.png\",\"width\":1082,\"height\":542,\"caption\":\"V\u00e4stra \u00d6sterg\u00f6tland\"},\"image\":{\"@id\":\"https:\/\/nyforetagarcentrum.se\/vastraostergotland\/#\/schema\/logo\/image\/\"}}]}<\/script>\n<!-- \/ Yoast SEO plugin. -->","yoast_head_json":{"title":"L\u00e4mpligt f\u00f6rs\u00e4kringsskydd f\u00f6r dig, dina anst\u00e4llda och ditt f\u00f6retag - V\u00e4stra \u00d6sterg\u00f6tland","robots":{"index":"index","follow":"follow","max-snippet":"max-snippet:-1","max-image-preview":"max-image-preview:large","max-video-preview":"max-video-preview:-1"},"canonical":"https:\/\/nyforetagarcentrum.se\/vastraostergotland\/lampligt-forsakringsskydd-for-dig-dina-anstallda-och-ditt-foretag\/","og_locale":"sv_SE","og_type":"article","og_title":"L\u00e4mpligt f\u00f6rs\u00e4kringsskydd f\u00f6r dig, dina anst\u00e4llda och ditt f\u00f6retag - V\u00e4stra \u00d6sterg\u00f6tland","og_description":"Vilken eller vilka typer av f\u00f6rs\u00e4kringar du beh\u00f6ver f\u00f6r ditt f\u00f6retag beror sj\u00e4lvklart p\u00e5 hur din verksamhet ser ut. H\u00e4r kommer f\u00f6retags- och ansvarsf\u00f6rs\u00e4kringen in. Men att vara egen f\u00f6retagare inneb\u00e4r \u00e4ven att du beh\u00f6ver se \u00f6ver ditt f\u00f6rs\u00e4kringsskydd f\u00f6r dig sj\u00e4lv och dina eventuella anst\u00e4llda t ex avseende pensions- och sjukf\u00f6rs\u00e4kringar. P\u00e5 v\u00e5rt seminarium [&hellip;]","og_url":"https:\/\/nyforetagarcentrum.se\/vastraostergotland\/lampligt-forsakringsskydd-for-dig-dina-anstallda-och-ditt-foretag\/","og_site_name":"V\u00e4stra \u00d6sterg\u00f6tland","article_modified_time":"2025-04-15T16:17:29+00:00","twitter_card":"summary_large_image","twitter_misc":{"Ber\u00e4knad l\u00e4stid":"2 minuter"},"schema":{"@context":"https:\/\/schema.org","@graph":[{"@type":"WebPage","@id":"https:\/\/nyforetagarcentrum.se\/vastraostergotland\/lampligt-forsakringsskydd-for-dig-dina-anstallda-och-ditt-foretag\/","url":"https:\/\/nyforetagarcentrum.se\/vastraostergotland\/lampligt-forsakringsskydd-for-dig-dina-anstallda-och-ditt-foretag\/","name":"L\u00e4mpligt f\u00f6rs\u00e4kringsskydd f\u00f6r dig, dina anst\u00e4llda och ditt f\u00f6retag - V\u00e4stra \u00d6sterg\u00f6tland","isPartOf":{"@id":"https:\/\/nyforetagarcentrum.se\/vastraostergotland\/#website"},"datePublished":"2025-04-15T08:55:50+00:00","dateModified":"2025-04-15T16:17:29+00:00","breadcrumb":{"@id":"https:\/\/nyforetagarcentrum.se\/vastraostergotland\/lampligt-forsakringsskydd-for-dig-dina-anstallda-och-ditt-foretag\/#breadcrumb"},"inLanguage":"sv-SE","potentialAction":[{"@type":"ReadAction","target":["https:\/\/nyforetagarcentrum.se\/vastraostergotland\/lampligt-forsakringsskydd-for-dig-dina-anstallda-och-ditt-foretag\/"]}]},{"@type":"BreadcrumbList","@id":"https:\/\/nyforetagarcentrum.se\/vastraostergotland\/lampligt-forsakringsskydd-for-dig-dina-anstallda-och-ditt-foretag\/#breadcrumb","itemListElement":[{"@type":"ListItem","position":1,"name":"Hem","item":"https:\/\/nyforetagarcentrum.se\/vastraostergotland\/"},{"@type":"ListItem","position":2,"name":"L\u00e4mpligt f\u00f6rs\u00e4kringsskydd f\u00f6r dig, dina anst\u00e4llda och ditt f\u00f6retag"}]},{"@type":"WebSite","@id":"https:\/\/nyforetagarcentrum.se\/vastraostergotland\/#website","url":"https:\/\/nyforetagarcentrum.se\/vastraostergotland\/","name":"V\u00e4stra \u00d6sterg\u00f6tland","description":"Sveriges ledande kraft f\u00f6r fler nya livskraftiga f\u00f6retag","publisher":{"@id":"https:\/\/nyforetagarcentrum.se\/vastraostergotland\/#organization"},"potentialAction":[{"@type":"SearchAction","target":{"@type":"EntryPoint","urlTemplate":"https:\/\/nyforetagarcentrum.se\/vastraostergotland\/?s={search_term_string}"},"query-input":"required name=search_term_string"}],"inLanguage":"sv-SE"},{"@type":"Organization","@id":"https:\/\/nyforetagarcentrum.se\/vastraostergotland\/#organization","name":"V\u00e4stra \u00d6sterg\u00f6tland","url":"https:\/\/nyforetagarcentrum.se\/vastraostergotland\/","logo":{"@type":"ImageObject","inLanguage":"sv-SE","@id":"https:\/\/nyforetagarcentrum.se\/vastraostergotland\/#\/schema\/logo\/image\/","url":"https:\/\/nyforetagarcentrum.se\/vastraostergotland\/wp-content\/uploads\/sites\/32\/2024\/04\/Vastra-ostergotland-1.png","contentUrl":"https:\/\/nyforetagarcentrum.se\/vastraostergotland\/wp-content\/uploads\/sites\/32\/2024\/04\/Vastra-ostergotland-1.png","width":1082,"height":542,"caption":"V\u00e4stra \u00d6sterg\u00f6tland"},"image":{"@id":"https:\/\/nyforetagarcentrum.se\/vastraostergotland\/#\/schema\/logo\/image\/"}}]}},"_links":{"self":[{"href":"https:\/\/nyforetagarcentrum.se\/vastraostergotland\/wp-json\/wp\/v2\/pages\/2085"}],"collection":[{"href":"https:\/\/nyforetagarcentrum.se\/vastraostergotland\/wp-json\/wp\/v2\/pages"}],"about":[{"href":"https:\/\/nyforetagarcentrum.se\/vastraostergotland\/wp-json\/wp\/v2\/types\/page"}],"author":[{"embeddable":true,"href":"https:\/\/nyforetagarcentrum.se\/vastraostergotland\/wp-json\/wp\/v2\/users\/41"}],"replies":[{"embeddable":true,"href":"https:\/\/nyforetagarcentrum.se\/vastraostergotland\/wp-json\/wp\/v2\/comments?post=2085"}],"version-history":[{"count":10,"href":"https:\/\/nyforetagarcentrum.se\/vastraostergotland\/wp-json\/wp\/v2\/pages\/2085\/revisions"}],"predecessor-version":[{"id":2111,"href":"https:\/\/nyforetagarcentrum.se\/vastraostergotland\/wp-json\/wp\/v2\/pages\/2085\/revisions\/2111"}],"wp:attachment":[{"href":"https:\/\/nyforetagarcentrum.se\/vastraostergotland\/wp-json\/wp\/v2\/media?parent=2085"}],"curies":[{"name":"wp","href":"https:\/\/api.w.org\/{rel}","templated":true}]}}