{"id":2050,"date":"2025-02-27T14:47:43","date_gmt":"2025-02-27T13:47:43","guid":{"rendered":"https:\/\/nyforetagarcentrum.se\/vastraostergotland\/?page_id=2050"},"modified":"2026-02-11T08:59:53","modified_gmt":"2026-02-11T07:59:53","slug":"lokal-digital-marknadsforing-med-kraft-att-vaxa","status":"publish","type":"page","link":"https:\/\/nyforetagarcentrum.se\/vastraostergotland\/lokal-digital-marknadsforing-med-kraft-att-vaxa\/","title":{"rendered":"Lokal digital marknadsf\u00f6ring &#8211; med kraft att v\u00e4xa"},"content":{"rendered":"<section  class=\"nfc-block-hero alignfull\">\n\n    <img loading=\"lazy\" decoding=\"async\" width=\"517\" height=\"397\" src=\"https:\/\/nyforetagarcentrum.se\/vastraostergotland\/wp-content\/uploads\/sites\/32\/2025\/02\/Digital-mafo.png\" class=\"attachment-landscape size-landscape\" alt=\"\" srcset=\"https:\/\/nyforetagarcentrum.se\/vastraostergotland\/wp-content\/uploads\/sites\/32\/2025\/02\/Digital-mafo.png 517w, https:\/\/nyforetagarcentrum.se\/vastraostergotland\/wp-content\/uploads\/sites\/32\/2025\/02\/Digital-mafo-300x230.png 300w\" sizes=\"(max-width: 517px) 100vw, 517px\" \/>\n    <div class=\"contained\">\n        <h1 class=\"nfc-block-hero__heading\">Lokal digital marknadsf\u00f6ring &#8211; med kraft att v\u00e4xa<\/h1>\n\n            <\/div>\n<\/section>\n\n\n<div style=\"height:50px\" aria-hidden=\"true\" class=\"wp-block-spacer\"><\/div>\n\n\n\n<div class=\"wp-block-columns is-layout-flex wp-container-core-columns-is-layout-1 wp-block-columns-is-layout-flex\">\n<div class=\"wp-block-column is-layout-flow wp-block-column-is-layout-flow\">\n<p><strong>Hur kan man anv\u00e4nda sig av digital marknadsf\u00f6ring p\u00e5 en lokal marknad? <\/strong><\/p>\n\n\n\n<p><strong>Svaret p\u00e5 detta och andra fr\u00e5gor kopplade till digital marknadsf\u00f6ring \u00e4r temat f\u00f6r kv\u00e4llens seminarium.<\/strong><\/p>\n\n\n\n<p><strong>Ur inneh\u00e5llet:<\/strong><\/p>\n\n\n\n<p>\u2022 Hur n\u00e5r du r\u00e4tt kunder i r\u00e4tt omr\u00e5de \u2013 och samtidigt bygger f\u00f6r framtiden?<\/p>\n\n\n\n<p>\u2022 S\u00e4tt m\u00e5l som kan m\u00e4tas&nbsp;\u2013 Vad vill du uppn\u00e5 och hur m\u00e4ter du effekten?<\/p>\n\n\n\n<p>\u2022 R\u00e4tt kanaler, r\u00e4tt plats&nbsp;\u2013 Display, native, DOOH och radio \u2013 vad funkar lokalt?<\/p>\n\n\n\n<p>\u2022 Inneh\u00e5ll som engagerar&nbsp;\u2013 Hur ska du t\u00e4nka med ditt inneh\u00e5ll?<\/p>\n\n\n\n<p>\u2022 Fr\u00e5n kvarteret till landet&nbsp;\u2013 N\u00e4r \u00e4r det dags att v\u00e4xla upp? <\/p>\n\n\n\n<p><\/p>\n\n\n\n<p>Vill du f\u00e5 kunskap om marknadsf\u00f6ring p\u00e5 sociala media rekommenderar vi dig att \u00e4ven delta i v\u00e5rt seminarium: <a href=\"https:\/\/nyforetagarcentrum.se\/vastraostergotland\/marknadsforing-pa-sociala-media-for-foretagare\/\" target=\"_blank\" rel=\"noreferrer noopener\"><strong><em>Marknadsf\u00f6ring p\u00e5 sociala media f\u00f6r f\u00f6retagare<\/em><\/strong><\/a>.<\/p>\n<\/div>\n<\/div>\n\n\n\n<div style=\"height:50px\" aria-hidden=\"true\" class=\"wp-block-spacer\"><\/div>\n","protected":false},"excerpt":{"rendered":"<p>Hur kan man anv\u00e4nda sig av digital marknadsf\u00f6ring p\u00e5 en lokal marknad? Svaret p\u00e5 detta och andra fr\u00e5gor kopplade till digital marknadsf\u00f6ring \u00e4r temat f\u00f6r kv\u00e4llens seminarium. Ur inneh\u00e5llet: \u2022 Hur n\u00e5r du r\u00e4tt kunder i r\u00e4tt omr\u00e5de \u2013 och samtidigt bygger f\u00f6r framtiden? \u2022 S\u00e4tt m\u00e5l som kan m\u00e4tas&nbsp;\u2013 Vad vill du uppn\u00e5 och [&hellip;]<\/p>\n","protected":false},"author":41,"featured_media":0,"parent":0,"menu_order":0,"comment_status":"closed","ping_status":"closed","template":"","meta":{"footnotes":""},"acf":[],"yoast_head":"<!-- This site is optimized with the Yoast SEO plugin v22.9 - https:\/\/yoast.com\/wordpress\/plugins\/seo\/ -->\n<title>Lokal digital marknadsf\u00f6ring - med kraft att v\u00e4xa - V\u00e4stra \u00d6sterg\u00f6tland<\/title>\n<meta name=\"robots\" content=\"index, follow, max-snippet:-1, max-image-preview:large, max-video-preview:-1\" \/>\n<link rel=\"canonical\" href=\"https:\/\/nyforetagarcentrum.se\/vastraostergotland\/lokal-digital-marknadsforing-med-kraft-att-vaxa\/\" \/>\n<meta property=\"og:locale\" content=\"sv_SE\" \/>\n<meta property=\"og:type\" content=\"article\" \/>\n<meta property=\"og:title\" content=\"Lokal digital marknadsf\u00f6ring - med kraft att v\u00e4xa - V\u00e4stra \u00d6sterg\u00f6tland\" \/>\n<meta property=\"og:description\" content=\"Hur kan man anv\u00e4nda sig av digital marknadsf\u00f6ring p\u00e5 en lokal marknad? Svaret p\u00e5 detta och andra fr\u00e5gor kopplade till digital marknadsf\u00f6ring \u00e4r temat f\u00f6r kv\u00e4llens seminarium. Ur inneh\u00e5llet: \u2022 Hur n\u00e5r du r\u00e4tt kunder i r\u00e4tt omr\u00e5de \u2013 och samtidigt bygger f\u00f6r framtiden? \u2022 S\u00e4tt m\u00e5l som kan m\u00e4tas&nbsp;\u2013 Vad vill du uppn\u00e5 och [&hellip;]\" \/>\n<meta property=\"og:url\" content=\"https:\/\/nyforetagarcentrum.se\/vastraostergotland\/lokal-digital-marknadsforing-med-kraft-att-vaxa\/\" \/>\n<meta property=\"og:site_name\" content=\"V\u00e4stra \u00d6sterg\u00f6tland\" \/>\n<meta property=\"article:modified_time\" content=\"2026-02-11T07:59:53+00:00\" \/>\n<meta name=\"twitter:card\" content=\"summary_large_image\" \/>\n<meta name=\"twitter:label1\" content=\"Ber\u00e4knad l\u00e4stid\" \/>\n\t<meta name=\"twitter:data1\" content=\"1 minut\" \/>\n<script type=\"application\/ld+json\" class=\"yoast-schema-graph\">{\"@context\":\"https:\/\/schema.org\",\"@graph\":[{\"@type\":\"WebPage\",\"@id\":\"https:\/\/nyforetagarcentrum.se\/vastraostergotland\/lokal-digital-marknadsforing-med-kraft-att-vaxa\/\",\"url\":\"https:\/\/nyforetagarcentrum.se\/vastraostergotland\/lokal-digital-marknadsforing-med-kraft-att-vaxa\/\",\"name\":\"Lokal digital marknadsf\u00f6ring - med kraft att v\u00e4xa - V\u00e4stra \u00d6sterg\u00f6tland\",\"isPartOf\":{\"@id\":\"https:\/\/nyforetagarcentrum.se\/vastraostergotland\/#website\"},\"datePublished\":\"2025-02-27T13:47:43+00:00\",\"dateModified\":\"2026-02-11T07:59:53+00:00\",\"breadcrumb\":{\"@id\":\"https:\/\/nyforetagarcentrum.se\/vastraostergotland\/lokal-digital-marknadsforing-med-kraft-att-vaxa\/#breadcrumb\"},\"inLanguage\":\"sv-SE\",\"potentialAction\":[{\"@type\":\"ReadAction\",\"target\":[\"https:\/\/nyforetagarcentrum.se\/vastraostergotland\/lokal-digital-marknadsforing-med-kraft-att-vaxa\/\"]}]},{\"@type\":\"BreadcrumbList\",\"@id\":\"https:\/\/nyforetagarcentrum.se\/vastraostergotland\/lokal-digital-marknadsforing-med-kraft-att-vaxa\/#breadcrumb\",\"itemListElement\":[{\"@type\":\"ListItem\",\"position\":1,\"name\":\"Hem\",\"item\":\"https:\/\/nyforetagarcentrum.se\/vastraostergotland\/\"},{\"@type\":\"ListItem\",\"position\":2,\"name\":\"Lokal digital marknadsf\u00f6ring &#8211; med kraft att v\u00e4xa\"}]},{\"@type\":\"WebSite\",\"@id\":\"https:\/\/nyforetagarcentrum.se\/vastraostergotland\/#website\",\"url\":\"https:\/\/nyforetagarcentrum.se\/vastraostergotland\/\",\"name\":\"V\u00e4stra \u00d6sterg\u00f6tland\",\"description\":\"Sveriges ledande kraft f\u00f6r fler nya livskraftiga f\u00f6retag\",\"publisher\":{\"@id\":\"https:\/\/nyforetagarcentrum.se\/vastraostergotland\/#organization\"},\"potentialAction\":[{\"@type\":\"SearchAction\",\"target\":{\"@type\":\"EntryPoint\",\"urlTemplate\":\"https:\/\/nyforetagarcentrum.se\/vastraostergotland\/?s={search_term_string}\"},\"query-input\":\"required name=search_term_string\"}],\"inLanguage\":\"sv-SE\"},{\"@type\":\"Organization\",\"@id\":\"https:\/\/nyforetagarcentrum.se\/vastraostergotland\/#organization\",\"name\":\"V\u00e4stra \u00d6sterg\u00f6tland\",\"url\":\"https:\/\/nyforetagarcentrum.se\/vastraostergotland\/\",\"logo\":{\"@type\":\"ImageObject\",\"inLanguage\":\"sv-SE\",\"@id\":\"https:\/\/nyforetagarcentrum.se\/vastraostergotland\/#\/schema\/logo\/image\/\",\"url\":\"https:\/\/nyforetagarcentrum.se\/vastraostergotland\/wp-content\/uploads\/sites\/32\/2024\/04\/Vastra-ostergotland-1.png\",\"contentUrl\":\"https:\/\/nyforetagarcentrum.se\/vastraostergotland\/wp-content\/uploads\/sites\/32\/2024\/04\/Vastra-ostergotland-1.png\",\"width\":1082,\"height\":542,\"caption\":\"V\u00e4stra \u00d6sterg\u00f6tland\"},\"image\":{\"@id\":\"https:\/\/nyforetagarcentrum.se\/vastraostergotland\/#\/schema\/logo\/image\/\"}}]}<\/script>\n<!-- \/ Yoast SEO plugin. -->","yoast_head_json":{"title":"Lokal digital marknadsf\u00f6ring - med kraft att v\u00e4xa - V\u00e4stra \u00d6sterg\u00f6tland","robots":{"index":"index","follow":"follow","max-snippet":"max-snippet:-1","max-image-preview":"max-image-preview:large","max-video-preview":"max-video-preview:-1"},"canonical":"https:\/\/nyforetagarcentrum.se\/vastraostergotland\/lokal-digital-marknadsforing-med-kraft-att-vaxa\/","og_locale":"sv_SE","og_type":"article","og_title":"Lokal digital marknadsf\u00f6ring - med kraft att v\u00e4xa - V\u00e4stra \u00d6sterg\u00f6tland","og_description":"Hur kan man anv\u00e4nda sig av digital marknadsf\u00f6ring p\u00e5 en lokal marknad? Svaret p\u00e5 detta och andra fr\u00e5gor kopplade till digital marknadsf\u00f6ring \u00e4r temat f\u00f6r kv\u00e4llens seminarium. Ur inneh\u00e5llet: \u2022 Hur n\u00e5r du r\u00e4tt kunder i r\u00e4tt omr\u00e5de \u2013 och samtidigt bygger f\u00f6r framtiden? \u2022 S\u00e4tt m\u00e5l som kan m\u00e4tas&nbsp;\u2013 Vad vill du uppn\u00e5 och [&hellip;]","og_url":"https:\/\/nyforetagarcentrum.se\/vastraostergotland\/lokal-digital-marknadsforing-med-kraft-att-vaxa\/","og_site_name":"V\u00e4stra \u00d6sterg\u00f6tland","article_modified_time":"2026-02-11T07:59:53+00:00","twitter_card":"summary_large_image","twitter_misc":{"Ber\u00e4knad l\u00e4stid":"1 minut"},"schema":{"@context":"https:\/\/schema.org","@graph":[{"@type":"WebPage","@id":"https:\/\/nyforetagarcentrum.se\/vastraostergotland\/lokal-digital-marknadsforing-med-kraft-att-vaxa\/","url":"https:\/\/nyforetagarcentrum.se\/vastraostergotland\/lokal-digital-marknadsforing-med-kraft-att-vaxa\/","name":"Lokal digital marknadsf\u00f6ring - med kraft att v\u00e4xa - V\u00e4stra \u00d6sterg\u00f6tland","isPartOf":{"@id":"https:\/\/nyforetagarcentrum.se\/vastraostergotland\/#website"},"datePublished":"2025-02-27T13:47:43+00:00","dateModified":"2026-02-11T07:59:53+00:00","breadcrumb":{"@id":"https:\/\/nyforetagarcentrum.se\/vastraostergotland\/lokal-digital-marknadsforing-med-kraft-att-vaxa\/#breadcrumb"},"inLanguage":"sv-SE","potentialAction":[{"@type":"ReadAction","target":["https:\/\/nyforetagarcentrum.se\/vastraostergotland\/lokal-digital-marknadsforing-med-kraft-att-vaxa\/"]}]},{"@type":"BreadcrumbList","@id":"https:\/\/nyforetagarcentrum.se\/vastraostergotland\/lokal-digital-marknadsforing-med-kraft-att-vaxa\/#breadcrumb","itemListElement":[{"@type":"ListItem","position":1,"name":"Hem","item":"https:\/\/nyforetagarcentrum.se\/vastraostergotland\/"},{"@type":"ListItem","position":2,"name":"Lokal digital marknadsf\u00f6ring &#8211; med kraft att v\u00e4xa"}]},{"@type":"WebSite","@id":"https:\/\/nyforetagarcentrum.se\/vastraostergotland\/#website","url":"https:\/\/nyforetagarcentrum.se\/vastraostergotland\/","name":"V\u00e4stra \u00d6sterg\u00f6tland","description":"Sveriges ledande kraft f\u00f6r fler nya livskraftiga f\u00f6retag","publisher":{"@id":"https:\/\/nyforetagarcentrum.se\/vastraostergotland\/#organization"},"potentialAction":[{"@type":"SearchAction","target":{"@type":"EntryPoint","urlTemplate":"https:\/\/nyforetagarcentrum.se\/vastraostergotland\/?s={search_term_string}"},"query-input":"required name=search_term_string"}],"inLanguage":"sv-SE"},{"@type":"Organization","@id":"https:\/\/nyforetagarcentrum.se\/vastraostergotland\/#organization","name":"V\u00e4stra \u00d6sterg\u00f6tland","url":"https:\/\/nyforetagarcentrum.se\/vastraostergotland\/","logo":{"@type":"ImageObject","inLanguage":"sv-SE","@id":"https:\/\/nyforetagarcentrum.se\/vastraostergotland\/#\/schema\/logo\/image\/","url":"https:\/\/nyforetagarcentrum.se\/vastraostergotland\/wp-content\/uploads\/sites\/32\/2024\/04\/Vastra-ostergotland-1.png","contentUrl":"https:\/\/nyforetagarcentrum.se\/vastraostergotland\/wp-content\/uploads\/sites\/32\/2024\/04\/Vastra-ostergotland-1.png","width":1082,"height":542,"caption":"V\u00e4stra \u00d6sterg\u00f6tland"},"image":{"@id":"https:\/\/nyforetagarcentrum.se\/vastraostergotland\/#\/schema\/logo\/image\/"}}]}},"_links":{"self":[{"href":"https:\/\/nyforetagarcentrum.se\/vastraostergotland\/wp-json\/wp\/v2\/pages\/2050"}],"collection":[{"href":"https:\/\/nyforetagarcentrum.se\/vastraostergotland\/wp-json\/wp\/v2\/pages"}],"about":[{"href":"https:\/\/nyforetagarcentrum.se\/vastraostergotland\/wp-json\/wp\/v2\/types\/page"}],"author":[{"embeddable":true,"href":"https:\/\/nyforetagarcentrum.se\/vastraostergotland\/wp-json\/wp\/v2\/users\/41"}],"replies":[{"embeddable":true,"href":"https:\/\/nyforetagarcentrum.se\/vastraostergotland\/wp-json\/wp\/v2\/comments?post=2050"}],"version-history":[{"count":19,"href":"https:\/\/nyforetagarcentrum.se\/vastraostergotland\/wp-json\/wp\/v2\/pages\/2050\/revisions"}],"predecessor-version":[{"id":2406,"href":"https:\/\/nyforetagarcentrum.se\/vastraostergotland\/wp-json\/wp\/v2\/pages\/2050\/revisions\/2406"}],"wp:attachment":[{"href":"https:\/\/nyforetagarcentrum.se\/vastraostergotland\/wp-json\/wp\/v2\/media?parent=2050"}],"curies":[{"name":"wp","href":"https:\/\/api.w.org\/{rel}","templated":true}]}}