{"id":1701,"date":"2024-12-25T15:44:24","date_gmt":"2024-12-25T14:44:24","guid":{"rendered":"https:\/\/nyforetagarcentrum.se\/vastraostergotland\/?page_id=1701"},"modified":"2024-12-25T17:15:50","modified_gmt":"2024-12-25T16:15:50","slug":"arets-unga-nyforetagare-i-sverige","status":"publish","type":"page","link":"https:\/\/nyforetagarcentrum.se\/vastraostergotland\/arets-unga-nyforetagare-i-sverige\/","title":{"rendered":"\u00c5rets unga nyf\u00f6retagare i Sverige"},"content":{"rendered":"\n<div style=\"height:52px\" aria-hidden=\"true\" class=\"wp-block-spacer\"><\/div>\n\n\n\n<div class=\"wp-block-columns alignfull is-layout-flex wp-container-core-columns-is-layout-2 wp-block-columns-is-layout-flex\">\n<div class=\"wp-block-column is-layout-flow wp-block-column-is-layout-flow\">\n<h2 class=\"wp-block-heading\">\u00c5rets unga nyf\u00f6retagare i Sverige<\/h2>\n\n\n\n<p><strong>Utm\u00e4rkelsen \u00c5rets unga nyf\u00f6retagare i Sverige \u00e4r ett samarbete mellan Nyf\u00f6retagarCentrum Sverige och Fortnox; med st\u00f6ttning av Citi, via bankens stiftelse Citi Foundation. Kriterierna \u00e4r:<\/strong><\/p>\n\n\n\n<ul>\n<li>F\u00f6retagets aff\u00e4rsid\u00e9 bed\u00f6ms vara utvecklingsbar.<\/li>\n\n\n\n<li>F\u00f6retaget har i samverkan med Nyf\u00f6retagarCentrum genomarbetat sin aff\u00e4rsplan.<\/li>\n\n\n\n<li>F\u00f6retaget har i samverkan med Nyf\u00f6retagarCentrum byggt upp ett fungerande kontaktn\u00e4t.<\/li>\n\n\n\n<li>F\u00f6retagaren visar p\u00e5 utvecklingsf\u00f6rm\u00e5ga, kreativitet och f\u00f6r\u00e4ndringsvilja samt \u00e4r en inspiration och en f\u00f6rebild f\u00f6r andra.<\/li>\n\n\n\n<li>F\u00f6retaget f\u00e5r inte vara \u00e4ldre \u00e4n tre \u00e5r.<\/li>\n\n\n\n<li>F\u00f6retagaren f\u00e5r inte vara \u00e4ldre \u00e4n 35 \u00e5r.<\/li>\n<\/ul>\n\n\n\n<div style=\"height:20px\" aria-hidden=\"true\" class=\"wp-block-spacer\"><\/div>\n\n\n\n<div class=\"wp-block-columns alignfull is-layout-flex wp-container-core-columns-is-layout-1 wp-block-columns-is-layout-flex\">\n<div class=\"wp-block-column is-layout-flow wp-block-column-is-layout-flow\"><section  class=\"nfc-block-split_screen alignwide image_alignment-left\">\n    <div class=\"wrapper\">\n        <div class=\"nfc-block-split_screen__image-wrapper\">\n            <img loading=\"lazy\" decoding=\"async\" width=\"1000\" height=\"666\" src=\"https:\/\/nyforetagarcentrum.se\/vastraostergotland\/wp-content\/uploads\/sites\/32\/2024\/12\/x1000w-Orvar-Projektkompaniet.jpeg\" class=\"attachment-landscape size-landscape\" alt=\"\" srcset=\"https:\/\/nyforetagarcentrum.se\/vastraostergotland\/wp-content\/uploads\/sites\/32\/2024\/12\/x1000w-Orvar-Projektkompaniet.jpeg 1000w, https:\/\/nyforetagarcentrum.se\/vastraostergotland\/wp-content\/uploads\/sites\/32\/2024\/12\/x1000w-Orvar-Projektkompaniet-300x200.jpeg 300w, https:\/\/nyforetagarcentrum.se\/vastraostergotland\/wp-content\/uploads\/sites\/32\/2024\/12\/x1000w-Orvar-Projektkompaniet-768x511.jpeg 768w\" sizes=\"(max-width: 1000px) 100vw, 1000px\" \/>        <\/div>\n\n        <div class=\"nfc-block-split_screen__content-wrapper\">\n            <p><a href=\"https:\/\/nyforetagarcentrum.se\/vastraostergotland\/success-stories\/orvar-kristinsson-projektkompaniet-i-motala\/\" target=\"_blank\" rel=\"noopener\"><strong>\u00d6rvar Kristinsson<\/strong><\/a><br \/>\n<a href=\"https:\/\/nyforetagarcentrum.se\/vastraostergotland\/success-stories\/orvar-kristinsson-projektkompaniet-i-motala\/\" target=\"_blank\" rel=\"noopener\"><strong>Projektkompaniet\u00a0\u00a0<\/strong><\/a><\/p>\n<p><a href=\"https:\/\/nyforetagarcentrum.se\/vastraostergotland\/success-stories\/orvar-kristinsson-projektkompaniet-i-motala\/\" target=\"_blank\" rel=\"noopener\"><strong>\u00c5rets unga nyf\u00f6retagare i Sverige 2021<\/strong> \u00bb<\/a><\/p>\n\n            \n        <\/div>\n    <\/div>\n<\/section><\/div>\n\n\n\n<div class=\"wp-block-column is-layout-flow wp-block-column-is-layout-flow\"><section  class=\"nfc-block-split_screen alignwide image_alignment-left\">\n    <div class=\"wrapper\">\n        <div class=\"nfc-block-split_screen__image-wrapper\">\n            <img loading=\"lazy\" decoding=\"async\" width=\"768\" height=\"768\" src=\"https:\/\/nyforetagarcentrum.se\/vastraostergotland\/wp-content\/uploads\/sites\/32\/2024\/12\/Mia-Bremer.jpeg\" class=\"attachment-landscape size-landscape\" alt=\"\" srcset=\"https:\/\/nyforetagarcentrum.se\/vastraostergotland\/wp-content\/uploads\/sites\/32\/2024\/12\/Mia-Bremer.jpeg 768w, https:\/\/nyforetagarcentrum.se\/vastraostergotland\/wp-content\/uploads\/sites\/32\/2024\/12\/Mia-Bremer-300x300.jpeg 300w, https:\/\/nyforetagarcentrum.se\/vastraostergotland\/wp-content\/uploads\/sites\/32\/2024\/12\/Mia-Bremer-150x150.jpeg 150w\" sizes=\"(max-width: 768px) 100vw, 768px\" \/>        <\/div>\n\n        <div class=\"nfc-block-split_screen__content-wrapper\">\n            <p><a href=\"https:\/\/nyforetagarcentrum.se\/vastraostergotland\/success-stories\/mia-bremer-restaurang-hornet-finalist-arets-unga-nyforetagare-i-sverige-2018\/\" target=\"_blank\" rel=\"noopener\"><strong>Mia Bremer<\/strong><\/a><br \/>\n<a href=\"https:\/\/nyforetagarcentrum.se\/vastraostergotland\/success-stories\/mia-bremer-restaurang-hornet-finalist-arets-unga-nyforetagare-i-sverige-2018\/\" target=\"_blank\" rel=\"noopener\"><strong>Restaurang H\u00f6rnet<\/strong><\/a><\/p>\n<p><strong><a href=\"https:\/\/nyforetagarcentrum.se\/vastraostergotland\/success-stories\/mia-bremer-restaurang-hornet-finalist-arets-unga-nyforetagare-i-sverige-2018\/\" target=\"_blank\" rel=\"noopener\">Finalist \u00c5rets unga nyf\u00f6retagare i Sverige 2018 \u00bb<\/a><\/strong><\/p>\n\n            \n        <\/div>\n    <\/div>\n<\/section><\/div>\n\n\n\n<div class=\"wp-block-column is-layout-flow wp-block-column-is-layout-flow\"><section  class=\"nfc-block-split_screen image_alignment-left\">\n    <div class=\"wrapper\">\n        <div class=\"nfc-block-split_screen__image-wrapper\">\n            <img loading=\"lazy\" decoding=\"async\" width=\"555\" height=\"511\" src=\"https:\/\/nyforetagarcentrum.se\/vastraostergotland\/wp-content\/uploads\/sites\/32\/2024\/12\/filip-vinnare.png\" class=\"attachment-landscape size-landscape\" alt=\"\" srcset=\"https:\/\/nyforetagarcentrum.se\/vastraostergotland\/wp-content\/uploads\/sites\/32\/2024\/12\/filip-vinnare.png 555w, https:\/\/nyforetagarcentrum.se\/vastraostergotland\/wp-content\/uploads\/sites\/32\/2024\/12\/filip-vinnare-300x276.png 300w\" sizes=\"(max-width: 555px) 100vw, 555px\" \/>        <\/div>\n\n        <div class=\"nfc-block-split_screen__content-wrapper\">\n            <p><strong><a href=\"https:\/\/nyforetagarcentrum.se\/vastraostergotland\/success-stories\/filip-printzell-stadarna-i-varamon-arets-unga-nyforetagare-i-sverige-2017\/\" target=\"_blank\" rel=\"noopener\">Filip Printzell<\/a><br \/>\n<\/strong><strong><a href=\"https:\/\/nyforetagarcentrum.se\/vastraostergotland\/success-stories\/filip-printzell-stadarna-i-varamon-arets-unga-nyforetagare-i-sverige-2017\/\" target=\"_blank\" rel=\"noopener\">St\u00e4darna i Varamon <\/a><\/strong><\/p>\n<p><strong><a href=\"https:\/\/nyforetagarcentrum.se\/vastraostergotland\/success-stories\/filip-printzell-stadarna-i-varamon-arets-unga-nyforetagare-i-sverige-2017\/\" target=\"_blank\" rel=\"noopener\">\u00c5rets unga nyf\u00f6retagare i Sverige 2017 \u00bb<\/a><\/strong><\/p>\n\n            \n        <\/div>\n    <\/div>\n<\/section><\/div>\n<\/div>\n<\/div>\n<\/div>\n\n\n\n<div style=\"height:52px\" aria-hidden=\"true\" class=\"wp-block-spacer\"><\/div>\n","protected":false},"excerpt":{"rendered":"<p>\u00c5rets unga nyf\u00f6retagare i Sverige Utm\u00e4rkelsen \u00c5rets unga nyf\u00f6retagare i Sverige \u00e4r ett samarbete mellan Nyf\u00f6retagarCentrum Sverige och Fortnox; med st\u00f6ttning av Citi, via bankens stiftelse Citi Foundation. Kriterierna \u00e4r:<\/p>\n","protected":false},"author":41,"featured_media":0,"parent":0,"menu_order":0,"comment_status":"closed","ping_status":"closed","template":"","meta":{"footnotes":""},"acf":[],"yoast_head":"<!-- This site is optimized with the Yoast SEO plugin v22.9 - https:\/\/yoast.com\/wordpress\/plugins\/seo\/ -->\n<title>\u00c5rets unga nyf\u00f6retagare i Sverige - V\u00e4stra \u00d6sterg\u00f6tland<\/title>\n<meta name=\"robots\" content=\"index, follow, max-snippet:-1, max-image-preview:large, max-video-preview:-1\" \/>\n<link rel=\"canonical\" href=\"https:\/\/nyforetagarcentrum.se\/vastraostergotland\/arets-unga-nyforetagare-i-sverige\/\" \/>\n<meta property=\"og:locale\" content=\"sv_SE\" \/>\n<meta property=\"og:type\" content=\"article\" \/>\n<meta property=\"og:title\" content=\"\u00c5rets unga nyf\u00f6retagare i Sverige - V\u00e4stra \u00d6sterg\u00f6tland\" \/>\n<meta property=\"og:description\" content=\"\u00c5rets unga nyf\u00f6retagare i Sverige Utm\u00e4rkelsen \u00c5rets unga nyf\u00f6retagare i Sverige \u00e4r ett samarbete mellan Nyf\u00f6retagarCentrum Sverige och Fortnox; med st\u00f6ttning av Citi, via bankens stiftelse Citi Foundation. Kriterierna \u00e4r:\" \/>\n<meta property=\"og:url\" content=\"https:\/\/nyforetagarcentrum.se\/vastraostergotland\/arets-unga-nyforetagare-i-sverige\/\" \/>\n<meta property=\"og:site_name\" content=\"V\u00e4stra \u00d6sterg\u00f6tland\" \/>\n<meta property=\"article:modified_time\" content=\"2024-12-25T16:15:50+00:00\" \/>\n<meta name=\"twitter:card\" content=\"summary_large_image\" \/>\n<meta name=\"twitter:label1\" content=\"Ber\u00e4knad l\u00e4stid\" \/>\n\t<meta name=\"twitter:data1\" content=\"1 minut\" \/>\n<script type=\"application\/ld+json\" class=\"yoast-schema-graph\">{\"@context\":\"https:\/\/schema.org\",\"@graph\":[{\"@type\":\"WebPage\",\"@id\":\"https:\/\/nyforetagarcentrum.se\/vastraostergotland\/arets-unga-nyforetagare-i-sverige\/\",\"url\":\"https:\/\/nyforetagarcentrum.se\/vastraostergotland\/arets-unga-nyforetagare-i-sverige\/\",\"name\":\"\u00c5rets unga nyf\u00f6retagare i Sverige - V\u00e4stra \u00d6sterg\u00f6tland\",\"isPartOf\":{\"@id\":\"https:\/\/nyforetagarcentrum.se\/vastraostergotland\/#website\"},\"datePublished\":\"2024-12-25T14:44:24+00:00\",\"dateModified\":\"2024-12-25T16:15:50+00:00\",\"breadcrumb\":{\"@id\":\"https:\/\/nyforetagarcentrum.se\/vastraostergotland\/arets-unga-nyforetagare-i-sverige\/#breadcrumb\"},\"inLanguage\":\"sv-SE\",\"potentialAction\":[{\"@type\":\"ReadAction\",\"target\":[\"https:\/\/nyforetagarcentrum.se\/vastraostergotland\/arets-unga-nyforetagare-i-sverige\/\"]}]},{\"@type\":\"BreadcrumbList\",\"@id\":\"https:\/\/nyforetagarcentrum.se\/vastraostergotland\/arets-unga-nyforetagare-i-sverige\/#breadcrumb\",\"itemListElement\":[{\"@type\":\"ListItem\",\"position\":1,\"name\":\"Hem\",\"item\":\"https:\/\/nyforetagarcentrum.se\/vastraostergotland\/\"},{\"@type\":\"ListItem\",\"position\":2,\"name\":\"\u00c5rets unga nyf\u00f6retagare i Sverige\"}]},{\"@type\":\"WebSite\",\"@id\":\"https:\/\/nyforetagarcentrum.se\/vastraostergotland\/#website\",\"url\":\"https:\/\/nyforetagarcentrum.se\/vastraostergotland\/\",\"name\":\"V\u00e4stra \u00d6sterg\u00f6tland\",\"description\":\"Sveriges ledande kraft f\u00f6r fler nya livskraftiga f\u00f6retag\",\"publisher\":{\"@id\":\"https:\/\/nyforetagarcentrum.se\/vastraostergotland\/#organization\"},\"potentialAction\":[{\"@type\":\"SearchAction\",\"target\":{\"@type\":\"EntryPoint\",\"urlTemplate\":\"https:\/\/nyforetagarcentrum.se\/vastraostergotland\/?s={search_term_string}\"},\"query-input\":\"required name=search_term_string\"}],\"inLanguage\":\"sv-SE\"},{\"@type\":\"Organization\",\"@id\":\"https:\/\/nyforetagarcentrum.se\/vastraostergotland\/#organization\",\"name\":\"V\u00e4stra \u00d6sterg\u00f6tland\",\"url\":\"https:\/\/nyforetagarcentrum.se\/vastraostergotland\/\",\"logo\":{\"@type\":\"ImageObject\",\"inLanguage\":\"sv-SE\",\"@id\":\"https:\/\/nyforetagarcentrum.se\/vastraostergotland\/#\/schema\/logo\/image\/\",\"url\":\"https:\/\/nyforetagarcentrum.se\/vastraostergotland\/wp-content\/uploads\/sites\/32\/2024\/04\/Vastra-ostergotland-1.png\",\"contentUrl\":\"https:\/\/nyforetagarcentrum.se\/vastraostergotland\/wp-content\/uploads\/sites\/32\/2024\/04\/Vastra-ostergotland-1.png\",\"width\":1082,\"height\":542,\"caption\":\"V\u00e4stra \u00d6sterg\u00f6tland\"},\"image\":{\"@id\":\"https:\/\/nyforetagarcentrum.se\/vastraostergotland\/#\/schema\/logo\/image\/\"}}]}<\/script>\n<!-- \/ Yoast SEO plugin. -->","yoast_head_json":{"title":"\u00c5rets unga nyf\u00f6retagare i Sverige - V\u00e4stra \u00d6sterg\u00f6tland","robots":{"index":"index","follow":"follow","max-snippet":"max-snippet:-1","max-image-preview":"max-image-preview:large","max-video-preview":"max-video-preview:-1"},"canonical":"https:\/\/nyforetagarcentrum.se\/vastraostergotland\/arets-unga-nyforetagare-i-sverige\/","og_locale":"sv_SE","og_type":"article","og_title":"\u00c5rets unga nyf\u00f6retagare i Sverige - V\u00e4stra \u00d6sterg\u00f6tland","og_description":"\u00c5rets unga nyf\u00f6retagare i Sverige Utm\u00e4rkelsen \u00c5rets unga nyf\u00f6retagare i Sverige \u00e4r ett samarbete mellan Nyf\u00f6retagarCentrum Sverige och Fortnox; med st\u00f6ttning av Citi, via bankens stiftelse Citi Foundation. Kriterierna \u00e4r:","og_url":"https:\/\/nyforetagarcentrum.se\/vastraostergotland\/arets-unga-nyforetagare-i-sverige\/","og_site_name":"V\u00e4stra \u00d6sterg\u00f6tland","article_modified_time":"2024-12-25T16:15:50+00:00","twitter_card":"summary_large_image","twitter_misc":{"Ber\u00e4knad l\u00e4stid":"1 minut"},"schema":{"@context":"https:\/\/schema.org","@graph":[{"@type":"WebPage","@id":"https:\/\/nyforetagarcentrum.se\/vastraostergotland\/arets-unga-nyforetagare-i-sverige\/","url":"https:\/\/nyforetagarcentrum.se\/vastraostergotland\/arets-unga-nyforetagare-i-sverige\/","name":"\u00c5rets unga nyf\u00f6retagare i Sverige - V\u00e4stra \u00d6sterg\u00f6tland","isPartOf":{"@id":"https:\/\/nyforetagarcentrum.se\/vastraostergotland\/#website"},"datePublished":"2024-12-25T14:44:24+00:00","dateModified":"2024-12-25T16:15:50+00:00","breadcrumb":{"@id":"https:\/\/nyforetagarcentrum.se\/vastraostergotland\/arets-unga-nyforetagare-i-sverige\/#breadcrumb"},"inLanguage":"sv-SE","potentialAction":[{"@type":"ReadAction","target":["https:\/\/nyforetagarcentrum.se\/vastraostergotland\/arets-unga-nyforetagare-i-sverige\/"]}]},{"@type":"BreadcrumbList","@id":"https:\/\/nyforetagarcentrum.se\/vastraostergotland\/arets-unga-nyforetagare-i-sverige\/#breadcrumb","itemListElement":[{"@type":"ListItem","position":1,"name":"Hem","item":"https:\/\/nyforetagarcentrum.se\/vastraostergotland\/"},{"@type":"ListItem","position":2,"name":"\u00c5rets unga nyf\u00f6retagare i Sverige"}]},{"@type":"WebSite","@id":"https:\/\/nyforetagarcentrum.se\/vastraostergotland\/#website","url":"https:\/\/nyforetagarcentrum.se\/vastraostergotland\/","name":"V\u00e4stra \u00d6sterg\u00f6tland","description":"Sveriges ledande kraft f\u00f6r fler nya livskraftiga f\u00f6retag","publisher":{"@id":"https:\/\/nyforetagarcentrum.se\/vastraostergotland\/#organization"},"potentialAction":[{"@type":"SearchAction","target":{"@type":"EntryPoint","urlTemplate":"https:\/\/nyforetagarcentrum.se\/vastraostergotland\/?s={search_term_string}"},"query-input":"required name=search_term_string"}],"inLanguage":"sv-SE"},{"@type":"Organization","@id":"https:\/\/nyforetagarcentrum.se\/vastraostergotland\/#organization","name":"V\u00e4stra \u00d6sterg\u00f6tland","url":"https:\/\/nyforetagarcentrum.se\/vastraostergotland\/","logo":{"@type":"ImageObject","inLanguage":"sv-SE","@id":"https:\/\/nyforetagarcentrum.se\/vastraostergotland\/#\/schema\/logo\/image\/","url":"https:\/\/nyforetagarcentrum.se\/vastraostergotland\/wp-content\/uploads\/sites\/32\/2024\/04\/Vastra-ostergotland-1.png","contentUrl":"https:\/\/nyforetagarcentrum.se\/vastraostergotland\/wp-content\/uploads\/sites\/32\/2024\/04\/Vastra-ostergotland-1.png","width":1082,"height":542,"caption":"V\u00e4stra \u00d6sterg\u00f6tland"},"image":{"@id":"https:\/\/nyforetagarcentrum.se\/vastraostergotland\/#\/schema\/logo\/image\/"}}]}},"_links":{"self":[{"href":"https:\/\/nyforetagarcentrum.se\/vastraostergotland\/wp-json\/wp\/v2\/pages\/1701"}],"collection":[{"href":"https:\/\/nyforetagarcentrum.se\/vastraostergotland\/wp-json\/wp\/v2\/pages"}],"about":[{"href":"https:\/\/nyforetagarcentrum.se\/vastraostergotland\/wp-json\/wp\/v2\/types\/page"}],"author":[{"embeddable":true,"href":"https:\/\/nyforetagarcentrum.se\/vastraostergotland\/wp-json\/wp\/v2\/users\/41"}],"replies":[{"embeddable":true,"href":"https:\/\/nyforetagarcentrum.se\/vastraostergotland\/wp-json\/wp\/v2\/comments?post=1701"}],"version-history":[{"count":39,"href":"https:\/\/nyforetagarcentrum.se\/vastraostergotland\/wp-json\/wp\/v2\/pages\/1701\/revisions"}],"predecessor-version":[{"id":1755,"href":"https:\/\/nyforetagarcentrum.se\/vastraostergotland\/wp-json\/wp\/v2\/pages\/1701\/revisions\/1755"}],"wp:attachment":[{"href":"https:\/\/nyforetagarcentrum.se\/vastraostergotland\/wp-json\/wp\/v2\/media?parent=1701"}],"curies":[{"name":"wp","href":"https:\/\/api.w.org\/{rel}","templated":true}]}}