{"id":169,"date":"2024-02-27T16:06:59","date_gmt":"2024-02-27T15:06:59","guid":{"rendered":"https:\/\/nyforetagarcentrum.se\/vastraostergotland\/?page_id=169"},"modified":"2025-07-01T16:20:05","modified_gmt":"2025-07-01T14:20:05","slug":"kontakt","status":"publish","type":"page","link":"https:\/\/nyforetagarcentrum.se\/vastraostergotland\/kontakt\/","title":{"rendered":"Kontakt"},"content":{"rendered":"<section  class=\"nfc-block-breadcrumbs\">\n    <div class=\"wrapper contained\">\n        <ol class=\"breadcrumbs\" itemscope itemtype=\"https:\/\/schema.org\/BreadcrumbList\">\n            <li itemprop=\"itemListElement\" itemscope itemtype=\"https:\/\/schema.org\/ListItem\">\n            \n\n                            <span class=\"current\" itemprop=\"name\">Hem<\/span>\n            \n            <meta itemprop=\"position\" content=\"1\" \/>\n        <\/li>\n    <\/ol>    <\/div>\n<\/section>\n\n\n<div style=\"height:100px\" aria-hidden=\"true\" class=\"wp-block-spacer\"><\/div>\n\n\n<section  class=\"nfc-block-split_screen alignwide image_alignment-right theme-dark\">\n    <div class=\"wrapper\">\n        <div class=\"nfc-block-split_screen__image-wrapper\">\n            <img loading=\"lazy\" decoding=\"async\" width=\"720\" height=\"1080\" src=\"https:\/\/nyforetagarcentrum.se\/vastraostergotland\/wp-content\/uploads\/sites\/32\/2024\/02\/074fbd4f185748329fcc0d3630a184b2-720x1080-1.png\" class=\"attachment-landscape size-landscape\" alt=\"\" srcset=\"https:\/\/nyforetagarcentrum.se\/vastraostergotland\/wp-content\/uploads\/sites\/32\/2024\/02\/074fbd4f185748329fcc0d3630a184b2-720x1080-1.png 720w, https:\/\/nyforetagarcentrum.se\/vastraostergotland\/wp-content\/uploads\/sites\/32\/2024\/02\/074fbd4f185748329fcc0d3630a184b2-720x1080-1-200x300.png 200w, https:\/\/nyforetagarcentrum.se\/vastraostergotland\/wp-content\/uploads\/sites\/32\/2024\/02\/074fbd4f185748329fcc0d3630a184b2-720x1080-1-683x1024.png 683w\" sizes=\"(max-width: 720px) 100vw, 720px\" \/>        <\/div>\n\n        <div class=\"nfc-block-split_screen__content-wrapper\">\n            <h2>Kontakta<\/h2>\n<h2>Nyf\u00f6retagarCentrum V\u00e4stra \u00d6sterg\u00f6tland<\/h2>\n<p>\u00c4r du intresserad av att\u00a0<strong>boka r\u00e5dgivning<\/strong> g\u00f6r du det h\u00e4r p\u00e5 hemsidan. Har du andra fr\u00e5gor kan du kontakta oss via mail eller p\u00e5 telefon.<\/p>\n<p>Tel: 0141-510 71<br \/>\nE-post: vastraostergotland@nyforetagarcentrum.se<\/p>\n<p><strong>Bes\u00f6ksadresser Nyf\u00f6retagarCentrum V\u00e4stra \u00d6sterg\u00f6tland:<\/strong><\/p>\n<ul>\n<li><strong>Boxholm:<\/strong>\u00a0Kommunhuset, Storgatan 20<\/li>\n<li><strong>Motala:<\/strong> Drottninggatan 50 (Parkering \/ ing\u00e5ng fr\u00e5n g\u00e5rden i d\u00f6rren under tornet. Vi h\u00e4mtar dig vid ytterd\u00f6rren)<\/li>\n<li><strong>Vadstena:<\/strong>\u00a0Vadstena Infocenter, Storgatan 28<\/li>\n<li><strong>\u00d6desh\u00f6g:\u00a0<\/strong>Kommunhuset, Stora torget 3<\/li>\n<\/ul>\n<p>&nbsp;<\/p>\n<p><strong>Postadress:<\/strong><\/p>\n<p>Nyf\u00f6retagarCentrum V\u00e4stra \u00d6sterg\u00f6tland<br \/>\nDrottninggatan 50<br \/>\n591 27 Motala<\/p>\n\n            \n        <\/div>\n    <\/div>\n<\/section>\n\n\n<div class=\"wp-block-group alignwide is-layout-constrained wp-block-group-is-layout-constrained\"><\/div>\n\n\n\n<div style=\"height:100px\" aria-hidden=\"true\" class=\"wp-block-spacer\"><\/div>\n\n\n<script>const member_map_block_28c4693fae6a56f05f8325ddd828db54 = [{\"id\":\"32-326\",\"lng\":\"15.0500709\",\"lat\":\"58.1969264\",\"title\":\"Nyf\\u00f6retagarCentrum V\\u00e4stra \\u00d6sterg\\u00f6tland (Boxholm)\",\"address\":\"Storgatan 20, 590 11 Boxholm\"},{\"id\":\"32-356\",\"lng\":\"15.0235282\",\"lat\":\"58.5371092\",\"title\":\"Nyf\\u00f6retagarCentrum V\\u00e4stra \\u00d6sterg\\u00f6tland (Motala)\",\"address\":\"Drottninggatan 50, 591 27 Motala\"},{\"id\":\"32-358\",\"lng\":\"14.8893612\",\"lat\":\"58.4483384\",\"title\":\"Nyf\\u00f6retagarCentrum V\\u00e4stra \\u00d6sterg\\u00f6tland (Vadstena)\",\"address\":\"Storgatan 28, 592 30 Vadstena\"},{\"id\":\"32-360\",\"lng\":\"14.6508826\",\"lat\":\"58.2287582\",\"title\":\"Nyf\\u00f6retagarCentrum V\\u00e4stra \\u00d6sterg\\u00f6tland (\\u00d6desh\\u00f6g)\",\"address\":\"Stora torget 3, 599 31 \\u00d6desh\\u00f6g\"}];<\/script>\n\n<!-- Loads the google map api. -->\n<script type=\"text\/javascript\" src=\"\/\/maps.googleapis.com\/maps\/api\/js?key=AIzaSyDGhZjiYRUYd9Gp8cEzhhoiQNx5apfS6jM&#038;sensor=false\"><\/script>\n\n<section  class=\"nfc-block-locations alignwide\">\n\n    <div class=\"search-wrapper\">\n        <input type=\"text\" id=\"search-location\" placeholder=\"S\u00f6k p\u00e5 ort eller adress\">\n    <\/div>\n\n    <div class=\"location-list\">\n\n                    <div class=\"location\" id=\"location-32-326\">\n                <h2 class=\"location-title\">Nyf\u00f6retagarCentrum V\u00e4stra \u00d6sterg\u00f6tland (Boxholm)<\/h2>\n\n                <div class=\"address-container\">\n                    <p>Storgatan 20<\/p>\n                    <p>590 11 Boxholm<\/p>\n                <\/div>\n\n                                    <a href=\"https:\/\/www.nyforetagarcentrum.se\/vastraostergotland\" class=\"location-link\" target=\"_blank\" rel=\"noopener noreferrer\">https:\/\/www.nyforetagarcentrum.se\/vastraostergotland<\/a>\n                \n            <\/div>\n                    <div class=\"location\" id=\"location-32-356\">\n                <h2 class=\"location-title\">Nyf\u00f6retagarCentrum V\u00e4stra \u00d6sterg\u00f6tland (Motala)<\/h2>\n\n                <div class=\"address-container\">\n                    <p>Drottninggatan 50<\/p>\n                    <p>591 27 Motala<\/p>\n                <\/div>\n\n                                    <a href=\"https:\/\/www.nyforetagarcentrum.se\/vastraostergotland\" class=\"location-link\" target=\"_blank\" rel=\"noopener noreferrer\">https:\/\/www.nyforetagarcentrum.se\/vastraostergotland<\/a>\n                \n            <\/div>\n                    <div class=\"location\" id=\"location-32-358\">\n                <h2 class=\"location-title\">Nyf\u00f6retagarCentrum V\u00e4stra \u00d6sterg\u00f6tland (Vadstena)<\/h2>\n\n                <div class=\"address-container\">\n                    <p>Storgatan 28<\/p>\n                    <p>592 30 Vadstena<\/p>\n                <\/div>\n\n                                    <a href=\"https:\/\/www.nyforetagarcentrum.se\/vastraostergotland\" class=\"location-link\" target=\"_blank\" rel=\"noopener noreferrer\">https:\/\/www.nyforetagarcentrum.se\/vastraostergotland<\/a>\n                \n            <\/div>\n                    <div class=\"location\" id=\"location-32-360\">\n                <h2 class=\"location-title\">Nyf\u00f6retagarCentrum V\u00e4stra \u00d6sterg\u00f6tland (\u00d6desh\u00f6g)<\/h2>\n\n                <div class=\"address-container\">\n                    <p>Stora torget 3<\/p>\n                    <p>599 31 \u00d6desh\u00f6g<\/p>\n                <\/div>\n\n                                    <a href=\"https:\/\/www.nyforetagarcentrum.se\/vastraostergotland\" class=\"location-link\" target=\"_blank\" rel=\"noopener noreferrer\">https:\/\/www.nyforetagarcentrum.se\/vastraostergotland<\/a>\n                \n            <\/div>\n        \n    <\/div>\n    <div class=\"location-map\" id=\"map\">\n        <noscript><p>JavaScript is required to render the Google Map.<\/p><\/noscript>\n    <\/div>\n<\/section>\n\n\n\n<script>\n\n\t\/\/ Initialize and add the map\n\tlet map;\n\n\tasync function initMap() {\n\n        \/\/ Fetch the current position based on the user's IP address.\n        const userLocation = await fetch('https:\/\/ipapi.co\/json\/')\n            .then(response => response.json())\n            .then(data => {\n                return {\n                    lat: data.latitude,\n                    lng: data.longitude\n                };\n            })\n            .catch(error => {\n                console.error('Error:', error);\n            });\n\n\n\n\t\t\/\/ Request needed libraries.\n\t\tconst { Map } = await google.maps.importLibrary(\"maps\");\n\t\tconst { AdvancedMarkerElement } = await google.maps.importLibrary(\"marker\");\n\n\t\t\/\/ The map, centered at Uluru\n\t\tmap = new google.maps.Map(document.getElementById(\"map\"), {\n\t\t\tzoom: 5,\n\t\t\tmapId: \"7883236a355b0892\"\n\t\t});\n\n\n\t\t\/\/ Add the pins\n\t\tconst pins = member_map_block_28c4693fae6a56f05f8325ddd828db54;\n\t\tconst markers = pins.map(pin => {\n\n\t\t\tconst marker = new AdvancedMarkerElement({\n\t\t\t\tposition: { lat: Number(pin.lat), lng: Number(pin.lng) },\n\t\t\t\tmap,\n\t\t\t\ttitle: pin.title,\n\t\t\t});\n\n\t\t\tmarker.addListener('gmp-click', () => {\n                const el = document.getElementById('location-' + pin.id);\n                if ( ! el ) {\n                    return;\n                }\n\n                el.scrollIntoView({ behavior: 'smooth', block: 'nearest', inline: 'start' })\n                el.classList.add('highlighted');\n                setTimeout(() => el.classList.remove('highlighted'), 1000);\n\t\t\t})\n\n\t\t\treturn {marker, pin};\n\t\t});\n\n\n        const bounds = new google.maps.LatLngBounds();\n        markers.forEach(marker => bounds.extend(marker.marker.position));\n\n\n        \/\/ Center the map on the user location\n        if (userLocation && bounds.contains(userLocation)) {\n            map.setCenter(userLocation);\n            map.setZoom(9);\n        } else {\n            map.fitBounds(bounds);\n        }\n\n        google.maps.event.addListener(map, 'idle', function() {\n            if (markers.some(marker => map.getBounds().contains(marker.marker.position))) {\n            } else {\n                map.setZoom(map.getZoom() - 1);\n            }\n        });\n\n\n\n        const searchInput = document.getElementById('search-location');\n        if (searchInput) {\n            searchInput.addEventListener('input', (e) => {\n                const search = e.target.value.toLowerCase();\n                const locations = document.querySelectorAll('.location');\n                locations.forEach(location => {\n                    const title = location.querySelector('.location-title').textContent.toLowerCase();\n                    const address = location.querySelector('.address-container').textContent.toLowerCase();\n                    if (title.includes(search) || address.includes(search)) {\n                        location.style.display = 'block';\n                    } else {\n                        location.style.display = 'none';\n                    }\n                });\n\n                const bounds = new google.maps.LatLngBounds();\n\n\n                let hasMarker = false;\n                markers.forEach(marker => {\n                    const title = marker.pin.title.toLowerCase();\n                    const address = marker.pin.address.toLowerCase();\n                    if (title.includes(search) || address.includes(search)) {\n                        marker.marker.setMap(map);\n                        bounds.extend(marker.marker.position)\n                        hasMarker = true;\n                    } else {\n                        marker.marker.setMap(null);\n                    }\n                });\n\n                if (!hasMarker) {\n                    map.setCenter({ lat: 62.3908, lng: 16.3252 });\n                    map.setZoom(5);\n                } else {\n                    map.fitBounds(bounds);\n                }\n            });\n        }\n\t}\n\n\tinitMap();\n\n\n<\/script>\n\n\n<div style=\"height:100px\" aria-hidden=\"true\" class=\"wp-block-spacer\"><\/div>\n","protected":false},"excerpt":{"rendered":"","protected":false},"author":1,"featured_media":0,"parent":0,"menu_order":0,"comment_status":"closed","ping_status":"closed","template":"","meta":{"footnotes":""},"acf":[],"yoast_head":"<!-- This site is optimized with the Yoast SEO plugin v22.9 - https:\/\/yoast.com\/wordpress\/plugins\/seo\/ -->\n<title>Kontakt - V\u00e4stra \u00d6sterg\u00f6tland<\/title>\n<meta name=\"robots\" content=\"index, follow, max-snippet:-1, max-image-preview:large, max-video-preview:-1\" \/>\n<link rel=\"canonical\" href=\"https:\/\/nyforetagarcentrum.se\/vastraostergotland\/kontakt\/\" \/>\n<meta property=\"og:locale\" content=\"sv_SE\" \/>\n<meta property=\"og:type\" content=\"article\" \/>\n<meta property=\"og:title\" content=\"Kontakt - V\u00e4stra \u00d6sterg\u00f6tland\" \/>\n<meta property=\"og:url\" content=\"https:\/\/nyforetagarcentrum.se\/vastraostergotland\/kontakt\/\" \/>\n<meta property=\"og:site_name\" content=\"V\u00e4stra \u00d6sterg\u00f6tland\" \/>\n<meta property=\"article:modified_time\" content=\"2025-07-01T14:20:05+00:00\" \/>\n<meta name=\"twitter:card\" content=\"summary_large_image\" \/>\n<script type=\"application\/ld+json\" class=\"yoast-schema-graph\">{\"@context\":\"https:\/\/schema.org\",\"@graph\":[{\"@type\":\"WebPage\",\"@id\":\"https:\/\/nyforetagarcentrum.se\/vastraostergotland\/kontakt\/\",\"url\":\"https:\/\/nyforetagarcentrum.se\/vastraostergotland\/kontakt\/\",\"name\":\"Kontakt - V\u00e4stra \u00d6sterg\u00f6tland\",\"isPartOf\":{\"@id\":\"https:\/\/nyforetagarcentrum.se\/vastraostergotland\/#website\"},\"datePublished\":\"2024-02-27T15:06:59+00:00\",\"dateModified\":\"2025-07-01T14:20:05+00:00\",\"breadcrumb\":{\"@id\":\"https:\/\/nyforetagarcentrum.se\/vastraostergotland\/kontakt\/#breadcrumb\"},\"inLanguage\":\"sv-SE\",\"potentialAction\":[{\"@type\":\"ReadAction\",\"target\":[\"https:\/\/nyforetagarcentrum.se\/vastraostergotland\/kontakt\/\"]}]},{\"@type\":\"BreadcrumbList\",\"@id\":\"https:\/\/nyforetagarcentrum.se\/vastraostergotland\/kontakt\/#breadcrumb\",\"itemListElement\":[{\"@type\":\"ListItem\",\"position\":1,\"name\":\"Hem\",\"item\":\"https:\/\/nyforetagarcentrum.se\/vastraostergotland\/\"},{\"@type\":\"ListItem\",\"position\":2,\"name\":\"Kontakt\"}]},{\"@type\":\"WebSite\",\"@id\":\"https:\/\/nyforetagarcentrum.se\/vastraostergotland\/#website\",\"url\":\"https:\/\/nyforetagarcentrum.se\/vastraostergotland\/\",\"name\":\"V\u00e4stra \u00d6sterg\u00f6tland\",\"description\":\"Sveriges ledande kraft f\u00f6r fler nya livskraftiga f\u00f6retag\",\"publisher\":{\"@id\":\"https:\/\/nyforetagarcentrum.se\/vastraostergotland\/#organization\"},\"potentialAction\":[{\"@type\":\"SearchAction\",\"target\":{\"@type\":\"EntryPoint\",\"urlTemplate\":\"https:\/\/nyforetagarcentrum.se\/vastraostergotland\/?s={search_term_string}\"},\"query-input\":\"required name=search_term_string\"}],\"inLanguage\":\"sv-SE\"},{\"@type\":\"Organization\",\"@id\":\"https:\/\/nyforetagarcentrum.se\/vastraostergotland\/#organization\",\"name\":\"V\u00e4stra \u00d6sterg\u00f6tland\",\"url\":\"https:\/\/nyforetagarcentrum.se\/vastraostergotland\/\",\"logo\":{\"@type\":\"ImageObject\",\"inLanguage\":\"sv-SE\",\"@id\":\"https:\/\/nyforetagarcentrum.se\/vastraostergotland\/#\/schema\/logo\/image\/\",\"url\":\"https:\/\/nyforetagarcentrum.se\/vastraostergotland\/wp-content\/uploads\/sites\/32\/2024\/04\/Vastra-ostergotland-1.png\",\"contentUrl\":\"https:\/\/nyforetagarcentrum.se\/vastraostergotland\/wp-content\/uploads\/sites\/32\/2024\/04\/Vastra-ostergotland-1.png\",\"width\":1082,\"height\":542,\"caption\":\"V\u00e4stra \u00d6sterg\u00f6tland\"},\"image\":{\"@id\":\"https:\/\/nyforetagarcentrum.se\/vastraostergotland\/#\/schema\/logo\/image\/\"}}]}<\/script>\n<!-- \/ Yoast SEO plugin. -->","yoast_head_json":{"title":"Kontakt - V\u00e4stra \u00d6sterg\u00f6tland","robots":{"index":"index","follow":"follow","max-snippet":"max-snippet:-1","max-image-preview":"max-image-preview:large","max-video-preview":"max-video-preview:-1"},"canonical":"https:\/\/nyforetagarcentrum.se\/vastraostergotland\/kontakt\/","og_locale":"sv_SE","og_type":"article","og_title":"Kontakt - V\u00e4stra \u00d6sterg\u00f6tland","og_url":"https:\/\/nyforetagarcentrum.se\/vastraostergotland\/kontakt\/","og_site_name":"V\u00e4stra \u00d6sterg\u00f6tland","article_modified_time":"2025-07-01T14:20:05+00:00","twitter_card":"summary_large_image","schema":{"@context":"https:\/\/schema.org","@graph":[{"@type":"WebPage","@id":"https:\/\/nyforetagarcentrum.se\/vastraostergotland\/kontakt\/","url":"https:\/\/nyforetagarcentrum.se\/vastraostergotland\/kontakt\/","name":"Kontakt - V\u00e4stra \u00d6sterg\u00f6tland","isPartOf":{"@id":"https:\/\/nyforetagarcentrum.se\/vastraostergotland\/#website"},"datePublished":"2024-02-27T15:06:59+00:00","dateModified":"2025-07-01T14:20:05+00:00","breadcrumb":{"@id":"https:\/\/nyforetagarcentrum.se\/vastraostergotland\/kontakt\/#breadcrumb"},"inLanguage":"sv-SE","potentialAction":[{"@type":"ReadAction","target":["https:\/\/nyforetagarcentrum.se\/vastraostergotland\/kontakt\/"]}]},{"@type":"BreadcrumbList","@id":"https:\/\/nyforetagarcentrum.se\/vastraostergotland\/kontakt\/#breadcrumb","itemListElement":[{"@type":"ListItem","position":1,"name":"Hem","item":"https:\/\/nyforetagarcentrum.se\/vastraostergotland\/"},{"@type":"ListItem","position":2,"name":"Kontakt"}]},{"@type":"WebSite","@id":"https:\/\/nyforetagarcentrum.se\/vastraostergotland\/#website","url":"https:\/\/nyforetagarcentrum.se\/vastraostergotland\/","name":"V\u00e4stra \u00d6sterg\u00f6tland","description":"Sveriges ledande kraft f\u00f6r fler nya livskraftiga f\u00f6retag","publisher":{"@id":"https:\/\/nyforetagarcentrum.se\/vastraostergotland\/#organization"},"potentialAction":[{"@type":"SearchAction","target":{"@type":"EntryPoint","urlTemplate":"https:\/\/nyforetagarcentrum.se\/vastraostergotland\/?s={search_term_string}"},"query-input":"required name=search_term_string"}],"inLanguage":"sv-SE"},{"@type":"Organization","@id":"https:\/\/nyforetagarcentrum.se\/vastraostergotland\/#organization","name":"V\u00e4stra \u00d6sterg\u00f6tland","url":"https:\/\/nyforetagarcentrum.se\/vastraostergotland\/","logo":{"@type":"ImageObject","inLanguage":"sv-SE","@id":"https:\/\/nyforetagarcentrum.se\/vastraostergotland\/#\/schema\/logo\/image\/","url":"https:\/\/nyforetagarcentrum.se\/vastraostergotland\/wp-content\/uploads\/sites\/32\/2024\/04\/Vastra-ostergotland-1.png","contentUrl":"https:\/\/nyforetagarcentrum.se\/vastraostergotland\/wp-content\/uploads\/sites\/32\/2024\/04\/Vastra-ostergotland-1.png","width":1082,"height":542,"caption":"V\u00e4stra \u00d6sterg\u00f6tland"},"image":{"@id":"https:\/\/nyforetagarcentrum.se\/vastraostergotland\/#\/schema\/logo\/image\/"}}]}},"_links":{"self":[{"href":"https:\/\/nyforetagarcentrum.se\/vastraostergotland\/wp-json\/wp\/v2\/pages\/169"}],"collection":[{"href":"https:\/\/nyforetagarcentrum.se\/vastraostergotland\/wp-json\/wp\/v2\/pages"}],"about":[{"href":"https:\/\/nyforetagarcentrum.se\/vastraostergotland\/wp-json\/wp\/v2\/types\/page"}],"author":[{"embeddable":true,"href":"https:\/\/nyforetagarcentrum.se\/vastraostergotland\/wp-json\/wp\/v2\/users\/1"}],"replies":[{"embeddable":true,"href":"https:\/\/nyforetagarcentrum.se\/vastraostergotland\/wp-json\/wp\/v2\/comments?post=169"}],"version-history":[{"count":42,"href":"https:\/\/nyforetagarcentrum.se\/vastraostergotland\/wp-json\/wp\/v2\/pages\/169\/revisions"}],"predecessor-version":[{"id":2262,"href":"https:\/\/nyforetagarcentrum.se\/vastraostergotland\/wp-json\/wp\/v2\/pages\/169\/revisions\/2262"}],"wp:attachment":[{"href":"https:\/\/nyforetagarcentrum.se\/vastraostergotland\/wp-json\/wp\/v2\/media?parent=169"}],"curies":[{"name":"wp","href":"https:\/\/api.w.org\/{rel}","templated":true}]}}