{"id":161,"date":"2024-02-27T16:04:37","date_gmt":"2024-02-27T15:04:37","guid":{"rendered":"https:\/\/nyforetagarcentrum.se\/vastraostergotland\/?page_id=161"},"modified":"2025-05-17T19:07:28","modified_gmt":"2025-05-17T17:07:28","slug":"om-oss","status":"publish","type":"page","link":"https:\/\/nyforetagarcentrum.se\/vastraostergotland\/om-oss\/","title":{"rendered":"Om oss"},"content":{"rendered":"<section  class=\"nfc-block-hero alignfull\">\n\n    <img loading=\"lazy\" decoding=\"async\" width=\"714\" height=\"622\" src=\"https:\/\/nyforetagarcentrum.se\/vastraostergotland\/wp-content\/uploads\/sites\/32\/2024\/02\/ySLeov8m_8.png\" class=\"attachment-landscape size-landscape\" alt=\"\" srcset=\"https:\/\/nyforetagarcentrum.se\/vastraostergotland\/wp-content\/uploads\/sites\/32\/2024\/02\/ySLeov8m_8.png 714w, https:\/\/nyforetagarcentrum.se\/vastraostergotland\/wp-content\/uploads\/sites\/32\/2024\/02\/ySLeov8m_8-300x261.png 300w\" sizes=\"(max-width: 714px) 100vw, 714px\" \/>\n    <div class=\"contained\">\n        <h1 class=\"nfc-block-hero__heading\">Om oss<\/h1>\n\n            <\/div>\n<\/section>\n\n\n<div style=\"height:50px\" aria-hidden=\"true\" class=\"wp-block-spacer\"><\/div>\n\n\n<section  class=\"nfc-block-breadcrumbs\">\n    <div class=\"wrapper contained\">\n        <ol class=\"breadcrumbs\" itemscope itemtype=\"https:\/\/schema.org\/BreadcrumbList\">\n            <li itemprop=\"itemListElement\" itemscope itemtype=\"https:\/\/schema.org\/ListItem\">\n            \n\n                            <span class=\"current\" itemprop=\"name\">Hem<\/span>\n            \n            <meta itemprop=\"position\" content=\"1\" \/>\n        <\/li>\n    <\/ol>    <\/div>\n<\/section>\n\n\n<div style=\"height:51px\" aria-hidden=\"true\" class=\"wp-block-spacer\"><\/div>\n\n\n<section  class=\"nfc-block-split_screen alignwide image_alignment-left\">\n    <div class=\"wrapper\">\n        <div class=\"nfc-block-split_screen__image-wrapper\">\n            <img loading=\"lazy\" decoding=\"async\" width=\"1469\" height=\"981\" src=\"https:\/\/nyforetagarcentrum.se\/vastraostergotland\/wp-content\/uploads\/sites\/32\/2024\/02\/4083b98ac6a43f162142a286decbc08f.png\" class=\"attachment-landscape size-landscape\" alt=\"\" srcset=\"https:\/\/nyforetagarcentrum.se\/vastraostergotland\/wp-content\/uploads\/sites\/32\/2024\/02\/4083b98ac6a43f162142a286decbc08f.png 1469w, https:\/\/nyforetagarcentrum.se\/vastraostergotland\/wp-content\/uploads\/sites\/32\/2024\/02\/4083b98ac6a43f162142a286decbc08f-300x200.png 300w, https:\/\/nyforetagarcentrum.se\/vastraostergotland\/wp-content\/uploads\/sites\/32\/2024\/02\/4083b98ac6a43f162142a286decbc08f-1024x684.png 1024w, https:\/\/nyforetagarcentrum.se\/vastraostergotland\/wp-content\/uploads\/sites\/32\/2024\/02\/4083b98ac6a43f162142a286decbc08f-768x513.png 768w\" sizes=\"(max-width: 1469px) 100vw, 1469px\" \/>        <\/div>\n\n        <div class=\"nfc-block-split_screen__content-wrapper\">\n            <h2>Om Oss<\/h2>\n<p>Nyf\u00f6retagarCentrum ger dig som funderar p\u00e5 att starta eget f\u00f6retag \u2013 eller redan har startat \u2013 kostnadsfri r\u00e5dgivning. Vi har erfarna r\u00e5dgivare som hj\u00e4lper dig med din aff\u00e4rsid\u00e9, fr\u00e5gor kring budget, marknadsf\u00f6ring eller vad du vill som r\u00f6r ditt f\u00f6retagande. V\u00e5rt verksamhetsomr\u00e5de omfattar fyra kommuner: <strong>Boxholm, Motala, Vadstena<\/strong>\u00a0och\u00a0<strong>\u00d6desh\u00f6g<\/strong><b>.\u00a0<\/b><span class=\"s1\">I samband med att du g\u00f6r din bokning ser du var du kan tr\u00e4ffa oss f\u00f6r r\u00e5dgivning respektive p\u00e5 vilken ort en specifik aktivitet genomf\u00f6rs.<\/span><\/p>\n<p>N\u00e4r du har varit p\u00e5 r\u00e5dgivning hos oss kommer du att vara v\u00e4l f\u00f6rberedd f\u00f6r livet som egenf\u00f6retagare. Det enda vi kr\u00e4ver av dig \u00e4r ditt engagemang och att du tror p\u00e5 din id\u00e9.<\/p>\n<p>R\u00e5dgivningen \u00e4r helt kostnadsfri tack vare v\u00e5rt n\u00e4tverk av samarbetspartners som st\u00f6der oss, b\u00e5de med finansiella medel och med personlig expertis och engagemang.<\/p>\n<p><strong><a href=\"https:\/\/nyforetagarcentrum.se\/vastraostergotland\/kontakt\/\">Har du en f\u00f6retagsid\u00e9 \u2013 h\u00f6r av dig till oss redan idag!<\/a><\/strong><\/p>\n<p><img decoding=\"async\" src=\"https:\/\/nyforetagarcentrum.se\/vastraostergotland\/wp-content\/uploads\/sites\/32\/2024\/05\/CertifieratNFC_366x158_vastraostergotland.gif\" alt=\"CertifieratNFC_366x158_vastraostergotland.gif (366\u00d7158)\" \/><\/p>\n<p>&nbsp;<\/p>\n\n                            <div class=\"nfc-block-split_screen__buttons\">\n                                            <a href=\"vara-samarbetspartners\/\" class=\"button outlined\">V\u00e5ra samarbetspartners<\/a>\n                                    <\/div>\n            \n        <\/div>\n    <\/div>\n<\/section>\n\n\n<div style=\"height:50px\" aria-hidden=\"true\" class=\"wp-block-spacer\"><\/div>\n\n\n\n<div class=\"wp-block-group alignfull has-white-background-color has-background is-layout-constrained wp-block-group-is-layout-constrained\">\n<div style=\"height:51px\" aria-hidden=\"true\" class=\"wp-block-spacer\"><\/div>\n\n\n<section  class=\"nfc-block-quote contained alignfull\">\n    <div class=\"wrapper contained\">\n        <p class=\"quote h2\">NKI &#8211; N\u00f6jd kundindex 2023 f\u00f6r Nyf\u00f6retagarCentrums V\u00e4stra \u00d6sterg\u00f6tland<\/p>\n        <div class=\"author\">\n            <div class=\"avatar\">\n                <img loading=\"lazy\" decoding=\"async\" width=\"150\" height=\"150\" src=\"https:\/\/nyforetagarcentrum.se\/vastraostergotland\/wp-content\/uploads\/sites\/32\/2024\/05\/diploma-152024_640-150x150.png\" class=\"attachment-thumbnail size-thumbnail\" alt=\"\" \/>            <\/div>\n            <div class=\"text\">\n                <p class=\"name\"><\/p>\n                <p class=\"subtitle\"><\/p>\n            <\/div>\n        <\/div>\n    <\/div>\n<\/section>\n\n\n<div class=\"wp-block-columns alignwide is-layout-flex wp-container-core-columns-is-layout-1 wp-block-columns-is-layout-flex\">\n<div class=\"wp-block-column is-layout-flow wp-block-column-is-layout-flow\">\n<p class=\"no-margin\" style=\"font-size:100px;font-style:normal;font-weight:700\">100%<\/p>\n\n\n\n<h2 class=\"wp-block-heading has-text-align-left has-text-color has-link-color wp-elements-eb2970dd5cf15ba92b1c5d993849846d\" style=\"color:#4d4d4d\"><strong>N\u00f6jdhet<\/strong><\/h2>\n<\/div>\n\n\n\n<div class=\"wp-block-column is-layout-flow wp-block-column-is-layout-flow\">\n<p class=\"no-margin\" style=\"font-size:100px;font-style:normal;font-weight:700\">100%<\/p>\n\n\n\n<h2 class=\"wp-block-heading has-text-color has-link-color wp-elements-0c8406e022ebbaec2d857b249582ae5b\" style=\"color:#4d4d4d\"><strong>Nytta<\/strong><\/h2>\n<\/div>\n\n\n\n<div class=\"wp-block-column is-layout-flow wp-block-column-is-layout-flow\">\n<p class=\"no-margin\" style=\"font-size:100px;font-style:normal;font-weight:700\">100%<\/p>\n\n\n\n<h2 class=\"wp-block-heading has-text-color has-link-color wp-elements-1d98613baf5ec05c7422f3b9ac5b03a1\" style=\"color:#4d4d4d\"><strong>Rekommendation<\/strong><\/h2>\n<\/div>\n<\/div>\n\n\n\n<div style=\"height:51px\" aria-hidden=\"true\" class=\"wp-block-spacer\"><\/div>\n<\/div>\n\n\n<section  class=\"nfc-block-split_screen alignwide image_alignment-right\">\n    <div class=\"wrapper\">\n        <div class=\"nfc-block-split_screen__image-wrapper\">\n            <img loading=\"lazy\" decoding=\"async\" width=\"1080\" height=\"1080\" src=\"https:\/\/nyforetagarcentrum.se\/vastraostergotland\/wp-content\/uploads\/sites\/32\/2024\/10\/Globala-mal-kvadrat-1080x1080-1.png\" class=\"attachment-landscape size-landscape\" alt=\"\" srcset=\"https:\/\/nyforetagarcentrum.se\/vastraostergotland\/wp-content\/uploads\/sites\/32\/2024\/10\/Globala-mal-kvadrat-1080x1080-1.png 1080w, https:\/\/nyforetagarcentrum.se\/vastraostergotland\/wp-content\/uploads\/sites\/32\/2024\/10\/Globala-mal-kvadrat-1080x1080-1-300x300.png 300w, https:\/\/nyforetagarcentrum.se\/vastraostergotland\/wp-content\/uploads\/sites\/32\/2024\/10\/Globala-mal-kvadrat-1080x1080-1-1024x1024.png 1024w, https:\/\/nyforetagarcentrum.se\/vastraostergotland\/wp-content\/uploads\/sites\/32\/2024\/10\/Globala-mal-kvadrat-1080x1080-1-150x150.png 150w, https:\/\/nyforetagarcentrum.se\/vastraostergotland\/wp-content\/uploads\/sites\/32\/2024\/10\/Globala-mal-kvadrat-1080x1080-1-768x768.png 768w\" sizes=\"(max-width: 1080px) 100vw, 1080px\" \/>        <\/div>\n\n        <div class=\"nfc-block-split_screen__content-wrapper\">\n            <h2>H\u00e5llbarhetsarbete<\/h2>\n<p>Ett h\u00e5llbart f\u00f6retagande \u00e4r en viktig del i att skapa ett h\u00e5llbart samh\u00e4lle. Genom Nyf\u00f6retagarCentrums r\u00e5dgivning belyses h\u00e5llbarhetsaspekten inf\u00f6r varje f\u00f6retagsstart. F\u00f6retagens sociala ansvar st\u00e5r st\u00e4ndigt i fokus.<\/p>\n<p>Nyf\u00f6retagarCentrum har en tradition vad g\u00e4ller CSR (Corporate Social Responsibility), som medgrundare 1995 till CSR Europe och 2004 till CSR Sweden. Vi anknyter i v\u00e5r verksamhet till FN:s globala m\u00e5l. 2015 antog FN:s medlemsstater Agenda 2030 (se nedan). Syftet h\u00e4r \u00e4r att \u00e5r 2030 uppn\u00e5 en socialt, milj\u00f6m\u00e4ssigt och ekonomiskt h\u00e5llbar utveckling v\u00e4rlden \u00f6ver.<\/p>\n\n                            <div class=\"nfc-block-split_screen__buttons\">\n                                            <a href=\"vara-samarbetspartners\/\" class=\"button outlined\">V\u00e5ra samarbetspartners<\/a>\n                                    <\/div>\n            \n        <\/div>\n    <\/div>\n<\/section>\n\n\n<div style=\"height:50px\" aria-hidden=\"true\" class=\"wp-block-spacer\"><\/div>\n","protected":false},"excerpt":{"rendered":"<p>100% N\u00f6jdhet 100% Nytta 100% Rekommendation<\/p>\n","protected":false},"author":1,"featured_media":0,"parent":0,"menu_order":0,"comment_status":"closed","ping_status":"closed","template":"","meta":{"footnotes":""},"acf":[],"yoast_head":"<!-- This site is optimized with the Yoast SEO plugin v22.9 - https:\/\/yoast.com\/wordpress\/plugins\/seo\/ -->\n<title>Om oss - V\u00e4stra \u00d6sterg\u00f6tland<\/title>\n<meta name=\"robots\" content=\"index, follow, max-snippet:-1, max-image-preview:large, max-video-preview:-1\" \/>\n<link rel=\"canonical\" href=\"https:\/\/nyforetagarcentrum.se\/vastraostergotland\/om-oss\/\" \/>\n<meta property=\"og:locale\" content=\"sv_SE\" \/>\n<meta property=\"og:type\" content=\"article\" \/>\n<meta property=\"og:title\" content=\"Om oss - V\u00e4stra \u00d6sterg\u00f6tland\" \/>\n<meta property=\"og:description\" content=\"100% N\u00f6jdhet 100% Nytta 100% Rekommendation\" \/>\n<meta property=\"og:url\" content=\"https:\/\/nyforetagarcentrum.se\/vastraostergotland\/om-oss\/\" \/>\n<meta property=\"og:site_name\" content=\"V\u00e4stra \u00d6sterg\u00f6tland\" \/>\n<meta property=\"article:modified_time\" content=\"2025-05-17T17:07:28+00:00\" \/>\n<meta name=\"twitter:card\" content=\"summary_large_image\" \/>\n<meta name=\"twitter:label1\" content=\"Ber\u00e4knad l\u00e4stid\" \/>\n\t<meta name=\"twitter:data1\" content=\"1 minut\" \/>\n<script type=\"application\/ld+json\" class=\"yoast-schema-graph\">{\"@context\":\"https:\/\/schema.org\",\"@graph\":[{\"@type\":\"WebPage\",\"@id\":\"https:\/\/nyforetagarcentrum.se\/vastraostergotland\/om-oss\/\",\"url\":\"https:\/\/nyforetagarcentrum.se\/vastraostergotland\/om-oss\/\",\"name\":\"Om oss - V\u00e4stra \u00d6sterg\u00f6tland\",\"isPartOf\":{\"@id\":\"https:\/\/nyforetagarcentrum.se\/vastraostergotland\/#website\"},\"datePublished\":\"2024-02-27T15:04:37+00:00\",\"dateModified\":\"2025-05-17T17:07:28+00:00\",\"breadcrumb\":{\"@id\":\"https:\/\/nyforetagarcentrum.se\/vastraostergotland\/om-oss\/#breadcrumb\"},\"inLanguage\":\"sv-SE\",\"potentialAction\":[{\"@type\":\"ReadAction\",\"target\":[\"https:\/\/nyforetagarcentrum.se\/vastraostergotland\/om-oss\/\"]}]},{\"@type\":\"BreadcrumbList\",\"@id\":\"https:\/\/nyforetagarcentrum.se\/vastraostergotland\/om-oss\/#breadcrumb\",\"itemListElement\":[{\"@type\":\"ListItem\",\"position\":1,\"name\":\"Hem\",\"item\":\"https:\/\/nyforetagarcentrum.se\/vastraostergotland\/\"},{\"@type\":\"ListItem\",\"position\":2,\"name\":\"Om oss\"}]},{\"@type\":\"WebSite\",\"@id\":\"https:\/\/nyforetagarcentrum.se\/vastraostergotland\/#website\",\"url\":\"https:\/\/nyforetagarcentrum.se\/vastraostergotland\/\",\"name\":\"V\u00e4stra \u00d6sterg\u00f6tland\",\"description\":\"Sveriges ledande kraft f\u00f6r fler nya livskraftiga f\u00f6retag\",\"publisher\":{\"@id\":\"https:\/\/nyforetagarcentrum.se\/vastraostergotland\/#organization\"},\"potentialAction\":[{\"@type\":\"SearchAction\",\"target\":{\"@type\":\"EntryPoint\",\"urlTemplate\":\"https:\/\/nyforetagarcentrum.se\/vastraostergotland\/?s={search_term_string}\"},\"query-input\":\"required name=search_term_string\"}],\"inLanguage\":\"sv-SE\"},{\"@type\":\"Organization\",\"@id\":\"https:\/\/nyforetagarcentrum.se\/vastraostergotland\/#organization\",\"name\":\"V\u00e4stra \u00d6sterg\u00f6tland\",\"url\":\"https:\/\/nyforetagarcentrum.se\/vastraostergotland\/\",\"logo\":{\"@type\":\"ImageObject\",\"inLanguage\":\"sv-SE\",\"@id\":\"https:\/\/nyforetagarcentrum.se\/vastraostergotland\/#\/schema\/logo\/image\/\",\"url\":\"https:\/\/nyforetagarcentrum.se\/vastraostergotland\/wp-content\/uploads\/sites\/32\/2024\/04\/Vastra-ostergotland-1.png\",\"contentUrl\":\"https:\/\/nyforetagarcentrum.se\/vastraostergotland\/wp-content\/uploads\/sites\/32\/2024\/04\/Vastra-ostergotland-1.png\",\"width\":1082,\"height\":542,\"caption\":\"V\u00e4stra \u00d6sterg\u00f6tland\"},\"image\":{\"@id\":\"https:\/\/nyforetagarcentrum.se\/vastraostergotland\/#\/schema\/logo\/image\/\"}}]}<\/script>\n<!-- \/ Yoast SEO plugin. -->","yoast_head_json":{"title":"Om oss - V\u00e4stra \u00d6sterg\u00f6tland","robots":{"index":"index","follow":"follow","max-snippet":"max-snippet:-1","max-image-preview":"max-image-preview:large","max-video-preview":"max-video-preview:-1"},"canonical":"https:\/\/nyforetagarcentrum.se\/vastraostergotland\/om-oss\/","og_locale":"sv_SE","og_type":"article","og_title":"Om oss - V\u00e4stra \u00d6sterg\u00f6tland","og_description":"100% N\u00f6jdhet 100% Nytta 100% Rekommendation","og_url":"https:\/\/nyforetagarcentrum.se\/vastraostergotland\/om-oss\/","og_site_name":"V\u00e4stra \u00d6sterg\u00f6tland","article_modified_time":"2025-05-17T17:07:28+00:00","twitter_card":"summary_large_image","twitter_misc":{"Ber\u00e4knad l\u00e4stid":"1 minut"},"schema":{"@context":"https:\/\/schema.org","@graph":[{"@type":"WebPage","@id":"https:\/\/nyforetagarcentrum.se\/vastraostergotland\/om-oss\/","url":"https:\/\/nyforetagarcentrum.se\/vastraostergotland\/om-oss\/","name":"Om oss - V\u00e4stra \u00d6sterg\u00f6tland","isPartOf":{"@id":"https:\/\/nyforetagarcentrum.se\/vastraostergotland\/#website"},"datePublished":"2024-02-27T15:04:37+00:00","dateModified":"2025-05-17T17:07:28+00:00","breadcrumb":{"@id":"https:\/\/nyforetagarcentrum.se\/vastraostergotland\/om-oss\/#breadcrumb"},"inLanguage":"sv-SE","potentialAction":[{"@type":"ReadAction","target":["https:\/\/nyforetagarcentrum.se\/vastraostergotland\/om-oss\/"]}]},{"@type":"BreadcrumbList","@id":"https:\/\/nyforetagarcentrum.se\/vastraostergotland\/om-oss\/#breadcrumb","itemListElement":[{"@type":"ListItem","position":1,"name":"Hem","item":"https:\/\/nyforetagarcentrum.se\/vastraostergotland\/"},{"@type":"ListItem","position":2,"name":"Om oss"}]},{"@type":"WebSite","@id":"https:\/\/nyforetagarcentrum.se\/vastraostergotland\/#website","url":"https:\/\/nyforetagarcentrum.se\/vastraostergotland\/","name":"V\u00e4stra \u00d6sterg\u00f6tland","description":"Sveriges ledande kraft f\u00f6r fler nya livskraftiga f\u00f6retag","publisher":{"@id":"https:\/\/nyforetagarcentrum.se\/vastraostergotland\/#organization"},"potentialAction":[{"@type":"SearchAction","target":{"@type":"EntryPoint","urlTemplate":"https:\/\/nyforetagarcentrum.se\/vastraostergotland\/?s={search_term_string}"},"query-input":"required name=search_term_string"}],"inLanguage":"sv-SE"},{"@type":"Organization","@id":"https:\/\/nyforetagarcentrum.se\/vastraostergotland\/#organization","name":"V\u00e4stra \u00d6sterg\u00f6tland","url":"https:\/\/nyforetagarcentrum.se\/vastraostergotland\/","logo":{"@type":"ImageObject","inLanguage":"sv-SE","@id":"https:\/\/nyforetagarcentrum.se\/vastraostergotland\/#\/schema\/logo\/image\/","url":"https:\/\/nyforetagarcentrum.se\/vastraostergotland\/wp-content\/uploads\/sites\/32\/2024\/04\/Vastra-ostergotland-1.png","contentUrl":"https:\/\/nyforetagarcentrum.se\/vastraostergotland\/wp-content\/uploads\/sites\/32\/2024\/04\/Vastra-ostergotland-1.png","width":1082,"height":542,"caption":"V\u00e4stra \u00d6sterg\u00f6tland"},"image":{"@id":"https:\/\/nyforetagarcentrum.se\/vastraostergotland\/#\/schema\/logo\/image\/"}}]}},"_links":{"self":[{"href":"https:\/\/nyforetagarcentrum.se\/vastraostergotland\/wp-json\/wp\/v2\/pages\/161"}],"collection":[{"href":"https:\/\/nyforetagarcentrum.se\/vastraostergotland\/wp-json\/wp\/v2\/pages"}],"about":[{"href":"https:\/\/nyforetagarcentrum.se\/vastraostergotland\/wp-json\/wp\/v2\/types\/page"}],"author":[{"embeddable":true,"href":"https:\/\/nyforetagarcentrum.se\/vastraostergotland\/wp-json\/wp\/v2\/users\/1"}],"replies":[{"embeddable":true,"href":"https:\/\/nyforetagarcentrum.se\/vastraostergotland\/wp-json\/wp\/v2\/comments?post=161"}],"version-history":[{"count":33,"href":"https:\/\/nyforetagarcentrum.se\/vastraostergotland\/wp-json\/wp\/v2\/pages\/161\/revisions"}],"predecessor-version":[{"id":2164,"href":"https:\/\/nyforetagarcentrum.se\/vastraostergotland\/wp-json\/wp\/v2\/pages\/161\/revisions\/2164"}],"wp:attachment":[{"href":"https:\/\/nyforetagarcentrum.se\/vastraostergotland\/wp-json\/wp\/v2\/media?parent=161"}],"curies":[{"name":"wp","href":"https:\/\/api.w.org\/{rel}","templated":true}]}}