{"id":1372,"date":"2024-09-13T09:53:16","date_gmt":"2024-09-13T07:53:16","guid":{"rendered":"https:\/\/nyforetagarcentrum.se\/vastraostergotland\/?page_id=1372"},"modified":"2026-02-23T12:14:08","modified_gmt":"2026-02-23T11:14:08","slug":"arets-nyforetagare-i-vastra-ostergotland","status":"publish","type":"page","link":"https:\/\/nyforetagarcentrum.se\/vastraostergotland\/arets-nyforetagare-i-vastra-ostergotland\/","title":{"rendered":"\u00c5rets Nyf\u00f6retagare\u00a0i V\u00e4stra \u00d6sterg\u00f6tland"},"content":{"rendered":"\n<div style=\"height:52px\" aria-hidden=\"true\" class=\"wp-block-spacer\"><\/div>\n\n\n\n<div class=\"wp-block-columns alignwide is-layout-flex wp-container-core-columns-is-layout-1 wp-block-columns-is-layout-flex\">\n<div class=\"wp-block-column is-layout-flow wp-block-column-is-layout-flow\" style=\"flex-basis:33.33%\">\n<figure class=\"wp-block-image size-full is-resized\"><img loading=\"lazy\" decoding=\"async\" width=\"628\" height=\"1428\" src=\"https:\/\/nyforetagarcentrum.se\/vastraostergotland\/wp-content\/uploads\/sites\/32\/2024\/12\/ingvar.jpg\" alt=\"\" class=\"wp-image-1572\" style=\"width:222px;height:auto\" srcset=\"https:\/\/nyforetagarcentrum.se\/vastraostergotland\/wp-content\/uploads\/sites\/32\/2024\/12\/ingvar.jpg 628w, https:\/\/nyforetagarcentrum.se\/vastraostergotland\/wp-content\/uploads\/sites\/32\/2024\/12\/ingvar-132x300.jpg 132w, https:\/\/nyforetagarcentrum.se\/vastraostergotland\/wp-content\/uploads\/sites\/32\/2024\/12\/ingvar-450x1024.jpg 450w, https:\/\/nyforetagarcentrum.se\/vastraostergotland\/wp-content\/uploads\/sites\/32\/2024\/12\/ingvar-475x1080.jpg 475w\" sizes=\"(max-width: 628px) 100vw, 628px\" \/><\/figure>\n<\/div>\n\n\n\n<div class=\"wp-block-column is-layout-flow wp-block-column-is-layout-flow\" style=\"flex-basis:66.66%\">\n<h2 class=\"wp-block-heading\">\u00c5rets Nyf\u00f6retagare&nbsp;i V\u00e4stra \u00d6sterg\u00f6tland<\/h2>\n\n\n\n<p>Nyf\u00f6retagarCentrum har som m\u00e5l att sporra fler att starta livskraftiga f\u00f6retag. Att dela ut ett pris till&nbsp;<strong>\u00c5rets Nyf\u00f6retagare i V\u00e4stra \u00d6sterg\u00f6tland<\/strong>&nbsp;\u00e4r ett s\u00e4tt att synligg\u00f6ra f\u00f6retagare som lyckats med sin satsning och sitt f\u00f6retagande. F\u00f6r att kunna nomineras till priset ska f\u00f6retaget uppfylla nedan kriterier samt ha startats under de senaste tre \u00e5ren. Styrelsen i Nyf\u00f6retagarCentrum V\u00e4stra \u00d6sterg\u00f6tland utser vinnaren.<\/p>\n\n\n\n<p><strong>KRITERIER \u00c5RETS NYF\u00d6RETAGARE<\/strong><\/p>\n\n\n\n<p>\u25cf F\u00f6retagets aff\u00e4rsid\u00e9 bed\u00f6ms vara utvecklingsbar.<\/p>\n\n\n\n<p>\u25cf F\u00f6retaget har i samverkan med Nyf\u00f6retagarCentrum genomarbetat sin aff\u00e4rsplan.<\/p>\n\n\n\n<p>\u25cf F\u00f6retaget har i samverkan med Nyf\u00f6retagarCentrum byggt upp ett fungerande kontaktn\u00e4t.<\/p>\n\n\n\n<p>\u25cf Verksamheten har genererat ett tillfredsst\u00e4llande resultat.<\/p>\n\n\n\n<p>Vinnaren i V\u00e4stra \u00d6sterg\u00f6tland nomineras vidare till Nyf\u00f6retagarCentrums nationella t\u00e4vlingar: \u00c5rets nyf\u00f6retagare i Sverige respektive \u00c5rets unga nyf\u00f6retagare i Sverige.<\/p>\n\n\n\n<p>Utm\u00e4rkelsen har delats ut av oss sedan 2007 och p\u00e5 denna sida kan du se respektive \u00e5rs vinnare samt \u00e4ven vilka som nominerats till priset.<\/p>\n<\/div>\n<\/div>\n\n\n\n<div style=\"height:30px\" aria-hidden=\"true\" class=\"wp-block-spacer\"><\/div>\n\n\n\n<h1 class=\"wp-block-heading has-text-align-center\"><strong>Tidigare nominerade &amp; vinnare<\/strong><\/h1>\n\n\n\n<div style=\"height:50px\" aria-hidden=\"true\" class=\"wp-block-spacer\"><\/div>\n\n\n\n<div class=\"wp-block-columns is-not-stacked-on-mobile is-layout-flex wp-container-core-columns-is-layout-2 wp-block-columns-is-layout-flex\">\n<div class=\"wp-block-column is-layout-flow wp-block-column-is-layout-flow\">\n<div class=\"wp-block-buttons is-layout-flex wp-block-buttons-is-layout-flex\">\n<div class=\"wp-block-button\"><a class=\"wp-block-button__link wp-element-button\" href=\"https:\/\/nyforetagarcentrum.se\/vastraostergotland\/success-stories\/arets-nyforetagare-i-vastra-ostergotland-2025\/\">2025<\/a><\/div>\n\n\n\n<div class=\"wp-block-button\"><a class=\"wp-block-button__link wp-element-button\" href=\"https:\/\/nyforetagarcentrum.se\/vastraostergotland\/success-stories\/arets-nyforetagare-i-vastra-ostergotland-2024\/\">2024<\/a><\/div>\n\n\n\n<div class=\"wp-block-button\"><a class=\"wp-block-button__link wp-element-button\" href=\"https:\/\/nyforetagarcentrum.se\/vastraostergotland\/success-stories\/arets-nyforetagare-i-vastra-ostergotland-2023\/\">2023<\/a><\/div>\n<\/div>\n\n\n\n<div class=\"wp-block-buttons is-layout-flex wp-block-buttons-is-layout-flex\">\n<div class=\"wp-block-button\"><a class=\"wp-block-button__link wp-element-button\" href=\"https:\/\/nyforetagarcentrum.se\/vastraostergotland\/success-stories\/arets-nyforetagare-i-vastra-ostergotland-2022\/\">2022<\/a><\/div>\n<\/div>\n\n\n\n<div class=\"wp-block-buttons is-layout-flex wp-block-buttons-is-layout-flex\">\n<div class=\"wp-block-button\"><a class=\"wp-block-button__link wp-element-button\" href=\"https:\/\/nyforetagarcentrum.se\/vastraostergotland\/success-stories\/arets-nyforetagare-i-vastra-ostergotland-2021\/\">2021<\/a><\/div>\n<\/div>\n<\/div>\n\n\n\n<div class=\"wp-block-column is-layout-flow wp-block-column-is-layout-flow\">\n<div class=\"wp-block-buttons is-layout-flex wp-block-buttons-is-layout-flex\">\n<div class=\"wp-block-button\"><a class=\"wp-block-button__link wp-element-button\" href=\"https:\/\/nyforetagarcentrum.se\/vastraostergotland\/success-stories\/arets-nyforetagare-i-vastra-ostergotland-2020\/\">2020<\/a><\/div>\n\n\n\n<div class=\"wp-block-button\"><a class=\"wp-block-button__link wp-element-button\" href=\"https:\/\/nyforetagarcentrum.se\/vastraostergotland\/success-stories\/arets-nyforetagare-i-vastra-ostergotland-2019\/\">2019<\/a><\/div>\n\n\n\n<div class=\"wp-block-button\"><a class=\"wp-block-button__link wp-element-button\" href=\"https:\/\/nyforetagarcentrum.se\/vastraostergotland\/success-stories\/arets-nyforetagare-i-vastra-ostergotland-2018\/\">2018<\/a><\/div>\n<\/div>\n\n\n\n<div class=\"wp-block-buttons is-layout-flex wp-block-buttons-is-layout-flex\">\n<div class=\"wp-block-button\"><a class=\"wp-block-button__link wp-element-button\" href=\"https:\/\/nyforetagarcentrum.se\/vastraostergotland\/success-stories\/arets-nyforetagare-i-vastra-ostergotland-2017\/\">2017<\/a><\/div>\n<\/div>\n\n\n\n<div class=\"wp-block-buttons is-layout-flex wp-block-buttons-is-layout-flex\">\n<div class=\"wp-block-button\"><a class=\"wp-block-button__link wp-element-button\" href=\"https:\/\/nyforetagarcentrum.se\/vastraostergotland\/success-stories\/arets-nyforetagare-i-vastra-ostergotland-2016\/\">2016<\/a><\/div>\n<\/div>\n<\/div>\n\n\n\n<div class=\"wp-block-column is-layout-flow wp-block-column-is-layout-flow\">\n<div class=\"wp-block-buttons is-layout-flex wp-block-buttons-is-layout-flex\">\n<div class=\"wp-block-button\"><a class=\"wp-block-button__link wp-element-button\" href=\"https:\/\/nyforetagarcentrum.se\/vastraostergotland\/success-stories\/arets-nyforetagare-i-vastra-ostergotland-2015\/\">2015<\/a><\/div>\n\n\n\n<div class=\"wp-block-button\"><a class=\"wp-block-button__link wp-element-button\" href=\"https:\/\/nyforetagarcentrum.se\/vastraostergotland\/success-stories\/arets-nyforetagare-i-motala-vadstena-2014\/\">2014<\/a><\/div>\n\n\n\n<div class=\"wp-block-button\"><a class=\"wp-block-button__link wp-element-button\" href=\"https:\/\/nyforetagarcentrum.se\/vastraostergotland\/success-stories\/arets-nyforetagare-i-vastra-ostergotland-2013\/\">2013<\/a><\/div>\n\n\n\n<div class=\"wp-block-button\"><a class=\"wp-block-button__link wp-element-button\" href=\"https:\/\/nyforetagarcentrum.se\/vastraostergotland\/success-stories\/arets-nyforetagare-i-vastra-ostergotland-2012\/\">2012<\/a><\/div>\n<\/div>\n\n\n\n<div class=\"wp-block-buttons is-layout-flex wp-block-buttons-is-layout-flex\">\n<div class=\"wp-block-button\"><a class=\"wp-block-button__link wp-element-button\" href=\"https:\/\/nyforetagarcentrum.se\/vastraostergotland\/success-stories\/arets-nyforetagare-i-vastra-ostergotland-2011\/\">2011<\/a><\/div>\n<\/div>\n<\/div>\n\n\n\n<div class=\"wp-block-column is-layout-flow wp-block-column-is-layout-flow\">\n<div class=\"wp-block-buttons is-layout-flex wp-block-buttons-is-layout-flex\">\n<div class=\"wp-block-button\"><a class=\"wp-block-button__link wp-element-button\" href=\"https:\/\/nyforetagarcentrum.se\/vastraostergotland\/success-stories\/arets-nyforetagare-i-vastra-ostergotland-2010\/\">2010<\/a><\/div>\n\n\n\n<div class=\"wp-block-button\"><a class=\"wp-block-button__link wp-element-button\" href=\"https:\/\/nyforetagarcentrum.se\/vastraostergotland\/success-stories\/arets-nyforetagare-i-vastra-ostergotland-2009\/\">2009<\/a><\/div>\n\n\n\n<div class=\"wp-block-button\"><a class=\"wp-block-button__link wp-element-button\" href=\"https:\/\/nyforetagarcentrum.se\/vastraostergotland\/success-stories\/arets-nyforetagare-i-vastra-ostergotland-2008\/\">2008<\/a><\/div>\n\n\n\n<div class=\"wp-block-button\"><a class=\"wp-block-button__link wp-element-button\" href=\"https:\/\/nyforetagarcentrum.se\/vastraostergotland\/success-stories\/arets-nyforetagare-i-vastra-ostergotland-2007\/\">2007<\/a><\/div>\n<\/div>\n<\/div>\n<\/div>\n","protected":false},"excerpt":{"rendered":"<p>\u00c5rets Nyf\u00f6retagare&nbsp;i V\u00e4stra \u00d6sterg\u00f6tland Nyf\u00f6retagarCentrum har som m\u00e5l att sporra fler att starta livskraftiga f\u00f6retag. Att dela ut ett pris till&nbsp;\u00c5rets Nyf\u00f6retagare i V\u00e4stra \u00d6sterg\u00f6tland&nbsp;\u00e4r ett s\u00e4tt att synligg\u00f6ra f\u00f6retagare som lyckats med sin satsning och sitt f\u00f6retagande. F\u00f6r att kunna nomineras till priset ska f\u00f6retaget uppfylla nedan kriterier samt ha startats under de senaste [&hellip;]<\/p>\n","protected":false},"author":41,"featured_media":0,"parent":0,"menu_order":0,"comment_status":"closed","ping_status":"closed","template":"","meta":{"footnotes":""},"acf":[],"yoast_head":"<!-- This site is optimized with the Yoast SEO plugin v22.9 - https:\/\/yoast.com\/wordpress\/plugins\/seo\/ -->\n<title>\u00c5rets Nyf\u00f6retagare\u00a0i V\u00e4stra \u00d6sterg\u00f6tland - V\u00e4stra \u00d6sterg\u00f6tland<\/title>\n<meta name=\"robots\" content=\"index, follow, max-snippet:-1, max-image-preview:large, max-video-preview:-1\" \/>\n<link rel=\"canonical\" href=\"https:\/\/nyforetagarcentrum.se\/vastraostergotland\/arets-nyforetagare-i-vastra-ostergotland\/\" \/>\n<meta property=\"og:locale\" content=\"sv_SE\" \/>\n<meta property=\"og:type\" content=\"article\" \/>\n<meta property=\"og:title\" content=\"\u00c5rets Nyf\u00f6retagare\u00a0i V\u00e4stra \u00d6sterg\u00f6tland - V\u00e4stra \u00d6sterg\u00f6tland\" \/>\n<meta property=\"og:description\" content=\"\u00c5rets Nyf\u00f6retagare&nbsp;i V\u00e4stra \u00d6sterg\u00f6tland Nyf\u00f6retagarCentrum har som m\u00e5l att sporra fler att starta livskraftiga f\u00f6retag. Att dela ut ett pris till&nbsp;\u00c5rets Nyf\u00f6retagare i V\u00e4stra \u00d6sterg\u00f6tland&nbsp;\u00e4r ett s\u00e4tt att synligg\u00f6ra f\u00f6retagare som lyckats med sin satsning och sitt f\u00f6retagande. F\u00f6r att kunna nomineras till priset ska f\u00f6retaget uppfylla nedan kriterier samt ha startats under de senaste [&hellip;]\" \/>\n<meta property=\"og:url\" content=\"https:\/\/nyforetagarcentrum.se\/vastraostergotland\/arets-nyforetagare-i-vastra-ostergotland\/\" \/>\n<meta property=\"og:site_name\" content=\"V\u00e4stra \u00d6sterg\u00f6tland\" \/>\n<meta property=\"article:modified_time\" content=\"2026-02-23T11:14:08+00:00\" \/>\n<meta property=\"og:image\" content=\"https:\/\/nyforetagarcentrum.se\/vastraostergotland\/wp-content\/uploads\/sites\/32\/2024\/12\/ingvar.jpg\" \/>\n<meta name=\"twitter:card\" content=\"summary_large_image\" \/>\n<meta name=\"twitter:label1\" content=\"Ber\u00e4knad l\u00e4stid\" \/>\n\t<meta name=\"twitter:data1\" content=\"2 minuter\" \/>\n<script type=\"application\/ld+json\" class=\"yoast-schema-graph\">{\"@context\":\"https:\/\/schema.org\",\"@graph\":[{\"@type\":\"WebPage\",\"@id\":\"https:\/\/nyforetagarcentrum.se\/vastraostergotland\/arets-nyforetagare-i-vastra-ostergotland\/\",\"url\":\"https:\/\/nyforetagarcentrum.se\/vastraostergotland\/arets-nyforetagare-i-vastra-ostergotland\/\",\"name\":\"\u00c5rets Nyf\u00f6retagare\u00a0i V\u00e4stra \u00d6sterg\u00f6tland - V\u00e4stra \u00d6sterg\u00f6tland\",\"isPartOf\":{\"@id\":\"https:\/\/nyforetagarcentrum.se\/vastraostergotland\/#website\"},\"primaryImageOfPage\":{\"@id\":\"https:\/\/nyforetagarcentrum.se\/vastraostergotland\/arets-nyforetagare-i-vastra-ostergotland\/#primaryimage\"},\"image\":{\"@id\":\"https:\/\/nyforetagarcentrum.se\/vastraostergotland\/arets-nyforetagare-i-vastra-ostergotland\/#primaryimage\"},\"thumbnailUrl\":\"https:\/\/nyforetagarcentrum.se\/vastraostergotland\/wp-content\/uploads\/sites\/32\/2024\/12\/ingvar.jpg\",\"datePublished\":\"2024-09-13T07:53:16+00:00\",\"dateModified\":\"2026-02-23T11:14:08+00:00\",\"breadcrumb\":{\"@id\":\"https:\/\/nyforetagarcentrum.se\/vastraostergotland\/arets-nyforetagare-i-vastra-ostergotland\/#breadcrumb\"},\"inLanguage\":\"sv-SE\",\"potentialAction\":[{\"@type\":\"ReadAction\",\"target\":[\"https:\/\/nyforetagarcentrum.se\/vastraostergotland\/arets-nyforetagare-i-vastra-ostergotland\/\"]}]},{\"@type\":\"ImageObject\",\"inLanguage\":\"sv-SE\",\"@id\":\"https:\/\/nyforetagarcentrum.se\/vastraostergotland\/arets-nyforetagare-i-vastra-ostergotland\/#primaryimage\",\"url\":\"https:\/\/nyforetagarcentrum.se\/vastraostergotland\/wp-content\/uploads\/sites\/32\/2024\/12\/ingvar.jpg\",\"contentUrl\":\"https:\/\/nyforetagarcentrum.se\/vastraostergotland\/wp-content\/uploads\/sites\/32\/2024\/12\/ingvar.jpg\",\"width\":628,\"height\":1428},{\"@type\":\"BreadcrumbList\",\"@id\":\"https:\/\/nyforetagarcentrum.se\/vastraostergotland\/arets-nyforetagare-i-vastra-ostergotland\/#breadcrumb\",\"itemListElement\":[{\"@type\":\"ListItem\",\"position\":1,\"name\":\"Hem\",\"item\":\"https:\/\/nyforetagarcentrum.se\/vastraostergotland\/\"},{\"@type\":\"ListItem\",\"position\":2,\"name\":\"\u00c5rets Nyf\u00f6retagare\u00a0i V\u00e4stra \u00d6sterg\u00f6tland\"}]},{\"@type\":\"WebSite\",\"@id\":\"https:\/\/nyforetagarcentrum.se\/vastraostergotland\/#website\",\"url\":\"https:\/\/nyforetagarcentrum.se\/vastraostergotland\/\",\"name\":\"V\u00e4stra \u00d6sterg\u00f6tland\",\"description\":\"Sveriges ledande kraft f\u00f6r fler nya livskraftiga f\u00f6retag\",\"publisher\":{\"@id\":\"https:\/\/nyforetagarcentrum.se\/vastraostergotland\/#organization\"},\"potentialAction\":[{\"@type\":\"SearchAction\",\"target\":{\"@type\":\"EntryPoint\",\"urlTemplate\":\"https:\/\/nyforetagarcentrum.se\/vastraostergotland\/?s={search_term_string}\"},\"query-input\":\"required name=search_term_string\"}],\"inLanguage\":\"sv-SE\"},{\"@type\":\"Organization\",\"@id\":\"https:\/\/nyforetagarcentrum.se\/vastraostergotland\/#organization\",\"name\":\"V\u00e4stra \u00d6sterg\u00f6tland\",\"url\":\"https:\/\/nyforetagarcentrum.se\/vastraostergotland\/\",\"logo\":{\"@type\":\"ImageObject\",\"inLanguage\":\"sv-SE\",\"@id\":\"https:\/\/nyforetagarcentrum.se\/vastraostergotland\/#\/schema\/logo\/image\/\",\"url\":\"https:\/\/nyforetagarcentrum.se\/vastraostergotland\/wp-content\/uploads\/sites\/32\/2024\/04\/Vastra-ostergotland-1.png\",\"contentUrl\":\"https:\/\/nyforetagarcentrum.se\/vastraostergotland\/wp-content\/uploads\/sites\/32\/2024\/04\/Vastra-ostergotland-1.png\",\"width\":1082,\"height\":542,\"caption\":\"V\u00e4stra \u00d6sterg\u00f6tland\"},\"image\":{\"@id\":\"https:\/\/nyforetagarcentrum.se\/vastraostergotland\/#\/schema\/logo\/image\/\"}}]}<\/script>\n<!-- \/ Yoast SEO plugin. -->","yoast_head_json":{"title":"\u00c5rets Nyf\u00f6retagare\u00a0i V\u00e4stra \u00d6sterg\u00f6tland - V\u00e4stra \u00d6sterg\u00f6tland","robots":{"index":"index","follow":"follow","max-snippet":"max-snippet:-1","max-image-preview":"max-image-preview:large","max-video-preview":"max-video-preview:-1"},"canonical":"https:\/\/nyforetagarcentrum.se\/vastraostergotland\/arets-nyforetagare-i-vastra-ostergotland\/","og_locale":"sv_SE","og_type":"article","og_title":"\u00c5rets Nyf\u00f6retagare\u00a0i V\u00e4stra \u00d6sterg\u00f6tland - V\u00e4stra \u00d6sterg\u00f6tland","og_description":"\u00c5rets Nyf\u00f6retagare&nbsp;i V\u00e4stra \u00d6sterg\u00f6tland Nyf\u00f6retagarCentrum har som m\u00e5l att sporra fler att starta livskraftiga f\u00f6retag. Att dela ut ett pris till&nbsp;\u00c5rets Nyf\u00f6retagare i V\u00e4stra \u00d6sterg\u00f6tland&nbsp;\u00e4r ett s\u00e4tt att synligg\u00f6ra f\u00f6retagare som lyckats med sin satsning och sitt f\u00f6retagande. F\u00f6r att kunna nomineras till priset ska f\u00f6retaget uppfylla nedan kriterier samt ha startats under de senaste [&hellip;]","og_url":"https:\/\/nyforetagarcentrum.se\/vastraostergotland\/arets-nyforetagare-i-vastra-ostergotland\/","og_site_name":"V\u00e4stra \u00d6sterg\u00f6tland","article_modified_time":"2026-02-23T11:14:08+00:00","og_image":[{"url":"https:\/\/nyforetagarcentrum.se\/vastraostergotland\/wp-content\/uploads\/sites\/32\/2024\/12\/ingvar.jpg"}],"twitter_card":"summary_large_image","twitter_misc":{"Ber\u00e4knad l\u00e4stid":"2 minuter"},"schema":{"@context":"https:\/\/schema.org","@graph":[{"@type":"WebPage","@id":"https:\/\/nyforetagarcentrum.se\/vastraostergotland\/arets-nyforetagare-i-vastra-ostergotland\/","url":"https:\/\/nyforetagarcentrum.se\/vastraostergotland\/arets-nyforetagare-i-vastra-ostergotland\/","name":"\u00c5rets Nyf\u00f6retagare\u00a0i V\u00e4stra \u00d6sterg\u00f6tland - V\u00e4stra \u00d6sterg\u00f6tland","isPartOf":{"@id":"https:\/\/nyforetagarcentrum.se\/vastraostergotland\/#website"},"primaryImageOfPage":{"@id":"https:\/\/nyforetagarcentrum.se\/vastraostergotland\/arets-nyforetagare-i-vastra-ostergotland\/#primaryimage"},"image":{"@id":"https:\/\/nyforetagarcentrum.se\/vastraostergotland\/arets-nyforetagare-i-vastra-ostergotland\/#primaryimage"},"thumbnailUrl":"https:\/\/nyforetagarcentrum.se\/vastraostergotland\/wp-content\/uploads\/sites\/32\/2024\/12\/ingvar.jpg","datePublished":"2024-09-13T07:53:16+00:00","dateModified":"2026-02-23T11:14:08+00:00","breadcrumb":{"@id":"https:\/\/nyforetagarcentrum.se\/vastraostergotland\/arets-nyforetagare-i-vastra-ostergotland\/#breadcrumb"},"inLanguage":"sv-SE","potentialAction":[{"@type":"ReadAction","target":["https:\/\/nyforetagarcentrum.se\/vastraostergotland\/arets-nyforetagare-i-vastra-ostergotland\/"]}]},{"@type":"ImageObject","inLanguage":"sv-SE","@id":"https:\/\/nyforetagarcentrum.se\/vastraostergotland\/arets-nyforetagare-i-vastra-ostergotland\/#primaryimage","url":"https:\/\/nyforetagarcentrum.se\/vastraostergotland\/wp-content\/uploads\/sites\/32\/2024\/12\/ingvar.jpg","contentUrl":"https:\/\/nyforetagarcentrum.se\/vastraostergotland\/wp-content\/uploads\/sites\/32\/2024\/12\/ingvar.jpg","width":628,"height":1428},{"@type":"BreadcrumbList","@id":"https:\/\/nyforetagarcentrum.se\/vastraostergotland\/arets-nyforetagare-i-vastra-ostergotland\/#breadcrumb","itemListElement":[{"@type":"ListItem","position":1,"name":"Hem","item":"https:\/\/nyforetagarcentrum.se\/vastraostergotland\/"},{"@type":"ListItem","position":2,"name":"\u00c5rets Nyf\u00f6retagare\u00a0i V\u00e4stra \u00d6sterg\u00f6tland"}]},{"@type":"WebSite","@id":"https:\/\/nyforetagarcentrum.se\/vastraostergotland\/#website","url":"https:\/\/nyforetagarcentrum.se\/vastraostergotland\/","name":"V\u00e4stra \u00d6sterg\u00f6tland","description":"Sveriges ledande kraft f\u00f6r fler nya livskraftiga f\u00f6retag","publisher":{"@id":"https:\/\/nyforetagarcentrum.se\/vastraostergotland\/#organization"},"potentialAction":[{"@type":"SearchAction","target":{"@type":"EntryPoint","urlTemplate":"https:\/\/nyforetagarcentrum.se\/vastraostergotland\/?s={search_term_string}"},"query-input":"required name=search_term_string"}],"inLanguage":"sv-SE"},{"@type":"Organization","@id":"https:\/\/nyforetagarcentrum.se\/vastraostergotland\/#organization","name":"V\u00e4stra \u00d6sterg\u00f6tland","url":"https:\/\/nyforetagarcentrum.se\/vastraostergotland\/","logo":{"@type":"ImageObject","inLanguage":"sv-SE","@id":"https:\/\/nyforetagarcentrum.se\/vastraostergotland\/#\/schema\/logo\/image\/","url":"https:\/\/nyforetagarcentrum.se\/vastraostergotland\/wp-content\/uploads\/sites\/32\/2024\/04\/Vastra-ostergotland-1.png","contentUrl":"https:\/\/nyforetagarcentrum.se\/vastraostergotland\/wp-content\/uploads\/sites\/32\/2024\/04\/Vastra-ostergotland-1.png","width":1082,"height":542,"caption":"V\u00e4stra \u00d6sterg\u00f6tland"},"image":{"@id":"https:\/\/nyforetagarcentrum.se\/vastraostergotland\/#\/schema\/logo\/image\/"}}]}},"_links":{"self":[{"href":"https:\/\/nyforetagarcentrum.se\/vastraostergotland\/wp-json\/wp\/v2\/pages\/1372"}],"collection":[{"href":"https:\/\/nyforetagarcentrum.se\/vastraostergotland\/wp-json\/wp\/v2\/pages"}],"about":[{"href":"https:\/\/nyforetagarcentrum.se\/vastraostergotland\/wp-json\/wp\/v2\/types\/page"}],"author":[{"embeddable":true,"href":"https:\/\/nyforetagarcentrum.se\/vastraostergotland\/wp-json\/wp\/v2\/users\/41"}],"replies":[{"embeddable":true,"href":"https:\/\/nyforetagarcentrum.se\/vastraostergotland\/wp-json\/wp\/v2\/comments?post=1372"}],"version-history":[{"count":35,"href":"https:\/\/nyforetagarcentrum.se\/vastraostergotland\/wp-json\/wp\/v2\/pages\/1372\/revisions"}],"predecessor-version":[{"id":2459,"href":"https:\/\/nyforetagarcentrum.se\/vastraostergotland\/wp-json\/wp\/v2\/pages\/1372\/revisions\/2459"}],"wp:attachment":[{"href":"https:\/\/nyforetagarcentrum.se\/vastraostergotland\/wp-json\/wp\/v2\/media?parent=1372"}],"curies":[{"name":"wp","href":"https:\/\/api.w.org\/{rel}","templated":true}]}}