{"id":1173,"date":"2024-09-02T20:25:28","date_gmt":"2024-09-02T18:25:28","guid":{"rendered":"https:\/\/nyforetagarcentrum.se\/vastraostergotland\/?page_id=1173"},"modified":"2026-02-11T09:00:47","modified_gmt":"2026-02-11T08:00:47","slug":"marknadsforing-pa-sociala-media-for-foretagare","status":"publish","type":"page","link":"https:\/\/nyforetagarcentrum.se\/vastraostergotland\/marknadsforing-pa-sociala-media-for-foretagare\/","title":{"rendered":"Marknadsf\u00f6ring p\u00e5 sociala media f\u00f6r f\u00f6retagare"},"content":{"rendered":"<section  class=\"nfc-block-hero alignfull\">\n\n    <img loading=\"lazy\" decoding=\"async\" width=\"1620\" height=\"1080\" src=\"https:\/\/nyforetagarcentrum.se\/vastraostergotland\/wp-content\/uploads\/sites\/32\/2024\/09\/hands-820272_1920-1620x1080.jpg\" class=\"attachment-landscape size-landscape\" alt=\"\" srcset=\"https:\/\/nyforetagarcentrum.se\/vastraostergotland\/wp-content\/uploads\/sites\/32\/2024\/09\/hands-820272_1920-1620x1080.jpg 1620w, https:\/\/nyforetagarcentrum.se\/vastraostergotland\/wp-content\/uploads\/sites\/32\/2024\/09\/hands-820272_1920-300x200.jpg 300w, https:\/\/nyforetagarcentrum.se\/vastraostergotland\/wp-content\/uploads\/sites\/32\/2024\/09\/hands-820272_1920-1024x683.jpg 1024w, https:\/\/nyforetagarcentrum.se\/vastraostergotland\/wp-content\/uploads\/sites\/32\/2024\/09\/hands-820272_1920-768x512.jpg 768w, https:\/\/nyforetagarcentrum.se\/vastraostergotland\/wp-content\/uploads\/sites\/32\/2024\/09\/hands-820272_1920-1536x1024.jpg 1536w, https:\/\/nyforetagarcentrum.se\/vastraostergotland\/wp-content\/uploads\/sites\/32\/2024\/09\/hands-820272_1920.jpg 1920w\" sizes=\"(max-width: 1620px) 100vw, 1620px\" \/>\n    <div class=\"contained\">\n        <h1 class=\"nfc-block-hero__heading\">Marknadsf\u00f6ring p\u00e5 sociala media f\u00f6r f\u00f6retagare<br \/>\r\n<\/h1>\n\n            <\/div>\n<\/section>\n\n\n<div style=\"height:50px\" aria-hidden=\"true\" class=\"wp-block-spacer\"><\/div>\n\n\n\n<p>Att marknadsf\u00f6ra sig p\u00e5 sociala media \u00e4r ett bra s\u00e4tt att n\u00e5 ut till sina m\u00e5lgrupper. F\u00f6r att lyckas kr\u00e4vs dock kunskap om hur det fungerar och en strategi och plan f\u00f6r var, hur och n\u00e4r du ska synas. Detta l\u00e4r du dig mer om i v\u00e5r utbildning.<\/p>\n\n\n\n<div style=\"height:30px\" aria-hidden=\"true\" class=\"wp-block-spacer\"><\/div>\n\n\n\n<p>Ur inneh\u00e5llet:<\/p>\n\n\n\n<p>&#8211; Hur skapar du engagemang och r\u00e4ckvidd i dina sociala kanaler till r\u00e4tt m\u00e5lgrupp?<\/p>\n\n\n\n<p>&#8211; Hur s\u00e4tter du upp dina kanaler?<\/p>\n\n\n\n<p>&#8211; N\u00e4r ska du publicera och hur schemal\u00e4gger du dina inl\u00e4gg?<\/p>\n\n\n\n<p>&#8211; Hur ska du ta dina bilder och skriva texter f\u00f6r att n\u00e5 optimalt resultat?<\/p>\n\n\n\n<p>&#8211; Hur fungerar digital annonsering och hur\/var ska du l\u00e4gga upp dina kampanjer?<\/p>\n\n\n\n<p>Vill du f\u00e5 kunskap om digital marknadsf\u00f6ring (ej sociala media) rekommenderar vi dig att \u00e4ven delta i v\u00e5rt seminarium: <a href=\"https:\/\/nyforetagarcentrum.se\/vastraostergotland\/lokal-digital-marknadsforing-med-en-global-touch\/\"><strong>Lokal digital marknadsf\u00f6ring &#8211; med kraft att v\u00e4xa.<\/strong><\/a><\/p>\n\n\n\n<div style=\"height:50px\" aria-hidden=\"true\" class=\"wp-block-spacer\"><\/div>\n","protected":false},"excerpt":{"rendered":"<p>Att marknadsf\u00f6ra sig p\u00e5 sociala media \u00e4r ett bra s\u00e4tt att n\u00e5 ut till sina m\u00e5lgrupper. F\u00f6r att lyckas kr\u00e4vs dock kunskap om hur det fungerar och en strategi och plan f\u00f6r var, hur och n\u00e4r du ska synas. Detta l\u00e4r du dig mer om i v\u00e5r utbildning. Ur inneh\u00e5llet: &#8211; Hur skapar du engagemang [&hellip;]<\/p>\n","protected":false},"author":41,"featured_media":0,"parent":0,"menu_order":0,"comment_status":"closed","ping_status":"closed","template":"","meta":{"footnotes":""},"acf":[],"yoast_head":"<!-- This site is optimized with the Yoast SEO plugin v22.9 - https:\/\/yoast.com\/wordpress\/plugins\/seo\/ -->\n<title>Marknadsf\u00f6ring p\u00e5 sociala media f\u00f6r f\u00f6retagare - V\u00e4stra \u00d6sterg\u00f6tland<\/title>\n<meta name=\"robots\" content=\"index, follow, max-snippet:-1, max-image-preview:large, max-video-preview:-1\" \/>\n<link rel=\"canonical\" href=\"https:\/\/nyforetagarcentrum.se\/vastraostergotland\/marknadsforing-pa-sociala-media-for-foretagare\/\" \/>\n<meta property=\"og:locale\" content=\"sv_SE\" \/>\n<meta property=\"og:type\" content=\"article\" \/>\n<meta property=\"og:title\" content=\"Marknadsf\u00f6ring p\u00e5 sociala media f\u00f6r f\u00f6retagare - V\u00e4stra \u00d6sterg\u00f6tland\" \/>\n<meta property=\"og:description\" content=\"Att marknadsf\u00f6ra sig p\u00e5 sociala media \u00e4r ett bra s\u00e4tt att n\u00e5 ut till sina m\u00e5lgrupper. F\u00f6r att lyckas kr\u00e4vs dock kunskap om hur det fungerar och en strategi och plan f\u00f6r var, hur och n\u00e4r du ska synas. Detta l\u00e4r du dig mer om i v\u00e5r utbildning. Ur inneh\u00e5llet: &#8211; Hur skapar du engagemang [&hellip;]\" \/>\n<meta property=\"og:url\" content=\"https:\/\/nyforetagarcentrum.se\/vastraostergotland\/marknadsforing-pa-sociala-media-for-foretagare\/\" \/>\n<meta property=\"og:site_name\" content=\"V\u00e4stra \u00d6sterg\u00f6tland\" \/>\n<meta property=\"article:modified_time\" content=\"2026-02-11T08:00:47+00:00\" \/>\n<meta name=\"twitter:card\" content=\"summary_large_image\" \/>\n<meta name=\"twitter:label1\" content=\"Ber\u00e4knad l\u00e4stid\" \/>\n\t<meta name=\"twitter:data1\" content=\"1 minut\" \/>\n<script type=\"application\/ld+json\" class=\"yoast-schema-graph\">{\"@context\":\"https:\/\/schema.org\",\"@graph\":[{\"@type\":\"WebPage\",\"@id\":\"https:\/\/nyforetagarcentrum.se\/vastraostergotland\/marknadsforing-pa-sociala-media-for-foretagare\/\",\"url\":\"https:\/\/nyforetagarcentrum.se\/vastraostergotland\/marknadsforing-pa-sociala-media-for-foretagare\/\",\"name\":\"Marknadsf\u00f6ring p\u00e5 sociala media f\u00f6r f\u00f6retagare - V\u00e4stra \u00d6sterg\u00f6tland\",\"isPartOf\":{\"@id\":\"https:\/\/nyforetagarcentrum.se\/vastraostergotland\/#website\"},\"datePublished\":\"2024-09-02T18:25:28+00:00\",\"dateModified\":\"2026-02-11T08:00:47+00:00\",\"breadcrumb\":{\"@id\":\"https:\/\/nyforetagarcentrum.se\/vastraostergotland\/marknadsforing-pa-sociala-media-for-foretagare\/#breadcrumb\"},\"inLanguage\":\"sv-SE\",\"potentialAction\":[{\"@type\":\"ReadAction\",\"target\":[\"https:\/\/nyforetagarcentrum.se\/vastraostergotland\/marknadsforing-pa-sociala-media-for-foretagare\/\"]}]},{\"@type\":\"BreadcrumbList\",\"@id\":\"https:\/\/nyforetagarcentrum.se\/vastraostergotland\/marknadsforing-pa-sociala-media-for-foretagare\/#breadcrumb\",\"itemListElement\":[{\"@type\":\"ListItem\",\"position\":1,\"name\":\"Hem\",\"item\":\"https:\/\/nyforetagarcentrum.se\/vastraostergotland\/\"},{\"@type\":\"ListItem\",\"position\":2,\"name\":\"Marknadsf\u00f6ring p\u00e5 sociala media f\u00f6r f\u00f6retagare\"}]},{\"@type\":\"WebSite\",\"@id\":\"https:\/\/nyforetagarcentrum.se\/vastraostergotland\/#website\",\"url\":\"https:\/\/nyforetagarcentrum.se\/vastraostergotland\/\",\"name\":\"V\u00e4stra \u00d6sterg\u00f6tland\",\"description\":\"Sveriges ledande kraft f\u00f6r fler nya livskraftiga f\u00f6retag\",\"publisher\":{\"@id\":\"https:\/\/nyforetagarcentrum.se\/vastraostergotland\/#organization\"},\"potentialAction\":[{\"@type\":\"SearchAction\",\"target\":{\"@type\":\"EntryPoint\",\"urlTemplate\":\"https:\/\/nyforetagarcentrum.se\/vastraostergotland\/?s={search_term_string}\"},\"query-input\":\"required name=search_term_string\"}],\"inLanguage\":\"sv-SE\"},{\"@type\":\"Organization\",\"@id\":\"https:\/\/nyforetagarcentrum.se\/vastraostergotland\/#organization\",\"name\":\"V\u00e4stra \u00d6sterg\u00f6tland\",\"url\":\"https:\/\/nyforetagarcentrum.se\/vastraostergotland\/\",\"logo\":{\"@type\":\"ImageObject\",\"inLanguage\":\"sv-SE\",\"@id\":\"https:\/\/nyforetagarcentrum.se\/vastraostergotland\/#\/schema\/logo\/image\/\",\"url\":\"https:\/\/nyforetagarcentrum.se\/vastraostergotland\/wp-content\/uploads\/sites\/32\/2024\/04\/Vastra-ostergotland-1.png\",\"contentUrl\":\"https:\/\/nyforetagarcentrum.se\/vastraostergotland\/wp-content\/uploads\/sites\/32\/2024\/04\/Vastra-ostergotland-1.png\",\"width\":1082,\"height\":542,\"caption\":\"V\u00e4stra \u00d6sterg\u00f6tland\"},\"image\":{\"@id\":\"https:\/\/nyforetagarcentrum.se\/vastraostergotland\/#\/schema\/logo\/image\/\"}}]}<\/script>\n<!-- \/ Yoast SEO plugin. -->","yoast_head_json":{"title":"Marknadsf\u00f6ring p\u00e5 sociala media f\u00f6r f\u00f6retagare - V\u00e4stra \u00d6sterg\u00f6tland","robots":{"index":"index","follow":"follow","max-snippet":"max-snippet:-1","max-image-preview":"max-image-preview:large","max-video-preview":"max-video-preview:-1"},"canonical":"https:\/\/nyforetagarcentrum.se\/vastraostergotland\/marknadsforing-pa-sociala-media-for-foretagare\/","og_locale":"sv_SE","og_type":"article","og_title":"Marknadsf\u00f6ring p\u00e5 sociala media f\u00f6r f\u00f6retagare - V\u00e4stra \u00d6sterg\u00f6tland","og_description":"Att marknadsf\u00f6ra sig p\u00e5 sociala media \u00e4r ett bra s\u00e4tt att n\u00e5 ut till sina m\u00e5lgrupper. F\u00f6r att lyckas kr\u00e4vs dock kunskap om hur det fungerar och en strategi och plan f\u00f6r var, hur och n\u00e4r du ska synas. Detta l\u00e4r du dig mer om i v\u00e5r utbildning. Ur inneh\u00e5llet: &#8211; Hur skapar du engagemang [&hellip;]","og_url":"https:\/\/nyforetagarcentrum.se\/vastraostergotland\/marknadsforing-pa-sociala-media-for-foretagare\/","og_site_name":"V\u00e4stra \u00d6sterg\u00f6tland","article_modified_time":"2026-02-11T08:00:47+00:00","twitter_card":"summary_large_image","twitter_misc":{"Ber\u00e4knad l\u00e4stid":"1 minut"},"schema":{"@context":"https:\/\/schema.org","@graph":[{"@type":"WebPage","@id":"https:\/\/nyforetagarcentrum.se\/vastraostergotland\/marknadsforing-pa-sociala-media-for-foretagare\/","url":"https:\/\/nyforetagarcentrum.se\/vastraostergotland\/marknadsforing-pa-sociala-media-for-foretagare\/","name":"Marknadsf\u00f6ring p\u00e5 sociala media f\u00f6r f\u00f6retagare - V\u00e4stra \u00d6sterg\u00f6tland","isPartOf":{"@id":"https:\/\/nyforetagarcentrum.se\/vastraostergotland\/#website"},"datePublished":"2024-09-02T18:25:28+00:00","dateModified":"2026-02-11T08:00:47+00:00","breadcrumb":{"@id":"https:\/\/nyforetagarcentrum.se\/vastraostergotland\/marknadsforing-pa-sociala-media-for-foretagare\/#breadcrumb"},"inLanguage":"sv-SE","potentialAction":[{"@type":"ReadAction","target":["https:\/\/nyforetagarcentrum.se\/vastraostergotland\/marknadsforing-pa-sociala-media-for-foretagare\/"]}]},{"@type":"BreadcrumbList","@id":"https:\/\/nyforetagarcentrum.se\/vastraostergotland\/marknadsforing-pa-sociala-media-for-foretagare\/#breadcrumb","itemListElement":[{"@type":"ListItem","position":1,"name":"Hem","item":"https:\/\/nyforetagarcentrum.se\/vastraostergotland\/"},{"@type":"ListItem","position":2,"name":"Marknadsf\u00f6ring p\u00e5 sociala media f\u00f6r f\u00f6retagare"}]},{"@type":"WebSite","@id":"https:\/\/nyforetagarcentrum.se\/vastraostergotland\/#website","url":"https:\/\/nyforetagarcentrum.se\/vastraostergotland\/","name":"V\u00e4stra \u00d6sterg\u00f6tland","description":"Sveriges ledande kraft f\u00f6r fler nya livskraftiga f\u00f6retag","publisher":{"@id":"https:\/\/nyforetagarcentrum.se\/vastraostergotland\/#organization"},"potentialAction":[{"@type":"SearchAction","target":{"@type":"EntryPoint","urlTemplate":"https:\/\/nyforetagarcentrum.se\/vastraostergotland\/?s={search_term_string}"},"query-input":"required name=search_term_string"}],"inLanguage":"sv-SE"},{"@type":"Organization","@id":"https:\/\/nyforetagarcentrum.se\/vastraostergotland\/#organization","name":"V\u00e4stra \u00d6sterg\u00f6tland","url":"https:\/\/nyforetagarcentrum.se\/vastraostergotland\/","logo":{"@type":"ImageObject","inLanguage":"sv-SE","@id":"https:\/\/nyforetagarcentrum.se\/vastraostergotland\/#\/schema\/logo\/image\/","url":"https:\/\/nyforetagarcentrum.se\/vastraostergotland\/wp-content\/uploads\/sites\/32\/2024\/04\/Vastra-ostergotland-1.png","contentUrl":"https:\/\/nyforetagarcentrum.se\/vastraostergotland\/wp-content\/uploads\/sites\/32\/2024\/04\/Vastra-ostergotland-1.png","width":1082,"height":542,"caption":"V\u00e4stra \u00d6sterg\u00f6tland"},"image":{"@id":"https:\/\/nyforetagarcentrum.se\/vastraostergotland\/#\/schema\/logo\/image\/"}}]}},"_links":{"self":[{"href":"https:\/\/nyforetagarcentrum.se\/vastraostergotland\/wp-json\/wp\/v2\/pages\/1173"}],"collection":[{"href":"https:\/\/nyforetagarcentrum.se\/vastraostergotland\/wp-json\/wp\/v2\/pages"}],"about":[{"href":"https:\/\/nyforetagarcentrum.se\/vastraostergotland\/wp-json\/wp\/v2\/types\/page"}],"author":[{"embeddable":true,"href":"https:\/\/nyforetagarcentrum.se\/vastraostergotland\/wp-json\/wp\/v2\/users\/41"}],"replies":[{"embeddable":true,"href":"https:\/\/nyforetagarcentrum.se\/vastraostergotland\/wp-json\/wp\/v2\/comments?post=1173"}],"version-history":[{"count":14,"href":"https:\/\/nyforetagarcentrum.se\/vastraostergotland\/wp-json\/wp\/v2\/pages\/1173\/revisions"}],"predecessor-version":[{"id":2407,"href":"https:\/\/nyforetagarcentrum.se\/vastraostergotland\/wp-json\/wp\/v2\/pages\/1173\/revisions\/2407"}],"wp:attachment":[{"href":"https:\/\/nyforetagarcentrum.se\/vastraostergotland\/wp-json\/wp\/v2\/media?parent=1173"}],"curies":[{"name":"wp","href":"https:\/\/api.w.org\/{rel}","templated":true}]}}