{"id":1074,"date":"2024-08-30T10:41:47","date_gmt":"2024-08-30T08:41:47","guid":{"rendered":"https:\/\/nyforetagarcentrum.se\/vastraostergotland\/?page_id=1074"},"modified":"2024-09-11T07:30:36","modified_gmt":"2024-09-11T05:30:36","slug":"tips-info","status":"publish","type":"page","link":"https:\/\/nyforetagarcentrum.se\/vastraostergotland\/tips-info\/","title":{"rendered":"Tips &amp; Info"},"content":{"rendered":"<section  class=\"nfc-block-split_screen alignwide image_alignment-left\">\n    <div class=\"wrapper\">\n        <div class=\"nfc-block-split_screen__image-wrapper\">\n            <img loading=\"lazy\" decoding=\"async\" width=\"1620\" height=\"1080\" src=\"https:\/\/nyforetagarcentrum.se\/vastraostergotland\/wp-content\/uploads\/sites\/32\/2024\/08\/Tjejmeddator-1620x1080.jpg\" class=\"attachment-landscape size-landscape\" alt=\"\" srcset=\"https:\/\/nyforetagarcentrum.se\/vastraostergotland\/wp-content\/uploads\/sites\/32\/2024\/08\/Tjejmeddator-1620x1080.jpg 1620w, https:\/\/nyforetagarcentrum.se\/vastraostergotland\/wp-content\/uploads\/sites\/32\/2024\/08\/Tjejmeddator-300x200.jpg 300w, https:\/\/nyforetagarcentrum.se\/vastraostergotland\/wp-content\/uploads\/sites\/32\/2024\/08\/Tjejmeddator-1024x683.jpg 1024w, https:\/\/nyforetagarcentrum.se\/vastraostergotland\/wp-content\/uploads\/sites\/32\/2024\/08\/Tjejmeddator-768x512.jpg 768w, https:\/\/nyforetagarcentrum.se\/vastraostergotland\/wp-content\/uploads\/sites\/32\/2024\/08\/Tjejmeddator-1536x1024.jpg 1536w, https:\/\/nyforetagarcentrum.se\/vastraostergotland\/wp-content\/uploads\/sites\/32\/2024\/08\/Tjejmeddator-2048x1365.jpg 2048w\" sizes=\"(max-width: 1620px) 100vw, 1620px\" \/>        <\/div>\n\n        <div class=\"nfc-block-split_screen__content-wrapper\">\n            <h2 id=\"starta-eget-info-fran-myndigheter-och-kommuner\" class=\"wp-block-heading\"><strong>Tips &amp; Info<\/strong><\/h2>\n<p>Det finns mycket att t\u00e4nka p\u00e5 n\u00e4r du ska starta eget. P\u00e5 Nyf\u00f6retagarCentrum f\u00e5r du kostnadsfri och konfidentiell r\u00e5dgivning, m\u00f6jlighet att delta i seminarier och aktiviteter och du kan \u00e4ven ans\u00f6ka om en plats i v\u00e5rt mentorprogram. V\u00e5ra r\u00e5dgivningar fokuserar p\u00e5 aff\u00e4rsid\u00e9n och p\u00e5 dig som f\u00f6retagare. H\u00e5ller id\u00e9n eller beh\u00f6ver den utvecklas? Dessutom handlar det om budget, marknadsf\u00f6ring och om dina styrkor och svagheter som blivande f\u00f6retagare.<\/p>\n<p>P\u00e5 denna sida ger vi dig ytterligare tips om information och kunskap om att starta och driva f\u00f6retag. Vi hoppas att du kan ha nytta av dessa och att du v\u00e4ljer att ta del av webinarier, digitala infotr\u00e4ffar och den information som de erbjuder.<\/p>\n<p>Genom v\u00e5r r\u00e5dgivning f\u00e5r du sedan input och st\u00f6d kring just din aff\u00e4rsid\u00e9 och vad just du beh\u00f6ver t\u00e4nka p\u00e5 och g\u00f6ra f\u00f6r att kunna starta ett livskraftigt f\u00f6retag. P\u00e5 v\u00e5ra seminarier f\u00e5r du dessutom ytterligare kunskap om f\u00f6retagande och inte minst m\u00f6jlighet att bygga upp ditt n\u00e4tverk vilket \u00e4r viktigt f\u00f6r alla f\u00f6retagare.<\/p>\n\n            \n        <\/div>\n    <\/div>\n<\/section>\n\n\n<div style=\"height:43px\" aria-hidden=\"true\" class=\"wp-block-spacer\"><\/div>\n\n\n<section  class=\"nfc-block-text_cards alignwide\">\n    <div class=\"wrapper contained\">\n                    <div class=\"text-card\">\n                <div class=\"text-card__content\">\n                    <h3 class=\"heading\" data-number=\"1\">F\u00d6RS\u00c4KRINGSKASSAN<\/h3>\n\n                                            <div class=\"description\">F\u00f6retagare har samma r\u00e4tt som anst\u00e4llda till det sociala f\u00f6rs\u00e4kringssystemet. Du har allts\u00e5 r\u00e4tt till sjukpenning, f\u00f6r\u00e4ldrapenning, pension med mera. Men det finns skillnader som \u00e4r viktiga att k\u00e4nna till. Den sjukpenninggrundande\u00a0inkomsten\u00a0(SGI) ber\u00e4knas p\u00e5 olika s\u00e4tt i olika\u00a0f\u00f6retagsformer\u00a0beroende p\u00e5 om det \u00e4r \u00f6verskottet eller uttagen l\u00f6n som du betalar skatt p\u00e5. Ditt val av f\u00f6retagsform kan allts\u00e5 p\u00e5verka storleken p\u00e5 din ers\u00e4ttning om du skulle bli sjuk eller vara f\u00f6r\u00e4ldraledig.<br \/>\r\n<br \/>\r\nInformation till dig som \u00e4r f\u00f6retagare om ditt f\u00f6rs\u00e4kringsskydd fr\u00e5n F\u00f6rs\u00e4kringskassan och vad din ers\u00e4ttning baseras p\u00e5.<\/div>\n                    \n                                            <a href=\"https:\/\/www.forsakringskassan.se\/privatpers\/foretagare\" class=\"button primary\">L\u00e4s mer<\/a>\n                    \n                <\/div>\n            <\/div>\n                    <div class=\"text-card\">\n                <div class=\"text-card__content\">\n                    <h3 class=\"heading\" data-number=\"2\">PRV \u2013 PATENT &amp; REGISTRERINGSVERKET<\/h3>\n\n                                            <div class=\"description\">Immateriella tillg\u00e5ngar \u2013 vad \u00e4r det och hur kan de leda till b\u00e4ttre l\u00f6nsamhet? Detta f\u00e5r du l\u00e4ra dig mer om p\u00e5 PRV-skolan. Inledningsvis f\u00e5r du ta del av en introduktionsfilm till PRV-skolan. D\u00e4refter finns olika avsnitt f\u00f6r Patent, Varum\u00e4rke, Design, Upphovsr\u00e4tt, Aff\u00e4rsm\u00f6jligheter, Andra immaterialr\u00e4tter samt Kompletterande skydd. <br \/>\r\n<br \/>\r\nPRV-skolan tar 2-3 timmar i sj\u00e4lvstudier och ger dig grundl\u00e4ggande kunskaper om immaterialr\u00e4tt.<\/div>\n                    \n                                            <a href=\"https:\/\/www.prv.se\/sv\/kunskap-och-stod\/prv-skolan-online\/\" class=\"button primary\">L\u00e4s mer<\/a>\n                    \n                <\/div>\n            <\/div>\n                    <div class=\"text-card\">\n                <div class=\"text-card__content\">\n                    <h3 class=\"heading\" data-number=\"3\">SKATTEVERKET<\/h3>\n\n                                            <div class=\"description\">Skatteverkets seminarier ber\u00f6r m\u00e5nga olika \u00e4mnen som kan vara intressanta f\u00f6r dig som \u00e4r f\u00f6retagare eller funderar p\u00e5 att starta f\u00f6retag. Samtliga kopplar naturligtvis till de olika ansvarsomr\u00e5den som Skatteverket som myndighet har.  <br \/>\r\n<br \/>\r\nBland seminarierna hittar du allt fr\u00e5n grundl\u00e4ggande information f\u00f6r dig som ska starta f\u00f6retag, men ocks\u00e5 seminarier f\u00f6r dig som redan driver eget \u2013 t ex moms, att anst\u00e4lla och bokslut. Det finns \u00e4ven seminarier inriktade f\u00f6r specifika branscher, t ex ROT, RUT, momssatser f\u00f6r kulturbranschen m m. <br \/>\r\n<br \/>\r\nSkatteverket fyller hela tiden p\u00e5 med fler webbseminarier och seminarierna ges flera g\u00e5nger per \u00e5r. N\u00e4r du deltar har du m\u00f6jlighet att st\u00e4lla fr\u00e5gor till Skatteverket om det \u00e4mne som avhandlas p\u00e5 webbinariet.<\/div>\n                    \n                                            <a href=\"http:\/\/www.skatteverket.se\/webbseminarier\" class=\"button primary\">L\u00e4s mer &amp; anm\u00e4l dig<\/a>\n                    \n                <\/div>\n            <\/div>\n                    <div class=\"text-card\">\n                <div class=\"text-card__content\">\n                    <h3 class=\"heading\" data-number=\"4\">VERKSAMT.SE<\/h3>\n\n                                            <div class=\"description\">P\u00e5 verksamt.se samlar myndigheter som till exempel Arbetsf\u00f6rmedlingen, Bolagsverket, F\u00f6rs\u00e4kringskassan, Skatteverket och Tillv\u00e4xtverket information och e-tj\u00e4nster som du som ska starta eller driver f\u00f6retag har nytta av. <\/div>\n                    \n                                            <a href=\"https:\/\/www.verksamt.se\" class=\"button primary\">L\u00e4s mer<\/a>\n                    \n                <\/div>\n            <\/div>\n            <\/div>\n<\/section>\n\n\n<div style=\"height:43px\" aria-hidden=\"true\" class=\"wp-block-spacer\"><\/div>\n\n\n<section  class=\"nfc-block-split_screen alignwide image_alignment-right\">\n    <div class=\"wrapper\">\n        <div class=\"nfc-block-split_screen__image-wrapper\">\n            <img loading=\"lazy\" decoding=\"async\" width=\"1280\" height=\"853\" src=\"https:\/\/nyforetagarcentrum.se\/vastraostergotland\/wp-content\/uploads\/sites\/32\/2024\/09\/right-4703934_1280.jpg\" class=\"attachment-landscape size-landscape\" alt=\"\" srcset=\"https:\/\/nyforetagarcentrum.se\/vastraostergotland\/wp-content\/uploads\/sites\/32\/2024\/09\/right-4703934_1280.jpg 1280w, https:\/\/nyforetagarcentrum.se\/vastraostergotland\/wp-content\/uploads\/sites\/32\/2024\/09\/right-4703934_1280-300x200.jpg 300w, https:\/\/nyforetagarcentrum.se\/vastraostergotland\/wp-content\/uploads\/sites\/32\/2024\/09\/right-4703934_1280-1024x682.jpg 1024w, https:\/\/nyforetagarcentrum.se\/vastraostergotland\/wp-content\/uploads\/sites\/32\/2024\/09\/right-4703934_1280-768x512.jpg 768w\" sizes=\"(max-width: 1280px) 100vw, 1280px\" \/>        <\/div>\n\n        <div class=\"nfc-block-split_screen__content-wrapper\">\n            <p><!-- wp:heading --><\/p>\n<h2 class=\"wp-block-heading\"><strong>TILLST\u00c5ND, REGLER OCH TILLSYN<\/strong><\/h2>\n<p><!-- \/wp:heading --> <!-- wp:paragraph --><\/p>\n<p>F\u00f6r vissa verksamheter kr\u00e4vs det tillst\u00e5nd eller anm\u00e4lan till kommunen eller andra myndigheter. Via nedan l\u00e4nkar hittar du kommunernas information om regler och ocks\u00e5 om hur du g\u00f6r f\u00f6r att ans\u00f6ka eller anm\u00e4la.<\/p>\n<p><!-- \/wp:paragraph --> <!-- wp:list --><\/p>\n<ul>\n<li style=\"list-style-type: none\">\n<ul><!-- wp:list-item --><\/p>\n<li><a href=\"https:\/\/www.boxholm.se\/jobbochforetagande\/tillstandreglerochtillsyn.4.353e854d185f36a235a99c98.html\"><strong>BOXHOLM \u00bb<\/strong><\/a><\/li>\n<p><\/p>\n<li><a href=\"https:\/\/www.mjolby.se\/jobb-och-foretagande\/tillstand-regler-och-tillsyn\"><strong>MJ\u00d6LBY \u00bb<\/strong><\/a><\/li>\n<p><\/p>\n<li><a href=\"https:\/\/www.motala.se\/naringsliv-och-foretagande\/tillstand-regler-och-tillsyn-verksamheter\/\"><strong>MOTALA \u00bb<\/strong><\/a><\/li>\n<p><\/p>\n<li><a href=\"https:\/\/www.vadstena.se\/naringsliv-foretagande\/tillstand-regler-och-tillsyn\/\" target=\"_blank\" rel=\"noreferrer noopener\"><strong>VADSTENA \u00bb<\/strong><\/a><\/li>\n<p><\/p>\n<li><a href=\"https:\/\/www.odeshog.se\/naringslivforetagande\/tillstandreglerochtillsyn.4.1d2711b015e13c528de30e32.html\" target=\"_blank\" rel=\"noreferrer noopener\"><strong>\u00d6DESH\u00d6G \u00bb<\/strong><\/a><\/li>\n<\/ul>\n<\/li>\n<\/ul>\n<p><!-- \/wp:list-item --><\/p>\n<p><!-- \/wp:list --><\/p>\n\n            \n        <\/div>\n    <\/div>\n<\/section>\n\n\n<div style=\"height:43px\" aria-hidden=\"true\" class=\"wp-block-spacer\"><\/div>\n","protected":false},"excerpt":{"rendered":"","protected":false},"author":41,"featured_media":0,"parent":0,"menu_order":0,"comment_status":"closed","ping_status":"closed","template":"","meta":{"footnotes":""},"acf":[],"yoast_head":"<!-- This site is optimized with the Yoast SEO plugin v22.9 - https:\/\/yoast.com\/wordpress\/plugins\/seo\/ -->\n<title>Tips &amp; Info - V\u00e4stra \u00d6sterg\u00f6tland<\/title>\n<meta name=\"robots\" content=\"index, follow, max-snippet:-1, max-image-preview:large, max-video-preview:-1\" \/>\n<link rel=\"canonical\" href=\"https:\/\/nyforetagarcentrum.se\/vastraostergotland\/tips-info\/\" \/>\n<meta property=\"og:locale\" content=\"sv_SE\" \/>\n<meta property=\"og:type\" content=\"article\" \/>\n<meta property=\"og:title\" content=\"Tips &amp; Info - V\u00e4stra \u00d6sterg\u00f6tland\" \/>\n<meta property=\"og:url\" content=\"https:\/\/nyforetagarcentrum.se\/vastraostergotland\/tips-info\/\" \/>\n<meta property=\"og:site_name\" content=\"V\u00e4stra \u00d6sterg\u00f6tland\" \/>\n<meta property=\"article:modified_time\" content=\"2024-09-11T05:30:36+00:00\" \/>\n<meta name=\"twitter:card\" content=\"summary_large_image\" \/>\n<script type=\"application\/ld+json\" class=\"yoast-schema-graph\">{\"@context\":\"https:\/\/schema.org\",\"@graph\":[{\"@type\":\"WebPage\",\"@id\":\"https:\/\/nyforetagarcentrum.se\/vastraostergotland\/tips-info\/\",\"url\":\"https:\/\/nyforetagarcentrum.se\/vastraostergotland\/tips-info\/\",\"name\":\"Tips &amp; Info - V\u00e4stra \u00d6sterg\u00f6tland\",\"isPartOf\":{\"@id\":\"https:\/\/nyforetagarcentrum.se\/vastraostergotland\/#website\"},\"datePublished\":\"2024-08-30T08:41:47+00:00\",\"dateModified\":\"2024-09-11T05:30:36+00:00\",\"breadcrumb\":{\"@id\":\"https:\/\/nyforetagarcentrum.se\/vastraostergotland\/tips-info\/#breadcrumb\"},\"inLanguage\":\"sv-SE\",\"potentialAction\":[{\"@type\":\"ReadAction\",\"target\":[\"https:\/\/nyforetagarcentrum.se\/vastraostergotland\/tips-info\/\"]}]},{\"@type\":\"BreadcrumbList\",\"@id\":\"https:\/\/nyforetagarcentrum.se\/vastraostergotland\/tips-info\/#breadcrumb\",\"itemListElement\":[{\"@type\":\"ListItem\",\"position\":1,\"name\":\"Hem\",\"item\":\"https:\/\/nyforetagarcentrum.se\/vastraostergotland\/\"},{\"@type\":\"ListItem\",\"position\":2,\"name\":\"Tips &amp; Info\"}]},{\"@type\":\"WebSite\",\"@id\":\"https:\/\/nyforetagarcentrum.se\/vastraostergotland\/#website\",\"url\":\"https:\/\/nyforetagarcentrum.se\/vastraostergotland\/\",\"name\":\"V\u00e4stra \u00d6sterg\u00f6tland\",\"description\":\"Sveriges ledande kraft f\u00f6r fler nya livskraftiga f\u00f6retag\",\"publisher\":{\"@id\":\"https:\/\/nyforetagarcentrum.se\/vastraostergotland\/#organization\"},\"potentialAction\":[{\"@type\":\"SearchAction\",\"target\":{\"@type\":\"EntryPoint\",\"urlTemplate\":\"https:\/\/nyforetagarcentrum.se\/vastraostergotland\/?s={search_term_string}\"},\"query-input\":\"required name=search_term_string\"}],\"inLanguage\":\"sv-SE\"},{\"@type\":\"Organization\",\"@id\":\"https:\/\/nyforetagarcentrum.se\/vastraostergotland\/#organization\",\"name\":\"V\u00e4stra \u00d6sterg\u00f6tland\",\"url\":\"https:\/\/nyforetagarcentrum.se\/vastraostergotland\/\",\"logo\":{\"@type\":\"ImageObject\",\"inLanguage\":\"sv-SE\",\"@id\":\"https:\/\/nyforetagarcentrum.se\/vastraostergotland\/#\/schema\/logo\/image\/\",\"url\":\"https:\/\/nyforetagarcentrum.se\/vastraostergotland\/wp-content\/uploads\/sites\/32\/2024\/04\/Vastra-ostergotland-1.png\",\"contentUrl\":\"https:\/\/nyforetagarcentrum.se\/vastraostergotland\/wp-content\/uploads\/sites\/32\/2024\/04\/Vastra-ostergotland-1.png\",\"width\":1082,\"height\":542,\"caption\":\"V\u00e4stra \u00d6sterg\u00f6tland\"},\"image\":{\"@id\":\"https:\/\/nyforetagarcentrum.se\/vastraostergotland\/#\/schema\/logo\/image\/\"}}]}<\/script>\n<!-- \/ Yoast SEO plugin. -->","yoast_head_json":{"title":"Tips &amp; Info - V\u00e4stra \u00d6sterg\u00f6tland","robots":{"index":"index","follow":"follow","max-snippet":"max-snippet:-1","max-image-preview":"max-image-preview:large","max-video-preview":"max-video-preview:-1"},"canonical":"https:\/\/nyforetagarcentrum.se\/vastraostergotland\/tips-info\/","og_locale":"sv_SE","og_type":"article","og_title":"Tips &amp; Info - V\u00e4stra \u00d6sterg\u00f6tland","og_url":"https:\/\/nyforetagarcentrum.se\/vastraostergotland\/tips-info\/","og_site_name":"V\u00e4stra \u00d6sterg\u00f6tland","article_modified_time":"2024-09-11T05:30:36+00:00","twitter_card":"summary_large_image","schema":{"@context":"https:\/\/schema.org","@graph":[{"@type":"WebPage","@id":"https:\/\/nyforetagarcentrum.se\/vastraostergotland\/tips-info\/","url":"https:\/\/nyforetagarcentrum.se\/vastraostergotland\/tips-info\/","name":"Tips &amp; Info - V\u00e4stra \u00d6sterg\u00f6tland","isPartOf":{"@id":"https:\/\/nyforetagarcentrum.se\/vastraostergotland\/#website"},"datePublished":"2024-08-30T08:41:47+00:00","dateModified":"2024-09-11T05:30:36+00:00","breadcrumb":{"@id":"https:\/\/nyforetagarcentrum.se\/vastraostergotland\/tips-info\/#breadcrumb"},"inLanguage":"sv-SE","potentialAction":[{"@type":"ReadAction","target":["https:\/\/nyforetagarcentrum.se\/vastraostergotland\/tips-info\/"]}]},{"@type":"BreadcrumbList","@id":"https:\/\/nyforetagarcentrum.se\/vastraostergotland\/tips-info\/#breadcrumb","itemListElement":[{"@type":"ListItem","position":1,"name":"Hem","item":"https:\/\/nyforetagarcentrum.se\/vastraostergotland\/"},{"@type":"ListItem","position":2,"name":"Tips &amp; Info"}]},{"@type":"WebSite","@id":"https:\/\/nyforetagarcentrum.se\/vastraostergotland\/#website","url":"https:\/\/nyforetagarcentrum.se\/vastraostergotland\/","name":"V\u00e4stra \u00d6sterg\u00f6tland","description":"Sveriges ledande kraft f\u00f6r fler nya livskraftiga f\u00f6retag","publisher":{"@id":"https:\/\/nyforetagarcentrum.se\/vastraostergotland\/#organization"},"potentialAction":[{"@type":"SearchAction","target":{"@type":"EntryPoint","urlTemplate":"https:\/\/nyforetagarcentrum.se\/vastraostergotland\/?s={search_term_string}"},"query-input":"required name=search_term_string"}],"inLanguage":"sv-SE"},{"@type":"Organization","@id":"https:\/\/nyforetagarcentrum.se\/vastraostergotland\/#organization","name":"V\u00e4stra \u00d6sterg\u00f6tland","url":"https:\/\/nyforetagarcentrum.se\/vastraostergotland\/","logo":{"@type":"ImageObject","inLanguage":"sv-SE","@id":"https:\/\/nyforetagarcentrum.se\/vastraostergotland\/#\/schema\/logo\/image\/","url":"https:\/\/nyforetagarcentrum.se\/vastraostergotland\/wp-content\/uploads\/sites\/32\/2024\/04\/Vastra-ostergotland-1.png","contentUrl":"https:\/\/nyforetagarcentrum.se\/vastraostergotland\/wp-content\/uploads\/sites\/32\/2024\/04\/Vastra-ostergotland-1.png","width":1082,"height":542,"caption":"V\u00e4stra \u00d6sterg\u00f6tland"},"image":{"@id":"https:\/\/nyforetagarcentrum.se\/vastraostergotland\/#\/schema\/logo\/image\/"}}]}},"_links":{"self":[{"href":"https:\/\/nyforetagarcentrum.se\/vastraostergotland\/wp-json\/wp\/v2\/pages\/1074"}],"collection":[{"href":"https:\/\/nyforetagarcentrum.se\/vastraostergotland\/wp-json\/wp\/v2\/pages"}],"about":[{"href":"https:\/\/nyforetagarcentrum.se\/vastraostergotland\/wp-json\/wp\/v2\/types\/page"}],"author":[{"embeddable":true,"href":"https:\/\/nyforetagarcentrum.se\/vastraostergotland\/wp-json\/wp\/v2\/users\/41"}],"replies":[{"embeddable":true,"href":"https:\/\/nyforetagarcentrum.se\/vastraostergotland\/wp-json\/wp\/v2\/comments?post=1074"}],"version-history":[{"count":51,"href":"https:\/\/nyforetagarcentrum.se\/vastraostergotland\/wp-json\/wp\/v2\/pages\/1074\/revisions"}],"predecessor-version":[{"id":2153,"href":"https:\/\/nyforetagarcentrum.se\/vastraostergotland\/wp-json\/wp\/v2\/pages\/1074\/revisions\/2153"}],"wp:attachment":[{"href":"https:\/\/nyforetagarcentrum.se\/vastraostergotland\/wp-json\/wp\/v2\/media?parent=1074"}],"curies":[{"name":"wp","href":"https:\/\/api.w.org\/{rel}","templated":true}]}}