{"id":1003,"date":"2024-08-16T10:26:29","date_gmt":"2024-08-16T08:26:29","guid":{"rendered":"https:\/\/nyforetagarcentrum.se\/vastraostergotland\/?page_id=1003"},"modified":"2026-02-13T09:17:10","modified_gmt":"2026-02-13T08:17:10","slug":"seminarier-och-aktiviteter","status":"publish","type":"page","link":"https:\/\/nyforetagarcentrum.se\/vastraostergotland\/seminarier-och-aktiviteter\/","title":{"rendered":"Seminarier &amp; Aktiviteter"},"content":{"rendered":"<section  class=\"nfc-block-split_screen alignwide image_alignment-left\">\n    <div class=\"wrapper\">\n        <div class=\"nfc-block-split_screen__image-wrapper\">\n            <img loading=\"lazy\" decoding=\"async\" width=\"1620\" height=\"1080\" src=\"https:\/\/nyforetagarcentrum.se\/vastraostergotland\/wp-content\/uploads\/sites\/32\/2024\/06\/meeting-469574_1920-1620x1080.jpg\" class=\"attachment-landscape size-landscape\" alt=\"\" srcset=\"https:\/\/nyforetagarcentrum.se\/vastraostergotland\/wp-content\/uploads\/sites\/32\/2024\/06\/meeting-469574_1920-1620x1080.jpg 1620w, https:\/\/nyforetagarcentrum.se\/vastraostergotland\/wp-content\/uploads\/sites\/32\/2024\/06\/meeting-469574_1920-300x200.jpg 300w, https:\/\/nyforetagarcentrum.se\/vastraostergotland\/wp-content\/uploads\/sites\/32\/2024\/06\/meeting-469574_1920-1024x683.jpg 1024w, https:\/\/nyforetagarcentrum.se\/vastraostergotland\/wp-content\/uploads\/sites\/32\/2024\/06\/meeting-469574_1920-768x512.jpg 768w, https:\/\/nyforetagarcentrum.se\/vastraostergotland\/wp-content\/uploads\/sites\/32\/2024\/06\/meeting-469574_1920-1536x1024.jpg 1536w, https:\/\/nyforetagarcentrum.se\/vastraostergotland\/wp-content\/uploads\/sites\/32\/2024\/06\/meeting-469574_1920.jpg 1920w\" sizes=\"(max-width: 1620px) 100vw, 1620px\" \/>        <\/div>\n\n        <div class=\"nfc-block-split_screen__content-wrapper\">\n            <h1>Seminarier &amp; Aktiviteter<\/h1>\n<p>Under \u00e5ret arrangerar vi l\u00f6pande v\u00e5r\u00a0<em>starta-eget-kurs<\/em>\u00a0<strong>Steget till Eget<\/strong>\u00a0och andra\u00a0<em>informations- och n\u00e4tverkstr\u00e4ffar<\/em><em>.\u00a0<\/em>Dessa grupptr\u00e4ffar har som m\u00e5l att du som nyf\u00f6retagare ska f\u00e5 kunskap om f\u00f6retagande. Tillsammans med den enskilda r\u00e5dgivningen, d\u00e4r vi jobbar med just din aff\u00e4rsid\u00e9 och aff\u00e4rsplan, f\u00e5r du mycket av den kunskap vi vet att du beh\u00f6ver inf\u00f6r din f\u00f6retagsstart och f\u00f6r att du ska kunna starta ett livskraftigt f\u00f6retag.<\/p>\n<p>Datum f\u00f6r v\u00e5r starta-eget-kurs\u00a0<strong>Steget till Eget<\/strong> och andra informations- och n\u00e4tverkstr\u00e4ffar publiceras fortl\u00f6pande under Evenemang i menyn h\u00e4r p\u00e5 hemsidan. D\u00e4r hittar du ocks\u00e5 mer information om tr\u00e4ffarna. Vissa av tr\u00e4ffarna kan du ocks\u00e5 l\u00e4sa mer om nedan.<\/p>\n<p>All anm\u00e4lan &#8211; till starta eget kurs, seminarier och till enskild r\u00e5dgivning &#8211; g\u00f6r Du via\u00a0Boka r\u00e5dgivning h\u00e4r p\u00e5 hemsidan.<\/p>\n<p>V\u00e5rens starta-eget-kurs Steget till Eget startar i b\u00f6rjan av mars och \u00e5tf\u00f6ljs av ett antal frist\u00e5ende seminarier.<\/p>\n\n            \n        <\/div>\n    <\/div>\n<\/section>\n\n\n<div style=\"height:60px\" aria-hidden=\"true\" class=\"wp-block-spacer\"><\/div>\n\n\n<section  class=\"nfc-block-text_cards alignwide\">\n    <div class=\"wrapper contained\">\n                    <div class=\"text-card\">\n                <div class=\"text-card__content\">\n                    <h3 class=\"heading\" data-number=\"1\">Steget till Eget \u2013 starta-eget-kurs<\/h3>\n\n                                            <div class=\"description\">V\u00e5r popul\u00e4ra och kostnadsfria starta-eget-kurs Steget till Eget innefattar sex steg och vi rekommenderar att du g\u00e5r p\u00e5 samtliga d\u00e5 detta kommer att ge dig mycket av den information som vi p\u00e5 Nyf\u00f6retagarCentrum vet att du som ny f\u00f6retagare har nytta av att k\u00e4nna till i din f\u00f6retagarroll. Dessutom har du naturligtvis m\u00f6jlighet att st\u00e4lla fr\u00e5gor och du kan \u00e4ven ut\u00f6ka ditt n\u00e4tverk!<br \/>\r\n<br \/>\r\nF\u00f6rutom en r\u00e5dgivare fr\u00e5n Nyf\u00f6retagarCentrum tr\u00e4ffar du en eller flera av v\u00e5ra samarbetspartners som h\u00e5ller i f\u00f6redraget f\u00f6r kv\u00e4llen. Under kv\u00e4llen har du m\u00f6jlighet att st\u00e4lla fr\u00e5gor och dessutom f\u00e5r du en utm\u00e4rkt m\u00f6jlighet att ut\u00f6ka ditt n\u00e4tverk!<br \/>\r\n<br \/>\r\nTr\u00e4ffarna arrangeras l\u00f6pande och du hittar datum, tid och plats under Evenemang i menyn h\u00e4r p\u00e5 hemsidan.<\/div>\n                    \n                                            <a href=\"https:\/\/nyforetagarcentrum.se\/vastraostergotland\/steget-till-eget\/\" class=\"button primary\">Mer info<\/a>\n                    \n                <\/div>\n            <\/div>\n                    <div class=\"text-card\">\n                <div class=\"text-card__content\">\n                    <h3 class=\"heading\" data-number=\"2\">Lokal digital marknadsf\u00f6ring &#8211; med kraft att v\u00e4xa<\/h3>\n\n                                            <div class=\"description\">Hur kan man anv\u00e4nda sig av digital marknadsf\u00f6ring p\u00e5 en lokal marknad och lyfta den globalt? <br \/>\r\n<br \/>\r\nSvaret p\u00e5 detta och andra fr\u00e5gor kopplade till digital marknadsf\u00f6ring \u00e4r temat f\u00f6r kv\u00e4llens seminarium.<\/div>\n                    \n                                            <a href=\"https:\/\/nyforetagarcentrum.se\/vastraostergotland\/lokal-digital-marknadsforing-med-kraft-att-vaxa\/\" class=\"button primary\">Mer info<\/a>\n                    \n                <\/div>\n            <\/div>\n                    <div class=\"text-card\">\n                <div class=\"text-card__content\">\n                    <h3 class=\"heading\" data-number=\"3\">Marknadsf\u00f6ring p\u00e5 Sociala Medier<\/h3>\n\n                                            <div class=\"description\">Att marknadsf\u00f6ra sig p\u00e5 sociala media \u00e4r ett bra s\u00e4tt att n\u00e5 ut till sina m\u00e5lgrupper. F\u00f6r att lyckas kr\u00e4vs dock kunskap om hur det fungerar och en strategi och plan f\u00f6r var, hur och n\u00e4r du ska synas. Detta l\u00e4r du dig mer om i v\u00e5r utbildning.<\/div>\n                    \n                                            <a href=\"https:\/\/nyforetagarcentrum.se\/vastraostergotland\/marknadsforing-pa-sociala-media-for-foretagare\/\" class=\"button primary\">Mer info<\/a>\n                    \n                <\/div>\n            <\/div>\n                    <div class=\"text-card\">\n                <div class=\"text-card__content\">\n                    <h3 class=\"heading\" data-number=\"4\">Grundl\u00e4ggande bokf\u00f6ring<\/h3>\n\n                                            <div class=\"description\">Utbildningen ger dig en introduktion till grundl\u00e4ggande bokf\u00f6ring. Dessutom visas ett antal exempel p\u00e5 hur man bokf\u00f6r ett antal vanliga aff\u00e4rsh\u00e4ndelser. Demo sker i Fortnox.<\/div>\n                    \n                                            <a href=\"https:\/\/nyforetagarcentrum.se\/vastraostergotland\/grundlaggande-bokforing\/\" class=\"button primary\">Mer info<\/a>\n                    \n                <\/div>\n            <\/div>\n                    <div class=\"text-card\">\n                <div class=\"text-card__content\">\n                    <h3 class=\"heading\" data-number=\"5\">L\u00e4mpligt f\u00f6rs\u00e4kringsskydd f\u00f6r dig, dina anst\u00e4llda och ditt f\u00f6retag<\/h3>\n\n                                            <div class=\"description\">Vilken eller vilka typer av f\u00f6rs\u00e4kringar du beh\u00f6ver f\u00f6r ditt f\u00f6retag beror sj\u00e4lvklart p\u00e5 hur din verksamhet ser ut. H\u00e4r kommer f\u00f6retags- och ansvarsf\u00f6rs\u00e4kringen in. Men att vara egen f\u00f6retagare inneb\u00e4r \u00e4ven att du beh\u00f6ver se \u00f6ver ditt f\u00f6rs\u00e4kringsskydd f\u00f6r dig sj\u00e4lv och dina eventuella anst\u00e4llda t ex avseende pensions- och sjukf\u00f6rs\u00e4kringar. P\u00e5 v\u00e5rt seminarium f\u00e5r du mer information och kunskap kring f\u00f6rs\u00e4kringar och f\u00f6rs\u00e4kringsskydd \u2013 varf\u00f6r du beh\u00f6ver detta och vad som kan h\u00e4nda om du inte har det. <\/div>\n                    \n                                            <a href=\"https:\/\/nyforetagarcentrum.se\/vastraostergotland\/lampligt-forsakringsskydd-for-dig-dina-anstallda-och-ditt-foretag\/\" class=\"button primary\">Mer info<\/a>\n                    \n                <\/div>\n            <\/div>\n                    <div class=\"text-card\">\n                <div class=\"text-card__content\">\n                    <h3 class=\"heading\" data-number=\"6\">Att hyra lokal<\/h3>\n\n                                            <div class=\"description\">Det finns mycket man beh\u00f6ver t\u00e4nka p\u00e5 n\u00e4r man ska hyra en lokal till sitt f\u00f6retag. P\u00e5 seminariet f\u00e5r du som \u00e4r p\u00e5 v\u00e4g att hyra verksamhetslokal tips och r\u00e5d om vad som g\u00e4ller och vad du beh\u00f6ver t\u00e4nka p\u00e5.<\/div>\n                    \n                                            <a href=\"https:\/\/nyforetagarcentrum.se\/vastraostergotland\/att-hyra-lokal\/\" class=\"button primary\">Mer info<\/a>\n                    \n                <\/div>\n            <\/div>\n                    <div class=\"text-card\">\n                <div class=\"text-card__content\">\n                    <h3 class=\"heading\" data-number=\"7\">Att g\u00f6ra bokslut<\/h3>\n\n                                            <div class=\"description\">P\u00e5 seminariet \u201dAtt g\u00f6ra bokslut\u201d f\u00e5r du b\u00e4ttre kunskap om vad som kr\u00e4vs och vad du beh\u00f6ver t\u00e4nka p\u00e5 inf\u00f6r ett bokslut. P\u00e5 seminariet tar du del av en praktisk genomg\u00e5ng vilken ger dig b\u00e5de information och konkreta tips kring bokslutsarbetet.<br \/>\r\n<br \/>\r\nUr inneh\u00e5llet:<br \/>\r\n<br \/>\r\nVad \u00e4r ett bokslut? <br \/>\r\nF\u00f6rberedelser inf\u00f6r bokslut<br \/>\r\nPeriodiseringar<br \/>\r\nAvskrivningar<br \/>\r\nSkatt och utdelning<\/div>\n                    \n                                            <a href=\"https:\/\/nyforetagarcentrum.se\/vastraostergotland\/evenemang\/att-gora-bokslut\/\" class=\"button primary\">Mer info<\/a>\n                    \n                <\/div>\n            <\/div>\n            <\/div>\n<\/section>\n\n\n<div style=\"height:60px\" aria-hidden=\"true\" class=\"wp-block-spacer\"><\/div>\n","protected":false},"excerpt":{"rendered":"","protected":false},"author":41,"featured_media":0,"parent":0,"menu_order":0,"comment_status":"closed","ping_status":"closed","template":"","meta":{"footnotes":""},"acf":[],"yoast_head":"<!-- This site is optimized with the Yoast SEO plugin v22.9 - https:\/\/yoast.com\/wordpress\/plugins\/seo\/ -->\n<title>Seminarier &amp; Aktiviteter - V\u00e4stra \u00d6sterg\u00f6tland<\/title>\n<meta name=\"robots\" content=\"index, follow, max-snippet:-1, max-image-preview:large, max-video-preview:-1\" \/>\n<link rel=\"canonical\" href=\"https:\/\/nyforetagarcentrum.se\/vastraostergotland\/seminarier-och-aktiviteter\/\" \/>\n<meta property=\"og:locale\" content=\"sv_SE\" \/>\n<meta property=\"og:type\" content=\"article\" \/>\n<meta property=\"og:title\" content=\"Seminarier &amp; Aktiviteter - V\u00e4stra \u00d6sterg\u00f6tland\" \/>\n<meta property=\"og:url\" content=\"https:\/\/nyforetagarcentrum.se\/vastraostergotland\/seminarier-och-aktiviteter\/\" \/>\n<meta property=\"og:site_name\" content=\"V\u00e4stra \u00d6sterg\u00f6tland\" \/>\n<meta property=\"article:modified_time\" content=\"2026-02-13T08:17:10+00:00\" \/>\n<meta name=\"twitter:card\" content=\"summary_large_image\" \/>\n<script type=\"application\/ld+json\" class=\"yoast-schema-graph\">{\"@context\":\"https:\/\/schema.org\",\"@graph\":[{\"@type\":\"WebPage\",\"@id\":\"https:\/\/nyforetagarcentrum.se\/vastraostergotland\/seminarier-och-aktiviteter\/\",\"url\":\"https:\/\/nyforetagarcentrum.se\/vastraostergotland\/seminarier-och-aktiviteter\/\",\"name\":\"Seminarier &amp; Aktiviteter - V\u00e4stra \u00d6sterg\u00f6tland\",\"isPartOf\":{\"@id\":\"https:\/\/nyforetagarcentrum.se\/vastraostergotland\/#website\"},\"datePublished\":\"2024-08-16T08:26:29+00:00\",\"dateModified\":\"2026-02-13T08:17:10+00:00\",\"breadcrumb\":{\"@id\":\"https:\/\/nyforetagarcentrum.se\/vastraostergotland\/seminarier-och-aktiviteter\/#breadcrumb\"},\"inLanguage\":\"sv-SE\",\"potentialAction\":[{\"@type\":\"ReadAction\",\"target\":[\"https:\/\/nyforetagarcentrum.se\/vastraostergotland\/seminarier-och-aktiviteter\/\"]}]},{\"@type\":\"BreadcrumbList\",\"@id\":\"https:\/\/nyforetagarcentrum.se\/vastraostergotland\/seminarier-och-aktiviteter\/#breadcrumb\",\"itemListElement\":[{\"@type\":\"ListItem\",\"position\":1,\"name\":\"Hem\",\"item\":\"https:\/\/nyforetagarcentrum.se\/vastraostergotland\/\"},{\"@type\":\"ListItem\",\"position\":2,\"name\":\"Seminarier &amp; Aktiviteter\"}]},{\"@type\":\"WebSite\",\"@id\":\"https:\/\/nyforetagarcentrum.se\/vastraostergotland\/#website\",\"url\":\"https:\/\/nyforetagarcentrum.se\/vastraostergotland\/\",\"name\":\"V\u00e4stra \u00d6sterg\u00f6tland\",\"description\":\"Sveriges ledande kraft f\u00f6r fler nya livskraftiga f\u00f6retag\",\"publisher\":{\"@id\":\"https:\/\/nyforetagarcentrum.se\/vastraostergotland\/#organization\"},\"potentialAction\":[{\"@type\":\"SearchAction\",\"target\":{\"@type\":\"EntryPoint\",\"urlTemplate\":\"https:\/\/nyforetagarcentrum.se\/vastraostergotland\/?s={search_term_string}\"},\"query-input\":\"required name=search_term_string\"}],\"inLanguage\":\"sv-SE\"},{\"@type\":\"Organization\",\"@id\":\"https:\/\/nyforetagarcentrum.se\/vastraostergotland\/#organization\",\"name\":\"V\u00e4stra \u00d6sterg\u00f6tland\",\"url\":\"https:\/\/nyforetagarcentrum.se\/vastraostergotland\/\",\"logo\":{\"@type\":\"ImageObject\",\"inLanguage\":\"sv-SE\",\"@id\":\"https:\/\/nyforetagarcentrum.se\/vastraostergotland\/#\/schema\/logo\/image\/\",\"url\":\"https:\/\/nyforetagarcentrum.se\/vastraostergotland\/wp-content\/uploads\/sites\/32\/2024\/04\/Vastra-ostergotland-1.png\",\"contentUrl\":\"https:\/\/nyforetagarcentrum.se\/vastraostergotland\/wp-content\/uploads\/sites\/32\/2024\/04\/Vastra-ostergotland-1.png\",\"width\":1082,\"height\":542,\"caption\":\"V\u00e4stra \u00d6sterg\u00f6tland\"},\"image\":{\"@id\":\"https:\/\/nyforetagarcentrum.se\/vastraostergotland\/#\/schema\/logo\/image\/\"}}]}<\/script>\n<!-- \/ Yoast SEO plugin. -->","yoast_head_json":{"title":"Seminarier &amp; Aktiviteter - V\u00e4stra \u00d6sterg\u00f6tland","robots":{"index":"index","follow":"follow","max-snippet":"max-snippet:-1","max-image-preview":"max-image-preview:large","max-video-preview":"max-video-preview:-1"},"canonical":"https:\/\/nyforetagarcentrum.se\/vastraostergotland\/seminarier-och-aktiviteter\/","og_locale":"sv_SE","og_type":"article","og_title":"Seminarier &amp; Aktiviteter - V\u00e4stra \u00d6sterg\u00f6tland","og_url":"https:\/\/nyforetagarcentrum.se\/vastraostergotland\/seminarier-och-aktiviteter\/","og_site_name":"V\u00e4stra \u00d6sterg\u00f6tland","article_modified_time":"2026-02-13T08:17:10+00:00","twitter_card":"summary_large_image","schema":{"@context":"https:\/\/schema.org","@graph":[{"@type":"WebPage","@id":"https:\/\/nyforetagarcentrum.se\/vastraostergotland\/seminarier-och-aktiviteter\/","url":"https:\/\/nyforetagarcentrum.se\/vastraostergotland\/seminarier-och-aktiviteter\/","name":"Seminarier &amp; Aktiviteter - V\u00e4stra \u00d6sterg\u00f6tland","isPartOf":{"@id":"https:\/\/nyforetagarcentrum.se\/vastraostergotland\/#website"},"datePublished":"2024-08-16T08:26:29+00:00","dateModified":"2026-02-13T08:17:10+00:00","breadcrumb":{"@id":"https:\/\/nyforetagarcentrum.se\/vastraostergotland\/seminarier-och-aktiviteter\/#breadcrumb"},"inLanguage":"sv-SE","potentialAction":[{"@type":"ReadAction","target":["https:\/\/nyforetagarcentrum.se\/vastraostergotland\/seminarier-och-aktiviteter\/"]}]},{"@type":"BreadcrumbList","@id":"https:\/\/nyforetagarcentrum.se\/vastraostergotland\/seminarier-och-aktiviteter\/#breadcrumb","itemListElement":[{"@type":"ListItem","position":1,"name":"Hem","item":"https:\/\/nyforetagarcentrum.se\/vastraostergotland\/"},{"@type":"ListItem","position":2,"name":"Seminarier &amp; Aktiviteter"}]},{"@type":"WebSite","@id":"https:\/\/nyforetagarcentrum.se\/vastraostergotland\/#website","url":"https:\/\/nyforetagarcentrum.se\/vastraostergotland\/","name":"V\u00e4stra \u00d6sterg\u00f6tland","description":"Sveriges ledande kraft f\u00f6r fler nya livskraftiga f\u00f6retag","publisher":{"@id":"https:\/\/nyforetagarcentrum.se\/vastraostergotland\/#organization"},"potentialAction":[{"@type":"SearchAction","target":{"@type":"EntryPoint","urlTemplate":"https:\/\/nyforetagarcentrum.se\/vastraostergotland\/?s={search_term_string}"},"query-input":"required name=search_term_string"}],"inLanguage":"sv-SE"},{"@type":"Organization","@id":"https:\/\/nyforetagarcentrum.se\/vastraostergotland\/#organization","name":"V\u00e4stra \u00d6sterg\u00f6tland","url":"https:\/\/nyforetagarcentrum.se\/vastraostergotland\/","logo":{"@type":"ImageObject","inLanguage":"sv-SE","@id":"https:\/\/nyforetagarcentrum.se\/vastraostergotland\/#\/schema\/logo\/image\/","url":"https:\/\/nyforetagarcentrum.se\/vastraostergotland\/wp-content\/uploads\/sites\/32\/2024\/04\/Vastra-ostergotland-1.png","contentUrl":"https:\/\/nyforetagarcentrum.se\/vastraostergotland\/wp-content\/uploads\/sites\/32\/2024\/04\/Vastra-ostergotland-1.png","width":1082,"height":542,"caption":"V\u00e4stra \u00d6sterg\u00f6tland"},"image":{"@id":"https:\/\/nyforetagarcentrum.se\/vastraostergotland\/#\/schema\/logo\/image\/"}}]}},"_links":{"self":[{"href":"https:\/\/nyforetagarcentrum.se\/vastraostergotland\/wp-json\/wp\/v2\/pages\/1003"}],"collection":[{"href":"https:\/\/nyforetagarcentrum.se\/vastraostergotland\/wp-json\/wp\/v2\/pages"}],"about":[{"href":"https:\/\/nyforetagarcentrum.se\/vastraostergotland\/wp-json\/wp\/v2\/types\/page"}],"author":[{"embeddable":true,"href":"https:\/\/nyforetagarcentrum.se\/vastraostergotland\/wp-json\/wp\/v2\/users\/41"}],"replies":[{"embeddable":true,"href":"https:\/\/nyforetagarcentrum.se\/vastraostergotland\/wp-json\/wp\/v2\/comments?post=1003"}],"version-history":[{"count":59,"href":"https:\/\/nyforetagarcentrum.se\/vastraostergotland\/wp-json\/wp\/v2\/pages\/1003\/revisions"}],"predecessor-version":[{"id":2440,"href":"https:\/\/nyforetagarcentrum.se\/vastraostergotland\/wp-json\/wp\/v2\/pages\/1003\/revisions\/2440"}],"wp:attachment":[{"href":"https:\/\/nyforetagarcentrum.se\/vastraostergotland\/wp-json\/wp\/v2\/media?parent=1003"}],"curies":[{"name":"wp","href":"https:\/\/api.w.org\/{rel}","templated":true}]}}