{"id":164,"date":"2024-02-27T16:05:17","date_gmt":"2024-02-27T15:05:17","guid":{"rendered":"https:\/\/nyforetagarcentrum.se\/vastmanland\/?page_id=164"},"modified":"2024-10-16T13:13:35","modified_gmt":"2024-10-16T11:13:35","slug":"var-styrelse","status":"publish","type":"page","link":"https:\/\/nyforetagarcentrum.se\/vastmanland\/var-styrelse\/","title":{"rendered":"V\u00e5r styrelse"},"content":{"rendered":"<section  class=\"nfc-block-hero alignfull\">\n\n    <img loading=\"lazy\" decoding=\"async\" width=\"1476\" height=\"984\" src=\"https:\/\/nyforetagarcentrum.se\/vastmanland\/wp-content\/uploads\/sites\/16\/2024\/02\/Nyforetagare-kultur-LOW.jpg\" class=\"attachment-landscape size-landscape\" alt=\"\" srcset=\"https:\/\/nyforetagarcentrum.se\/vastmanland\/wp-content\/uploads\/sites\/16\/2024\/02\/Nyforetagare-kultur-LOW.jpg 1476w, https:\/\/nyforetagarcentrum.se\/vastmanland\/wp-content\/uploads\/sites\/16\/2024\/02\/Nyforetagare-kultur-LOW-300x200.jpg 300w, https:\/\/nyforetagarcentrum.se\/vastmanland\/wp-content\/uploads\/sites\/16\/2024\/02\/Nyforetagare-kultur-LOW-1024x683.jpg 1024w, https:\/\/nyforetagarcentrum.se\/vastmanland\/wp-content\/uploads\/sites\/16\/2024\/02\/Nyforetagare-kultur-LOW-768x512.jpg 768w\" sizes=\"(max-width: 1476px) 100vw, 1476px\" \/>\n    <div class=\"contained\">\n        <h1 class=\"nfc-block-hero__heading\">V\u00e5r styrelse<\/h1>\n\n            <\/div>\n<\/section>\n\n\n<div style=\"height:50px\" aria-hidden=\"true\" class=\"wp-block-spacer\"><\/div>\n\n\n<section  class=\"nfc-block-breadcrumbs alignwide\">\n    <div class=\"wrapper contained\">\n        <ol class=\"breadcrumbs\" itemscope itemtype=\"https:\/\/schema.org\/BreadcrumbList\">\n            <li itemprop=\"itemListElement\" itemscope itemtype=\"https:\/\/schema.org\/ListItem\">\n            \n\n                            <span class=\"current\" itemprop=\"name\">Hem<\/span>\n            \n            <meta itemprop=\"position\" content=\"1\" \/>\n        <\/li>\n    <\/ol>    <\/div>\n<\/section>\n\n<section  class=\"nfc-block-person_grid alignwide layout-small\">\n    <div class=\"contained\">\n        <div class=\"grid\">\n            <div class=\"person-card\">\n    \n    \n    <div class=\"content-wrapper\">\n        <div class=\"top\">\n                    <\/div>\n        \n        <h3>Tobias Back<\/h3>\n\n        <div class=\"excerpt\">\n            Styrelseordf\u00f6rande        <\/div>\n\n        <div class=\"links\">\n            \n                            <a href=\"mailto:tobias.back@nyf\u00f6retagarcentrum.se\u00a0\">\n                    MAIL: tobias.back@nyf\u00f6retagarcentrum.se\u00a0                <\/a>\n                    <\/div>\n        \n    <\/div>\n<\/div><div class=\"person-card\">\n    \n    \n    <div class=\"content-wrapper\">\n        <div class=\"top\">\n                    <\/div>\n        \n        <h3>Tomas T\u00e4uber<\/h3>\n\n        <div class=\"excerpt\">\n            Ledamot<br \/>\r\nT\u00e4uber Management AB        <\/div>\n\n        <div class=\"links\">\n            \n                    <\/div>\n        \n    <\/div>\n<\/div><div class=\"person-card\">\n    \n    \n    <div class=\"content-wrapper\">\n        <div class=\"top\">\n                    <\/div>\n        \n        <h3>Barbara Takacs<\/h3>\n\n        <div class=\"excerpt\">\n            Ledamot<br \/>\r\nSwedbank        <\/div>\n\n        <div class=\"links\">\n            \n                    <\/div>\n        \n    <\/div>\n<\/div><div class=\"person-card\">\n    \n    \n    <div class=\"content-wrapper\">\n        <div class=\"top\">\n                    <\/div>\n        \n        <h3>Niclas Ramsin<\/h3>\n\n        <div class=\"excerpt\">\n            Ledamot<br \/>\r\nSonat AB        <\/div>\n\n        <div class=\"links\">\n            \n                    <\/div>\n        \n    <\/div>\n<\/div><div class=\"person-card\">\n    \n    \n    <div class=\"content-wrapper\">\n        <div class=\"top\">\n                    <\/div>\n        \n        <h3>Hans-\u00c5ke Emfevid<\/h3>\n\n        <div class=\"excerpt\">\n            Ledamot<br \/>\r\nEmfevid AB        <\/div>\n\n        <div class=\"links\">\n            \n                    <\/div>\n        \n    <\/div>\n<\/div><div class=\"person-card\">\n    \n    \n    <div class=\"content-wrapper\">\n        <div class=\"top\">\n                    <\/div>\n        \n        <h3>Moa Fj\u00e4ll<\/h3>\n\n        <div class=\"excerpt\">\n            Ledamot<br \/>\r\nV\u00e4ster\u00e5s Stad        <\/div>\n\n        <div class=\"links\">\n            \n                    <\/div>\n        \n    <\/div>\n<\/div><div class=\"person-card\">\n    \n    \n    <div class=\"content-wrapper\">\n        <div class=\"top\">\n                    <\/div>\n        \n        <h3>Madeleine Alhqvist<\/h3>\n\n        <div class=\"excerpt\">\n            Ledamot<br \/>\r\nHalstahammars kommun        <\/div>\n\n        <div class=\"links\">\n            \n                    <\/div>\n        \n    <\/div>\n<\/div><div class=\"person-card\">\n    \n    \n    <div class=\"content-wrapper\">\n        <div class=\"top\">\n                    <\/div>\n        \n        <h3>Ulrika Gr\u00f6nberg<\/h3>\n\n        <div class=\"excerpt\">\n            Ledamot<br \/>\r\nSparbanken V\u00e4stra M\u00e4lardalen        <\/div>\n\n        <div class=\"links\">\n            \n                    <\/div>\n        \n    <\/div>\n<\/div><div class=\"person-card\">\n    \n    \n    <div class=\"content-wrapper\">\n        <div class=\"top\">\n                    <\/div>\n        \n        <h3>Tobias Back<\/h3>\n\n        <div class=\"excerpt\">\n            Styrelseordf\u00f6rande        <\/div>\n\n        <div class=\"links\">\n            \n                            <a href=\"mailto:tobias.back@nyf\u00f6retagarcentrum.se\u00a0\">\n                    MAIL: tobias.back@nyf\u00f6retagarcentrum.se\u00a0                <\/a>\n                    <\/div>\n        \n    <\/div>\n<\/div>        <\/div>\n    <\/div>\n<\/section>\n\n\n<div style=\"height:100px\" aria-hidden=\"true\" class=\"wp-block-spacer\"><\/div>\n","protected":false},"excerpt":{"rendered":"","protected":false},"author":1,"featured_media":0,"parent":0,"menu_order":0,"comment_status":"closed","ping_status":"closed","template":"","meta":{"footnotes":""},"acf":[],"yoast_head":"<!-- This site is optimized with the Yoast SEO plugin v22.9 - https:\/\/yoast.com\/wordpress\/plugins\/seo\/ -->\n<title>V\u00e5r styrelse - V\u00e4stmanland<\/title>\n<meta name=\"description\" content=\"L\u00e4s om vilka vi \u00e4r som sitter i styrelsen f\u00f6r Nyf\u00f6retagarcentrum V\u00e4stmanland samt vad vi har f\u00f6r roller i n\u00e4ringslivet.\" \/>\n<meta name=\"robots\" content=\"index, follow, max-snippet:-1, max-image-preview:large, max-video-preview:-1\" \/>\n<link rel=\"canonical\" href=\"https:\/\/nyforetagarcentrum.se\/vastmanland\/var-styrelse\/\" \/>\n<meta property=\"og:locale\" content=\"sv_SE\" \/>\n<meta property=\"og:type\" content=\"article\" \/>\n<meta property=\"og:title\" content=\"V\u00e5r styrelse - V\u00e4stmanland\" \/>\n<meta property=\"og:description\" content=\"L\u00e4s om vilka vi \u00e4r som sitter i styrelsen f\u00f6r Nyf\u00f6retagarcentrum V\u00e4stmanland samt vad vi har f\u00f6r roller i n\u00e4ringslivet.\" \/>\n<meta property=\"og:url\" content=\"https:\/\/nyforetagarcentrum.se\/vastmanland\/var-styrelse\/\" \/>\n<meta property=\"og:site_name\" content=\"V\u00e4stmanland\" \/>\n<meta property=\"article:modified_time\" content=\"2024-10-16T11:13:35+00:00\" \/>\n<meta name=\"twitter:card\" content=\"summary_large_image\" \/>\n<script type=\"application\/ld+json\" class=\"yoast-schema-graph\">{\"@context\":\"https:\/\/schema.org\",\"@graph\":[{\"@type\":\"WebPage\",\"@id\":\"https:\/\/nyforetagarcentrum.se\/vastmanland\/var-styrelse\/\",\"url\":\"https:\/\/nyforetagarcentrum.se\/vastmanland\/var-styrelse\/\",\"name\":\"V\u00e5r styrelse - V\u00e4stmanland\",\"isPartOf\":{\"@id\":\"https:\/\/nyforetagarcentrum.se\/vastmanland\/#website\"},\"datePublished\":\"2024-02-27T15:05:17+00:00\",\"dateModified\":\"2024-10-16T11:13:35+00:00\",\"description\":\"L\u00e4s om vilka vi \u00e4r som sitter i styrelsen f\u00f6r Nyf\u00f6retagarcentrum V\u00e4stmanland samt vad vi har f\u00f6r roller i n\u00e4ringslivet.\",\"breadcrumb\":{\"@id\":\"https:\/\/nyforetagarcentrum.se\/vastmanland\/var-styrelse\/#breadcrumb\"},\"inLanguage\":\"sv-SE\",\"potentialAction\":[{\"@type\":\"ReadAction\",\"target\":[\"https:\/\/nyforetagarcentrum.se\/vastmanland\/var-styrelse\/\"]}]},{\"@type\":\"BreadcrumbList\",\"@id\":\"https:\/\/nyforetagarcentrum.se\/vastmanland\/var-styrelse\/#breadcrumb\",\"itemListElement\":[{\"@type\":\"ListItem\",\"position\":1,\"name\":\"Hem\",\"item\":\"https:\/\/nyforetagarcentrum.se\/vastmanland\/\"},{\"@type\":\"ListItem\",\"position\":2,\"name\":\"V\u00e5r styrelse\"}]},{\"@type\":\"WebSite\",\"@id\":\"https:\/\/nyforetagarcentrum.se\/vastmanland\/#website\",\"url\":\"https:\/\/nyforetagarcentrum.se\/vastmanland\/\",\"name\":\"V\u00e4stmanland\",\"description\":\"Sveriges ledande kraft f\u00f6r fler nya livskraftiga f\u00f6retag\",\"publisher\":{\"@id\":\"https:\/\/nyforetagarcentrum.se\/vastmanland\/#organization\"},\"potentialAction\":[{\"@type\":\"SearchAction\",\"target\":{\"@type\":\"EntryPoint\",\"urlTemplate\":\"https:\/\/nyforetagarcentrum.se\/vastmanland\/?s={search_term_string}\"},\"query-input\":\"required name=search_term_string\"}],\"inLanguage\":\"sv-SE\"},{\"@type\":\"Organization\",\"@id\":\"https:\/\/nyforetagarcentrum.se\/vastmanland\/#organization\",\"name\":\"V\u00e4stmanland\",\"url\":\"https:\/\/nyforetagarcentrum.se\/vastmanland\/\",\"logo\":{\"@type\":\"ImageObject\",\"inLanguage\":\"sv-SE\",\"@id\":\"https:\/\/nyforetagarcentrum.se\/vastmanland\/#\/schema\/logo\/image\/\",\"url\":\"https:\/\/nyforetagarcentrum.se\/vastmanland\/wp-content\/uploads\/sites\/16\/2024\/04\/Vastmanland.png\",\"contentUrl\":\"https:\/\/nyforetagarcentrum.se\/vastmanland\/wp-content\/uploads\/sites\/16\/2024\/04\/Vastmanland.png\",\"width\":1082,\"height\":542,\"caption\":\"V\u00e4stmanland\"},\"image\":{\"@id\":\"https:\/\/nyforetagarcentrum.se\/vastmanland\/#\/schema\/logo\/image\/\"}}]}<\/script>\n<!-- \/ Yoast SEO plugin. -->","yoast_head_json":{"title":"V\u00e5r styrelse - V\u00e4stmanland","description":"L\u00e4s om vilka vi \u00e4r som sitter i styrelsen f\u00f6r Nyf\u00f6retagarcentrum V\u00e4stmanland samt vad vi har f\u00f6r roller i n\u00e4ringslivet.","robots":{"index":"index","follow":"follow","max-snippet":"max-snippet:-1","max-image-preview":"max-image-preview:large","max-video-preview":"max-video-preview:-1"},"canonical":"https:\/\/nyforetagarcentrum.se\/vastmanland\/var-styrelse\/","og_locale":"sv_SE","og_type":"article","og_title":"V\u00e5r styrelse - V\u00e4stmanland","og_description":"L\u00e4s om vilka vi \u00e4r som sitter i styrelsen f\u00f6r Nyf\u00f6retagarcentrum V\u00e4stmanland samt vad vi har f\u00f6r roller i n\u00e4ringslivet.","og_url":"https:\/\/nyforetagarcentrum.se\/vastmanland\/var-styrelse\/","og_site_name":"V\u00e4stmanland","article_modified_time":"2024-10-16T11:13:35+00:00","twitter_card":"summary_large_image","schema":{"@context":"https:\/\/schema.org","@graph":[{"@type":"WebPage","@id":"https:\/\/nyforetagarcentrum.se\/vastmanland\/var-styrelse\/","url":"https:\/\/nyforetagarcentrum.se\/vastmanland\/var-styrelse\/","name":"V\u00e5r styrelse - V\u00e4stmanland","isPartOf":{"@id":"https:\/\/nyforetagarcentrum.se\/vastmanland\/#website"},"datePublished":"2024-02-27T15:05:17+00:00","dateModified":"2024-10-16T11:13:35+00:00","description":"L\u00e4s om vilka vi \u00e4r som sitter i styrelsen f\u00f6r Nyf\u00f6retagarcentrum V\u00e4stmanland samt vad vi har f\u00f6r roller i n\u00e4ringslivet.","breadcrumb":{"@id":"https:\/\/nyforetagarcentrum.se\/vastmanland\/var-styrelse\/#breadcrumb"},"inLanguage":"sv-SE","potentialAction":[{"@type":"ReadAction","target":["https:\/\/nyforetagarcentrum.se\/vastmanland\/var-styrelse\/"]}]},{"@type":"BreadcrumbList","@id":"https:\/\/nyforetagarcentrum.se\/vastmanland\/var-styrelse\/#breadcrumb","itemListElement":[{"@type":"ListItem","position":1,"name":"Hem","item":"https:\/\/nyforetagarcentrum.se\/vastmanland\/"},{"@type":"ListItem","position":2,"name":"V\u00e5r styrelse"}]},{"@type":"WebSite","@id":"https:\/\/nyforetagarcentrum.se\/vastmanland\/#website","url":"https:\/\/nyforetagarcentrum.se\/vastmanland\/","name":"V\u00e4stmanland","description":"Sveriges ledande kraft f\u00f6r fler nya livskraftiga f\u00f6retag","publisher":{"@id":"https:\/\/nyforetagarcentrum.se\/vastmanland\/#organization"},"potentialAction":[{"@type":"SearchAction","target":{"@type":"EntryPoint","urlTemplate":"https:\/\/nyforetagarcentrum.se\/vastmanland\/?s={search_term_string}"},"query-input":"required name=search_term_string"}],"inLanguage":"sv-SE"},{"@type":"Organization","@id":"https:\/\/nyforetagarcentrum.se\/vastmanland\/#organization","name":"V\u00e4stmanland","url":"https:\/\/nyforetagarcentrum.se\/vastmanland\/","logo":{"@type":"ImageObject","inLanguage":"sv-SE","@id":"https:\/\/nyforetagarcentrum.se\/vastmanland\/#\/schema\/logo\/image\/","url":"https:\/\/nyforetagarcentrum.se\/vastmanland\/wp-content\/uploads\/sites\/16\/2024\/04\/Vastmanland.png","contentUrl":"https:\/\/nyforetagarcentrum.se\/vastmanland\/wp-content\/uploads\/sites\/16\/2024\/04\/Vastmanland.png","width":1082,"height":542,"caption":"V\u00e4stmanland"},"image":{"@id":"https:\/\/nyforetagarcentrum.se\/vastmanland\/#\/schema\/logo\/image\/"}}]}},"_links":{"self":[{"href":"https:\/\/nyforetagarcentrum.se\/vastmanland\/wp-json\/wp\/v2\/pages\/164"}],"collection":[{"href":"https:\/\/nyforetagarcentrum.se\/vastmanland\/wp-json\/wp\/v2\/pages"}],"about":[{"href":"https:\/\/nyforetagarcentrum.se\/vastmanland\/wp-json\/wp\/v2\/types\/page"}],"author":[{"embeddable":true,"href":"https:\/\/nyforetagarcentrum.se\/vastmanland\/wp-json\/wp\/v2\/users\/1"}],"replies":[{"embeddable":true,"href":"https:\/\/nyforetagarcentrum.se\/vastmanland\/wp-json\/wp\/v2\/comments?post=164"}],"version-history":[{"count":20,"href":"https:\/\/nyforetagarcentrum.se\/vastmanland\/wp-json\/wp\/v2\/pages\/164\/revisions"}],"predecessor-version":[{"id":396,"href":"https:\/\/nyforetagarcentrum.se\/vastmanland\/wp-json\/wp\/v2\/pages\/164\/revisions\/396"}],"wp:attachment":[{"href":"https:\/\/nyforetagarcentrum.se\/vastmanland\/wp-json\/wp\/v2\/media?parent=164"}],"curies":[{"name":"wp","href":"https:\/\/api.w.org\/{rel}","templated":true}]}}