{"id":755,"date":"2024-05-30T16:27:45","date_gmt":"2024-05-30T14:27:45","guid":{"rendered":"https:\/\/nyforetagarcentrum.se\/vast\/?page_id=755"},"modified":"2025-05-26T15:27:47","modified_gmt":"2025-05-26T13:27:47","slug":"boka-radgivning","status":"publish","type":"page","link":"https:\/\/nyforetagarcentrum.se\/vast\/boka-radgivning\/","title":{"rendered":"Boka r\u00e5dgivning"},"content":{"rendered":"\n<p>Vi ger r\u00e5dgivning till personer p\u00e5 i hela Fyrbodal, Gr\u00e4storp och Lilla Edet<\/p>\n\n\n\n<h3 class=\"wp-block-heading\"><strong><a href=\"https:\/\/jobsdata-nyforetagarcentrum.se\/ExternBooking?OfficeId=2bd26032-5d7f-e811-a814-d89ef30d5a50\">Boka r\u00e5dgivning<\/a><\/strong><\/h3>\n\n\n\n<p>Teres Johansson 0734-05 56 00<br>Petra Arlebo 0707-35 25 68<br>Annette Palmqvist 0708-25 05 40<\/p>\n\n\n\n<p>E-post: <strong><a href=\"mailto:vast@nyforetagarcentrum.se\">vast@nyforetagarcentrum.se<\/a><\/strong><\/p>\n\n\n\n<p>Har du n\u00e5gra fr\u00e5gor s\u00e5 tveka inte att ringa oss!<\/p>\n\n\n\n<p>V\u00e4lkommen!<\/p>\n\n\n\n<p>R\u00e5dgivningen p\u00e5 Nyf\u00f6retagarCentrum \u00e4r kostnadsfri, personlig och konfidentiell.<br>R\u00e5dgivningen&nbsp;genomf\u00f6rs av diplomerade r\u00e5dgivare som sj\u00e4lva \u00e4r egna f\u00f6retagare. Du kan g\u00e5 p\u00e5 en eller flera r\u00e5dgivningar och du driver processen i din takt.<\/p>\n\n\n\n<p>R\u00e5dgivningarna kretsar ofta kring aff\u00e4rsid\u00e9n. H\u00e5ller den eller beh\u00f6ver den utvecklas? Vi g\u00e5r \u00e4ven igenom din budget, vikten av marknadsf\u00f6ring och om dig sj\u00e4lv och dina styrkor och svagheter som blivande f\u00f6retagare. Du driver processen sj\u00e4lv och har du r\u00e4tt engagemang kan vi lova att du \u00e4r b\u00e4ttre f\u00f6rberedd f\u00f6r livet som f\u00f6retagare efter att ha tr\u00e4ffat v\u00e5ra r\u00e5dgivare.<\/p>\n\n\n\n<p><a href=\"https:\/\/www.nyforetagarcentrum.se\/vast\/wp-content\/uploads\/sites\/93\/2018\/12\/GDPR_policy_NyforetagarCentrum_2018_v3.pdf\" target=\"_blank\" rel=\"noreferrer noopener\"><strong>Ladda ner v\u00e5r integritetspolicy i enlighet med GDPR&nbsp; som pdf<\/strong><\/a><\/p>\n\n\n\n<div class=\"wp-block-buttons is-layout-flex wp-block-buttons-is-layout-flex\">\n<div class=\"wp-block-button\"><a class=\"wp-block-button__link wp-element-button\">Boka r\u00e5dgivning<\/a><\/div>\n<\/div>\n","protected":false},"excerpt":{"rendered":"<p>Vi ger r\u00e5dgivning till personer p\u00e5 i hela Fyrbodal, Gr\u00e4storp och Lilla Edet Boka r\u00e5dgivning Teres Johansson 0734-05 56 00Petra Arlebo 0707-35 25 68Annette Palmqvist 0708-25 05 40 E-post: vast@nyforetagarcentrum.se Har du n\u00e5gra fr\u00e5gor s\u00e5 tveka inte att ringa oss! V\u00e4lkommen! R\u00e5dgivningen p\u00e5 Nyf\u00f6retagarCentrum \u00e4r kostnadsfri, personlig och konfidentiell.R\u00e5dgivningen&nbsp;genomf\u00f6rs av diplomerade r\u00e5dgivare som sj\u00e4lva \u00e4r [&hellip;]<\/p>\n","protected":false},"author":28,"featured_media":0,"parent":0,"menu_order":0,"comment_status":"closed","ping_status":"closed","template":"","meta":{"footnotes":""},"acf":[],"yoast_head":"<!-- This site is optimized with the Yoast SEO plugin v22.9 - https:\/\/yoast.com\/wordpress\/plugins\/seo\/ -->\n<title>Boka r\u00e5dgivning - V\u00e4st<\/title>\n<meta name=\"robots\" content=\"index, follow, max-snippet:-1, max-image-preview:large, max-video-preview:-1\" \/>\n<link rel=\"canonical\" href=\"https:\/\/nyforetagarcentrum.se\/vast\/boka-radgivning\/\" \/>\n<meta property=\"og:locale\" content=\"sv_SE\" \/>\n<meta property=\"og:type\" content=\"article\" \/>\n<meta property=\"og:title\" content=\"Boka r\u00e5dgivning - V\u00e4st\" \/>\n<meta property=\"og:description\" content=\"Vi ger r\u00e5dgivning till personer p\u00e5 i hela Fyrbodal, Gr\u00e4storp och Lilla Edet Boka r\u00e5dgivning Teres Johansson 0734-05 56 00Petra Arlebo 0707-35 25 68Annette Palmqvist 0708-25 05 40 E-post: vast@nyforetagarcentrum.se Har du n\u00e5gra fr\u00e5gor s\u00e5 tveka inte att ringa oss! V\u00e4lkommen! R\u00e5dgivningen p\u00e5 Nyf\u00f6retagarCentrum \u00e4r kostnadsfri, personlig och konfidentiell.R\u00e5dgivningen&nbsp;genomf\u00f6rs av diplomerade r\u00e5dgivare som sj\u00e4lva \u00e4r [&hellip;]\" \/>\n<meta property=\"og:url\" content=\"https:\/\/nyforetagarcentrum.se\/vast\/boka-radgivning\/\" \/>\n<meta property=\"og:site_name\" content=\"V\u00e4st\" \/>\n<meta property=\"article:modified_time\" content=\"2025-05-26T13:27:47+00:00\" \/>\n<meta name=\"twitter:card\" content=\"summary_large_image\" \/>\n<meta name=\"twitter:label1\" content=\"Ber\u00e4knad l\u00e4stid\" \/>\n\t<meta name=\"twitter:data1\" content=\"1 minut\" \/>\n<script type=\"application\/ld+json\" class=\"yoast-schema-graph\">{\"@context\":\"https:\/\/schema.org\",\"@graph\":[{\"@type\":\"WebPage\",\"@id\":\"https:\/\/nyforetagarcentrum.se\/vast\/boka-radgivning\/\",\"url\":\"https:\/\/nyforetagarcentrum.se\/vast\/boka-radgivning\/\",\"name\":\"Boka r\u00e5dgivning - V\u00e4st\",\"isPartOf\":{\"@id\":\"https:\/\/nyforetagarcentrum.se\/vast\/#website\"},\"datePublished\":\"2024-05-30T14:27:45+00:00\",\"dateModified\":\"2025-05-26T13:27:47+00:00\",\"breadcrumb\":{\"@id\":\"https:\/\/nyforetagarcentrum.se\/vast\/boka-radgivning\/#breadcrumb\"},\"inLanguage\":\"sv-SE\",\"potentialAction\":[{\"@type\":\"ReadAction\",\"target\":[\"https:\/\/nyforetagarcentrum.se\/vast\/boka-radgivning\/\"]}]},{\"@type\":\"BreadcrumbList\",\"@id\":\"https:\/\/nyforetagarcentrum.se\/vast\/boka-radgivning\/#breadcrumb\",\"itemListElement\":[{\"@type\":\"ListItem\",\"position\":1,\"name\":\"Hem\",\"item\":\"https:\/\/nyforetagarcentrum.se\/vast\/\"},{\"@type\":\"ListItem\",\"position\":2,\"name\":\"Boka r\u00e5dgivning\"}]},{\"@type\":\"WebSite\",\"@id\":\"https:\/\/nyforetagarcentrum.se\/vast\/#website\",\"url\":\"https:\/\/nyforetagarcentrum.se\/vast\/\",\"name\":\"V\u00e4st\",\"description\":\"Sveriges ledande kraft f\u00f6r fler nya livskraftiga f\u00f6retag\",\"publisher\":{\"@id\":\"https:\/\/nyforetagarcentrum.se\/vast\/#organization\"},\"potentialAction\":[{\"@type\":\"SearchAction\",\"target\":{\"@type\":\"EntryPoint\",\"urlTemplate\":\"https:\/\/nyforetagarcentrum.se\/vast\/?s={search_term_string}\"},\"query-input\":\"required name=search_term_string\"}],\"inLanguage\":\"sv-SE\"},{\"@type\":\"Organization\",\"@id\":\"https:\/\/nyforetagarcentrum.se\/vast\/#organization\",\"name\":\"V\u00e4st\",\"url\":\"https:\/\/nyforetagarcentrum.se\/vast\/\",\"logo\":{\"@type\":\"ImageObject\",\"inLanguage\":\"sv-SE\",\"@id\":\"https:\/\/nyforetagarcentrum.se\/vast\/#\/schema\/logo\/image\/\",\"url\":\"https:\/\/nyforetagarcentrum.se\/vast\/wp-content\/uploads\/sites\/78\/2024\/04\/Vast-1.png\",\"contentUrl\":\"https:\/\/nyforetagarcentrum.se\/vast\/wp-content\/uploads\/sites\/78\/2024\/04\/Vast-1.png\",\"width\":1082,\"height\":542,\"caption\":\"V\u00e4st\"},\"image\":{\"@id\":\"https:\/\/nyforetagarcentrum.se\/vast\/#\/schema\/logo\/image\/\"}}]}<\/script>\n<!-- \/ Yoast SEO plugin. -->","yoast_head_json":{"title":"Boka r\u00e5dgivning - V\u00e4st","robots":{"index":"index","follow":"follow","max-snippet":"max-snippet:-1","max-image-preview":"max-image-preview:large","max-video-preview":"max-video-preview:-1"},"canonical":"https:\/\/nyforetagarcentrum.se\/vast\/boka-radgivning\/","og_locale":"sv_SE","og_type":"article","og_title":"Boka r\u00e5dgivning - V\u00e4st","og_description":"Vi ger r\u00e5dgivning till personer p\u00e5 i hela Fyrbodal, Gr\u00e4storp och Lilla Edet Boka r\u00e5dgivning Teres Johansson 0734-05 56 00Petra Arlebo 0707-35 25 68Annette Palmqvist 0708-25 05 40 E-post: vast@nyforetagarcentrum.se Har du n\u00e5gra fr\u00e5gor s\u00e5 tveka inte att ringa oss! V\u00e4lkommen! R\u00e5dgivningen p\u00e5 Nyf\u00f6retagarCentrum \u00e4r kostnadsfri, personlig och konfidentiell.R\u00e5dgivningen&nbsp;genomf\u00f6rs av diplomerade r\u00e5dgivare som sj\u00e4lva \u00e4r [&hellip;]","og_url":"https:\/\/nyforetagarcentrum.se\/vast\/boka-radgivning\/","og_site_name":"V\u00e4st","article_modified_time":"2025-05-26T13:27:47+00:00","twitter_card":"summary_large_image","twitter_misc":{"Ber\u00e4knad l\u00e4stid":"1 minut"},"schema":{"@context":"https:\/\/schema.org","@graph":[{"@type":"WebPage","@id":"https:\/\/nyforetagarcentrum.se\/vast\/boka-radgivning\/","url":"https:\/\/nyforetagarcentrum.se\/vast\/boka-radgivning\/","name":"Boka r\u00e5dgivning - V\u00e4st","isPartOf":{"@id":"https:\/\/nyforetagarcentrum.se\/vast\/#website"},"datePublished":"2024-05-30T14:27:45+00:00","dateModified":"2025-05-26T13:27:47+00:00","breadcrumb":{"@id":"https:\/\/nyforetagarcentrum.se\/vast\/boka-radgivning\/#breadcrumb"},"inLanguage":"sv-SE","potentialAction":[{"@type":"ReadAction","target":["https:\/\/nyforetagarcentrum.se\/vast\/boka-radgivning\/"]}]},{"@type":"BreadcrumbList","@id":"https:\/\/nyforetagarcentrum.se\/vast\/boka-radgivning\/#breadcrumb","itemListElement":[{"@type":"ListItem","position":1,"name":"Hem","item":"https:\/\/nyforetagarcentrum.se\/vast\/"},{"@type":"ListItem","position":2,"name":"Boka r\u00e5dgivning"}]},{"@type":"WebSite","@id":"https:\/\/nyforetagarcentrum.se\/vast\/#website","url":"https:\/\/nyforetagarcentrum.se\/vast\/","name":"V\u00e4st","description":"Sveriges ledande kraft f\u00f6r fler nya livskraftiga f\u00f6retag","publisher":{"@id":"https:\/\/nyforetagarcentrum.se\/vast\/#organization"},"potentialAction":[{"@type":"SearchAction","target":{"@type":"EntryPoint","urlTemplate":"https:\/\/nyforetagarcentrum.se\/vast\/?s={search_term_string}"},"query-input":"required name=search_term_string"}],"inLanguage":"sv-SE"},{"@type":"Organization","@id":"https:\/\/nyforetagarcentrum.se\/vast\/#organization","name":"V\u00e4st","url":"https:\/\/nyforetagarcentrum.se\/vast\/","logo":{"@type":"ImageObject","inLanguage":"sv-SE","@id":"https:\/\/nyforetagarcentrum.se\/vast\/#\/schema\/logo\/image\/","url":"https:\/\/nyforetagarcentrum.se\/vast\/wp-content\/uploads\/sites\/78\/2024\/04\/Vast-1.png","contentUrl":"https:\/\/nyforetagarcentrum.se\/vast\/wp-content\/uploads\/sites\/78\/2024\/04\/Vast-1.png","width":1082,"height":542,"caption":"V\u00e4st"},"image":{"@id":"https:\/\/nyforetagarcentrum.se\/vast\/#\/schema\/logo\/image\/"}}]}},"_links":{"self":[{"href":"https:\/\/nyforetagarcentrum.se\/vast\/wp-json\/wp\/v2\/pages\/755"}],"collection":[{"href":"https:\/\/nyforetagarcentrum.se\/vast\/wp-json\/wp\/v2\/pages"}],"about":[{"href":"https:\/\/nyforetagarcentrum.se\/vast\/wp-json\/wp\/v2\/types\/page"}],"author":[{"embeddable":true,"href":"https:\/\/nyforetagarcentrum.se\/vast\/wp-json\/wp\/v2\/users\/28"}],"replies":[{"embeddable":true,"href":"https:\/\/nyforetagarcentrum.se\/vast\/wp-json\/wp\/v2\/comments?post=755"}],"version-history":[{"count":7,"href":"https:\/\/nyforetagarcentrum.se\/vast\/wp-json\/wp\/v2\/pages\/755\/revisions"}],"predecessor-version":[{"id":1193,"href":"https:\/\/nyforetagarcentrum.se\/vast\/wp-json\/wp\/v2\/pages\/755\/revisions\/1193"}],"wp:attachment":[{"href":"https:\/\/nyforetagarcentrum.se\/vast\/wp-json\/wp\/v2\/media?parent=755"}],"curies":[{"name":"wp","href":"https:\/\/api.w.org\/{rel}","templated":true}]}}