{"id":164,"date":"2024-02-27T16:05:17","date_gmt":"2024-02-27T15:05:17","guid":{"rendered":"https:\/\/nyforetagarcentrum.se\/vast\/?page_id=164"},"modified":"2025-05-26T15:25:32","modified_gmt":"2025-05-26T13:25:32","slug":"var-styrelse","status":"publish","type":"page","link":"https:\/\/nyforetagarcentrum.se\/vast\/var-styrelse\/","title":{"rendered":"V\u00e5r styrelse"},"content":{"rendered":"<section  class=\"nfc-block-hero alignfull\">\n\n    <img loading=\"lazy\" decoding=\"async\" width=\"880\" height=\"478\" src=\"https:\/\/nyforetagarcentrum.se\/vast\/wp-content\/uploads\/sites\/78\/2024\/04\/IMG_95841-e1713962876680.jpg\" class=\"attachment-landscape size-landscape\" alt=\"\" srcset=\"https:\/\/nyforetagarcentrum.se\/vast\/wp-content\/uploads\/sites\/78\/2024\/04\/IMG_95841-e1713962876680.jpg 880w, https:\/\/nyforetagarcentrum.se\/vast\/wp-content\/uploads\/sites\/78\/2024\/04\/IMG_95841-e1713962876680-300x163.jpg 300w, https:\/\/nyforetagarcentrum.se\/vast\/wp-content\/uploads\/sites\/78\/2024\/04\/IMG_95841-e1713962876680-768x417.jpg 768w\" sizes=\"(max-width: 880px) 100vw, 880px\" \/>\n    <div class=\"contained\">\n        <h1 class=\"nfc-block-hero__heading\">Verksamhetsledare Teres Johansson med delar av styrelsen <\/h1>\n\n            <\/div>\n<\/section>\n\n\n<div style=\"height:50px\" aria-hidden=\"true\" class=\"wp-block-spacer\"><\/div>\n\n\n<section  class=\"nfc-block-breadcrumbs\">\n    <div class=\"wrapper contained\">\n        <ol class=\"breadcrumbs\" itemscope itemtype=\"https:\/\/schema.org\/BreadcrumbList\">\n            <li itemprop=\"itemListElement\" itemscope itemtype=\"https:\/\/schema.org\/ListItem\">\n            \n\n                            <span class=\"current\" itemprop=\"name\">Hem<\/span>\n            \n            <meta itemprop=\"position\" content=\"1\" \/>\n        <\/li>\n    <\/ol>    <\/div>\n<\/section>\n\n<section  class=\"nfc-block-person_grid alignwide layout-large\">\n    <div class=\"contained\">\n        <div class=\"grid\">\n            <div class=\"person-large-card\">\n    \n    <div class=\"featured_image\">\n                    <img loading=\"lazy\" decoding=\"async\" width=\"922\" height=\"922\" src=\"https:\/\/nyforetagarcentrum.se\/vast\/wp-content\/uploads\/sites\/78\/2025\/08\/MarcusW-2.jpeg\" class=\"attachment-large size-large\" alt=\"\" srcset=\"https:\/\/nyforetagarcentrum.se\/vast\/wp-content\/uploads\/sites\/78\/2025\/08\/MarcusW-2.jpeg 922w, https:\/\/nyforetagarcentrum.se\/vast\/wp-content\/uploads\/sites\/78\/2025\/08\/MarcusW-2-300x300.jpeg 300w, https:\/\/nyforetagarcentrum.se\/vast\/wp-content\/uploads\/sites\/78\/2025\/08\/MarcusW-2-150x150.jpeg 150w, https:\/\/nyforetagarcentrum.se\/vast\/wp-content\/uploads\/sites\/78\/2025\/08\/MarcusW-2-768x768.jpeg 768w\" sizes=\"(max-width: 922px) 100vw, 922px\" \/>            <\/div>\n\n    <div class=\"content-wrapper\">\n        <h3>Marcus W\u00e4nerskog<\/h3>\n\n                    <div class=\"excerpt\">\n                Tretec Larm AB             <\/div>\n        \n        <div class=\"links\">\n\n            \n                            <a href=\"mailto:marcus.wanerskog@tretec.se\">\n                    marcus.wanerskog@tretec.se                <\/a>\n                    <\/div>\n        \n    <\/div>\n<\/div><div class=\"person-large-card\">\n    \n    <div class=\"featured_image\">\n                    <img loading=\"lazy\" decoding=\"async\" width=\"768\" height=\"1024\" src=\"https:\/\/nyforetagarcentrum.se\/vast\/wp-content\/uploads\/sites\/78\/2024\/04\/JS-038-768x1024.jpg\" class=\"attachment-large size-large\" alt=\"\" srcset=\"https:\/\/nyforetagarcentrum.se\/vast\/wp-content\/uploads\/sites\/78\/2024\/04\/JS-038-768x1024.jpg 768w, https:\/\/nyforetagarcentrum.se\/vast\/wp-content\/uploads\/sites\/78\/2024\/04\/JS-038-225x300.jpg 225w, https:\/\/nyforetagarcentrum.se\/vast\/wp-content\/uploads\/sites\/78\/2024\/04\/JS-038-810x1080.jpg 810w, https:\/\/nyforetagarcentrum.se\/vast\/wp-content\/uploads\/sites\/78\/2024\/04\/JS-038-e1714397018668.jpg 600w\" sizes=\"(max-width: 768px) 100vw, 768px\" \/>            <\/div>\n\n    <div class=\"content-wrapper\">\n        <h3>Johan Svensson<\/h3>\n\n                    <div class=\"excerpt\">\n                Ordf\u00f6rande            <\/div>\n        \n        <div class=\"links\">\n\n                            <a href=\"tel:0705-30 49 60\">\n                    0705-30 49 60                <\/a>\n            \n                            <a href=\"mailto:johan@torpet.email\">\n                    johan@torpet.email                <\/a>\n                    <\/div>\n        \n    <\/div>\n<\/div><div class=\"person-large-card\">\n    \n    <div class=\"featured_image\">\n                    <img loading=\"lazy\" decoding=\"async\" width=\"995\" height=\"1024\" src=\"https:\/\/nyforetagarcentrum.se\/vast\/wp-content\/uploads\/sites\/78\/2024\/04\/Jenny2404-995x1024.jpg\" class=\"attachment-large size-large\" alt=\"\" srcset=\"https:\/\/nyforetagarcentrum.se\/vast\/wp-content\/uploads\/sites\/78\/2024\/04\/Jenny2404-995x1024.jpg 995w, https:\/\/nyforetagarcentrum.se\/vast\/wp-content\/uploads\/sites\/78\/2024\/04\/Jenny2404-292x300.jpg 292w, https:\/\/nyforetagarcentrum.se\/vast\/wp-content\/uploads\/sites\/78\/2024\/04\/Jenny2404-768x790.jpg 768w, https:\/\/nyforetagarcentrum.se\/vast\/wp-content\/uploads\/sites\/78\/2024\/04\/Jenny2404.jpg 1037w\" sizes=\"(max-width: 995px) 100vw, 995px\" \/>            <\/div>\n\n    <div class=\"content-wrapper\">\n        <h3>Jenny Iodlovsky<\/h3>\n\n                    <div class=\"excerpt\">\n                Jenny har ett l\u00e5ngt f\u00f6rflutet inom f\u00f6rs\u00e4kringsbranschen, fr\u00e5n Trygg-Hansa, L\u00e4nsf\u00f6rs\u00e4kringar och Dina F\u00f6rs\u00e4kringar d\u00e4r hon senast var VD f\u00f6r V\u00e4st och satt i Dina AB:s styrelse. D\u00e4refter har hon drivit sitt egna bolag Iodlovsky &amp; Norrby AB, och arbetat som konsult med bl a f\u00f6retagsutveckling. Det st\u00f6rsta uppdraget var att ta in investerare och sen som interims-VD starta upp V\u00e4stflyg v\u00e5ren -22. Under senaste \u00e5ret har verksamheten alltmer \u00f6verg\u00e5tt till &#8221;aff\u00e4rs\u00e4ngelroll&#8221; och uppdraget i Trygg-Stiftelsens presidie, samt nytt styrelseuppdrag i Stockholm. Med bakgrund fr\u00e5n en entrepren\u00f6rsfamilj har f\u00f6rst\u00e5elsen f\u00f6r vikten av det egna f\u00f6retagandet och intresse f\u00f6r att st\u00f6tta f\u00f6retagare p\u00e5 olika s\u00e4tt, alltid varit stort. I detta sammanhang kan Nyf\u00f6retagarcentrum bidra p\u00e5 ett konkret och bra s\u00e4tt.               <\/div>\n        \n        <div class=\"links\">\n\n                            <a href=\"tel:0703-40 04 52\">\n                    0703-40 04 52                <\/a>\n            \n                            <a href=\"mailto:jenny@iodloskynorrby.se \">\n                    jenny@iodloskynorrby.se                 <\/a>\n                    <\/div>\n        \n    <\/div>\n<\/div><div class=\"person-large-card\">\n    \n    <div class=\"featured_image\">\n                    <img loading=\"lazy\" decoding=\"async\" width=\"944\" height=\"1024\" src=\"https:\/\/nyforetagarcentrum.se\/vast\/wp-content\/uploads\/sites\/78\/2024\/04\/Emma-Ronnbrandt-scaled-e1716467470711-944x1024.jpg\" class=\"attachment-large size-large\" alt=\"\" srcset=\"https:\/\/nyforetagarcentrum.se\/vast\/wp-content\/uploads\/sites\/78\/2024\/04\/Emma-Ronnbrandt-scaled-e1716467470711-944x1024.jpg 944w, https:\/\/nyforetagarcentrum.se\/vast\/wp-content\/uploads\/sites\/78\/2024\/04\/Emma-Ronnbrandt-scaled-e1716467470711-277x300.jpg 277w, https:\/\/nyforetagarcentrum.se\/vast\/wp-content\/uploads\/sites\/78\/2024\/04\/Emma-Ronnbrandt-scaled-e1716467470711-768x833.jpg 768w, https:\/\/nyforetagarcentrum.se\/vast\/wp-content\/uploads\/sites\/78\/2024\/04\/Emma-Ronnbrandt-scaled-e1716467470711-996x1080.jpg 996w, https:\/\/nyforetagarcentrum.se\/vast\/wp-content\/uploads\/sites\/78\/2024\/04\/Emma-Ronnbrandt-scaled-e1716467470711.jpg 1365w\" sizes=\"(max-width: 944px) 100vw, 944px\" \/>            <\/div>\n\n    <div class=\"content-wrapper\">\n        <h3>Emma R\u00f6nnbrant<\/h3>\n\n                    <div class=\"excerpt\">\n                Jag jobbar till vardags som kontorschef p\u00e5 banken SEB lokalt i Trestad och Bohusl\u00e4n d\u00e4r ni hittar mig p\u00e5 n\u00e5got av v\u00e5ra kontor i Trollh\u00e4ttan, Uddevalla, Kungshamn eller Lysekil. P\u00e5 fritiden s\u00e5 tillbringar familjen mycket tid p\u00e5 friidrottsaktiviteter och jag \u00e4r ocks\u00e5 aktiv grupptr\u00e4ningsinstrukt\u00f6r p\u00e5 Motionshuset i Uddevalla. Jag \u00e4r inne p\u00e5 mitt 16 \u00e5r p\u00e5 SEB och jag hoppas att med erfarenhet och branchkunskap kunna tillf\u00f6ra och komplettera styrelsen f\u00f6r att fler ska f\u00e5 m\u00f6jlighet att ta del av Nyf\u00f6retagarcentrum.             <\/div>\n        \n        <div class=\"links\">\n\n            \n                            <a href=\"mailto:emma.ronnbrant@seb.se\">\n                    emma.ronnbrant@seb.se                <\/a>\n                    <\/div>\n        \n    <\/div>\n<\/div><div class=\"person-large-card\">\n    \n    <div class=\"featured_image\">\n                    <img loading=\"lazy\" decoding=\"async\" width=\"1000\" height=\"1000\" src=\"https:\/\/nyforetagarcentrum.se\/vast\/wp-content\/uploads\/sites\/78\/2024\/04\/JW.jpg\" class=\"attachment-large size-large\" alt=\"\" srcset=\"https:\/\/nyforetagarcentrum.se\/vast\/wp-content\/uploads\/sites\/78\/2024\/04\/JW.jpg 1000w, https:\/\/nyforetagarcentrum.se\/vast\/wp-content\/uploads\/sites\/78\/2024\/04\/JW-300x300.jpg 300w, https:\/\/nyforetagarcentrum.se\/vast\/wp-content\/uploads\/sites\/78\/2024\/04\/JW-150x150.jpg 150w, https:\/\/nyforetagarcentrum.se\/vast\/wp-content\/uploads\/sites\/78\/2024\/04\/JW-768x768.jpg 768w\" sizes=\"(max-width: 1000px) 100vw, 1000px\" \/>            <\/div>\n\n    <div class=\"content-wrapper\">\n        <h3>Johanna Westman<\/h3>\n\n                    <div class=\"excerpt\">\n                Jag har l\u00e5ng erfarenhet inom f\u00f6rs\u00e4kringsbranschen, med inriktning p\u00e5 f\u00f6retag och lantbruk. Jag \u00e4r jurist i grunden och som aff\u00e4rschef p\u00e5 L\u00e4nsf\u00f6rs\u00e4kringar \u00c4lvsborg leder jag aff\u00e4rsomr\u00e5det med fokus p\u00e5 att skapa v\u00e4rde f\u00f6r v\u00e5ra f\u00f6retagskunder och lantbrukare. Min expertis inom f\u00f6retag och riskhantering, tillsammans med min starka bakgrund i kundrelationer och aff\u00e4rsutveckling, g\u00f6r att jag ser fram emot att bidra som en v\u00e4rdefull medlem i styrelsen f\u00f6r Nyf\u00f6retagarCentrum.            <\/div>\n        \n        <div class=\"links\">\n\n                            <a href=\"tel:0721-41 02 65\">\n                    0721-41 02 65                <\/a>\n            \n                            <a href=\"mailto:johanna.westman@lansforsakringar.se\">\n                    johanna.westman@lansforsakringar.se                <\/a>\n                    <\/div>\n        \n    <\/div>\n<\/div><div class=\"person-large-card\">\n    \n    <div class=\"featured_image\">\n                    <img loading=\"lazy\" decoding=\"async\" width=\"585\" height=\"585\" src=\"https:\/\/nyforetagarcentrum.se\/vast\/wp-content\/uploads\/sites\/78\/2025\/08\/NiclasBlom.jpeg\" class=\"attachment-large size-large\" alt=\"\" srcset=\"https:\/\/nyforetagarcentrum.se\/vast\/wp-content\/uploads\/sites\/78\/2025\/08\/NiclasBlom.jpeg 585w, https:\/\/nyforetagarcentrum.se\/vast\/wp-content\/uploads\/sites\/78\/2025\/08\/NiclasBlom-300x300.jpeg 300w, https:\/\/nyforetagarcentrum.se\/vast\/wp-content\/uploads\/sites\/78\/2025\/08\/NiclasBlom-150x150.jpeg 150w\" sizes=\"(max-width: 585px) 100vw, 585px\" \/>            <\/div>\n\n    <div class=\"content-wrapper\">\n        <h3>Niklas Blom<\/h3>\n\n                    <div class=\"excerpt\">\n                Ledamot<br \/>\r\nBlom Consulting            <\/div>\n        \n        <div class=\"links\">\n\n            \n                            <a href=\"mailto:niklas.blom@unitefasteners.com\">\n                    niklas.blom@unitefasteners.com                <\/a>\n                    <\/div>\n        \n    <\/div>\n<\/div><div class=\"person-large-card\">\n    \n    <div class=\"featured_image\">\n                    <img loading=\"lazy\" decoding=\"async\" width=\"376\" height=\"376\" src=\"https:\/\/nyforetagarcentrum.se\/vast\/wp-content\/uploads\/sites\/78\/2025\/08\/JonasFyhr.jpeg\" class=\"attachment-large size-large\" alt=\"\" srcset=\"https:\/\/nyforetagarcentrum.se\/vast\/wp-content\/uploads\/sites\/78\/2025\/08\/JonasFyhr.jpeg 376w, https:\/\/nyforetagarcentrum.se\/vast\/wp-content\/uploads\/sites\/78\/2025\/08\/JonasFyhr-300x300.jpeg 300w, https:\/\/nyforetagarcentrum.se\/vast\/wp-content\/uploads\/sites\/78\/2025\/08\/JonasFyhr-150x150.jpeg 150w\" sizes=\"(max-width: 376px) 100vw, 376px\" \/>            <\/div>\n\n    <div class=\"content-wrapper\">\n        <h3>Jonas Fyhr<\/h3>\n\n                    <div class=\"excerpt\">\n                Ledamot<br \/>\r\nGKN Aerospace Sweden AB            <\/div>\n        \n        <div class=\"links\">\n\n            \n                            <a href=\"mailto:jonas.fyhr@gknaerospace.com\">\n                    jonas.fyhr@gknaerospace.com                <\/a>\n                    <\/div>\n        \n    <\/div>\n<\/div><div class=\"person-large-card\">\n    \n    <div class=\"featured_image\">\n                    <img loading=\"lazy\" decoding=\"async\" width=\"1024\" height=\"1024\" src=\"https:\/\/nyforetagarcentrum.se\/vast\/wp-content\/uploads\/sites\/78\/2024\/04\/MikaelE-1024x1024.jpg\" class=\"attachment-large size-large\" alt=\"\" srcset=\"https:\/\/nyforetagarcentrum.se\/vast\/wp-content\/uploads\/sites\/78\/2024\/04\/MikaelE-1024x1024.jpg 1024w, https:\/\/nyforetagarcentrum.se\/vast\/wp-content\/uploads\/sites\/78\/2024\/04\/MikaelE-300x300.jpg 300w, https:\/\/nyforetagarcentrum.se\/vast\/wp-content\/uploads\/sites\/78\/2024\/04\/MikaelE-150x150.jpg 150w, https:\/\/nyforetagarcentrum.se\/vast\/wp-content\/uploads\/sites\/78\/2024\/04\/MikaelE-768x768.jpg 768w, https:\/\/nyforetagarcentrum.se\/vast\/wp-content\/uploads\/sites\/78\/2024\/04\/MikaelE-1080x1080.jpg 1080w, https:\/\/nyforetagarcentrum.se\/vast\/wp-content\/uploads\/sites\/78\/2024\/04\/MikaelE.jpg 1500w\" sizes=\"(max-width: 1024px) 100vw, 1024px\" \/>            <\/div>\n\n    <div class=\"content-wrapper\">\n        <h3>Mikael Erlandson<\/h3>\n\n                    <div class=\"excerpt\">\n                F\u00f6retagarna V\u00e4stra G\u00f6taland            <\/div>\n        \n        <div class=\"links\">\n\n            \n                            <a href=\"mailto:mikael.erlandson@foretagarna.se\">\n                    mikael.erlandson@foretagarna.se                <\/a>\n                    <\/div>\n        \n    <\/div>\n<\/div><div class=\"person-large-card\">\n    \n    <div class=\"featured_image\">\n                    <img loading=\"lazy\" decoding=\"async\" width=\"350\" height=\"525\" src=\"https:\/\/nyforetagarcentrum.se\/vast\/wp-content\/uploads\/sites\/78\/2024\/04\/StefanSmith2024.jpg\" class=\"attachment-large size-large\" alt=\"\" srcset=\"https:\/\/nyforetagarcentrum.se\/vast\/wp-content\/uploads\/sites\/78\/2024\/04\/StefanSmith2024.jpg 350w, https:\/\/nyforetagarcentrum.se\/vast\/wp-content\/uploads\/sites\/78\/2024\/04\/StefanSmith2024-200x300.jpg 200w\" sizes=\"(max-width: 350px) 100vw, 350px\" \/>            <\/div>\n\n    <div class=\"content-wrapper\">\n        <h3>Stefan Smith<\/h3>\n\n                    <div class=\"excerpt\">\n                Efter n\u00e4stan 25 \u00e5r inom HR p\u00e5 Volvo Aero och GKN Aerospace startade Stefan 2021 sitt eget bolag Smith\u2019s HR Consulting som erbjuder f\u00f6retag s\u00e5v\u00e4l praktisk som strategisk hj\u00e4lp inom HR, ledarskap och verksamhetsutveckling samt interimchefsl\u00f6sningar. Vid sidan om styrelseuppdraget i Nyf\u00f6retagarscentrun sitter Stefan ocks\u00e5 i styrelsen f\u00f6r V\u00e4stflyg, Innovatum Science Center och FC Trollh\u00e4ttan. Styrelseuppdragen visar Stefan m\u00e5ng\u00e5riga och stora engagemang f\u00f6r n\u00e4rings- och f\u00f6reningslivet i regionen.            <\/div>\n        \n        <div class=\"links\">\n\n                            <a href=\"tel:0793-10 12 14\">\n                    0793-10 12 14                <\/a>\n            \n                            <a href=\"mailto:stefan.smith@smithshr.se \">\n                    stefan.smith@smithshr.se                 <\/a>\n                    <\/div>\n        \n    <\/div>\n<\/div>        <\/div>\n    <\/div>\n<\/section>\n\n\n<div style=\"height:100px\" aria-hidden=\"true\" class=\"wp-block-spacer\"><\/div>\n","protected":false},"excerpt":{"rendered":"","protected":false},"author":1,"featured_media":0,"parent":0,"menu_order":0,"comment_status":"closed","ping_status":"closed","template":"","meta":{"footnotes":""},"acf":[],"yoast_head":"<!-- This site is optimized with the Yoast SEO plugin v22.9 - https:\/\/yoast.com\/wordpress\/plugins\/seo\/ -->\n<title>V\u00e5r styrelse - V\u00e4st<\/title>\n<meta name=\"robots\" content=\"index, follow, max-snippet:-1, max-image-preview:large, max-video-preview:-1\" \/>\n<link rel=\"canonical\" href=\"https:\/\/nyforetagarcentrum.se\/vast\/var-styrelse\/\" \/>\n<meta property=\"og:locale\" content=\"sv_SE\" \/>\n<meta property=\"og:type\" content=\"article\" \/>\n<meta property=\"og:title\" content=\"V\u00e5r styrelse - V\u00e4st\" \/>\n<meta property=\"og:url\" content=\"https:\/\/nyforetagarcentrum.se\/vast\/var-styrelse\/\" \/>\n<meta property=\"og:site_name\" content=\"V\u00e4st\" \/>\n<meta property=\"article:modified_time\" content=\"2025-05-26T13:25:32+00:00\" \/>\n<meta name=\"twitter:card\" content=\"summary_large_image\" \/>\n<script type=\"application\/ld+json\" class=\"yoast-schema-graph\">{\"@context\":\"https:\/\/schema.org\",\"@graph\":[{\"@type\":\"WebPage\",\"@id\":\"https:\/\/nyforetagarcentrum.se\/vast\/var-styrelse\/\",\"url\":\"https:\/\/nyforetagarcentrum.se\/vast\/var-styrelse\/\",\"name\":\"V\u00e5r styrelse - V\u00e4st\",\"isPartOf\":{\"@id\":\"https:\/\/nyforetagarcentrum.se\/vast\/#website\"},\"datePublished\":\"2024-02-27T15:05:17+00:00\",\"dateModified\":\"2025-05-26T13:25:32+00:00\",\"breadcrumb\":{\"@id\":\"https:\/\/nyforetagarcentrum.se\/vast\/var-styrelse\/#breadcrumb\"},\"inLanguage\":\"sv-SE\",\"potentialAction\":[{\"@type\":\"ReadAction\",\"target\":[\"https:\/\/nyforetagarcentrum.se\/vast\/var-styrelse\/\"]}]},{\"@type\":\"BreadcrumbList\",\"@id\":\"https:\/\/nyforetagarcentrum.se\/vast\/var-styrelse\/#breadcrumb\",\"itemListElement\":[{\"@type\":\"ListItem\",\"position\":1,\"name\":\"Hem\",\"item\":\"https:\/\/nyforetagarcentrum.se\/vast\/\"},{\"@type\":\"ListItem\",\"position\":2,\"name\":\"V\u00e5r styrelse\"}]},{\"@type\":\"WebSite\",\"@id\":\"https:\/\/nyforetagarcentrum.se\/vast\/#website\",\"url\":\"https:\/\/nyforetagarcentrum.se\/vast\/\",\"name\":\"V\u00e4st\",\"description\":\"Sveriges ledande kraft f\u00f6r fler nya livskraftiga f\u00f6retag\",\"publisher\":{\"@id\":\"https:\/\/nyforetagarcentrum.se\/vast\/#organization\"},\"potentialAction\":[{\"@type\":\"SearchAction\",\"target\":{\"@type\":\"EntryPoint\",\"urlTemplate\":\"https:\/\/nyforetagarcentrum.se\/vast\/?s={search_term_string}\"},\"query-input\":\"required name=search_term_string\"}],\"inLanguage\":\"sv-SE\"},{\"@type\":\"Organization\",\"@id\":\"https:\/\/nyforetagarcentrum.se\/vast\/#organization\",\"name\":\"V\u00e4st\",\"url\":\"https:\/\/nyforetagarcentrum.se\/vast\/\",\"logo\":{\"@type\":\"ImageObject\",\"inLanguage\":\"sv-SE\",\"@id\":\"https:\/\/nyforetagarcentrum.se\/vast\/#\/schema\/logo\/image\/\",\"url\":\"https:\/\/nyforetagarcentrum.se\/vast\/wp-content\/uploads\/sites\/78\/2024\/04\/Vast-1.png\",\"contentUrl\":\"https:\/\/nyforetagarcentrum.se\/vast\/wp-content\/uploads\/sites\/78\/2024\/04\/Vast-1.png\",\"width\":1082,\"height\":542,\"caption\":\"V\u00e4st\"},\"image\":{\"@id\":\"https:\/\/nyforetagarcentrum.se\/vast\/#\/schema\/logo\/image\/\"}}]}<\/script>\n<!-- \/ Yoast SEO plugin. -->","yoast_head_json":{"title":"V\u00e5r styrelse - V\u00e4st","robots":{"index":"index","follow":"follow","max-snippet":"max-snippet:-1","max-image-preview":"max-image-preview:large","max-video-preview":"max-video-preview:-1"},"canonical":"https:\/\/nyforetagarcentrum.se\/vast\/var-styrelse\/","og_locale":"sv_SE","og_type":"article","og_title":"V\u00e5r styrelse - V\u00e4st","og_url":"https:\/\/nyforetagarcentrum.se\/vast\/var-styrelse\/","og_site_name":"V\u00e4st","article_modified_time":"2025-05-26T13:25:32+00:00","twitter_card":"summary_large_image","schema":{"@context":"https:\/\/schema.org","@graph":[{"@type":"WebPage","@id":"https:\/\/nyforetagarcentrum.se\/vast\/var-styrelse\/","url":"https:\/\/nyforetagarcentrum.se\/vast\/var-styrelse\/","name":"V\u00e5r styrelse - V\u00e4st","isPartOf":{"@id":"https:\/\/nyforetagarcentrum.se\/vast\/#website"},"datePublished":"2024-02-27T15:05:17+00:00","dateModified":"2025-05-26T13:25:32+00:00","breadcrumb":{"@id":"https:\/\/nyforetagarcentrum.se\/vast\/var-styrelse\/#breadcrumb"},"inLanguage":"sv-SE","potentialAction":[{"@type":"ReadAction","target":["https:\/\/nyforetagarcentrum.se\/vast\/var-styrelse\/"]}]},{"@type":"BreadcrumbList","@id":"https:\/\/nyforetagarcentrum.se\/vast\/var-styrelse\/#breadcrumb","itemListElement":[{"@type":"ListItem","position":1,"name":"Hem","item":"https:\/\/nyforetagarcentrum.se\/vast\/"},{"@type":"ListItem","position":2,"name":"V\u00e5r styrelse"}]},{"@type":"WebSite","@id":"https:\/\/nyforetagarcentrum.se\/vast\/#website","url":"https:\/\/nyforetagarcentrum.se\/vast\/","name":"V\u00e4st","description":"Sveriges ledande kraft f\u00f6r fler nya livskraftiga f\u00f6retag","publisher":{"@id":"https:\/\/nyforetagarcentrum.se\/vast\/#organization"},"potentialAction":[{"@type":"SearchAction","target":{"@type":"EntryPoint","urlTemplate":"https:\/\/nyforetagarcentrum.se\/vast\/?s={search_term_string}"},"query-input":"required name=search_term_string"}],"inLanguage":"sv-SE"},{"@type":"Organization","@id":"https:\/\/nyforetagarcentrum.se\/vast\/#organization","name":"V\u00e4st","url":"https:\/\/nyforetagarcentrum.se\/vast\/","logo":{"@type":"ImageObject","inLanguage":"sv-SE","@id":"https:\/\/nyforetagarcentrum.se\/vast\/#\/schema\/logo\/image\/","url":"https:\/\/nyforetagarcentrum.se\/vast\/wp-content\/uploads\/sites\/78\/2024\/04\/Vast-1.png","contentUrl":"https:\/\/nyforetagarcentrum.se\/vast\/wp-content\/uploads\/sites\/78\/2024\/04\/Vast-1.png","width":1082,"height":542,"caption":"V\u00e4st"},"image":{"@id":"https:\/\/nyforetagarcentrum.se\/vast\/#\/schema\/logo\/image\/"}}]}},"_links":{"self":[{"href":"https:\/\/nyforetagarcentrum.se\/vast\/wp-json\/wp\/v2\/pages\/164"}],"collection":[{"href":"https:\/\/nyforetagarcentrum.se\/vast\/wp-json\/wp\/v2\/pages"}],"about":[{"href":"https:\/\/nyforetagarcentrum.se\/vast\/wp-json\/wp\/v2\/types\/page"}],"author":[{"embeddable":true,"href":"https:\/\/nyforetagarcentrum.se\/vast\/wp-json\/wp\/v2\/users\/1"}],"replies":[{"embeddable":true,"href":"https:\/\/nyforetagarcentrum.se\/vast\/wp-json\/wp\/v2\/comments?post=164"}],"version-history":[{"count":29,"href":"https:\/\/nyforetagarcentrum.se\/vast\/wp-json\/wp\/v2\/pages\/164\/revisions"}],"predecessor-version":[{"id":1192,"href":"https:\/\/nyforetagarcentrum.se\/vast\/wp-json\/wp\/v2\/pages\/164\/revisions\/1192"}],"wp:attachment":[{"href":"https:\/\/nyforetagarcentrum.se\/vast\/wp-json\/wp\/v2\/media?parent=164"}],"curies":[{"name":"wp","href":"https:\/\/api.w.org\/{rel}","templated":true}]}}