{"id":128,"date":"2024-02-22T11:27:10","date_gmt":"2024-02-22T10:27:10","guid":{"rendered":"https:\/\/nyforetagarcentrum.se\/vast\/?page_id=128"},"modified":"2024-05-07T14:51:34","modified_gmt":"2024-05-07T12:51:34","slug":"mentor","status":"publish","type":"page","link":"https:\/\/nyforetagarcentrum.se\/vast\/mentor\/","title":{"rendered":"Mentor"},"content":{"rendered":"<section  class=\"nfc-block-breadcrumbs alignwide\">\n    <div class=\"wrapper contained\">\n        <ol class=\"breadcrumbs\" itemscope itemtype=\"https:\/\/schema.org\/BreadcrumbList\">\n            <li itemprop=\"itemListElement\" itemscope itemtype=\"https:\/\/schema.org\/ListItem\">\n            \n\n                            <span class=\"current\" itemprop=\"name\">Hem<\/span>\n            \n            <meta itemprop=\"position\" content=\"1\" \/>\n        <\/li>\n    <\/ol>    <\/div>\n<\/section>\n\n\n<div style=\"height:var(--wp--preset--spacing--50)\" aria-hidden=\"true\" class=\"wp-block-spacer\"><\/div>\n\n\n<section  class=\"nfc-block-split_screen alignwide image_alignment-left\">\n    <div class=\"wrapper\">\n        <div class=\"nfc-block-split_screen__image-wrapper\">\n            <img loading=\"lazy\" decoding=\"async\" width=\"1470\" height=\"980\" src=\"https:\/\/nyforetagarcentrum.se\/vast\/wp-content\/uploads\/sites\/78\/2024\/02\/ff0c142f817a811d1f53e3e824c71240.png\" class=\"attachment-landscape size-landscape\" alt=\"\" srcset=\"https:\/\/nyforetagarcentrum.se\/vast\/wp-content\/uploads\/sites\/78\/2024\/02\/ff0c142f817a811d1f53e3e824c71240.png 1470w, https:\/\/nyforetagarcentrum.se\/vast\/wp-content\/uploads\/sites\/78\/2024\/02\/ff0c142f817a811d1f53e3e824c71240-300x200.png 300w, https:\/\/nyforetagarcentrum.se\/vast\/wp-content\/uploads\/sites\/78\/2024\/02\/ff0c142f817a811d1f53e3e824c71240-1024x683.png 1024w, https:\/\/nyforetagarcentrum.se\/vast\/wp-content\/uploads\/sites\/78\/2024\/02\/ff0c142f817a811d1f53e3e824c71240-768x512.png 768w\" sizes=\"(max-width: 1470px) 100vw, 1470px\" \/>        <\/div>\n\n        <div class=\"nfc-block-split_screen__content-wrapper\">\n            <h1>\u00c4r du intresserad av att delta i v\u00e5rt mentorsprogram?<\/h1>\n<div>\n<p>Livet som ny f\u00f6retagare \u00e4r inte l\u00e4tt, det \u00e4r m\u00e5nga utmaningar och problem man st\u00e4lls inf\u00f6r. Med\u00a0<b>st\u00f6d och support<\/b>\u00a0av en mentor, en\u00a0<b>oberoende och erfaren<\/b>\u00a0f\u00f6retagare, underl\u00e4ttas starten enormt.<\/p>\n<p>Nyf\u00f6retagarCentrums mentorer arbetar\u00a0<b>ideellt<\/b>\u00a0och erbjuder adepterna sina\u00a0<b>erfarenheter och kunskaper<\/b>\u00a0likv\u00e4l som sina\u00a0<b>n\u00e4tverk<\/b>. Under 12 m\u00e5nader har man m\u00f6jlighet att\u00a0<b>kostnadsfritt<\/b>\u00a0f\u00e5: n\u00e5gon att\u00a0<b>bolla med<\/b>\u00a0och utmana id\u00e9er, hj\u00e4lpen att hitta de l\u00e4mpligaste l\u00f6sningarna och komma till beslut, utveckling av\u00a0<b>kommunikation<\/b>\u00a0och\u00a0<b>n\u00e4tverkande\u00a0<\/b>men framf\u00f6r allt\u2026. n\u00e5gon som utan baktankar <b>st\u00f6ttar, motiverar<\/b>\u00a0och hj\u00e4lper till att\u00a0<b>h\u00e5lla fokus<\/b>\u00a0fram\u00e5t.<\/p>\n<\/div>\n\n                            <div class=\"nfc-block-split_screen__buttons\">\n                                            <a href=\"\/mentor\" class=\"button primary\">L\u00e4s mer och anm\u00e4l dig h\u00e4r<\/a>\n                                    <\/div>\n            \n        <\/div>\n    <\/div>\n<\/section>\n\n\n<div style=\"height:54px\" aria-hidden=\"true\" class=\"wp-block-spacer\"><\/div>\n\n\n<section  class=\"nfc-block-featured_cards alignwide\">\n    <div class=\"wrapper contained\">\n                    <a href='https:\/\/nyforetagarcentrum.se\/vast\/success-stories\/lena-hellstrom-getpro\/' class=\"featured-card\">\n                <div class=\"featured-card__image\">\n                                            <img loading=\"lazy\" decoding=\"async\" width=\"899\" height=\"968\" src=\"https:\/\/nyforetagarcentrum.se\/vast\/wp-content\/uploads\/sites\/78\/2024\/04\/Lena-sv-2018.png\" class=\"attachment-landscape size-landscape\" alt=\"\" srcset=\"https:\/\/nyforetagarcentrum.se\/vast\/wp-content\/uploads\/sites\/78\/2024\/04\/Lena-sv-2018.png 899w, https:\/\/nyforetagarcentrum.se\/vast\/wp-content\/uploads\/sites\/78\/2024\/04\/Lena-sv-2018-279x300.png 279w, https:\/\/nyforetagarcentrum.se\/vast\/wp-content\/uploads\/sites\/78\/2024\/04\/Lena-sv-2018-768x827.png 768w\" sizes=\"(max-width: 899px) 100vw, 899px\" \/>                                    \n                <\/div>\n                <div class=\"featured-card__content\">\n                                            <div class=\"tag\">Mentor<\/div>\n                                        \n                    <h2 class=\"title\">Lena Hellstr\u00f6m<\/h2>\n\n                                            <div class=\"description\">M\u00f6t n\u00e5gra av v\u00e5ra fantastiska mentorer i mentorprogrammet!<\/div>\n                    \n                                            <div class=\"link-row\">\n                            L\u00e4s mer                            <div class=\"icon icon-external\"><\/div>\n                    <\/div>\n                                    <\/div>\n            <\/a>\n                    <a href='https:\/\/nyforetagarcentrum.se\/vast\/success-stories\/jessica-hjert-flod\/' class=\"featured-card\">\n                <div class=\"featured-card__image\">\n                                            <img loading=\"lazy\" decoding=\"async\" width=\"740\" height=\"554\" src=\"https:\/\/nyforetagarcentrum.se\/vast\/wp-content\/uploads\/sites\/78\/2024\/05\/Skarmavbild-2024-05-07-kl.-14.39.21.png\" class=\"attachment-landscape size-landscape\" alt=\"\" srcset=\"https:\/\/nyforetagarcentrum.se\/vast\/wp-content\/uploads\/sites\/78\/2024\/05\/Skarmavbild-2024-05-07-kl.-14.39.21.png 740w, https:\/\/nyforetagarcentrum.se\/vast\/wp-content\/uploads\/sites\/78\/2024\/05\/Skarmavbild-2024-05-07-kl.-14.39.21-300x225.png 300w\" sizes=\"(max-width: 740px) 100vw, 740px\" \/>                                    \n                <\/div>\n                <div class=\"featured-card__content\">\n                                            <div class=\"tag\">Mentor<\/div>\n                                        \n                    <h2 class=\"title\">Jessica Hjert Flod<\/h2>\n\n                    \n                                            <div class=\"link-row\">\n                            L\u00e4s mer                            <div class=\"icon icon-external\"><\/div>\n                    <\/div>\n                                    <\/div>\n            <\/a>\n                    <a href='https:\/\/nyforetagarcentrum.se\/vast\/success-stories\/lars-ake-soderqvist\/' class=\"featured-card\">\n                <div class=\"featured-card__image\">\n                                            <img loading=\"lazy\" decoding=\"async\" width=\"710\" height=\"762\" src=\"https:\/\/nyforetagarcentrum.se\/vast\/wp-content\/uploads\/sites\/78\/2024\/05\/Skarmavbild-2024-05-07-kl.-14.32.51.png\" class=\"attachment-landscape size-landscape\" alt=\"\" srcset=\"https:\/\/nyforetagarcentrum.se\/vast\/wp-content\/uploads\/sites\/78\/2024\/05\/Skarmavbild-2024-05-07-kl.-14.32.51.png 710w, https:\/\/nyforetagarcentrum.se\/vast\/wp-content\/uploads\/sites\/78\/2024\/05\/Skarmavbild-2024-05-07-kl.-14.32.51-280x300.png 280w\" sizes=\"(max-width: 710px) 100vw, 710px\" \/>                                    \n                <\/div>\n                <div class=\"featured-card__content\">\n                                            <div class=\"tag\">Mentor<\/div>\n                                        \n                    <h2 class=\"title\">Lars-\u00c5ke S\u00f6derqvist<\/h2>\n\n                    \n                                            <div class=\"link-row\">\n                            L\u00e4s mer                            <div class=\"icon icon-external\"><\/div>\n                    <\/div>\n                                    <\/div>\n            <\/a>\n            <\/div>\n<\/section>\n\n\n<div style=\"height:100px\" aria-hidden=\"true\" class=\"wp-block-spacer\"><\/div>\n\n\n\n<div class=\"wp-block-group alignfull has-background is-layout-constrained wp-block-group-is-layout-constrained\" style=\"background-color:#f2e1d7\">\n<div style=\"height:200px\" aria-hidden=\"true\" class=\"wp-block-spacer\"><\/div>\n\n\n\n<h2 class=\"wp-block-heading has-text-align-center has-large-font-size\">Skriv en kort titel om ert lokala mentorprogram<\/h2>\n\n\n\n<p class=\"has-text-align-center\">Fyll p\u00e5 med material om det lokala Nyf\u00f6retagarCentrumets mentorsprogram.<\/p>\n\n\n\n<div style=\"height:200px\" aria-hidden=\"true\" class=\"wp-block-spacer\"><\/div>\n<\/div>\n\n\n\n<h2 class=\"wp-block-heading alignwide has-x-large-font-size\">Mentorhandledare hos Nyf\u00f6retagarCentrum V\u00e4st<\/h2>\n\n\n<section  class=\"nfc-block-person_grid alignwide layout-featured\">\n    <div class=\"contained\">\n        <div class=\"grid\">\n            <div class=\"person-featured-card\">\n    \n    <div class=\"featured_image\">\n                    <img loading=\"lazy\" decoding=\"async\" width=\"768\" height=\"1024\" src=\"https:\/\/nyforetagarcentrum.se\/vast\/wp-content\/uploads\/sites\/78\/2024\/04\/IMG_93181003.jpg\" class=\"attachment-large size-large\" alt=\"\" srcset=\"https:\/\/nyforetagarcentrum.se\/vast\/wp-content\/uploads\/sites\/78\/2024\/04\/IMG_93181003.jpg 768w, https:\/\/nyforetagarcentrum.se\/vast\/wp-content\/uploads\/sites\/78\/2024\/04\/IMG_93181003-225x300.jpg 225w\" sizes=\"(max-width: 768px) 100vw, 768px\" \/>            <\/div>\n\n    <div class=\"content-wrapper\">\n        <h3>Teres Johansson<\/h3>\n\n        \n                    <div class=\"excerpt\">\n                Jag kommer fr\u00e5n n\u00e4ringslivet och har drivit flera f\u00f6retag inom bageri och konditori. Jag startade mitt f\u00f6rsta bolag som 25 \u00e5ring med 3 sm\u00e5 barn. Och nu drivit f\u00f6retag i snart 25 \u00e5r! Jag har k\u00f6pt och s\u00e5lt bolag, haft m\u00e5nga anst\u00e4llda, kompanjoner, jobbat med ledarskap, och medarbetarskap. \u00c4r \u00e4ven utbildad coach. Jag hoppas med hj\u00e4lp av min l\u00e5nga erfarenhet att driva eget kunna inspirera andra att v\u00e5ga ta steget. Jag drivs av passion och \u00e4lskar att se gl\u00f6den av drivkraft hos andra. Jag ser framemot att f\u00e5 hj\u00e4lpa andra att hitta sitt inre driv och v\u00e5ga ta steget till att ha eget f\u00f6retag.<br \/>\r\nJag \u00e4r glad att jag nu f\u00e5tt m\u00f6jligheten att jobba som r\u00e5dgivare, mentorhandledare och verksamhetsledare p\u00e5 Nyf\u00f6retagarcentrum.<br \/>\r\nT\u00e4nk att f\u00e5 hj\u00e4lpa andra att starta resan att driva eget\u2764\ufe0f<br \/>\r\n<br \/>\r\nV\u00e4lkommen att boka kostnadsfri r\u00e5dgivning med mig via vast@nyforetagarcentrum.se eller 073-405 56 00<br \/>\r\n<br \/>\r\nVi ses p\u00e5 Nyf\u00f6retagarcentrum\ud83d\ude0a<br \/>\r\n<br \/>\r\n                <br\/>\n                            <\/div>\n        \n            <\/div>\n<\/div><div class=\"person-featured-card\">\n    \n    <div class=\"featured_image\">\n                    <img loading=\"lazy\" decoding=\"async\" width=\"512\" height=\"683\" src=\"https:\/\/nyforetagarcentrum.se\/vast\/wp-content\/uploads\/sites\/78\/2026\/01\/Petra.jpg\" class=\"attachment-large size-large\" alt=\"\" srcset=\"https:\/\/nyforetagarcentrum.se\/vast\/wp-content\/uploads\/sites\/78\/2026\/01\/Petra.jpg 512w, https:\/\/nyforetagarcentrum.se\/vast\/wp-content\/uploads\/sites\/78\/2026\/01\/Petra-225x300.jpg 225w\" sizes=\"(max-width: 512px) 100vw, 512px\" \/>            <\/div>\n\n    <div class=\"content-wrapper\">\n        <h3>Petra Arlebo<\/h3>\n\n        \n                    <div class=\"excerpt\">\n                Jag har jobbat med aff\u00e4rsr\u00e5dgivning i 14 \u00e5r och \u00e4r \u00e4ven certifierad handledare f\u00f6r mentorprogrammet Starta F\u00f6retag.<br \/>\r\nTill mig kan du komma om du vill bolla en id\u00e9 eller om du har kommit l\u00e4ngre och vet vad du vill g\u00f6ra i ditt f\u00f6retag.<br \/>\r\nMina styrkor \u00e4r att jag kan se utanf\u00f6r boxen och kan hj\u00e4lpa dig att vidga dina tankar. R\u00e5dgivningen utg\u00e5r ifr\u00e5n dig <br \/>\r\noch din id\u00e9 och jag bist\u00e5r g\u00e4rna med mina erfarenheter om du vill ta fram en aff\u00e4rsplan f\u00f6r ditt f\u00f6retag.<br \/>\r\nVi arbetar tillsammans med att se dina styrkor och f\u00f6rm\u00e5gor och arbetar fram marknadsplan, f\u00f6rs\u00e4ljningsbudget och alla de underlag du beh\u00f6ver f\u00f6r att kunna driva ett l\u00e5ngsiktigt h\u00e5llbart f\u00f6retag.<br \/>\r\n<br \/>\r\nV\u00e4lkommen att boka kostnadsfri r\u00e5dgivning med mig via petra.arlebo@nyforetagarcentrum.se eller 0707-35 25 68<br \/>\r\n                <br\/>\n                            <\/div>\n        \n            <\/div>\n<\/div>        <\/div>\n    <\/div>\n<\/section>\n\n\n<div style=\"height:100px\" aria-hidden=\"true\" class=\"wp-block-spacer\"><\/div>\n","protected":false},"excerpt":{"rendered":"<p>Skriv en kort titel om ert lokala mentorprogram Fyll p\u00e5 med material om det lokala Nyf\u00f6retagarCentrumets mentorsprogram. Mentorhandledare hos Nyf\u00f6retagarCentrum V\u00e4st<\/p>\n","protected":false},"author":1,"featured_media":0,"parent":0,"menu_order":0,"comment_status":"closed","ping_status":"closed","template":"","meta":{"footnotes":""},"acf":[],"yoast_head":"<!-- This site is optimized with the Yoast SEO plugin v22.9 - https:\/\/yoast.com\/wordpress\/plugins\/seo\/ -->\n<title>Mentor - V\u00e4st<\/title>\n<meta name=\"robots\" content=\"index, follow, max-snippet:-1, max-image-preview:large, max-video-preview:-1\" \/>\n<link rel=\"canonical\" href=\"https:\/\/nyforetagarcentrum.se\/vast\/mentor\/\" \/>\n<meta property=\"og:locale\" content=\"sv_SE\" \/>\n<meta property=\"og:type\" content=\"article\" \/>\n<meta property=\"og:title\" content=\"Mentor - V\u00e4st\" \/>\n<meta property=\"og:description\" content=\"Skriv en kort titel om ert lokala mentorprogram Fyll p\u00e5 med material om det lokala Nyf\u00f6retagarCentrumets mentorsprogram. Mentorhandledare hos Nyf\u00f6retagarCentrum V\u00e4st\" \/>\n<meta property=\"og:url\" content=\"https:\/\/nyforetagarcentrum.se\/vast\/mentor\/\" \/>\n<meta property=\"og:site_name\" content=\"V\u00e4st\" \/>\n<meta property=\"article:modified_time\" content=\"2024-05-07T12:51:34+00:00\" \/>\n<meta name=\"twitter:card\" content=\"summary_large_image\" \/>\n<script type=\"application\/ld+json\" class=\"yoast-schema-graph\">{\"@context\":\"https:\/\/schema.org\",\"@graph\":[{\"@type\":\"WebPage\",\"@id\":\"https:\/\/nyforetagarcentrum.se\/vast\/mentor\/\",\"url\":\"https:\/\/nyforetagarcentrum.se\/vast\/mentor\/\",\"name\":\"Mentor - V\u00e4st\",\"isPartOf\":{\"@id\":\"https:\/\/nyforetagarcentrum.se\/vast\/#website\"},\"datePublished\":\"2024-02-22T10:27:10+00:00\",\"dateModified\":\"2024-05-07T12:51:34+00:00\",\"breadcrumb\":{\"@id\":\"https:\/\/nyforetagarcentrum.se\/vast\/mentor\/#breadcrumb\"},\"inLanguage\":\"sv-SE\",\"potentialAction\":[{\"@type\":\"ReadAction\",\"target\":[\"https:\/\/nyforetagarcentrum.se\/vast\/mentor\/\"]}]},{\"@type\":\"BreadcrumbList\",\"@id\":\"https:\/\/nyforetagarcentrum.se\/vast\/mentor\/#breadcrumb\",\"itemListElement\":[{\"@type\":\"ListItem\",\"position\":1,\"name\":\"Hem\",\"item\":\"https:\/\/nyforetagarcentrum.se\/vast\/\"},{\"@type\":\"ListItem\",\"position\":2,\"name\":\"Mentor\"}]},{\"@type\":\"WebSite\",\"@id\":\"https:\/\/nyforetagarcentrum.se\/vast\/#website\",\"url\":\"https:\/\/nyforetagarcentrum.se\/vast\/\",\"name\":\"V\u00e4st\",\"description\":\"Sveriges ledande kraft f\u00f6r fler nya livskraftiga f\u00f6retag\",\"publisher\":{\"@id\":\"https:\/\/nyforetagarcentrum.se\/vast\/#organization\"},\"potentialAction\":[{\"@type\":\"SearchAction\",\"target\":{\"@type\":\"EntryPoint\",\"urlTemplate\":\"https:\/\/nyforetagarcentrum.se\/vast\/?s={search_term_string}\"},\"query-input\":\"required name=search_term_string\"}],\"inLanguage\":\"sv-SE\"},{\"@type\":\"Organization\",\"@id\":\"https:\/\/nyforetagarcentrum.se\/vast\/#organization\",\"name\":\"V\u00e4st\",\"url\":\"https:\/\/nyforetagarcentrum.se\/vast\/\",\"logo\":{\"@type\":\"ImageObject\",\"inLanguage\":\"sv-SE\",\"@id\":\"https:\/\/nyforetagarcentrum.se\/vast\/#\/schema\/logo\/image\/\",\"url\":\"https:\/\/nyforetagarcentrum.se\/vast\/wp-content\/uploads\/sites\/78\/2024\/04\/Vast-1.png\",\"contentUrl\":\"https:\/\/nyforetagarcentrum.se\/vast\/wp-content\/uploads\/sites\/78\/2024\/04\/Vast-1.png\",\"width\":1082,\"height\":542,\"caption\":\"V\u00e4st\"},\"image\":{\"@id\":\"https:\/\/nyforetagarcentrum.se\/vast\/#\/schema\/logo\/image\/\"}}]}<\/script>\n<!-- \/ Yoast SEO plugin. -->","yoast_head_json":{"title":"Mentor - V\u00e4st","robots":{"index":"index","follow":"follow","max-snippet":"max-snippet:-1","max-image-preview":"max-image-preview:large","max-video-preview":"max-video-preview:-1"},"canonical":"https:\/\/nyforetagarcentrum.se\/vast\/mentor\/","og_locale":"sv_SE","og_type":"article","og_title":"Mentor - V\u00e4st","og_description":"Skriv en kort titel om ert lokala mentorprogram Fyll p\u00e5 med material om det lokala Nyf\u00f6retagarCentrumets mentorsprogram. Mentorhandledare hos Nyf\u00f6retagarCentrum V\u00e4st","og_url":"https:\/\/nyforetagarcentrum.se\/vast\/mentor\/","og_site_name":"V\u00e4st","article_modified_time":"2024-05-07T12:51:34+00:00","twitter_card":"summary_large_image","schema":{"@context":"https:\/\/schema.org","@graph":[{"@type":"WebPage","@id":"https:\/\/nyforetagarcentrum.se\/vast\/mentor\/","url":"https:\/\/nyforetagarcentrum.se\/vast\/mentor\/","name":"Mentor - V\u00e4st","isPartOf":{"@id":"https:\/\/nyforetagarcentrum.se\/vast\/#website"},"datePublished":"2024-02-22T10:27:10+00:00","dateModified":"2024-05-07T12:51:34+00:00","breadcrumb":{"@id":"https:\/\/nyforetagarcentrum.se\/vast\/mentor\/#breadcrumb"},"inLanguage":"sv-SE","potentialAction":[{"@type":"ReadAction","target":["https:\/\/nyforetagarcentrum.se\/vast\/mentor\/"]}]},{"@type":"BreadcrumbList","@id":"https:\/\/nyforetagarcentrum.se\/vast\/mentor\/#breadcrumb","itemListElement":[{"@type":"ListItem","position":1,"name":"Hem","item":"https:\/\/nyforetagarcentrum.se\/vast\/"},{"@type":"ListItem","position":2,"name":"Mentor"}]},{"@type":"WebSite","@id":"https:\/\/nyforetagarcentrum.se\/vast\/#website","url":"https:\/\/nyforetagarcentrum.se\/vast\/","name":"V\u00e4st","description":"Sveriges ledande kraft f\u00f6r fler nya livskraftiga f\u00f6retag","publisher":{"@id":"https:\/\/nyforetagarcentrum.se\/vast\/#organization"},"potentialAction":[{"@type":"SearchAction","target":{"@type":"EntryPoint","urlTemplate":"https:\/\/nyforetagarcentrum.se\/vast\/?s={search_term_string}"},"query-input":"required name=search_term_string"}],"inLanguage":"sv-SE"},{"@type":"Organization","@id":"https:\/\/nyforetagarcentrum.se\/vast\/#organization","name":"V\u00e4st","url":"https:\/\/nyforetagarcentrum.se\/vast\/","logo":{"@type":"ImageObject","inLanguage":"sv-SE","@id":"https:\/\/nyforetagarcentrum.se\/vast\/#\/schema\/logo\/image\/","url":"https:\/\/nyforetagarcentrum.se\/vast\/wp-content\/uploads\/sites\/78\/2024\/04\/Vast-1.png","contentUrl":"https:\/\/nyforetagarcentrum.se\/vast\/wp-content\/uploads\/sites\/78\/2024\/04\/Vast-1.png","width":1082,"height":542,"caption":"V\u00e4st"},"image":{"@id":"https:\/\/nyforetagarcentrum.se\/vast\/#\/schema\/logo\/image\/"}}]}},"_links":{"self":[{"href":"https:\/\/nyforetagarcentrum.se\/vast\/wp-json\/wp\/v2\/pages\/128"}],"collection":[{"href":"https:\/\/nyforetagarcentrum.se\/vast\/wp-json\/wp\/v2\/pages"}],"about":[{"href":"https:\/\/nyforetagarcentrum.se\/vast\/wp-json\/wp\/v2\/types\/page"}],"author":[{"embeddable":true,"href":"https:\/\/nyforetagarcentrum.se\/vast\/wp-json\/wp\/v2\/users\/1"}],"replies":[{"embeddable":true,"href":"https:\/\/nyforetagarcentrum.se\/vast\/wp-json\/wp\/v2\/comments?post=128"}],"version-history":[{"count":22,"href":"https:\/\/nyforetagarcentrum.se\/vast\/wp-json\/wp\/v2\/pages\/128\/revisions"}],"predecessor-version":[{"id":1567,"href":"https:\/\/nyforetagarcentrum.se\/vast\/wp-json\/wp\/v2\/pages\/128\/revisions\/1567"}],"wp:attachment":[{"href":"https:\/\/nyforetagarcentrum.se\/vast\/wp-json\/wp\/v2\/media?parent=128"}],"curies":[{"name":"wp","href":"https:\/\/api.w.org\/{rel}","templated":true}]}}