{"id":93,"date":"2024-02-22T10:59:00","date_gmt":"2024-02-22T09:59:00","guid":{"rendered":"https:\/\/nyforetagarcentrum.se\/uppsala\/?page_id=93"},"modified":"2025-06-24T11:33:37","modified_gmt":"2025-06-24T09:33:37","slug":"radgivning","status":"publish","type":"page","link":"https:\/\/nyforetagarcentrum.se\/uppsala\/radgivning\/","title":{"rendered":"R\u00e5dgivning"},"content":{"rendered":"<section  class=\"nfc-block-breadcrumbs alignwide\">\n    <div class=\"wrapper contained\">\n        <ol class=\"breadcrumbs\" itemscope itemtype=\"https:\/\/schema.org\/BreadcrumbList\">\n            <li itemprop=\"itemListElement\" itemscope itemtype=\"https:\/\/schema.org\/ListItem\">\n            \n\n                            <span class=\"current\" itemprop=\"name\">Hem<\/span>\n            \n            <meta itemprop=\"position\" content=\"1\" \/>\n        <\/li>\n    <\/ol>    <\/div>\n<\/section>\n\n\n<div style=\"height:var(--wp--preset--spacing--50)\" aria-hidden=\"true\" class=\"wp-block-spacer\"><\/div>\n\n\n<section  class=\"nfc-block-split_screen alignwide image_alignment-left\">\n    <div class=\"wrapper\">\n        <div class=\"nfc-block-split_screen__image-wrapper\">\n            <img loading=\"lazy\" decoding=\"async\" width=\"1325\" height=\"1060\" src=\"https:\/\/nyforetagarcentrum.se\/uppsala\/wp-content\/uploads\/sites\/5\/2024\/02\/97e726f851796068d32cb1f9ccf88d57.png\" class=\"attachment-landscape size-landscape\" alt=\"\" srcset=\"https:\/\/nyforetagarcentrum.se\/uppsala\/wp-content\/uploads\/sites\/5\/2024\/02\/97e726f851796068d32cb1f9ccf88d57.png 1325w, https:\/\/nyforetagarcentrum.se\/uppsala\/wp-content\/uploads\/sites\/5\/2024\/02\/97e726f851796068d32cb1f9ccf88d57-300x240.png 300w, https:\/\/nyforetagarcentrum.se\/uppsala\/wp-content\/uploads\/sites\/5\/2024\/02\/97e726f851796068d32cb1f9ccf88d57-1024x819.png 1024w, https:\/\/nyforetagarcentrum.se\/uppsala\/wp-content\/uploads\/sites\/5\/2024\/02\/97e726f851796068d32cb1f9ccf88d57-768x614.png 768w\" sizes=\"(max-width: 1325px) 100vw, 1325px\" \/>        <\/div>\n\n        <div class=\"nfc-block-split_screen__content-wrapper\">\n            <h1>Boka kostnadsfri r\u00e5dgivning hos oss.<\/h1>\n<div>\n<p>Inf\u00f6r din individuella r\u00e5dgivning, f\u00f6rbered dig genom att ta fram en aff\u00e4rsplan. P\u00e5 v\u00e5ra informationsm\u00f6ten i grupp beh\u00f6ver du inte ha en f\u00e4rdig plan, men de \u00e4r en bra startpunkt f\u00f6r dina planer. Vi erbjuder \u00e4ven enskilda introduktionsm\u00f6ten f\u00f6r aktivt arbetande med aff\u00e4rsplaner. V\u00e5r lista visar tillg\u00e4ngliga platser och tider f\u00f6r dessa m\u00f6ten. F\u00f6r specialevenemang som m\u00e4ssor och utbildningar, se listan f\u00f6r detaljer. Om vi \u00e4r fullbokade, l\u00e4gger vi kontinuerligt upp nya tider. F\u00f6r att avboka en tid, meddela oss senast dagen innan f\u00f6r att undvika en avgift p\u00e5 300 kronor.<\/p>\n<\/div>\n\n                            <div class=\"nfc-block-split_screen__buttons\">\n                                            <a href=\"https:\/\/jobsdata-nyforetagarcentrum.se\/ExternBooking?OfficeId=7e19822f-5896-e811-80d7-0050568571f4&#038;_gl=1*19o16do*_ga*MjM3MzkyMTUuMTcwODU0OTMxNg..*_ga_9RRJJK0Y4R*MTcxMTM2Nzk0Mi42LjEuMTcxMTM2ODg5NC4zNS4wLjA.\" class=\"button primary\">Boka r\u00e5dgivning h\u00e4r<\/a>\n                                    <\/div>\n            \n        <\/div>\n    <\/div>\n<\/section>\n\n\n<div style=\"height:21px\" aria-hidden=\"true\" class=\"wp-block-spacer\"><\/div>\n\n\n\n<h2 class=\"wp-block-heading alignwide has-x-large-font-size\">S\u00e5 h\u00e4r g\u00e5r det till<\/h2>\n\n\n<section  class=\"nfc-block-text_cards alignwide show_numbers\">\n    <div class=\"wrapper contained\">\n                    <div class=\"text-card\">\n                <div class=\"text-card__content\">\n                    <h3 class=\"heading\" data-number=\"1\">Boka r\u00e5dgivning<\/h3>\n\n                                            <div class=\"description\">Boka din r\u00e5dgivning i god tid. Ibland kan det finnas ont om tider n\u00e4ra inp\u00e5. S\u00e5 f\u00f6rs\u00f6k vara ute i god tid.<\/div>\n                    \n                                            <a href=\"https:\/\/jobsdata-nyforetagarcentrum.se\/ExternBooking?OfficeId=7e19822f-5896-e811-80d7-0050568571f4&#038;_gl=1*19o16do*_ga*MjM3MzkyMTUuMTcwODU0OTMxNg..*_ga_9RRJJK0Y4R*MTcxMTM2Nzk0Mi42LjEuMTcxMTM2ODg5NC4zNS4wLjA.\" class=\"button primary\">Boka r\u00e5dgivning<\/a>\n                    \n                <\/div>\n            <\/div>\n                    <div class=\"text-card\">\n                <div class=\"text-card__content\">\n                    <h3 class=\"heading\" data-number=\"2\">B\u00f6rja skriva din aff\u00e4rsplan<\/h3>\n\n                                            <div class=\"description\">F\u00f6r att kunna ge dig s\u00e5 goda r\u00e5d som m\u00f6jligt \u00e4r det viktigt att du har arbetat s\u00e5 mycket som g\u00e5r p\u00e5 din aff\u00e4rsplan innan ditt m\u00f6te. Har du \u00e4nnu inte b\u00f6rjat skriva p\u00e5 en aff\u00e4rsplan kan du f\u00f6lja l\u00e4nken nedan.<\/div>\n                    \n                                            <a href=\"https:\/\/affarsplanen.com\/\" class=\"button primary\">Till aff\u00e4rsplanen<\/a>\n                    \n                <\/div>\n            <\/div>\n                    <div class=\"text-card\">\n                <div class=\"text-card__content\">\n                    <h3 class=\"heading\" data-number=\"3\">F\u00f6rbered underlag och skriv ner fr\u00e5gor<\/h3>\n\n                                            <div class=\"description\">Fundera p\u00e5 om det \u00e4r n\u00e5gra specifika fr\u00e5gor du beh\u00f6ver ha hj\u00e4lp med eller om du har n\u00e5got annat underlag som \u00e4r bra f\u00f6r r\u00e5dgivaren att se.<\/div>\n                    \n                    \n                <\/div>\n            <\/div>\n            <\/div>\n<\/section>\n\n\n<div style=\"height:19px\" aria-hidden=\"true\" class=\"wp-block-spacer\"><\/div>\n\n\n\n<h2 class=\"wp-block-heading has-text-align-center has-x-large-font-size\">Vanliga fr\u00e5gor om r\u00e5dgivning<\/h2>\n\n\n            <script type=\"application\/ld+json\">\n                {\n                    \"@context\": \"https:\/\/schema.org\",\n                    \"@type\": \"FAQPage\",\n                    \"mainEntity\": [\n                                                    {\n                                \"@type\": \"Question\",\n                                \"name\": \"\u00c4r r\u00e5dgivningen kostnadsfri?\",\n                                \"acceptedAnswer\": {\n                                    \"@type\": \"Answer\",\n                                    \"text\": \"<p>Ja! R\u00e5dgivning hos Nyf\u00f6retagarCentrum \u00e4r helt kostnadsfri.<\/p>\"\n                                }\n                            },                                                    {\n                                \"@type\": \"Question\",\n                                \"name\": \"\u00c4r r\u00e5dgivningen konfidentiell?\",\n                                \"acceptedAnswer\": {\n                                    \"@type\": \"Answer\",\n                                    \"text\": \"<p>V\u00e5r r\u00e5dgivning \u00e4r konfidentiell vilket inneb\u00e4r att den r\u00e5dgivare du g\u00e5r till f\u00e5r inte tala om f\u00f6r n\u00e5gon att du varit hos oss eller vad din aff\u00e4rsid\u00e9 handlar om. Den dag du registrerar ditt f\u00f6retag s\u00e5 kommer det att bli offentliga uppgifter.<\/p>\"\n                                }\n                            },                                                    {\n                                \"@type\": \"Question\",\n                                \"name\": \"Jag ska k\u00f6pa ett redan befintligt f\u00f6retag. Kan jag fortfarande f\u00e5 hj\u00e4lp av er?\",\n                                \"acceptedAnswer\": {\n                                    \"@type\": \"Answer\",\n                                    \"text\": \"<p>\u00c4ven n\u00e4r man tar \u00f6ver ett familjef\u00f6retag eller om man k\u00f6per ett f\u00f6retag s\u00e5 \u00e4r man ju ny som f\u00f6retagare och \u00e4r sj\u00e4lvklart v\u00e4lkommen till oss f\u00f6r hj\u00e4lp.<\/p>\"\n                                }\n                            }                                            ]\n                }\n            <\/script>\n        <section  class=\"nfc-block-accordions alignwide\">\n    <div class=\"wrapper contained\">\n        <div class=\"accordions\">\n\n                            <div class=\"accordion\">\n                    <h3>\n                        <button \n                            class=\"accordion-header\"\n                            aria-expanded=\"true\"\n                            aria-controls=\"accordion-panel-0\"\n                            id=\"accordion-header-0\"\n                            data-accordion-header\n                        >\n                            <span>\u00c4r r\u00e5dgivningen kostnadsfri?<\/span>\n                            <div class=\"icon icon-down\"><\/div>\n                        <\/button>\n                    <\/h3>\n                    <section id=\"accordion-panel-0\" aria-labelledby=\"accordion-header-0\">\n                        <span>\n                            <p>Ja! R\u00e5dgivning hos Nyf\u00f6retagarCentrum \u00e4r helt kostnadsfri.<\/p>\n                        <\/span>\n                    <\/section>\n                <\/div>\n                            <div class=\"accordion\">\n                    <h3>\n                        <button \n                            class=\"accordion-header\"\n                            aria-expanded=\"true\"\n                            aria-controls=\"accordion-panel-1\"\n                            id=\"accordion-header-1\"\n                            data-accordion-header\n                        >\n                            <span>\u00c4r r\u00e5dgivningen konfidentiell?<\/span>\n                            <div class=\"icon icon-down\"><\/div>\n                        <\/button>\n                    <\/h3>\n                    <section id=\"accordion-panel-1\" aria-labelledby=\"accordion-header-1\">\n                        <span>\n                            <p>V\u00e5r r\u00e5dgivning \u00e4r konfidentiell vilket inneb\u00e4r att den r\u00e5dgivare du g\u00e5r till f\u00e5r inte tala om f\u00f6r n\u00e5gon att du varit hos oss eller vad din aff\u00e4rsid\u00e9 handlar om. Den dag du registrerar ditt f\u00f6retag s\u00e5 kommer det att bli offentliga uppgifter.<\/p>\n                        <\/span>\n                    <\/section>\n                <\/div>\n                            <div class=\"accordion\">\n                    <h3>\n                        <button \n                            class=\"accordion-header\"\n                            aria-expanded=\"true\"\n                            aria-controls=\"accordion-panel-2\"\n                            id=\"accordion-header-2\"\n                            data-accordion-header\n                        >\n                            <span>Jag ska k\u00f6pa ett redan befintligt f\u00f6retag. Kan jag fortfarande f\u00e5 hj\u00e4lp av er?<\/span>\n                            <div class=\"icon icon-down\"><\/div>\n                        <\/button>\n                    <\/h3>\n                    <section id=\"accordion-panel-2\" aria-labelledby=\"accordion-header-2\">\n                        <span>\n                            <p>\u00c4ven n\u00e4r man tar \u00f6ver ett familjef\u00f6retag eller om man k\u00f6per ett f\u00f6retag s\u00e5 \u00e4r man ju ny som f\u00f6retagare och \u00e4r sj\u00e4lvklart v\u00e4lkommen till oss f\u00f6r hj\u00e4lp.<\/p>\n                        <\/span>\n                    <\/section>\n                <\/div>\n                    <\/div>\n    <\/div>\n    <noscript>\n        <style>\n            .accordion-header .icon {\n                display: none !important;\n            }\n        <\/style>\n    <\/noscript>\n<\/section>\n\n\n\n<div style=\"height:var(--wp--preset--spacing--80)\" aria-hidden=\"true\" class=\"wp-block-spacer\"><\/div>\n","protected":false},"excerpt":{"rendered":"<p>S\u00e5 h\u00e4r g\u00e5r det till Vanliga fr\u00e5gor om r\u00e5dgivning<\/p>\n","protected":false},"author":1,"featured_media":209,"parent":0,"menu_order":0,"comment_status":"closed","ping_status":"closed","template":"","meta":{"footnotes":""},"acf":[],"yoast_head":"<!-- This site is optimized with the Yoast SEO plugin v22.9 - https:\/\/yoast.com\/wordpress\/plugins\/seo\/ -->\n<title>Boka kostnadsfri r\u00e5dgivning hos oss | NFC Uppsala<\/title>\n<meta name=\"description\" content=\"Boka kostnadsfri och personlig r\u00e5dgivning. F\u00e5 experthj\u00e4lp och st\u00f6d f\u00f6r att \u00f6vervinna utmaningarna med att starta och driva f\u00f6retag.\" \/>\n<meta name=\"robots\" content=\"index, follow, max-snippet:-1, max-image-preview:large, max-video-preview:-1\" \/>\n<link rel=\"canonical\" href=\"https:\/\/nyforetagarcentrum.se\/uppsala\/radgivning\/\" \/>\n<meta property=\"og:locale\" content=\"sv_SE\" \/>\n<meta property=\"og:type\" content=\"article\" \/>\n<meta property=\"og:title\" content=\"Boka kostnadsfri r\u00e5dgivning hos oss | NFC Uppsala\" \/>\n<meta property=\"og:description\" content=\"Boka kostnadsfri och personlig r\u00e5dgivning. F\u00e5 experthj\u00e4lp och st\u00f6d f\u00f6r att \u00f6vervinna utmaningarna med att starta och driva f\u00f6retag.\" \/>\n<meta property=\"og:url\" content=\"https:\/\/nyforetagarcentrum.se\/uppsala\/radgivning\/\" \/>\n<meta property=\"og:site_name\" content=\"Uppsala\" \/>\n<meta property=\"article:modified_time\" content=\"2025-06-24T09:33:37+00:00\" \/>\n<meta property=\"og:image\" content=\"https:\/\/nyforetagarcentrum.se\/uppsala\/wp-content\/uploads\/sites\/5\/2024\/02\/Radgivning-radgivare-nyforetagareLOW.jpg\" \/>\n\t<meta property=\"og:image:width\" content=\"1476\" \/>\n\t<meta property=\"og:image:height\" content=\"1070\" \/>\n\t<meta property=\"og:image:type\" content=\"image\/jpeg\" \/>\n<meta name=\"twitter:card\" content=\"summary_large_image\" \/>\n<meta name=\"twitter:label1\" content=\"Ber\u00e4knad l\u00e4stid\" \/>\n\t<meta name=\"twitter:data1\" content=\"1 minut\" \/>\n<script type=\"application\/ld+json\" class=\"yoast-schema-graph\">{\"@context\":\"https:\/\/schema.org\",\"@graph\":[{\"@type\":\"WebPage\",\"@id\":\"https:\/\/nyforetagarcentrum.se\/uppsala\/radgivning\/\",\"url\":\"https:\/\/nyforetagarcentrum.se\/uppsala\/radgivning\/\",\"name\":\"Boka kostnadsfri r\u00e5dgivning hos oss | NFC Uppsala\",\"isPartOf\":{\"@id\":\"https:\/\/nyforetagarcentrum.se\/uppsala\/#website\"},\"primaryImageOfPage\":{\"@id\":\"https:\/\/nyforetagarcentrum.se\/uppsala\/radgivning\/#primaryimage\"},\"image\":{\"@id\":\"https:\/\/nyforetagarcentrum.se\/uppsala\/radgivning\/#primaryimage\"},\"thumbnailUrl\":\"https:\/\/nyforetagarcentrum.se\/uppsala\/wp-content\/uploads\/sites\/5\/2024\/02\/Radgivning-radgivare-nyforetagareLOW.jpg\",\"datePublished\":\"2024-02-22T09:59:00+00:00\",\"dateModified\":\"2025-06-24T09:33:37+00:00\",\"description\":\"Boka kostnadsfri och personlig r\u00e5dgivning. F\u00e5 experthj\u00e4lp och st\u00f6d f\u00f6r att \u00f6vervinna utmaningarna med att starta och driva f\u00f6retag.\",\"breadcrumb\":{\"@id\":\"https:\/\/nyforetagarcentrum.se\/uppsala\/radgivning\/#breadcrumb\"},\"inLanguage\":\"sv-SE\",\"potentialAction\":[{\"@type\":\"ReadAction\",\"target\":[\"https:\/\/nyforetagarcentrum.se\/uppsala\/radgivning\/\"]}]},{\"@type\":\"ImageObject\",\"inLanguage\":\"sv-SE\",\"@id\":\"https:\/\/nyforetagarcentrum.se\/uppsala\/radgivning\/#primaryimage\",\"url\":\"https:\/\/nyforetagarcentrum.se\/uppsala\/wp-content\/uploads\/sites\/5\/2024\/02\/Radgivning-radgivare-nyforetagareLOW.jpg\",\"contentUrl\":\"https:\/\/nyforetagarcentrum.se\/uppsala\/wp-content\/uploads\/sites\/5\/2024\/02\/Radgivning-radgivare-nyforetagareLOW.jpg\",\"width\":1476,\"height\":1070},{\"@type\":\"BreadcrumbList\",\"@id\":\"https:\/\/nyforetagarcentrum.se\/uppsala\/radgivning\/#breadcrumb\",\"itemListElement\":[{\"@type\":\"ListItem\",\"position\":1,\"name\":\"Hem\",\"item\":\"https:\/\/nyforetagarcentrum.se\/uppsala\/\"},{\"@type\":\"ListItem\",\"position\":2,\"name\":\"R\u00e5dgivning\"}]},{\"@type\":\"WebSite\",\"@id\":\"https:\/\/nyforetagarcentrum.se\/uppsala\/#website\",\"url\":\"https:\/\/nyforetagarcentrum.se\/uppsala\/\",\"name\":\"Uppsala\",\"description\":\"Sveriges ledande kraft f\u00f6r fler nya livskraftiga f\u00f6retag\",\"publisher\":{\"@id\":\"https:\/\/nyforetagarcentrum.se\/uppsala\/#organization\"},\"potentialAction\":[{\"@type\":\"SearchAction\",\"target\":{\"@type\":\"EntryPoint\",\"urlTemplate\":\"https:\/\/nyforetagarcentrum.se\/uppsala\/?s={search_term_string}\"},\"query-input\":\"required name=search_term_string\"}],\"inLanguage\":\"sv-SE\"},{\"@type\":\"Organization\",\"@id\":\"https:\/\/nyforetagarcentrum.se\/uppsala\/#organization\",\"name\":\"Uppsala\",\"url\":\"https:\/\/nyforetagarcentrum.se\/uppsala\/\",\"logo\":{\"@type\":\"ImageObject\",\"inLanguage\":\"sv-SE\",\"@id\":\"https:\/\/nyforetagarcentrum.se\/uppsala\/#\/schema\/logo\/image\/\",\"url\":\"https:\/\/nyforetagarcentrum.se\/uppsala\/wp-content\/uploads\/sites\/5\/2024\/04\/Uppsala-1.png\",\"contentUrl\":\"https:\/\/nyforetagarcentrum.se\/uppsala\/wp-content\/uploads\/sites\/5\/2024\/04\/Uppsala-1.png\",\"width\":1082,\"height\":542,\"caption\":\"Uppsala\"},\"image\":{\"@id\":\"https:\/\/nyforetagarcentrum.se\/uppsala\/#\/schema\/logo\/image\/\"}}]}<\/script>\n<!-- \/ Yoast SEO plugin. -->","yoast_head_json":{"title":"Boka kostnadsfri r\u00e5dgivning hos oss | NFC Uppsala","description":"Boka kostnadsfri och personlig r\u00e5dgivning. F\u00e5 experthj\u00e4lp och st\u00f6d f\u00f6r att \u00f6vervinna utmaningarna med att starta och driva f\u00f6retag.","robots":{"index":"index","follow":"follow","max-snippet":"max-snippet:-1","max-image-preview":"max-image-preview:large","max-video-preview":"max-video-preview:-1"},"canonical":"https:\/\/nyforetagarcentrum.se\/uppsala\/radgivning\/","og_locale":"sv_SE","og_type":"article","og_title":"Boka kostnadsfri r\u00e5dgivning hos oss | NFC Uppsala","og_description":"Boka kostnadsfri och personlig r\u00e5dgivning. F\u00e5 experthj\u00e4lp och st\u00f6d f\u00f6r att \u00f6vervinna utmaningarna med att starta och driva f\u00f6retag.","og_url":"https:\/\/nyforetagarcentrum.se\/uppsala\/radgivning\/","og_site_name":"Uppsala","article_modified_time":"2025-06-24T09:33:37+00:00","og_image":[{"width":1476,"height":1070,"url":"https:\/\/nyforetagarcentrum.se\/uppsala\/wp-content\/uploads\/sites\/5\/2024\/02\/Radgivning-radgivare-nyforetagareLOW.jpg","type":"image\/jpeg"}],"twitter_card":"summary_large_image","twitter_misc":{"Ber\u00e4knad l\u00e4stid":"1 minut"},"schema":{"@context":"https:\/\/schema.org","@graph":[{"@type":"WebPage","@id":"https:\/\/nyforetagarcentrum.se\/uppsala\/radgivning\/","url":"https:\/\/nyforetagarcentrum.se\/uppsala\/radgivning\/","name":"Boka kostnadsfri r\u00e5dgivning hos oss | NFC Uppsala","isPartOf":{"@id":"https:\/\/nyforetagarcentrum.se\/uppsala\/#website"},"primaryImageOfPage":{"@id":"https:\/\/nyforetagarcentrum.se\/uppsala\/radgivning\/#primaryimage"},"image":{"@id":"https:\/\/nyforetagarcentrum.se\/uppsala\/radgivning\/#primaryimage"},"thumbnailUrl":"https:\/\/nyforetagarcentrum.se\/uppsala\/wp-content\/uploads\/sites\/5\/2024\/02\/Radgivning-radgivare-nyforetagareLOW.jpg","datePublished":"2024-02-22T09:59:00+00:00","dateModified":"2025-06-24T09:33:37+00:00","description":"Boka kostnadsfri och personlig r\u00e5dgivning. F\u00e5 experthj\u00e4lp och st\u00f6d f\u00f6r att \u00f6vervinna utmaningarna med att starta och driva f\u00f6retag.","breadcrumb":{"@id":"https:\/\/nyforetagarcentrum.se\/uppsala\/radgivning\/#breadcrumb"},"inLanguage":"sv-SE","potentialAction":[{"@type":"ReadAction","target":["https:\/\/nyforetagarcentrum.se\/uppsala\/radgivning\/"]}]},{"@type":"ImageObject","inLanguage":"sv-SE","@id":"https:\/\/nyforetagarcentrum.se\/uppsala\/radgivning\/#primaryimage","url":"https:\/\/nyforetagarcentrum.se\/uppsala\/wp-content\/uploads\/sites\/5\/2024\/02\/Radgivning-radgivare-nyforetagareLOW.jpg","contentUrl":"https:\/\/nyforetagarcentrum.se\/uppsala\/wp-content\/uploads\/sites\/5\/2024\/02\/Radgivning-radgivare-nyforetagareLOW.jpg","width":1476,"height":1070},{"@type":"BreadcrumbList","@id":"https:\/\/nyforetagarcentrum.se\/uppsala\/radgivning\/#breadcrumb","itemListElement":[{"@type":"ListItem","position":1,"name":"Hem","item":"https:\/\/nyforetagarcentrum.se\/uppsala\/"},{"@type":"ListItem","position":2,"name":"R\u00e5dgivning"}]},{"@type":"WebSite","@id":"https:\/\/nyforetagarcentrum.se\/uppsala\/#website","url":"https:\/\/nyforetagarcentrum.se\/uppsala\/","name":"Uppsala","description":"Sveriges ledande kraft f\u00f6r fler nya livskraftiga f\u00f6retag","publisher":{"@id":"https:\/\/nyforetagarcentrum.se\/uppsala\/#organization"},"potentialAction":[{"@type":"SearchAction","target":{"@type":"EntryPoint","urlTemplate":"https:\/\/nyforetagarcentrum.se\/uppsala\/?s={search_term_string}"},"query-input":"required name=search_term_string"}],"inLanguage":"sv-SE"},{"@type":"Organization","@id":"https:\/\/nyforetagarcentrum.se\/uppsala\/#organization","name":"Uppsala","url":"https:\/\/nyforetagarcentrum.se\/uppsala\/","logo":{"@type":"ImageObject","inLanguage":"sv-SE","@id":"https:\/\/nyforetagarcentrum.se\/uppsala\/#\/schema\/logo\/image\/","url":"https:\/\/nyforetagarcentrum.se\/uppsala\/wp-content\/uploads\/sites\/5\/2024\/04\/Uppsala-1.png","contentUrl":"https:\/\/nyforetagarcentrum.se\/uppsala\/wp-content\/uploads\/sites\/5\/2024\/04\/Uppsala-1.png","width":1082,"height":542,"caption":"Uppsala"},"image":{"@id":"https:\/\/nyforetagarcentrum.se\/uppsala\/#\/schema\/logo\/image\/"}}]}},"_links":{"self":[{"href":"https:\/\/nyforetagarcentrum.se\/uppsala\/wp-json\/wp\/v2\/pages\/93"}],"collection":[{"href":"https:\/\/nyforetagarcentrum.se\/uppsala\/wp-json\/wp\/v2\/pages"}],"about":[{"href":"https:\/\/nyforetagarcentrum.se\/uppsala\/wp-json\/wp\/v2\/types\/page"}],"author":[{"embeddable":true,"href":"https:\/\/nyforetagarcentrum.se\/uppsala\/wp-json\/wp\/v2\/users\/1"}],"replies":[{"embeddable":true,"href":"https:\/\/nyforetagarcentrum.se\/uppsala\/wp-json\/wp\/v2\/comments?post=93"}],"version-history":[{"count":46,"href":"https:\/\/nyforetagarcentrum.se\/uppsala\/wp-json\/wp\/v2\/pages\/93\/revisions"}],"predecessor-version":[{"id":661,"href":"https:\/\/nyforetagarcentrum.se\/uppsala\/wp-json\/wp\/v2\/pages\/93\/revisions\/661"}],"wp:featuredmedia":[{"embeddable":true,"href":"https:\/\/nyforetagarcentrum.se\/uppsala\/wp-json\/wp\/v2\/media\/209"}],"wp:attachment":[{"href":"https:\/\/nyforetagarcentrum.se\/uppsala\/wp-json\/wp\/v2\/media?parent=93"}],"curies":[{"name":"wp","href":"https:\/\/api.w.org\/{rel}","templated":true}]}}