{"id":41,"date":"2024-02-22T10:24:51","date_gmt":"2024-02-22T09:24:51","guid":{"rendered":"https:\/\/nyforetagarcentrum.se\/uppsala\/?page_id=41"},"modified":"2024-09-24T11:43:53","modified_gmt":"2024-09-24T09:43:53","slug":"vara-samarbetspartners","status":"publish","type":"page","link":"https:\/\/nyforetagarcentrum.se\/uppsala\/vara-samarbetspartners\/","title":{"rendered":"V\u00e5ra samarbetspartners"},"content":{"rendered":"<section  class=\"nfc-block-hero alignfull\">\n\n    <img loading=\"lazy\" decoding=\"async\" width=\"1470\" height=\"980\" src=\"https:\/\/nyforetagarcentrum.se\/uppsala\/wp-content\/uploads\/sites\/5\/2024\/02\/Medium_JM.png\" class=\"attachment-landscape size-landscape\" alt=\"\" srcset=\"https:\/\/nyforetagarcentrum.se\/uppsala\/wp-content\/uploads\/sites\/5\/2024\/02\/Medium_JM.png 1470w, https:\/\/nyforetagarcentrum.se\/uppsala\/wp-content\/uploads\/sites\/5\/2024\/02\/Medium_JM-300x200.png 300w, https:\/\/nyforetagarcentrum.se\/uppsala\/wp-content\/uploads\/sites\/5\/2024\/02\/Medium_JM-1024x683.png 1024w, https:\/\/nyforetagarcentrum.se\/uppsala\/wp-content\/uploads\/sites\/5\/2024\/02\/Medium_JM-768x512.png 768w\" sizes=\"(max-width: 1470px) 100vw, 1470px\" \/>\n    <div class=\"contained\">\n        <h1 class=\"nfc-block-hero__heading\">V\u00e5ra samarbetspartners<\/h1>\n\n            <\/div>\n<\/section>\n\n<section  class=\"block-our-partners nfc-block-partners\">\n    <div class=\"contained\">\n            <\/div>\n<\/section>\n\n\n<div style=\"height:50px\" aria-hidden=\"true\" class=\"wp-block-spacer\"><\/div>\n\n\n<section  class=\"nfc-block-breadcrumbs alignwide\">\n    <div class=\"wrapper contained\">\n        <ol class=\"breadcrumbs\" itemscope itemtype=\"https:\/\/schema.org\/BreadcrumbList\">\n            <li itemprop=\"itemListElement\" itemscope itemtype=\"https:\/\/schema.org\/ListItem\">\n            \n\n                            <span class=\"current\" itemprop=\"name\">Hem<\/span>\n            \n            <meta itemprop=\"position\" content=\"1\" \/>\n        <\/li>\n    <\/ol>    <\/div>\n<\/section>\n\n\n<div style=\"height:51px\" aria-hidden=\"true\" class=\"wp-block-spacer\"><\/div>\n\n\n<section  class=\"block-our-partners nfc-block-partners alignwide\">\n    <div class=\"contained\">\n                                    <div class=\"partner-card\">\n                    <div class=\"logo-wrapper\">\n                        <img decoding=\"async\" src=\"https:\/\/nyforetagarcentrum.se\/uppsala\/wp-content\/uploads\/sites\/5\/2024\/03\/Almi.webp\" alt=\"\">\n                    <\/div>\n                    \n                                            <div class=\"h4\"><b>ALMI<\/b><\/div>\n                                                                                                                            <div class=\"item link\"><b><a href=\"https:\/\/www.almi.se\/\" target=\"_blank\" > Webbsida<\/a><\/b><\/div>\n                                    <\/div>\n                            <div class=\"partner-card\">\n                    <div class=\"logo-wrapper\">\n                        <img decoding=\"async\" src=\"https:\/\/nyforetagarcentrum.se\/uppsala\/wp-content\/uploads\/sites\/5\/2024\/03\/Uppsala-kommun-1.png\" alt=\"\">\n                    <\/div>\n                    \n                                            <div class=\"h4\"><b>Uppsala Kommun<\/b><\/div>\n                                                                                                                            <div class=\"item link\"><b><a href=\"https:\/\/www.uppsala.se\/\" target=\"_blank\" > Webbsida<\/a><\/b><\/div>\n                                    <\/div>\n                            <div class=\"partner-card\">\n                    <div class=\"logo-wrapper\">\n                        <img decoding=\"async\" src=\"https:\/\/nyforetagarcentrum.se\/uppsala\/wp-content\/uploads\/sites\/5\/2024\/06\/images-7.png\" alt=\"\">\n                    <\/div>\n                    \n                                            <div class=\"h4\"><b>Uppsala Handelskammare<\/b><\/div>\n                                                                                                                            <div class=\"item link\"><b><a href=\"https:\/\/stockholmshandelskammare.se\/uppsala\/\" target=\"\" > Webbsida<\/a><\/b><\/div>\n                                    <\/div>\n                            <div class=\"partner-card\">\n                    <div class=\"logo-wrapper\">\n                        <img decoding=\"async\" src=\"https:\/\/nyforetagarcentrum.se\/uppsala\/wp-content\/uploads\/sites\/5\/2024\/03\/Frilans-finans.jpeg\" alt=\"\">\n                    <\/div>\n                    \n                                            <div class=\"h4\"><b>Frilans Finans<\/b><\/div>\n                                                                                                                            <div class=\"item link\"><b><a href=\"https:\/\/www.frilansfinans.se\/\" target=\"_blank\" > Webbsida<\/a><\/b><\/div>\n                                    <\/div>\n                            <div class=\"partner-card\">\n                    <div class=\"logo-wrapper\">\n                        <img decoding=\"async\" src=\"https:\/\/nyforetagarcentrum.se\/uppsala\/wp-content\/uploads\/sites\/5\/2024\/03\/Nordea.png\" alt=\"\">\n                    <\/div>\n                    \n                                            <div class=\"h4\"><b>Nordea<\/b><\/div>\n                                                                                                                            <div class=\"item link\"><b><a href=\"https:\/\/www.nordea.se\/\" target=\"_blank\" > Webbsida<\/a><\/b><\/div>\n                                    <\/div>\n                            <div class=\"partner-card\">\n                    <div class=\"logo-wrapper\">\n                        <img decoding=\"async\" src=\"https:\/\/nyforetagarcentrum.se\/uppsala\/wp-content\/uploads\/sites\/5\/2024\/03\/Swedbank.png\" alt=\"\">\n                    <\/div>\n                    \n                                            <div class=\"h4\"><b>Swedbank<\/b><\/div>\n                                                                                                                            <div class=\"item link\"><b><a href=\"https:\/\/www.swedbank.se\/\" target=\"_blank\" > Webbsida<\/a><\/b><\/div>\n                                    <\/div>\n                            <div class=\"partner-card\">\n                    <div class=\"logo-wrapper\">\n                        <img decoding=\"async\" src=\"https:\/\/nyforetagarcentrum.se\/uppsala\/wp-content\/uploads\/sites\/5\/2024\/03\/Unionen.png\" alt=\"\">\n                    <\/div>\n                    \n                                            <div class=\"h4\"><b>Unionen<\/b><\/div>\n                                                                                                                            <div class=\"item link\"><b><a href=\"https:\/\/www.unionen.se\/\" target=\"_blank\" > Webbsida<\/a><\/b><\/div>\n                                    <\/div>\n                            <div class=\"partner-card\">\n                    <div class=\"logo-wrapper\">\n                        <img decoding=\"async\" src=\"https:\/\/nyforetagarcentrum.se\/uppsala\/wp-content\/uploads\/sites\/5\/2024\/03\/Vasakronen.png\" alt=\"\">\n                    <\/div>\n                    \n                                            <div class=\"h4\"><b>Vasakronan<\/b><\/div>\n                                                                                                                            <div class=\"item link\"><b><a href=\"https:\/\/vasakronan.se\/\" target=\"_blank\" > Webbsida<\/a><\/b><\/div>\n                                    <\/div>\n                            <div class=\"partner-card\">\n                    <div class=\"logo-wrapper\">\n                        <img decoding=\"async\" src=\"https:\/\/nyforetagarcentrum.se\/uppsala\/wp-content\/uploads\/sites\/5\/2024\/03\/LF-Uppsala.jpeg\" alt=\"\">\n                    <\/div>\n                    \n                                            <div class=\"h4\"><b>L\u00e4nsf\u00f6rs\u00e4kringar Uppsala<\/b><\/div>\n                                                                                                                            <div class=\"item link\"><b><a href=\"https:\/\/www.lansforsakringar.se\/uppsala\/privat\/\" target=\"_blank\" > Webbsida<\/a><\/b><\/div>\n                                    <\/div>\n                        <\/div>\n<\/section>\n\n\n<div style=\"height:80px\" aria-hidden=\"true\" class=\"wp-block-spacer\"><\/div>\n","protected":false},"excerpt":{"rendered":"","protected":false},"author":1,"featured_media":208,"parent":0,"menu_order":0,"comment_status":"closed","ping_status":"closed","template":"","meta":{"footnotes":""},"acf":[],"yoast_head":"<!-- This site is optimized with the Yoast SEO plugin v22.9 - https:\/\/yoast.com\/wordpress\/plugins\/seo\/ -->\n<title>V\u00e5ra samarbetspartners | NFC Uppsala<\/title>\n<meta name=\"description\" content=\"Uppt\u00e4ck v\u00e5ra partners i Uppsala som bidrar med resurser, expertis och n\u00e4tverk f\u00f6r att hj\u00e4lpa nya f\u00f6retagare att lyckas i sin verksamhet.\" \/>\n<meta name=\"robots\" content=\"index, follow, max-snippet:-1, max-image-preview:large, max-video-preview:-1\" \/>\n<link rel=\"canonical\" href=\"https:\/\/nyforetagarcentrum.se\/uppsala\/vara-samarbetspartners\/\" \/>\n<meta property=\"og:locale\" content=\"sv_SE\" \/>\n<meta property=\"og:type\" content=\"article\" \/>\n<meta property=\"og:title\" content=\"V\u00e5ra samarbetspartners | NFC Uppsala\" \/>\n<meta property=\"og:description\" content=\"Uppt\u00e4ck v\u00e5ra partners i Uppsala som bidrar med resurser, expertis och n\u00e4tverk f\u00f6r att hj\u00e4lpa nya f\u00f6retagare att lyckas i sin verksamhet.\" \/>\n<meta property=\"og:url\" content=\"https:\/\/nyforetagarcentrum.se\/uppsala\/vara-samarbetspartners\/\" \/>\n<meta property=\"og:site_name\" content=\"Uppsala\" \/>\n<meta property=\"article:modified_time\" content=\"2024-09-24T09:43:53+00:00\" \/>\n<meta property=\"og:image\" content=\"https:\/\/nyforetagarcentrum.se\/uppsala\/wp-content\/uploads\/sites\/5\/2024\/02\/Radgivare-Nyforetagare-LOW.jpg\" \/>\n\t<meta property=\"og:image:width\" content=\"1476\" \/>\n\t<meta property=\"og:image:height\" content=\"901\" \/>\n\t<meta property=\"og:image:type\" content=\"image\/jpeg\" \/>\n<meta name=\"twitter:card\" content=\"summary_large_image\" \/>\n<meta name=\"twitter:label1\" content=\"Ber\u00e4knad l\u00e4stid\" \/>\n\t<meta name=\"twitter:data1\" content=\"1 minut\" \/>\n<script type=\"application\/ld+json\" class=\"yoast-schema-graph\">{\"@context\":\"https:\/\/schema.org\",\"@graph\":[{\"@type\":\"WebPage\",\"@id\":\"https:\/\/nyforetagarcentrum.se\/uppsala\/vara-samarbetspartners\/\",\"url\":\"https:\/\/nyforetagarcentrum.se\/uppsala\/vara-samarbetspartners\/\",\"name\":\"V\u00e5ra samarbetspartners | NFC Uppsala\",\"isPartOf\":{\"@id\":\"https:\/\/nyforetagarcentrum.se\/uppsala\/#website\"},\"primaryImageOfPage\":{\"@id\":\"https:\/\/nyforetagarcentrum.se\/uppsala\/vara-samarbetspartners\/#primaryimage\"},\"image\":{\"@id\":\"https:\/\/nyforetagarcentrum.se\/uppsala\/vara-samarbetspartners\/#primaryimage\"},\"thumbnailUrl\":\"https:\/\/nyforetagarcentrum.se\/uppsala\/wp-content\/uploads\/sites\/5\/2024\/02\/Radgivare-Nyforetagare-LOW.jpg\",\"datePublished\":\"2024-02-22T09:24:51+00:00\",\"dateModified\":\"2024-09-24T09:43:53+00:00\",\"description\":\"Uppt\u00e4ck v\u00e5ra partners i Uppsala som bidrar med resurser, expertis och n\u00e4tverk f\u00f6r att hj\u00e4lpa nya f\u00f6retagare att lyckas i sin verksamhet.\",\"breadcrumb\":{\"@id\":\"https:\/\/nyforetagarcentrum.se\/uppsala\/vara-samarbetspartners\/#breadcrumb\"},\"inLanguage\":\"sv-SE\",\"potentialAction\":[{\"@type\":\"ReadAction\",\"target\":[\"https:\/\/nyforetagarcentrum.se\/uppsala\/vara-samarbetspartners\/\"]}]},{\"@type\":\"ImageObject\",\"inLanguage\":\"sv-SE\",\"@id\":\"https:\/\/nyforetagarcentrum.se\/uppsala\/vara-samarbetspartners\/#primaryimage\",\"url\":\"https:\/\/nyforetagarcentrum.se\/uppsala\/wp-content\/uploads\/sites\/5\/2024\/02\/Radgivare-Nyforetagare-LOW.jpg\",\"contentUrl\":\"https:\/\/nyforetagarcentrum.se\/uppsala\/wp-content\/uploads\/sites\/5\/2024\/02\/Radgivare-Nyforetagare-LOW.jpg\",\"width\":1476,\"height\":901},{\"@type\":\"BreadcrumbList\",\"@id\":\"https:\/\/nyforetagarcentrum.se\/uppsala\/vara-samarbetspartners\/#breadcrumb\",\"itemListElement\":[{\"@type\":\"ListItem\",\"position\":1,\"name\":\"Hem\",\"item\":\"https:\/\/nyforetagarcentrum.se\/uppsala\/\"},{\"@type\":\"ListItem\",\"position\":2,\"name\":\"V\u00e5ra samarbetspartners\"}]},{\"@type\":\"WebSite\",\"@id\":\"https:\/\/nyforetagarcentrum.se\/uppsala\/#website\",\"url\":\"https:\/\/nyforetagarcentrum.se\/uppsala\/\",\"name\":\"Uppsala\",\"description\":\"Sveriges ledande kraft f\u00f6r fler nya livskraftiga f\u00f6retag\",\"publisher\":{\"@id\":\"https:\/\/nyforetagarcentrum.se\/uppsala\/#organization\"},\"potentialAction\":[{\"@type\":\"SearchAction\",\"target\":{\"@type\":\"EntryPoint\",\"urlTemplate\":\"https:\/\/nyforetagarcentrum.se\/uppsala\/?s={search_term_string}\"},\"query-input\":\"required name=search_term_string\"}],\"inLanguage\":\"sv-SE\"},{\"@type\":\"Organization\",\"@id\":\"https:\/\/nyforetagarcentrum.se\/uppsala\/#organization\",\"name\":\"Uppsala\",\"url\":\"https:\/\/nyforetagarcentrum.se\/uppsala\/\",\"logo\":{\"@type\":\"ImageObject\",\"inLanguage\":\"sv-SE\",\"@id\":\"https:\/\/nyforetagarcentrum.se\/uppsala\/#\/schema\/logo\/image\/\",\"url\":\"https:\/\/nyforetagarcentrum.se\/uppsala\/wp-content\/uploads\/sites\/5\/2024\/04\/Uppsala-1.png\",\"contentUrl\":\"https:\/\/nyforetagarcentrum.se\/uppsala\/wp-content\/uploads\/sites\/5\/2024\/04\/Uppsala-1.png\",\"width\":1082,\"height\":542,\"caption\":\"Uppsala\"},\"image\":{\"@id\":\"https:\/\/nyforetagarcentrum.se\/uppsala\/#\/schema\/logo\/image\/\"}}]}<\/script>\n<!-- \/ Yoast SEO plugin. -->","yoast_head_json":{"title":"V\u00e5ra samarbetspartners | NFC Uppsala","description":"Uppt\u00e4ck v\u00e5ra partners i Uppsala som bidrar med resurser, expertis och n\u00e4tverk f\u00f6r att hj\u00e4lpa nya f\u00f6retagare att lyckas i sin verksamhet.","robots":{"index":"index","follow":"follow","max-snippet":"max-snippet:-1","max-image-preview":"max-image-preview:large","max-video-preview":"max-video-preview:-1"},"canonical":"https:\/\/nyforetagarcentrum.se\/uppsala\/vara-samarbetspartners\/","og_locale":"sv_SE","og_type":"article","og_title":"V\u00e5ra samarbetspartners | NFC Uppsala","og_description":"Uppt\u00e4ck v\u00e5ra partners i Uppsala som bidrar med resurser, expertis och n\u00e4tverk f\u00f6r att hj\u00e4lpa nya f\u00f6retagare att lyckas i sin verksamhet.","og_url":"https:\/\/nyforetagarcentrum.se\/uppsala\/vara-samarbetspartners\/","og_site_name":"Uppsala","article_modified_time":"2024-09-24T09:43:53+00:00","og_image":[{"width":1476,"height":901,"url":"https:\/\/nyforetagarcentrum.se\/uppsala\/wp-content\/uploads\/sites\/5\/2024\/02\/Radgivare-Nyforetagare-LOW.jpg","type":"image\/jpeg"}],"twitter_card":"summary_large_image","twitter_misc":{"Ber\u00e4knad l\u00e4stid":"1 minut"},"schema":{"@context":"https:\/\/schema.org","@graph":[{"@type":"WebPage","@id":"https:\/\/nyforetagarcentrum.se\/uppsala\/vara-samarbetspartners\/","url":"https:\/\/nyforetagarcentrum.se\/uppsala\/vara-samarbetspartners\/","name":"V\u00e5ra samarbetspartners | NFC Uppsala","isPartOf":{"@id":"https:\/\/nyforetagarcentrum.se\/uppsala\/#website"},"primaryImageOfPage":{"@id":"https:\/\/nyforetagarcentrum.se\/uppsala\/vara-samarbetspartners\/#primaryimage"},"image":{"@id":"https:\/\/nyforetagarcentrum.se\/uppsala\/vara-samarbetspartners\/#primaryimage"},"thumbnailUrl":"https:\/\/nyforetagarcentrum.se\/uppsala\/wp-content\/uploads\/sites\/5\/2024\/02\/Radgivare-Nyforetagare-LOW.jpg","datePublished":"2024-02-22T09:24:51+00:00","dateModified":"2024-09-24T09:43:53+00:00","description":"Uppt\u00e4ck v\u00e5ra partners i Uppsala som bidrar med resurser, expertis och n\u00e4tverk f\u00f6r att hj\u00e4lpa nya f\u00f6retagare att lyckas i sin verksamhet.","breadcrumb":{"@id":"https:\/\/nyforetagarcentrum.se\/uppsala\/vara-samarbetspartners\/#breadcrumb"},"inLanguage":"sv-SE","potentialAction":[{"@type":"ReadAction","target":["https:\/\/nyforetagarcentrum.se\/uppsala\/vara-samarbetspartners\/"]}]},{"@type":"ImageObject","inLanguage":"sv-SE","@id":"https:\/\/nyforetagarcentrum.se\/uppsala\/vara-samarbetspartners\/#primaryimage","url":"https:\/\/nyforetagarcentrum.se\/uppsala\/wp-content\/uploads\/sites\/5\/2024\/02\/Radgivare-Nyforetagare-LOW.jpg","contentUrl":"https:\/\/nyforetagarcentrum.se\/uppsala\/wp-content\/uploads\/sites\/5\/2024\/02\/Radgivare-Nyforetagare-LOW.jpg","width":1476,"height":901},{"@type":"BreadcrumbList","@id":"https:\/\/nyforetagarcentrum.se\/uppsala\/vara-samarbetspartners\/#breadcrumb","itemListElement":[{"@type":"ListItem","position":1,"name":"Hem","item":"https:\/\/nyforetagarcentrum.se\/uppsala\/"},{"@type":"ListItem","position":2,"name":"V\u00e5ra samarbetspartners"}]},{"@type":"WebSite","@id":"https:\/\/nyforetagarcentrum.se\/uppsala\/#website","url":"https:\/\/nyforetagarcentrum.se\/uppsala\/","name":"Uppsala","description":"Sveriges ledande kraft f\u00f6r fler nya livskraftiga f\u00f6retag","publisher":{"@id":"https:\/\/nyforetagarcentrum.se\/uppsala\/#organization"},"potentialAction":[{"@type":"SearchAction","target":{"@type":"EntryPoint","urlTemplate":"https:\/\/nyforetagarcentrum.se\/uppsala\/?s={search_term_string}"},"query-input":"required name=search_term_string"}],"inLanguage":"sv-SE"},{"@type":"Organization","@id":"https:\/\/nyforetagarcentrum.se\/uppsala\/#organization","name":"Uppsala","url":"https:\/\/nyforetagarcentrum.se\/uppsala\/","logo":{"@type":"ImageObject","inLanguage":"sv-SE","@id":"https:\/\/nyforetagarcentrum.se\/uppsala\/#\/schema\/logo\/image\/","url":"https:\/\/nyforetagarcentrum.se\/uppsala\/wp-content\/uploads\/sites\/5\/2024\/04\/Uppsala-1.png","contentUrl":"https:\/\/nyforetagarcentrum.se\/uppsala\/wp-content\/uploads\/sites\/5\/2024\/04\/Uppsala-1.png","width":1082,"height":542,"caption":"Uppsala"},"image":{"@id":"https:\/\/nyforetagarcentrum.se\/uppsala\/#\/schema\/logo\/image\/"}}]}},"_links":{"self":[{"href":"https:\/\/nyforetagarcentrum.se\/uppsala\/wp-json\/wp\/v2\/pages\/41"}],"collection":[{"href":"https:\/\/nyforetagarcentrum.se\/uppsala\/wp-json\/wp\/v2\/pages"}],"about":[{"href":"https:\/\/nyforetagarcentrum.se\/uppsala\/wp-json\/wp\/v2\/types\/page"}],"author":[{"embeddable":true,"href":"https:\/\/nyforetagarcentrum.se\/uppsala\/wp-json\/wp\/v2\/users\/1"}],"replies":[{"embeddable":true,"href":"https:\/\/nyforetagarcentrum.se\/uppsala\/wp-json\/wp\/v2\/comments?post=41"}],"version-history":[{"count":44,"href":"https:\/\/nyforetagarcentrum.se\/uppsala\/wp-json\/wp\/v2\/pages\/41\/revisions"}],"predecessor-version":[{"id":607,"href":"https:\/\/nyforetagarcentrum.se\/uppsala\/wp-json\/wp\/v2\/pages\/41\/revisions\/607"}],"wp:featuredmedia":[{"embeddable":true,"href":"https:\/\/nyforetagarcentrum.se\/uppsala\/wp-json\/wp\/v2\/media\/208"}],"wp:attachment":[{"href":"https:\/\/nyforetagarcentrum.se\/uppsala\/wp-json\/wp\/v2\/media?parent=41"}],"curies":[{"name":"wp","href":"https:\/\/api.w.org\/{rel}","templated":true}]}}