{"id":164,"date":"2024-02-27T16:05:17","date_gmt":"2024-02-27T15:05:17","guid":{"rendered":"https:\/\/nyforetagarcentrum.se\/uppsala\/?page_id=164"},"modified":"2025-12-05T19:44:14","modified_gmt":"2025-12-05T18:44:14","slug":"var-styrelse","status":"publish","type":"page","link":"https:\/\/nyforetagarcentrum.se\/uppsala\/var-styrelse\/","title":{"rendered":"V\u00e5r styrelse"},"content":{"rendered":"<section  class=\"nfc-block-hero alignfull\">\n\n    <img loading=\"lazy\" decoding=\"async\" width=\"1476\" height=\"984\" src=\"https:\/\/nyforetagarcentrum.se\/uppsala\/wp-content\/uploads\/sites\/5\/2024\/02\/Nyforetagare-kultur-LOW.jpg\" class=\"attachment-landscape size-landscape\" alt=\"\" srcset=\"https:\/\/nyforetagarcentrum.se\/uppsala\/wp-content\/uploads\/sites\/5\/2024\/02\/Nyforetagare-kultur-LOW.jpg 1476w, https:\/\/nyforetagarcentrum.se\/uppsala\/wp-content\/uploads\/sites\/5\/2024\/02\/Nyforetagare-kultur-LOW-300x200.jpg 300w, https:\/\/nyforetagarcentrum.se\/uppsala\/wp-content\/uploads\/sites\/5\/2024\/02\/Nyforetagare-kultur-LOW-1024x683.jpg 1024w, https:\/\/nyforetagarcentrum.se\/uppsala\/wp-content\/uploads\/sites\/5\/2024\/02\/Nyforetagare-kultur-LOW-768x512.jpg 768w\" sizes=\"(max-width: 1476px) 100vw, 1476px\" \/>\n    <div class=\"contained\">\n        <h1 class=\"nfc-block-hero__heading\">V\u00e5r styrelse<\/h1>\n\n            <\/div>\n<\/section>\n\n\n<div style=\"height:50px\" aria-hidden=\"true\" class=\"wp-block-spacer\"><\/div>\n\n\n<section  class=\"nfc-block-breadcrumbs alignwide\">\n    <div class=\"wrapper contained\">\n        <ol class=\"breadcrumbs\" itemscope itemtype=\"https:\/\/schema.org\/BreadcrumbList\">\n            <li itemprop=\"itemListElement\" itemscope itemtype=\"https:\/\/schema.org\/ListItem\">\n            \n\n                            <span class=\"current\" itemprop=\"name\">Hem<\/span>\n            \n            <meta itemprop=\"position\" content=\"1\" \/>\n        <\/li>\n    <\/ol>    <\/div>\n<\/section>\n\n\n<div style=\"height:100px\" aria-hidden=\"true\" class=\"wp-block-spacer\"><\/div>\n","protected":false},"excerpt":{"rendered":"","protected":false},"author":1,"featured_media":189,"parent":0,"menu_order":0,"comment_status":"closed","ping_status":"closed","template":"","meta":{"footnotes":""},"acf":[],"yoast_head":"<!-- This site is optimized with the Yoast SEO plugin v22.9 - https:\/\/yoast.com\/wordpress\/plugins\/seo\/ -->\n<title>V\u00e5r styrelse | NFC Uppsala<\/title>\n<meta name=\"description\" content=\"V\u00e5r styrelse i NFC Uppsala. Se hur deras erfarenhet och engagemang fr\u00e4mjar entrepren\u00f6rskap och st\u00f6djer lokala f\u00f6retagare i regionen.\" \/>\n<meta name=\"robots\" content=\"index, follow, max-snippet:-1, max-image-preview:large, max-video-preview:-1\" \/>\n<link rel=\"canonical\" href=\"https:\/\/nyforetagarcentrum.se\/uppsala\/var-styrelse\/\" \/>\n<meta property=\"og:locale\" content=\"sv_SE\" \/>\n<meta property=\"og:type\" content=\"article\" \/>\n<meta property=\"og:title\" content=\"V\u00e5r styrelse | NFC Uppsala\" \/>\n<meta property=\"og:description\" content=\"V\u00e5r styrelse i NFC Uppsala. Se hur deras erfarenhet och engagemang fr\u00e4mjar entrepren\u00f6rskap och st\u00f6djer lokala f\u00f6retagare i regionen.\" \/>\n<meta property=\"og:url\" content=\"https:\/\/nyforetagarcentrum.se\/uppsala\/var-styrelse\/\" \/>\n<meta property=\"og:site_name\" content=\"Uppsala\" \/>\n<meta property=\"article:modified_time\" content=\"2025-12-05T18:44:14+00:00\" \/>\n<meta property=\"og:image\" content=\"https:\/\/nyforetagarcentrum.se\/uppsala\/wp-content\/uploads\/sites\/5\/2024\/02\/4083b98ac6a43f162142a286decbc08f.png\" \/>\n\t<meta property=\"og:image:width\" content=\"1469\" \/>\n\t<meta property=\"og:image:height\" content=\"981\" \/>\n\t<meta property=\"og:image:type\" content=\"image\/png\" \/>\n<meta name=\"twitter:card\" content=\"summary_large_image\" \/>\n<meta name=\"twitter:label1\" content=\"Ber\u00e4knad l\u00e4stid\" \/>\n\t<meta name=\"twitter:data1\" content=\"1 minut\" \/>\n<script type=\"application\/ld+json\" class=\"yoast-schema-graph\">{\"@context\":\"https:\/\/schema.org\",\"@graph\":[{\"@type\":\"WebPage\",\"@id\":\"https:\/\/nyforetagarcentrum.se\/uppsala\/var-styrelse\/\",\"url\":\"https:\/\/nyforetagarcentrum.se\/uppsala\/var-styrelse\/\",\"name\":\"V\u00e5r styrelse | NFC Uppsala\",\"isPartOf\":{\"@id\":\"https:\/\/nyforetagarcentrum.se\/uppsala\/#website\"},\"primaryImageOfPage\":{\"@id\":\"https:\/\/nyforetagarcentrum.se\/uppsala\/var-styrelse\/#primaryimage\"},\"image\":{\"@id\":\"https:\/\/nyforetagarcentrum.se\/uppsala\/var-styrelse\/#primaryimage\"},\"thumbnailUrl\":\"https:\/\/nyforetagarcentrum.se\/uppsala\/wp-content\/uploads\/sites\/5\/2024\/02\/4083b98ac6a43f162142a286decbc08f.png\",\"datePublished\":\"2024-02-27T15:05:17+00:00\",\"dateModified\":\"2025-12-05T18:44:14+00:00\",\"description\":\"V\u00e5r styrelse i NFC Uppsala. Se hur deras erfarenhet och engagemang fr\u00e4mjar entrepren\u00f6rskap och st\u00f6djer lokala f\u00f6retagare i regionen.\",\"breadcrumb\":{\"@id\":\"https:\/\/nyforetagarcentrum.se\/uppsala\/var-styrelse\/#breadcrumb\"},\"inLanguage\":\"sv-SE\",\"potentialAction\":[{\"@type\":\"ReadAction\",\"target\":[\"https:\/\/nyforetagarcentrum.se\/uppsala\/var-styrelse\/\"]}]},{\"@type\":\"ImageObject\",\"inLanguage\":\"sv-SE\",\"@id\":\"https:\/\/nyforetagarcentrum.se\/uppsala\/var-styrelse\/#primaryimage\",\"url\":\"https:\/\/nyforetagarcentrum.se\/uppsala\/wp-content\/uploads\/sites\/5\/2024\/02\/4083b98ac6a43f162142a286decbc08f.png\",\"contentUrl\":\"https:\/\/nyforetagarcentrum.se\/uppsala\/wp-content\/uploads\/sites\/5\/2024\/02\/4083b98ac6a43f162142a286decbc08f.png\",\"width\":1469,\"height\":981},{\"@type\":\"BreadcrumbList\",\"@id\":\"https:\/\/nyforetagarcentrum.se\/uppsala\/var-styrelse\/#breadcrumb\",\"itemListElement\":[{\"@type\":\"ListItem\",\"position\":1,\"name\":\"Hem\",\"item\":\"https:\/\/nyforetagarcentrum.se\/uppsala\/\"},{\"@type\":\"ListItem\",\"position\":2,\"name\":\"V\u00e5r styrelse\"}]},{\"@type\":\"WebSite\",\"@id\":\"https:\/\/nyforetagarcentrum.se\/uppsala\/#website\",\"url\":\"https:\/\/nyforetagarcentrum.se\/uppsala\/\",\"name\":\"Uppsala\",\"description\":\"Sveriges ledande kraft f\u00f6r fler nya livskraftiga f\u00f6retag\",\"publisher\":{\"@id\":\"https:\/\/nyforetagarcentrum.se\/uppsala\/#organization\"},\"potentialAction\":[{\"@type\":\"SearchAction\",\"target\":{\"@type\":\"EntryPoint\",\"urlTemplate\":\"https:\/\/nyforetagarcentrum.se\/uppsala\/?s={search_term_string}\"},\"query-input\":\"required name=search_term_string\"}],\"inLanguage\":\"sv-SE\"},{\"@type\":\"Organization\",\"@id\":\"https:\/\/nyforetagarcentrum.se\/uppsala\/#organization\",\"name\":\"Uppsala\",\"url\":\"https:\/\/nyforetagarcentrum.se\/uppsala\/\",\"logo\":{\"@type\":\"ImageObject\",\"inLanguage\":\"sv-SE\",\"@id\":\"https:\/\/nyforetagarcentrum.se\/uppsala\/#\/schema\/logo\/image\/\",\"url\":\"https:\/\/nyforetagarcentrum.se\/uppsala\/wp-content\/uploads\/sites\/5\/2024\/04\/Uppsala-1.png\",\"contentUrl\":\"https:\/\/nyforetagarcentrum.se\/uppsala\/wp-content\/uploads\/sites\/5\/2024\/04\/Uppsala-1.png\",\"width\":1082,\"height\":542,\"caption\":\"Uppsala\"},\"image\":{\"@id\":\"https:\/\/nyforetagarcentrum.se\/uppsala\/#\/schema\/logo\/image\/\"}}]}<\/script>\n<!-- \/ Yoast SEO plugin. -->","yoast_head_json":{"title":"V\u00e5r styrelse | NFC Uppsala","description":"V\u00e5r styrelse i NFC Uppsala. Se hur deras erfarenhet och engagemang fr\u00e4mjar entrepren\u00f6rskap och st\u00f6djer lokala f\u00f6retagare i regionen.","robots":{"index":"index","follow":"follow","max-snippet":"max-snippet:-1","max-image-preview":"max-image-preview:large","max-video-preview":"max-video-preview:-1"},"canonical":"https:\/\/nyforetagarcentrum.se\/uppsala\/var-styrelse\/","og_locale":"sv_SE","og_type":"article","og_title":"V\u00e5r styrelse | NFC Uppsala","og_description":"V\u00e5r styrelse i NFC Uppsala. Se hur deras erfarenhet och engagemang fr\u00e4mjar entrepren\u00f6rskap och st\u00f6djer lokala f\u00f6retagare i regionen.","og_url":"https:\/\/nyforetagarcentrum.se\/uppsala\/var-styrelse\/","og_site_name":"Uppsala","article_modified_time":"2025-12-05T18:44:14+00:00","og_image":[{"width":1469,"height":981,"url":"https:\/\/nyforetagarcentrum.se\/uppsala\/wp-content\/uploads\/sites\/5\/2024\/02\/4083b98ac6a43f162142a286decbc08f.png","type":"image\/png"}],"twitter_card":"summary_large_image","twitter_misc":{"Ber\u00e4knad l\u00e4stid":"1 minut"},"schema":{"@context":"https:\/\/schema.org","@graph":[{"@type":"WebPage","@id":"https:\/\/nyforetagarcentrum.se\/uppsala\/var-styrelse\/","url":"https:\/\/nyforetagarcentrum.se\/uppsala\/var-styrelse\/","name":"V\u00e5r styrelse | NFC Uppsala","isPartOf":{"@id":"https:\/\/nyforetagarcentrum.se\/uppsala\/#website"},"primaryImageOfPage":{"@id":"https:\/\/nyforetagarcentrum.se\/uppsala\/var-styrelse\/#primaryimage"},"image":{"@id":"https:\/\/nyforetagarcentrum.se\/uppsala\/var-styrelse\/#primaryimage"},"thumbnailUrl":"https:\/\/nyforetagarcentrum.se\/uppsala\/wp-content\/uploads\/sites\/5\/2024\/02\/4083b98ac6a43f162142a286decbc08f.png","datePublished":"2024-02-27T15:05:17+00:00","dateModified":"2025-12-05T18:44:14+00:00","description":"V\u00e5r styrelse i NFC Uppsala. Se hur deras erfarenhet och engagemang fr\u00e4mjar entrepren\u00f6rskap och st\u00f6djer lokala f\u00f6retagare i regionen.","breadcrumb":{"@id":"https:\/\/nyforetagarcentrum.se\/uppsala\/var-styrelse\/#breadcrumb"},"inLanguage":"sv-SE","potentialAction":[{"@type":"ReadAction","target":["https:\/\/nyforetagarcentrum.se\/uppsala\/var-styrelse\/"]}]},{"@type":"ImageObject","inLanguage":"sv-SE","@id":"https:\/\/nyforetagarcentrum.se\/uppsala\/var-styrelse\/#primaryimage","url":"https:\/\/nyforetagarcentrum.se\/uppsala\/wp-content\/uploads\/sites\/5\/2024\/02\/4083b98ac6a43f162142a286decbc08f.png","contentUrl":"https:\/\/nyforetagarcentrum.se\/uppsala\/wp-content\/uploads\/sites\/5\/2024\/02\/4083b98ac6a43f162142a286decbc08f.png","width":1469,"height":981},{"@type":"BreadcrumbList","@id":"https:\/\/nyforetagarcentrum.se\/uppsala\/var-styrelse\/#breadcrumb","itemListElement":[{"@type":"ListItem","position":1,"name":"Hem","item":"https:\/\/nyforetagarcentrum.se\/uppsala\/"},{"@type":"ListItem","position":2,"name":"V\u00e5r styrelse"}]},{"@type":"WebSite","@id":"https:\/\/nyforetagarcentrum.se\/uppsala\/#website","url":"https:\/\/nyforetagarcentrum.se\/uppsala\/","name":"Uppsala","description":"Sveriges ledande kraft f\u00f6r fler nya livskraftiga f\u00f6retag","publisher":{"@id":"https:\/\/nyforetagarcentrum.se\/uppsala\/#organization"},"potentialAction":[{"@type":"SearchAction","target":{"@type":"EntryPoint","urlTemplate":"https:\/\/nyforetagarcentrum.se\/uppsala\/?s={search_term_string}"},"query-input":"required name=search_term_string"}],"inLanguage":"sv-SE"},{"@type":"Organization","@id":"https:\/\/nyforetagarcentrum.se\/uppsala\/#organization","name":"Uppsala","url":"https:\/\/nyforetagarcentrum.se\/uppsala\/","logo":{"@type":"ImageObject","inLanguage":"sv-SE","@id":"https:\/\/nyforetagarcentrum.se\/uppsala\/#\/schema\/logo\/image\/","url":"https:\/\/nyforetagarcentrum.se\/uppsala\/wp-content\/uploads\/sites\/5\/2024\/04\/Uppsala-1.png","contentUrl":"https:\/\/nyforetagarcentrum.se\/uppsala\/wp-content\/uploads\/sites\/5\/2024\/04\/Uppsala-1.png","width":1082,"height":542,"caption":"Uppsala"},"image":{"@id":"https:\/\/nyforetagarcentrum.se\/uppsala\/#\/schema\/logo\/image\/"}}]}},"_links":{"self":[{"href":"https:\/\/nyforetagarcentrum.se\/uppsala\/wp-json\/wp\/v2\/pages\/164"}],"collection":[{"href":"https:\/\/nyforetagarcentrum.se\/uppsala\/wp-json\/wp\/v2\/pages"}],"about":[{"href":"https:\/\/nyforetagarcentrum.se\/uppsala\/wp-json\/wp\/v2\/types\/page"}],"author":[{"embeddable":true,"href":"https:\/\/nyforetagarcentrum.se\/uppsala\/wp-json\/wp\/v2\/users\/1"}],"replies":[{"embeddable":true,"href":"https:\/\/nyforetagarcentrum.se\/uppsala\/wp-json\/wp\/v2\/comments?post=164"}],"version-history":[{"count":21,"href":"https:\/\/nyforetagarcentrum.se\/uppsala\/wp-json\/wp\/v2\/pages\/164\/revisions"}],"predecessor-version":[{"id":674,"href":"https:\/\/nyforetagarcentrum.se\/uppsala\/wp-json\/wp\/v2\/pages\/164\/revisions\/674"}],"wp:featuredmedia":[{"embeddable":true,"href":"https:\/\/nyforetagarcentrum.se\/uppsala\/wp-json\/wp\/v2\/media\/189"}],"wp:attachment":[{"href":"https:\/\/nyforetagarcentrum.se\/uppsala\/wp-json\/wp\/v2\/media?parent=164"}],"curies":[{"name":"wp","href":"https:\/\/api.w.org\/{rel}","templated":true}]}}