{"id":48,"date":"2024-02-22T10:29:05","date_gmt":"2024-02-22T09:29:05","guid":{"rendered":"https:\/\/nyforetagarcentrum.se\/umea\/?page_id=48"},"modified":"2026-03-02T08:42:43","modified_gmt":"2026-03-02T07:42:43","slug":"erbjudanden","status":"publish","type":"page","link":"https:\/\/nyforetagarcentrum.se\/umea\/erbjudanden\/","title":{"rendered":"Erbjudanden"},"content":{"rendered":"<section  class=\"nfc-block-hero alignwide\">\n\n    <img loading=\"lazy\" decoding=\"async\" width=\"1512\" height=\"745\" src=\"https:\/\/nyforetagarcentrum.se\/umea\/wp-content\/uploads\/sites\/69\/2024\/02\/Topp-banner-2.png\" class=\"attachment-landscape size-landscape\" alt=\"\" srcset=\"https:\/\/nyforetagarcentrum.se\/umea\/wp-content\/uploads\/sites\/69\/2024\/02\/Topp-banner-2.png 1512w, https:\/\/nyforetagarcentrum.se\/umea\/wp-content\/uploads\/sites\/69\/2024\/02\/Topp-banner-2-300x148.png 300w, https:\/\/nyforetagarcentrum.se\/umea\/wp-content\/uploads\/sites\/69\/2024\/02\/Topp-banner-2-1024x505.png 1024w, https:\/\/nyforetagarcentrum.se\/umea\/wp-content\/uploads\/sites\/69\/2024\/02\/Topp-banner-2-768x378.png 768w\" sizes=\"(max-width: 1512px) 100vw, 1512px\" \/>\n    <div class=\"contained\">\n        <h1 class=\"nfc-block-hero__heading\">Erbjudanden<\/h1>\n\n            <\/div>\n<\/section>\n\n\n<div style=\"height:50px\" aria-hidden=\"true\" class=\"wp-block-spacer\"><\/div>\n\n\n<section  class=\"nfc-block-breadcrumbs alignwide\">\n    <div class=\"wrapper contained\">\n        <ol class=\"breadcrumbs\" itemscope itemtype=\"https:\/\/schema.org\/BreadcrumbList\">\n            <li itemprop=\"itemListElement\" itemscope itemtype=\"https:\/\/schema.org\/ListItem\">\n            \n\n                            <span class=\"current\" itemprop=\"name\">Hem<\/span>\n            \n            <meta itemprop=\"position\" content=\"1\" \/>\n        <\/li>\n    <\/ol>    <\/div>\n<\/section>\n\n\n<h2 class=\"wp-block-heading alignwide has-x-large-font-size\">Erbjudande f\u00f6r som som tagit steget till eget<\/h2>\n\n\n\n<div class=\"wp-block-columns alignwide is-layout-flex wp-container-core-columns-is-layout-1 wp-block-columns-is-layout-flex\"><\/div>\n\n\n<section  class=\"nfc-block-offer_grid alignwide layout-small\">\n    <div class=\"contained\">\n\n        <div class=\"filter-row\">\n            \n                            <button id=\"local-offers-button\">\n                    Lokala partners\n                <\/button>\n                <button id=\"national-offers-button\" class=\"outlined\">\n                    Nationella partners\n                <\/button>\n                    <\/div>\n\n        <div class=\"grid\" id=\"offers-grid\">\n            <div class=\"offer-card\">\n\n    <div class=\"gallery-wrapper\">\n                    <div class=\"selected-media\">\n                                    <img loading=\"lazy\" decoding=\"async\" width=\"1024\" height=\"571\" src=\"https:\/\/nyforetagarcentrum.se\/umea\/wp-content\/uploads\/sites\/69\/2024\/06\/Nyforetagarcentrum-1024x683-1-1024x571.jpg\" class=\"attachment-large size-large\" alt=\"\" srcset=\"https:\/\/nyforetagarcentrum.se\/umea\/wp-content\/uploads\/sites\/69\/2024\/06\/Nyforetagarcentrum-1024x683-1-1024x571.jpg 1024w, https:\/\/nyforetagarcentrum.se\/umea\/wp-content\/uploads\/sites\/69\/2024\/06\/Nyforetagarcentrum-1024x683-1-300x167.jpg 300w, https:\/\/nyforetagarcentrum.se\/umea\/wp-content\/uploads\/sites\/69\/2024\/06\/Nyforetagarcentrum-1024x683-1-768x429.jpg 768w, https:\/\/nyforetagarcentrum.se\/umea\/wp-content\/uploads\/sites\/69\/2024\/06\/Nyforetagarcentrum-1024x683-1.jpg 1224w\" sizes=\"(max-width: 1024px) 100vw, 1024px\" \/>                            <\/div>\n        \n            <\/div>\n\n\n    <div class=\"content-wrapper\">\n        \n        <h3>Pink Dream marketing<\/h3>\n\n                    <div class=\"spacer s\"><\/div>\n            <div class=\"categories\">\n                                    <div class=\"tag small\">Lokaal erbjudanden<\/div>\n                            <\/div>\n        \n        <div class=\"content\">\n            <div id=\"heading--XAvBEO7rW\" class=\"c-heading c-wrapper\">\n<div class=\"heading--XAvBEO7rW text-output cheading--XAvBEO7rW noBorder radius0 none\" data-animation-class=\"\">\n<div>\n<p>Beh\u00f6ver du hj\u00e4lp med Hemsida, landingssida, eller sociala medier?<\/p>\n<\/div>\n<\/div>\n<\/div>\n<p>Vi p\u00e5 Pink Dream vill g\u00f6ra det enkelt f\u00f6r dig att komma ig\u00e5ng. D\u00e4rf\u00f6r f\u00e5r du via Nyf\u00f6retagarCentrum Ume\u00e5 <strong>20 % rabatt<\/strong> p\u00e5 din f\u00f6rsta best\u00e4llning.<\/p>\n<p>Det \u00e4r ett perfekt tillf\u00e4lle som nystartat f\u00f6retag att f\u00e5nga kunden. Vi tar hand om hela processen fr\u00e5n start till m\u00e5l, s\u00e5 att du kan fokusera fullt ut p\u00e5 ditt f\u00f6retagande.<\/p>\n<p>Med v\u00e5r erfarenhet och din vision skapar vi en digital n\u00e4rvaro som representerar ditt f\u00f6retag online. L\u00e4s mer om v\u00e5rt erbjudande och recensioner genom att klicka p\u00e5 l\u00e4nken.<\/p>\n<p>&nbsp;<\/p>\n<p>&nbsp;<\/p>\n        <\/div>\n\n                    <a href=\"https:\/\/pinkdream.se\/nyforetagarcentrum\" class=\"offer-button button outlined\" target=\"_blank\">\n                Klicka h\u00e4r f\u00f6r att ta del av erbjudandet                                    <div class=\"icon icon-external\"><\/div>\n                            <\/a>\n            <\/div>\n<\/div><div class=\"offer-card\">\n\n    <div class=\"gallery-wrapper\">\n                    <div class=\"selected-media\">\n                                    <img loading=\"lazy\" decoding=\"async\" width=\"1024\" height=\"683\" src=\"https:\/\/nyforetagarcentrum.se\/umea\/wp-content\/uploads\/sites\/69\/2024\/02\/Tillvaxt-planta-LOW-1024x683.jpg\" class=\"attachment-large size-large\" alt=\"\" srcset=\"https:\/\/nyforetagarcentrum.se\/umea\/wp-content\/uploads\/sites\/69\/2024\/02\/Tillvaxt-planta-LOW-1024x683.jpg 1024w, https:\/\/nyforetagarcentrum.se\/umea\/wp-content\/uploads\/sites\/69\/2024\/02\/Tillvaxt-planta-LOW-300x200.jpg 300w, https:\/\/nyforetagarcentrum.se\/umea\/wp-content\/uploads\/sites\/69\/2024\/02\/Tillvaxt-planta-LOW-768x512.jpg 768w, https:\/\/nyforetagarcentrum.se\/umea\/wp-content\/uploads\/sites\/69\/2024\/02\/Tillvaxt-planta-LOW.jpg 1476w\" sizes=\"(max-width: 1024px) 100vw, 1024px\" \/>                            <\/div>\n        \n            <\/div>\n\n\n    <div class=\"content-wrapper\">\n        \n        <h3>Ume\u00e5 kommun n\u00e4ringsliv<\/h3>\n\n                    <div class=\"spacer s\"><\/div>\n            <div class=\"categories\">\n                                    <div class=\"tag small\">Lokaal erbjudanden<\/div>\n                            <\/div>\n        \n        <div class=\"content\">\n            <p class=\"font-normal\">Den privata sektorn i Ume\u00e5 har visat kraftig tillv\u00e4xt de senaste tio \u00e5ren. En anledning \u00e4r ett n\u00e4ra samarbete mellan kommunen, n\u00e4ringslivet, universiteten och andra akt\u00f6rer. H\u00e4r under Starta och driva f\u00f6retag f\u00e5r du veta mer om kommunens service och tj\u00e4nster riktade till dig som vill starta en verksamhet, redan driver ett f\u00f6retag i Ume\u00e5 kommun, vill expandera eller flytta hit.<\/p>\n<p class=\"font-normal\">Ume\u00e5 kommun N\u00e4ringsliv \u00e4r kommunens operativa organ f\u00f6r n\u00e4ringslivsutveckling och tillv\u00e4xt som arbetar i n\u00e4ra samverkan med det lokala och regionala n\u00e4ringslivet och dess organisationer, universiteten och andra offentliga akt\u00f6rer. Kommunen bevakar ocks\u00e5 n\u00e4ringslivets intressen n\u00e4r det g\u00e4ller kommunikationer och annan infrastruktur och arbetar med extern marknadsf\u00f6ring f\u00f6r att st\u00e4rka Ume\u00e5s attraktivitet.<\/p>\n<p>Klicka in p\u00e5 hemsidan och ta del av n\u00e4ringlivets utbud f\u00f6r dig som som g\u00e5r i f\u00f6retagstankar eller redan driver f\u00f6retag. H\u00e4r f\u00e5r du information om bla r\u00e5dgivning och st\u00f6d samt n\u00e4tverk och samarbeten.<\/p>\n        <\/div>\n\n                    <a href=\"https:\/\/www.umea.se\/jobbochforetagande\/startaochdrivaforetag.4.6749c6431748f66265b3da.html\" class=\"offer-button button outlined\" target=\"_blank\">\n                https:\/\/www.umea.se\/jobbochforetagande\/startaochdrivaforetag                                    <div class=\"icon icon-external\"><\/div>\n                            <\/a>\n            <\/div>\n<\/div><div class=\"offer-card\">\n\n    <div class=\"gallery-wrapper\">\n                    <div class=\"selected-media\">\n                                    <img loading=\"lazy\" decoding=\"async\" width=\"1024\" height=\"683\" src=\"https:\/\/nyforetagarcentrum.se\/umea\/wp-content\/uploads\/sites\/69\/2024\/02\/Nyforetagare-seminarium-LOW-1024x683.jpg\" class=\"attachment-large size-large\" alt=\"\" srcset=\"https:\/\/nyforetagarcentrum.se\/umea\/wp-content\/uploads\/sites\/69\/2024\/02\/Nyforetagare-seminarium-LOW-1024x683.jpg 1024w, https:\/\/nyforetagarcentrum.se\/umea\/wp-content\/uploads\/sites\/69\/2024\/02\/Nyforetagare-seminarium-LOW-300x200.jpg 300w, https:\/\/nyforetagarcentrum.se\/umea\/wp-content\/uploads\/sites\/69\/2024\/02\/Nyforetagare-seminarium-LOW-768x512.jpg 768w, https:\/\/nyforetagarcentrum.se\/umea\/wp-content\/uploads\/sites\/69\/2024\/02\/Nyforetagare-seminarium-LOW.jpg 1476w\" sizes=\"(max-width: 1024px) 100vw, 1024px\" \/>                            <\/div>\n        \n            <\/div>\n\n\n    <div class=\"content-wrapper\">\n        \n        <h3>Nyf\u00f6retagarCentrum Ume\u00e5 satsar extra p\u00e5 kvinnor och personer med utl\u00e4ndsk bakgrund<\/h3>\n\n        \n        <div class=\"content\">\n            <p>I en ny satsning, som st\u00f6ds av Ume\u00e5 kommun, satsar nu Nyf\u00f6retagarCentrum Ume\u00e5 extra p\u00e5 kvinnor och personer med utl\u00e4ndsk bakgrund. M\u00e5let \u00e4r att hj\u00e4lpa fler att starta f\u00f6retag.<br \/>\n\u2013 Vi st\u00f6ttar med bland annat nyf\u00f6retagarr\u00e5dgivning och n\u00e4tverk \u2013 allt som \u00e4r viktigt f\u00f6r en blivande f\u00f6retagare. Precis som med all v\u00e5r r\u00e5dgivning \u00e4r detta helt kostnadsfritt, s\u00e4ger Ulrika Cassel, ordf\u00f6rande i Nyf\u00f6retagarCentrum Ume\u00e5.<\/p>\n        <\/div>\n\n            <\/div>\n<\/div>        <\/div>\n    <\/div>\n<\/section>\n\n\n<div style=\"height:80px\" aria-hidden=\"true\" class=\"wp-block-spacer\"><\/div>\n","protected":false},"excerpt":{"rendered":"<p>Erbjudande f\u00f6r som som tagit steget till eget<\/p>\n","protected":false},"author":1,"featured_media":0,"parent":0,"menu_order":0,"comment_status":"closed","ping_status":"closed","template":"","meta":{"footnotes":""},"acf":[],"yoast_head":"<!-- This site is optimized with the Yoast SEO plugin v22.9 - https:\/\/yoast.com\/wordpress\/plugins\/seo\/ -->\n<title>Erbjudanden - Ume\u00e5<\/title>\n<meta name=\"description\" content=\"H\u00e4r hittar du Nyf\u00f6retagarcentrum Ume\u00e5s exklusiva erbjudanden fr\u00e5n lokala samarbetspartners. F\u00f6r dig som \u00e4r nyf\u00f6retagare.\" \/>\n<meta name=\"robots\" content=\"index, follow, max-snippet:-1, max-image-preview:large, max-video-preview:-1\" \/>\n<link rel=\"canonical\" href=\"https:\/\/nyforetagarcentrum.se\/umea\/erbjudanden\/\" \/>\n<meta property=\"og:locale\" content=\"sv_SE\" \/>\n<meta property=\"og:type\" content=\"article\" \/>\n<meta property=\"og:title\" content=\"Erbjudanden - Ume\u00e5\" \/>\n<meta property=\"og:description\" content=\"H\u00e4r hittar du Nyf\u00f6retagarcentrum Ume\u00e5s exklusiva erbjudanden fr\u00e5n lokala samarbetspartners. F\u00f6r dig som \u00e4r nyf\u00f6retagare.\" \/>\n<meta property=\"og:url\" content=\"https:\/\/nyforetagarcentrum.se\/umea\/erbjudanden\/\" \/>\n<meta property=\"og:site_name\" content=\"Ume\u00e5\" \/>\n<meta property=\"article:modified_time\" content=\"2026-03-02T07:42:43+00:00\" \/>\n<meta name=\"twitter:card\" content=\"summary_large_image\" \/>\n<meta name=\"twitter:label1\" content=\"Ber\u00e4knad l\u00e4stid\" \/>\n\t<meta name=\"twitter:data1\" content=\"1 minut\" \/>\n<script type=\"application\/ld+json\" class=\"yoast-schema-graph\">{\"@context\":\"https:\/\/schema.org\",\"@graph\":[{\"@type\":\"WebPage\",\"@id\":\"https:\/\/nyforetagarcentrum.se\/umea\/erbjudanden\/\",\"url\":\"https:\/\/nyforetagarcentrum.se\/umea\/erbjudanden\/\",\"name\":\"Erbjudanden - Ume\u00e5\",\"isPartOf\":{\"@id\":\"https:\/\/nyforetagarcentrum.se\/umea\/#website\"},\"datePublished\":\"2024-02-22T09:29:05+00:00\",\"dateModified\":\"2026-03-02T07:42:43+00:00\",\"description\":\"H\u00e4r hittar du Nyf\u00f6retagarcentrum Ume\u00e5s exklusiva erbjudanden fr\u00e5n lokala samarbetspartners. F\u00f6r dig som \u00e4r nyf\u00f6retagare.\",\"breadcrumb\":{\"@id\":\"https:\/\/nyforetagarcentrum.se\/umea\/erbjudanden\/#breadcrumb\"},\"inLanguage\":\"sv-SE\",\"potentialAction\":[{\"@type\":\"ReadAction\",\"target\":[\"https:\/\/nyforetagarcentrum.se\/umea\/erbjudanden\/\"]}]},{\"@type\":\"BreadcrumbList\",\"@id\":\"https:\/\/nyforetagarcentrum.se\/umea\/erbjudanden\/#breadcrumb\",\"itemListElement\":[{\"@type\":\"ListItem\",\"position\":1,\"name\":\"Hem\",\"item\":\"https:\/\/nyforetagarcentrum.se\/umea\/\"},{\"@type\":\"ListItem\",\"position\":2,\"name\":\"Erbjudanden\"}]},{\"@type\":\"WebSite\",\"@id\":\"https:\/\/nyforetagarcentrum.se\/umea\/#website\",\"url\":\"https:\/\/nyforetagarcentrum.se\/umea\/\",\"name\":\"Ume\u00e5\",\"description\":\"Sveriges ledande kraft f\u00f6r fler nya livskraftiga f\u00f6retag\",\"publisher\":{\"@id\":\"https:\/\/nyforetagarcentrum.se\/umea\/#organization\"},\"potentialAction\":[{\"@type\":\"SearchAction\",\"target\":{\"@type\":\"EntryPoint\",\"urlTemplate\":\"https:\/\/nyforetagarcentrum.se\/umea\/?s={search_term_string}\"},\"query-input\":\"required name=search_term_string\"}],\"inLanguage\":\"sv-SE\"},{\"@type\":\"Organization\",\"@id\":\"https:\/\/nyforetagarcentrum.se\/umea\/#organization\",\"name\":\"Ume\u00e5\",\"url\":\"https:\/\/nyforetagarcentrum.se\/umea\/\",\"logo\":{\"@type\":\"ImageObject\",\"inLanguage\":\"sv-SE\",\"@id\":\"https:\/\/nyforetagarcentrum.se\/umea\/#\/schema\/logo\/image\/\",\"url\":\"https:\/\/nyforetagarcentrum.se\/umea\/wp-content\/uploads\/sites\/69\/2024\/07\/umea_bla.png\",\"contentUrl\":\"https:\/\/nyforetagarcentrum.se\/umea\/wp-content\/uploads\/sites\/69\/2024\/07\/umea_bla.png\",\"width\":870,\"height\":355,\"caption\":\"Ume\u00e5\"},\"image\":{\"@id\":\"https:\/\/nyforetagarcentrum.se\/umea\/#\/schema\/logo\/image\/\"}}]}<\/script>\n<!-- \/ Yoast SEO plugin. -->","yoast_head_json":{"title":"Erbjudanden - Ume\u00e5","description":"H\u00e4r hittar du Nyf\u00f6retagarcentrum Ume\u00e5s exklusiva erbjudanden fr\u00e5n lokala samarbetspartners. F\u00f6r dig som \u00e4r nyf\u00f6retagare.","robots":{"index":"index","follow":"follow","max-snippet":"max-snippet:-1","max-image-preview":"max-image-preview:large","max-video-preview":"max-video-preview:-1"},"canonical":"https:\/\/nyforetagarcentrum.se\/umea\/erbjudanden\/","og_locale":"sv_SE","og_type":"article","og_title":"Erbjudanden - Ume\u00e5","og_description":"H\u00e4r hittar du Nyf\u00f6retagarcentrum Ume\u00e5s exklusiva erbjudanden fr\u00e5n lokala samarbetspartners. F\u00f6r dig som \u00e4r nyf\u00f6retagare.","og_url":"https:\/\/nyforetagarcentrum.se\/umea\/erbjudanden\/","og_site_name":"Ume\u00e5","article_modified_time":"2026-03-02T07:42:43+00:00","twitter_card":"summary_large_image","twitter_misc":{"Ber\u00e4knad l\u00e4stid":"1 minut"},"schema":{"@context":"https:\/\/schema.org","@graph":[{"@type":"WebPage","@id":"https:\/\/nyforetagarcentrum.se\/umea\/erbjudanden\/","url":"https:\/\/nyforetagarcentrum.se\/umea\/erbjudanden\/","name":"Erbjudanden - Ume\u00e5","isPartOf":{"@id":"https:\/\/nyforetagarcentrum.se\/umea\/#website"},"datePublished":"2024-02-22T09:29:05+00:00","dateModified":"2026-03-02T07:42:43+00:00","description":"H\u00e4r hittar du Nyf\u00f6retagarcentrum Ume\u00e5s exklusiva erbjudanden fr\u00e5n lokala samarbetspartners. F\u00f6r dig som \u00e4r nyf\u00f6retagare.","breadcrumb":{"@id":"https:\/\/nyforetagarcentrum.se\/umea\/erbjudanden\/#breadcrumb"},"inLanguage":"sv-SE","potentialAction":[{"@type":"ReadAction","target":["https:\/\/nyforetagarcentrum.se\/umea\/erbjudanden\/"]}]},{"@type":"BreadcrumbList","@id":"https:\/\/nyforetagarcentrum.se\/umea\/erbjudanden\/#breadcrumb","itemListElement":[{"@type":"ListItem","position":1,"name":"Hem","item":"https:\/\/nyforetagarcentrum.se\/umea\/"},{"@type":"ListItem","position":2,"name":"Erbjudanden"}]},{"@type":"WebSite","@id":"https:\/\/nyforetagarcentrum.se\/umea\/#website","url":"https:\/\/nyforetagarcentrum.se\/umea\/","name":"Ume\u00e5","description":"Sveriges ledande kraft f\u00f6r fler nya livskraftiga f\u00f6retag","publisher":{"@id":"https:\/\/nyforetagarcentrum.se\/umea\/#organization"},"potentialAction":[{"@type":"SearchAction","target":{"@type":"EntryPoint","urlTemplate":"https:\/\/nyforetagarcentrum.se\/umea\/?s={search_term_string}"},"query-input":"required name=search_term_string"}],"inLanguage":"sv-SE"},{"@type":"Organization","@id":"https:\/\/nyforetagarcentrum.se\/umea\/#organization","name":"Ume\u00e5","url":"https:\/\/nyforetagarcentrum.se\/umea\/","logo":{"@type":"ImageObject","inLanguage":"sv-SE","@id":"https:\/\/nyforetagarcentrum.se\/umea\/#\/schema\/logo\/image\/","url":"https:\/\/nyforetagarcentrum.se\/umea\/wp-content\/uploads\/sites\/69\/2024\/07\/umea_bla.png","contentUrl":"https:\/\/nyforetagarcentrum.se\/umea\/wp-content\/uploads\/sites\/69\/2024\/07\/umea_bla.png","width":870,"height":355,"caption":"Ume\u00e5"},"image":{"@id":"https:\/\/nyforetagarcentrum.se\/umea\/#\/schema\/logo\/image\/"}}]}},"_links":{"self":[{"href":"https:\/\/nyforetagarcentrum.se\/umea\/wp-json\/wp\/v2\/pages\/48"}],"collection":[{"href":"https:\/\/nyforetagarcentrum.se\/umea\/wp-json\/wp\/v2\/pages"}],"about":[{"href":"https:\/\/nyforetagarcentrum.se\/umea\/wp-json\/wp\/v2\/types\/page"}],"author":[{"embeddable":true,"href":"https:\/\/nyforetagarcentrum.se\/umea\/wp-json\/wp\/v2\/users\/1"}],"replies":[{"embeddable":true,"href":"https:\/\/nyforetagarcentrum.se\/umea\/wp-json\/wp\/v2\/comments?post=48"}],"version-history":[{"count":23,"href":"https:\/\/nyforetagarcentrum.se\/umea\/wp-json\/wp\/v2\/pages\/48\/revisions"}],"predecessor-version":[{"id":1694,"href":"https:\/\/nyforetagarcentrum.se\/umea\/wp-json\/wp\/v2\/pages\/48\/revisions\/1694"}],"wp:attachment":[{"href":"https:\/\/nyforetagarcentrum.se\/umea\/wp-json\/wp\/v2\/media?parent=48"}],"curies":[{"name":"wp","href":"https:\/\/api.w.org\/{rel}","templated":true}]}}