{"id":41,"date":"2024-02-22T10:24:51","date_gmt":"2024-02-22T09:24:51","guid":{"rendered":"https:\/\/nyforetagarcentrum.se\/umea\/?page_id=41"},"modified":"2026-01-07T10:25:41","modified_gmt":"2026-01-07T09:25:41","slug":"vara-samarbetspartners","status":"publish","type":"page","link":"https:\/\/nyforetagarcentrum.se\/umea\/vara-samarbetspartners\/","title":{"rendered":"V\u00e5ra samarbetspartners"},"content":{"rendered":"<section  class=\"nfc-block-hero alignfull\">\n\n    <img loading=\"lazy\" decoding=\"async\" width=\"1470\" height=\"980\" src=\"https:\/\/nyforetagarcentrum.se\/umea\/wp-content\/uploads\/sites\/69\/2024\/02\/Medium_JM.png\" class=\"attachment-landscape size-landscape\" alt=\"\" srcset=\"https:\/\/nyforetagarcentrum.se\/umea\/wp-content\/uploads\/sites\/69\/2024\/02\/Medium_JM.png 1470w, https:\/\/nyforetagarcentrum.se\/umea\/wp-content\/uploads\/sites\/69\/2024\/02\/Medium_JM-300x200.png 300w, https:\/\/nyforetagarcentrum.se\/umea\/wp-content\/uploads\/sites\/69\/2024\/02\/Medium_JM-1024x683.png 1024w, https:\/\/nyforetagarcentrum.se\/umea\/wp-content\/uploads\/sites\/69\/2024\/02\/Medium_JM-768x512.png 768w\" sizes=\"(max-width: 1470px) 100vw, 1470px\" \/>\n    <div class=\"contained\">\n        <h1 class=\"nfc-block-hero__heading\">V\u00e5ra samarbetspartners<\/h1>\n\n            <\/div>\n<\/section>\n\n<section  class=\"block-our-partners nfc-block-partners\">\n    <div class=\"contained\">\n            <\/div>\n<\/section>\n\n\n<div style=\"height:50px\" aria-hidden=\"true\" class=\"wp-block-spacer\"><\/div>\n\n\n<section  class=\"nfc-block-breadcrumbs alignwide\">\n    <div class=\"wrapper contained\">\n        <ol class=\"breadcrumbs\" itemscope itemtype=\"https:\/\/schema.org\/BreadcrumbList\">\n            <li itemprop=\"itemListElement\" itemscope itemtype=\"https:\/\/schema.org\/ListItem\">\n            \n\n                            <span class=\"current\" itemprop=\"name\">Hem<\/span>\n            \n            <meta itemprop=\"position\" content=\"1\" \/>\n        <\/li>\n    <\/ol>    <\/div>\n<\/section>\n\n\n<div style=\"height:51px\" aria-hidden=\"true\" class=\"wp-block-spacer\"><\/div>\n\n\n<section  class=\"block-our-partners nfc-block-partners alignwide\">\n    <div class=\"contained\">\n                                    <div class=\"partner-card\">\n                    <div class=\"logo-wrapper\">\n                        <img decoding=\"async\" src=\"https:\/\/nyforetagarcentrum.se\/umea\/wp-content\/uploads\/sites\/69\/2024\/04\/PNGHeinestams-Logo-Pos-250x77-1.png\" alt=\"\">\n                    <\/div>\n                    \n                                            <div class=\"h4\"><b>Heinstams<\/b><\/div>\n                                                                                                                            <div class=\"item link\"><b><a href=\"https:\/\/heinestams.se\/\" target=\"_blank\" > L\u00e4s mer om Heinstams<\/a><\/b><\/div>\n                                    <\/div>\n                            <div class=\"partner-card\">\n                    <div class=\"logo-wrapper\">\n                        <img decoding=\"async\" src=\"https:\/\/nyforetagarcentrum.se\/umea\/wp-content\/uploads\/sites\/69\/2024\/05\/614ccd08d511119d605e596c_MLLedarutveckling_Logo3_SvTxt-p-800.png\" alt=\"\">\n                    <\/div>\n                    \n                                            <div class=\"h4\"><b>ML Ledarutveckling<\/b><\/div>\n                                                                                                                    <\/div>\n                            <div class=\"partner-card\">\n                    <div class=\"logo-wrapper\">\n                        <img decoding=\"async\" src=\"https:\/\/nyforetagarcentrum.se\/umea\/wp-content\/uploads\/sites\/69\/2024\/04\/NOKU-Kommunvapen-Center-RGB-SV-Urklipp-kopia-250x223-1.png\" alt=\"\">\n                    <\/div>\n                    \n                                            <div class=\"h4\"><b>Nordmalings Kommun<\/b><\/div>\n                                                                                                                            <div class=\"item link\"><b><a href=\"https:\/\/www.nordmaling.se\/\" target=\"_blank\" > L\u00e4s mer om Nordmalings Kommun<\/a><\/b><\/div>\n                                    <\/div>\n                            <div class=\"partner-card\">\n                    <div class=\"logo-wrapper\">\n                        <img decoding=\"async\" src=\"https:\/\/nyforetagarcentrum.se\/umea\/wp-content\/uploads\/sites\/69\/2024\/04\/balticgruppen-e1651236871416.jpg\" alt=\"\">\n                    <\/div>\n                    \n                                            <div class=\"h4\"><b>Balticgruppen<\/b><\/div>\n                                                                                                                            <div class=\"item link\"><b><a href=\"https:\/\/www.balticgruppen.se\/\" target=\"_blank\" > L\u00e4s mer om Balticgruppen<\/a><\/b><\/div>\n                                    <\/div>\n                            <div class=\"partner-card\">\n                    <div class=\"logo-wrapper\">\n                        <img decoding=\"async\" src=\"https:\/\/nyforetagarcentrum.se\/umea\/wp-content\/uploads\/sites\/69\/2024\/04\/Norrlandsfonden-250x141-1.png\" alt=\"\">\n                    <\/div>\n                    \n                                            <div class=\"h4\"><b>Norrlandsfonden<\/b><\/div>\n                                                                                                                            <div class=\"item link\"><b><a href=\"https:\/\/norrlandsfonden.se\/\" target=\"_blank\" > L\u00e4s mer om Norrlandsfonden<\/a><\/b><\/div>\n                                    <\/div>\n                            <div class=\"partner-card\">\n                    <div class=\"logo-wrapper\">\n                        <img decoding=\"async\" src=\"https:\/\/nyforetagarcentrum.se\/umea\/wp-content\/uploads\/sites\/69\/2024\/04\/Great-Hub-Sociala-medier-250x253-1.jpg\" alt=\"\">\n                    <\/div>\n                    \n                                            <div class=\"h4\"><b>GREAT HUB<\/b><\/div>\n                                                                                                                            <div class=\"item link\"><b><a href=\"https:\/\/greathub.se\/join\/?gad_source=1&amp;gclid=Cj0KCQjwn7mwBhCiARIsAGoxjaJeIkMnEfXjAbBmE4KtbO_UFmh_BolPSZdD0-ptJ2TG38j4ot2lELsaAkSvEALw_wcB\" target=\"_blank\" > L\u00e4s mer om GREAT HUB<\/a><\/b><\/div>\n                                    <\/div>\n                            <div class=\"partner-card\">\n                    <div class=\"logo-wrapper\">\n                        <img decoding=\"async\" src=\"https:\/\/nyforetagarcentrum.se\/umea\/wp-content\/uploads\/sites\/69\/2024\/04\/umeakommun.png\" alt=\"\">\n                    <\/div>\n                    \n                                            <div class=\"h4\"><b>Ume\u00e5 Kommun<\/b><\/div>\n                                                                                                                            <div class=\"item link\"><b><a href=\"https:\/\/www.umea.se\/\" target=\"_blank\" > L\u00e4s mer om Ume\u00e5 Kommun<\/a><\/b><\/div>\n                                    <\/div>\n                            <div class=\"partner-card\">\n                    <div class=\"logo-wrapper\">\n                        <img decoding=\"async\" src=\"https:\/\/nyforetagarcentrum.se\/umea\/wp-content\/uploads\/sites\/69\/2024\/04\/senioruthyrningse.png\" alt=\"\">\n                    <\/div>\n                    \n                                            <div class=\"h4\"><b>Senioruthyrning<\/b><\/div>\n                                                                                                                            <div class=\"item link\"><b><a href=\"https:\/\/senioruthyrning.se\/\" target=\"_blank\" > L\u00e4s mer om Senioruthyrning<\/a><\/b><\/div>\n                                    <\/div>\n                            <div class=\"partner-card\">\n                    <div class=\"logo-wrapper\">\n                        <img decoding=\"async\" src=\"https:\/\/nyforetagarcentrum.se\/umea\/wp-content\/uploads\/sites\/69\/2024\/04\/juristkonsult.png\" alt=\"\">\n                    <\/div>\n                    \n                                            <div class=\"h4\"><b>Juristkonsult<\/b><\/div>\n                                                                                                                            <div class=\"item link\"><b><a href=\"https:\/\/www.juristkonsult.se\/\" target=\"_blank\" > L\u00e4s mer om Juristkonsult<\/a><\/b><\/div>\n                                    <\/div>\n                            <div class=\"partner-card\">\n                    <div class=\"logo-wrapper\">\n                        <img decoding=\"async\" src=\"https:\/\/nyforetagarcentrum.se\/umea\/wp-content\/uploads\/sites\/69\/2024\/04\/bakertilly.png\" alt=\"\">\n                    <\/div>\n                    \n                                            <div class=\"h4\"><b>Baker Tilly<\/b><\/div>\n                                                                                                                            <div class=\"item link\"><b><a href=\"https:\/\/www.bakertilly.se\/sv\/kontakt\/vara-kontor\/umea\" target=\"_blank\" > L\u00e4s mer om Baker Tilly<\/a><\/b><\/div>\n                                    <\/div>\n                            <div class=\"partner-card\">\n                    <div class=\"logo-wrapper\">\n                        <img decoding=\"async\" src=\"https:\/\/nyforetagarcentrum.se\/umea\/wp-content\/uploads\/sites\/69\/2024\/04\/umeaenergi.png\" alt=\"\">\n                    <\/div>\n                    \n                                            <div class=\"h4\"><b>Ume\u00e5 Energi<\/b><\/div>\n                                                                                                                            <div class=\"item link\"><b><a href=\"https:\/\/www.umeaenergi.se\/\" target=\"_blank\" > L\u00e4s mer om Ume\u00e5 Energi<\/a><\/b><\/div>\n                                    <\/div>\n                            <div class=\"partner-card\">\n                    <div class=\"logo-wrapper\">\n                        <img decoding=\"async\" src=\"https:\/\/nyforetagarcentrum.se\/umea\/wp-content\/uploads\/sites\/69\/2024\/04\/LF_Logo_Vasterbotten_Vanster_RGB-e1630404568408.jpg\" alt=\"\">\n                    <\/div>\n                    \n                                            <div class=\"h4\"><b>LF V\u00e4sterbotten<\/b><\/div>\n                                                                                                                            <div class=\"item link\"><b><a href=\"https:\/\/www.lansforsakringar.se\/vasterbotten\/privat\/\" target=\"_blank\" > L\u00e4s mer om LF V\u00e4sterbotten<\/a><\/b><\/div>\n                                    <\/div>\n                            <div class=\"partner-card\">\n                    <div class=\"logo-wrapper\">\n                        <img decoding=\"async\" src=\"https:\/\/nyforetagarcentrum.se\/umea\/wp-content\/uploads\/sites\/69\/2024\/04\/14_partner-1.png\" alt=\"\">\n                    <\/div>\n                    \n                                            <div class=\"h4\"><b>Swedbank<\/b><\/div>\n                                                                                                                            <div class=\"item link\"><b><a href=\"https:\/\/www.swedbank.se\/\" target=\"_blank\" > L\u00e4s mer om Swedbank<\/a><\/b><\/div>\n                                    <\/div>\n                            <div class=\"partner-card\">\n                    <div class=\"logo-wrapper\">\n                        <img decoding=\"async\" src=\"https:\/\/nyforetagarcentrum.se\/umea\/wp-content\/uploads\/sites\/69\/2024\/04\/13_partner-2.png\" alt=\"\">\n                    <\/div>\n                    \n                                            <div class=\"h4\"><b>SEB<\/b><\/div>\n                                                                                                                            <div class=\"item link\"><b><a href=\"https:\/\/seb.se\/\" target=\"_blank\" > L\u00e4s mer om SEB<\/a><\/b><\/div>\n                                    <\/div>\n                            <div class=\"partner-card\">\n                    <div class=\"logo-wrapper\">\n                        <img decoding=\"async\" src=\"https:\/\/nyforetagarcentrum.se\/umea\/wp-content\/uploads\/sites\/69\/2024\/04\/7_partner-2.png\" alt=\"\">\n                    <\/div>\n                    \n                                            <div class=\"h4\"><b>Handelsbanken<\/b><\/div>\n                                                                                                                            <div class=\"item link\"><b><a href=\"https:\/\/www.handelsbanken.se\/sv\/\" target=\"_blank\" > L\u00e4s mer om Handelsbanken<\/a><\/b><\/div>\n                                    <\/div>\n                        <\/div>\n<\/section>\n\n<section  class=\"block-our-partners nfc-block-partners\">\n    <div class=\"contained\">\n            <\/div>\n<\/section>\n\n\n<div style=\"height:80px\" aria-hidden=\"true\" class=\"wp-block-spacer\"><\/div>\n","protected":false},"excerpt":{"rendered":"","protected":false},"author":1,"featured_media":0,"parent":0,"menu_order":0,"comment_status":"closed","ping_status":"closed","template":"","meta":{"footnotes":""},"acf":[],"yoast_head":"<!-- This site is optimized with the Yoast SEO plugin v22.9 - https:\/\/yoast.com\/wordpress\/plugins\/seo\/ -->\n<title>V\u00e5ra samarbetspartners | NFC Ume\u00e5<\/title>\n<meta name=\"description\" content=\"Uppt\u00e4ck v\u00e5ra partners i Ume\u00e5 som bidrar med resurser, expertis och n\u00e4tverk f\u00f6r att hj\u00e4lpa nya f\u00f6retagare att lyckas i sin verksamhet.\" \/>\n<meta name=\"robots\" content=\"index, follow, max-snippet:-1, max-image-preview:large, max-video-preview:-1\" \/>\n<link rel=\"canonical\" href=\"https:\/\/nyforetagarcentrum.se\/umea\/vara-samarbetspartners\/\" \/>\n<meta property=\"og:locale\" content=\"sv_SE\" \/>\n<meta property=\"og:type\" content=\"article\" \/>\n<meta property=\"og:title\" content=\"V\u00e5ra samarbetspartners | NFC Ume\u00e5\" \/>\n<meta property=\"og:description\" content=\"Uppt\u00e4ck v\u00e5ra partners i Ume\u00e5 som bidrar med resurser, expertis och n\u00e4tverk f\u00f6r att hj\u00e4lpa nya f\u00f6retagare att lyckas i sin verksamhet.\" \/>\n<meta property=\"og:url\" content=\"https:\/\/nyforetagarcentrum.se\/umea\/vara-samarbetspartners\/\" \/>\n<meta property=\"og:site_name\" content=\"Ume\u00e5\" \/>\n<meta property=\"article:modified_time\" content=\"2026-01-07T09:25:41+00:00\" \/>\n<meta name=\"twitter:card\" content=\"summary_large_image\" \/>\n<script type=\"application\/ld+json\" class=\"yoast-schema-graph\">{\"@context\":\"https:\/\/schema.org\",\"@graph\":[{\"@type\":\"WebPage\",\"@id\":\"https:\/\/nyforetagarcentrum.se\/umea\/vara-samarbetspartners\/\",\"url\":\"https:\/\/nyforetagarcentrum.se\/umea\/vara-samarbetspartners\/\",\"name\":\"V\u00e5ra samarbetspartners | NFC Ume\u00e5\",\"isPartOf\":{\"@id\":\"https:\/\/nyforetagarcentrum.se\/umea\/#website\"},\"datePublished\":\"2024-02-22T09:24:51+00:00\",\"dateModified\":\"2026-01-07T09:25:41+00:00\",\"description\":\"Uppt\u00e4ck v\u00e5ra partners i Ume\u00e5 som bidrar med resurser, expertis och n\u00e4tverk f\u00f6r att hj\u00e4lpa nya f\u00f6retagare att lyckas i sin verksamhet.\",\"breadcrumb\":{\"@id\":\"https:\/\/nyforetagarcentrum.se\/umea\/vara-samarbetspartners\/#breadcrumb\"},\"inLanguage\":\"sv-SE\",\"potentialAction\":[{\"@type\":\"ReadAction\",\"target\":[\"https:\/\/nyforetagarcentrum.se\/umea\/vara-samarbetspartners\/\"]}]},{\"@type\":\"BreadcrumbList\",\"@id\":\"https:\/\/nyforetagarcentrum.se\/umea\/vara-samarbetspartners\/#breadcrumb\",\"itemListElement\":[{\"@type\":\"ListItem\",\"position\":1,\"name\":\"Hem\",\"item\":\"https:\/\/nyforetagarcentrum.se\/umea\/\"},{\"@type\":\"ListItem\",\"position\":2,\"name\":\"V\u00e5ra samarbetspartners\"}]},{\"@type\":\"WebSite\",\"@id\":\"https:\/\/nyforetagarcentrum.se\/umea\/#website\",\"url\":\"https:\/\/nyforetagarcentrum.se\/umea\/\",\"name\":\"Ume\u00e5\",\"description\":\"Sveriges ledande kraft f\u00f6r fler nya livskraftiga f\u00f6retag\",\"publisher\":{\"@id\":\"https:\/\/nyforetagarcentrum.se\/umea\/#organization\"},\"potentialAction\":[{\"@type\":\"SearchAction\",\"target\":{\"@type\":\"EntryPoint\",\"urlTemplate\":\"https:\/\/nyforetagarcentrum.se\/umea\/?s={search_term_string}\"},\"query-input\":\"required name=search_term_string\"}],\"inLanguage\":\"sv-SE\"},{\"@type\":\"Organization\",\"@id\":\"https:\/\/nyforetagarcentrum.se\/umea\/#organization\",\"name\":\"Ume\u00e5\",\"url\":\"https:\/\/nyforetagarcentrum.se\/umea\/\",\"logo\":{\"@type\":\"ImageObject\",\"inLanguage\":\"sv-SE\",\"@id\":\"https:\/\/nyforetagarcentrum.se\/umea\/#\/schema\/logo\/image\/\",\"url\":\"https:\/\/nyforetagarcentrum.se\/umea\/wp-content\/uploads\/sites\/69\/2024\/04\/Umea.png\",\"contentUrl\":\"https:\/\/nyforetagarcentrum.se\/umea\/wp-content\/uploads\/sites\/69\/2024\/04\/Umea.png\",\"width\":1082,\"height\":542,\"caption\":\"Ume\u00e5\"},\"image\":{\"@id\":\"https:\/\/nyforetagarcentrum.se\/umea\/#\/schema\/logo\/image\/\"}}]}<\/script>\n<!-- \/ Yoast SEO plugin. -->","yoast_head_json":{"title":"V\u00e5ra samarbetspartners | NFC Ume\u00e5","description":"Uppt\u00e4ck v\u00e5ra partners i Ume\u00e5 som bidrar med resurser, expertis och n\u00e4tverk f\u00f6r att hj\u00e4lpa nya f\u00f6retagare att lyckas i sin verksamhet.","robots":{"index":"index","follow":"follow","max-snippet":"max-snippet:-1","max-image-preview":"max-image-preview:large","max-video-preview":"max-video-preview:-1"},"canonical":"https:\/\/nyforetagarcentrum.se\/umea\/vara-samarbetspartners\/","og_locale":"sv_SE","og_type":"article","og_title":"V\u00e5ra samarbetspartners | NFC Ume\u00e5","og_description":"Uppt\u00e4ck v\u00e5ra partners i Ume\u00e5 som bidrar med resurser, expertis och n\u00e4tverk f\u00f6r att hj\u00e4lpa nya f\u00f6retagare att lyckas i sin verksamhet.","og_url":"https:\/\/nyforetagarcentrum.se\/umea\/vara-samarbetspartners\/","og_site_name":"Ume\u00e5","article_modified_time":"2026-01-07T09:25:41+00:00","twitter_card":"summary_large_image","schema":{"@context":"https:\/\/schema.org","@graph":[{"@type":"WebPage","@id":"https:\/\/nyforetagarcentrum.se\/umea\/vara-samarbetspartners\/","url":"https:\/\/nyforetagarcentrum.se\/umea\/vara-samarbetspartners\/","name":"V\u00e5ra samarbetspartners | NFC Ume\u00e5","isPartOf":{"@id":"https:\/\/nyforetagarcentrum.se\/umea\/#website"},"datePublished":"2024-02-22T09:24:51+00:00","dateModified":"2026-01-07T09:25:41+00:00","description":"Uppt\u00e4ck v\u00e5ra partners i Ume\u00e5 som bidrar med resurser, expertis och n\u00e4tverk f\u00f6r att hj\u00e4lpa nya f\u00f6retagare att lyckas i sin verksamhet.","breadcrumb":{"@id":"https:\/\/nyforetagarcentrum.se\/umea\/vara-samarbetspartners\/#breadcrumb"},"inLanguage":"sv-SE","potentialAction":[{"@type":"ReadAction","target":["https:\/\/nyforetagarcentrum.se\/umea\/vara-samarbetspartners\/"]}]},{"@type":"BreadcrumbList","@id":"https:\/\/nyforetagarcentrum.se\/umea\/vara-samarbetspartners\/#breadcrumb","itemListElement":[{"@type":"ListItem","position":1,"name":"Hem","item":"https:\/\/nyforetagarcentrum.se\/umea\/"},{"@type":"ListItem","position":2,"name":"V\u00e5ra samarbetspartners"}]},{"@type":"WebSite","@id":"https:\/\/nyforetagarcentrum.se\/umea\/#website","url":"https:\/\/nyforetagarcentrum.se\/umea\/","name":"Ume\u00e5","description":"Sveriges ledande kraft f\u00f6r fler nya livskraftiga f\u00f6retag","publisher":{"@id":"https:\/\/nyforetagarcentrum.se\/umea\/#organization"},"potentialAction":[{"@type":"SearchAction","target":{"@type":"EntryPoint","urlTemplate":"https:\/\/nyforetagarcentrum.se\/umea\/?s={search_term_string}"},"query-input":"required name=search_term_string"}],"inLanguage":"sv-SE"},{"@type":"Organization","@id":"https:\/\/nyforetagarcentrum.se\/umea\/#organization","name":"Ume\u00e5","url":"https:\/\/nyforetagarcentrum.se\/umea\/","logo":{"@type":"ImageObject","inLanguage":"sv-SE","@id":"https:\/\/nyforetagarcentrum.se\/umea\/#\/schema\/logo\/image\/","url":"https:\/\/nyforetagarcentrum.se\/umea\/wp-content\/uploads\/sites\/69\/2024\/04\/Umea.png","contentUrl":"https:\/\/nyforetagarcentrum.se\/umea\/wp-content\/uploads\/sites\/69\/2024\/04\/Umea.png","width":1082,"height":542,"caption":"Ume\u00e5"},"image":{"@id":"https:\/\/nyforetagarcentrum.se\/umea\/#\/schema\/logo\/image\/"}}]}},"_links":{"self":[{"href":"https:\/\/nyforetagarcentrum.se\/umea\/wp-json\/wp\/v2\/pages\/41"}],"collection":[{"href":"https:\/\/nyforetagarcentrum.se\/umea\/wp-json\/wp\/v2\/pages"}],"about":[{"href":"https:\/\/nyforetagarcentrum.se\/umea\/wp-json\/wp\/v2\/types\/page"}],"author":[{"embeddable":true,"href":"https:\/\/nyforetagarcentrum.se\/umea\/wp-json\/wp\/v2\/users\/1"}],"replies":[{"embeddable":true,"href":"https:\/\/nyforetagarcentrum.se\/umea\/wp-json\/wp\/v2\/comments?post=41"}],"version-history":[{"count":94,"href":"https:\/\/nyforetagarcentrum.se\/umea\/wp-json\/wp\/v2\/pages\/41\/revisions"}],"predecessor-version":[{"id":1636,"href":"https:\/\/nyforetagarcentrum.se\/umea\/wp-json\/wp\/v2\/pages\/41\/revisions\/1636"}],"wp:attachment":[{"href":"https:\/\/nyforetagarcentrum.se\/umea\/wp-json\/wp\/v2\/media?parent=41"}],"curies":[{"name":"wp","href":"https:\/\/api.w.org\/{rel}","templated":true}]}}