{"id":239,"date":"2024-02-29T13:59:39","date_gmt":"2024-02-29T12:59:39","guid":{"rendered":"https:\/\/nyforetagarcentrum.se\/tabydanderyd\/?page_id=239"},"modified":"2024-09-27T15:02:48","modified_gmt":"2024-09-27T13:02:48","slug":"vara-radgivare","status":"publish","type":"page","link":"https:\/\/nyforetagarcentrum.se\/tabydanderyd\/vara-radgivare\/","title":{"rendered":"V\u00e5ra r\u00e5dgivare"},"content":{"rendered":"<section  class=\"nfc-block-hero alignfull\">\n\n    <img loading=\"lazy\" decoding=\"async\" width=\"1476\" height=\"984\" src=\"https:\/\/nyforetagarcentrum.se\/tabydanderyd\/wp-content\/uploads\/sites\/91\/2024\/02\/Nyforetagare-ung-LOW.jpg\" class=\"attachment-landscape size-landscape\" alt=\"\" srcset=\"https:\/\/nyforetagarcentrum.se\/tabydanderyd\/wp-content\/uploads\/sites\/91\/2024\/02\/Nyforetagare-ung-LOW.jpg 1476w, https:\/\/nyforetagarcentrum.se\/tabydanderyd\/wp-content\/uploads\/sites\/91\/2024\/02\/Nyforetagare-ung-LOW-300x200.jpg 300w, https:\/\/nyforetagarcentrum.se\/tabydanderyd\/wp-content\/uploads\/sites\/91\/2024\/02\/Nyforetagare-ung-LOW-1024x683.jpg 1024w, https:\/\/nyforetagarcentrum.se\/tabydanderyd\/wp-content\/uploads\/sites\/91\/2024\/02\/Nyforetagare-ung-LOW-768x512.jpg 768w\" sizes=\"(max-width: 1476px) 100vw, 1476px\" \/>\n    <div class=\"contained\">\n        <h1 class=\"nfc-block-hero__heading\">V\u00e5ra r\u00e5dgivare<\/h1>\n\n            <\/div>\n<\/section>\n\n\n<div style=\"height:0px\" aria-hidden=\"true\" class=\"wp-block-spacer\"><\/div>\n\n\n<section  class=\"nfc-block-breadcrumbs alignwide\">\n    <div class=\"wrapper contained\">\n        <ol class=\"breadcrumbs\" itemscope itemtype=\"https:\/\/schema.org\/BreadcrumbList\">\n            <li itemprop=\"itemListElement\" itemscope itemtype=\"https:\/\/schema.org\/ListItem\">\n            \n\n                            <span class=\"current\" itemprop=\"name\">Hem<\/span>\n            \n            <meta itemprop=\"position\" content=\"1\" \/>\n        <\/li>\n    <\/ol>    <\/div>\n<\/section>\n\n\n<div class=\"wp-block-group alignfull is-layout-constrained wp-block-group-is-layout-constrained\">\n<div style=\"height:0px\" aria-hidden=\"true\" class=\"wp-block-spacer\"><\/div>\n\n\n\n<p class=\"has-text-align-center\">V\u00e5ra r\u00e5dgivare \u00e4r samtliga sj\u00e4lva egna f\u00f6retagare, med erfarenhet av vad det inneb\u00e4r att <br>b\u00f6rja fr\u00e5n b\u00f6rjan. De har ocks\u00e5 n\u00e4tverk i sina respektive hemorter, en lokal f\u00f6rankring och <br>kan guida dig till n\u00e4ringslivskontakter som du kan ha stor nytta av i ditt blivande aff\u00e4rsliv.<\/p>\n\n\n\n<div style=\"height:0px\" aria-hidden=\"true\" class=\"wp-block-spacer\"><\/div>\n\n\n\n<div class=\"wp-block-buttons is-content-justification-center is-layout-flex wp-container-core-buttons-is-layout-1 wp-block-buttons-is-layout-flex\">\n<div class=\"wp-block-button is-style-outline\"><a class=\"wp-block-button__link wp-element-button\" href=\"http:\/\/Annika Holst \u00e4r utbildad ekonom, har m\u00e5ng\u00e5rig och v\u00e4l dokumenterad erfarenhet fr\u00e5n internationell f\u00f6rs\u00e4ljning, marknadsf\u00f6ring, research och marknadsanalys. Annikas yrkeserfarenhet omfattar tj\u00e4nster p\u00e5 en rad olika chefspositioner inom marknadsf\u00f6ring och f\u00f6rs\u00e4ljning. Driver sedan 2001 konsultf\u00f6retaget Mercato Communications.\" target=\"_blank\" rel=\"noreferrer noopener\">Boka r\u00e5dgivning h\u00e4r<\/a><\/div>\n<\/div>\n\n\n\n<div style=\"height:0px\" aria-hidden=\"true\" class=\"wp-block-spacer\"><\/div>\n<\/div>\n\n\n<section  class=\"nfc-block-person_grid alignwide layout-small\">\n    <div class=\"contained\">\n        <div class=\"grid\">\n            <div class=\"person-card\">\n    \n            <div class=\"featured_image\">\n            <img loading=\"lazy\" decoding=\"async\" width=\"150\" height=\"150\" src=\"https:\/\/nyforetagarcentrum.se\/tabydanderyd\/wp-content\/uploads\/sites\/91\/2024\/04\/221011-Rundstrom-037-Webb-150x150.jpg\" class=\"attachment-thumbnail size-thumbnail\" alt=\"\" \/>        <\/div>\n    \n    <div class=\"content-wrapper\">\n        <div class=\"top\">\n                    <\/div>\n        \n        <h3>Tommy Rundstr\u00f6m<\/h3>\n\n        <div class=\"excerpt\">\n            F\u00f6retagskonsultation och projektledning \u00e4r fokus. Tommy arbetar mycket med f\u00f6r\u00e4ndringsledning, ledarskapsutveckling och teambyggande. Han har \u00e4ven stor erfarenhet och kunskap av fastighetsf\u00f6rvaltning.        <\/div>\n\n        <div class=\"links\">\n            \n                    <\/div>\n        \n    <\/div>\n<\/div><div class=\"person-card\">\n    \n            <div class=\"featured_image\">\n            <img loading=\"lazy\" decoding=\"async\" width=\"150\" height=\"150\" src=\"https:\/\/nyforetagarcentrum.se\/tabydanderyd\/wp-content\/uploads\/sites\/91\/2024\/04\/Annika-250x181-1-150x150.png\" class=\"attachment-thumbnail size-thumbnail\" alt=\"\" \/>        <\/div>\n    \n    <div class=\"content-wrapper\">\n        <div class=\"top\">\n                    <\/div>\n        \n        <h3>Annika Holst<\/h3>\n\n        <div class=\"excerpt\">\n            Annika Holst \u00e4r utbildad ekonom, har m\u00e5ng\u00e5rig och v\u00e4l dokumenterad erfarenhet fr\u00e5n internationell f\u00f6rs\u00e4ljning, marknadsf\u00f6ring, research och marknadsanalys. Annikas yrkeserfarenhet omfattar tj\u00e4nster p\u00e5 en rad olika chefspositioner inom marknadsf\u00f6ring och f\u00f6rs\u00e4ljning. Driver sedan 2001 konsultf\u00f6retaget Mercato Communications.        <\/div>\n\n        <div class=\"links\">\n            \n                    <\/div>\n        \n    <\/div>\n<\/div>        <\/div>\n    <\/div>\n<\/section>\n\n\n<div style=\"height:100px\" aria-hidden=\"true\" class=\"wp-block-spacer\"><\/div>\n","protected":false},"excerpt":{"rendered":"<p>V\u00e5ra r\u00e5dgivare \u00e4r samtliga sj\u00e4lva egna f\u00f6retagare, med erfarenhet av vad det inneb\u00e4r att b\u00f6rja fr\u00e5n b\u00f6rjan. De har ocks\u00e5 n\u00e4tverk i sina respektive hemorter, en lokal f\u00f6rankring och kan guida dig till n\u00e4ringslivskontakter som du kan ha stor nytta av i ditt blivande aff\u00e4rsliv.<\/p>\n","protected":false},"author":1,"featured_media":0,"parent":0,"menu_order":0,"comment_status":"closed","ping_status":"closed","template":"","meta":{"footnotes":""},"acf":[],"yoast_head":"<!-- This site is optimized with the Yoast SEO plugin v22.9 - https:\/\/yoast.com\/wordpress\/plugins\/seo\/ -->\n<title>V\u00e5ra r\u00e5dgivare | NFC T\u00e4by Danderyd<\/title>\n<meta name=\"description\" content=\"F\u00e5 kostnadsfri och personlig r\u00e5dgivning fr\u00e5n experter som hj\u00e4lper dig att starta och utveckla ditt f\u00f6retag!\" \/>\n<meta name=\"robots\" content=\"index, follow, max-snippet:-1, max-image-preview:large, max-video-preview:-1\" \/>\n<link rel=\"canonical\" href=\"https:\/\/nyforetagarcentrum.se\/tabydanderyd\/vara-radgivare\/\" \/>\n<meta property=\"og:locale\" content=\"sv_SE\" \/>\n<meta property=\"og:type\" content=\"article\" \/>\n<meta property=\"og:title\" content=\"V\u00e5ra r\u00e5dgivare | NFC T\u00e4by Danderyd\" \/>\n<meta property=\"og:description\" content=\"F\u00e5 kostnadsfri och personlig r\u00e5dgivning fr\u00e5n experter som hj\u00e4lper dig att starta och utveckla ditt f\u00f6retag!\" \/>\n<meta property=\"og:url\" content=\"https:\/\/nyforetagarcentrum.se\/tabydanderyd\/vara-radgivare\/\" \/>\n<meta property=\"og:site_name\" content=\"Tabydanderyd\" \/>\n<meta property=\"article:modified_time\" content=\"2024-09-27T13:02:48+00:00\" \/>\n<meta name=\"twitter:card\" content=\"summary_large_image\" \/>\n<meta name=\"twitter:label1\" content=\"Ber\u00e4knad l\u00e4stid\" \/>\n\t<meta name=\"twitter:data1\" content=\"1 minut\" \/>\n<script type=\"application\/ld+json\" class=\"yoast-schema-graph\">{\"@context\":\"https:\/\/schema.org\",\"@graph\":[{\"@type\":\"WebPage\",\"@id\":\"https:\/\/nyforetagarcentrum.se\/tabydanderyd\/vara-radgivare\/\",\"url\":\"https:\/\/nyforetagarcentrum.se\/tabydanderyd\/vara-radgivare\/\",\"name\":\"V\u00e5ra r\u00e5dgivare | NFC T\u00e4by Danderyd\",\"isPartOf\":{\"@id\":\"https:\/\/nyforetagarcentrum.se\/tabydanderyd\/#website\"},\"datePublished\":\"2024-02-29T12:59:39+00:00\",\"dateModified\":\"2024-09-27T13:02:48+00:00\",\"description\":\"F\u00e5 kostnadsfri och personlig r\u00e5dgivning fr\u00e5n experter som hj\u00e4lper dig att starta och utveckla ditt f\u00f6retag!\",\"breadcrumb\":{\"@id\":\"https:\/\/nyforetagarcentrum.se\/tabydanderyd\/vara-radgivare\/#breadcrumb\"},\"inLanguage\":\"sv-SE\",\"potentialAction\":[{\"@type\":\"ReadAction\",\"target\":[\"https:\/\/nyforetagarcentrum.se\/tabydanderyd\/vara-radgivare\/\"]}]},{\"@type\":\"BreadcrumbList\",\"@id\":\"https:\/\/nyforetagarcentrum.se\/tabydanderyd\/vara-radgivare\/#breadcrumb\",\"itemListElement\":[{\"@type\":\"ListItem\",\"position\":1,\"name\":\"Hem\",\"item\":\"https:\/\/nyforetagarcentrum.se\/tabydanderyd\/\"},{\"@type\":\"ListItem\",\"position\":2,\"name\":\"V\u00e5ra r\u00e5dgivare\"}]},{\"@type\":\"WebSite\",\"@id\":\"https:\/\/nyforetagarcentrum.se\/tabydanderyd\/#website\",\"url\":\"https:\/\/nyforetagarcentrum.se\/tabydanderyd\/\",\"name\":\"Tabydanderyd\",\"description\":\"Sveriges ledande kraft f\u00f6r fler nya livskraftiga f\u00f6retag\",\"publisher\":{\"@id\":\"https:\/\/nyforetagarcentrum.se\/tabydanderyd\/#organization\"},\"potentialAction\":[{\"@type\":\"SearchAction\",\"target\":{\"@type\":\"EntryPoint\",\"urlTemplate\":\"https:\/\/nyforetagarcentrum.se\/tabydanderyd\/?s={search_term_string}\"},\"query-input\":\"required name=search_term_string\"}],\"inLanguage\":\"sv-SE\"},{\"@type\":\"Organization\",\"@id\":\"https:\/\/nyforetagarcentrum.se\/tabydanderyd\/#organization\",\"name\":\"Tabydanderyd\",\"url\":\"https:\/\/nyforetagarcentrum.se\/tabydanderyd\/\",\"logo\":{\"@type\":\"ImageObject\",\"inLanguage\":\"sv-SE\",\"@id\":\"https:\/\/nyforetagarcentrum.se\/tabydanderyd\/#\/schema\/logo\/image\/\",\"url\":\"https:\/\/nyforetagarcentrum.se\/tabydanderyd\/wp-content\/uploads\/sites\/91\/2024\/04\/cropped-NFC_TabyDanderydVallentuna_196x90.png\",\"contentUrl\":\"https:\/\/nyforetagarcentrum.se\/tabydanderyd\/wp-content\/uploads\/sites\/91\/2024\/04\/cropped-NFC_TabyDanderydVallentuna_196x90.png\",\"width\":196,\"height\":90,\"caption\":\"Tabydanderyd\"},\"image\":{\"@id\":\"https:\/\/nyforetagarcentrum.se\/tabydanderyd\/#\/schema\/logo\/image\/\"}}]}<\/script>\n<!-- \/ Yoast SEO plugin. -->","yoast_head_json":{"title":"V\u00e5ra r\u00e5dgivare | NFC T\u00e4by Danderyd","description":"F\u00e5 kostnadsfri och personlig r\u00e5dgivning fr\u00e5n experter som hj\u00e4lper dig att starta och utveckla ditt f\u00f6retag!","robots":{"index":"index","follow":"follow","max-snippet":"max-snippet:-1","max-image-preview":"max-image-preview:large","max-video-preview":"max-video-preview:-1"},"canonical":"https:\/\/nyforetagarcentrum.se\/tabydanderyd\/vara-radgivare\/","og_locale":"sv_SE","og_type":"article","og_title":"V\u00e5ra r\u00e5dgivare | NFC T\u00e4by Danderyd","og_description":"F\u00e5 kostnadsfri och personlig r\u00e5dgivning fr\u00e5n experter som hj\u00e4lper dig att starta och utveckla ditt f\u00f6retag!","og_url":"https:\/\/nyforetagarcentrum.se\/tabydanderyd\/vara-radgivare\/","og_site_name":"Tabydanderyd","article_modified_time":"2024-09-27T13:02:48+00:00","twitter_card":"summary_large_image","twitter_misc":{"Ber\u00e4knad l\u00e4stid":"1 minut"},"schema":{"@context":"https:\/\/schema.org","@graph":[{"@type":"WebPage","@id":"https:\/\/nyforetagarcentrum.se\/tabydanderyd\/vara-radgivare\/","url":"https:\/\/nyforetagarcentrum.se\/tabydanderyd\/vara-radgivare\/","name":"V\u00e5ra r\u00e5dgivare | NFC T\u00e4by Danderyd","isPartOf":{"@id":"https:\/\/nyforetagarcentrum.se\/tabydanderyd\/#website"},"datePublished":"2024-02-29T12:59:39+00:00","dateModified":"2024-09-27T13:02:48+00:00","description":"F\u00e5 kostnadsfri och personlig r\u00e5dgivning fr\u00e5n experter som hj\u00e4lper dig att starta och utveckla ditt f\u00f6retag!","breadcrumb":{"@id":"https:\/\/nyforetagarcentrum.se\/tabydanderyd\/vara-radgivare\/#breadcrumb"},"inLanguage":"sv-SE","potentialAction":[{"@type":"ReadAction","target":["https:\/\/nyforetagarcentrum.se\/tabydanderyd\/vara-radgivare\/"]}]},{"@type":"BreadcrumbList","@id":"https:\/\/nyforetagarcentrum.se\/tabydanderyd\/vara-radgivare\/#breadcrumb","itemListElement":[{"@type":"ListItem","position":1,"name":"Hem","item":"https:\/\/nyforetagarcentrum.se\/tabydanderyd\/"},{"@type":"ListItem","position":2,"name":"V\u00e5ra r\u00e5dgivare"}]},{"@type":"WebSite","@id":"https:\/\/nyforetagarcentrum.se\/tabydanderyd\/#website","url":"https:\/\/nyforetagarcentrum.se\/tabydanderyd\/","name":"Tabydanderyd","description":"Sveriges ledande kraft f\u00f6r fler nya livskraftiga f\u00f6retag","publisher":{"@id":"https:\/\/nyforetagarcentrum.se\/tabydanderyd\/#organization"},"potentialAction":[{"@type":"SearchAction","target":{"@type":"EntryPoint","urlTemplate":"https:\/\/nyforetagarcentrum.se\/tabydanderyd\/?s={search_term_string}"},"query-input":"required name=search_term_string"}],"inLanguage":"sv-SE"},{"@type":"Organization","@id":"https:\/\/nyforetagarcentrum.se\/tabydanderyd\/#organization","name":"Tabydanderyd","url":"https:\/\/nyforetagarcentrum.se\/tabydanderyd\/","logo":{"@type":"ImageObject","inLanguage":"sv-SE","@id":"https:\/\/nyforetagarcentrum.se\/tabydanderyd\/#\/schema\/logo\/image\/","url":"https:\/\/nyforetagarcentrum.se\/tabydanderyd\/wp-content\/uploads\/sites\/91\/2024\/04\/cropped-NFC_TabyDanderydVallentuna_196x90.png","contentUrl":"https:\/\/nyforetagarcentrum.se\/tabydanderyd\/wp-content\/uploads\/sites\/91\/2024\/04\/cropped-NFC_TabyDanderydVallentuna_196x90.png","width":196,"height":90,"caption":"Tabydanderyd"},"image":{"@id":"https:\/\/nyforetagarcentrum.se\/tabydanderyd\/#\/schema\/logo\/image\/"}}]}},"_links":{"self":[{"href":"https:\/\/nyforetagarcentrum.se\/tabydanderyd\/wp-json\/wp\/v2\/pages\/239"}],"collection":[{"href":"https:\/\/nyforetagarcentrum.se\/tabydanderyd\/wp-json\/wp\/v2\/pages"}],"about":[{"href":"https:\/\/nyforetagarcentrum.se\/tabydanderyd\/wp-json\/wp\/v2\/types\/page"}],"author":[{"embeddable":true,"href":"https:\/\/nyforetagarcentrum.se\/tabydanderyd\/wp-json\/wp\/v2\/users\/1"}],"replies":[{"embeddable":true,"href":"https:\/\/nyforetagarcentrum.se\/tabydanderyd\/wp-json\/wp\/v2\/comments?post=239"}],"version-history":[{"count":70,"href":"https:\/\/nyforetagarcentrum.se\/tabydanderyd\/wp-json\/wp\/v2\/pages\/239\/revisions"}],"predecessor-version":[{"id":2319,"href":"https:\/\/nyforetagarcentrum.se\/tabydanderyd\/wp-json\/wp\/v2\/pages\/239\/revisions\/2319"}],"wp:attachment":[{"href":"https:\/\/nyforetagarcentrum.se\/tabydanderyd\/wp-json\/wp\/v2\/media?parent=239"}],"curies":[{"name":"wp","href":"https:\/\/api.w.org\/{rel}","templated":true}]}}