{"id":760,"date":"2024-05-28T20:50:50","date_gmt":"2024-05-28T18:50:50","guid":{"rendered":"https:\/\/nyforetagarcentrum.se\/sydostraskane\/?page_id=760"},"modified":"2024-05-28T20:50:51","modified_gmt":"2024-05-28T18:50:51","slug":"foretagarhjalpen","status":"publish","type":"page","link":"https:\/\/nyforetagarcentrum.se\/sydostraskane\/foretagarhjalpen\/","title":{"rendered":"F\u00f6retagarhj\u00e4lpen"},"content":{"rendered":"\n<figure class=\"wp-block-image size-large\"><img loading=\"lazy\" decoding=\"async\" width=\"1024\" height=\"456\" src=\"https:\/\/nyforetagarcentrum.se\/sydostraskane\/wp-content\/uploads\/sites\/68\/2024\/05\/foretagarhjalpen-1-1-1024x456.png\" alt=\"\" class=\"wp-image-761\" srcset=\"https:\/\/nyforetagarcentrum.se\/sydostraskane\/wp-content\/uploads\/sites\/68\/2024\/05\/foretagarhjalpen-1-1-1024x456.png 1024w, https:\/\/nyforetagarcentrum.se\/sydostraskane\/wp-content\/uploads\/sites\/68\/2024\/05\/foretagarhjalpen-1-1-300x133.png 300w, https:\/\/nyforetagarcentrum.se\/sydostraskane\/wp-content\/uploads\/sites\/68\/2024\/05\/foretagarhjalpen-1-1-768x342.png 768w, https:\/\/nyforetagarcentrum.se\/sydostraskane\/wp-content\/uploads\/sites\/68\/2024\/05\/foretagarhjalpen-1-1.png 1124w\" sizes=\"(max-width: 1024px) 100vw, 1024px\" \/><\/figure>\n\n\n\n<h2 class=\"wp-block-heading\">V\u00e4lkommen till F\u00f6retagarhj\u00e4lpen \u2013 ett initiativ f\u00f6r etablerade f\u00f6retagare<\/h2>\n\n\n\n<p><strong>Nu startar Nyf\u00f6retagarcentrum Syd\u00f6stra Sk\u00e5ne upp F\u00f6retagarhj\u00e4pen p\u00e5 nytt \u2013 ett initiativ f\u00f6r etablerade f\u00f6retagare<\/strong><\/p>\n\n\n\n<p>Som f\u00f6retagare st\u00e4lls du inf\u00f6r m\u00e5nga utmaningar, inte minst i utmanade tider. Oavsett vilka utmaningar du st\u00e4lls inf\u00f6r, stora som sm\u00e5, finns vi p\u00e5 Nyf\u00f6retagarCentrum Syd\u00f6stra Sk\u00e5ne h\u00e4r f\u00f6r dig. L\u00e5t oss bli ditt bollplank n\u00e4r du ska fatta viktiga beslut, ombilda, utveckla eller expandera, se \u00f6ver ekonomin eller bara beh\u00f6ver r\u00e5d och st\u00f6d i ditt f\u00f6retagande. V\u00e5r kostnadsfria r\u00e5dgivning utformas utifr\u00e5n de fr\u00e5gor och utmaningar du som f\u00f6retagare st\u00e4lls inf\u00f6r \u2013 allt fr\u00e5n siffror till strategier, operativt d\u00e4r du st\u00e5r eller med sikte mot st\u00f6rre m\u00e5l.<\/p>\n\n\n\n<p>F\u00f6retagarhj\u00e4lpen riktar sig till dig som redan \u00e4r etablerad f\u00f6retagare.<\/p>\n\n\n\n<p>Ring oss \u2013 telefonlinjens \u00f6ppettider finns nedan. Vi kan \u00e4ven boka in en tid f\u00f6r mer ing\u00e5ende r\u00e5dgivning.<br><br><strong>Vi kan erbjuda r\u00e5dgivning kring:<\/strong><br>\u2013 Beslutsst\u00f6d<br>\u2013 Ekonomi \u2013 Att omdefiniera eller justera aff\u00e4rs- och marknadsplaner<br>\u2013 Utforma operativa strategier<br>\u2013 Ombildning av verksamheten<br>\u2013 Krisst\u00f6d<br>\u2013 Personalfr\u00e5gor<br>\u2013 Agera bollplank och finnas till f\u00f6r f\u00f6retagare som beh\u00f6ver st\u00f6d<\/p>\n\n\n\n<p>Vi finns f\u00f6r alla f\u00f6retagare! \/ Nyf\u00f6retagarCentrum Syd\u00f6stra Sk\u00e5ne<\/p>\n\n\n\n<p>F\u00f6retagarhj\u00e4lpen genomf\u00f6rs med st\u00f6d fr\u00e5n Region Sk\u00e5ne och \u00e4r ett samarbete mellan kommunerna Ystad, Tomelilla och Simrishamn.<br><strong><br>Mer om F\u00f6retagarhj\u00e4lpen:<\/strong><\/p>\n\n\n\n<p>I sviterna av Covid-19 s\u00e5g vi p\u00e5 Nyf\u00f6retagarCentrum Syd\u00f6stra Sk\u00e5ne ett \u00f6kat behov av st\u00f6d och r\u00e5dgivning hos etablerade f\u00f6retagare. Det mynnade ut i att vi \u00f6ppnade upp v\u00e5r kostnadsfria r\u00e5dgivning \u00e4ven f\u00f6r dem. 2023 ser vi \u00e5terigen ett \u00f6kat behov i f\u00f6ljden av sv\u00e4ngiga konjunkturer och f\u00f6r\u00e4ndrade v\u00e4rldsl\u00e4gen. Nu finns Nyf\u00f6retagarCentrum \u00e5terigen d\u00e4r f\u00f6r alla f\u00f6retagare i Syd\u00f6stra Sk\u00e5ne \u2013 helt kostnadsfritt.<\/p>\n","protected":false},"excerpt":{"rendered":"<p>V\u00e4lkommen till F\u00f6retagarhj\u00e4lpen \u2013 ett initiativ f\u00f6r etablerade f\u00f6retagare Nu startar Nyf\u00f6retagarcentrum Syd\u00f6stra Sk\u00e5ne upp F\u00f6retagarhj\u00e4pen p\u00e5 nytt \u2013 ett initiativ f\u00f6r etablerade f\u00f6retagare Som f\u00f6retagare st\u00e4lls du inf\u00f6r m\u00e5nga utmaningar, inte minst i utmanade tider. Oavsett vilka utmaningar du st\u00e4lls inf\u00f6r, stora som sm\u00e5, finns vi p\u00e5 Nyf\u00f6retagarCentrum Syd\u00f6stra Sk\u00e5ne h\u00e4r f\u00f6r dig. L\u00e5t [&hellip;]<\/p>\n","protected":false},"author":27,"featured_media":0,"parent":0,"menu_order":0,"comment_status":"closed","ping_status":"closed","template":"","meta":{"footnotes":""},"acf":[],"yoast_head":"<!-- This site is optimized with the Yoast SEO plugin v22.9 - https:\/\/yoast.com\/wordpress\/plugins\/seo\/ -->\n<title>F\u00f6retagarhj\u00e4lpen - Syd\u00f6stra Sk\u00e5ne<\/title>\n<meta name=\"robots\" content=\"index, follow, max-snippet:-1, max-image-preview:large, max-video-preview:-1\" \/>\n<link rel=\"canonical\" href=\"https:\/\/nyforetagarcentrum.se\/sydostraskane\/foretagarhjalpen\/\" \/>\n<meta property=\"og:locale\" content=\"sv_SE\" \/>\n<meta property=\"og:type\" content=\"article\" \/>\n<meta property=\"og:title\" content=\"F\u00f6retagarhj\u00e4lpen - Syd\u00f6stra Sk\u00e5ne\" \/>\n<meta property=\"og:description\" content=\"V\u00e4lkommen till F\u00f6retagarhj\u00e4lpen \u2013 ett initiativ f\u00f6r etablerade f\u00f6retagare Nu startar Nyf\u00f6retagarcentrum Syd\u00f6stra Sk\u00e5ne upp F\u00f6retagarhj\u00e4pen p\u00e5 nytt \u2013 ett initiativ f\u00f6r etablerade f\u00f6retagare Som f\u00f6retagare st\u00e4lls du inf\u00f6r m\u00e5nga utmaningar, inte minst i utmanade tider. Oavsett vilka utmaningar du st\u00e4lls inf\u00f6r, stora som sm\u00e5, finns vi p\u00e5 Nyf\u00f6retagarCentrum Syd\u00f6stra Sk\u00e5ne h\u00e4r f\u00f6r dig. L\u00e5t [&hellip;]\" \/>\n<meta property=\"og:url\" content=\"https:\/\/nyforetagarcentrum.se\/sydostraskane\/foretagarhjalpen\/\" \/>\n<meta property=\"og:site_name\" content=\"Syd\u00f6stra Sk\u00e5ne\" \/>\n<meta property=\"article:modified_time\" content=\"2024-05-28T18:50:51+00:00\" \/>\n<meta property=\"og:image\" content=\"https:\/\/nyforetagarcentrum.se\/sydostraskane\/wp-content\/uploads\/sites\/68\/2024\/05\/foretagarhjalpen-1-1-1024x456.png\" \/>\n<meta name=\"twitter:card\" content=\"summary_large_image\" \/>\n<meta name=\"twitter:label1\" content=\"Ber\u00e4knad l\u00e4stid\" \/>\n\t<meta name=\"twitter:data1\" content=\"2 minuter\" \/>\n<script type=\"application\/ld+json\" class=\"yoast-schema-graph\">{\"@context\":\"https:\/\/schema.org\",\"@graph\":[{\"@type\":\"WebPage\",\"@id\":\"https:\/\/nyforetagarcentrum.se\/sydostraskane\/foretagarhjalpen\/\",\"url\":\"https:\/\/nyforetagarcentrum.se\/sydostraskane\/foretagarhjalpen\/\",\"name\":\"F\u00f6retagarhj\u00e4lpen - Syd\u00f6stra Sk\u00e5ne\",\"isPartOf\":{\"@id\":\"https:\/\/nyforetagarcentrum.se\/sydostraskane\/#website\"},\"primaryImageOfPage\":{\"@id\":\"https:\/\/nyforetagarcentrum.se\/sydostraskane\/foretagarhjalpen\/#primaryimage\"},\"image\":{\"@id\":\"https:\/\/nyforetagarcentrum.se\/sydostraskane\/foretagarhjalpen\/#primaryimage\"},\"thumbnailUrl\":\"https:\/\/nyforetagarcentrum.se\/sydostraskane\/wp-content\/uploads\/sites\/68\/2024\/05\/foretagarhjalpen-1-1-1024x456.png\",\"datePublished\":\"2024-05-28T18:50:50+00:00\",\"dateModified\":\"2024-05-28T18:50:51+00:00\",\"breadcrumb\":{\"@id\":\"https:\/\/nyforetagarcentrum.se\/sydostraskane\/foretagarhjalpen\/#breadcrumb\"},\"inLanguage\":\"sv-SE\",\"potentialAction\":[{\"@type\":\"ReadAction\",\"target\":[\"https:\/\/nyforetagarcentrum.se\/sydostraskane\/foretagarhjalpen\/\"]}]},{\"@type\":\"ImageObject\",\"inLanguage\":\"sv-SE\",\"@id\":\"https:\/\/nyforetagarcentrum.se\/sydostraskane\/foretagarhjalpen\/#primaryimage\",\"url\":\"https:\/\/nyforetagarcentrum.se\/sydostraskane\/wp-content\/uploads\/sites\/68\/2024\/05\/foretagarhjalpen-1-1.png\",\"contentUrl\":\"https:\/\/nyforetagarcentrum.se\/sydostraskane\/wp-content\/uploads\/sites\/68\/2024\/05\/foretagarhjalpen-1-1.png\",\"width\":1124,\"height\":500},{\"@type\":\"BreadcrumbList\",\"@id\":\"https:\/\/nyforetagarcentrum.se\/sydostraskane\/foretagarhjalpen\/#breadcrumb\",\"itemListElement\":[{\"@type\":\"ListItem\",\"position\":1,\"name\":\"Hem\",\"item\":\"https:\/\/nyforetagarcentrum.se\/sydostraskane\/\"},{\"@type\":\"ListItem\",\"position\":2,\"name\":\"F\u00f6retagarhj\u00e4lpen\"}]},{\"@type\":\"WebSite\",\"@id\":\"https:\/\/nyforetagarcentrum.se\/sydostraskane\/#website\",\"url\":\"https:\/\/nyforetagarcentrum.se\/sydostraskane\/\",\"name\":\"Syd\u00f6stra Sk\u00e5ne\",\"description\":\"Sveriges ledande kraft f\u00f6r fler nya livskraftiga f\u00f6retag\",\"publisher\":{\"@id\":\"https:\/\/nyforetagarcentrum.se\/sydostraskane\/#organization\"},\"potentialAction\":[{\"@type\":\"SearchAction\",\"target\":{\"@type\":\"EntryPoint\",\"urlTemplate\":\"https:\/\/nyforetagarcentrum.se\/sydostraskane\/?s={search_term_string}\"},\"query-input\":\"required name=search_term_string\"}],\"inLanguage\":\"sv-SE\"},{\"@type\":\"Organization\",\"@id\":\"https:\/\/nyforetagarcentrum.se\/sydostraskane\/#organization\",\"name\":\"Syd\u00f6stra Sk\u00e5ne\",\"url\":\"https:\/\/nyforetagarcentrum.se\/sydostraskane\/\",\"logo\":{\"@type\":\"ImageObject\",\"inLanguage\":\"sv-SE\",\"@id\":\"https:\/\/nyforetagarcentrum.se\/sydostraskane\/#\/schema\/logo\/image\/\",\"url\":\"https:\/\/nyforetagarcentrum.se\/sydostraskane\/wp-content\/uploads\/sites\/68\/2024\/04\/Sydostra-Skane-1.png\",\"contentUrl\":\"https:\/\/nyforetagarcentrum.se\/sydostraskane\/wp-content\/uploads\/sites\/68\/2024\/04\/Sydostra-Skane-1.png\",\"width\":1082,\"height\":542,\"caption\":\"Syd\u00f6stra Sk\u00e5ne\"},\"image\":{\"@id\":\"https:\/\/nyforetagarcentrum.se\/sydostraskane\/#\/schema\/logo\/image\/\"}}]}<\/script>\n<!-- \/ Yoast SEO plugin. -->","yoast_head_json":{"title":"F\u00f6retagarhj\u00e4lpen - Syd\u00f6stra Sk\u00e5ne","robots":{"index":"index","follow":"follow","max-snippet":"max-snippet:-1","max-image-preview":"max-image-preview:large","max-video-preview":"max-video-preview:-1"},"canonical":"https:\/\/nyforetagarcentrum.se\/sydostraskane\/foretagarhjalpen\/","og_locale":"sv_SE","og_type":"article","og_title":"F\u00f6retagarhj\u00e4lpen - Syd\u00f6stra Sk\u00e5ne","og_description":"V\u00e4lkommen till F\u00f6retagarhj\u00e4lpen \u2013 ett initiativ f\u00f6r etablerade f\u00f6retagare Nu startar Nyf\u00f6retagarcentrum Syd\u00f6stra Sk\u00e5ne upp F\u00f6retagarhj\u00e4pen p\u00e5 nytt \u2013 ett initiativ f\u00f6r etablerade f\u00f6retagare Som f\u00f6retagare st\u00e4lls du inf\u00f6r m\u00e5nga utmaningar, inte minst i utmanade tider. Oavsett vilka utmaningar du st\u00e4lls inf\u00f6r, stora som sm\u00e5, finns vi p\u00e5 Nyf\u00f6retagarCentrum Syd\u00f6stra Sk\u00e5ne h\u00e4r f\u00f6r dig. L\u00e5t [&hellip;]","og_url":"https:\/\/nyforetagarcentrum.se\/sydostraskane\/foretagarhjalpen\/","og_site_name":"Syd\u00f6stra Sk\u00e5ne","article_modified_time":"2024-05-28T18:50:51+00:00","og_image":[{"url":"https:\/\/nyforetagarcentrum.se\/sydostraskane\/wp-content\/uploads\/sites\/68\/2024\/05\/foretagarhjalpen-1-1-1024x456.png"}],"twitter_card":"summary_large_image","twitter_misc":{"Ber\u00e4knad l\u00e4stid":"2 minuter"},"schema":{"@context":"https:\/\/schema.org","@graph":[{"@type":"WebPage","@id":"https:\/\/nyforetagarcentrum.se\/sydostraskane\/foretagarhjalpen\/","url":"https:\/\/nyforetagarcentrum.se\/sydostraskane\/foretagarhjalpen\/","name":"F\u00f6retagarhj\u00e4lpen - Syd\u00f6stra Sk\u00e5ne","isPartOf":{"@id":"https:\/\/nyforetagarcentrum.se\/sydostraskane\/#website"},"primaryImageOfPage":{"@id":"https:\/\/nyforetagarcentrum.se\/sydostraskane\/foretagarhjalpen\/#primaryimage"},"image":{"@id":"https:\/\/nyforetagarcentrum.se\/sydostraskane\/foretagarhjalpen\/#primaryimage"},"thumbnailUrl":"https:\/\/nyforetagarcentrum.se\/sydostraskane\/wp-content\/uploads\/sites\/68\/2024\/05\/foretagarhjalpen-1-1-1024x456.png","datePublished":"2024-05-28T18:50:50+00:00","dateModified":"2024-05-28T18:50:51+00:00","breadcrumb":{"@id":"https:\/\/nyforetagarcentrum.se\/sydostraskane\/foretagarhjalpen\/#breadcrumb"},"inLanguage":"sv-SE","potentialAction":[{"@type":"ReadAction","target":["https:\/\/nyforetagarcentrum.se\/sydostraskane\/foretagarhjalpen\/"]}]},{"@type":"ImageObject","inLanguage":"sv-SE","@id":"https:\/\/nyforetagarcentrum.se\/sydostraskane\/foretagarhjalpen\/#primaryimage","url":"https:\/\/nyforetagarcentrum.se\/sydostraskane\/wp-content\/uploads\/sites\/68\/2024\/05\/foretagarhjalpen-1-1.png","contentUrl":"https:\/\/nyforetagarcentrum.se\/sydostraskane\/wp-content\/uploads\/sites\/68\/2024\/05\/foretagarhjalpen-1-1.png","width":1124,"height":500},{"@type":"BreadcrumbList","@id":"https:\/\/nyforetagarcentrum.se\/sydostraskane\/foretagarhjalpen\/#breadcrumb","itemListElement":[{"@type":"ListItem","position":1,"name":"Hem","item":"https:\/\/nyforetagarcentrum.se\/sydostraskane\/"},{"@type":"ListItem","position":2,"name":"F\u00f6retagarhj\u00e4lpen"}]},{"@type":"WebSite","@id":"https:\/\/nyforetagarcentrum.se\/sydostraskane\/#website","url":"https:\/\/nyforetagarcentrum.se\/sydostraskane\/","name":"Syd\u00f6stra Sk\u00e5ne","description":"Sveriges ledande kraft f\u00f6r fler nya livskraftiga f\u00f6retag","publisher":{"@id":"https:\/\/nyforetagarcentrum.se\/sydostraskane\/#organization"},"potentialAction":[{"@type":"SearchAction","target":{"@type":"EntryPoint","urlTemplate":"https:\/\/nyforetagarcentrum.se\/sydostraskane\/?s={search_term_string}"},"query-input":"required name=search_term_string"}],"inLanguage":"sv-SE"},{"@type":"Organization","@id":"https:\/\/nyforetagarcentrum.se\/sydostraskane\/#organization","name":"Syd\u00f6stra Sk\u00e5ne","url":"https:\/\/nyforetagarcentrum.se\/sydostraskane\/","logo":{"@type":"ImageObject","inLanguage":"sv-SE","@id":"https:\/\/nyforetagarcentrum.se\/sydostraskane\/#\/schema\/logo\/image\/","url":"https:\/\/nyforetagarcentrum.se\/sydostraskane\/wp-content\/uploads\/sites\/68\/2024\/04\/Sydostra-Skane-1.png","contentUrl":"https:\/\/nyforetagarcentrum.se\/sydostraskane\/wp-content\/uploads\/sites\/68\/2024\/04\/Sydostra-Skane-1.png","width":1082,"height":542,"caption":"Syd\u00f6stra Sk\u00e5ne"},"image":{"@id":"https:\/\/nyforetagarcentrum.se\/sydostraskane\/#\/schema\/logo\/image\/"}}]}},"_links":{"self":[{"href":"https:\/\/nyforetagarcentrum.se\/sydostraskane\/wp-json\/wp\/v2\/pages\/760"}],"collection":[{"href":"https:\/\/nyforetagarcentrum.se\/sydostraskane\/wp-json\/wp\/v2\/pages"}],"about":[{"href":"https:\/\/nyforetagarcentrum.se\/sydostraskane\/wp-json\/wp\/v2\/types\/page"}],"author":[{"embeddable":true,"href":"https:\/\/nyforetagarcentrum.se\/sydostraskane\/wp-json\/wp\/v2\/users\/27"}],"replies":[{"embeddable":true,"href":"https:\/\/nyforetagarcentrum.se\/sydostraskane\/wp-json\/wp\/v2\/comments?post=760"}],"version-history":[{"count":5,"href":"https:\/\/nyforetagarcentrum.se\/sydostraskane\/wp-json\/wp\/v2\/pages\/760\/revisions"}],"predecessor-version":[{"id":766,"href":"https:\/\/nyforetagarcentrum.se\/sydostraskane\/wp-json\/wp\/v2\/pages\/760\/revisions\/766"}],"wp:attachment":[{"href":"https:\/\/nyforetagarcentrum.se\/sydostraskane\/wp-json\/wp\/v2\/media?parent=760"}],"curies":[{"name":"wp","href":"https:\/\/api.w.org\/{rel}","templated":true}]}}