{"id":676,"date":"2024-05-28T20:40:28","date_gmt":"2024-05-28T18:40:28","guid":{"rendered":"https:\/\/nyforetagarcentrum.se\/sydostraskane\/?page_id=676"},"modified":"2026-03-20T12:07:01","modified_gmt":"2026-03-20T11:07:01","slug":"skuggstyrelsen","status":"publish","type":"page","link":"https:\/\/nyforetagarcentrum.se\/sydostraskane\/skuggstyrelsen\/","title":{"rendered":"Skuggstyrelsen"},"content":{"rendered":"\n<p>Nyf\u00f6retagarCentrum Syd\u00f6stra Sk\u00e5ne arrangerar Skuggstyrelseprogrammet tillsammans med Innovationscenter f\u00f6r landsbygden \u2013 ett engagemang som f\u00e5r f\u00f6retag att v\u00e4xa i syd\u00f6stra Sk\u00e5ne. L\u00e4s med om programmet nedan.<\/p>\n\n\n\n<p><\/p>\n\n\n<section  class=\"nfc-block-hero alignfull\">\n\n    <img loading=\"lazy\" decoding=\"async\" width=\"1679\" height=\"1080\" src=\"https:\/\/nyforetagarcentrum.se\/sydostraskane\/wp-content\/uploads\/sites\/68\/2024\/05\/Skarmavbild-2024-05-24-kl.-14.21.55-1679x1080.png\" class=\"attachment-landscape size-landscape\" alt=\"\" srcset=\"https:\/\/nyforetagarcentrum.se\/sydostraskane\/wp-content\/uploads\/sites\/68\/2024\/05\/Skarmavbild-2024-05-24-kl.-14.21.55-1679x1080.png 1679w, https:\/\/nyforetagarcentrum.se\/sydostraskane\/wp-content\/uploads\/sites\/68\/2024\/05\/Skarmavbild-2024-05-24-kl.-14.21.55-300x193.png 300w, https:\/\/nyforetagarcentrum.se\/sydostraskane\/wp-content\/uploads\/sites\/68\/2024\/05\/Skarmavbild-2024-05-24-kl.-14.21.55-1024x659.png 1024w, https:\/\/nyforetagarcentrum.se\/sydostraskane\/wp-content\/uploads\/sites\/68\/2024\/05\/Skarmavbild-2024-05-24-kl.-14.21.55-768x494.png 768w, https:\/\/nyforetagarcentrum.se\/sydostraskane\/wp-content\/uploads\/sites\/68\/2024\/05\/Skarmavbild-2024-05-24-kl.-14.21.55-1536x988.png 1536w, https:\/\/nyforetagarcentrum.se\/sydostraskane\/wp-content\/uploads\/sites\/68\/2024\/05\/Skarmavbild-2024-05-24-kl.-14.21.55-2048x1318.png 2048w\" sizes=\"(max-width: 1679px) 100vw, 1679px\" \/>\n    <div class=\"contained\">\n        <h1 class=\"nfc-block-hero__heading\">Skuggstyrelseprogrammet<\/h1>\n\n            <\/div>\n<\/section>\n\n\n<h2 class=\"wp-block-heading\">Vad \u00e4r Skuggstyrelseprogrammet?<\/h2>\n\n\n\n<p>Har ditt f\u00f6retag utvecklingspotential men du \u00f6nskar specialkompetens inom ett visst omr\u00e5de eller vill ha strategiskt hj\u00e4lp med ditt f\u00f6retags utveckling? D\u00e5 kan du f\u00e5 hj\u00e4lp av en skuggstyrelse. En skuggstyrelse best\u00e5r av lokala personer med v\u00e4rdefull aff\u00e4rserfarenhet och kompetens som matchas till dina behov och de finns till ditt f\u00f6rfogande n\u00e4r du beh\u00f6ver st\u00f6ttning, r\u00e5d eller kompletterande kompetenser. Att skuggas av Skuggstyrelsen \u00e4r precis som det l\u00e5ter: den \u00e4r bara din skugga, den tar inte ifr\u00e5n dig best\u00e4mmander\u00e4tten \u00f6ver ditt f\u00f6retag. Den kompletterar dina kunskaper, ger dig kloka r\u00e5d och \u00e5sikter. Men det \u00e4r du som fattar besluten och v\u00e4ljer vad du vill ta till dig f\u00f6r att utvecklas i den riktning du \u00f6nskar.<\/p>\n\n\n\n<p>Du kan ans\u00f6ka att vara en del av det kostnadsfria programmet som p\u00e5g\u00e5r h\u00f6sten 2025 och v\u00e5ren 2026 om du uppfyller f\u00f6ljande kriterier:<br>\u2013 Vill utveckla ditt f\u00f6retag<br>\u2013 Har fr\u00e5gest\u00e4llningar som \u00e4r aktuella nu eller fram\u00f6ver<br>\u2013 \u00c4r beredd att dela med dig<br>\u2013 \u00c4r beredd att avs\u00e4tta tid f\u00f6r detta<\/p>\n\n\n\n<p>Inspiration: <a href=\"https:\/\/www.innovationscenter.se\/skuggstyrelse\/\">Vad du f\u00e5r med en Skuggstyrelse<\/a><\/p>\n\n\n\n<p>L\u00e5ter det intressant?<\/p>\n\n\n\n<p>Kontaktpersoner:<\/p>\n\n\n\n<p>Charlotte Nygren, Nyf\u00f6retagarCentrum Syd\u00f6stra Sk\u00e5ne<br><a href=\"mailto:charlotte.nygren@nyforetagarcentrum.se\">charlotte.nygren@nyforetagarcentrum.se<\/a><\/p>\n\n\n\n<p>Helena Kurki, Innovationscenter f\u00f6r landsbygden<br><a href=\"mailto:helena.kurki@sjobo.se\">helena.kurki@sjobo.se<\/a><\/p>\n\n\n\n<h2 class=\"wp-block-heading\">Filmer fr\u00e5n Skuggstyrelsen:<\/h2>\n\n\n\n<figure class=\"wp-block-embed is-type-video is-provider-youtube wp-block-embed-youtube wp-embed-aspect-16-9 wp-has-aspect-ratio\"><div class=\"wp-block-embed__wrapper\">\n<iframe loading=\"lazy\" title=\"Skuggstyrelseprogrammet 2022-2023: Uppstartsevent\" width=\"500\" height=\"281\" src=\"https:\/\/www.youtube.com\/embed\/OLQf62dC5A4?start=5&#038;feature=oembed\" frameborder=\"0\" allow=\"accelerometer; autoplay; clipboard-write; encrypted-media; gyroscope; picture-in-picture; web-share\" referrerpolicy=\"strict-origin-when-cross-origin\" allowfullscreen><\/iframe>\n<\/div><\/figure>\n\n\n\n<figure class=\"wp-block-embed is-type-video is-provider-youtube wp-block-embed-youtube wp-embed-aspect-16-9 wp-has-aspect-ratio\"><div class=\"wp-block-embed__wrapper\">\n<iframe loading=\"lazy\" title=\"Innovationscenter f\u00f6r Landsbygden och Nyf\u00f6retagarcentrum Syd\u00f6stra Sk\u00e5nes kickoff.\" width=\"500\" height=\"281\" src=\"https:\/\/www.youtube.com\/embed\/EAQmmT-Ott0?start=51&#038;feature=oembed\" frameborder=\"0\" allow=\"accelerometer; autoplay; clipboard-write; encrypted-media; gyroscope; picture-in-picture; web-share\" referrerpolicy=\"strict-origin-when-cross-origin\" allowfullscreen><\/iframe>\n<\/div><\/figure>\n\n\n\n<h2 class=\"wp-block-heading\">Skuggstyrelsen i media:<\/h2>\n\n\n\n<p><a href=\"https:\/\/www.innovationscenter.se\/skuggstyrelseprogramsavslutning\/?fbclid=IwAR3ONBjHhhhoGgEjtBcYS74vgHaEUMIoAyUq9IgVcoutMvFjEzaKBTPGEfU\">Summering 2022<\/a><\/p>\n\n\n\n<p><a href=\"https:\/\/www.innovationscenter.se\/hallamolla-gard\/\">Intervju med deltagande f\u00f6retag<\/a><\/p>\n\n\n\n<p><a href=\"https:\/\/www.ystadsallehanda.se\/ystad\/skuggstyrelsen-hjalper-foretagarna-att-vaxa-dd2bbc93\/\">Artikel i Ystads Allehanda<\/a><\/p>\n\n\n\n<p><a href=\"https:\/\/www.ystadsallehanda.se\/ystad\/skuggstyrelsen-hjalper-foretagarna-att-vaxa-dd2bbc93\/\">Skuggstyrelsen hj\u00e4lper f\u00f6retag att v\u00e4xa<\/a><\/p>\n","protected":false},"excerpt":{"rendered":"<p>Nyf\u00f6retagarCentrum Syd\u00f6stra Sk\u00e5ne arrangerar Skuggstyrelseprogrammet tillsammans med Innovationscenter f\u00f6r landsbygden \u2013 ett engagemang som f\u00e5r f\u00f6retag att v\u00e4xa i syd\u00f6stra Sk\u00e5ne. L\u00e4s med om programmet nedan. Vad \u00e4r Skuggstyrelseprogrammet? Har ditt f\u00f6retag utvecklingspotential men du \u00f6nskar specialkompetens inom ett visst omr\u00e5de eller vill ha strategiskt hj\u00e4lp med ditt f\u00f6retags utveckling? D\u00e5 kan du f\u00e5 hj\u00e4lp [&hellip;]<\/p>\n","protected":false},"author":27,"featured_media":683,"parent":0,"menu_order":0,"comment_status":"closed","ping_status":"closed","template":"","meta":{"footnotes":""},"acf":[],"yoast_head":"<!-- This site is optimized with the Yoast SEO plugin v22.9 - https:\/\/yoast.com\/wordpress\/plugins\/seo\/ -->\n<title>Skuggstyrelsen - Syd\u00f6stra Sk\u00e5ne<\/title>\n<meta name=\"description\" content=\"Vill du utveckla f\u00f6retaget? Vi erbjuder ett Skuggstyrelseprogram f\u00f6r dig som vill ta ditt f\u00f6retag till n\u00e4sta steg!\" \/>\n<meta name=\"robots\" content=\"index, follow, max-snippet:-1, max-image-preview:large, max-video-preview:-1\" \/>\n<link rel=\"canonical\" href=\"https:\/\/nyforetagarcentrum.se\/sydostraskane\/skuggstyrelsen\/\" \/>\n<meta property=\"og:locale\" content=\"sv_SE\" \/>\n<meta property=\"og:type\" content=\"article\" \/>\n<meta property=\"og:title\" content=\"Skuggstyrelsen - Syd\u00f6stra Sk\u00e5ne\" \/>\n<meta property=\"og:description\" content=\"Vill du utveckla f\u00f6retaget? Vi erbjuder ett Skuggstyrelseprogram f\u00f6r dig som vill ta ditt f\u00f6retag till n\u00e4sta steg!\" \/>\n<meta property=\"og:url\" content=\"https:\/\/nyforetagarcentrum.se\/sydostraskane\/skuggstyrelsen\/\" \/>\n<meta property=\"og:site_name\" content=\"Syd\u00f6stra Sk\u00e5ne\" \/>\n<meta property=\"article:modified_time\" content=\"2026-03-20T11:07:01+00:00\" \/>\n<meta property=\"og:image\" content=\"https:\/\/nyforetagarcentrum.se\/sydostraskane\/wp-content\/uploads\/sites\/68\/2024\/05\/Skarmavbild-2024-05-24-kl.-14.21.55-1024x659.png\" \/>\n\t<meta property=\"og:image:width\" content=\"1024\" \/>\n\t<meta property=\"og:image:height\" content=\"659\" \/>\n\t<meta property=\"og:image:type\" content=\"image\/png\" \/>\n<meta name=\"twitter:card\" content=\"summary_large_image\" \/>\n<meta name=\"twitter:label1\" content=\"Ber\u00e4knad l\u00e4stid\" \/>\n\t<meta name=\"twitter:data1\" content=\"2 minuter\" \/>\n<script type=\"application\/ld+json\" class=\"yoast-schema-graph\">{\"@context\":\"https:\/\/schema.org\",\"@graph\":[{\"@type\":\"WebPage\",\"@id\":\"https:\/\/nyforetagarcentrum.se\/sydostraskane\/skuggstyrelsen\/\",\"url\":\"https:\/\/nyforetagarcentrum.se\/sydostraskane\/skuggstyrelsen\/\",\"name\":\"Skuggstyrelsen - Syd\u00f6stra Sk\u00e5ne\",\"isPartOf\":{\"@id\":\"https:\/\/nyforetagarcentrum.se\/sydostraskane\/#website\"},\"primaryImageOfPage\":{\"@id\":\"https:\/\/nyforetagarcentrum.se\/sydostraskane\/skuggstyrelsen\/#primaryimage\"},\"image\":{\"@id\":\"https:\/\/nyforetagarcentrum.se\/sydostraskane\/skuggstyrelsen\/#primaryimage\"},\"thumbnailUrl\":\"https:\/\/nyforetagarcentrum.se\/sydostraskane\/wp-content\/uploads\/sites\/68\/2024\/05\/Skarmavbild-2024-05-24-kl.-14.21.55.png\",\"datePublished\":\"2024-05-28T18:40:28+00:00\",\"dateModified\":\"2026-03-20T11:07:01+00:00\",\"description\":\"Vill du utveckla f\u00f6retaget? Vi erbjuder ett Skuggstyrelseprogram f\u00f6r dig som vill ta ditt f\u00f6retag till n\u00e4sta steg!\",\"breadcrumb\":{\"@id\":\"https:\/\/nyforetagarcentrum.se\/sydostraskane\/skuggstyrelsen\/#breadcrumb\"},\"inLanguage\":\"sv-SE\",\"potentialAction\":[{\"@type\":\"ReadAction\",\"target\":[\"https:\/\/nyforetagarcentrum.se\/sydostraskane\/skuggstyrelsen\/\"]}]},{\"@type\":\"ImageObject\",\"inLanguage\":\"sv-SE\",\"@id\":\"https:\/\/nyforetagarcentrum.se\/sydostraskane\/skuggstyrelsen\/#primaryimage\",\"url\":\"https:\/\/nyforetagarcentrum.se\/sydostraskane\/wp-content\/uploads\/sites\/68\/2024\/05\/Skarmavbild-2024-05-24-kl.-14.21.55.png\",\"contentUrl\":\"https:\/\/nyforetagarcentrum.se\/sydostraskane\/wp-content\/uploads\/sites\/68\/2024\/05\/Skarmavbild-2024-05-24-kl.-14.21.55.png\",\"width\":2170,\"height\":1396},{\"@type\":\"BreadcrumbList\",\"@id\":\"https:\/\/nyforetagarcentrum.se\/sydostraskane\/skuggstyrelsen\/#breadcrumb\",\"itemListElement\":[{\"@type\":\"ListItem\",\"position\":1,\"name\":\"Hem\",\"item\":\"https:\/\/nyforetagarcentrum.se\/sydostraskane\/\"},{\"@type\":\"ListItem\",\"position\":2,\"name\":\"Skuggstyrelsen\"}]},{\"@type\":\"WebSite\",\"@id\":\"https:\/\/nyforetagarcentrum.se\/sydostraskane\/#website\",\"url\":\"https:\/\/nyforetagarcentrum.se\/sydostraskane\/\",\"name\":\"Syd\u00f6stra Sk\u00e5ne\",\"description\":\"Sveriges ledande kraft f\u00f6r fler nya livskraftiga f\u00f6retag\",\"publisher\":{\"@id\":\"https:\/\/nyforetagarcentrum.se\/sydostraskane\/#organization\"},\"potentialAction\":[{\"@type\":\"SearchAction\",\"target\":{\"@type\":\"EntryPoint\",\"urlTemplate\":\"https:\/\/nyforetagarcentrum.se\/sydostraskane\/?s={search_term_string}\"},\"query-input\":\"required name=search_term_string\"}],\"inLanguage\":\"sv-SE\"},{\"@type\":\"Organization\",\"@id\":\"https:\/\/nyforetagarcentrum.se\/sydostraskane\/#organization\",\"name\":\"Syd\u00f6stra Sk\u00e5ne\",\"url\":\"https:\/\/nyforetagarcentrum.se\/sydostraskane\/\",\"logo\":{\"@type\":\"ImageObject\",\"inLanguage\":\"sv-SE\",\"@id\":\"https:\/\/nyforetagarcentrum.se\/sydostraskane\/#\/schema\/logo\/image\/\",\"url\":\"https:\/\/nyforetagarcentrum.se\/sydostraskane\/wp-content\/uploads\/sites\/68\/2024\/04\/Sydostra-Skane-1.png\",\"contentUrl\":\"https:\/\/nyforetagarcentrum.se\/sydostraskane\/wp-content\/uploads\/sites\/68\/2024\/04\/Sydostra-Skane-1.png\",\"width\":1082,\"height\":542,\"caption\":\"Syd\u00f6stra Sk\u00e5ne\"},\"image\":{\"@id\":\"https:\/\/nyforetagarcentrum.se\/sydostraskane\/#\/schema\/logo\/image\/\"}}]}<\/script>\n<!-- \/ Yoast SEO plugin. -->","yoast_head_json":{"title":"Skuggstyrelsen - Syd\u00f6stra Sk\u00e5ne","description":"Vill du utveckla f\u00f6retaget? Vi erbjuder ett Skuggstyrelseprogram f\u00f6r dig som vill ta ditt f\u00f6retag till n\u00e4sta steg!","robots":{"index":"index","follow":"follow","max-snippet":"max-snippet:-1","max-image-preview":"max-image-preview:large","max-video-preview":"max-video-preview:-1"},"canonical":"https:\/\/nyforetagarcentrum.se\/sydostraskane\/skuggstyrelsen\/","og_locale":"sv_SE","og_type":"article","og_title":"Skuggstyrelsen - Syd\u00f6stra Sk\u00e5ne","og_description":"Vill du utveckla f\u00f6retaget? Vi erbjuder ett Skuggstyrelseprogram f\u00f6r dig som vill ta ditt f\u00f6retag till n\u00e4sta steg!","og_url":"https:\/\/nyforetagarcentrum.se\/sydostraskane\/skuggstyrelsen\/","og_site_name":"Syd\u00f6stra Sk\u00e5ne","article_modified_time":"2026-03-20T11:07:01+00:00","og_image":[{"width":1024,"height":659,"url":"https:\/\/nyforetagarcentrum.se\/sydostraskane\/wp-content\/uploads\/sites\/68\/2024\/05\/Skarmavbild-2024-05-24-kl.-14.21.55-1024x659.png","type":"image\/png"}],"twitter_card":"summary_large_image","twitter_misc":{"Ber\u00e4knad l\u00e4stid":"2 minuter"},"schema":{"@context":"https:\/\/schema.org","@graph":[{"@type":"WebPage","@id":"https:\/\/nyforetagarcentrum.se\/sydostraskane\/skuggstyrelsen\/","url":"https:\/\/nyforetagarcentrum.se\/sydostraskane\/skuggstyrelsen\/","name":"Skuggstyrelsen - Syd\u00f6stra Sk\u00e5ne","isPartOf":{"@id":"https:\/\/nyforetagarcentrum.se\/sydostraskane\/#website"},"primaryImageOfPage":{"@id":"https:\/\/nyforetagarcentrum.se\/sydostraskane\/skuggstyrelsen\/#primaryimage"},"image":{"@id":"https:\/\/nyforetagarcentrum.se\/sydostraskane\/skuggstyrelsen\/#primaryimage"},"thumbnailUrl":"https:\/\/nyforetagarcentrum.se\/sydostraskane\/wp-content\/uploads\/sites\/68\/2024\/05\/Skarmavbild-2024-05-24-kl.-14.21.55.png","datePublished":"2024-05-28T18:40:28+00:00","dateModified":"2026-03-20T11:07:01+00:00","description":"Vill du utveckla f\u00f6retaget? Vi erbjuder ett Skuggstyrelseprogram f\u00f6r dig som vill ta ditt f\u00f6retag till n\u00e4sta steg!","breadcrumb":{"@id":"https:\/\/nyforetagarcentrum.se\/sydostraskane\/skuggstyrelsen\/#breadcrumb"},"inLanguage":"sv-SE","potentialAction":[{"@type":"ReadAction","target":["https:\/\/nyforetagarcentrum.se\/sydostraskane\/skuggstyrelsen\/"]}]},{"@type":"ImageObject","inLanguage":"sv-SE","@id":"https:\/\/nyforetagarcentrum.se\/sydostraskane\/skuggstyrelsen\/#primaryimage","url":"https:\/\/nyforetagarcentrum.se\/sydostraskane\/wp-content\/uploads\/sites\/68\/2024\/05\/Skarmavbild-2024-05-24-kl.-14.21.55.png","contentUrl":"https:\/\/nyforetagarcentrum.se\/sydostraskane\/wp-content\/uploads\/sites\/68\/2024\/05\/Skarmavbild-2024-05-24-kl.-14.21.55.png","width":2170,"height":1396},{"@type":"BreadcrumbList","@id":"https:\/\/nyforetagarcentrum.se\/sydostraskane\/skuggstyrelsen\/#breadcrumb","itemListElement":[{"@type":"ListItem","position":1,"name":"Hem","item":"https:\/\/nyforetagarcentrum.se\/sydostraskane\/"},{"@type":"ListItem","position":2,"name":"Skuggstyrelsen"}]},{"@type":"WebSite","@id":"https:\/\/nyforetagarcentrum.se\/sydostraskane\/#website","url":"https:\/\/nyforetagarcentrum.se\/sydostraskane\/","name":"Syd\u00f6stra Sk\u00e5ne","description":"Sveriges ledande kraft f\u00f6r fler nya livskraftiga f\u00f6retag","publisher":{"@id":"https:\/\/nyforetagarcentrum.se\/sydostraskane\/#organization"},"potentialAction":[{"@type":"SearchAction","target":{"@type":"EntryPoint","urlTemplate":"https:\/\/nyforetagarcentrum.se\/sydostraskane\/?s={search_term_string}"},"query-input":"required name=search_term_string"}],"inLanguage":"sv-SE"},{"@type":"Organization","@id":"https:\/\/nyforetagarcentrum.se\/sydostraskane\/#organization","name":"Syd\u00f6stra Sk\u00e5ne","url":"https:\/\/nyforetagarcentrum.se\/sydostraskane\/","logo":{"@type":"ImageObject","inLanguage":"sv-SE","@id":"https:\/\/nyforetagarcentrum.se\/sydostraskane\/#\/schema\/logo\/image\/","url":"https:\/\/nyforetagarcentrum.se\/sydostraskane\/wp-content\/uploads\/sites\/68\/2024\/04\/Sydostra-Skane-1.png","contentUrl":"https:\/\/nyforetagarcentrum.se\/sydostraskane\/wp-content\/uploads\/sites\/68\/2024\/04\/Sydostra-Skane-1.png","width":1082,"height":542,"caption":"Syd\u00f6stra Sk\u00e5ne"},"image":{"@id":"https:\/\/nyforetagarcentrum.se\/sydostraskane\/#\/schema\/logo\/image\/"}}]}},"_links":{"self":[{"href":"https:\/\/nyforetagarcentrum.se\/sydostraskane\/wp-json\/wp\/v2\/pages\/676"}],"collection":[{"href":"https:\/\/nyforetagarcentrum.se\/sydostraskane\/wp-json\/wp\/v2\/pages"}],"about":[{"href":"https:\/\/nyforetagarcentrum.se\/sydostraskane\/wp-json\/wp\/v2\/types\/page"}],"author":[{"embeddable":true,"href":"https:\/\/nyforetagarcentrum.se\/sydostraskane\/wp-json\/wp\/v2\/users\/27"}],"replies":[{"embeddable":true,"href":"https:\/\/nyforetagarcentrum.se\/sydostraskane\/wp-json\/wp\/v2\/comments?post=676"}],"version-history":[{"count":19,"href":"https:\/\/nyforetagarcentrum.se\/sydostraskane\/wp-json\/wp\/v2\/pages\/676\/revisions"}],"predecessor-version":[{"id":1491,"href":"https:\/\/nyforetagarcentrum.se\/sydostraskane\/wp-json\/wp\/v2\/pages\/676\/revisions\/1491"}],"wp:featuredmedia":[{"embeddable":true,"href":"https:\/\/nyforetagarcentrum.se\/sydostraskane\/wp-json\/wp\/v2\/media\/683"}],"wp:attachment":[{"href":"https:\/\/nyforetagarcentrum.se\/sydostraskane\/wp-json\/wp\/v2\/media?parent=676"}],"curies":[{"name":"wp","href":"https:\/\/api.w.org\/{rel}","templated":true}]}}