{"id":41,"date":"2024-02-22T10:24:51","date_gmt":"2024-02-22T09:24:51","guid":{"rendered":"https:\/\/nyforetagarcentrum.se\/ystad\/?page_id=41"},"modified":"2025-12-03T19:23:16","modified_gmt":"2025-12-03T18:23:16","slug":"vara-samarbetspartners","status":"publish","type":"page","link":"https:\/\/nyforetagarcentrum.se\/sydostraskane\/vara-samarbetspartners\/","title":{"rendered":"V\u00e5ra samarbetspartners"},"content":{"rendered":"<section  class=\"nfc-block-hero alignfull\">\n\n    <img loading=\"lazy\" decoding=\"async\" width=\"1620\" height=\"1080\" src=\"https:\/\/nyforetagarcentrum.se\/sydostraskane\/wp-content\/uploads\/sites\/68\/2024\/05\/jonas-jacobsson-I-5e-GggWCM-unsplash-1620x1080.jpg\" class=\"attachment-landscape size-landscape\" alt=\"\" srcset=\"https:\/\/nyforetagarcentrum.se\/sydostraskane\/wp-content\/uploads\/sites\/68\/2024\/05\/jonas-jacobsson-I-5e-GggWCM-unsplash-1620x1080.jpg 1620w, https:\/\/nyforetagarcentrum.se\/sydostraskane\/wp-content\/uploads\/sites\/68\/2024\/05\/jonas-jacobsson-I-5e-GggWCM-unsplash-300x200.jpg 300w, https:\/\/nyforetagarcentrum.se\/sydostraskane\/wp-content\/uploads\/sites\/68\/2024\/05\/jonas-jacobsson-I-5e-GggWCM-unsplash-1024x683.jpg 1024w, https:\/\/nyforetagarcentrum.se\/sydostraskane\/wp-content\/uploads\/sites\/68\/2024\/05\/jonas-jacobsson-I-5e-GggWCM-unsplash-768x512.jpg 768w, https:\/\/nyforetagarcentrum.se\/sydostraskane\/wp-content\/uploads\/sites\/68\/2024\/05\/jonas-jacobsson-I-5e-GggWCM-unsplash-1536x1024.jpg 1536w, https:\/\/nyforetagarcentrum.se\/sydostraskane\/wp-content\/uploads\/sites\/68\/2024\/05\/jonas-jacobsson-I-5e-GggWCM-unsplash-2048x1365.jpg 2048w\" sizes=\"(max-width: 1620px) 100vw, 1620px\" \/>\n    <div class=\"contained\">\n        <h1 class=\"nfc-block-hero__heading\">V\u00e5ra lokala samarbetspartners<\/h1>\n\n            <\/div>\n<\/section>\n\n<section  class=\"block-our-partners nfc-block-partners\">\n    <div class=\"contained\">\n            <\/div>\n<\/section>\n\n\n<div style=\"height:50px\" aria-hidden=\"true\" class=\"wp-block-spacer\"><\/div>\n\n\n<section  class=\"nfc-block-breadcrumbs\">\n    <div class=\"wrapper contained\">\n        <ol class=\"breadcrumbs\" itemscope itemtype=\"https:\/\/schema.org\/BreadcrumbList\">\n            <li itemprop=\"itemListElement\" itemscope itemtype=\"https:\/\/schema.org\/ListItem\">\n            \n\n                            <span class=\"current\" itemprop=\"name\">Hem<\/span>\n            \n            <meta itemprop=\"position\" content=\"1\" \/>\n        <\/li>\n    <\/ol>    <\/div>\n<\/section>\n\n\n<p>H\u00e4r finner ni v\u00e5ra lokala samarbetspartners f\u00f6r Nyf\u00f6retagarCentrum Syd\u00f6stra Sk\u00e5ne. Tack f\u00f6r att ni m\u00f6jligg\u00f6r v\u00e5r kostnadsfria r\u00e5dgivning \u2013 det g\u00f6r att fler kan ta steget till eget och uppfylla sin f\u00f6retagsdr\u00f6m!<\/p>\n\n\n\n<div style=\"height:51px\" aria-hidden=\"true\" class=\"wp-block-spacer\"><\/div>\n\n\n<section  class=\"block-our-partners nfc-block-partners\">\n    <div class=\"contained\">\n                                    <div class=\"partner-card\">\n                    <div class=\"logo-wrapper\">\n                        <img decoding=\"async\" src=\"https:\/\/nyforetagarcentrum.se\/sydostraskane\/wp-content\/uploads\/sites\/68\/2024\/05\/Region-Skane-Logo-Web-e1716529222575.jpeg\" alt=\"\">\n                    <\/div>\n                    \n                                            <div class=\"h4\"><b>Region Sk\u00e5ne<\/b><\/div>\n                                                                                                                            <div class=\"item link\"><b><a href=\"https:\/\/www.skane.se\/\" target=\"_blank\" > L\u00e4nk<\/a><\/b><\/div>\n                                    <\/div>\n                            <div class=\"partner-card\">\n                    <div class=\"logo-wrapper\">\n                        <img decoding=\"async\" src=\"https:\/\/nyforetagarcentrum.se\/sydostraskane\/wp-content\/uploads\/sites\/68\/2024\/05\/Simrishamns_kommun_RGB-kopia.jpg\" alt=\"\">\n                    <\/div>\n                    \n                                            <div class=\"h4\"><b>Simrishamns Kommun<\/b><\/div>\n                                                                                                                            <div class=\"item link\"><b><a href=\"https:\/\/www.simrishamn.se\/\" target=\"_blank\" > L\u00e4nk<\/a><\/b><\/div>\n                                    <\/div>\n                            <div class=\"partner-card\">\n                    <div class=\"logo-wrapper\">\n                        <img decoding=\"async\" src=\"https:\/\/nyforetagarcentrum.se\/sydostraskane\/wp-content\/uploads\/sites\/68\/2024\/05\/SparbankenSyd-1728x457-1-e1716529147969.jpg\" alt=\"\">\n                    <\/div>\n                    \n                                            <div class=\"h4\"><b>Sparbanken Syd<\/b><\/div>\n                                                                                                                            <div class=\"item link\"><b><a href=\"https:\/\/www.sparbankensyd.se\/privat\" target=\"_blank\" > L\u00e4nk<\/a><\/b><\/div>\n                                    <\/div>\n                            <div class=\"partner-card\">\n                    <div class=\"logo-wrapper\">\n                        <img decoding=\"async\" src=\"https:\/\/nyforetagarcentrum.se\/sydostraskane\/wp-content\/uploads\/sites\/68\/2024\/05\/Skarmavbild-2024-05-20-kl.-08.03.25.png\" alt=\"\">\n                    <\/div>\n                    \n                                            <div class=\"h4\"><b>Polykemi AB<\/b><\/div>\n                                                                                                                            <div class=\"item link\"><b><a href=\"https:\/\/www.polykemi.se\/\" target=\"_blank\" > L\u00e4nk<\/a><\/b><\/div>\n                                    <\/div>\n                            <div class=\"partner-card\">\n                    <div class=\"logo-wrapper\">\n                        <img decoding=\"async\" src=\"https:\/\/nyforetagarcentrum.se\/sydostraskane\/wp-content\/uploads\/sites\/68\/2024\/05\/Tomelilla-Kommun-1-e1716529259641.jpeg\" alt=\"\">\n                    <\/div>\n                    \n                                            <div class=\"h4\"><b>Tomelilla Kommun<\/b><\/div>\n                                                                                                                            <div class=\"item link\"><b><a href=\"https:\/\/tomelilla.se\/\" target=\"_blank\" > L\u00e4nk<\/a><\/b><\/div>\n                                    <\/div>\n                            <div class=\"partner-card\">\n                    <div class=\"logo-wrapper\">\n                        <img decoding=\"async\" src=\"https:\/\/nyforetagarcentrum.se\/sydostraskane\/wp-content\/uploads\/sites\/68\/2024\/04\/Radio-Active.jpeg\" alt=\"\">\n                    <\/div>\n                    \n                                            <div class=\"h4\"><b>Radio Active<\/b><\/div>\n                                                                                                                            <div class=\"item link\"><b><a href=\"https:\/\/radioactive.se\/\" target=\"\" > L\u00e4nk<\/a><\/b><\/div>\n                                    <\/div>\n                            <div class=\"partner-card\">\n                    <div class=\"logo-wrapper\">\n                        <img decoding=\"async\" src=\"https:\/\/nyforetagarcentrum.se\/sydostraskane\/wp-content\/uploads\/sites\/68\/2024\/05\/Ystads_kommun_logo_bla_RGB-e1716529448366.jpg\" alt=\"\">\n                    <\/div>\n                    \n                                                                                                                            <div class=\"item link\"><b><a href=\"http:\/\/ystad.se\" target=\"\" > L\u00e4nk<\/a><\/b><\/div>\n                                    <\/div>\n                            <div class=\"partner-card\">\n                    <div class=\"logo-wrapper\">\n                        <img decoding=\"async\" src=\"https:\/\/nyforetagarcentrum.se\/sydostraskane\/wp-content\/uploads\/sites\/68\/2024\/05\/pramo_3rader-kopia-kopiera-1.jpg\" alt=\"\">\n                    <\/div>\n                    \n                                                                                                                            <div class=\"item link\"><b><a href=\"https:\/\/pramo.se\/\" target=\"\" > L\u00e4nk<\/a><\/b><\/div>\n                                    <\/div>\n                            <div class=\"partner-card\">\n                    <div class=\"logo-wrapper\">\n                        <img decoding=\"async\" src=\"https:\/\/nyforetagarcentrum.se\/sydostraskane\/wp-content\/uploads\/sites\/68\/2025\/04\/Mazars.png\" alt=\"\">\n                    <\/div>\n                    \n                                                                                                                            <div class=\"item link\"><b><a href=\"https:\/\/www.forvismazars.com\/se\/sv\" target=\"\" > L\u00e4nk<\/a><\/b><\/div>\n                                    <\/div>\n                            <div class=\"partner-card\">\n                    <div class=\"logo-wrapper\">\n                        <img decoding=\"async\" src=\"https:\/\/nyforetagarcentrum.se\/sydostraskane\/wp-content\/uploads\/sites\/68\/2025\/11\/Sparbanken-Skane.jpeg\" alt=\"\">\n                    <\/div>\n                    \n                                                                                                                            <div class=\"item link\"><b><a href=\"https:\/\/www.sparbankenskane.se\/privat.html\" target=\"\" > L\u00e4nk<\/a><\/b><\/div>\n                                    <\/div>\n                            <div class=\"partner-card\">\n                    <div class=\"logo-wrapper\">\n                        <img decoding=\"async\" src=\"https:\/\/nyforetagarcentrum.se\/sydostraskane\/wp-content\/uploads\/sites\/68\/2025\/12\/Skarmavbild-2025-12-03-kl.-19.18.57.png\" alt=\"\">\n                    <\/div>\n                    \n                                                                                                                            <div class=\"item link\"><b><a href=\"https:\/\/www.solidframtid.se\/\" target=\"_blank\" > L\u00e4nk<\/a><\/b><\/div>\n                                    <\/div>\n                        <\/div>\n<\/section>\n\n\n<div style=\"height:80px\" aria-hidden=\"true\" class=\"wp-block-spacer\"><\/div>\n","protected":false},"excerpt":{"rendered":"<p>H\u00e4r finner ni v\u00e5ra lokala samarbetspartners f\u00f6r Nyf\u00f6retagarCentrum Syd\u00f6stra Sk\u00e5ne. Tack f\u00f6r att ni m\u00f6jligg\u00f6r v\u00e5r kostnadsfria r\u00e5dgivning \u2013 det g\u00f6r att fler kan ta steget till eget och uppfylla sin f\u00f6retagsdr\u00f6m!<\/p>\n","protected":false},"author":1,"featured_media":0,"parent":0,"menu_order":0,"comment_status":"closed","ping_status":"closed","template":"","meta":{"footnotes":""},"acf":[],"yoast_head":"<!-- This site is optimized with the Yoast SEO plugin v22.9 - https:\/\/yoast.com\/wordpress\/plugins\/seo\/ -->\n<title>V\u00e5ra samarbetspartners - Syd\u00f6stra Sk\u00e5ne<\/title>\n<meta name=\"robots\" content=\"index, follow, max-snippet:-1, max-image-preview:large, max-video-preview:-1\" \/>\n<link rel=\"canonical\" href=\"https:\/\/nyforetagarcentrum.se\/sydostraskane\/vara-samarbetspartners\/\" \/>\n<meta property=\"og:locale\" content=\"sv_SE\" \/>\n<meta property=\"og:type\" content=\"article\" \/>\n<meta property=\"og:title\" content=\"V\u00e5ra samarbetspartners - Syd\u00f6stra Sk\u00e5ne\" \/>\n<meta property=\"og:description\" content=\"H\u00e4r finner ni v\u00e5ra lokala samarbetspartners f\u00f6r Nyf\u00f6retagarCentrum Syd\u00f6stra Sk\u00e5ne. Tack f\u00f6r att ni m\u00f6jligg\u00f6r v\u00e5r kostnadsfria r\u00e5dgivning \u2013 det g\u00f6r att fler kan ta steget till eget och uppfylla sin f\u00f6retagsdr\u00f6m!\" \/>\n<meta property=\"og:url\" content=\"https:\/\/nyforetagarcentrum.se\/sydostraskane\/vara-samarbetspartners\/\" \/>\n<meta property=\"og:site_name\" content=\"Syd\u00f6stra Sk\u00e5ne\" \/>\n<meta property=\"article:modified_time\" content=\"2025-12-03T18:23:16+00:00\" \/>\n<meta name=\"twitter:card\" content=\"summary_large_image\" \/>\n<meta name=\"twitter:label1\" content=\"Ber\u00e4knad l\u00e4stid\" \/>\n\t<meta name=\"twitter:data1\" content=\"1 minut\" \/>\n<script type=\"application\/ld+json\" class=\"yoast-schema-graph\">{\"@context\":\"https:\/\/schema.org\",\"@graph\":[{\"@type\":\"WebPage\",\"@id\":\"https:\/\/nyforetagarcentrum.se\/sydostraskane\/vara-samarbetspartners\/\",\"url\":\"https:\/\/nyforetagarcentrum.se\/sydostraskane\/vara-samarbetspartners\/\",\"name\":\"V\u00e5ra samarbetspartners - Syd\u00f6stra Sk\u00e5ne\",\"isPartOf\":{\"@id\":\"https:\/\/nyforetagarcentrum.se\/sydostraskane\/#website\"},\"datePublished\":\"2024-02-22T09:24:51+00:00\",\"dateModified\":\"2025-12-03T18:23:16+00:00\",\"breadcrumb\":{\"@id\":\"https:\/\/nyforetagarcentrum.se\/sydostraskane\/vara-samarbetspartners\/#breadcrumb\"},\"inLanguage\":\"sv-SE\",\"potentialAction\":[{\"@type\":\"ReadAction\",\"target\":[\"https:\/\/nyforetagarcentrum.se\/sydostraskane\/vara-samarbetspartners\/\"]}]},{\"@type\":\"BreadcrumbList\",\"@id\":\"https:\/\/nyforetagarcentrum.se\/sydostraskane\/vara-samarbetspartners\/#breadcrumb\",\"itemListElement\":[{\"@type\":\"ListItem\",\"position\":1,\"name\":\"Hem\",\"item\":\"https:\/\/nyforetagarcentrum.se\/sydostraskane\/\"},{\"@type\":\"ListItem\",\"position\":2,\"name\":\"V\u00e5ra samarbetspartners\"}]},{\"@type\":\"WebSite\",\"@id\":\"https:\/\/nyforetagarcentrum.se\/sydostraskane\/#website\",\"url\":\"https:\/\/nyforetagarcentrum.se\/sydostraskane\/\",\"name\":\"Syd\u00f6stra Sk\u00e5ne\",\"description\":\"Sveriges ledande kraft f\u00f6r fler nya livskraftiga f\u00f6retag\",\"publisher\":{\"@id\":\"https:\/\/nyforetagarcentrum.se\/sydostraskane\/#organization\"},\"potentialAction\":[{\"@type\":\"SearchAction\",\"target\":{\"@type\":\"EntryPoint\",\"urlTemplate\":\"https:\/\/nyforetagarcentrum.se\/sydostraskane\/?s={search_term_string}\"},\"query-input\":\"required name=search_term_string\"}],\"inLanguage\":\"sv-SE\"},{\"@type\":\"Organization\",\"@id\":\"https:\/\/nyforetagarcentrum.se\/sydostraskane\/#organization\",\"name\":\"Syd\u00f6stra Sk\u00e5ne\",\"url\":\"https:\/\/nyforetagarcentrum.se\/sydostraskane\/\",\"logo\":{\"@type\":\"ImageObject\",\"inLanguage\":\"sv-SE\",\"@id\":\"https:\/\/nyforetagarcentrum.se\/sydostraskane\/#\/schema\/logo\/image\/\",\"url\":\"https:\/\/nyforetagarcentrum.se\/sydostraskane\/wp-content\/uploads\/sites\/68\/2024\/04\/Sydostra-Skane-1.png\",\"contentUrl\":\"https:\/\/nyforetagarcentrum.se\/sydostraskane\/wp-content\/uploads\/sites\/68\/2024\/04\/Sydostra-Skane-1.png\",\"width\":1082,\"height\":542,\"caption\":\"Syd\u00f6stra Sk\u00e5ne\"},\"image\":{\"@id\":\"https:\/\/nyforetagarcentrum.se\/sydostraskane\/#\/schema\/logo\/image\/\"}}]}<\/script>\n<!-- \/ Yoast SEO plugin. -->","yoast_head_json":{"title":"V\u00e5ra samarbetspartners - Syd\u00f6stra Sk\u00e5ne","robots":{"index":"index","follow":"follow","max-snippet":"max-snippet:-1","max-image-preview":"max-image-preview:large","max-video-preview":"max-video-preview:-1"},"canonical":"https:\/\/nyforetagarcentrum.se\/sydostraskane\/vara-samarbetspartners\/","og_locale":"sv_SE","og_type":"article","og_title":"V\u00e5ra samarbetspartners - Syd\u00f6stra Sk\u00e5ne","og_description":"H\u00e4r finner ni v\u00e5ra lokala samarbetspartners f\u00f6r Nyf\u00f6retagarCentrum Syd\u00f6stra Sk\u00e5ne. Tack f\u00f6r att ni m\u00f6jligg\u00f6r v\u00e5r kostnadsfria r\u00e5dgivning \u2013 det g\u00f6r att fler kan ta steget till eget och uppfylla sin f\u00f6retagsdr\u00f6m!","og_url":"https:\/\/nyforetagarcentrum.se\/sydostraskane\/vara-samarbetspartners\/","og_site_name":"Syd\u00f6stra Sk\u00e5ne","article_modified_time":"2025-12-03T18:23:16+00:00","twitter_card":"summary_large_image","twitter_misc":{"Ber\u00e4knad l\u00e4stid":"1 minut"},"schema":{"@context":"https:\/\/schema.org","@graph":[{"@type":"WebPage","@id":"https:\/\/nyforetagarcentrum.se\/sydostraskane\/vara-samarbetspartners\/","url":"https:\/\/nyforetagarcentrum.se\/sydostraskane\/vara-samarbetspartners\/","name":"V\u00e5ra samarbetspartners - Syd\u00f6stra Sk\u00e5ne","isPartOf":{"@id":"https:\/\/nyforetagarcentrum.se\/sydostraskane\/#website"},"datePublished":"2024-02-22T09:24:51+00:00","dateModified":"2025-12-03T18:23:16+00:00","breadcrumb":{"@id":"https:\/\/nyforetagarcentrum.se\/sydostraskane\/vara-samarbetspartners\/#breadcrumb"},"inLanguage":"sv-SE","potentialAction":[{"@type":"ReadAction","target":["https:\/\/nyforetagarcentrum.se\/sydostraskane\/vara-samarbetspartners\/"]}]},{"@type":"BreadcrumbList","@id":"https:\/\/nyforetagarcentrum.se\/sydostraskane\/vara-samarbetspartners\/#breadcrumb","itemListElement":[{"@type":"ListItem","position":1,"name":"Hem","item":"https:\/\/nyforetagarcentrum.se\/sydostraskane\/"},{"@type":"ListItem","position":2,"name":"V\u00e5ra samarbetspartners"}]},{"@type":"WebSite","@id":"https:\/\/nyforetagarcentrum.se\/sydostraskane\/#website","url":"https:\/\/nyforetagarcentrum.se\/sydostraskane\/","name":"Syd\u00f6stra Sk\u00e5ne","description":"Sveriges ledande kraft f\u00f6r fler nya livskraftiga f\u00f6retag","publisher":{"@id":"https:\/\/nyforetagarcentrum.se\/sydostraskane\/#organization"},"potentialAction":[{"@type":"SearchAction","target":{"@type":"EntryPoint","urlTemplate":"https:\/\/nyforetagarcentrum.se\/sydostraskane\/?s={search_term_string}"},"query-input":"required name=search_term_string"}],"inLanguage":"sv-SE"},{"@type":"Organization","@id":"https:\/\/nyforetagarcentrum.se\/sydostraskane\/#organization","name":"Syd\u00f6stra Sk\u00e5ne","url":"https:\/\/nyforetagarcentrum.se\/sydostraskane\/","logo":{"@type":"ImageObject","inLanguage":"sv-SE","@id":"https:\/\/nyforetagarcentrum.se\/sydostraskane\/#\/schema\/logo\/image\/","url":"https:\/\/nyforetagarcentrum.se\/sydostraskane\/wp-content\/uploads\/sites\/68\/2024\/04\/Sydostra-Skane-1.png","contentUrl":"https:\/\/nyforetagarcentrum.se\/sydostraskane\/wp-content\/uploads\/sites\/68\/2024\/04\/Sydostra-Skane-1.png","width":1082,"height":542,"caption":"Syd\u00f6stra Sk\u00e5ne"},"image":{"@id":"https:\/\/nyforetagarcentrum.se\/sydostraskane\/#\/schema\/logo\/image\/"}}]}},"_links":{"self":[{"href":"https:\/\/nyforetagarcentrum.se\/sydostraskane\/wp-json\/wp\/v2\/pages\/41"}],"collection":[{"href":"https:\/\/nyforetagarcentrum.se\/sydostraskane\/wp-json\/wp\/v2\/pages"}],"about":[{"href":"https:\/\/nyforetagarcentrum.se\/sydostraskane\/wp-json\/wp\/v2\/types\/page"}],"author":[{"embeddable":true,"href":"https:\/\/nyforetagarcentrum.se\/sydostraskane\/wp-json\/wp\/v2\/users\/1"}],"replies":[{"embeddable":true,"href":"https:\/\/nyforetagarcentrum.se\/sydostraskane\/wp-json\/wp\/v2\/comments?post=41"}],"version-history":[{"count":52,"href":"https:\/\/nyforetagarcentrum.se\/sydostraskane\/wp-json\/wp\/v2\/pages\/41\/revisions"}],"predecessor-version":[{"id":1246,"href":"https:\/\/nyforetagarcentrum.se\/sydostraskane\/wp-json\/wp\/v2\/pages\/41\/revisions\/1246"}],"wp:attachment":[{"href":"https:\/\/nyforetagarcentrum.se\/sydostraskane\/wp-json\/wp\/v2\/media?parent=41"}],"curies":[{"name":"wp","href":"https:\/\/api.w.org\/{rel}","templated":true}]}}