{"id":48,"date":"2024-02-22T10:29:05","date_gmt":"2024-02-22T09:29:05","guid":{"rendered":"https:\/\/nyforetagarcentrum.se\/strangnas\/?page_id=48"},"modified":"2025-04-17T13:52:29","modified_gmt":"2025-04-17T11:52:29","slug":"erbjudanden","status":"publish","type":"page","link":"https:\/\/nyforetagarcentrum.se\/strangnas\/erbjudanden\/","title":{"rendered":"Erbjudanden"},"content":{"rendered":"<section  class=\"nfc-block-hero alignfull\">\n\n    <img loading=\"lazy\" decoding=\"async\" width=\"1920\" height=\"886\" src=\"https:\/\/nyforetagarcentrum.se\/strangnas\/wp-content\/uploads\/sites\/24\/2024\/07\/IMG_3724-scaled-e1764097667822-1920x886.jpg\" class=\"attachment-landscape size-landscape\" alt=\"\" srcset=\"https:\/\/nyforetagarcentrum.se\/strangnas\/wp-content\/uploads\/sites\/24\/2024\/07\/IMG_3724-scaled-e1764097667822-1920x886.jpg 1920w, https:\/\/nyforetagarcentrum.se\/strangnas\/wp-content\/uploads\/sites\/24\/2024\/07\/IMG_3724-scaled-e1764097667822-300x138.jpg 300w, https:\/\/nyforetagarcentrum.se\/strangnas\/wp-content\/uploads\/sites\/24\/2024\/07\/IMG_3724-scaled-e1764097667822-1024x472.jpg 1024w, https:\/\/nyforetagarcentrum.se\/strangnas\/wp-content\/uploads\/sites\/24\/2024\/07\/IMG_3724-scaled-e1764097667822-768x354.jpg 768w, https:\/\/nyforetagarcentrum.se\/strangnas\/wp-content\/uploads\/sites\/24\/2024\/07\/IMG_3724-scaled-e1764097667822-1536x709.jpg 1536w, https:\/\/nyforetagarcentrum.se\/strangnas\/wp-content\/uploads\/sites\/24\/2024\/07\/IMG_3724-scaled-e1764097667822-2048x945.jpg 2048w\" sizes=\"(max-width: 1920px) 100vw, 1920px\" \/>\n    <div class=\"contained\">\n        <h1 class=\"nfc-block-hero__heading\">V\u00e5ra erbjudanden till dig som \u00e4r f\u00f6retagare<\/h1>\n\n            <\/div>\n<\/section>\n\n\n<div style=\"height:50px\" aria-hidden=\"true\" class=\"wp-block-spacer\"><\/div>\n\n\n<section  class=\"nfc-block-breadcrumbs\">\n    <div class=\"wrapper contained\">\n        <ol class=\"breadcrumbs\" itemscope itemtype=\"https:\/\/schema.org\/BreadcrumbList\">\n            <li itemprop=\"itemListElement\" itemscope itemtype=\"https:\/\/schema.org\/ListItem\">\n            \n\n                            <span class=\"current\" itemprop=\"name\">Hem<\/span>\n            \n            <meta itemprop=\"position\" content=\"1\" \/>\n        <\/li>\n    <\/ol>    <\/div>\n<\/section>\n\n\n<h2 class=\"wp-block-heading alignwide has-x-large-font-size\">Ta del av exklusiva erbjudanden<\/h2>\n\n\n<section  class=\"nfc-block-offer_grid alignwide layout-small\">\n    <div class=\"contained\">\n\n        <div class=\"filter-row\">\n            \n                            <button id=\"local-offers-button\">\n                    Lokala partners\n                <\/button>\n                <button id=\"national-offers-button\" class=\"outlined\">\n                    Nationella partners\n                <\/button>\n                    <\/div>\n\n        <div class=\"grid\" id=\"offers-grid\">\n            <div class=\"offer-card\">\n\n    <div class=\"gallery-wrapper\">\n                    <div class=\"selected-media\">\n                                    <img loading=\"lazy\" decoding=\"async\" width=\"800\" height=\"800\" src=\"https:\/\/nyforetagarcentrum.se\/strangnas\/wp-content\/uploads\/sites\/24\/2026\/03\/Strangnaskommun-1.png\" class=\"attachment-large size-large\" alt=\"\" srcset=\"https:\/\/nyforetagarcentrum.se\/strangnas\/wp-content\/uploads\/sites\/24\/2026\/03\/Strangnaskommun-1.png 800w, https:\/\/nyforetagarcentrum.se\/strangnas\/wp-content\/uploads\/sites\/24\/2026\/03\/Strangnaskommun-1-300x300.png 300w, https:\/\/nyforetagarcentrum.se\/strangnas\/wp-content\/uploads\/sites\/24\/2026\/03\/Strangnaskommun-1-150x150.png 150w, https:\/\/nyforetagarcentrum.se\/strangnas\/wp-content\/uploads\/sites\/24\/2026\/03\/Strangnaskommun-1-768x768.png 768w\" sizes=\"(max-width: 800px) 100vw, 800px\" \/>                            <\/div>\n        \n            <\/div>\n\n\n    <div class=\"content-wrapper\">\n        \n        <h3>F\u00e5 r\u00e4tt v\u00e4gledning om tillst\u00e5nd och lov<\/h3>\n\n        \n        <div class=\"content\">\n            <p data-start=\"261\" data-end=\"287\"><strong data-start=\"261\" data-end=\"287\">Tillst\u00e5nd &amp; etablering<\/strong><\/p>\n<p data-start=\"289\" data-end=\"468\">Ska du starta eller utveckla f\u00f6retag och beh\u00f6ver s\u00f6ka tillst\u00e5nd eller lov? Genom m\u00f6tesformen <em data-start=\"382\" data-end=\"394\">Dukat bord<\/em> f\u00e5r du m\u00f6jlighet att tr\u00e4ffa flera av kommunens tj\u00e4nstepersoner samtidigt.<\/p>\n<p data-start=\"470\" data-end=\"698\">Vid m\u00f6tet samlas representanter fr\u00e5n olika omr\u00e5den, till exempel bygglov, milj\u00f6 och andra relevanta funktioner. Syftet \u00e4r att du tidigt ska f\u00e5 en tydlig bild av vad som g\u00e4ller f\u00f6r din verksamhet och vilka steg som beh\u00f6vs fram\u00e5t<\/p>\n        <\/div>\n\n                    <a href=\"https:\/\/www.strangnas.se\/arbete-och-foretagande\/naringsliv-och-foretagande\/foretagsservice-och-vagledning\/dukat-bord---vagledningsmoten-for-tillstand-och-lov?searchQuery=dukat+bord\" class=\"offer-button button outlined\" target=\"_blank\">\n                L\u00e4s mer och boka m\u00f6te via Str\u00e4ngn\u00e4s kommun                                    <div class=\"icon icon-external\"><\/div>\n                            <\/a>\n            <\/div>\n<\/div><div class=\"offer-card\">\n\n    <div class=\"gallery-wrapper\">\n                    <div class=\"selected-media\">\n                                    <img loading=\"lazy\" decoding=\"async\" width=\"1024\" height=\"1024\" src=\"https:\/\/nyforetagarcentrum.se\/strangnas\/wp-content\/uploads\/sites\/24\/2024\/02\/1080x1080px_Contrado-1024x1024.png\" class=\"attachment-large size-large\" alt=\"\" srcset=\"https:\/\/nyforetagarcentrum.se\/strangnas\/wp-content\/uploads\/sites\/24\/2024\/02\/1080x1080px_Contrado-1024x1024.png 1024w, https:\/\/nyforetagarcentrum.se\/strangnas\/wp-content\/uploads\/sites\/24\/2024\/02\/1080x1080px_Contrado-300x300.png 300w, https:\/\/nyforetagarcentrum.se\/strangnas\/wp-content\/uploads\/sites\/24\/2024\/02\/1080x1080px_Contrado-150x150.png 150w, https:\/\/nyforetagarcentrum.se\/strangnas\/wp-content\/uploads\/sites\/24\/2024\/02\/1080x1080px_Contrado-768x768.png 768w, https:\/\/nyforetagarcentrum.se\/strangnas\/wp-content\/uploads\/sites\/24\/2024\/02\/1080x1080px_Contrado-1536x1536.png 1536w, https:\/\/nyforetagarcentrum.se\/strangnas\/wp-content\/uploads\/sites\/24\/2024\/02\/1080x1080px_Contrado-2048x2048.png 2048w, https:\/\/nyforetagarcentrum.se\/strangnas\/wp-content\/uploads\/sites\/24\/2024\/02\/1080x1080px_Contrado-1080x1080.png 1080w\" sizes=\"(max-width: 1024px) 100vw, 1024px\" \/>                            <\/div>\n        \n            <\/div>\n\n\n    <div class=\"content-wrapper\">\n        \n        <h3>Ge ditt f\u00f6retag en stark start &#8211; vi hj\u00e4lper dig p\u00e5 v\u00e4gen!<\/h3>\n\n                    <div class=\"spacer s\"><\/div>\n            <div class=\"categories\">\n                                    <div class=\"tag small\">Ekonomi<\/div>\n                            <\/div>\n        \n        <div class=\"content\">\n            <p>Vi bjuder in till <strong>kostnadsfri<\/strong> r\u00e5dgivning f\u00f6r nyf\u00f6retagare d\u00e4r du f\u00e5r personlig v\u00e4gledning i f\u00f6retagets ekonomi och bokf\u00f6ring \u2013 allt f\u00f6r att du ska k\u00e4nna dig trygg och kunna fokusera p\u00e5 att f\u00f6rverkliga dina id\u00e9er. Vi anpassar m\u00f6tet efter dig och r\u00e5dgivningen p\u00e5g\u00e5r i 40-60 minuter.<\/p>\n<p>Bokas endast via Nyf\u00f6retagarCentrum Str\u00e4ngn\u00e4s: maria.ahlin@nyforetagarcentrum.se<\/p>\n        <\/div>\n\n            <\/div>\n<\/div><div class=\"offer-card\">\n\n    <div class=\"gallery-wrapper\">\n                    <div class=\"selected-media\">\n                                    <img loading=\"lazy\" decoding=\"async\" width=\"1024\" height=\"307\" src=\"https:\/\/nyforetagarcentrum.se\/strangnas\/wp-content\/uploads\/sites\/24\/2026\/03\/LF-white-space-1024x307-1.jpg\" class=\"attachment-large size-large\" alt=\"\" srcset=\"https:\/\/nyforetagarcentrum.se\/strangnas\/wp-content\/uploads\/sites\/24\/2026\/03\/LF-white-space-1024x307-1.jpg 1024w, https:\/\/nyforetagarcentrum.se\/strangnas\/wp-content\/uploads\/sites\/24\/2026\/03\/LF-white-space-1024x307-1-300x90.jpg 300w, https:\/\/nyforetagarcentrum.se\/strangnas\/wp-content\/uploads\/sites\/24\/2026\/03\/LF-white-space-1024x307-1-768x230.jpg 768w\" sizes=\"(max-width: 1024px) 100vw, 1024px\" \/>                            <\/div>\n        \n            <\/div>\n\n\n    <div class=\"content-wrapper\">\n        \n        <h3>Startpaket f\u00f6r dig som ska bli f\u00f6retagare<\/h3>\n\n        \n        <div class=\"content\">\n            <p data-start=\"0\" data-end=\"222\">Att starta f\u00f6retag inneb\u00e4r m\u00e5nga beslut, s\u00e4rskilt kring ekonomi, bank och trygghet. Genom L\u00e4nsf\u00f6rs\u00e4kringar f\u00e5r du tillg\u00e5ng till ett startpaket som g\u00f6r det enklare att komma ig\u00e5ng och skapa r\u00e4tt f\u00f6ruts\u00e4ttningar fr\u00e5n b\u00f6rjan.<\/p>\n<p data-start=\"224\" data-end=\"451\">Du f\u00e5r st\u00f6d i att bli f\u00f6retagskund och hj\u00e4lp att s\u00e4tta upp de tj\u00e4nster du beh\u00f6ver f\u00f6r din verksamhet. Genom att samla bank och f\u00f6rs\u00e4kring p\u00e5 ett st\u00e4lle blir det enklare att f\u00e5 \u00f6verblick och fatta genomt\u00e4nkta beslut l\u00e4ngs v\u00e4gen.<\/p>\n<p data-start=\"453\" data-end=\"553\">Erbjudandet riktar sig till dig som \u00e4r i startfasen eller nyligen har kommit ig\u00e5ng med ditt f\u00f6retag.<\/p>\n        <\/div>\n\n                    <a href=\"https:\/\/www.lansforsakringar.se\/sodermanland\/foretag\/om-oss\/erbjudanden\/startpaket-foretagare\/\" class=\"offer-button button outlined\" target=\"_blank\">\n                L\u00e4s mer                                    <div class=\"icon icon-external\"><\/div>\n                            <\/a>\n            <\/div>\n<\/div>        <\/div>\n    <\/div>\n<\/section>\n\n\n<div style=\"height:80px\" aria-hidden=\"true\" class=\"wp-block-spacer\"><\/div>\n","protected":false},"excerpt":{"rendered":"<p>Ta del av exklusiva erbjudanden<\/p>\n","protected":false},"author":1,"featured_media":0,"parent":0,"menu_order":0,"comment_status":"closed","ping_status":"closed","template":"","meta":{"footnotes":""},"acf":[],"yoast_head":"<!-- This site is optimized with the Yoast SEO plugin v22.9 - https:\/\/yoast.com\/wordpress\/plugins\/seo\/ -->\n<title>Erbjudanden - Str\u00e4ngn\u00e4s<\/title>\n<meta name=\"robots\" content=\"index, follow, max-snippet:-1, max-image-preview:large, max-video-preview:-1\" \/>\n<link rel=\"canonical\" href=\"https:\/\/nyforetagarcentrum.se\/strangnas\/erbjudanden\/\" \/>\n<meta property=\"og:locale\" content=\"sv_SE\" \/>\n<meta property=\"og:type\" content=\"article\" \/>\n<meta property=\"og:title\" content=\"Erbjudanden - Str\u00e4ngn\u00e4s\" \/>\n<meta property=\"og:description\" content=\"Ta del av exklusiva erbjudanden\" \/>\n<meta property=\"og:url\" content=\"https:\/\/nyforetagarcentrum.se\/strangnas\/erbjudanden\/\" \/>\n<meta property=\"og:site_name\" content=\"Str\u00e4ngn\u00e4s\" \/>\n<meta property=\"article:modified_time\" content=\"2025-04-17T11:52:29+00:00\" \/>\n<meta name=\"twitter:card\" content=\"summary_large_image\" \/>\n<meta name=\"twitter:label1\" content=\"Ber\u00e4knad l\u00e4stid\" \/>\n\t<meta name=\"twitter:data1\" content=\"1 minut\" \/>\n<script type=\"application\/ld+json\" class=\"yoast-schema-graph\">{\"@context\":\"https:\/\/schema.org\",\"@graph\":[{\"@type\":\"WebPage\",\"@id\":\"https:\/\/nyforetagarcentrum.se\/strangnas\/erbjudanden\/\",\"url\":\"https:\/\/nyforetagarcentrum.se\/strangnas\/erbjudanden\/\",\"name\":\"Erbjudanden - Str\u00e4ngn\u00e4s\",\"isPartOf\":{\"@id\":\"https:\/\/nyforetagarcentrum.se\/strangnas\/#website\"},\"datePublished\":\"2024-02-22T09:29:05+00:00\",\"dateModified\":\"2025-04-17T11:52:29+00:00\",\"breadcrumb\":{\"@id\":\"https:\/\/nyforetagarcentrum.se\/strangnas\/erbjudanden\/#breadcrumb\"},\"inLanguage\":\"sv-SE\",\"potentialAction\":[{\"@type\":\"ReadAction\",\"target\":[\"https:\/\/nyforetagarcentrum.se\/strangnas\/erbjudanden\/\"]}]},{\"@type\":\"BreadcrumbList\",\"@id\":\"https:\/\/nyforetagarcentrum.se\/strangnas\/erbjudanden\/#breadcrumb\",\"itemListElement\":[{\"@type\":\"ListItem\",\"position\":1,\"name\":\"Hem\",\"item\":\"https:\/\/nyforetagarcentrum.se\/strangnas\/\"},{\"@type\":\"ListItem\",\"position\":2,\"name\":\"Erbjudanden\"}]},{\"@type\":\"WebSite\",\"@id\":\"https:\/\/nyforetagarcentrum.se\/strangnas\/#website\",\"url\":\"https:\/\/nyforetagarcentrum.se\/strangnas\/\",\"name\":\"Str\u00e4ngn\u00e4s\",\"description\":\"Sveriges ledande kraft f\u00f6r fler nya livskraftiga f\u00f6retag\",\"publisher\":{\"@id\":\"https:\/\/nyforetagarcentrum.se\/strangnas\/#organization\"},\"potentialAction\":[{\"@type\":\"SearchAction\",\"target\":{\"@type\":\"EntryPoint\",\"urlTemplate\":\"https:\/\/nyforetagarcentrum.se\/strangnas\/?s={search_term_string}\"},\"query-input\":\"required name=search_term_string\"}],\"inLanguage\":\"sv-SE\"},{\"@type\":\"Organization\",\"@id\":\"https:\/\/nyforetagarcentrum.se\/strangnas\/#organization\",\"name\":\"Str\u00e4ngn\u00e4s\",\"url\":\"https:\/\/nyforetagarcentrum.se\/strangnas\/\",\"logo\":{\"@type\":\"ImageObject\",\"inLanguage\":\"sv-SE\",\"@id\":\"https:\/\/nyforetagarcentrum.se\/strangnas\/#\/schema\/logo\/image\/\",\"url\":\"https:\/\/nyforetagarcentrum.se\/strangnas\/wp-content\/uploads\/sites\/24\/2024\/04\/Strangnas.png\",\"contentUrl\":\"https:\/\/nyforetagarcentrum.se\/strangnas\/wp-content\/uploads\/sites\/24\/2024\/04\/Strangnas.png\",\"width\":1082,\"height\":542,\"caption\":\"Str\u00e4ngn\u00e4s\"},\"image\":{\"@id\":\"https:\/\/nyforetagarcentrum.se\/strangnas\/#\/schema\/logo\/image\/\"}}]}<\/script>\n<!-- \/ Yoast SEO plugin. -->","yoast_head_json":{"title":"Erbjudanden - Str\u00e4ngn\u00e4s","robots":{"index":"index","follow":"follow","max-snippet":"max-snippet:-1","max-image-preview":"max-image-preview:large","max-video-preview":"max-video-preview:-1"},"canonical":"https:\/\/nyforetagarcentrum.se\/strangnas\/erbjudanden\/","og_locale":"sv_SE","og_type":"article","og_title":"Erbjudanden - Str\u00e4ngn\u00e4s","og_description":"Ta del av exklusiva erbjudanden","og_url":"https:\/\/nyforetagarcentrum.se\/strangnas\/erbjudanden\/","og_site_name":"Str\u00e4ngn\u00e4s","article_modified_time":"2025-04-17T11:52:29+00:00","twitter_card":"summary_large_image","twitter_misc":{"Ber\u00e4knad l\u00e4stid":"1 minut"},"schema":{"@context":"https:\/\/schema.org","@graph":[{"@type":"WebPage","@id":"https:\/\/nyforetagarcentrum.se\/strangnas\/erbjudanden\/","url":"https:\/\/nyforetagarcentrum.se\/strangnas\/erbjudanden\/","name":"Erbjudanden - Str\u00e4ngn\u00e4s","isPartOf":{"@id":"https:\/\/nyforetagarcentrum.se\/strangnas\/#website"},"datePublished":"2024-02-22T09:29:05+00:00","dateModified":"2025-04-17T11:52:29+00:00","breadcrumb":{"@id":"https:\/\/nyforetagarcentrum.se\/strangnas\/erbjudanden\/#breadcrumb"},"inLanguage":"sv-SE","potentialAction":[{"@type":"ReadAction","target":["https:\/\/nyforetagarcentrum.se\/strangnas\/erbjudanden\/"]}]},{"@type":"BreadcrumbList","@id":"https:\/\/nyforetagarcentrum.se\/strangnas\/erbjudanden\/#breadcrumb","itemListElement":[{"@type":"ListItem","position":1,"name":"Hem","item":"https:\/\/nyforetagarcentrum.se\/strangnas\/"},{"@type":"ListItem","position":2,"name":"Erbjudanden"}]},{"@type":"WebSite","@id":"https:\/\/nyforetagarcentrum.se\/strangnas\/#website","url":"https:\/\/nyforetagarcentrum.se\/strangnas\/","name":"Str\u00e4ngn\u00e4s","description":"Sveriges ledande kraft f\u00f6r fler nya livskraftiga f\u00f6retag","publisher":{"@id":"https:\/\/nyforetagarcentrum.se\/strangnas\/#organization"},"potentialAction":[{"@type":"SearchAction","target":{"@type":"EntryPoint","urlTemplate":"https:\/\/nyforetagarcentrum.se\/strangnas\/?s={search_term_string}"},"query-input":"required name=search_term_string"}],"inLanguage":"sv-SE"},{"@type":"Organization","@id":"https:\/\/nyforetagarcentrum.se\/strangnas\/#organization","name":"Str\u00e4ngn\u00e4s","url":"https:\/\/nyforetagarcentrum.se\/strangnas\/","logo":{"@type":"ImageObject","inLanguage":"sv-SE","@id":"https:\/\/nyforetagarcentrum.se\/strangnas\/#\/schema\/logo\/image\/","url":"https:\/\/nyforetagarcentrum.se\/strangnas\/wp-content\/uploads\/sites\/24\/2024\/04\/Strangnas.png","contentUrl":"https:\/\/nyforetagarcentrum.se\/strangnas\/wp-content\/uploads\/sites\/24\/2024\/04\/Strangnas.png","width":1082,"height":542,"caption":"Str\u00e4ngn\u00e4s"},"image":{"@id":"https:\/\/nyforetagarcentrum.se\/strangnas\/#\/schema\/logo\/image\/"}}]}},"_links":{"self":[{"href":"https:\/\/nyforetagarcentrum.se\/strangnas\/wp-json\/wp\/v2\/pages\/48"}],"collection":[{"href":"https:\/\/nyforetagarcentrum.se\/strangnas\/wp-json\/wp\/v2\/pages"}],"about":[{"href":"https:\/\/nyforetagarcentrum.se\/strangnas\/wp-json\/wp\/v2\/types\/page"}],"author":[{"embeddable":true,"href":"https:\/\/nyforetagarcentrum.se\/strangnas\/wp-json\/wp\/v2\/users\/1"}],"replies":[{"embeddable":true,"href":"https:\/\/nyforetagarcentrum.se\/strangnas\/wp-json\/wp\/v2\/comments?post=48"}],"version-history":[{"count":11,"href":"https:\/\/nyforetagarcentrum.se\/strangnas\/wp-json\/wp\/v2\/pages\/48\/revisions"}],"predecessor-version":[{"id":1168,"href":"https:\/\/nyforetagarcentrum.se\/strangnas\/wp-json\/wp\/v2\/pages\/48\/revisions\/1168"}],"wp:attachment":[{"href":"https:\/\/nyforetagarcentrum.se\/strangnas\/wp-json\/wp\/v2\/media?parent=48"}],"curies":[{"name":"wp","href":"https:\/\/api.w.org\/{rel}","templated":true}]}}