{"id":169,"date":"2024-02-27T16:06:59","date_gmt":"2024-02-27T15:06:59","guid":{"rendered":"https:\/\/nyforetagarcentrum.se\/strangnas\/?page_id=169"},"modified":"2025-11-25T20:24:47","modified_gmt":"2025-11-25T19:24:47","slug":"kontakt","status":"publish","type":"page","link":"https:\/\/nyforetagarcentrum.se\/strangnas\/kontakt\/","title":{"rendered":"Kontakta oss"},"content":{"rendered":"\n<div class=\"wp-block-group alignwide is-layout-constrained wp-block-group-is-layout-constrained\">\n<div class=\"wp-block-columns alignfull is-layout-flex wp-container-core-columns-is-layout-1 wp-block-columns-is-layout-flex\">\n<div class=\"wp-block-column is-vertically-aligned-top is-layout-flow wp-block-column-is-layout-flow\">\n<div class=\"wp-block-group is-layout-constrained wp-block-group-is-layout-constrained\">\n<p><\/p>\n\n\n\n<h1 class=\"wp-block-heading alignwide has-text-align-left\">Kontakta oss <\/h1>\n<\/div>\n\n\n\n<p>\u00c4r du intresserad av att\u00a0<strong>boka r\u00e5dgivning<\/strong>\u00a0g\u00f6r du det l\u00e4ttast direkt online. Har du andra fr\u00e5gor kan du kontakta oss via formul\u00e4ret eller p\u00e5 telefon.<\/p>\n<\/div>\n\n\n\n<div class=\"wp-block-column is-layout-flow wp-block-column-is-layout-flow\">\n<p><\/p>\n<\/div>\n<\/div>\n<\/div>\n\n\n\n<div class=\"wp-block-group alignwide is-layout-constrained wp-block-group-is-layout-constrained\">\n<div class=\"wp-block-columns alignwide are-vertically-aligned-center is-layout-flex wp-container-core-columns-is-layout-2 wp-block-columns-is-layout-flex\">\n<div class=\"wp-block-column is-vertically-aligned-center is-layout-flow wp-block-column-is-layout-flow\" style=\"flex-basis:50%\">\n<div class=\"wp-block-group is-layout-constrained wp-block-group-is-layout-constrained\">\n<div class=\"wp-block-group is-vertical is-layout-flex wp-container-core-group-is-layout-3 wp-block-group-is-layout-flex\">\n<figure class=\"wp-block-image size-large\"><img loading=\"lazy\" decoding=\"async\" width=\"1024\" height=\"683\" src=\"https:\/\/nyforetagarcentrum.se\/strangnas\/wp-content\/uploads\/sites\/24\/2025\/11\/IMG_3418-1024x683.jpg\" alt=\"\" class=\"wp-image-871\" srcset=\"https:\/\/nyforetagarcentrum.se\/strangnas\/wp-content\/uploads\/sites\/24\/2025\/11\/IMG_3418-1024x683.jpg 1024w, https:\/\/nyforetagarcentrum.se\/strangnas\/wp-content\/uploads\/sites\/24\/2025\/11\/IMG_3418-300x200.jpg 300w, https:\/\/nyforetagarcentrum.se\/strangnas\/wp-content\/uploads\/sites\/24\/2025\/11\/IMG_3418-768x512.jpg 768w, https:\/\/nyforetagarcentrum.se\/strangnas\/wp-content\/uploads\/sites\/24\/2025\/11\/IMG_3418-1536x1024.jpg 1536w, https:\/\/nyforetagarcentrum.se\/strangnas\/wp-content\/uploads\/sites\/24\/2025\/11\/IMG_3418-2048x1365.jpg 2048w, https:\/\/nyforetagarcentrum.se\/strangnas\/wp-content\/uploads\/sites\/24\/2025\/11\/IMG_3418-1620x1080.jpg 1620w\" sizes=\"(max-width: 1024px) 100vw, 1024px\" \/><\/figure>\n<\/div>\n<\/div>\n<\/div>\n\n\n\n<div class=\"wp-block-column is-layout-flow wp-block-column-is-layout-flow\" style=\"flex-basis:50%\"><section  class=\"nfc-block-form aligncenter layout-small\">\n    <div class=\"contained\">\n\n        <form data-nfc-form=\"block_4e763cb963511a7adc4b822b6b5e6d57\" data-nfc-page=\"169\">\n            <label class=\"input-wrapper required\" for=\"namn-och-efternamn\">\n    <span>Namn och Efternamn<\/span>\n    <input type=\"text\" name=\"namn-och-efternamn\" id=\"namn-och-efternamn\" placeholder=\"Ditt namn\" required>\n<\/label><label class=\"input-wrapper required\" for=\"mailadress\">\n    <span>Mailadress<\/span>\n    <input type=\"text\" name=\"mailadress\" id=\"mailadress\" placeholder=\"Din mailadress\" required>\n<\/label><label class=\"input-wrapper\" for=\"telefonnummer\">\n    <span>Telefonnummer<\/span>\n    <input type=\"number\" name=\"telefonnummer\" id=\"telefonnummer\" placeholder=\"Ditt telefonnummer\" >\n<\/label><label class=\"input-wrapper required\" for=\"meddelande\">\n    <span>Meddelande<\/span>\n    <textarea type=\"text\" name=\"meddelande\" id=\"meddelande\" placeholder=\"Skriv ditt meddelande h\u00e4r\" required rows=\"6\"><\/textarea>\n<\/label>\n            <div class=\"input-wrapper\">\n                <button type=\"submit\" class=\"button\">Skicka<\/button>\n            <\/div>\n        <\/form>\n    <\/div>\n<\/section><\/div>\n<\/div>\n<\/div>\n\n\n\n<div style=\"height:100px\" aria-hidden=\"true\" class=\"wp-block-spacer\"><\/div>\n\n\n<section  class=\"nfc-block-split_screen alignwide image_alignment-right theme-dark\">\n    <div class=\"wrapper\">\n        <div class=\"nfc-block-split_screen__image-wrapper\">\n            <img loading=\"lazy\" decoding=\"async\" width=\"720\" height=\"1080\" src=\"https:\/\/nyforetagarcentrum.se\/strangnas\/wp-content\/uploads\/sites\/24\/2024\/02\/074fbd4f185748329fcc0d3630a184b2-720x1080-1.png\" class=\"attachment-landscape size-landscape\" alt=\"\" srcset=\"https:\/\/nyforetagarcentrum.se\/strangnas\/wp-content\/uploads\/sites\/24\/2024\/02\/074fbd4f185748329fcc0d3630a184b2-720x1080-1.png 720w, https:\/\/nyforetagarcentrum.se\/strangnas\/wp-content\/uploads\/sites\/24\/2024\/02\/074fbd4f185748329fcc0d3630a184b2-720x1080-1-200x300.png 200w, https:\/\/nyforetagarcentrum.se\/strangnas\/wp-content\/uploads\/sites\/24\/2024\/02\/074fbd4f185748329fcc0d3630a184b2-720x1080-1-683x1024.png 683w\" sizes=\"(max-width: 720px) 100vw, 720px\" \/>        <\/div>\n\n        <div class=\"nfc-block-split_screen__content-wrapper\">\n            <h2>Kontakta<\/h2>\n<h2>Nyf\u00f6retagarCentrum Str\u00e4ngn\u00e4s<\/h2>\n<p><strong>Maria Ahlin<\/strong><br \/>\nVerksamhetsledare<br \/>\nMail:\u00a0<a style=\"color: #ffffff\" href=\"mailto:maria.ahlin@nyforetagarcentrum.se\" target=\"_blank\" rel=\"noopener noreferrer\">maria.ahlin@nyforetagarcentrum.se<\/a><\/p>\n<p>Nyf\u00f6retagarCentrum Str\u00e4ngn\u00e4s<br \/>\nJ\u00e4rnv\u00e4gsgatan 7<br \/>\n64531 Str\u00e4ngn\u00e4s<\/p>\n<p><a style=\"color: #ffffff\" href=\"mailto:strangnas@nyforetagarcentrum.se\">Mail:\u00a0<\/a><a style=\"color: #ffffff\" href=\"mailto:strangnas@nyforetagarcentrum.se\" target=\"_blank\" rel=\"noopener noreferrer\">strangnas@nyforetagarcentrum.se<\/a><a style=\"color: #ffffff\" href=\"mailto:strangnas@nyforetagarcentrum.se\"><br \/>\n<\/a>Mobil: +4676-004 70 26<\/p>\n\n            \n        <\/div>\n    <\/div>\n<\/section>\n\n\n<div style=\"height:100px\" aria-hidden=\"true\" class=\"wp-block-spacer\"><\/div>\n\n\n<script>const member_map_block_28c4693fae6a56f05f8325ddd828db54 = [{\"id\":\"24-326\",\"lng\":\"17.00885689\",\"lat\":\"59.37780551\",\"title\":\"Nyf\\u00f6retagarCentrum Str\\u00e4ngn\\u00e4s\",\"address\":\"J\\u00e4rnv\\u00e4gsgatan 7, 64531 Str\\u00e4ngn\\u00e4s\"}];<\/script>\n\n<!-- Loads the google map api. -->\n<script type=\"text\/javascript\" src=\"\/\/maps.googleapis.com\/maps\/api\/js?key=AIzaSyDGhZjiYRUYd9Gp8cEzhhoiQNx5apfS6jM&#038;sensor=false\"><\/script>\n\n<section  class=\"nfc-block-locations alignwide\">\n\n    <div class=\"search-wrapper\">\n        <input type=\"text\" id=\"search-location\" placeholder=\"S\u00f6k p\u00e5 ort eller adress\">\n    <\/div>\n\n    <div class=\"location-list\">\n\n                    <div class=\"location\" id=\"location-24-326\">\n                <h2 class=\"location-title\">Nyf\u00f6retagarCentrum Str\u00e4ngn\u00e4s<\/h2>\n\n                <div class=\"address-container\">\n                    <p>J\u00e4rnv\u00e4gsgatan 7<\/p>\n                    <p>64531 Str\u00e4ngn\u00e4s<\/p>\n                <\/div>\n\n                                    <a href=\"https:\/\/www.nyforetagarcentrum.se\/strangnas\" class=\"location-link\" target=\"_blank\" rel=\"noopener noreferrer\">https:\/\/www.nyforetagarcentrum.se\/strangnas<\/a>\n                \n            <\/div>\n        \n    <\/div>\n    <div class=\"location-map\" id=\"map\">\n        <noscript><p>JavaScript is required to render the Google Map.<\/p><\/noscript>\n    <\/div>\n<\/section>\n\n\n\n<script>\n\n\t\/\/ Initialize and add the map\n\tlet map;\n\n\tasync function initMap() {\n\n        \/\/ Fetch the current position based on the user's IP address.\n        const userLocation = await fetch('https:\/\/ipapi.co\/json\/')\n            .then(response => response.json())\n            .then(data => {\n                return {\n                    lat: data.latitude,\n                    lng: data.longitude\n                };\n            })\n            .catch(error => {\n                console.error('Error:', error);\n            });\n\n\n\n\t\t\/\/ Request needed libraries.\n\t\tconst { Map } = await google.maps.importLibrary(\"maps\");\n\t\tconst { AdvancedMarkerElement } = await google.maps.importLibrary(\"marker\");\n\n\t\t\/\/ The map, centered at Uluru\n\t\tmap = new google.maps.Map(document.getElementById(\"map\"), {\n\t\t\tzoom: 5,\n\t\t\tmapId: \"7883236a355b0892\"\n\t\t});\n\n\n\t\t\/\/ Add the pins\n\t\tconst pins = member_map_block_28c4693fae6a56f05f8325ddd828db54;\n\t\tconst markers = pins.map(pin => {\n\n\t\t\tconst marker = new AdvancedMarkerElement({\n\t\t\t\tposition: { lat: Number(pin.lat), lng: Number(pin.lng) },\n\t\t\t\tmap,\n\t\t\t\ttitle: pin.title,\n\t\t\t});\n\n\t\t\tmarker.addListener('gmp-click', () => {\n                const el = document.getElementById('location-' + pin.id);\n                if ( ! el ) {\n                    return;\n                }\n\n                el.scrollIntoView({ behavior: 'smooth', block: 'nearest', inline: 'start' })\n                el.classList.add('highlighted');\n                setTimeout(() => el.classList.remove('highlighted'), 1000);\n\t\t\t})\n\n\t\t\treturn {marker, pin};\n\t\t});\n\n\n        const bounds = new google.maps.LatLngBounds();\n        markers.forEach(marker => bounds.extend(marker.marker.position));\n\n\n        \/\/ Center the map on the user location\n        if (userLocation && bounds.contains(userLocation)) {\n            map.setCenter(userLocation);\n            map.setZoom(9);\n        } else {\n            map.fitBounds(bounds);\n        }\n\n        google.maps.event.addListener(map, 'idle', function() {\n            if (markers.some(marker => map.getBounds().contains(marker.marker.position))) {\n            } else {\n                map.setZoom(map.getZoom() - 1);\n            }\n        });\n\n\n\n        const searchInput = document.getElementById('search-location');\n        if (searchInput) {\n            searchInput.addEventListener('input', (e) => {\n                const search = e.target.value.toLowerCase();\n                const locations = document.querySelectorAll('.location');\n                locations.forEach(location => {\n                    const title = location.querySelector('.location-title').textContent.toLowerCase();\n                    const address = location.querySelector('.address-container').textContent.toLowerCase();\n                    if (title.includes(search) || address.includes(search)) {\n                        location.style.display = 'block';\n                    } else {\n                        location.style.display = 'none';\n                    }\n                });\n\n                const bounds = new google.maps.LatLngBounds();\n\n\n                let hasMarker = false;\n                markers.forEach(marker => {\n                    const title = marker.pin.title.toLowerCase();\n                    const address = marker.pin.address.toLowerCase();\n                    if (title.includes(search) || address.includes(search)) {\n                        marker.marker.setMap(map);\n                        bounds.extend(marker.marker.position)\n                        hasMarker = true;\n                    } else {\n                        marker.marker.setMap(null);\n                    }\n                });\n\n                if (!hasMarker) {\n                    map.setCenter({ lat: 62.3908, lng: 16.3252 });\n                    map.setZoom(5);\n                } else {\n                    map.fitBounds(bounds);\n                }\n            });\n        }\n\t}\n\n\tinitMap();\n\n\n<\/script>\n\n\n<div style=\"height:100px\" aria-hidden=\"true\" class=\"wp-block-spacer\"><\/div>\n","protected":false},"excerpt":{"rendered":"<p>Kontakta oss \u00c4r du intresserad av att\u00a0boka r\u00e5dgivning\u00a0g\u00f6r du det l\u00e4ttast direkt online. Har du andra fr\u00e5gor kan du kontakta oss via formul\u00e4ret eller p\u00e5 telefon.<\/p>\n","protected":false},"author":1,"featured_media":0,"parent":0,"menu_order":0,"comment_status":"closed","ping_status":"closed","template":"","meta":{"footnotes":""},"acf":[],"yoast_head":"<!-- This site is optimized with the Yoast SEO plugin v22.9 - https:\/\/yoast.com\/wordpress\/plugins\/seo\/ -->\n<title>Kontakta oss - Str\u00e4ngn\u00e4s<\/title>\n<meta name=\"robots\" content=\"index, follow, max-snippet:-1, max-image-preview:large, max-video-preview:-1\" \/>\n<link rel=\"canonical\" href=\"https:\/\/nyforetagarcentrum.se\/strangnas\/kontakt\/\" \/>\n<meta property=\"og:locale\" content=\"sv_SE\" \/>\n<meta property=\"og:type\" content=\"article\" \/>\n<meta property=\"og:title\" content=\"Kontakta oss - Str\u00e4ngn\u00e4s\" \/>\n<meta property=\"og:description\" content=\"Kontakta oss \u00c4r du intresserad av att\u00a0boka r\u00e5dgivning\u00a0g\u00f6r du det l\u00e4ttast direkt online. Har du andra fr\u00e5gor kan du kontakta oss via formul\u00e4ret eller p\u00e5 telefon.\" \/>\n<meta property=\"og:url\" content=\"https:\/\/nyforetagarcentrum.se\/strangnas\/kontakt\/\" \/>\n<meta property=\"og:site_name\" content=\"Str\u00e4ngn\u00e4s\" \/>\n<meta property=\"article:modified_time\" content=\"2025-11-25T19:24:47+00:00\" \/>\n<meta property=\"og:image\" content=\"https:\/\/nyforetagarcentrum.se\/strangnas\/wp-content\/uploads\/sites\/24\/2025\/11\/IMG_3418-1024x683.jpg\" \/>\n<meta name=\"twitter:card\" content=\"summary_large_image\" \/>\n<meta name=\"twitter:label1\" content=\"Ber\u00e4knad l\u00e4stid\" \/>\n\t<meta name=\"twitter:data1\" content=\"1 minut\" \/>\n<script type=\"application\/ld+json\" class=\"yoast-schema-graph\">{\"@context\":\"https:\/\/schema.org\",\"@graph\":[{\"@type\":\"WebPage\",\"@id\":\"https:\/\/nyforetagarcentrum.se\/strangnas\/kontakt\/\",\"url\":\"https:\/\/nyforetagarcentrum.se\/strangnas\/kontakt\/\",\"name\":\"Kontakta oss - Str\u00e4ngn\u00e4s\",\"isPartOf\":{\"@id\":\"https:\/\/nyforetagarcentrum.se\/strangnas\/#website\"},\"primaryImageOfPage\":{\"@id\":\"https:\/\/nyforetagarcentrum.se\/strangnas\/kontakt\/#primaryimage\"},\"image\":{\"@id\":\"https:\/\/nyforetagarcentrum.se\/strangnas\/kontakt\/#primaryimage\"},\"thumbnailUrl\":\"https:\/\/nyforetagarcentrum.se\/strangnas\/wp-content\/uploads\/sites\/24\/2025\/11\/IMG_3418-1024x683.jpg\",\"datePublished\":\"2024-02-27T15:06:59+00:00\",\"dateModified\":\"2025-11-25T19:24:47+00:00\",\"breadcrumb\":{\"@id\":\"https:\/\/nyforetagarcentrum.se\/strangnas\/kontakt\/#breadcrumb\"},\"inLanguage\":\"sv-SE\",\"potentialAction\":[{\"@type\":\"ReadAction\",\"target\":[\"https:\/\/nyforetagarcentrum.se\/strangnas\/kontakt\/\"]}]},{\"@type\":\"ImageObject\",\"inLanguage\":\"sv-SE\",\"@id\":\"https:\/\/nyforetagarcentrum.se\/strangnas\/kontakt\/#primaryimage\",\"url\":\"https:\/\/nyforetagarcentrum.se\/strangnas\/wp-content\/uploads\/sites\/24\/2025\/11\/IMG_3418-scaled.jpg\",\"contentUrl\":\"https:\/\/nyforetagarcentrum.se\/strangnas\/wp-content\/uploads\/sites\/24\/2025\/11\/IMG_3418-scaled.jpg\",\"width\":2560,\"height\":1707},{\"@type\":\"BreadcrumbList\",\"@id\":\"https:\/\/nyforetagarcentrum.se\/strangnas\/kontakt\/#breadcrumb\",\"itemListElement\":[{\"@type\":\"ListItem\",\"position\":1,\"name\":\"Hem\",\"item\":\"https:\/\/nyforetagarcentrum.se\/strangnas\/\"},{\"@type\":\"ListItem\",\"position\":2,\"name\":\"Kontakta oss\"}]},{\"@type\":\"WebSite\",\"@id\":\"https:\/\/nyforetagarcentrum.se\/strangnas\/#website\",\"url\":\"https:\/\/nyforetagarcentrum.se\/strangnas\/\",\"name\":\"Str\u00e4ngn\u00e4s\",\"description\":\"Sveriges ledande kraft f\u00f6r fler nya livskraftiga f\u00f6retag\",\"publisher\":{\"@id\":\"https:\/\/nyforetagarcentrum.se\/strangnas\/#organization\"},\"potentialAction\":[{\"@type\":\"SearchAction\",\"target\":{\"@type\":\"EntryPoint\",\"urlTemplate\":\"https:\/\/nyforetagarcentrum.se\/strangnas\/?s={search_term_string}\"},\"query-input\":\"required name=search_term_string\"}],\"inLanguage\":\"sv-SE\"},{\"@type\":\"Organization\",\"@id\":\"https:\/\/nyforetagarcentrum.se\/strangnas\/#organization\",\"name\":\"Str\u00e4ngn\u00e4s\",\"url\":\"https:\/\/nyforetagarcentrum.se\/strangnas\/\",\"logo\":{\"@type\":\"ImageObject\",\"inLanguage\":\"sv-SE\",\"@id\":\"https:\/\/nyforetagarcentrum.se\/strangnas\/#\/schema\/logo\/image\/\",\"url\":\"https:\/\/nyforetagarcentrum.se\/strangnas\/wp-content\/uploads\/sites\/24\/2024\/04\/Strangnas.png\",\"contentUrl\":\"https:\/\/nyforetagarcentrum.se\/strangnas\/wp-content\/uploads\/sites\/24\/2024\/04\/Strangnas.png\",\"width\":1082,\"height\":542,\"caption\":\"Str\u00e4ngn\u00e4s\"},\"image\":{\"@id\":\"https:\/\/nyforetagarcentrum.se\/strangnas\/#\/schema\/logo\/image\/\"}}]}<\/script>\n<!-- \/ Yoast SEO plugin. -->","yoast_head_json":{"title":"Kontakta oss - Str\u00e4ngn\u00e4s","robots":{"index":"index","follow":"follow","max-snippet":"max-snippet:-1","max-image-preview":"max-image-preview:large","max-video-preview":"max-video-preview:-1"},"canonical":"https:\/\/nyforetagarcentrum.se\/strangnas\/kontakt\/","og_locale":"sv_SE","og_type":"article","og_title":"Kontakta oss - Str\u00e4ngn\u00e4s","og_description":"Kontakta oss \u00c4r du intresserad av att\u00a0boka r\u00e5dgivning\u00a0g\u00f6r du det l\u00e4ttast direkt online. Har du andra fr\u00e5gor kan du kontakta oss via formul\u00e4ret eller p\u00e5 telefon.","og_url":"https:\/\/nyforetagarcentrum.se\/strangnas\/kontakt\/","og_site_name":"Str\u00e4ngn\u00e4s","article_modified_time":"2025-11-25T19:24:47+00:00","og_image":[{"url":"https:\/\/nyforetagarcentrum.se\/strangnas\/wp-content\/uploads\/sites\/24\/2025\/11\/IMG_3418-1024x683.jpg"}],"twitter_card":"summary_large_image","twitter_misc":{"Ber\u00e4knad l\u00e4stid":"1 minut"},"schema":{"@context":"https:\/\/schema.org","@graph":[{"@type":"WebPage","@id":"https:\/\/nyforetagarcentrum.se\/strangnas\/kontakt\/","url":"https:\/\/nyforetagarcentrum.se\/strangnas\/kontakt\/","name":"Kontakta oss - Str\u00e4ngn\u00e4s","isPartOf":{"@id":"https:\/\/nyforetagarcentrum.se\/strangnas\/#website"},"primaryImageOfPage":{"@id":"https:\/\/nyforetagarcentrum.se\/strangnas\/kontakt\/#primaryimage"},"image":{"@id":"https:\/\/nyforetagarcentrum.se\/strangnas\/kontakt\/#primaryimage"},"thumbnailUrl":"https:\/\/nyforetagarcentrum.se\/strangnas\/wp-content\/uploads\/sites\/24\/2025\/11\/IMG_3418-1024x683.jpg","datePublished":"2024-02-27T15:06:59+00:00","dateModified":"2025-11-25T19:24:47+00:00","breadcrumb":{"@id":"https:\/\/nyforetagarcentrum.se\/strangnas\/kontakt\/#breadcrumb"},"inLanguage":"sv-SE","potentialAction":[{"@type":"ReadAction","target":["https:\/\/nyforetagarcentrum.se\/strangnas\/kontakt\/"]}]},{"@type":"ImageObject","inLanguage":"sv-SE","@id":"https:\/\/nyforetagarcentrum.se\/strangnas\/kontakt\/#primaryimage","url":"https:\/\/nyforetagarcentrum.se\/strangnas\/wp-content\/uploads\/sites\/24\/2025\/11\/IMG_3418-scaled.jpg","contentUrl":"https:\/\/nyforetagarcentrum.se\/strangnas\/wp-content\/uploads\/sites\/24\/2025\/11\/IMG_3418-scaled.jpg","width":2560,"height":1707},{"@type":"BreadcrumbList","@id":"https:\/\/nyforetagarcentrum.se\/strangnas\/kontakt\/#breadcrumb","itemListElement":[{"@type":"ListItem","position":1,"name":"Hem","item":"https:\/\/nyforetagarcentrum.se\/strangnas\/"},{"@type":"ListItem","position":2,"name":"Kontakta oss"}]},{"@type":"WebSite","@id":"https:\/\/nyforetagarcentrum.se\/strangnas\/#website","url":"https:\/\/nyforetagarcentrum.se\/strangnas\/","name":"Str\u00e4ngn\u00e4s","description":"Sveriges ledande kraft f\u00f6r fler nya livskraftiga f\u00f6retag","publisher":{"@id":"https:\/\/nyforetagarcentrum.se\/strangnas\/#organization"},"potentialAction":[{"@type":"SearchAction","target":{"@type":"EntryPoint","urlTemplate":"https:\/\/nyforetagarcentrum.se\/strangnas\/?s={search_term_string}"},"query-input":"required name=search_term_string"}],"inLanguage":"sv-SE"},{"@type":"Organization","@id":"https:\/\/nyforetagarcentrum.se\/strangnas\/#organization","name":"Str\u00e4ngn\u00e4s","url":"https:\/\/nyforetagarcentrum.se\/strangnas\/","logo":{"@type":"ImageObject","inLanguage":"sv-SE","@id":"https:\/\/nyforetagarcentrum.se\/strangnas\/#\/schema\/logo\/image\/","url":"https:\/\/nyforetagarcentrum.se\/strangnas\/wp-content\/uploads\/sites\/24\/2024\/04\/Strangnas.png","contentUrl":"https:\/\/nyforetagarcentrum.se\/strangnas\/wp-content\/uploads\/sites\/24\/2024\/04\/Strangnas.png","width":1082,"height":542,"caption":"Str\u00e4ngn\u00e4s"},"image":{"@id":"https:\/\/nyforetagarcentrum.se\/strangnas\/#\/schema\/logo\/image\/"}}]}},"_links":{"self":[{"href":"https:\/\/nyforetagarcentrum.se\/strangnas\/wp-json\/wp\/v2\/pages\/169"}],"collection":[{"href":"https:\/\/nyforetagarcentrum.se\/strangnas\/wp-json\/wp\/v2\/pages"}],"about":[{"href":"https:\/\/nyforetagarcentrum.se\/strangnas\/wp-json\/wp\/v2\/types\/page"}],"author":[{"embeddable":true,"href":"https:\/\/nyforetagarcentrum.se\/strangnas\/wp-json\/wp\/v2\/users\/1"}],"replies":[{"embeddable":true,"href":"https:\/\/nyforetagarcentrum.se\/strangnas\/wp-json\/wp\/v2\/comments?post=169"}],"version-history":[{"count":47,"href":"https:\/\/nyforetagarcentrum.se\/strangnas\/wp-json\/wp\/v2\/pages\/169\/revisions"}],"predecessor-version":[{"id":886,"href":"https:\/\/nyforetagarcentrum.se\/strangnas\/wp-json\/wp\/v2\/pages\/169\/revisions\/886"}],"wp:attachment":[{"href":"https:\/\/nyforetagarcentrum.se\/strangnas\/wp-json\/wp\/v2\/media?parent=169"}],"curies":[{"name":"wp","href":"https:\/\/api.w.org\/{rel}","templated":true}]}}