{"id":128,"date":"2024-02-22T11:27:10","date_gmt":"2024-02-22T10:27:10","guid":{"rendered":"https:\/\/nyforetagarcentrum.se\/strangnas\/?page_id=128"},"modified":"2026-02-19T13:20:32","modified_gmt":"2026-02-19T12:20:32","slug":"mentor","status":"publish","type":"page","link":"https:\/\/nyforetagarcentrum.se\/strangnas\/mentor\/","title":{"rendered":"Mentor"},"content":{"rendered":"<section  class=\"nfc-block-breadcrumbs alignwide\">\n    <div class=\"wrapper contained\">\n        <ol class=\"breadcrumbs\" itemscope itemtype=\"https:\/\/schema.org\/BreadcrumbList\">\n            <li itemprop=\"itemListElement\" itemscope itemtype=\"https:\/\/schema.org\/ListItem\">\n            \n\n                            <span class=\"current\" itemprop=\"name\">Hem<\/span>\n            \n            <meta itemprop=\"position\" content=\"1\" \/>\n        <\/li>\n    <\/ol>    <\/div>\n<\/section>\n\n\n<div style=\"height:var(--wp--preset--spacing--50)\" aria-hidden=\"true\" class=\"wp-block-spacer\"><\/div>\n\n\n<section  class=\"nfc-block-split_screen alignwide image_alignment-left\">\n    <div class=\"wrapper\">\n        <div class=\"nfc-block-split_screen__image-wrapper\">\n            <img loading=\"lazy\" decoding=\"async\" width=\"1470\" height=\"980\" src=\"https:\/\/nyforetagarcentrum.se\/strangnas\/wp-content\/uploads\/sites\/24\/2024\/02\/ff0c142f817a811d1f53e3e824c71240.png\" class=\"attachment-landscape size-landscape\" alt=\"\" srcset=\"https:\/\/nyforetagarcentrum.se\/strangnas\/wp-content\/uploads\/sites\/24\/2024\/02\/ff0c142f817a811d1f53e3e824c71240.png 1470w, https:\/\/nyforetagarcentrum.se\/strangnas\/wp-content\/uploads\/sites\/24\/2024\/02\/ff0c142f817a811d1f53e3e824c71240-300x200.png 300w, https:\/\/nyforetagarcentrum.se\/strangnas\/wp-content\/uploads\/sites\/24\/2024\/02\/ff0c142f817a811d1f53e3e824c71240-1024x683.png 1024w, https:\/\/nyforetagarcentrum.se\/strangnas\/wp-content\/uploads\/sites\/24\/2024\/02\/ff0c142f817a811d1f53e3e824c71240-768x512.png 768w\" sizes=\"(max-width: 1470px) 100vw, 1470px\" \/>        <\/div>\n\n        <div class=\"nfc-block-split_screen__content-wrapper\">\n            <h1>\u00c4r du intresserad av att delta i v\u00e5rt mentorsprogram?<\/h1>\n<div>\n<p>Livet som ny f\u00f6retagare \u00e4r inte l\u00e4tt, det \u00e4r m\u00e5nga utmaningar och problem man st\u00e4lls inf\u00f6r. Med\u00a0<b>st\u00f6d och support<\/b>\u00a0av en mentor, en\u00a0<b>oberoende och erfaren<\/b>\u00a0f\u00f6retagare, underl\u00e4ttas starten enormt.<\/p>\n<p>Nyf\u00f6retagarCentrums mentorer arbetar\u00a0<b>ideellt<\/b>\u00a0och erbjuder adepterna sina\u00a0<b>erfarenheter och kunskaper<\/b>\u00a0likv\u00e4l som sina\u00a0<b>n\u00e4tverk<\/b>. Under 12 m\u00e5nader har man m\u00f6jlighet att\u00a0<b>kostnadsfritt<\/b>\u00a0f\u00e5: n\u00e5gon att\u00a0<b>bolla med<\/b>\u00a0och utmana id\u00e9er, hj\u00e4lpen att hitta de l\u00e4mpligaste l\u00f6sningarna och komma till beslut, utveckling av\u00a0<b>kommunikation<\/b>\u00a0och\u00a0<b>n\u00e4tverkande\u00a0<\/b>men framf\u00f6r allt\u2026. n\u00e5gon som utan baktankar <b>st\u00f6ttar, motiverar<\/b>\u00a0och hj\u00e4lper till att\u00a0<b>h\u00e5lla fokus<\/b>\u00a0fram\u00e5t.<\/p>\n<\/div>\n\n                            <div class=\"nfc-block-split_screen__buttons\">\n                                            <a href=\"\/mentor\" class=\"button primary\">L\u00e4s mer om nationella mentorsprogrammet h\u00e4r<\/a>\n                                    <\/div>\n            \n        <\/div>\n    <\/div>\n<\/section>\n\n\n<h1 class=\"wp-block-heading has-text-align-center\">Mentorsprogram i Str\u00e4ngn\u00e4s<\/h1>\n\n\n\n<p>Vi deltar i det nationella programmet <strong>Mentor Eget F\u00f6retag<\/strong>, ett program som drivs av v\u00e5r moderorganisation<br>Nyf\u00f6retagarCentrum Sverige. Programmet inneb\u00e4r att du som nyf\u00f6retagare kostnadsfritt kan f\u00e5 tillg\u00e5ng till en <br>mentor under ett \u00e5r, som bidrar med sina erfarenheter och sitt n\u00e4tverk p\u00e5 ideell basis. Med hj\u00e4lp av sin mentor<br>kan adepten d\u00e4rigenom f\u00e5 en enklare f\u00f6retagsstart och m\u00f6jlighet till l\u00f6nsamhet och framg\u00e5ng. <br><br>Vi p\u00e5 Nyf\u00f6retagarCentrum Str\u00e4ngn\u00e4s har ett begr\u00e4nsat antal platser i programmet. Alla som vill medverka kan tyv\u00e4rr inte f\u00e5 en mentor, men vi g\u00f6r allt vad vi kan f\u00f6r att hj\u00e4lpa alla som anm\u00e4ler sig. Det l\u00f6nar sig att s\u00f6ka! Ett krav \u00e4r att du har skrivit din aff\u00e4rsplan och varit p\u00e5 r\u00e5dgivning hos oss.<\/p>\n\n\n\n<p>Om du vill f\u00e5 b\u00e4ttre \u00f6verblick \u00f6ver ditt f\u00f6retagande, f\u00e5 en stabilare snabbare start \u00e4n vad du klarar p\u00e5 egen hand. F\u00e5 hj\u00e4lp att hitta alternativa v\u00e4gar fram\u00e5t med hj\u00e4lp av en erfaren persons kunskaper och n\u00e4tverk. D\u00e5 \u00e4r v\u00e5rt mentorprogram n\u00e5got f\u00f6r dig&#8221; \u00c4r du beredd att arbeta med dessa fr\u00e5gor kan vi lova dig ett roligt och sp\u00e4nnande \u00e5r!<\/p>\n\n\n\n<p>Om du bli antagen kommer v\u00e5r mentorssamordnare Ali Dolovac intervjua dig om ditt f\u00f6retag och ditt behov av st\u00f6d. Kontakta verksamhetsledaren f\u00f6r att anm\u00e4la ditt intresse till att f\u00e5 en mentor: <br><br><strong><a href=\"mailto:maria.ahlin@nyforetagarcentrum.se\">maria.ahlin@nyforetagarcentrum.se<\/a><\/strong><\/p>\n\n\n\n<h2 class=\"wp-block-heading\"><\/h2>\n\n\n\n<div style=\"height:100px\" aria-hidden=\"true\" class=\"wp-block-spacer\"><\/div>\n","protected":false},"excerpt":{"rendered":"<p>Mentorsprogram i Str\u00e4ngn\u00e4s Vi deltar i det nationella programmet Mentor Eget F\u00f6retag, ett program som drivs av v\u00e5r moderorganisationNyf\u00f6retagarCentrum Sverige. Programmet inneb\u00e4r att du som nyf\u00f6retagare kostnadsfritt kan f\u00e5 tillg\u00e5ng till en mentor under ett \u00e5r, som bidrar med sina erfarenheter och sitt n\u00e4tverk p\u00e5 ideell basis. Med hj\u00e4lp av sin mentorkan adepten d\u00e4rigenom f\u00e5 [&hellip;]<\/p>\n","protected":false},"author":1,"featured_media":0,"parent":0,"menu_order":0,"comment_status":"closed","ping_status":"closed","template":"","meta":{"footnotes":""},"acf":[],"yoast_head":"<!-- This site is optimized with the Yoast SEO plugin v22.9 - https:\/\/yoast.com\/wordpress\/plugins\/seo\/ -->\n<title>Mentor - Str\u00e4ngn\u00e4s<\/title>\n<meta name=\"robots\" content=\"index, follow, max-snippet:-1, max-image-preview:large, max-video-preview:-1\" \/>\n<link rel=\"canonical\" href=\"https:\/\/nyforetagarcentrum.se\/strangnas\/mentor\/\" \/>\n<meta property=\"og:locale\" content=\"sv_SE\" \/>\n<meta property=\"og:type\" content=\"article\" \/>\n<meta property=\"og:title\" content=\"Mentor - Str\u00e4ngn\u00e4s\" \/>\n<meta property=\"og:description\" content=\"Mentorsprogram i Str\u00e4ngn\u00e4s Vi deltar i det nationella programmet Mentor Eget F\u00f6retag, ett program som drivs av v\u00e5r moderorganisationNyf\u00f6retagarCentrum Sverige. Programmet inneb\u00e4r att du som nyf\u00f6retagare kostnadsfritt kan f\u00e5 tillg\u00e5ng till en mentor under ett \u00e5r, som bidrar med sina erfarenheter och sitt n\u00e4tverk p\u00e5 ideell basis. Med hj\u00e4lp av sin mentorkan adepten d\u00e4rigenom f\u00e5 [&hellip;]\" \/>\n<meta property=\"og:url\" content=\"https:\/\/nyforetagarcentrum.se\/strangnas\/mentor\/\" \/>\n<meta property=\"og:site_name\" content=\"Str\u00e4ngn\u00e4s\" \/>\n<meta property=\"article:modified_time\" content=\"2026-02-19T12:20:32+00:00\" \/>\n<meta name=\"twitter:card\" content=\"summary_large_image\" \/>\n<meta name=\"twitter:label1\" content=\"Ber\u00e4knad l\u00e4stid\" \/>\n\t<meta name=\"twitter:data1\" content=\"2 minuter\" \/>\n<script type=\"application\/ld+json\" class=\"yoast-schema-graph\">{\"@context\":\"https:\/\/schema.org\",\"@graph\":[{\"@type\":\"WebPage\",\"@id\":\"https:\/\/nyforetagarcentrum.se\/strangnas\/mentor\/\",\"url\":\"https:\/\/nyforetagarcentrum.se\/strangnas\/mentor\/\",\"name\":\"Mentor - Str\u00e4ngn\u00e4s\",\"isPartOf\":{\"@id\":\"https:\/\/nyforetagarcentrum.se\/strangnas\/#website\"},\"datePublished\":\"2024-02-22T10:27:10+00:00\",\"dateModified\":\"2026-02-19T12:20:32+00:00\",\"breadcrumb\":{\"@id\":\"https:\/\/nyforetagarcentrum.se\/strangnas\/mentor\/#breadcrumb\"},\"inLanguage\":\"sv-SE\",\"potentialAction\":[{\"@type\":\"ReadAction\",\"target\":[\"https:\/\/nyforetagarcentrum.se\/strangnas\/mentor\/\"]}]},{\"@type\":\"BreadcrumbList\",\"@id\":\"https:\/\/nyforetagarcentrum.se\/strangnas\/mentor\/#breadcrumb\",\"itemListElement\":[{\"@type\":\"ListItem\",\"position\":1,\"name\":\"Hem\",\"item\":\"https:\/\/nyforetagarcentrum.se\/strangnas\/\"},{\"@type\":\"ListItem\",\"position\":2,\"name\":\"Mentor\"}]},{\"@type\":\"WebSite\",\"@id\":\"https:\/\/nyforetagarcentrum.se\/strangnas\/#website\",\"url\":\"https:\/\/nyforetagarcentrum.se\/strangnas\/\",\"name\":\"Str\u00e4ngn\u00e4s\",\"description\":\"Sveriges ledande kraft f\u00f6r fler nya livskraftiga f\u00f6retag\",\"publisher\":{\"@id\":\"https:\/\/nyforetagarcentrum.se\/strangnas\/#organization\"},\"potentialAction\":[{\"@type\":\"SearchAction\",\"target\":{\"@type\":\"EntryPoint\",\"urlTemplate\":\"https:\/\/nyforetagarcentrum.se\/strangnas\/?s={search_term_string}\"},\"query-input\":\"required name=search_term_string\"}],\"inLanguage\":\"sv-SE\"},{\"@type\":\"Organization\",\"@id\":\"https:\/\/nyforetagarcentrum.se\/strangnas\/#organization\",\"name\":\"Str\u00e4ngn\u00e4s\",\"url\":\"https:\/\/nyforetagarcentrum.se\/strangnas\/\",\"logo\":{\"@type\":\"ImageObject\",\"inLanguage\":\"sv-SE\",\"@id\":\"https:\/\/nyforetagarcentrum.se\/strangnas\/#\/schema\/logo\/image\/\",\"url\":\"https:\/\/nyforetagarcentrum.se\/strangnas\/wp-content\/uploads\/sites\/24\/2024\/04\/Strangnas.png\",\"contentUrl\":\"https:\/\/nyforetagarcentrum.se\/strangnas\/wp-content\/uploads\/sites\/24\/2024\/04\/Strangnas.png\",\"width\":1082,\"height\":542,\"caption\":\"Str\u00e4ngn\u00e4s\"},\"image\":{\"@id\":\"https:\/\/nyforetagarcentrum.se\/strangnas\/#\/schema\/logo\/image\/\"}}]}<\/script>\n<!-- \/ Yoast SEO plugin. -->","yoast_head_json":{"title":"Mentor - Str\u00e4ngn\u00e4s","robots":{"index":"index","follow":"follow","max-snippet":"max-snippet:-1","max-image-preview":"max-image-preview:large","max-video-preview":"max-video-preview:-1"},"canonical":"https:\/\/nyforetagarcentrum.se\/strangnas\/mentor\/","og_locale":"sv_SE","og_type":"article","og_title":"Mentor - Str\u00e4ngn\u00e4s","og_description":"Mentorsprogram i Str\u00e4ngn\u00e4s Vi deltar i det nationella programmet Mentor Eget F\u00f6retag, ett program som drivs av v\u00e5r moderorganisationNyf\u00f6retagarCentrum Sverige. Programmet inneb\u00e4r att du som nyf\u00f6retagare kostnadsfritt kan f\u00e5 tillg\u00e5ng till en mentor under ett \u00e5r, som bidrar med sina erfarenheter och sitt n\u00e4tverk p\u00e5 ideell basis. Med hj\u00e4lp av sin mentorkan adepten d\u00e4rigenom f\u00e5 [&hellip;]","og_url":"https:\/\/nyforetagarcentrum.se\/strangnas\/mentor\/","og_site_name":"Str\u00e4ngn\u00e4s","article_modified_time":"2026-02-19T12:20:32+00:00","twitter_card":"summary_large_image","twitter_misc":{"Ber\u00e4knad l\u00e4stid":"2 minuter"},"schema":{"@context":"https:\/\/schema.org","@graph":[{"@type":"WebPage","@id":"https:\/\/nyforetagarcentrum.se\/strangnas\/mentor\/","url":"https:\/\/nyforetagarcentrum.se\/strangnas\/mentor\/","name":"Mentor - Str\u00e4ngn\u00e4s","isPartOf":{"@id":"https:\/\/nyforetagarcentrum.se\/strangnas\/#website"},"datePublished":"2024-02-22T10:27:10+00:00","dateModified":"2026-02-19T12:20:32+00:00","breadcrumb":{"@id":"https:\/\/nyforetagarcentrum.se\/strangnas\/mentor\/#breadcrumb"},"inLanguage":"sv-SE","potentialAction":[{"@type":"ReadAction","target":["https:\/\/nyforetagarcentrum.se\/strangnas\/mentor\/"]}]},{"@type":"BreadcrumbList","@id":"https:\/\/nyforetagarcentrum.se\/strangnas\/mentor\/#breadcrumb","itemListElement":[{"@type":"ListItem","position":1,"name":"Hem","item":"https:\/\/nyforetagarcentrum.se\/strangnas\/"},{"@type":"ListItem","position":2,"name":"Mentor"}]},{"@type":"WebSite","@id":"https:\/\/nyforetagarcentrum.se\/strangnas\/#website","url":"https:\/\/nyforetagarcentrum.se\/strangnas\/","name":"Str\u00e4ngn\u00e4s","description":"Sveriges ledande kraft f\u00f6r fler nya livskraftiga f\u00f6retag","publisher":{"@id":"https:\/\/nyforetagarcentrum.se\/strangnas\/#organization"},"potentialAction":[{"@type":"SearchAction","target":{"@type":"EntryPoint","urlTemplate":"https:\/\/nyforetagarcentrum.se\/strangnas\/?s={search_term_string}"},"query-input":"required name=search_term_string"}],"inLanguage":"sv-SE"},{"@type":"Organization","@id":"https:\/\/nyforetagarcentrum.se\/strangnas\/#organization","name":"Str\u00e4ngn\u00e4s","url":"https:\/\/nyforetagarcentrum.se\/strangnas\/","logo":{"@type":"ImageObject","inLanguage":"sv-SE","@id":"https:\/\/nyforetagarcentrum.se\/strangnas\/#\/schema\/logo\/image\/","url":"https:\/\/nyforetagarcentrum.se\/strangnas\/wp-content\/uploads\/sites\/24\/2024\/04\/Strangnas.png","contentUrl":"https:\/\/nyforetagarcentrum.se\/strangnas\/wp-content\/uploads\/sites\/24\/2024\/04\/Strangnas.png","width":1082,"height":542,"caption":"Str\u00e4ngn\u00e4s"},"image":{"@id":"https:\/\/nyforetagarcentrum.se\/strangnas\/#\/schema\/logo\/image\/"}}]}},"_links":{"self":[{"href":"https:\/\/nyforetagarcentrum.se\/strangnas\/wp-json\/wp\/v2\/pages\/128"}],"collection":[{"href":"https:\/\/nyforetagarcentrum.se\/strangnas\/wp-json\/wp\/v2\/pages"}],"about":[{"href":"https:\/\/nyforetagarcentrum.se\/strangnas\/wp-json\/wp\/v2\/types\/page"}],"author":[{"embeddable":true,"href":"https:\/\/nyforetagarcentrum.se\/strangnas\/wp-json\/wp\/v2\/users\/1"}],"replies":[{"embeddable":true,"href":"https:\/\/nyforetagarcentrum.se\/strangnas\/wp-json\/wp\/v2\/comments?post=128"}],"version-history":[{"count":36,"href":"https:\/\/nyforetagarcentrum.se\/strangnas\/wp-json\/wp\/v2\/pages\/128\/revisions"}],"predecessor-version":[{"id":1032,"href":"https:\/\/nyforetagarcentrum.se\/strangnas\/wp-json\/wp\/v2\/pages\/128\/revisions\/1032"}],"wp:attachment":[{"href":"https:\/\/nyforetagarcentrum.se\/strangnas\/wp-json\/wp\/v2\/media?parent=128"}],"curies":[{"name":"wp","href":"https:\/\/api.w.org\/{rel}","templated":true}]}}