{"id":41,"date":"2024-02-22T10:24:51","date_gmt":"2024-02-22T09:24:51","guid":{"rendered":"https:\/\/nyforetagarcentrum.se\/stockholm\/?page_id=41"},"modified":"2026-04-11T14:02:27","modified_gmt":"2026-04-11T12:02:27","slug":"vara-samarbetspartners","status":"publish","type":"page","link":"https:\/\/nyforetagarcentrum.se\/stockholm\/vara-samarbetspartners\/","title":{"rendered":"V\u00e5ra samarbetspartners"},"content":{"rendered":"<section  class=\"nfc-block-hero alignfull\">\n\n    <img loading=\"lazy\" decoding=\"async\" width=\"1470\" height=\"980\" src=\"https:\/\/nyforetagarcentrum.se\/stockholm\/wp-content\/uploads\/sites\/10\/2024\/02\/Medium_JM.png\" class=\"attachment-landscape size-landscape\" alt=\"\" srcset=\"https:\/\/nyforetagarcentrum.se\/stockholm\/wp-content\/uploads\/sites\/10\/2024\/02\/Medium_JM.png 1470w, https:\/\/nyforetagarcentrum.se\/stockholm\/wp-content\/uploads\/sites\/10\/2024\/02\/Medium_JM-300x200.png 300w, https:\/\/nyforetagarcentrum.se\/stockholm\/wp-content\/uploads\/sites\/10\/2024\/02\/Medium_JM-1024x683.png 1024w, https:\/\/nyforetagarcentrum.se\/stockholm\/wp-content\/uploads\/sites\/10\/2024\/02\/Medium_JM-768x512.png 768w\" sizes=\"(max-width: 1470px) 100vw, 1470px\" \/>\n    <div class=\"contained\">\n        <h1 class=\"nfc-block-hero__heading\">V\u00e5ra samarbetspartners<\/h1>\n\n            <\/div>\n<\/section>\n\n<section  class=\"block-our-partners nfc-block-partners\">\n    <div class=\"contained\">\n            <\/div>\n<\/section>\n\n\n<div style=\"height:50px\" aria-hidden=\"true\" class=\"wp-block-spacer\"><\/div>\n\n\n<section  class=\"nfc-block-breadcrumbs alignwide\">\n    <div class=\"wrapper contained\">\n        <ol class=\"breadcrumbs\" itemscope itemtype=\"https:\/\/schema.org\/BreadcrumbList\">\n            <li itemprop=\"itemListElement\" itemscope itemtype=\"https:\/\/schema.org\/ListItem\">\n            \n\n                            <span class=\"current\" itemprop=\"name\">Hem<\/span>\n            \n            <meta itemprop=\"position\" content=\"1\" \/>\n        <\/li>\n    <\/ol>    <\/div>\n<\/section>\n\n\n<div style=\"height:51px\" aria-hidden=\"true\" class=\"wp-block-spacer\"><\/div>\n\n\n\n<h2 class=\"wp-block-heading alignwide\"><strong>GULDPARTNERS<\/strong><\/h2>\n\n\n<section  class=\"block-our-partners nfc-block-partners alignwide\">\n    <div class=\"contained\">\n                                    <div class=\"partner-card\">\n                    <div class=\"logo-wrapper\">\n                        <img decoding=\"async\" src=\"https:\/\/nyforetagarcentrum.se\/stockholm\/wp-content\/uploads\/sites\/10\/2024\/06\/Frame-51.png\" alt=\"\">\n                    <\/div>\n                    \n                                            <div class=\"h4\"><b>Einar Mattsson<\/b><\/div>\n                                                                                                                            <div class=\"item link\"><b><a href=\"https:\/\/www.einarmattsson.se\/\" target=\"_blank\" > Webbsida<\/a><\/b><\/div>\n                                    <\/div>\n                            <div class=\"partner-card\">\n                    <div class=\"logo-wrapper\">\n                        <img decoding=\"async\" src=\"https:\/\/nyforetagarcentrum.se\/stockholm\/wp-content\/uploads\/sites\/10\/2024\/06\/Frame-47.png\" alt=\"\">\n                    <\/div>\n                    \n                                            <div class=\"h4\"><b>Movestic<\/b><\/div>\n                                                                                                                            <div class=\"item link\"><b><a href=\"https:\/\/www.movestic.se\/privat\/#\/\" target=\"_blank\" > Webbsida<\/a><\/b><\/div>\n                                    <\/div>\n                        <\/div>\n<\/section>\n\n\n<div style=\"height:50px\" aria-hidden=\"true\" class=\"wp-block-spacer\"><\/div>\n\n\n\n<h2 class=\"wp-block-heading alignwide\"><strong>SILVERPARTNERS<\/strong><\/h2>\n\n\n<section  class=\"block-our-partners nfc-block-partners alignwide\">\n    <div class=\"contained\">\n                                    <div class=\"partner-card\">\n                    <div class=\"logo-wrapper\">\n                        <img decoding=\"async\" src=\"https:\/\/nyforetagarcentrum.se\/stockholm\/wp-content\/uploads\/sites\/10\/2025\/06\/spiris-visma-primary-logo-black-rgb-1-2048x572-1.png\" alt=\"\">\n                    <\/div>\n                    \n                                            <div class=\"h4\"><b>Spiris<\/b><\/div>\n                                                                                                                            <div class=\"item link\"><b><a href=\"https:\/\/www.spiris.se\/partner\/nyforetagarcentrum\" target=\"_blank\" > Webbsida<\/a><\/b><\/div>\n                                    <\/div>\n                            <div class=\"partner-card\">\n                    <div class=\"logo-wrapper\">\n                        <img decoding=\"async\" src=\"https:\/\/nyforetagarcentrum.se\/stockholm\/wp-content\/uploads\/sites\/10\/2024\/06\/Frame-42-e1718089558746.png\" alt=\"\">\n                    <\/div>\n                    \n                                            <div class=\"h4\"><b>Fortnox<\/b><\/div>\n                                                                                                                            <div class=\"item link\"><b><a href=\"https:\/\/www.fortnox.se\/nfc\" target=\"_blank\" > Webbsida<\/a><\/b><\/div>\n                                    <\/div>\n                            <div class=\"partner-card\">\n                    <div class=\"logo-wrapper\">\n                        <img decoding=\"async\" src=\"https:\/\/nyforetagarcentrum.se\/stockholm\/wp-content\/uploads\/sites\/10\/2024\/06\/Frame-35.png\" alt=\"\">\n                    <\/div>\n                    \n                                            <div class=\"h4\"><b>Bokio<\/b><\/div>\n                                                                                                                            <div class=\"item link\"><b><a href=\"https:\/\/www.bokio.se\/nyforetagarcentrum\/?utm_source=affiliate&amp;utm_medium=leads&amp;utm_campaign=nfcsthlm\" target=\"_blank\" > Webbsida<\/a><\/b><\/div>\n                                    <\/div>\n                            <div class=\"partner-card\">\n                    <div class=\"logo-wrapper\">\n                        <img decoding=\"async\" src=\"https:\/\/nyforetagarcentrum.se\/stockholm\/wp-content\/uploads\/sites\/10\/2024\/06\/bjorn-e1744151043993.png\" alt=\"\">\n                    <\/div>\n                    \n                                            <div class=\"h4\"><b>Bj\u00f6rn Lund\u00e9n<\/b><\/div>\n                                                                                                                            <div class=\"item link\"><b><a href=\"https:\/\/www.bjornlunden.se\/\" target=\"_blank\" > Webbsida<\/a><\/b><\/div>\n                                    <\/div>\n                        <\/div>\n<\/section>\n\n\n<div style=\"height:50px\" aria-hidden=\"true\" class=\"wp-block-spacer\"><\/div>\n\n\n\n<h2 class=\"wp-block-heading alignwide\"><strong><strong>BRONSPARTNERS<\/strong><\/strong><\/h2>\n\n\n<section  class=\"block-our-partners nfc-block-partners alignwide\">\n    <div class=\"contained\">\n                                    <div class=\"partner-card\">\n                    <div class=\"logo-wrapper\">\n                        <img decoding=\"async\" src=\"https:\/\/nyforetagarcentrum.se\/stockholm\/wp-content\/uploads\/sites\/10\/2024\/06\/Frame-48.png\" alt=\"\">\n                    <\/div>\n                    \n                                            <div class=\"h4\"><b>Froda<\/b><\/div>\n                                                                                                                            <div class=\"item link\"><b><a href=\"https:\/\/froda.se\/\" target=\"_blank\" > Webbsida<\/a><\/b><\/div>\n                                    <\/div>\n                            <div class=\"partner-card\">\n                    <div class=\"logo-wrapper\">\n                        <img decoding=\"async\" src=\"https:\/\/nyforetagarcentrum.se\/stockholm\/wp-content\/uploads\/sites\/10\/2024\/06\/Frame-46.png\" alt=\"\">\n                    <\/div>\n                    \n                                            <div class=\"h4\"><b>Ekobanken<\/b><\/div>\n                                                                                                                            <div class=\"item link\"><b><a href=\"https:\/\/www.ekobanken.se\/\" target=\"_blank\" > Webbsida<\/a><\/b><\/div>\n                                    <\/div>\n                            <div class=\"partner-card\">\n                    <div class=\"logo-wrapper\">\n                        <img decoding=\"async\" src=\"https:\/\/nyforetagarcentrum.se\/stockholm\/wp-content\/uploads\/sites\/10\/2025\/05\/accurate-consulting-logo_f-320x76-1-e1748616731119.png\" alt=\"\">\n                    <\/div>\n                    \n                                            <div class=\"h4\"><b>Accurate<\/b><\/div>\n                                                                                                                            <div class=\"item link\"><b><a href=\"https:\/\/accurateconsulting.se\/\" target=\"_blank\" > Webbsida<\/a><\/b><\/div>\n                                    <\/div>\n                            <div class=\"partner-card\">\n                    <div class=\"logo-wrapper\">\n                        <img decoding=\"async\" src=\"https:\/\/nyforetagarcentrum.se\/stockholm\/wp-content\/uploads\/sites\/10\/2024\/06\/Frame-43.png\" alt=\"\">\n                    <\/div>\n                    \n                                            <div class=\"h4\"><b>myflow<\/b><\/div>\n                                                                                                                            <div class=\"item link\"><b><a href=\"https:\/\/myflow.io\/\" target=\"_blank\" > Webbsida<\/a><\/b><\/div>\n                                    <\/div>\n                            <div class=\"partner-card\">\n                    <div class=\"logo-wrapper\">\n                        <img decoding=\"async\" src=\"https:\/\/nyforetagarcentrum.se\/stockholm\/wp-content\/uploads\/sites\/10\/2024\/06\/Maroni_ny_logga-2021-vektor-1-e1718118414198.png\" alt=\"\">\n                    <\/div>\n                    \n                                            <div class=\"h4\"><b>Maroni Redovisning<\/b><\/div>\n                                                                                                                            <div class=\"item link\"><b><a href=\"https:\/\/maroni.se\/\" target=\"_blank\" > Webbsida<\/a><\/b><\/div>\n                                    <\/div>\n                            <div class=\"partner-card\">\n                    <div class=\"logo-wrapper\">\n                        <img decoding=\"async\" src=\"https:\/\/nyforetagarcentrum.se\/stockholm\/wp-content\/uploads\/sites\/10\/2025\/07\/Logotyp_black-e1753432400825.png\" alt=\"\">\n                    <\/div>\n                    \n                                            <div class=\"h4\"><b>PublicInsight<\/b><\/div>\n                                                                                                                            <div class=\"item link\"><b><a href=\"https:\/\/www.publicinsight.se\/\" target=\"_blank\" > Webbsida<\/a><\/b><\/div>\n                                    <\/div>\n                            <div class=\"partner-card\">\n                    <div class=\"logo-wrapper\">\n                        <img decoding=\"async\" src=\"https:\/\/nyforetagarcentrum.se\/stockholm\/wp-content\/uploads\/sites\/10\/2024\/06\/Frame-53.png\" alt=\"\">\n                    <\/div>\n                    \n                                            <div class=\"h4\"><b>Almi Stockholm<\/b><\/div>\n                                                                                                                            <div class=\"item link\"><b><a href=\"https:\/\/www.almi.se\/\" target=\"_blank\" > Webbsida<\/a><\/b><\/div>\n                                    <\/div>\n                        <\/div>\n<\/section>\n\n\n<div style=\"height:50px\" aria-hidden=\"true\" class=\"wp-block-spacer\"><\/div>\n\n\n\n<h2 class=\"wp-block-heading alignwide\"><strong><strong>\u00d6VRIGA PARTNERS<\/strong><\/strong><\/h2>\n\n\n\n<p class=\"has-medium-font-size\">Bertil Edlunds Stiftelse<\/p>\n\n\n\n<p><a href=\"https:\/\/bertiledlundsstiftelse.se\/\">L\u00e4nk till hemsidan<\/a><\/p>\n\n\n\n<p class=\"has-medium-font-size\">The Park<\/p>\n\n\n\n<p><a href=\"http:\/\/www.thepark.se\">L\u00e4nk till hemsidan<\/a><\/p>\n\n\n<section  class=\"block-our-partners nfc-block-partners alignwide\">\n    <div class=\"contained\">\n            <\/div>\n<\/section>\n\n\n<div style=\"height:80px\" aria-hidden=\"true\" class=\"wp-block-spacer\"><\/div>\n","protected":false},"excerpt":{"rendered":"<p>GULDPARTNERS SILVERPARTNERS BRONSPARTNERS \u00d6VRIGA PARTNERS Bertil Edlunds Stiftelse L\u00e4nk till hemsidan The Park L\u00e4nk till hemsidan<\/p>\n","protected":false},"author":1,"featured_media":0,"parent":0,"menu_order":0,"comment_status":"closed","ping_status":"closed","template":"","meta":{"footnotes":""},"acf":[],"yoast_head":"<!-- This site is optimized with the Yoast SEO plugin v22.9 - https:\/\/yoast.com\/wordpress\/plugins\/seo\/ -->\n<title>V\u00e5ra samarbetspartners | NFC Stockholm<\/title>\n<meta name=\"description\" content=\"Uppt\u00e4ck v\u00e5ra partners i Stockholm som bidrar med resurser, expertis och n\u00e4tverk f\u00f6r att hj\u00e4lpa nya f\u00f6retagare att lyckas i sin verksamhet.\" \/>\n<meta name=\"robots\" content=\"index, follow, max-snippet:-1, max-image-preview:large, max-video-preview:-1\" \/>\n<link rel=\"canonical\" href=\"https:\/\/nyforetagarcentrum.se\/stockholm\/vara-samarbetspartners\/\" \/>\n<meta property=\"og:locale\" content=\"sv_SE\" \/>\n<meta property=\"og:type\" content=\"article\" \/>\n<meta property=\"og:title\" content=\"V\u00e5ra samarbetspartners | NFC Stockholm\" \/>\n<meta property=\"og:description\" content=\"Uppt\u00e4ck v\u00e5ra partners i Stockholm som bidrar med resurser, expertis och n\u00e4tverk f\u00f6r att hj\u00e4lpa nya f\u00f6retagare att lyckas i sin verksamhet.\" \/>\n<meta property=\"og:url\" content=\"https:\/\/nyforetagarcentrum.se\/stockholm\/vara-samarbetspartners\/\" \/>\n<meta property=\"og:site_name\" content=\"Stockholm\" \/>\n<meta property=\"article:modified_time\" content=\"2026-04-11T12:02:27+00:00\" \/>\n<meta name=\"twitter:card\" content=\"summary_large_image\" \/>\n<meta name=\"twitter:label1\" content=\"Ber\u00e4knad l\u00e4stid\" \/>\n\t<meta name=\"twitter:data1\" content=\"1 minut\" \/>\n<script type=\"application\/ld+json\" class=\"yoast-schema-graph\">{\"@context\":\"https:\/\/schema.org\",\"@graph\":[{\"@type\":\"WebPage\",\"@id\":\"https:\/\/nyforetagarcentrum.se\/stockholm\/vara-samarbetspartners\/\",\"url\":\"https:\/\/nyforetagarcentrum.se\/stockholm\/vara-samarbetspartners\/\",\"name\":\"V\u00e5ra samarbetspartners | NFC Stockholm\",\"isPartOf\":{\"@id\":\"https:\/\/nyforetagarcentrum.se\/stockholm\/#website\"},\"datePublished\":\"2024-02-22T09:24:51+00:00\",\"dateModified\":\"2026-04-11T12:02:27+00:00\",\"description\":\"Uppt\u00e4ck v\u00e5ra partners i Stockholm som bidrar med resurser, expertis och n\u00e4tverk f\u00f6r att hj\u00e4lpa nya f\u00f6retagare att lyckas i sin verksamhet.\",\"breadcrumb\":{\"@id\":\"https:\/\/nyforetagarcentrum.se\/stockholm\/vara-samarbetspartners\/#breadcrumb\"},\"inLanguage\":\"sv-SE\",\"potentialAction\":[{\"@type\":\"ReadAction\",\"target\":[\"https:\/\/nyforetagarcentrum.se\/stockholm\/vara-samarbetspartners\/\"]}]},{\"@type\":\"BreadcrumbList\",\"@id\":\"https:\/\/nyforetagarcentrum.se\/stockholm\/vara-samarbetspartners\/#breadcrumb\",\"itemListElement\":[{\"@type\":\"ListItem\",\"position\":1,\"name\":\"Hem\",\"item\":\"https:\/\/nyforetagarcentrum.se\/stockholm\/\"},{\"@type\":\"ListItem\",\"position\":2,\"name\":\"V\u00e5ra samarbetspartners\"}]},{\"@type\":\"WebSite\",\"@id\":\"https:\/\/nyforetagarcentrum.se\/stockholm\/#website\",\"url\":\"https:\/\/nyforetagarcentrum.se\/stockholm\/\",\"name\":\"Stockholm\",\"description\":\"Sveriges ledande kraft f\u00f6r fler nya livskraftiga f\u00f6retag\",\"publisher\":{\"@id\":\"https:\/\/nyforetagarcentrum.se\/stockholm\/#organization\"},\"potentialAction\":[{\"@type\":\"SearchAction\",\"target\":{\"@type\":\"EntryPoint\",\"urlTemplate\":\"https:\/\/nyforetagarcentrum.se\/stockholm\/?s={search_term_string}\"},\"query-input\":\"required name=search_term_string\"}],\"inLanguage\":\"sv-SE\"},{\"@type\":\"Organization\",\"@id\":\"https:\/\/nyforetagarcentrum.se\/stockholm\/#organization\",\"name\":\"Stockholm\",\"url\":\"https:\/\/nyforetagarcentrum.se\/stockholm\/\",\"logo\":{\"@type\":\"ImageObject\",\"inLanguage\":\"sv-SE\",\"@id\":\"https:\/\/nyforetagarcentrum.se\/stockholm\/#\/schema\/logo\/image\/\",\"url\":\"https:\/\/nyforetagarcentrum.se\/stockholm\/wp-content\/uploads\/sites\/10\/2024\/04\/cropped-unnamed.png\",\"contentUrl\":\"https:\/\/nyforetagarcentrum.se\/stockholm\/wp-content\/uploads\/sites\/10\/2024\/04\/cropped-unnamed.png\",\"width\":1122,\"height\":600,\"caption\":\"Stockholm\"},\"image\":{\"@id\":\"https:\/\/nyforetagarcentrum.se\/stockholm\/#\/schema\/logo\/image\/\"}}]}<\/script>\n<!-- \/ Yoast SEO plugin. -->","yoast_head_json":{"title":"V\u00e5ra samarbetspartners | NFC Stockholm","description":"Uppt\u00e4ck v\u00e5ra partners i Stockholm som bidrar med resurser, expertis och n\u00e4tverk f\u00f6r att hj\u00e4lpa nya f\u00f6retagare att lyckas i sin verksamhet.","robots":{"index":"index","follow":"follow","max-snippet":"max-snippet:-1","max-image-preview":"max-image-preview:large","max-video-preview":"max-video-preview:-1"},"canonical":"https:\/\/nyforetagarcentrum.se\/stockholm\/vara-samarbetspartners\/","og_locale":"sv_SE","og_type":"article","og_title":"V\u00e5ra samarbetspartners | NFC Stockholm","og_description":"Uppt\u00e4ck v\u00e5ra partners i Stockholm som bidrar med resurser, expertis och n\u00e4tverk f\u00f6r att hj\u00e4lpa nya f\u00f6retagare att lyckas i sin verksamhet.","og_url":"https:\/\/nyforetagarcentrum.se\/stockholm\/vara-samarbetspartners\/","og_site_name":"Stockholm","article_modified_time":"2026-04-11T12:02:27+00:00","twitter_card":"summary_large_image","twitter_misc":{"Ber\u00e4knad l\u00e4stid":"1 minut"},"schema":{"@context":"https:\/\/schema.org","@graph":[{"@type":"WebPage","@id":"https:\/\/nyforetagarcentrum.se\/stockholm\/vara-samarbetspartners\/","url":"https:\/\/nyforetagarcentrum.se\/stockholm\/vara-samarbetspartners\/","name":"V\u00e5ra samarbetspartners | NFC Stockholm","isPartOf":{"@id":"https:\/\/nyforetagarcentrum.se\/stockholm\/#website"},"datePublished":"2024-02-22T09:24:51+00:00","dateModified":"2026-04-11T12:02:27+00:00","description":"Uppt\u00e4ck v\u00e5ra partners i Stockholm som bidrar med resurser, expertis och n\u00e4tverk f\u00f6r att hj\u00e4lpa nya f\u00f6retagare att lyckas i sin verksamhet.","breadcrumb":{"@id":"https:\/\/nyforetagarcentrum.se\/stockholm\/vara-samarbetspartners\/#breadcrumb"},"inLanguage":"sv-SE","potentialAction":[{"@type":"ReadAction","target":["https:\/\/nyforetagarcentrum.se\/stockholm\/vara-samarbetspartners\/"]}]},{"@type":"BreadcrumbList","@id":"https:\/\/nyforetagarcentrum.se\/stockholm\/vara-samarbetspartners\/#breadcrumb","itemListElement":[{"@type":"ListItem","position":1,"name":"Hem","item":"https:\/\/nyforetagarcentrum.se\/stockholm\/"},{"@type":"ListItem","position":2,"name":"V\u00e5ra samarbetspartners"}]},{"@type":"WebSite","@id":"https:\/\/nyforetagarcentrum.se\/stockholm\/#website","url":"https:\/\/nyforetagarcentrum.se\/stockholm\/","name":"Stockholm","description":"Sveriges ledande kraft f\u00f6r fler nya livskraftiga f\u00f6retag","publisher":{"@id":"https:\/\/nyforetagarcentrum.se\/stockholm\/#organization"},"potentialAction":[{"@type":"SearchAction","target":{"@type":"EntryPoint","urlTemplate":"https:\/\/nyforetagarcentrum.se\/stockholm\/?s={search_term_string}"},"query-input":"required name=search_term_string"}],"inLanguage":"sv-SE"},{"@type":"Organization","@id":"https:\/\/nyforetagarcentrum.se\/stockholm\/#organization","name":"Stockholm","url":"https:\/\/nyforetagarcentrum.se\/stockholm\/","logo":{"@type":"ImageObject","inLanguage":"sv-SE","@id":"https:\/\/nyforetagarcentrum.se\/stockholm\/#\/schema\/logo\/image\/","url":"https:\/\/nyforetagarcentrum.se\/stockholm\/wp-content\/uploads\/sites\/10\/2024\/04\/cropped-unnamed.png","contentUrl":"https:\/\/nyforetagarcentrum.se\/stockholm\/wp-content\/uploads\/sites\/10\/2024\/04\/cropped-unnamed.png","width":1122,"height":600,"caption":"Stockholm"},"image":{"@id":"https:\/\/nyforetagarcentrum.se\/stockholm\/#\/schema\/logo\/image\/"}}]}},"_links":{"self":[{"href":"https:\/\/nyforetagarcentrum.se\/stockholm\/wp-json\/wp\/v2\/pages\/41"}],"collection":[{"href":"https:\/\/nyforetagarcentrum.se\/stockholm\/wp-json\/wp\/v2\/pages"}],"about":[{"href":"https:\/\/nyforetagarcentrum.se\/stockholm\/wp-json\/wp\/v2\/types\/page"}],"author":[{"embeddable":true,"href":"https:\/\/nyforetagarcentrum.se\/stockholm\/wp-json\/wp\/v2\/users\/1"}],"replies":[{"embeddable":true,"href":"https:\/\/nyforetagarcentrum.se\/stockholm\/wp-json\/wp\/v2\/comments?post=41"}],"version-history":[{"count":151,"href":"https:\/\/nyforetagarcentrum.se\/stockholm\/wp-json\/wp\/v2\/pages\/41\/revisions"}],"predecessor-version":[{"id":2242,"href":"https:\/\/nyforetagarcentrum.se\/stockholm\/wp-json\/wp\/v2\/pages\/41\/revisions\/2242"}],"wp:attachment":[{"href":"https:\/\/nyforetagarcentrum.se\/stockholm\/wp-json\/wp\/v2\/media?parent=41"}],"curies":[{"name":"wp","href":"https:\/\/api.w.org\/{rel}","templated":true}]}}