{"id":239,"date":"2024-02-29T13:59:39","date_gmt":"2024-02-29T12:59:39","guid":{"rendered":"https:\/\/nyforetagarcentrum.se\/stockholm\/?page_id=239"},"modified":"2025-02-24T11:45:57","modified_gmt":"2025-02-24T10:45:57","slug":"vara-radgivare","status":"publish","type":"page","link":"https:\/\/nyforetagarcentrum.se\/stockholm\/vara-radgivare\/","title":{"rendered":"V\u00e5ra r\u00e5dgivare"},"content":{"rendered":"<section  class=\"nfc-block-breadcrumbs alignwide\">\n    <div class=\"wrapper contained\">\n        <ol class=\"breadcrumbs\" itemscope itemtype=\"https:\/\/schema.org\/BreadcrumbList\">\n            <li itemprop=\"itemListElement\" itemscope itemtype=\"https:\/\/schema.org\/ListItem\">\n            \n\n                            <span class=\"current\" itemprop=\"name\">Hem<\/span>\n            \n            <meta itemprop=\"position\" content=\"1\" \/>\n        <\/li>\n    <\/ol>    <\/div>\n<\/section>\n\n\n<div style=\"height:var(--wp--preset--spacing--50)\" aria-hidden=\"true\" class=\"wp-block-spacer\"><\/div>\n\n\n<section  class=\"nfc-block-split_screen alignwide image_alignment-right\">\n    <div class=\"wrapper\">\n        <div class=\"nfc-block-split_screen__image-wrapper\">\n            <img loading=\"lazy\" decoding=\"async\" width=\"1563\" height=\"1080\" src=\"https:\/\/nyforetagarcentrum.se\/stockholm\/wp-content\/uploads\/sites\/10\/2024\/06\/Gruppbild-radgivarna-12-juni-2024-5-e1767390526761-1563x1080.jpg\" class=\"attachment-landscape size-landscape\" alt=\"\" srcset=\"https:\/\/nyforetagarcentrum.se\/stockholm\/wp-content\/uploads\/sites\/10\/2024\/06\/Gruppbild-radgivarna-12-juni-2024-5-e1767390526761-1563x1080.jpg 1563w, https:\/\/nyforetagarcentrum.se\/stockholm\/wp-content\/uploads\/sites\/10\/2024\/06\/Gruppbild-radgivarna-12-juni-2024-5-e1767390526761-300x207.jpg 300w, https:\/\/nyforetagarcentrum.se\/stockholm\/wp-content\/uploads\/sites\/10\/2024\/06\/Gruppbild-radgivarna-12-juni-2024-5-e1767390526761-1024x707.jpg 1024w, https:\/\/nyforetagarcentrum.se\/stockholm\/wp-content\/uploads\/sites\/10\/2024\/06\/Gruppbild-radgivarna-12-juni-2024-5-e1767390526761-768x531.jpg 768w, https:\/\/nyforetagarcentrum.se\/stockholm\/wp-content\/uploads\/sites\/10\/2024\/06\/Gruppbild-radgivarna-12-juni-2024-5-e1767390526761-1536x1061.jpg 1536w, https:\/\/nyforetagarcentrum.se\/stockholm\/wp-content\/uploads\/sites\/10\/2024\/06\/Gruppbild-radgivarna-12-juni-2024-5-e1767390526761-2048x1415.jpg 2048w\" sizes=\"(max-width: 1563px) 100vw, 1563px\" \/>        <\/div>\n\n        <div class=\"nfc-block-split_screen__content-wrapper\">\n            <h1>V\u00e5ra r\u00e5dgivare<\/h1>\n<div>\n<p>V\u00e5ra r\u00e5dgivare \u00e4r eller har varit f\u00f6retagare sj\u00e4lva, med erfarenhet av vad det inneb\u00e4r att b\u00f6rja fr\u00e5n b\u00f6rjan. De har ocks\u00e5 n\u00e4tverk i sina respektive hemorter, en lokal f\u00f6rankring och kan guida dig till n\u00e4ringslivskontakter som du kan ha stor nytta av i ditt blivande aff\u00e4rsliv.<\/p>\n<\/div>\n\n                            <div class=\"nfc-block-split_screen__buttons\">\n                                            <a href=\"https:\/\/jobsdata-nyforetagarcentrum.se\/ExternBooking?OfficeId=F2222359-AF20-E911-90F7-005056854B61\" class=\"button primary\">Boka r\u00e5dgivning h\u00e4r<\/a>\n                                    <\/div>\n            \n        <\/div>\n    <\/div>\n<\/section>\n\n\n<div class=\"wp-block-group alignfull is-layout-constrained wp-block-group-is-layout-constrained\">\n<div style=\"height:var(--wp--preset--spacing--80)\" aria-hidden=\"true\" class=\"wp-block-spacer\"><\/div>\n<\/div>\n\n\n<section  class=\"nfc-block-person_grid alignwide layout-small\">\n    <div class=\"contained\">\n        <div class=\"grid\">\n            <div class=\"person-card\">\n    \n    \n    <div class=\"content-wrapper\">\n        <div class=\"top\">\n                    <\/div>\n        \n        <h3>Sara Zaker<\/h3>\n\n        <div class=\"excerpt\">\n            Sara Zaker \u00e4r diplomerad r\u00e5dgivare och professionell coach enligt International Coaching Federation. Hon hj\u00e4lper dig med allm\u00e4n r\u00e5dgivning och tips s\u00e5 du kommer vidare med din aff\u00e4rsid\u00e9 och att g\u00e5 fr\u00e5n ord till handling. Sara har ett l\u00e5ngt f\u00f6rflutet inom IT plattform \/applikation i Life science och haft roller som chef och projektledare f\u00f6r nationella och internationella f\u00f6retag. Sara erbjuder r\u00e5dgivning p\u00e5 svenska, persiska och engelska.        <\/div>\n\n        <div class=\"links\">\n            \n                    <\/div>\n        \n    <\/div>\n<\/div><div class=\"person-card\">\n    \n    \n    <div class=\"content-wrapper\">\n        <div class=\"top\">\n                    <\/div>\n        \n        <h3>Mahfouz Hebrawi<\/h3>\n\n        <div class=\"excerpt\">\n            Mahfouz Hebrawi \u00e4r diplomerad r\u00e5dgivare och en erfaren e-handelsentrepren\u00f6r med stark IT-kompetens, har dedikerat \u00f6ver tre \u00e5r \u00e5t att v\u00e4gleda de som vill starta f\u00f6retag i Sverige. Fr\u00e5n aff\u00e4rsid\u00e9 till f\u00f6retagsregistrering, erbjuder Mahfouz helhetsl\u00f6sningar f\u00f6r blivande f\u00f6retagare. R\u00e5dgivning tillg\u00e4nglig p\u00e5 svenska, engelska och arabiska.<br \/>\r\n<br \/>\r\n        <\/div>\n\n        <div class=\"links\">\n            \n                    <\/div>\n        \n    <\/div>\n<\/div><div class=\"person-card\">\n    \n    \n    <div class=\"content-wrapper\">\n        <div class=\"top\">\n                    <\/div>\n        \n        <h3>Hanna Reimers<\/h3>\n\n        <div class=\"excerpt\">\n            Hanna Reimers \u00e4r diplomerad r\u00e5dgivare och entrepren\u00f6r med gedigen erfarenhet av att starta och utveckla f\u00f6retag, bland annat glassf\u00f6retaget Lily &#038; Hannas, en veganglass som nu distribueras i ledande dagligvarukedjor och p\u00e5 cafe i Sverige och internationellt. Med expertis inom f\u00f6rs\u00e4ljning, aff\u00e4rsutveckling, paketering och varum\u00e4rkesbyggande hj\u00e4lper hon dig ta ditt f\u00f6retag till nya h\u00f6jder. Hanna erbjuder r\u00e5dgivning p\u00e5 svenska och engelska.<br \/>\r\n<br \/>\r\n        <\/div>\n\n        <div class=\"links\">\n            \n                    <\/div>\n        \n    <\/div>\n<\/div><div class=\"person-card\">\n    \n    \n    <div class=\"content-wrapper\">\n        <div class=\"top\">\n                    <\/div>\n        \n        <h3>Henrik Andersson<\/h3>\n\n        <div class=\"excerpt\">\n            Henrik Andersson \u00e4r diplomerad r\u00e5dgivare och har l\u00e5ng erfarenhet att arbeta med f\u00f6rs\u00e4ljning, marknadsf\u00f6ring och tillh\u00f6rande aff\u00e4rsutveckling. Henrik kan hj\u00e4lpa dig att fokusera p\u00e5 det viktiga s\u00e4ljarbetet som m\u00e5ste fungera i alla f\u00f6retag och hj\u00e4lpa till att t\u00e4nka kundorienterat och att f\u00f6rtydliga ditt erbjudande s\u00e5 att det tilltalar din m\u00e5lgrupp.<br \/>\r\n<br \/>\r\n<br \/>\r\n        <\/div>\n\n        <div class=\"links\">\n            \n                    <\/div>\n        \n    <\/div>\n<\/div><div class=\"person-card\">\n    \n    \n    <div class=\"content-wrapper\">\n        <div class=\"top\">\n                    <\/div>\n        \n        <h3>Magnus Palm<\/h3>\n\n        <div class=\"excerpt\">\n            Magnus Palm \u00e4r diplomerad r\u00e5dgivare och entrepren\u00f6r. Han har startat, utvecklat och s\u00e5lt ett antal f\u00f6retag i olika branscher de senaste tjugo \u00e5ren. Magnus kan hj\u00e4lpa dig att prioritera och agera inom de olika omr\u00e5dena som kr\u00e4vs vid en uppstart. Tillsammans med Magnus f\u00e5r du chansen att ta fram det unika med ditt f\u00f6retag.<br \/>\r\n<br \/>\r\n        <\/div>\n\n        <div class=\"links\">\n            \n                    <\/div>\n        \n    <\/div>\n<\/div><div class=\"person-card\">\n    \n    \n    <div class=\"content-wrapper\">\n        <div class=\"top\">\n                    <\/div>\n        \n        <h3>Linn Ney<\/h3>\n\n        <div class=\"excerpt\">\n            Linn Ney \u00e4r verksamhetshetsledare f\u00f6r Nyf\u00f6retagarCentrum Stockholm, diplomerad r\u00e5dgivare med bakgrund fr\u00e5n ledande befattningar i s\u00e5v\u00e4l multinationella som mindre f\u00f6retag. Hon har \u00e4ven arbetat som konsult med fokus p\u00e5 start av f\u00f6retag. \u00d6ver 15 \u00e5rs arbete i olika l\u00e4nder har gett Linn erfarenhet av interkulturell kommunikation och hon har ett stort engagemang i utrikesf\u00f6ddas f\u00f6retagande.<br \/>\r\n<br \/>\r\n        <\/div>\n\n        <div class=\"links\">\n            \n                    <\/div>\n        \n    <\/div>\n<\/div>        <\/div>\n    <\/div>\n<\/section>\n\n\n<div style=\"height:100px\" aria-hidden=\"true\" class=\"wp-block-spacer\"><\/div>\n","protected":false},"excerpt":{"rendered":"","protected":false},"author":1,"featured_media":0,"parent":0,"menu_order":0,"comment_status":"closed","ping_status":"closed","template":"","meta":{"footnotes":""},"acf":[],"yoast_head":"<!-- This site is optimized with the Yoast SEO plugin v22.9 - https:\/\/yoast.com\/wordpress\/plugins\/seo\/ -->\n<title>V\u00e5ra r\u00e5dgivare | NFC Stockholm<\/title>\n<meta name=\"description\" content=\"F\u00e5 kostnadsfri och personlig r\u00e5dgivning fr\u00e5n experter som hj\u00e4lper dig att starta och utveckla ditt f\u00f6retag!\" \/>\n<meta name=\"robots\" content=\"index, follow, max-snippet:-1, max-image-preview:large, max-video-preview:-1\" \/>\n<link rel=\"canonical\" href=\"https:\/\/nyforetagarcentrum.se\/stockholm\/vara-radgivare\/\" \/>\n<meta property=\"og:locale\" content=\"sv_SE\" \/>\n<meta property=\"og:type\" content=\"article\" \/>\n<meta property=\"og:title\" content=\"V\u00e5ra r\u00e5dgivare | NFC Stockholm\" \/>\n<meta property=\"og:description\" content=\"F\u00e5 kostnadsfri och personlig r\u00e5dgivning fr\u00e5n experter som hj\u00e4lper dig att starta och utveckla ditt f\u00f6retag!\" \/>\n<meta property=\"og:url\" content=\"https:\/\/nyforetagarcentrum.se\/stockholm\/vara-radgivare\/\" \/>\n<meta property=\"og:site_name\" content=\"Stockholm\" \/>\n<meta property=\"article:modified_time\" content=\"2025-02-24T10:45:57+00:00\" \/>\n<meta name=\"twitter:card\" content=\"summary_large_image\" \/>\n<script type=\"application\/ld+json\" class=\"yoast-schema-graph\">{\"@context\":\"https:\/\/schema.org\",\"@graph\":[{\"@type\":\"WebPage\",\"@id\":\"https:\/\/nyforetagarcentrum.se\/stockholm\/vara-radgivare\/\",\"url\":\"https:\/\/nyforetagarcentrum.se\/stockholm\/vara-radgivare\/\",\"name\":\"V\u00e5ra r\u00e5dgivare | NFC Stockholm\",\"isPartOf\":{\"@id\":\"https:\/\/nyforetagarcentrum.se\/stockholm\/#website\"},\"datePublished\":\"2024-02-29T12:59:39+00:00\",\"dateModified\":\"2025-02-24T10:45:57+00:00\",\"description\":\"F\u00e5 kostnadsfri och personlig r\u00e5dgivning fr\u00e5n experter som hj\u00e4lper dig att starta och utveckla ditt f\u00f6retag!\",\"breadcrumb\":{\"@id\":\"https:\/\/nyforetagarcentrum.se\/stockholm\/vara-radgivare\/#breadcrumb\"},\"inLanguage\":\"sv-SE\",\"potentialAction\":[{\"@type\":\"ReadAction\",\"target\":[\"https:\/\/nyforetagarcentrum.se\/stockholm\/vara-radgivare\/\"]}]},{\"@type\":\"BreadcrumbList\",\"@id\":\"https:\/\/nyforetagarcentrum.se\/stockholm\/vara-radgivare\/#breadcrumb\",\"itemListElement\":[{\"@type\":\"ListItem\",\"position\":1,\"name\":\"Hem\",\"item\":\"https:\/\/nyforetagarcentrum.se\/stockholm\/\"},{\"@type\":\"ListItem\",\"position\":2,\"name\":\"V\u00e5ra r\u00e5dgivare\"}]},{\"@type\":\"WebSite\",\"@id\":\"https:\/\/nyforetagarcentrum.se\/stockholm\/#website\",\"url\":\"https:\/\/nyforetagarcentrum.se\/stockholm\/\",\"name\":\"Stockholm\",\"description\":\"Sveriges ledande kraft f\u00f6r fler nya livskraftiga f\u00f6retag\",\"publisher\":{\"@id\":\"https:\/\/nyforetagarcentrum.se\/stockholm\/#organization\"},\"potentialAction\":[{\"@type\":\"SearchAction\",\"target\":{\"@type\":\"EntryPoint\",\"urlTemplate\":\"https:\/\/nyforetagarcentrum.se\/stockholm\/?s={search_term_string}\"},\"query-input\":\"required name=search_term_string\"}],\"inLanguage\":\"sv-SE\"},{\"@type\":\"Organization\",\"@id\":\"https:\/\/nyforetagarcentrum.se\/stockholm\/#organization\",\"name\":\"Stockholm\",\"url\":\"https:\/\/nyforetagarcentrum.se\/stockholm\/\",\"logo\":{\"@type\":\"ImageObject\",\"inLanguage\":\"sv-SE\",\"@id\":\"https:\/\/nyforetagarcentrum.se\/stockholm\/#\/schema\/logo\/image\/\",\"url\":\"https:\/\/nyforetagarcentrum.se\/stockholm\/wp-content\/uploads\/sites\/10\/2024\/07\/stockholm_bla.png\",\"contentUrl\":\"https:\/\/nyforetagarcentrum.se\/stockholm\/wp-content\/uploads\/sites\/10\/2024\/07\/stockholm_bla.png\",\"width\":870,\"height\":355,\"caption\":\"Stockholm\"},\"image\":{\"@id\":\"https:\/\/nyforetagarcentrum.se\/stockholm\/#\/schema\/logo\/image\/\"}}]}<\/script>\n<!-- \/ Yoast SEO plugin. -->","yoast_head_json":{"title":"V\u00e5ra r\u00e5dgivare | NFC Stockholm","description":"F\u00e5 kostnadsfri och personlig r\u00e5dgivning fr\u00e5n experter som hj\u00e4lper dig att starta och utveckla ditt f\u00f6retag!","robots":{"index":"index","follow":"follow","max-snippet":"max-snippet:-1","max-image-preview":"max-image-preview:large","max-video-preview":"max-video-preview:-1"},"canonical":"https:\/\/nyforetagarcentrum.se\/stockholm\/vara-radgivare\/","og_locale":"sv_SE","og_type":"article","og_title":"V\u00e5ra r\u00e5dgivare | NFC Stockholm","og_description":"F\u00e5 kostnadsfri och personlig r\u00e5dgivning fr\u00e5n experter som hj\u00e4lper dig att starta och utveckla ditt f\u00f6retag!","og_url":"https:\/\/nyforetagarcentrum.se\/stockholm\/vara-radgivare\/","og_site_name":"Stockholm","article_modified_time":"2025-02-24T10:45:57+00:00","twitter_card":"summary_large_image","schema":{"@context":"https:\/\/schema.org","@graph":[{"@type":"WebPage","@id":"https:\/\/nyforetagarcentrum.se\/stockholm\/vara-radgivare\/","url":"https:\/\/nyforetagarcentrum.se\/stockholm\/vara-radgivare\/","name":"V\u00e5ra r\u00e5dgivare | NFC Stockholm","isPartOf":{"@id":"https:\/\/nyforetagarcentrum.se\/stockholm\/#website"},"datePublished":"2024-02-29T12:59:39+00:00","dateModified":"2025-02-24T10:45:57+00:00","description":"F\u00e5 kostnadsfri och personlig r\u00e5dgivning fr\u00e5n experter som hj\u00e4lper dig att starta och utveckla ditt f\u00f6retag!","breadcrumb":{"@id":"https:\/\/nyforetagarcentrum.se\/stockholm\/vara-radgivare\/#breadcrumb"},"inLanguage":"sv-SE","potentialAction":[{"@type":"ReadAction","target":["https:\/\/nyforetagarcentrum.se\/stockholm\/vara-radgivare\/"]}]},{"@type":"BreadcrumbList","@id":"https:\/\/nyforetagarcentrum.se\/stockholm\/vara-radgivare\/#breadcrumb","itemListElement":[{"@type":"ListItem","position":1,"name":"Hem","item":"https:\/\/nyforetagarcentrum.se\/stockholm\/"},{"@type":"ListItem","position":2,"name":"V\u00e5ra r\u00e5dgivare"}]},{"@type":"WebSite","@id":"https:\/\/nyforetagarcentrum.se\/stockholm\/#website","url":"https:\/\/nyforetagarcentrum.se\/stockholm\/","name":"Stockholm","description":"Sveriges ledande kraft f\u00f6r fler nya livskraftiga f\u00f6retag","publisher":{"@id":"https:\/\/nyforetagarcentrum.se\/stockholm\/#organization"},"potentialAction":[{"@type":"SearchAction","target":{"@type":"EntryPoint","urlTemplate":"https:\/\/nyforetagarcentrum.se\/stockholm\/?s={search_term_string}"},"query-input":"required name=search_term_string"}],"inLanguage":"sv-SE"},{"@type":"Organization","@id":"https:\/\/nyforetagarcentrum.se\/stockholm\/#organization","name":"Stockholm","url":"https:\/\/nyforetagarcentrum.se\/stockholm\/","logo":{"@type":"ImageObject","inLanguage":"sv-SE","@id":"https:\/\/nyforetagarcentrum.se\/stockholm\/#\/schema\/logo\/image\/","url":"https:\/\/nyforetagarcentrum.se\/stockholm\/wp-content\/uploads\/sites\/10\/2024\/07\/stockholm_bla.png","contentUrl":"https:\/\/nyforetagarcentrum.se\/stockholm\/wp-content\/uploads\/sites\/10\/2024\/07\/stockholm_bla.png","width":870,"height":355,"caption":"Stockholm"},"image":{"@id":"https:\/\/nyforetagarcentrum.se\/stockholm\/#\/schema\/logo\/image\/"}}]}},"_links":{"self":[{"href":"https:\/\/nyforetagarcentrum.se\/stockholm\/wp-json\/wp\/v2\/pages\/239"}],"collection":[{"href":"https:\/\/nyforetagarcentrum.se\/stockholm\/wp-json\/wp\/v2\/pages"}],"about":[{"href":"https:\/\/nyforetagarcentrum.se\/stockholm\/wp-json\/wp\/v2\/types\/page"}],"author":[{"embeddable":true,"href":"https:\/\/nyforetagarcentrum.se\/stockholm\/wp-json\/wp\/v2\/users\/1"}],"replies":[{"embeddable":true,"href":"https:\/\/nyforetagarcentrum.se\/stockholm\/wp-json\/wp\/v2\/comments?post=239"}],"version-history":[{"count":57,"href":"https:\/\/nyforetagarcentrum.se\/stockholm\/wp-json\/wp\/v2\/pages\/239\/revisions"}],"predecessor-version":[{"id":1597,"href":"https:\/\/nyforetagarcentrum.se\/stockholm\/wp-json\/wp\/v2\/pages\/239\/revisions\/1597"}],"wp:attachment":[{"href":"https:\/\/nyforetagarcentrum.se\/stockholm\/wp-json\/wp\/v2\/media?parent=239"}],"curies":[{"name":"wp","href":"https:\/\/api.w.org\/{rel}","templated":true}]}}