{"id":2020,"date":"2025-12-14T13:28:15","date_gmt":"2025-12-14T12:28:15","guid":{"rendered":"https:\/\/nyforetagarcentrum.se\/stockholm\/?page_id=2020"},"modified":"2025-12-14T20:25:05","modified_gmt":"2025-12-14T19:25:05","slug":"vara-resultat","status":"publish","type":"page","link":"https:\/\/nyforetagarcentrum.se\/stockholm\/vara-resultat\/","title":{"rendered":"V\u00e5ra resultat"},"content":{"rendered":"<section  class=\"nfc-block-split_screen alignwide image_alignment-left\">\n    <div class=\"wrapper\">\n        <div class=\"nfc-block-split_screen__image-wrapper\">\n            <img loading=\"lazy\" decoding=\"async\" width=\"1920\" height=\"914\" src=\"https:\/\/nyforetagarcentrum.se\/stockholm\/wp-content\/uploads\/sites\/10\/2025\/01\/Succe-2024-1920x914.jpg\" class=\"attachment-landscape size-landscape\" alt=\"\" srcset=\"https:\/\/nyforetagarcentrum.se\/stockholm\/wp-content\/uploads\/sites\/10\/2025\/01\/Succe-2024-1920x914.jpg 1920w, https:\/\/nyforetagarcentrum.se\/stockholm\/wp-content\/uploads\/sites\/10\/2025\/01\/Succe-2024-300x143.jpg 300w, https:\/\/nyforetagarcentrum.se\/stockholm\/wp-content\/uploads\/sites\/10\/2025\/01\/Succe-2024-1024x488.jpg 1024w, https:\/\/nyforetagarcentrum.se\/stockholm\/wp-content\/uploads\/sites\/10\/2025\/01\/Succe-2024-768x366.jpg 768w, https:\/\/nyforetagarcentrum.se\/stockholm\/wp-content\/uploads\/sites\/10\/2025\/01\/Succe-2024-1536x731.jpg 1536w, https:\/\/nyforetagarcentrum.se\/stockholm\/wp-content\/uploads\/sites\/10\/2025\/01\/Succe-2024-2048x975.jpg 2048w\" sizes=\"(max-width: 1920px) 100vw, 1920px\" \/>        <\/div>\n\n        <div class=\"nfc-block-split_screen__content-wrapper\">\n            <h1>Vi skapar livskraftiga f\u00f6retag!<\/h1>\n<p>Nyf\u00f6retagarCentrum, en ideell organisation startad av n\u00e4ringslivet 1985, \u00e4r landets fr\u00e4msta organisation f\u00f6r nyf\u00f6retagande och t\u00e4cker fler \u00e4n 220 kommuner. Verksamheten bygger p\u00e5 evidens och bepr\u00f6vad erfarenhet. Vi st\u00e5r \u00e5rligen f\u00f6r 10% av alla nya f\u00f6retag som startas i Sverige.<\/p>\n<p>2024 startades 6 000 nya f\u00f6retag genom Nyf\u00f6retagarCentrum \u2013 ett viktigt tillskott f\u00f6r \u00f6kat entrepren\u00f6rskap. 2024 bidrog dessa f\u00f6retag med 10 000 nya jobb. Ca 3 miljarder kronor tillf\u00f6rs i skatteint\u00e4kter \u00e5rligen.<\/p>\n<p>2024 fick 870 stockholmare individuell r\u00e5dgivning och 330 f\u00f6retag startades i staden genom v\u00e5r r\u00e5dgivning. Vi genomf\u00f6rde ocks\u00e5 ett stort antal seminarier och events b\u00e5de p\u00e5 Forskaren i Hagastaden, p\u00e5 J\u00e4rvaf\u00e4ltet, digitalt samt att vi stod som v\u00e4rd f\u00f6r starta eget avdelningen p\u00e5 Bazaren-m\u00e4ssan, Stockholm Waterfront.<\/p>\n<p>Nyf\u00f6retagarCentrums insatser leder till en markant h\u00f6gre \u00f6verlevnad av de f\u00f6retag som startas genom oss. Andelen konkurser \u00e4r endast 1-2% och 82% \u00e4r fortsatt verksamma efter 3 \u00e5r. Med mentorprogrammet Mentor Eget F\u00f6retag som komplement till r\u00e5dgivningen \u00e4r motsvarande siffra 87%.<\/p>\n\n            \n        <\/div>\n    <\/div>\n<\/section>","protected":false},"excerpt":{"rendered":"","protected":false},"author":64,"featured_media":0,"parent":0,"menu_order":0,"comment_status":"closed","ping_status":"closed","template":"","meta":{"footnotes":""},"acf":[],"yoast_head":"<!-- This site is optimized with the Yoast SEO plugin v22.9 - https:\/\/yoast.com\/wordpress\/plugins\/seo\/ -->\n<title>V\u00e5ra resultat - Stockholm<\/title>\n<meta name=\"robots\" content=\"index, follow, max-snippet:-1, max-image-preview:large, max-video-preview:-1\" \/>\n<link rel=\"canonical\" href=\"https:\/\/nyforetagarcentrum.se\/stockholm\/vara-resultat\/\" \/>\n<meta property=\"og:locale\" content=\"sv_SE\" \/>\n<meta property=\"og:type\" content=\"article\" \/>\n<meta property=\"og:title\" content=\"V\u00e5ra resultat - Stockholm\" \/>\n<meta property=\"og:url\" content=\"https:\/\/nyforetagarcentrum.se\/stockholm\/vara-resultat\/\" \/>\n<meta property=\"og:site_name\" content=\"Stockholm\" \/>\n<meta property=\"article:modified_time\" content=\"2025-12-14T19:25:05+00:00\" \/>\n<meta name=\"twitter:card\" content=\"summary_large_image\" \/>\n<script type=\"application\/ld+json\" class=\"yoast-schema-graph\">{\"@context\":\"https:\/\/schema.org\",\"@graph\":[{\"@type\":\"WebPage\",\"@id\":\"https:\/\/nyforetagarcentrum.se\/stockholm\/vara-resultat\/\",\"url\":\"https:\/\/nyforetagarcentrum.se\/stockholm\/vara-resultat\/\",\"name\":\"V\u00e5ra resultat - Stockholm\",\"isPartOf\":{\"@id\":\"https:\/\/nyforetagarcentrum.se\/stockholm\/#website\"},\"datePublished\":\"2025-12-14T12:28:15+00:00\",\"dateModified\":\"2025-12-14T19:25:05+00:00\",\"breadcrumb\":{\"@id\":\"https:\/\/nyforetagarcentrum.se\/stockholm\/vara-resultat\/#breadcrumb\"},\"inLanguage\":\"sv-SE\",\"potentialAction\":[{\"@type\":\"ReadAction\",\"target\":[\"https:\/\/nyforetagarcentrum.se\/stockholm\/vara-resultat\/\"]}]},{\"@type\":\"BreadcrumbList\",\"@id\":\"https:\/\/nyforetagarcentrum.se\/stockholm\/vara-resultat\/#breadcrumb\",\"itemListElement\":[{\"@type\":\"ListItem\",\"position\":1,\"name\":\"Hem\",\"item\":\"https:\/\/nyforetagarcentrum.se\/stockholm\/\"},{\"@type\":\"ListItem\",\"position\":2,\"name\":\"V\u00e5ra resultat\"}]},{\"@type\":\"WebSite\",\"@id\":\"https:\/\/nyforetagarcentrum.se\/stockholm\/#website\",\"url\":\"https:\/\/nyforetagarcentrum.se\/stockholm\/\",\"name\":\"Stockholm\",\"description\":\"Sveriges ledande kraft f\u00f6r fler nya livskraftiga f\u00f6retag\",\"publisher\":{\"@id\":\"https:\/\/nyforetagarcentrum.se\/stockholm\/#organization\"},\"potentialAction\":[{\"@type\":\"SearchAction\",\"target\":{\"@type\":\"EntryPoint\",\"urlTemplate\":\"https:\/\/nyforetagarcentrum.se\/stockholm\/?s={search_term_string}\"},\"query-input\":\"required name=search_term_string\"}],\"inLanguage\":\"sv-SE\"},{\"@type\":\"Organization\",\"@id\":\"https:\/\/nyforetagarcentrum.se\/stockholm\/#organization\",\"name\":\"Stockholm\",\"url\":\"https:\/\/nyforetagarcentrum.se\/stockholm\/\",\"logo\":{\"@type\":\"ImageObject\",\"inLanguage\":\"sv-SE\",\"@id\":\"https:\/\/nyforetagarcentrum.se\/stockholm\/#\/schema\/logo\/image\/\",\"url\":\"https:\/\/nyforetagarcentrum.se\/stockholm\/wp-content\/uploads\/sites\/10\/2024\/04\/cropped-unnamed.png\",\"contentUrl\":\"https:\/\/nyforetagarcentrum.se\/stockholm\/wp-content\/uploads\/sites\/10\/2024\/04\/cropped-unnamed.png\",\"width\":1122,\"height\":600,\"caption\":\"Stockholm\"},\"image\":{\"@id\":\"https:\/\/nyforetagarcentrum.se\/stockholm\/#\/schema\/logo\/image\/\"}}]}<\/script>\n<!-- \/ Yoast SEO plugin. -->","yoast_head_json":{"title":"V\u00e5ra resultat - Stockholm","robots":{"index":"index","follow":"follow","max-snippet":"max-snippet:-1","max-image-preview":"max-image-preview:large","max-video-preview":"max-video-preview:-1"},"canonical":"https:\/\/nyforetagarcentrum.se\/stockholm\/vara-resultat\/","og_locale":"sv_SE","og_type":"article","og_title":"V\u00e5ra resultat - Stockholm","og_url":"https:\/\/nyforetagarcentrum.se\/stockholm\/vara-resultat\/","og_site_name":"Stockholm","article_modified_time":"2025-12-14T19:25:05+00:00","twitter_card":"summary_large_image","schema":{"@context":"https:\/\/schema.org","@graph":[{"@type":"WebPage","@id":"https:\/\/nyforetagarcentrum.se\/stockholm\/vara-resultat\/","url":"https:\/\/nyforetagarcentrum.se\/stockholm\/vara-resultat\/","name":"V\u00e5ra resultat - Stockholm","isPartOf":{"@id":"https:\/\/nyforetagarcentrum.se\/stockholm\/#website"},"datePublished":"2025-12-14T12:28:15+00:00","dateModified":"2025-12-14T19:25:05+00:00","breadcrumb":{"@id":"https:\/\/nyforetagarcentrum.se\/stockholm\/vara-resultat\/#breadcrumb"},"inLanguage":"sv-SE","potentialAction":[{"@type":"ReadAction","target":["https:\/\/nyforetagarcentrum.se\/stockholm\/vara-resultat\/"]}]},{"@type":"BreadcrumbList","@id":"https:\/\/nyforetagarcentrum.se\/stockholm\/vara-resultat\/#breadcrumb","itemListElement":[{"@type":"ListItem","position":1,"name":"Hem","item":"https:\/\/nyforetagarcentrum.se\/stockholm\/"},{"@type":"ListItem","position":2,"name":"V\u00e5ra resultat"}]},{"@type":"WebSite","@id":"https:\/\/nyforetagarcentrum.se\/stockholm\/#website","url":"https:\/\/nyforetagarcentrum.se\/stockholm\/","name":"Stockholm","description":"Sveriges ledande kraft f\u00f6r fler nya livskraftiga f\u00f6retag","publisher":{"@id":"https:\/\/nyforetagarcentrum.se\/stockholm\/#organization"},"potentialAction":[{"@type":"SearchAction","target":{"@type":"EntryPoint","urlTemplate":"https:\/\/nyforetagarcentrum.se\/stockholm\/?s={search_term_string}"},"query-input":"required name=search_term_string"}],"inLanguage":"sv-SE"},{"@type":"Organization","@id":"https:\/\/nyforetagarcentrum.se\/stockholm\/#organization","name":"Stockholm","url":"https:\/\/nyforetagarcentrum.se\/stockholm\/","logo":{"@type":"ImageObject","inLanguage":"sv-SE","@id":"https:\/\/nyforetagarcentrum.se\/stockholm\/#\/schema\/logo\/image\/","url":"https:\/\/nyforetagarcentrum.se\/stockholm\/wp-content\/uploads\/sites\/10\/2024\/04\/cropped-unnamed.png","contentUrl":"https:\/\/nyforetagarcentrum.se\/stockholm\/wp-content\/uploads\/sites\/10\/2024\/04\/cropped-unnamed.png","width":1122,"height":600,"caption":"Stockholm"},"image":{"@id":"https:\/\/nyforetagarcentrum.se\/stockholm\/#\/schema\/logo\/image\/"}}]}},"_links":{"self":[{"href":"https:\/\/nyforetagarcentrum.se\/stockholm\/wp-json\/wp\/v2\/pages\/2020"}],"collection":[{"href":"https:\/\/nyforetagarcentrum.se\/stockholm\/wp-json\/wp\/v2\/pages"}],"about":[{"href":"https:\/\/nyforetagarcentrum.se\/stockholm\/wp-json\/wp\/v2\/types\/page"}],"author":[{"embeddable":true,"href":"https:\/\/nyforetagarcentrum.se\/stockholm\/wp-json\/wp\/v2\/users\/64"}],"replies":[{"embeddable":true,"href":"https:\/\/nyforetagarcentrum.se\/stockholm\/wp-json\/wp\/v2\/comments?post=2020"}],"version-history":[{"count":6,"href":"https:\/\/nyforetagarcentrum.se\/stockholm\/wp-json\/wp\/v2\/pages\/2020\/revisions"}],"predecessor-version":[{"id":2066,"href":"https:\/\/nyforetagarcentrum.se\/stockholm\/wp-json\/wp\/v2\/pages\/2020\/revisions\/2066"}],"wp:attachment":[{"href":"https:\/\/nyforetagarcentrum.se\/stockholm\/wp-json\/wp\/v2\/media?parent=2020"}],"curies":[{"name":"wp","href":"https:\/\/api.w.org\/{rel}","templated":true}]}}