{"id":164,"date":"2024-02-27T16:05:17","date_gmt":"2024-02-27T15:05:17","guid":{"rendered":"https:\/\/nyforetagarcentrum.se\/stockholm\/?page_id=164"},"modified":"2025-04-17T11:36:14","modified_gmt":"2025-04-17T09:36:14","slug":"var-styrelse","status":"publish","type":"page","link":"https:\/\/nyforetagarcentrum.se\/stockholm\/var-styrelse\/","title":{"rendered":"V\u00e5r styrelse"},"content":{"rendered":"<section  class=\"nfc-block-hero alignfull\">\n\n    <img loading=\"lazy\" decoding=\"async\" width=\"1617\" height=\"1080\" src=\"https:\/\/nyforetagarcentrum.se\/stockholm\/wp-content\/uploads\/sites\/10\/2024\/05\/ian-schneider-TamMbr4okv4-unsplash-1617x1080.jpg\" class=\"attachment-landscape size-landscape\" alt=\"\" srcset=\"https:\/\/nyforetagarcentrum.se\/stockholm\/wp-content\/uploads\/sites\/10\/2024\/05\/ian-schneider-TamMbr4okv4-unsplash-1617x1080.jpg 1617w, https:\/\/nyforetagarcentrum.se\/stockholm\/wp-content\/uploads\/sites\/10\/2024\/05\/ian-schneider-TamMbr4okv4-unsplash-300x200.jpg 300w, https:\/\/nyforetagarcentrum.se\/stockholm\/wp-content\/uploads\/sites\/10\/2024\/05\/ian-schneider-TamMbr4okv4-unsplash-1024x684.jpg 1024w, https:\/\/nyforetagarcentrum.se\/stockholm\/wp-content\/uploads\/sites\/10\/2024\/05\/ian-schneider-TamMbr4okv4-unsplash-768x513.jpg 768w, https:\/\/nyforetagarcentrum.se\/stockholm\/wp-content\/uploads\/sites\/10\/2024\/05\/ian-schneider-TamMbr4okv4-unsplash-1536x1026.jpg 1536w, https:\/\/nyforetagarcentrum.se\/stockholm\/wp-content\/uploads\/sites\/10\/2024\/05\/ian-schneider-TamMbr4okv4-unsplash.jpg 1899w\" sizes=\"(max-width: 1617px) 100vw, 1617px\" \/>\n    <div class=\"contained\">\n        <h1 class=\"nfc-block-hero__heading\">V\u00e5r styrelse<\/h1>\n\n            <\/div>\n<\/section>\n\n\n<div style=\"height:50px\" aria-hidden=\"true\" class=\"wp-block-spacer\"><\/div>\n\n\n<section  class=\"nfc-block-breadcrumbs alignwide\">\n    <div class=\"wrapper contained\">\n        <ol class=\"breadcrumbs\" itemscope itemtype=\"https:\/\/schema.org\/BreadcrumbList\">\n            <li itemprop=\"itemListElement\" itemscope itemtype=\"https:\/\/schema.org\/ListItem\">\n            \n\n                            <span class=\"current\" itemprop=\"name\">Hem<\/span>\n            \n            <meta itemprop=\"position\" content=\"1\" \/>\n        <\/li>\n    <\/ol>    <\/div>\n<\/section>\n\n<section  class=\"nfc-block-person_grid alignwide layout-large\">\n    <div class=\"contained\">\n        <div class=\"grid\">\n                    <\/div>\n    <\/div>\n<\/section>\n\n\n<div style=\"height:100px\" aria-hidden=\"true\" class=\"wp-block-spacer\"><\/div>\n\n\n<section  class=\"nfc-block-person_grid alignwide layout-large\">\n    <div class=\"contained\">\n        <div class=\"grid\">\n            <div class=\"person-large-card\">\n    \n    <div class=\"featured_image\">\n                    <img loading=\"lazy\" decoding=\"async\" width=\"1024\" height=\"1024\" src=\"https:\/\/nyforetagarcentrum.se\/stockholm\/wp-content\/uploads\/sites\/10\/2024\/04\/35-1024x1024.png\" class=\"attachment-large size-large\" alt=\"\" srcset=\"https:\/\/nyforetagarcentrum.se\/stockholm\/wp-content\/uploads\/sites\/10\/2024\/04\/35-1024x1024.png 1024w, https:\/\/nyforetagarcentrum.se\/stockholm\/wp-content\/uploads\/sites\/10\/2024\/04\/35-300x300.png 300w, https:\/\/nyforetagarcentrum.se\/stockholm\/wp-content\/uploads\/sites\/10\/2024\/04\/35-150x150.png 150w, https:\/\/nyforetagarcentrum.se\/stockholm\/wp-content\/uploads\/sites\/10\/2024\/04\/35-768x768.png 768w, https:\/\/nyforetagarcentrum.se\/stockholm\/wp-content\/uploads\/sites\/10\/2024\/04\/35.png 1080w\" sizes=\"(max-width: 1024px) 100vw, 1024px\" \/>            <\/div>\n\n    <div class=\"content-wrapper\">\n        <h3>Anna Forsberg<\/h3>\n\n                    <div class=\"excerpt\">\n                Ordf\u00f6rande<br \/>\r\nmyflow<br \/>\r\n<br \/>\r\n\u201dStockholm b\u00e5de har potential och behov av ett breddat f\u00f6retagande. Det skapar tillv\u00e4xt, arbetstillf\u00e4llen, skatteint\u00e4kter och ger m\u00f6jlighet till att fler f\u00e5r verka utifr\u00e5n sin potential. Inspiration och framtidstro \u00e4r exakt vad Stockholm beh\u00f6ver\u201d.            <\/div>\n        \n        <div class=\"links\">\n\n            \n                            <a href=\"mailto:anna@myflow.se\">\n                    anna@myflow.se                <\/a>\n                    <\/div>\n        \n    <\/div>\n<\/div><div class=\"person-large-card\">\n    \n    <div class=\"featured_image\">\n                    <img loading=\"lazy\" decoding=\"async\" width=\"974\" height=\"1024\" src=\"https:\/\/nyforetagarcentrum.se\/stockholm\/wp-content\/uploads\/sites\/10\/2025\/04\/DSC00234-2-1-974x1024.jpg\" class=\"attachment-large size-large\" alt=\"\" srcset=\"https:\/\/nyforetagarcentrum.se\/stockholm\/wp-content\/uploads\/sites\/10\/2025\/04\/DSC00234-2-1-974x1024.jpg 974w, https:\/\/nyforetagarcentrum.se\/stockholm\/wp-content\/uploads\/sites\/10\/2025\/04\/DSC00234-2-1-285x300.jpg 285w, https:\/\/nyforetagarcentrum.se\/stockholm\/wp-content\/uploads\/sites\/10\/2025\/04\/DSC00234-2-1-768x807.jpg 768w, https:\/\/nyforetagarcentrum.se\/stockholm\/wp-content\/uploads\/sites\/10\/2025\/04\/DSC00234-2-1-1462x1536.jpg 1462w, https:\/\/nyforetagarcentrum.se\/stockholm\/wp-content\/uploads\/sites\/10\/2025\/04\/DSC00234-2-1-1949x2048.jpg 1949w, https:\/\/nyforetagarcentrum.se\/stockholm\/wp-content\/uploads\/sites\/10\/2025\/04\/DSC00234-2-1-1028x1080.jpg 1028w\" sizes=\"(max-width: 974px) 100vw, 974px\" \/>            <\/div>\n\n    <div class=\"content-wrapper\">\n        <h3>Lisa Karlson Reutercrona<\/h3>\n\n                    <div class=\"excerpt\">\n                Vice ordf\u00f6rande<br \/>\r\nBokio<br \/>\r\n<br \/>\r\n&#8221;Nyf\u00f6retagarCentrum spelar en avg\u00f6rande roll i att s\u00e4nka tr\u00f6sklarna till f\u00f6retagande. Genom v\u00e4gledning, n\u00e4tverk och kunskap skapas trygghet, s\u00e5 att fler v\u00e5gar ta klivet och f\u00f6rst\u00e5r vad som kr\u00e4vs f\u00f6r att starta och driva f\u00f6retag. Tillsammans skapas ett starkare, modigare och mer h\u00e5llbart n\u00e4ringsliv.&#8221;<br \/>\r\n<br \/>\r\n<br \/>\r\n            <\/div>\n        \n        <div class=\"links\">\n\n            \n                            <a href=\"mailto:lisa.k@bokio.se\">\n                    lisa.k@bokio.se                <\/a>\n                    <\/div>\n        \n    <\/div>\n<\/div><div class=\"person-large-card\">\n    \n    <div class=\"featured_image\">\n            <\/div>\n\n    <div class=\"content-wrapper\">\n        <h3>Kash Taimoori<\/h3>\n\n                    <div class=\"excerpt\">\n                Ledamot<br \/>\r\nAccurate Consulting Sweden            <\/div>\n        \n        <div class=\"links\">\n\n            \n                    <\/div>\n        \n    <\/div>\n<\/div><div class=\"person-large-card\">\n    \n    <div class=\"featured_image\">\n            <\/div>\n\n    <div class=\"content-wrapper\">\n        <h3>Martina Alvarsson<\/h3>\n\n                    <div class=\"excerpt\">\n                Ledamot<br \/>\r\nMovestic            <\/div>\n        \n        <div class=\"links\">\n\n            \n                    <\/div>\n        \n    <\/div>\n<\/div><div class=\"person-large-card\">\n    \n    <div class=\"featured_image\">\n            <\/div>\n\n    <div class=\"content-wrapper\">\n        <h3>Aziza Al Ghafri<\/h3>\n\n                    <div class=\"excerpt\">\n                Suppleant<br \/>\r\nStockholms Universitet            <\/div>\n        \n        <div class=\"links\">\n\n            \n                    <\/div>\n        \n    <\/div>\n<\/div>        <\/div>\n    <\/div>\n<\/section>\n\n\n<div style=\"height:100px\" aria-hidden=\"true\" class=\"wp-block-spacer\"><\/div>\n","protected":false},"excerpt":{"rendered":"","protected":false},"author":1,"featured_media":0,"parent":0,"menu_order":0,"comment_status":"closed","ping_status":"closed","template":"","meta":{"footnotes":""},"acf":[],"yoast_head":"<!-- This site is optimized with the Yoast SEO plugin v22.9 - https:\/\/yoast.com\/wordpress\/plugins\/seo\/ -->\n<title>V\u00e5r styrelse - Stockholm<\/title>\n<meta name=\"description\" content=\"L\u00e4s om vilka vi \u00e4r som sitter i styrelsen f\u00f6r Nyf\u00f6retagarcentrum Stockholm samt vad vi har f\u00f6r roller i n\u00e4ringslivet.\" \/>\n<meta name=\"robots\" content=\"index, follow, max-snippet:-1, max-image-preview:large, max-video-preview:-1\" \/>\n<link rel=\"canonical\" href=\"https:\/\/nyforetagarcentrum.se\/stockholm\/var-styrelse\/\" \/>\n<meta property=\"og:locale\" content=\"sv_SE\" \/>\n<meta property=\"og:type\" content=\"article\" \/>\n<meta property=\"og:title\" content=\"V\u00e5r styrelse - Stockholm\" \/>\n<meta property=\"og:description\" content=\"L\u00e4s om vilka vi \u00e4r som sitter i styrelsen f\u00f6r Nyf\u00f6retagarcentrum Stockholm samt vad vi har f\u00f6r roller i n\u00e4ringslivet.\" \/>\n<meta property=\"og:url\" content=\"https:\/\/nyforetagarcentrum.se\/stockholm\/var-styrelse\/\" \/>\n<meta property=\"og:site_name\" content=\"Stockholm\" \/>\n<meta property=\"article:modified_time\" content=\"2025-04-17T09:36:14+00:00\" \/>\n<meta name=\"twitter:card\" content=\"summary_large_image\" \/>\n<script type=\"application\/ld+json\" class=\"yoast-schema-graph\">{\"@context\":\"https:\/\/schema.org\",\"@graph\":[{\"@type\":\"WebPage\",\"@id\":\"https:\/\/nyforetagarcentrum.se\/stockholm\/var-styrelse\/\",\"url\":\"https:\/\/nyforetagarcentrum.se\/stockholm\/var-styrelse\/\",\"name\":\"V\u00e5r styrelse - Stockholm\",\"isPartOf\":{\"@id\":\"https:\/\/nyforetagarcentrum.se\/stockholm\/#website\"},\"datePublished\":\"2024-02-27T15:05:17+00:00\",\"dateModified\":\"2025-04-17T09:36:14+00:00\",\"description\":\"L\u00e4s om vilka vi \u00e4r som sitter i styrelsen f\u00f6r Nyf\u00f6retagarcentrum Stockholm samt vad vi har f\u00f6r roller i n\u00e4ringslivet.\",\"breadcrumb\":{\"@id\":\"https:\/\/nyforetagarcentrum.se\/stockholm\/var-styrelse\/#breadcrumb\"},\"inLanguage\":\"sv-SE\",\"potentialAction\":[{\"@type\":\"ReadAction\",\"target\":[\"https:\/\/nyforetagarcentrum.se\/stockholm\/var-styrelse\/\"]}]},{\"@type\":\"BreadcrumbList\",\"@id\":\"https:\/\/nyforetagarcentrum.se\/stockholm\/var-styrelse\/#breadcrumb\",\"itemListElement\":[{\"@type\":\"ListItem\",\"position\":1,\"name\":\"Hem\",\"item\":\"https:\/\/nyforetagarcentrum.se\/stockholm\/\"},{\"@type\":\"ListItem\",\"position\":2,\"name\":\"V\u00e5r styrelse\"}]},{\"@type\":\"WebSite\",\"@id\":\"https:\/\/nyforetagarcentrum.se\/stockholm\/#website\",\"url\":\"https:\/\/nyforetagarcentrum.se\/stockholm\/\",\"name\":\"Stockholm\",\"description\":\"Sveriges ledande kraft f\u00f6r fler nya livskraftiga f\u00f6retag\",\"publisher\":{\"@id\":\"https:\/\/nyforetagarcentrum.se\/stockholm\/#organization\"},\"potentialAction\":[{\"@type\":\"SearchAction\",\"target\":{\"@type\":\"EntryPoint\",\"urlTemplate\":\"https:\/\/nyforetagarcentrum.se\/stockholm\/?s={search_term_string}\"},\"query-input\":\"required name=search_term_string\"}],\"inLanguage\":\"sv-SE\"},{\"@type\":\"Organization\",\"@id\":\"https:\/\/nyforetagarcentrum.se\/stockholm\/#organization\",\"name\":\"Stockholm\",\"url\":\"https:\/\/nyforetagarcentrum.se\/stockholm\/\",\"logo\":{\"@type\":\"ImageObject\",\"inLanguage\":\"sv-SE\",\"@id\":\"https:\/\/nyforetagarcentrum.se\/stockholm\/#\/schema\/logo\/image\/\",\"url\":\"https:\/\/nyforetagarcentrum.se\/stockholm\/wp-content\/uploads\/sites\/10\/2024\/04\/cropped-unnamed.png\",\"contentUrl\":\"https:\/\/nyforetagarcentrum.se\/stockholm\/wp-content\/uploads\/sites\/10\/2024\/04\/cropped-unnamed.png\",\"width\":1122,\"height\":600,\"caption\":\"Stockholm\"},\"image\":{\"@id\":\"https:\/\/nyforetagarcentrum.se\/stockholm\/#\/schema\/logo\/image\/\"}}]}<\/script>\n<!-- \/ Yoast SEO plugin. -->","yoast_head_json":{"title":"V\u00e5r styrelse - Stockholm","description":"L\u00e4s om vilka vi \u00e4r som sitter i styrelsen f\u00f6r Nyf\u00f6retagarcentrum Stockholm samt vad vi har f\u00f6r roller i n\u00e4ringslivet.","robots":{"index":"index","follow":"follow","max-snippet":"max-snippet:-1","max-image-preview":"max-image-preview:large","max-video-preview":"max-video-preview:-1"},"canonical":"https:\/\/nyforetagarcentrum.se\/stockholm\/var-styrelse\/","og_locale":"sv_SE","og_type":"article","og_title":"V\u00e5r styrelse - Stockholm","og_description":"L\u00e4s om vilka vi \u00e4r som sitter i styrelsen f\u00f6r Nyf\u00f6retagarcentrum Stockholm samt vad vi har f\u00f6r roller i n\u00e4ringslivet.","og_url":"https:\/\/nyforetagarcentrum.se\/stockholm\/var-styrelse\/","og_site_name":"Stockholm","article_modified_time":"2025-04-17T09:36:14+00:00","twitter_card":"summary_large_image","schema":{"@context":"https:\/\/schema.org","@graph":[{"@type":"WebPage","@id":"https:\/\/nyforetagarcentrum.se\/stockholm\/var-styrelse\/","url":"https:\/\/nyforetagarcentrum.se\/stockholm\/var-styrelse\/","name":"V\u00e5r styrelse - Stockholm","isPartOf":{"@id":"https:\/\/nyforetagarcentrum.se\/stockholm\/#website"},"datePublished":"2024-02-27T15:05:17+00:00","dateModified":"2025-04-17T09:36:14+00:00","description":"L\u00e4s om vilka vi \u00e4r som sitter i styrelsen f\u00f6r Nyf\u00f6retagarcentrum Stockholm samt vad vi har f\u00f6r roller i n\u00e4ringslivet.","breadcrumb":{"@id":"https:\/\/nyforetagarcentrum.se\/stockholm\/var-styrelse\/#breadcrumb"},"inLanguage":"sv-SE","potentialAction":[{"@type":"ReadAction","target":["https:\/\/nyforetagarcentrum.se\/stockholm\/var-styrelse\/"]}]},{"@type":"BreadcrumbList","@id":"https:\/\/nyforetagarcentrum.se\/stockholm\/var-styrelse\/#breadcrumb","itemListElement":[{"@type":"ListItem","position":1,"name":"Hem","item":"https:\/\/nyforetagarcentrum.se\/stockholm\/"},{"@type":"ListItem","position":2,"name":"V\u00e5r styrelse"}]},{"@type":"WebSite","@id":"https:\/\/nyforetagarcentrum.se\/stockholm\/#website","url":"https:\/\/nyforetagarcentrum.se\/stockholm\/","name":"Stockholm","description":"Sveriges ledande kraft f\u00f6r fler nya livskraftiga f\u00f6retag","publisher":{"@id":"https:\/\/nyforetagarcentrum.se\/stockholm\/#organization"},"potentialAction":[{"@type":"SearchAction","target":{"@type":"EntryPoint","urlTemplate":"https:\/\/nyforetagarcentrum.se\/stockholm\/?s={search_term_string}"},"query-input":"required name=search_term_string"}],"inLanguage":"sv-SE"},{"@type":"Organization","@id":"https:\/\/nyforetagarcentrum.se\/stockholm\/#organization","name":"Stockholm","url":"https:\/\/nyforetagarcentrum.se\/stockholm\/","logo":{"@type":"ImageObject","inLanguage":"sv-SE","@id":"https:\/\/nyforetagarcentrum.se\/stockholm\/#\/schema\/logo\/image\/","url":"https:\/\/nyforetagarcentrum.se\/stockholm\/wp-content\/uploads\/sites\/10\/2024\/04\/cropped-unnamed.png","contentUrl":"https:\/\/nyforetagarcentrum.se\/stockholm\/wp-content\/uploads\/sites\/10\/2024\/04\/cropped-unnamed.png","width":1122,"height":600,"caption":"Stockholm"},"image":{"@id":"https:\/\/nyforetagarcentrum.se\/stockholm\/#\/schema\/logo\/image\/"}}]}},"_links":{"self":[{"href":"https:\/\/nyforetagarcentrum.se\/stockholm\/wp-json\/wp\/v2\/pages\/164"}],"collection":[{"href":"https:\/\/nyforetagarcentrum.se\/stockholm\/wp-json\/wp\/v2\/pages"}],"about":[{"href":"https:\/\/nyforetagarcentrum.se\/stockholm\/wp-json\/wp\/v2\/types\/page"}],"author":[{"embeddable":true,"href":"https:\/\/nyforetagarcentrum.se\/stockholm\/wp-json\/wp\/v2\/users\/1"}],"replies":[{"embeddable":true,"href":"https:\/\/nyforetagarcentrum.se\/stockholm\/wp-json\/wp\/v2\/comments?post=164"}],"version-history":[{"count":27,"href":"https:\/\/nyforetagarcentrum.se\/stockholm\/wp-json\/wp\/v2\/pages\/164\/revisions"}],"predecessor-version":[{"id":2218,"href":"https:\/\/nyforetagarcentrum.se\/stockholm\/wp-json\/wp\/v2\/pages\/164\/revisions\/2218"}],"wp:attachment":[{"href":"https:\/\/nyforetagarcentrum.se\/stockholm\/wp-json\/wp\/v2\/media?parent=164"}],"curies":[{"name":"wp","href":"https:\/\/api.w.org\/{rel}","templated":true}]}}