{"id":483,"date":"2024-05-14T10:23:23","date_gmt":"2024-05-14T08:23:23","guid":{"rendered":"https:\/\/nyforetagarcentrum.se\/solnasundbyberg\/?page_id=483"},"modified":"2025-05-26T10:22:12","modified_gmt":"2025-05-26T08:22:12","slug":"vd-verksamhetsledare","status":"publish","type":"page","link":"https:\/\/nyforetagarcentrum.se\/solnasundbyberg\/vd-verksamhetsledare\/","title":{"rendered":"V\u00e5r VD\/Verksamhetsledare"},"content":{"rendered":"\n<div class=\"wp-block-group alignwide is-layout-constrained wp-block-group-is-layout-constrained\"><section  class=\"nfc-block-person_grid alignwide layout-small\">\n    <div class=\"contained\">\n        <div class=\"grid\">\n            <div class=\"person-card\">\n    \n            <div class=\"featured_image\">\n            <img loading=\"lazy\" decoding=\"async\" width=\"150\" height=\"150\" src=\"https:\/\/nyforetagarcentrum.se\/solnasundbyberg\/wp-content\/uploads\/sites\/27\/2024\/05\/Sara-verksamhetsledare-hemsida-150x150.jpg\" class=\"attachment-thumbnail size-thumbnail\" alt=\"\" srcset=\"https:\/\/nyforetagarcentrum.se\/solnasundbyberg\/wp-content\/uploads\/sites\/27\/2024\/05\/Sara-verksamhetsledare-hemsida-150x150.jpg 150w, https:\/\/nyforetagarcentrum.se\/solnasundbyberg\/wp-content\/uploads\/sites\/27\/2024\/05\/Sara-verksamhetsledare-hemsida-300x300.jpg 300w, https:\/\/nyforetagarcentrum.se\/solnasundbyberg\/wp-content\/uploads\/sites\/27\/2024\/05\/Sara-verksamhetsledare-hemsida-1024x1024.jpg 1024w, https:\/\/nyforetagarcentrum.se\/solnasundbyberg\/wp-content\/uploads\/sites\/27\/2024\/05\/Sara-verksamhetsledare-hemsida-768x768.jpg 768w, https:\/\/nyforetagarcentrum.se\/solnasundbyberg\/wp-content\/uploads\/sites\/27\/2024\/05\/Sara-verksamhetsledare-hemsida-1536x1536.jpg 1536w, https:\/\/nyforetagarcentrum.se\/solnasundbyberg\/wp-content\/uploads\/sites\/27\/2024\/05\/Sara-verksamhetsledare-hemsida-1080x1080.jpg 1080w, https:\/\/nyforetagarcentrum.se\/solnasundbyberg\/wp-content\/uploads\/sites\/27\/2024\/05\/Sara-verksamhetsledare-hemsida.jpg 2000w\" sizes=\"(max-width: 150px) 100vw, 150px\" \/>        <\/div>\n    \n    <div class=\"content-wrapper\">\n        <div class=\"top\">\n                    <\/div>\n        \n        <h3>Sara Strand<\/h3>\n\n        <div class=\"excerpt\">\n            Sara Strand \u00e4r VD\/Verksamhetsledare p\u00e5 Nyf\u00f6retagarCentrum Solna Sundbyberg. Sara \u00e4r f\u00f6retagsekonom med fokus p\u00e5 marknad och strategisk kommunikation med l\u00e5ng erfarenhet av aff\u00e4rsutveckling och varum\u00e4rkesbyggande.        <\/div>\n\n        <div class=\"links\">\n            \n                            <a href=\"mailto:sara.strand@nyforetagarcentrum.se\">\n                    MAIL: sara.strand@nyforetagarcentrum.se                <\/a>\n                    <\/div>\n        \n    <\/div>\n<\/div>        <\/div>\n    <\/div>\n<\/section><\/div>\n\n\n\n<div style=\"height:60px\" aria-hidden=\"true\" class=\"wp-block-spacer\"><\/div>\n","protected":false},"excerpt":{"rendered":"","protected":false},"author":51,"featured_media":0,"parent":0,"menu_order":0,"comment_status":"closed","ping_status":"closed","template":"","meta":{"footnotes":""},"acf":[],"yoast_head":"<!-- This site is optimized with the Yoast SEO plugin v22.9 - https:\/\/yoast.com\/wordpress\/plugins\/seo\/ -->\n<title>V\u00e5r VD\/Verksamhetsledare - Solna Sundbyberg<\/title>\n<meta name=\"robots\" content=\"index, follow, max-snippet:-1, max-image-preview:large, max-video-preview:-1\" \/>\n<link rel=\"canonical\" href=\"https:\/\/nyforetagarcentrum.se\/solnasundbyberg\/vd-verksamhetsledare\/\" \/>\n<meta property=\"og:locale\" content=\"sv_SE\" \/>\n<meta property=\"og:type\" content=\"article\" \/>\n<meta property=\"og:title\" content=\"V\u00e5r VD\/Verksamhetsledare - Solna Sundbyberg\" \/>\n<meta property=\"og:url\" content=\"https:\/\/nyforetagarcentrum.se\/solnasundbyberg\/vd-verksamhetsledare\/\" \/>\n<meta property=\"og:site_name\" content=\"Solna Sundbyberg\" \/>\n<meta property=\"article:modified_time\" content=\"2025-05-26T08:22:12+00:00\" \/>\n<meta name=\"twitter:card\" content=\"summary_large_image\" \/>\n<script type=\"application\/ld+json\" class=\"yoast-schema-graph\">{\"@context\":\"https:\/\/schema.org\",\"@graph\":[{\"@type\":\"WebPage\",\"@id\":\"https:\/\/nyforetagarcentrum.se\/solnasundbyberg\/vd-verksamhetsledare\/\",\"url\":\"https:\/\/nyforetagarcentrum.se\/solnasundbyberg\/vd-verksamhetsledare\/\",\"name\":\"V\u00e5r VD\/Verksamhetsledare - Solna Sundbyberg\",\"isPartOf\":{\"@id\":\"https:\/\/nyforetagarcentrum.se\/solnasundbyberg\/#website\"},\"datePublished\":\"2024-05-14T08:23:23+00:00\",\"dateModified\":\"2025-05-26T08:22:12+00:00\",\"breadcrumb\":{\"@id\":\"https:\/\/nyforetagarcentrum.se\/solnasundbyberg\/vd-verksamhetsledare\/#breadcrumb\"},\"inLanguage\":\"sv-SE\",\"potentialAction\":[{\"@type\":\"ReadAction\",\"target\":[\"https:\/\/nyforetagarcentrum.se\/solnasundbyberg\/vd-verksamhetsledare\/\"]}]},{\"@type\":\"BreadcrumbList\",\"@id\":\"https:\/\/nyforetagarcentrum.se\/solnasundbyberg\/vd-verksamhetsledare\/#breadcrumb\",\"itemListElement\":[{\"@type\":\"ListItem\",\"position\":1,\"name\":\"Hem\",\"item\":\"https:\/\/nyforetagarcentrum.se\/solnasundbyberg\/\"},{\"@type\":\"ListItem\",\"position\":2,\"name\":\"V\u00e5r VD\/Verksamhetsledare\"}]},{\"@type\":\"WebSite\",\"@id\":\"https:\/\/nyforetagarcentrum.se\/solnasundbyberg\/#website\",\"url\":\"https:\/\/nyforetagarcentrum.se\/solnasundbyberg\/\",\"name\":\"Solna Sundbyberg\",\"description\":\"Sveriges ledande kraft f\u00f6r fler nya livskraftiga f\u00f6retag\",\"publisher\":{\"@id\":\"https:\/\/nyforetagarcentrum.se\/solnasundbyberg\/#organization\"},\"potentialAction\":[{\"@type\":\"SearchAction\",\"target\":{\"@type\":\"EntryPoint\",\"urlTemplate\":\"https:\/\/nyforetagarcentrum.se\/solnasundbyberg\/?s={search_term_string}\"},\"query-input\":\"required name=search_term_string\"}],\"inLanguage\":\"sv-SE\"},{\"@type\":\"Organization\",\"@id\":\"https:\/\/nyforetagarcentrum.se\/solnasundbyberg\/#organization\",\"name\":\"Solna Sundbyberg\",\"url\":\"https:\/\/nyforetagarcentrum.se\/solnasundbyberg\/\",\"logo\":{\"@type\":\"ImageObject\",\"inLanguage\":\"sv-SE\",\"@id\":\"https:\/\/nyforetagarcentrum.se\/solnasundbyberg\/#\/schema\/logo\/image\/\",\"url\":\"https:\/\/nyforetagarcentrum.se\/solnasundbyberg\/wp-content\/uploads\/sites\/27\/2025\/03\/cropped-NFC-Solna-Sundbyberg-logo-blue.png\",\"contentUrl\":\"https:\/\/nyforetagarcentrum.se\/solnasundbyberg\/wp-content\/uploads\/sites\/27\/2025\/03\/cropped-NFC-Solna-Sundbyberg-logo-blue.png\",\"width\":967,\"height\":454,\"caption\":\"Solna Sundbyberg\"},\"image\":{\"@id\":\"https:\/\/nyforetagarcentrum.se\/solnasundbyberg\/#\/schema\/logo\/image\/\"}}]}<\/script>\n<!-- \/ Yoast SEO plugin. -->","yoast_head_json":{"title":"V\u00e5r VD\/Verksamhetsledare - Solna Sundbyberg","robots":{"index":"index","follow":"follow","max-snippet":"max-snippet:-1","max-image-preview":"max-image-preview:large","max-video-preview":"max-video-preview:-1"},"canonical":"https:\/\/nyforetagarcentrum.se\/solnasundbyberg\/vd-verksamhetsledare\/","og_locale":"sv_SE","og_type":"article","og_title":"V\u00e5r VD\/Verksamhetsledare - Solna Sundbyberg","og_url":"https:\/\/nyforetagarcentrum.se\/solnasundbyberg\/vd-verksamhetsledare\/","og_site_name":"Solna Sundbyberg","article_modified_time":"2025-05-26T08:22:12+00:00","twitter_card":"summary_large_image","schema":{"@context":"https:\/\/schema.org","@graph":[{"@type":"WebPage","@id":"https:\/\/nyforetagarcentrum.se\/solnasundbyberg\/vd-verksamhetsledare\/","url":"https:\/\/nyforetagarcentrum.se\/solnasundbyberg\/vd-verksamhetsledare\/","name":"V\u00e5r VD\/Verksamhetsledare - Solna Sundbyberg","isPartOf":{"@id":"https:\/\/nyforetagarcentrum.se\/solnasundbyberg\/#website"},"datePublished":"2024-05-14T08:23:23+00:00","dateModified":"2025-05-26T08:22:12+00:00","breadcrumb":{"@id":"https:\/\/nyforetagarcentrum.se\/solnasundbyberg\/vd-verksamhetsledare\/#breadcrumb"},"inLanguage":"sv-SE","potentialAction":[{"@type":"ReadAction","target":["https:\/\/nyforetagarcentrum.se\/solnasundbyberg\/vd-verksamhetsledare\/"]}]},{"@type":"BreadcrumbList","@id":"https:\/\/nyforetagarcentrum.se\/solnasundbyberg\/vd-verksamhetsledare\/#breadcrumb","itemListElement":[{"@type":"ListItem","position":1,"name":"Hem","item":"https:\/\/nyforetagarcentrum.se\/solnasundbyberg\/"},{"@type":"ListItem","position":2,"name":"V\u00e5r VD\/Verksamhetsledare"}]},{"@type":"WebSite","@id":"https:\/\/nyforetagarcentrum.se\/solnasundbyberg\/#website","url":"https:\/\/nyforetagarcentrum.se\/solnasundbyberg\/","name":"Solna Sundbyberg","description":"Sveriges ledande kraft f\u00f6r fler nya livskraftiga f\u00f6retag","publisher":{"@id":"https:\/\/nyforetagarcentrum.se\/solnasundbyberg\/#organization"},"potentialAction":[{"@type":"SearchAction","target":{"@type":"EntryPoint","urlTemplate":"https:\/\/nyforetagarcentrum.se\/solnasundbyberg\/?s={search_term_string}"},"query-input":"required name=search_term_string"}],"inLanguage":"sv-SE"},{"@type":"Organization","@id":"https:\/\/nyforetagarcentrum.se\/solnasundbyberg\/#organization","name":"Solna Sundbyberg","url":"https:\/\/nyforetagarcentrum.se\/solnasundbyberg\/","logo":{"@type":"ImageObject","inLanguage":"sv-SE","@id":"https:\/\/nyforetagarcentrum.se\/solnasundbyberg\/#\/schema\/logo\/image\/","url":"https:\/\/nyforetagarcentrum.se\/solnasundbyberg\/wp-content\/uploads\/sites\/27\/2025\/03\/cropped-NFC-Solna-Sundbyberg-logo-blue.png","contentUrl":"https:\/\/nyforetagarcentrum.se\/solnasundbyberg\/wp-content\/uploads\/sites\/27\/2025\/03\/cropped-NFC-Solna-Sundbyberg-logo-blue.png","width":967,"height":454,"caption":"Solna Sundbyberg"},"image":{"@id":"https:\/\/nyforetagarcentrum.se\/solnasundbyberg\/#\/schema\/logo\/image\/"}}]}},"_links":{"self":[{"href":"https:\/\/nyforetagarcentrum.se\/solnasundbyberg\/wp-json\/wp\/v2\/pages\/483"}],"collection":[{"href":"https:\/\/nyforetagarcentrum.se\/solnasundbyberg\/wp-json\/wp\/v2\/pages"}],"about":[{"href":"https:\/\/nyforetagarcentrum.se\/solnasundbyberg\/wp-json\/wp\/v2\/types\/page"}],"author":[{"embeddable":true,"href":"https:\/\/nyforetagarcentrum.se\/solnasundbyberg\/wp-json\/wp\/v2\/users\/51"}],"replies":[{"embeddable":true,"href":"https:\/\/nyforetagarcentrum.se\/solnasundbyberg\/wp-json\/wp\/v2\/comments?post=483"}],"version-history":[{"count":8,"href":"https:\/\/nyforetagarcentrum.se\/solnasundbyberg\/wp-json\/wp\/v2\/pages\/483\/revisions"}],"predecessor-version":[{"id":988,"href":"https:\/\/nyforetagarcentrum.se\/solnasundbyberg\/wp-json\/wp\/v2\/pages\/483\/revisions\/988"}],"wp:attachment":[{"href":"https:\/\/nyforetagarcentrum.se\/solnasundbyberg\/wp-json\/wp\/v2\/media?parent=483"}],"curies":[{"name":"wp","href":"https:\/\/api.w.org\/{rel}","templated":true}]}}