{"id":48,"date":"2024-02-22T10:29:05","date_gmt":"2024-02-22T09:29:05","guid":{"rendered":"https:\/\/nyforetagarcentrum.se\/solna\/?page_id=48"},"modified":"2025-08-12T12:58:09","modified_gmt":"2025-08-12T10:58:09","slug":"erbjudanden","status":"publish","type":"page","link":"https:\/\/nyforetagarcentrum.se\/solnasundbyberg\/erbjudanden\/","title":{"rendered":"Erbjudanden"},"content":{"rendered":"<section  class=\"nfc-block-hero alignfull\">\n\n    <img loading=\"lazy\" decoding=\"async\" width=\"1476\" height=\"984\" src=\"https:\/\/nyforetagarcentrum.se\/solnasundbyberg\/wp-content\/uploads\/sites\/27\/2024\/02\/Tillvaxt-planta-LOW.jpg\" class=\"attachment-landscape size-landscape\" alt=\"\" srcset=\"https:\/\/nyforetagarcentrum.se\/solnasundbyberg\/wp-content\/uploads\/sites\/27\/2024\/02\/Tillvaxt-planta-LOW.jpg 1476w, https:\/\/nyforetagarcentrum.se\/solnasundbyberg\/wp-content\/uploads\/sites\/27\/2024\/02\/Tillvaxt-planta-LOW-300x200.jpg 300w, https:\/\/nyforetagarcentrum.se\/solnasundbyberg\/wp-content\/uploads\/sites\/27\/2024\/02\/Tillvaxt-planta-LOW-1024x683.jpg 1024w, https:\/\/nyforetagarcentrum.se\/solnasundbyberg\/wp-content\/uploads\/sites\/27\/2024\/02\/Tillvaxt-planta-LOW-768x512.jpg 768w\" sizes=\"(max-width: 1476px) 100vw, 1476px\" \/>\n    <div class=\"contained\">\n        <h1 class=\"nfc-block-hero__heading\">V\u00e5ra erbjudanden till dig som \u00e4r nyf\u00f6retagare<\/h1>\n\n            <\/div>\n<\/section>\n\n\n<div style=\"height:50px\" aria-hidden=\"true\" class=\"wp-block-spacer\"><\/div>\n\n\n<section  class=\"nfc-block-breadcrumbs\">\n    <div class=\"wrapper contained\">\n        <ol class=\"breadcrumbs\" itemscope itemtype=\"https:\/\/schema.org\/BreadcrumbList\">\n            <li itemprop=\"itemListElement\" itemscope itemtype=\"https:\/\/schema.org\/ListItem\">\n            \n\n                            <span class=\"current\" itemprop=\"name\">Hem<\/span>\n            \n            <meta itemprop=\"position\" content=\"1\" \/>\n        <\/li>\n    <\/ol>    <\/div>\n<\/section>\n\n\n<h2 class=\"wp-block-heading alignwide has-x-large-font-size\">Ta del av exklusiva erbjudanden<\/h2>\n\n\n<section  class=\"nfc-block-offer_grid alignwide layout-small\">\n    <div class=\"contained\">\n\n        <div class=\"filter-row\">\n            \n                            <button id=\"local-offers-button\">\n                    Lokala partners\n                <\/button>\n                <button id=\"national-offers-button\" class=\"outlined\">\n                    Nationella partners\n                <\/button>\n                    <\/div>\n\n        <div class=\"grid\" id=\"offers-grid\">\n            <div class=\"offer-card\">\n\n    <div class=\"gallery-wrapper\">\n                    <div class=\"selected-media\">\n                                    <img loading=\"lazy\" decoding=\"async\" width=\"1024\" height=\"683\" src=\"https:\/\/nyforetagarcentrum.se\/solnasundbyberg\/wp-content\/uploads\/sites\/27\/2026\/01\/Belle-erbjudande-2026-NFC-1024x683.jpg\" class=\"attachment-large size-large\" alt=\"\" srcset=\"https:\/\/nyforetagarcentrum.se\/solnasundbyberg\/wp-content\/uploads\/sites\/27\/2026\/01\/Belle-erbjudande-2026-NFC-1024x683.jpg 1024w, https:\/\/nyforetagarcentrum.se\/solnasundbyberg\/wp-content\/uploads\/sites\/27\/2026\/01\/Belle-erbjudande-2026-NFC-300x200.jpg 300w, https:\/\/nyforetagarcentrum.se\/solnasundbyberg\/wp-content\/uploads\/sites\/27\/2026\/01\/Belle-erbjudande-2026-NFC-768x512.jpg 768w, https:\/\/nyforetagarcentrum.se\/solnasundbyberg\/wp-content\/uploads\/sites\/27\/2026\/01\/Belle-erbjudande-2026-NFC.jpg 1055w\" sizes=\"(max-width: 1024px) 100vw, 1024px\" \/>                            <\/div>\n        \n            <\/div>\n\n\n    <div class=\"content-wrapper\">\n        \n        <h3><\/h3>\n\n        \n        <div class=\"content\">\n            <div><img loading=\"lazy\" decoding=\"async\" class=\"alignnone size-medium wp-image-1155\" src=\"https:\/\/nyforetagarcentrum.se\/solnasundbyberg\/wp-content\/uploads\/sites\/27\/2025\/12\/LOGO_BELLE_190902--300x180.png\" alt=\"\" width=\"300\" height=\"180\" srcset=\"https:\/\/nyforetagarcentrum.se\/solnasundbyberg\/wp-content\/uploads\/sites\/27\/2025\/12\/LOGO_BELLE_190902--300x180.png 300w, https:\/\/nyforetagarcentrum.se\/solnasundbyberg\/wp-content\/uploads\/sites\/27\/2025\/12\/LOGO_BELLE_190902-.png 640w\" sizes=\"(max-width: 300px) 100vw, 300px\" \/><\/div>\n<div><\/div>\n<h1 class=\"gmail-p-rich_text_section\">Belle Advokatbyr\u00e5 <strong data-start=\"677\" data-end=\"732\">\u2013 Juridisk hj\u00e4lp f\u00f6r nyf\u00f6retagare<\/strong><\/h1>\n<div class=\"gmail-p-rich_text_section\">\n<p data-start=\"736\" data-end=\"899\"><strong>Starta ditt f\u00f6retag tryggt med r\u00e4tt avtal fr\u00e5n b\u00f6rjan!<\/strong><br \/>\nGenom Nyf\u00f6retagarCentrum Solna Sundbyberg erbjuder Belle Advokatbyr\u00e5 tre paket anpassade f\u00f6r nyf\u00f6retagare:<\/p>\n<ul data-start=\"901\" data-end=\"1392\">\n<li data-start=\"901\" data-end=\"1029\">\n<p data-start=\"903\" data-end=\"1029\"><strong data-start=\"903\" data-end=\"934\">Startpaket \u2013 Juridisk grund<\/strong><br data-start=\"934\" data-end=\"937\" \/>Perfekt f\u00f6r nystartade f\u00f6retag som vill ha grundl\u00e4ggande juridiskt skydd snabbt och kostnadseffektivt.<\/p>\n<\/li>\n<li data-start=\"1031\" data-end=\"1208\">\n<p data-start=\"1033\" data-end=\"1208\"><strong data-start=\"1033\" data-end=\"1070\">Tillv\u00e4xtpaket \u2013 Juridisk trygghet<\/strong><br data-start=\"1070\" data-end=\"1073\" \/>F\u00f6r f\u00f6retag som har b\u00f6rjat ta betalt, skriva avtal och vill minska riskerna i takt med tillv\u00e4xt.<\/p>\n<\/li>\n<li data-start=\"1210\" data-end=\"1392\">\n<p data-start=\"1212\" data-end=\"1392\"><strong data-start=\"1212\" data-end=\"1255\">Proffspaket \u2013 Stabil grund f\u00f6r skalning<\/strong><br data-start=\"1255\" data-end=\"1258\" \/>F\u00f6r f\u00f6retag med ambition att skala, ta in del\u00e4gare, st\u00f6rre kunder eller investerare.<\/p>\n<\/li>\n<\/ul>\n<p data-start=\"1394\" data-end=\"1468\">\n<\/div>\n<p>&nbsp;<\/p>\n        <\/div>\n\n                    <a href=\"https:\/\/belleadvokat.se\/nyforetagarcentrum\/\" class=\"offer-button button outlined\" target=\"_blank\">\n                Till erbjudandet                                    <div class=\"icon icon-external\"><\/div>\n                            <\/a>\n            <\/div>\n<\/div><div class=\"offer-card\">\n\n    <div class=\"gallery-wrapper\">\n                    <div class=\"selected-media\">\n                                    <iframe loading=\"lazy\" width=\"560\" height=\"315\" src=\"https:\/\/www.youtube.com\/embed\/imsrT8H23UM\" frameborder=\"0\" allow=\"accelerometer; autoplay; encrypted-media; gyroscope; picture-in-picture\" allowfullscreen><\/iframe>\n                            <\/div>\n        \n            <\/div>\n\n\n    <div class=\"content-wrapper\">\n        \n        <h3><\/h3>\n\n        \n        <div class=\"content\">\n            <div><img loading=\"lazy\" decoding=\"async\" class=\"alignnone size-medium wp-image-1119\" src=\"https:\/\/nyforetagarcentrum.se\/solnasundbyberg\/wp-content\/uploads\/sites\/27\/2024\/02\/ROB_logo_by-Eniro_green-1-300x104.png\" alt=\"\" width=\"300\" height=\"104\" srcset=\"https:\/\/nyforetagarcentrum.se\/solnasundbyberg\/wp-content\/uploads\/sites\/27\/2024\/02\/ROB_logo_by-Eniro_green-1-300x104.png 300w, https:\/\/nyforetagarcentrum.se\/solnasundbyberg\/wp-content\/uploads\/sites\/27\/2024\/02\/ROB_logo_by-Eniro_green-1-1024x354.png 1024w, https:\/\/nyforetagarcentrum.se\/solnasundbyberg\/wp-content\/uploads\/sites\/27\/2024\/02\/ROB_logo_by-Eniro_green-1-768x266.png 768w, https:\/\/nyforetagarcentrum.se\/solnasundbyberg\/wp-content\/uploads\/sites\/27\/2024\/02\/ROB_logo_by-Eniro_green-1.png 1342w\" sizes=\"(max-width: 300px) 100vw, 300px\" \/><\/div>\n<div><\/div>\n<div><\/div>\n<h1 class=\"gmail-p-rich_text_section\">Robin g\u00f6r dig startklar!<\/h1>\n<div class=\"gmail-p-rich_text_section\">\n<p style=\"font-weight: 400\">Vi vet att det \u00e4r mycket att h\u00e5lla koll p\u00e5 n\u00e4r man startar f\u00f6retag. Men du beh\u00f6ver inte g\u00f6ra allt sj\u00e4lv. Hos Robin f\u00e5r du som sm\u00e5f\u00f6retagare hj\u00e4lp med marknadsf\u00f6ringen \u2013 n\u00e4r tiden eller kunskapen inte r\u00e4cker till.<\/p>\n<p><strong>Genom Nyf\u00f6retagarCentrum Solna Sundbyberg\u00a0erbjuder vi dig:<\/strong><\/p>\n<ul>\n<li style=\"font-weight: 400\">Kostnadsfri r\u00e5dgivning om dina marknadsf\u00f6ringsbehov<\/li>\n<li style=\"font-weight: 400\">Skapa en f\u00f6retagsprofil p\u00e5\u00a0<a href=\"http:\/\/eniro.se\/\">Eniro.se<\/a><\/li>\n<li style=\"font-weight: 400\">En kostnadsfri grafisk profil och m\u00f6jlighet att skapa din egen logga<\/li>\n<\/ul>\n<p style=\"font-weight: 400\"><strong>Vi erbjuder nu dessutom ett specialerbjudande f\u00f6r nya f\u00f6retagare:<\/strong> F\u00e5 en hemsida med 35% rabatt (ord.pris 1 539 kr\/m\u00e5n, nu bara 999 kr\/m\u00e5n). S\u00e4kra ditt erbjudande och starta din hemsida!<\/p>\n<\/div>\n<p>&nbsp;<\/p>\n        <\/div>\n\n                    <a href=\"https:\/\/teamrobin.com\/sv\/partners\/nyforetagarcentrum-solna-sundbyberg\" class=\"offer-button button outlined\" target=\"_blank\">\n                Till erbjudandet                                    <div class=\"icon icon-external\"><\/div>\n                            <\/a>\n            <\/div>\n<\/div><div class=\"offer-card\">\n\n    <div class=\"gallery-wrapper\">\n                    <div class=\"selected-media\">\n                                    <img loading=\"lazy\" decoding=\"async\" width=\"1024\" height=\"614\" src=\"https:\/\/nyforetagarcentrum.se\/solnasundbyberg\/wp-content\/uploads\/sites\/27\/2026\/02\/Vorker-erbjudande-1024x614.jpg\" class=\"attachment-large size-large\" alt=\"\" srcset=\"https:\/\/nyforetagarcentrum.se\/solnasundbyberg\/wp-content\/uploads\/sites\/27\/2026\/02\/Vorker-erbjudande-1024x614.jpg 1024w, https:\/\/nyforetagarcentrum.se\/solnasundbyberg\/wp-content\/uploads\/sites\/27\/2026\/02\/Vorker-erbjudande-300x180.jpg 300w, https:\/\/nyforetagarcentrum.se\/solnasundbyberg\/wp-content\/uploads\/sites\/27\/2026\/02\/Vorker-erbjudande-768x461.jpg 768w, https:\/\/nyforetagarcentrum.se\/solnasundbyberg\/wp-content\/uploads\/sites\/27\/2026\/02\/Vorker-erbjudande-1536x922.jpg 1536w, https:\/\/nyforetagarcentrum.se\/solnasundbyberg\/wp-content\/uploads\/sites\/27\/2026\/02\/Vorker-erbjudande-2048x1229.jpg 2048w, https:\/\/nyforetagarcentrum.se\/solnasundbyberg\/wp-content\/uploads\/sites\/27\/2026\/02\/Vorker-erbjudande-1800x1080.jpg 1800w\" sizes=\"(max-width: 1024px) 100vw, 1024px\" \/>                            <\/div>\n        \n            <\/div>\n\n\n    <div class=\"content-wrapper\">\n        \n        <h3><\/h3>\n\n        \n        <div class=\"content\">\n            <div><img loading=\"lazy\" decoding=\"async\" class=\"alignnone wp-image-1123 size-medium\" src=\"https:\/\/nyforetagarcentrum.se\/solnasundbyberg\/wp-content\/uploads\/sites\/27\/2025\/09\/Vorker-07-512-300x91.png\" alt=\"\" width=\"300\" height=\"91\" srcset=\"https:\/\/nyforetagarcentrum.se\/solnasundbyberg\/wp-content\/uploads\/sites\/27\/2025\/09\/Vorker-07-512-300x91.png 300w, https:\/\/nyforetagarcentrum.se\/solnasundbyberg\/wp-content\/uploads\/sites\/27\/2025\/09\/Vorker-07-512-1024x312.png 1024w, https:\/\/nyforetagarcentrum.se\/solnasundbyberg\/wp-content\/uploads\/sites\/27\/2025\/09\/Vorker-07-512-768x234.png 768w, https:\/\/nyforetagarcentrum.se\/solnasundbyberg\/wp-content\/uploads\/sites\/27\/2025\/09\/Vorker-07-512-1536x468.png 1536w, https:\/\/nyforetagarcentrum.se\/solnasundbyberg\/wp-content\/uploads\/sites\/27\/2025\/09\/Vorker-07-512.png 1680w\" sizes=\"(max-width: 300px) 100vw, 300px\" \/><\/div>\n<div><\/div>\n<div>\n<div dir=\"ltr\">\n<div>\n<h1><b>Ge ditt f\u00f6retag ett f\u00f6rspr\u00e5ng \u2013 80 % rabatt p\u00e5 din nya digitala kollega<\/b><\/h1>\n<\/div>\n<\/div>\n<\/div>\n<div class=\"gmail-p-rich_text_section\">\n<p data-start=\"736\" data-end=\"899\"><strong>Starta ditt f\u00f6retag tryggt med r\u00e4tt avtal fr\u00e5n b\u00f6rjan!<\/strong><\/p>\n<div>\n<div dir=\"ltr\">\n<div>\n<div>\n<p>Vorker ger ditt f\u00f6retag smart avlastning direkt fr\u00e5n start, s\u00e5 att du kan l\u00e4gga din energi p\u00e5 tillv\u00e4xt ist\u00e4llet f\u00f6r tidskr\u00e4vande administration. Genom oss f\u00e5r du tillg\u00e5ng till framtidens digitala kollegor och virtuella assistenter &#8211; utan de kostnader och os\u00e4kerhet som en traditionell anst\u00e4llning inneb\u00e4r.\u00a0Just nu letar vi efter fler f\u00f6retag som vill testa ett enklare s\u00e4tt att driva bolag och erbjuder d\u00e4rf\u00f6r 80% rabatt under hela v\u00e5r beta-period.<\/p>\n<\/div>\n<\/div>\n<\/div>\n<\/div>\n<div>\n<div dir=\"ltr\">\n<div>\n<div>\n<p><strong>Ditt erbjudande som nyf\u00f6retagare:<\/strong><\/p>\n<\/div>\n<\/div>\n<\/div>\n<\/div>\n<div>\n<div dir=\"ltr\">\n<div>\n<div>\n<ul>\n<li><strong>80% rabatt:<\/strong> Som partnerf\u00f6retag f\u00e5r du 80% rabatt p\u00e5 tj\u00e4nsten under hela beta-perioden.<\/li>\n<li><strong>Ingen anst\u00e4llningsrisk:<\/strong> F\u00e5 professionell hj\u00e4lp med allt fr\u00e5n att hitta nya kunder till att hantera marknadsf\u00f6ringen, utan bindningstider eller arbetsgivaransvar.<\/li>\n<li><strong>Fokus p\u00e5 k\u00e4rnaff\u00e4ren:<\/strong>\u00a0Maximera din produktivitet genom att delegera repetitiva uppgifter till Vorker.<\/li>\n<\/ul>\n<\/div>\n<\/div>\n<\/div>\n<\/div>\n<p data-start=\"1394\" data-end=\"1468\">\n<\/div>\n<p>&nbsp;<\/p>\n        <\/div>\n\n                    <a href=\"https:\/\/vorker.ai\/partners\/nyforetagarcentrum-solna-sundbyberg\" class=\"offer-button button outlined\" target=\"_blank\">\n                Till erbjudandet                                    <div class=\"icon icon-external\"><\/div>\n                            <\/a>\n            <\/div>\n<\/div><div class=\"offer-card\">\n\n    <div class=\"gallery-wrapper\">\n                    <div class=\"selected-media\">\n                                    <img loading=\"lazy\" decoding=\"async\" width=\"1024\" height=\"683\" src=\"https:\/\/nyforetagarcentrum.se\/solnasundbyberg\/wp-content\/uploads\/sites\/27\/2026\/01\/Belle-erbjudande-2026-NFC-1024x683.jpg\" class=\"attachment-large size-large\" alt=\"\" srcset=\"https:\/\/nyforetagarcentrum.se\/solnasundbyberg\/wp-content\/uploads\/sites\/27\/2026\/01\/Belle-erbjudande-2026-NFC-1024x683.jpg 1024w, https:\/\/nyforetagarcentrum.se\/solnasundbyberg\/wp-content\/uploads\/sites\/27\/2026\/01\/Belle-erbjudande-2026-NFC-300x200.jpg 300w, https:\/\/nyforetagarcentrum.se\/solnasundbyberg\/wp-content\/uploads\/sites\/27\/2026\/01\/Belle-erbjudande-2026-NFC-768x512.jpg 768w, https:\/\/nyforetagarcentrum.se\/solnasundbyberg\/wp-content\/uploads\/sites\/27\/2026\/01\/Belle-erbjudande-2026-NFC.jpg 1055w\" sizes=\"(max-width: 1024px) 100vw, 1024px\" \/>                            <\/div>\n        \n            <\/div>\n\n\n    <div class=\"content-wrapper\">\n        \n        <h3><\/h3>\n\n        \n        <div class=\"content\">\n            <p><img loading=\"lazy\" decoding=\"async\" class=\"alignnone size-medium wp-image-1155\" src=\"https:\/\/nyforetagarcentrum.se\/solnasundbyberg\/wp-content\/uploads\/sites\/27\/2025\/12\/LOGO_BELLE_190902--300x180.png\" alt=\"\" width=\"300\" height=\"180\" srcset=\"https:\/\/nyforetagarcentrum.se\/solnasundbyberg\/wp-content\/uploads\/sites\/27\/2025\/12\/LOGO_BELLE_190902--300x180.png 300w, https:\/\/nyforetagarcentrum.se\/solnasundbyberg\/wp-content\/uploads\/sites\/27\/2025\/12\/LOGO_BELLE_190902-.png 640w\" sizes=\"(max-width: 300px) 100vw, 300px\" \/><\/p>\n<h1>15 min kostnadsfri juridisk v\u00e4gledning f\u00f6r nyf\u00f6retagare<\/h1>\n<p><strong>Beh\u00f6ver du snabb juridisk v\u00e4gledning? Belle Advokatbyr\u00e5 erbjuder 15 min kostnadsfri speedv\u00e4gledning f\u00f6r Nyf\u00f6retagarCentrum Solna Sundbybergs nyf\u00f6retagare.<\/strong><\/p>\n<p><strong>F\u00e5 konkreta tips om:<\/strong><\/p>\n<ul>\n<li>Bolagsform och \u00e4garstruktur<\/li>\n<li>Aktie\u00e4garavtal och leverant\u00f6rsavtal<\/li>\n<li>GDPR och andra praktiska juridiska fr\u00e5gor<\/li>\n<\/ul>\n<p>Syftet \u00e4r att ge dig trygghet och verktyg f\u00f6r att ta n\u00e4sta steg i ditt f\u00f6retagande.\u00a0Speedv\u00e4gledningen genomf\u00f6rs digitalt eller via telefon.<\/p>\n<p><strong>Du bokar tid med Belle Advokatbyr\u00e5 genom att <span class=\"underline\">maila\u00a0<\/span><a href=\"mailto:info@belleadvokat.se\" target=\"_blank\" rel=\"noopener\"><span class=\"underline\">info@belleadvokat.se&gt;&gt;<\/span><\/a><\/strong><\/p>\n<p><em>Antalet speedr\u00e5dgivningar \u00e4r begr\u00e4nsat, f\u00f6rst till kvarn g\u00e4ller. <\/em><i>Av advokatetiska sk\u00e4l kan byr\u00e5n beh\u00f6va s\u00e4ga nej till speedv\u00e4gledning, exempelvis om j\u00e4v skulle f\u00f6rekomma.<\/i><\/p>\n        <\/div>\n\n            <\/div>\n<\/div>        <\/div>\n    <\/div>\n<\/section>\n\n\n<div style=\"height:80px\" aria-hidden=\"true\" class=\"wp-block-spacer\"><\/div>\n","protected":false},"excerpt":{"rendered":"<p>Ta del av exklusiva erbjudanden<\/p>\n","protected":false},"author":1,"featured_media":0,"parent":0,"menu_order":0,"comment_status":"closed","ping_status":"closed","template":"","meta":{"footnotes":""},"acf":[],"yoast_head":"<!-- This site is optimized with the Yoast SEO plugin v22.9 - https:\/\/yoast.com\/wordpress\/plugins\/seo\/ -->\n<title>Erbjudanden - Solna Sundbyberg<\/title>\n<meta name=\"robots\" content=\"index, follow, max-snippet:-1, max-image-preview:large, max-video-preview:-1\" \/>\n<link rel=\"canonical\" href=\"https:\/\/nyforetagarcentrum.se\/solnasundbyberg\/erbjudanden\/\" \/>\n<meta property=\"og:locale\" content=\"sv_SE\" \/>\n<meta property=\"og:type\" content=\"article\" \/>\n<meta property=\"og:title\" content=\"Erbjudanden - Solna Sundbyberg\" \/>\n<meta property=\"og:description\" content=\"Ta del av exklusiva erbjudanden\" \/>\n<meta property=\"og:url\" content=\"https:\/\/nyforetagarcentrum.se\/solnasundbyberg\/erbjudanden\/\" \/>\n<meta property=\"og:site_name\" content=\"Solna Sundbyberg\" \/>\n<meta property=\"article:modified_time\" content=\"2025-08-12T10:58:09+00:00\" \/>\n<meta name=\"twitter:card\" content=\"summary_large_image\" \/>\n<meta name=\"twitter:label1\" content=\"Ber\u00e4knad l\u00e4stid\" \/>\n\t<meta name=\"twitter:data1\" content=\"1 minut\" \/>\n<script type=\"application\/ld+json\" class=\"yoast-schema-graph\">{\"@context\":\"https:\/\/schema.org\",\"@graph\":[{\"@type\":\"WebPage\",\"@id\":\"https:\/\/nyforetagarcentrum.se\/solnasundbyberg\/erbjudanden\/\",\"url\":\"https:\/\/nyforetagarcentrum.se\/solnasundbyberg\/erbjudanden\/\",\"name\":\"Erbjudanden - Solna Sundbyberg\",\"isPartOf\":{\"@id\":\"https:\/\/nyforetagarcentrum.se\/solnasundbyberg\/#website\"},\"datePublished\":\"2024-02-22T09:29:05+00:00\",\"dateModified\":\"2025-08-12T10:58:09+00:00\",\"breadcrumb\":{\"@id\":\"https:\/\/nyforetagarcentrum.se\/solnasundbyberg\/erbjudanden\/#breadcrumb\"},\"inLanguage\":\"sv-SE\",\"potentialAction\":[{\"@type\":\"ReadAction\",\"target\":[\"https:\/\/nyforetagarcentrum.se\/solnasundbyberg\/erbjudanden\/\"]}]},{\"@type\":\"BreadcrumbList\",\"@id\":\"https:\/\/nyforetagarcentrum.se\/solnasundbyberg\/erbjudanden\/#breadcrumb\",\"itemListElement\":[{\"@type\":\"ListItem\",\"position\":1,\"name\":\"Hem\",\"item\":\"https:\/\/nyforetagarcentrum.se\/solnasundbyberg\/\"},{\"@type\":\"ListItem\",\"position\":2,\"name\":\"Erbjudanden\"}]},{\"@type\":\"WebSite\",\"@id\":\"https:\/\/nyforetagarcentrum.se\/solnasundbyberg\/#website\",\"url\":\"https:\/\/nyforetagarcentrum.se\/solnasundbyberg\/\",\"name\":\"Solna Sundbyberg\",\"description\":\"Sveriges ledande kraft f\u00f6r fler nya livskraftiga f\u00f6retag\",\"publisher\":{\"@id\":\"https:\/\/nyforetagarcentrum.se\/solnasundbyberg\/#organization\"},\"potentialAction\":[{\"@type\":\"SearchAction\",\"target\":{\"@type\":\"EntryPoint\",\"urlTemplate\":\"https:\/\/nyforetagarcentrum.se\/solnasundbyberg\/?s={search_term_string}\"},\"query-input\":\"required name=search_term_string\"}],\"inLanguage\":\"sv-SE\"},{\"@type\":\"Organization\",\"@id\":\"https:\/\/nyforetagarcentrum.se\/solnasundbyberg\/#organization\",\"name\":\"Solna Sundbyberg\",\"url\":\"https:\/\/nyforetagarcentrum.se\/solnasundbyberg\/\",\"logo\":{\"@type\":\"ImageObject\",\"inLanguage\":\"sv-SE\",\"@id\":\"https:\/\/nyforetagarcentrum.se\/solnasundbyberg\/#\/schema\/logo\/image\/\",\"url\":\"https:\/\/nyforetagarcentrum.se\/solnasundbyberg\/wp-content\/uploads\/sites\/27\/2025\/03\/cropped-NFC-Solna-Sundbyberg-logo-blue.png\",\"contentUrl\":\"https:\/\/nyforetagarcentrum.se\/solnasundbyberg\/wp-content\/uploads\/sites\/27\/2025\/03\/cropped-NFC-Solna-Sundbyberg-logo-blue.png\",\"width\":967,\"height\":454,\"caption\":\"Solna Sundbyberg\"},\"image\":{\"@id\":\"https:\/\/nyforetagarcentrum.se\/solnasundbyberg\/#\/schema\/logo\/image\/\"}}]}<\/script>\n<!-- \/ Yoast SEO plugin. -->","yoast_head_json":{"title":"Erbjudanden - Solna Sundbyberg","robots":{"index":"index","follow":"follow","max-snippet":"max-snippet:-1","max-image-preview":"max-image-preview:large","max-video-preview":"max-video-preview:-1"},"canonical":"https:\/\/nyforetagarcentrum.se\/solnasundbyberg\/erbjudanden\/","og_locale":"sv_SE","og_type":"article","og_title":"Erbjudanden - Solna Sundbyberg","og_description":"Ta del av exklusiva erbjudanden","og_url":"https:\/\/nyforetagarcentrum.se\/solnasundbyberg\/erbjudanden\/","og_site_name":"Solna Sundbyberg","article_modified_time":"2025-08-12T10:58:09+00:00","twitter_card":"summary_large_image","twitter_misc":{"Ber\u00e4knad l\u00e4stid":"1 minut"},"schema":{"@context":"https:\/\/schema.org","@graph":[{"@type":"WebPage","@id":"https:\/\/nyforetagarcentrum.se\/solnasundbyberg\/erbjudanden\/","url":"https:\/\/nyforetagarcentrum.se\/solnasundbyberg\/erbjudanden\/","name":"Erbjudanden - Solna Sundbyberg","isPartOf":{"@id":"https:\/\/nyforetagarcentrum.se\/solnasundbyberg\/#website"},"datePublished":"2024-02-22T09:29:05+00:00","dateModified":"2025-08-12T10:58:09+00:00","breadcrumb":{"@id":"https:\/\/nyforetagarcentrum.se\/solnasundbyberg\/erbjudanden\/#breadcrumb"},"inLanguage":"sv-SE","potentialAction":[{"@type":"ReadAction","target":["https:\/\/nyforetagarcentrum.se\/solnasundbyberg\/erbjudanden\/"]}]},{"@type":"BreadcrumbList","@id":"https:\/\/nyforetagarcentrum.se\/solnasundbyberg\/erbjudanden\/#breadcrumb","itemListElement":[{"@type":"ListItem","position":1,"name":"Hem","item":"https:\/\/nyforetagarcentrum.se\/solnasundbyberg\/"},{"@type":"ListItem","position":2,"name":"Erbjudanden"}]},{"@type":"WebSite","@id":"https:\/\/nyforetagarcentrum.se\/solnasundbyberg\/#website","url":"https:\/\/nyforetagarcentrum.se\/solnasundbyberg\/","name":"Solna Sundbyberg","description":"Sveriges ledande kraft f\u00f6r fler nya livskraftiga f\u00f6retag","publisher":{"@id":"https:\/\/nyforetagarcentrum.se\/solnasundbyberg\/#organization"},"potentialAction":[{"@type":"SearchAction","target":{"@type":"EntryPoint","urlTemplate":"https:\/\/nyforetagarcentrum.se\/solnasundbyberg\/?s={search_term_string}"},"query-input":"required name=search_term_string"}],"inLanguage":"sv-SE"},{"@type":"Organization","@id":"https:\/\/nyforetagarcentrum.se\/solnasundbyberg\/#organization","name":"Solna Sundbyberg","url":"https:\/\/nyforetagarcentrum.se\/solnasundbyberg\/","logo":{"@type":"ImageObject","inLanguage":"sv-SE","@id":"https:\/\/nyforetagarcentrum.se\/solnasundbyberg\/#\/schema\/logo\/image\/","url":"https:\/\/nyforetagarcentrum.se\/solnasundbyberg\/wp-content\/uploads\/sites\/27\/2025\/03\/cropped-NFC-Solna-Sundbyberg-logo-blue.png","contentUrl":"https:\/\/nyforetagarcentrum.se\/solnasundbyberg\/wp-content\/uploads\/sites\/27\/2025\/03\/cropped-NFC-Solna-Sundbyberg-logo-blue.png","width":967,"height":454,"caption":"Solna Sundbyberg"},"image":{"@id":"https:\/\/nyforetagarcentrum.se\/solnasundbyberg\/#\/schema\/logo\/image\/"}}]}},"_links":{"self":[{"href":"https:\/\/nyforetagarcentrum.se\/solnasundbyberg\/wp-json\/wp\/v2\/pages\/48"}],"collection":[{"href":"https:\/\/nyforetagarcentrum.se\/solnasundbyberg\/wp-json\/wp\/v2\/pages"}],"about":[{"href":"https:\/\/nyforetagarcentrum.se\/solnasundbyberg\/wp-json\/wp\/v2\/types\/page"}],"author":[{"embeddable":true,"href":"https:\/\/nyforetagarcentrum.se\/solnasundbyberg\/wp-json\/wp\/v2\/users\/1"}],"replies":[{"embeddable":true,"href":"https:\/\/nyforetagarcentrum.se\/solnasundbyberg\/wp-json\/wp\/v2\/comments?post=48"}],"version-history":[{"count":11,"href":"https:\/\/nyforetagarcentrum.se\/solnasundbyberg\/wp-json\/wp\/v2\/pages\/48\/revisions"}],"predecessor-version":[{"id":687,"href":"https:\/\/nyforetagarcentrum.se\/solnasundbyberg\/wp-json\/wp\/v2\/pages\/48\/revisions\/687"}],"wp:attachment":[{"href":"https:\/\/nyforetagarcentrum.se\/solnasundbyberg\/wp-json\/wp\/v2\/media?parent=48"}],"curies":[{"name":"wp","href":"https:\/\/api.w.org\/{rel}","templated":true}]}}