{"id":41,"date":"2024-02-22T10:24:51","date_gmt":"2024-02-22T09:24:51","guid":{"rendered":"https:\/\/nyforetagarcentrum.se\/solna\/?page_id=41"},"modified":"2026-01-28T15:55:21","modified_gmt":"2026-01-28T14:55:21","slug":"vara-samarbetspartners","status":"publish","type":"page","link":"https:\/\/nyforetagarcentrum.se\/solnasundbyberg\/vara-samarbetspartners\/","title":{"rendered":"V\u00e5ra samarbetspartners"},"content":{"rendered":"<section  class=\"nfc-block-hero alignfull\">\n\n    <img loading=\"lazy\" decoding=\"async\" width=\"1470\" height=\"980\" src=\"https:\/\/nyforetagarcentrum.se\/solnasundbyberg\/wp-content\/uploads\/sites\/27\/2024\/02\/Medium_JM.png\" class=\"attachment-landscape size-landscape\" alt=\"\" srcset=\"https:\/\/nyforetagarcentrum.se\/solnasundbyberg\/wp-content\/uploads\/sites\/27\/2024\/02\/Medium_JM.png 1470w, https:\/\/nyforetagarcentrum.se\/solnasundbyberg\/wp-content\/uploads\/sites\/27\/2024\/02\/Medium_JM-300x200.png 300w, https:\/\/nyforetagarcentrum.se\/solnasundbyberg\/wp-content\/uploads\/sites\/27\/2024\/02\/Medium_JM-1024x683.png 1024w, https:\/\/nyforetagarcentrum.se\/solnasundbyberg\/wp-content\/uploads\/sites\/27\/2024\/02\/Medium_JM-768x512.png 768w\" sizes=\"(max-width: 1470px) 100vw, 1470px\" \/>\n    <div class=\"contained\">\n        <h1 class=\"nfc-block-hero__heading\">V\u00e5ra samarbetspartners<\/h1>\n\n            <\/div>\n<\/section>\n\n<section  class=\"block-our-partners nfc-block-partners\">\n    <div class=\"contained\">\n            <\/div>\n<\/section>\n\n\n<div style=\"height:50px\" aria-hidden=\"true\" class=\"wp-block-spacer\"><\/div>\n\n\n<section  class=\"nfc-block-breadcrumbs\">\n    <div class=\"wrapper contained\">\n        <ol class=\"breadcrumbs\" itemscope itemtype=\"https:\/\/schema.org\/BreadcrumbList\">\n            <li itemprop=\"itemListElement\" itemscope itemtype=\"https:\/\/schema.org\/ListItem\">\n            \n\n                            <span class=\"current\" itemprop=\"name\">Hem<\/span>\n            \n            <meta itemprop=\"position\" content=\"1\" \/>\n        <\/li>\n    <\/ol>    <\/div>\n<\/section>\n\n\n<div style=\"height:51px\" aria-hidden=\"true\" class=\"wp-block-spacer\"><\/div>\n\n\n<section  class=\"block-our-partners nfc-block-partners\">\n    <div class=\"contained\">\n                                    <div class=\"partner-card\">\n                    <div class=\"logo-wrapper\">\n                        <img decoding=\"async\" src=\"https:\/\/nyforetagarcentrum.se\/solnasundbyberg\/wp-content\/uploads\/sites\/27\/2025\/06\/ROB_logo_by-Eniro_green.png\" alt=\"\">\n                    <\/div>\n                    \n                                            <div class=\"h4\"><b>Robin \/ Eniro<\/b><\/div>\n                                                                                                                            <div class=\"item link\"><b><a href=\"https:\/\/teamrobin.com\/sv\" target=\"\" > Till hemsidan<\/a><\/b><\/div>\n                                    <\/div>\n                            <div class=\"partner-card\">\n                    <div class=\"logo-wrapper\">\n                        <img decoding=\"async\" src=\"https:\/\/nyforetagarcentrum.se\/solnasundbyberg\/wp-content\/uploads\/sites\/27\/2024\/05\/Fabege-logo.png\" alt=\"\">\n                    <\/div>\n                    \n                                            <div class=\"h4\"><b>Fabege<\/b><\/div>\n                                                                                                                            <div class=\"item link\"><b><a href=\"https:\/\/www.fabege.se\" target=\"_blank\" > Till hemsidan<\/a><\/b><\/div>\n                                    <\/div>\n                            <div class=\"partner-card\">\n                    <div class=\"logo-wrapper\">\n                        <img decoding=\"async\" src=\"https:\/\/nyforetagarcentrum.se\/solnasundbyberg\/wp-content\/uploads\/sites\/27\/2024\/05\/NCC-logo.png\" alt=\"\">\n                    <\/div>\n                    \n                                            <div class=\"h4\"><b>NCC<\/b><\/div>\n                                                                                                                            <div class=\"item link\"><b><a href=\"https:\/\/www.ncc.se\" target=\"_blank\" > Till hemsidan<\/a><\/b><\/div>\n                                    <\/div>\n                            <div class=\"partner-card\">\n                    <div class=\"logo-wrapper\">\n                        <img decoding=\"async\" src=\"https:\/\/nyforetagarcentrum.se\/solnasundbyberg\/wp-content\/uploads\/sites\/27\/2024\/05\/Swedbank_pos_128px.png\" alt=\"\">\n                    <\/div>\n                    \n                                            <div class=\"h4\"><b>Swedbank<\/b><\/div>\n                                                                                                                            <div class=\"item link\"><b><a href=\"https:\/\/www.swedbank.com\" target=\"_blank\" > Till hemsidan<\/a><\/b><\/div>\n                                    <\/div>\n                            <div class=\"partner-card\">\n                    <div class=\"logo-wrapper\">\n                        <img decoding=\"async\" src=\"https:\/\/nyforetagarcentrum.se\/solnasundbyberg\/wp-content\/uploads\/sites\/27\/2024\/05\/Wahlin.png\" alt=\"\">\n                    <\/div>\n                    \n                                            <div class=\"h4\"><b>W\u00e5hlin Fastigheter<\/b><\/div>\n                                                                                                                            <div class=\"item link\"><b><a href=\"https:\/\/wahlinfastigheter.se\" target=\"_blank\" > Till hemsidan<\/a><\/b><\/div>\n                                    <\/div>\n                            <div class=\"partner-card\">\n                    <div class=\"logo-wrapper\">\n                        <img decoding=\"async\" src=\"https:\/\/nyforetagarcentrum.se\/solnasundbyberg\/wp-content\/uploads\/sites\/27\/2024\/05\/JM_LOGO_PMS_U-e1747825262240.png\" alt=\"\">\n                    <\/div>\n                    \n                                            <div class=\"h4\"><b>JM<\/b><\/div>\n                                                                                                                            <div class=\"item link\"><b><a href=\"https:\/\/www.jm.se\" target=\"_blank\" > Till hemsidan<\/a><\/b><\/div>\n                                    <\/div>\n                            <div class=\"partner-card\">\n                    <div class=\"logo-wrapper\">\n                        <img decoding=\"async\" src=\"https:\/\/nyforetagarcentrum.se\/solnasundbyberg\/wp-content\/uploads\/sites\/27\/2024\/05\/Handelsbanken_logo.png\" alt=\"\">\n                    <\/div>\n                    \n                                            <div class=\"h4\"><b>Handelsbanken Sundbyberg<\/b><\/div>\n                                                                                                                            <div class=\"item link\"><b><a href=\"https:\/\/www.handelsbanken.se\/sv\/hitta-bankkontor\/sundbyberg\" target=\"_blank\" > Till hemsidan<\/a><\/b><\/div>\n                                    <\/div>\n                            <div class=\"partner-card\">\n                    <div class=\"logo-wrapper\">\n                        <img decoding=\"async\" src=\"https:\/\/nyforetagarcentrum.se\/solnasundbyberg\/wp-content\/uploads\/sites\/27\/2024\/05\/Peab-hemsida.png\" alt=\"\">\n                    <\/div>\n                    \n                                            <div class=\"h4\"><b>Peab<\/b><\/div>\n                                                                                                                            <div class=\"item link\"><b><a href=\"https:\/\/peab.se\" target=\"_blank\" > Till hemsidan<\/a><\/b><\/div>\n                                    <\/div>\n                            <div class=\"partner-card\">\n                    <div class=\"logo-wrapper\">\n                        <img decoding=\"async\" src=\"https:\/\/nyforetagarcentrum.se\/solnasundbyberg\/wp-content\/uploads\/sites\/27\/2024\/05\/nordr-hemsida.png\" alt=\"\">\n                    <\/div>\n                    \n                                            <div class=\"h4\"><b>NORDR<\/b><\/div>\n                                                                                                                            <div class=\"item link\"><b><a href=\"https:\/\/www.nordr.com\/se\" target=\"_blank\" > Till hemsidan<\/a><\/b><\/div>\n                                    <\/div>\n                            <div class=\"partner-card\">\n                    <div class=\"logo-wrapper\">\n                        <img decoding=\"async\" src=\"https:\/\/nyforetagarcentrum.se\/solnasundbyberg\/wp-content\/uploads\/sites\/27\/2024\/05\/forvaltaren-hemsida.png\" alt=\"\">\n                    <\/div>\n                    \n                                            <div class=\"h4\"><b>F\u00f6rvaltaren<\/b><\/div>\n                                                                                                                            <div class=\"item link\"><b><a href=\"https:\/\/www.forvaltaren.se\" target=\"_blank\" > Till hemsidan<\/a><\/b><\/div>\n                                    <\/div>\n                            <div class=\"partner-card\">\n                    <div class=\"logo-wrapper\">\n                        <img decoding=\"async\" src=\"https:\/\/nyforetagarcentrum.se\/solnasundbyberg\/wp-content\/uploads\/sites\/27\/2024\/05\/almi_logo_svart_rgb.png\" alt=\"\">\n                    <\/div>\n                    \n                                            <div class=\"h4\"><b>Almi<\/b><\/div>\n                                                                                                                            <div class=\"item link\"><b><a href=\"https:\/\/www.almi.se\" target=\"_blank\" > Till hemsidan<\/a><\/b><\/div>\n                                    <\/div>\n                            <div class=\"partner-card\">\n                    <div class=\"logo-wrapper\">\n                        <img decoding=\"async\" src=\"https:\/\/nyforetagarcentrum.se\/solnasundbyberg\/wp-content\/uploads\/sites\/27\/2024\/05\/fmn-logo-1.png\" alt=\"\">\n                    <\/div>\n                    \n                                            <div class=\"h4\"><b>FMN Revision<\/b><\/div>\n                                                                                                                    <\/div>\n                            <div class=\"partner-card\">\n                    <div class=\"logo-wrapper\">\n                        <img decoding=\"async\" src=\"https:\/\/nyforetagarcentrum.se\/solnasundbyberg\/wp-content\/uploads\/sites\/27\/2024\/05\/fagna-logo-1.png\" alt=\"\">\n                    <\/div>\n                    \n                                            <div class=\"h4\"><b>F\u00e4gna Redovisning<\/b><\/div>\n                                                                                                                            <div class=\"item link\"><b><a href=\"https:\/\/fagna.se\" target=\"_blank\" > Till hemsidan<\/a><\/b><\/div>\n                                    <\/div>\n                            <div class=\"partner-card\">\n                    <div class=\"logo-wrapper\">\n                        <img decoding=\"async\" src=\"https:\/\/nyforetagarcentrum.se\/solnasundbyberg\/wp-content\/uploads\/sites\/27\/2024\/05\/Solna_logo_sta_farg.png\" alt=\"\">\n                    <\/div>\n                    \n                                            <div class=\"h4\"><b>Solna stad<\/b><\/div>\n                                                                                                                            <div class=\"item link\"><b><a href=\"https:\/\/www.solna.se\" target=\"_blank\" > Till hemsidan<\/a><\/b><\/div>\n                                    <\/div>\n                            <div class=\"partner-card\">\n                    <div class=\"logo-wrapper\">\n                        <img decoding=\"async\" src=\"https:\/\/nyforetagarcentrum.se\/solnasundbyberg\/wp-content\/uploads\/sites\/27\/2024\/05\/SBG_Logogrupp_Halm.jpg\" alt=\"\">\n                    <\/div>\n                    \n                                            <div class=\"h4\"><b>Sundbybergs stad<\/b><\/div>\n                                                                                                                            <div class=\"item link\"><b><a href=\"https:\/\/www.sundbyberg.se\" target=\"_blank\" > Till hemsidan<\/a><\/b><\/div>\n                                    <\/div>\n                            <div class=\"partner-card\">\n                    <div class=\"logo-wrapper\">\n                        <img decoding=\"async\" src=\"https:\/\/nyforetagarcentrum.se\/solnasundbyberg\/wp-content\/uploads\/sites\/27\/2024\/11\/images-3.png\" alt=\"\">\n                    <\/div>\n                    \n                                            <div class=\"h4\"><b>Quality Hotel Strawberry Arena<\/b><\/div>\n                                                                                                                            <div class=\"item link\"><b><a href=\"https:\/\/www.strawberry.se\/hotell\/sverige\/solna\/quality-hotel-strawberry-arena\/\" target=\"\" > Till hemsidan<\/a><\/b><\/div>\n                                    <\/div>\n                            <div class=\"partner-card\">\n                    <div class=\"logo-wrapper\">\n                        <img decoding=\"async\" src=\"https:\/\/nyforetagarcentrum.se\/solnasundbyberg\/wp-content\/uploads\/sites\/27\/2025\/05\/979b862468183298_org.png\" alt=\"\">\n                    <\/div>\n                    \n                                            <div class=\"h4\"><b>Convendum<\/b><\/div>\n                                                                                                                            <div class=\"item link\"><b><a href=\"https:\/\/convendum.se\/sv\/\" target=\"_blank\" > Till hemsidan<\/a><\/b><\/div>\n                                    <\/div>\n                            <div class=\"partner-card\">\n                    <div class=\"logo-wrapper\">\n                        <img decoding=\"async\" src=\"https:\/\/nyforetagarcentrum.se\/solnasundbyberg\/wp-content\/uploads\/sites\/27\/2025\/01\/Best-western-logo.jpg\" alt=\"\">\n                    <\/div>\n                    \n                                            <div class=\"h4\"><b>Best Western Plus Park City Solna<\/b><\/div>\n                                                                                                                            <div class=\"item link\"><b><a href=\"https:\/\/www.bestwestern.se\/hotel\/88272?gad_source=1&amp;gbraid=0AAAAADr0JzQQMmaL372D4uMT5sdzudKnY&amp;gclid=Cj0KCQjwxsm3BhDrARIsAMtVz6PZ2gLEfZTpsPoJLQaMtv79cPPQ8BwB7PdTOJHcPeIbfSRHkT9lSm4aAhxiEALw_wcB\" target=\"_blank\" > Till hemsidan<\/a><\/b><\/div>\n                                    <\/div>\n                            <div class=\"partner-card\">\n                    <div class=\"logo-wrapper\">\n                        <img decoding=\"async\" src=\"https:\/\/nyforetagarcentrum.se\/solnasundbyberg\/wp-content\/uploads\/sites\/27\/2025\/05\/Sundbyberg.png\" alt=\"\">\n                    <\/div>\n                    \n                                            <div class=\"h4\"><b>F\u00f6retagarna Sundbyberg<\/b><\/div>\n                                                                                                                            <div class=\"item link\"><b><a href=\"https:\/\/www.foretagarna.se\/foreningar\/sundbyberg\/\" target=\"_blank\" > Till hemsidan<\/a><\/b><\/div>\n                                    <\/div>\n                            <div class=\"partner-card\">\n                    <div class=\"logo-wrapper\">\n                        <img decoding=\"async\" src=\"https:\/\/nyforetagarcentrum.se\/solnasundbyberg\/wp-content\/uploads\/sites\/27\/2025\/09\/Vorker-07-512.png\" alt=\"\">\n                    <\/div>\n                    \n                                            <div class=\"h4\"><b>Vorker.ai<\/b><\/div>\n                                                                                                                            <div class=\"item link\"><b><a href=\"https:\/\/vorker.ai\" target=\"\" > Till hemsidan<\/a><\/b><\/div>\n                                    <\/div>\n                            <div class=\"partner-card\">\n                    <div class=\"logo-wrapper\">\n                        <img decoding=\"async\" src=\"https:\/\/nyforetagarcentrum.se\/solnasundbyberg\/wp-content\/uploads\/sites\/27\/2025\/12\/LOGO_BELLE_190902-.png\" alt=\"\">\n                    <\/div>\n                    \n                                            <div class=\"h4\"><b>Belle Advokatbyr\u00e5<\/b><\/div>\n                                                                                                                            <div class=\"item link\"><b><a href=\"https:\/\/belleadvokat.se\" target=\"\" > <\/a><\/b><\/div>\n                                    <\/div>\n                            <div class=\"partner-card\">\n                    <div class=\"logo-wrapper\">\n                        <img decoding=\"async\" src=\"https:\/\/nyforetagarcentrum.se\/solnasundbyberg\/wp-content\/uploads\/sites\/27\/2026\/01\/NY-Balder-logga-1.png\" alt=\"\">\n                    <\/div>\n                    \n                                            <div class=\"h4\"><b>Balder<\/b><\/div>\n                                                                                                                            <div class=\"item link\"><b><a href=\"https:\/\/www.balder.se\" target=\"\" > <\/a><\/b><\/div>\n                                    <\/div>\n                        <\/div>\n<\/section>\n\n\n<p>Tack vare v\u00e5ra partners kan vi erbjuda kostnadsfritt st\u00f6d till nyf\u00f6retagare i Solna och Sundbyberg. Vill du ocks\u00e5 st\u00f6tta oss? Kontakta Sara Strand, VD\/Verksamhetsledare, e-post sara.strand@nyforetagarcentrum.se. <\/p>\n\n\n\n<div style=\"height:29px\" aria-hidden=\"true\" class=\"wp-block-spacer\"><\/div>\n","protected":false},"excerpt":{"rendered":"<p>Tack vare v\u00e5ra partners kan vi erbjuda kostnadsfritt st\u00f6d till nyf\u00f6retagare i Solna och Sundbyberg. Vill du ocks\u00e5 st\u00f6tta oss? Kontakta Sara Strand, VD\/Verksamhetsledare, e-post sara.strand@nyforetagarcentrum.se.<\/p>\n","protected":false},"author":1,"featured_media":0,"parent":0,"menu_order":0,"comment_status":"closed","ping_status":"closed","template":"","meta":{"footnotes":""},"acf":[],"yoast_head":"<!-- This site is optimized with the Yoast SEO plugin v22.9 - https:\/\/yoast.com\/wordpress\/plugins\/seo\/ -->\n<title>V\u00e5ra samarbetspartners - Solna Sundbyberg<\/title>\n<meta name=\"robots\" content=\"index, follow, max-snippet:-1, max-image-preview:large, max-video-preview:-1\" \/>\n<link rel=\"canonical\" href=\"https:\/\/nyforetagarcentrum.se\/solnasundbyberg\/vara-samarbetspartners\/\" \/>\n<meta property=\"og:locale\" content=\"sv_SE\" \/>\n<meta property=\"og:type\" content=\"article\" \/>\n<meta property=\"og:title\" content=\"V\u00e5ra samarbetspartners - Solna Sundbyberg\" \/>\n<meta property=\"og:description\" content=\"Tack vare v\u00e5ra partners kan vi erbjuda kostnadsfritt st\u00f6d till nyf\u00f6retagare i Solna och Sundbyberg. Vill du ocks\u00e5 st\u00f6tta oss? Kontakta Sara Strand, VD\/Verksamhetsledare, e-post sara.strand@nyforetagarcentrum.se.\" \/>\n<meta property=\"og:url\" content=\"https:\/\/nyforetagarcentrum.se\/solnasundbyberg\/vara-samarbetspartners\/\" \/>\n<meta property=\"og:site_name\" content=\"Solna Sundbyberg\" \/>\n<meta property=\"article:modified_time\" content=\"2026-01-28T14:55:21+00:00\" \/>\n<meta name=\"twitter:card\" content=\"summary_large_image\" \/>\n<meta name=\"twitter:label1\" content=\"Ber\u00e4knad l\u00e4stid\" \/>\n\t<meta name=\"twitter:data1\" content=\"1 minut\" \/>\n<script type=\"application\/ld+json\" class=\"yoast-schema-graph\">{\"@context\":\"https:\/\/schema.org\",\"@graph\":[{\"@type\":\"WebPage\",\"@id\":\"https:\/\/nyforetagarcentrum.se\/solnasundbyberg\/vara-samarbetspartners\/\",\"url\":\"https:\/\/nyforetagarcentrum.se\/solnasundbyberg\/vara-samarbetspartners\/\",\"name\":\"V\u00e5ra samarbetspartners - Solna Sundbyberg\",\"isPartOf\":{\"@id\":\"https:\/\/nyforetagarcentrum.se\/solnasundbyberg\/#website\"},\"datePublished\":\"2024-02-22T09:24:51+00:00\",\"dateModified\":\"2026-01-28T14:55:21+00:00\",\"breadcrumb\":{\"@id\":\"https:\/\/nyforetagarcentrum.se\/solnasundbyberg\/vara-samarbetspartners\/#breadcrumb\"},\"inLanguage\":\"sv-SE\",\"potentialAction\":[{\"@type\":\"ReadAction\",\"target\":[\"https:\/\/nyforetagarcentrum.se\/solnasundbyberg\/vara-samarbetspartners\/\"]}]},{\"@type\":\"BreadcrumbList\",\"@id\":\"https:\/\/nyforetagarcentrum.se\/solnasundbyberg\/vara-samarbetspartners\/#breadcrumb\",\"itemListElement\":[{\"@type\":\"ListItem\",\"position\":1,\"name\":\"Hem\",\"item\":\"https:\/\/nyforetagarcentrum.se\/solnasundbyberg\/\"},{\"@type\":\"ListItem\",\"position\":2,\"name\":\"V\u00e5ra samarbetspartners\"}]},{\"@type\":\"WebSite\",\"@id\":\"https:\/\/nyforetagarcentrum.se\/solnasundbyberg\/#website\",\"url\":\"https:\/\/nyforetagarcentrum.se\/solnasundbyberg\/\",\"name\":\"Solna Sundbyberg\",\"description\":\"Sveriges ledande kraft f\u00f6r fler nya livskraftiga f\u00f6retag\",\"publisher\":{\"@id\":\"https:\/\/nyforetagarcentrum.se\/solnasundbyberg\/#organization\"},\"potentialAction\":[{\"@type\":\"SearchAction\",\"target\":{\"@type\":\"EntryPoint\",\"urlTemplate\":\"https:\/\/nyforetagarcentrum.se\/solnasundbyberg\/?s={search_term_string}\"},\"query-input\":\"required name=search_term_string\"}],\"inLanguage\":\"sv-SE\"},{\"@type\":\"Organization\",\"@id\":\"https:\/\/nyforetagarcentrum.se\/solnasundbyberg\/#organization\",\"name\":\"Solna Sundbyberg\",\"url\":\"https:\/\/nyforetagarcentrum.se\/solnasundbyberg\/\",\"logo\":{\"@type\":\"ImageObject\",\"inLanguage\":\"sv-SE\",\"@id\":\"https:\/\/nyforetagarcentrum.se\/solnasundbyberg\/#\/schema\/logo\/image\/\",\"url\":\"https:\/\/nyforetagarcentrum.se\/solnasundbyberg\/wp-content\/uploads\/sites\/27\/2025\/03\/cropped-NFC-Solna-Sundbyberg-logo-blue.png\",\"contentUrl\":\"https:\/\/nyforetagarcentrum.se\/solnasundbyberg\/wp-content\/uploads\/sites\/27\/2025\/03\/cropped-NFC-Solna-Sundbyberg-logo-blue.png\",\"width\":967,\"height\":454,\"caption\":\"Solna Sundbyberg\"},\"image\":{\"@id\":\"https:\/\/nyforetagarcentrum.se\/solnasundbyberg\/#\/schema\/logo\/image\/\"}}]}<\/script>\n<!-- \/ Yoast SEO plugin. -->","yoast_head_json":{"title":"V\u00e5ra samarbetspartners - Solna Sundbyberg","robots":{"index":"index","follow":"follow","max-snippet":"max-snippet:-1","max-image-preview":"max-image-preview:large","max-video-preview":"max-video-preview:-1"},"canonical":"https:\/\/nyforetagarcentrum.se\/solnasundbyberg\/vara-samarbetspartners\/","og_locale":"sv_SE","og_type":"article","og_title":"V\u00e5ra samarbetspartners - Solna Sundbyberg","og_description":"Tack vare v\u00e5ra partners kan vi erbjuda kostnadsfritt st\u00f6d till nyf\u00f6retagare i Solna och Sundbyberg. Vill du ocks\u00e5 st\u00f6tta oss? Kontakta Sara Strand, VD\/Verksamhetsledare, e-post sara.strand@nyforetagarcentrum.se.","og_url":"https:\/\/nyforetagarcentrum.se\/solnasundbyberg\/vara-samarbetspartners\/","og_site_name":"Solna Sundbyberg","article_modified_time":"2026-01-28T14:55:21+00:00","twitter_card":"summary_large_image","twitter_misc":{"Ber\u00e4knad l\u00e4stid":"1 minut"},"schema":{"@context":"https:\/\/schema.org","@graph":[{"@type":"WebPage","@id":"https:\/\/nyforetagarcentrum.se\/solnasundbyberg\/vara-samarbetspartners\/","url":"https:\/\/nyforetagarcentrum.se\/solnasundbyberg\/vara-samarbetspartners\/","name":"V\u00e5ra samarbetspartners - Solna Sundbyberg","isPartOf":{"@id":"https:\/\/nyforetagarcentrum.se\/solnasundbyberg\/#website"},"datePublished":"2024-02-22T09:24:51+00:00","dateModified":"2026-01-28T14:55:21+00:00","breadcrumb":{"@id":"https:\/\/nyforetagarcentrum.se\/solnasundbyberg\/vara-samarbetspartners\/#breadcrumb"},"inLanguage":"sv-SE","potentialAction":[{"@type":"ReadAction","target":["https:\/\/nyforetagarcentrum.se\/solnasundbyberg\/vara-samarbetspartners\/"]}]},{"@type":"BreadcrumbList","@id":"https:\/\/nyforetagarcentrum.se\/solnasundbyberg\/vara-samarbetspartners\/#breadcrumb","itemListElement":[{"@type":"ListItem","position":1,"name":"Hem","item":"https:\/\/nyforetagarcentrum.se\/solnasundbyberg\/"},{"@type":"ListItem","position":2,"name":"V\u00e5ra samarbetspartners"}]},{"@type":"WebSite","@id":"https:\/\/nyforetagarcentrum.se\/solnasundbyberg\/#website","url":"https:\/\/nyforetagarcentrum.se\/solnasundbyberg\/","name":"Solna Sundbyberg","description":"Sveriges ledande kraft f\u00f6r fler nya livskraftiga f\u00f6retag","publisher":{"@id":"https:\/\/nyforetagarcentrum.se\/solnasundbyberg\/#organization"},"potentialAction":[{"@type":"SearchAction","target":{"@type":"EntryPoint","urlTemplate":"https:\/\/nyforetagarcentrum.se\/solnasundbyberg\/?s={search_term_string}"},"query-input":"required name=search_term_string"}],"inLanguage":"sv-SE"},{"@type":"Organization","@id":"https:\/\/nyforetagarcentrum.se\/solnasundbyberg\/#organization","name":"Solna Sundbyberg","url":"https:\/\/nyforetagarcentrum.se\/solnasundbyberg\/","logo":{"@type":"ImageObject","inLanguage":"sv-SE","@id":"https:\/\/nyforetagarcentrum.se\/solnasundbyberg\/#\/schema\/logo\/image\/","url":"https:\/\/nyforetagarcentrum.se\/solnasundbyberg\/wp-content\/uploads\/sites\/27\/2025\/03\/cropped-NFC-Solna-Sundbyberg-logo-blue.png","contentUrl":"https:\/\/nyforetagarcentrum.se\/solnasundbyberg\/wp-content\/uploads\/sites\/27\/2025\/03\/cropped-NFC-Solna-Sundbyberg-logo-blue.png","width":967,"height":454,"caption":"Solna Sundbyberg"},"image":{"@id":"https:\/\/nyforetagarcentrum.se\/solnasundbyberg\/#\/schema\/logo\/image\/"}}]}},"_links":{"self":[{"href":"https:\/\/nyforetagarcentrum.se\/solnasundbyberg\/wp-json\/wp\/v2\/pages\/41"}],"collection":[{"href":"https:\/\/nyforetagarcentrum.se\/solnasundbyberg\/wp-json\/wp\/v2\/pages"}],"about":[{"href":"https:\/\/nyforetagarcentrum.se\/solnasundbyberg\/wp-json\/wp\/v2\/types\/page"}],"author":[{"embeddable":true,"href":"https:\/\/nyforetagarcentrum.se\/solnasundbyberg\/wp-json\/wp\/v2\/users\/1"}],"replies":[{"embeddable":true,"href":"https:\/\/nyforetagarcentrum.se\/solnasundbyberg\/wp-json\/wp\/v2\/comments?post=41"}],"version-history":[{"count":81,"href":"https:\/\/nyforetagarcentrum.se\/solnasundbyberg\/wp-json\/wp\/v2\/pages\/41\/revisions"}],"predecessor-version":[{"id":1213,"href":"https:\/\/nyforetagarcentrum.se\/solnasundbyberg\/wp-json\/wp\/v2\/pages\/41\/revisions\/1213"}],"wp:attachment":[{"href":"https:\/\/nyforetagarcentrum.se\/solnasundbyberg\/wp-json\/wp\/v2\/media?parent=41"}],"curies":[{"name":"wp","href":"https:\/\/api.w.org\/{rel}","templated":true}]}}