{"id":161,"date":"2024-02-27T16:04:37","date_gmt":"2024-02-27T15:04:37","guid":{"rendered":"https:\/\/nyforetagarcentrum.se\/solna\/?page_id=161"},"modified":"2025-02-27T15:50:02","modified_gmt":"2025-02-27T14:50:02","slug":"om-oss","status":"publish","type":"page","link":"https:\/\/nyforetagarcentrum.se\/solnasundbyberg\/om-oss\/","title":{"rendered":"Om oss"},"content":{"rendered":"<section  class=\"nfc-block-hero alignfull\">\n\n    <img loading=\"lazy\" decoding=\"async\" width=\"714\" height=\"622\" src=\"https:\/\/nyforetagarcentrum.se\/solnasundbyberg\/wp-content\/uploads\/sites\/27\/2024\/02\/ySLeov8m_8.png\" class=\"attachment-landscape size-landscape\" alt=\"\" srcset=\"https:\/\/nyforetagarcentrum.se\/solnasundbyberg\/wp-content\/uploads\/sites\/27\/2024\/02\/ySLeov8m_8.png 714w, https:\/\/nyforetagarcentrum.se\/solnasundbyberg\/wp-content\/uploads\/sites\/27\/2024\/02\/ySLeov8m_8-300x261.png 300w\" sizes=\"(max-width: 714px) 100vw, 714px\" \/>\n    <div class=\"contained\">\n        <h1 class=\"nfc-block-hero__heading\">Om oss<\/h1>\n\n            <\/div>\n<\/section>\n\n\n<div style=\"height:50px\" aria-hidden=\"true\" class=\"wp-block-spacer\"><\/div>\n\n\n<section  class=\"nfc-block-breadcrumbs\">\n    <div class=\"wrapper contained\">\n        <ol class=\"breadcrumbs\" itemscope itemtype=\"https:\/\/schema.org\/BreadcrumbList\">\n            <li itemprop=\"itemListElement\" itemscope itemtype=\"https:\/\/schema.org\/ListItem\">\n            \n\n                            <span class=\"current\" itemprop=\"name\">Hem<\/span>\n            \n            <meta itemprop=\"position\" content=\"1\" \/>\n        <\/li>\n    <\/ol>    <\/div>\n<\/section>\n\n\n<div style=\"height:51px\" aria-hidden=\"true\" class=\"wp-block-spacer\"><\/div>\n\n\n<section  class=\"nfc-block-split_screen alignwide image_alignment-left\">\n    <div class=\"wrapper\">\n        <div class=\"nfc-block-split_screen__image-wrapper\">\n            <img loading=\"lazy\" decoding=\"async\" width=\"1469\" height=\"981\" src=\"https:\/\/nyforetagarcentrum.se\/solnasundbyberg\/wp-content\/uploads\/sites\/27\/2024\/02\/4083b98ac6a43f162142a286decbc08f.png\" class=\"attachment-landscape size-landscape\" alt=\"\" srcset=\"https:\/\/nyforetagarcentrum.se\/solnasundbyberg\/wp-content\/uploads\/sites\/27\/2024\/02\/4083b98ac6a43f162142a286decbc08f.png 1469w, https:\/\/nyforetagarcentrum.se\/solnasundbyberg\/wp-content\/uploads\/sites\/27\/2024\/02\/4083b98ac6a43f162142a286decbc08f-300x200.png 300w, https:\/\/nyforetagarcentrum.se\/solnasundbyberg\/wp-content\/uploads\/sites\/27\/2024\/02\/4083b98ac6a43f162142a286decbc08f-1024x684.png 1024w, https:\/\/nyforetagarcentrum.se\/solnasundbyberg\/wp-content\/uploads\/sites\/27\/2024\/02\/4083b98ac6a43f162142a286decbc08f-768x513.png 768w\" sizes=\"(max-width: 1469px) 100vw, 1469px\" \/>        <\/div>\n\n        <div class=\"nfc-block-split_screen__content-wrapper\">\n            <h2>F\u00f6r fler nya livskraftiga f\u00f6retag!<\/h2>\n<p style=\"font-weight: 400\">Nyf\u00f6retagarCentrum Solna Sundbyberg hj\u00e4lper nyf\u00f6retagare i v\u00e5ra kommuner att omvandla sin aff\u00e4rsid\u00e9 till ett framg\u00e5ngsrikt f\u00f6retagande. Det g\u00f6r vi via en rad aktiviteter d\u00e4r den enskilda, konfidentiella och objektiva r\u00e5dgivningen \u00e4r i fokus. Alltid kostnadsfritt tack vare v\u00e5ra partners. Vi f\u00f6ljer nyf\u00f6retagaren fr\u00e5n uppstart och under de f\u00f6rsta viktiga \u00e5ren och g\u00f6r s\u00e4rskilda insatser f\u00f6r unga, utlandsf\u00f6dda, nya i Sverige och kvinnor.<\/p>\n<p style=\"font-weight: 400\">V\u00e5ra kvalificerade r\u00e5dgivare \u00e4r sj\u00e4lva egna f\u00f6retagare, vilket ger unika f\u00f6ruts\u00e4ttningar att st\u00f6tta v\u00e5ra nyf\u00f6retagare. Allt vi erbjuder \u00e4r kostnadsfritt. Vi har \u00e4ven ett v\u00e4rdefullt n\u00e4tverk inom kommun och n\u00e4ringsliv, av erfarna entrepren\u00f6rer och branschexperter.<\/p>\n<p>Nyf\u00f6retagarCentrum Solna Sundbyberg har fr\u00e4msta det lokala nyf\u00f6retagandet sedan 1994. Vi \u00e4r en oberoende stiftelse (med en nationell moderorganisation) och finansieras av v\u00e5ra kommuner och det lokala n\u00e4ringslivet.<\/p>\n\n                            <div class=\"nfc-block-split_screen__buttons\">\n                                            <a href=\"https:\/\/jobsdata-nyforetagarcentrum.se\/ExternBooking?OfficeId=f8f6e205-5496-e811-80d7-0050568571f4\" class=\"button primary\">Boka r\u00e5dgivning<\/a>\n                                    <\/div>\n            \n        <\/div>\n    <\/div>\n<\/section>\n\n\n<div style=\"height:50px\" aria-hidden=\"true\" class=\"wp-block-spacer\"><\/div>\n\n\n\n<div class=\"wp-block-group alignfull has-white-background-color has-background is-layout-constrained wp-block-group-is-layout-constrained\">\n<div style=\"height:51px\" aria-hidden=\"true\" class=\"wp-block-spacer\"><\/div>\n\n\n\n<div style=\"height:51px\" aria-hidden=\"true\" class=\"wp-block-spacer\"><\/div>\n\n\n\n<div style=\"height:51px\" aria-hidden=\"true\" class=\"wp-block-spacer\"><\/div>\n<\/div>\n\n\n<section  class=\"nfc-block-split_screen alignwide image_alignment-left\">\n    <div class=\"wrapper\">\n        <div class=\"nfc-block-split_screen__image-wrapper\">\n            <img loading=\"lazy\" decoding=\"async\" width=\"1720\" height=\"1080\" src=\"https:\/\/nyforetagarcentrum.se\/solnasundbyberg\/wp-content\/uploads\/sites\/27\/2025\/02\/Sjalvsaker-kvinna-1720x1080.jpg\" class=\"attachment-landscape size-landscape\" alt=\"\" srcset=\"https:\/\/nyforetagarcentrum.se\/solnasundbyberg\/wp-content\/uploads\/sites\/27\/2025\/02\/Sjalvsaker-kvinna-1720x1080.jpg 1720w, https:\/\/nyforetagarcentrum.se\/solnasundbyberg\/wp-content\/uploads\/sites\/27\/2025\/02\/Sjalvsaker-kvinna-300x188.jpg 300w, https:\/\/nyforetagarcentrum.se\/solnasundbyberg\/wp-content\/uploads\/sites\/27\/2025\/02\/Sjalvsaker-kvinna-1024x643.jpg 1024w, https:\/\/nyforetagarcentrum.se\/solnasundbyberg\/wp-content\/uploads\/sites\/27\/2025\/02\/Sjalvsaker-kvinna-768x482.jpg 768w, https:\/\/nyforetagarcentrum.se\/solnasundbyberg\/wp-content\/uploads\/sites\/27\/2025\/02\/Sjalvsaker-kvinna-1536x965.jpg 1536w, https:\/\/nyforetagarcentrum.se\/solnasundbyberg\/wp-content\/uploads\/sites\/27\/2025\/02\/Sjalvsaker-kvinna-2048x1286.jpg 2048w\" sizes=\"(max-width: 1720px) 100vw, 1720px\" \/>        <\/div>\n\n        <div class=\"nfc-block-split_screen__content-wrapper\">\n            <h3><strong>Nyf\u00f6retagarCentrum Solna Sundbyberg i siffror 2024<\/strong><\/h3>\n<p><strong>129 <\/strong>nya livskraftiga f\u00f6retag startade 2024 med st\u00f6d av Nyf\u00f6retagarCentrum Solna Sundbyberg<\/p>\n<p><strong>51 % <\/strong>av de som startade f\u00f6retag via Nyf\u00f6retagarCentrum Solna Sundbyberg var kvinnor<\/p>\n<p><strong>50 %<\/strong> av de som startade f\u00f6retag via Nyf\u00f6retagarCentrum Solna Sundbyberg var utlandsf\u00f6dda<\/p>\n<p><strong>10 mkr <\/strong>genereras \u00e5rligen i skatteint\u00e4kter fr\u00e5n de f\u00f6retag som startar med hj\u00e4lp av Nyf\u00f6retagarCentrum Solna Sundbyberg<\/p>\n<p><strong>82 % <\/strong>av de f\u00f6retag som har startats genom ett Nyf\u00f6retagarCentrum \u00e4r verksamma efter 3 \u00e5r. Konkursgraden \u00e4r endast 2% efter \u00e5r 3.<\/p>\n\n            \n        <\/div>\n    <\/div>\n<\/section>\n\n\n<div style=\"height:50px\" aria-hidden=\"true\" class=\"wp-block-spacer\"><\/div>\n\n\n\n<h2 class=\"wp-block-heading has-text-align-center\">Vill du st\u00f6tta v\u00e5r verksamhet? Bli partner till Nyf\u00f6retagarCentrum Solna Sundbyberg<\/h2>\n\n\n\n<div class=\"wp-block-group alignfull is-layout-constrained wp-block-group-is-layout-constrained\"><section  class=\"nfc-block-form aligncontent layout-small\">\n    <div class=\"contained\">\n\n        <form data-nfc-form=\"block_84f086999862d30ded06df3d68353f27\" data-nfc-page=\"161\">\n            <label class=\"input-wrapper\" for=\"namn\">\n    <span>Namn<\/span>\n    <input type=\"text\" name=\"namn\" id=\"namn\" placeholder=\"\" >\n<\/label><label class=\"input-wrapper\" for=\"foretag-eller-organisation\">\n    <span>F\u00f6retag eller organisation<\/span>\n    <input type=\"text\" name=\"foretag-eller-organisation\" id=\"foretag-eller-organisation\" placeholder=\"\" >\n<\/label><label class=\"input-wrapper\" for=\"e-post\">\n    <span>E-post<\/span>\n    <input type=\"text\" name=\"e-post\" id=\"e-post\" placeholder=\"\" >\n<\/label>\n            <div class=\"input-wrapper\">\n                <button type=\"submit\" class=\"button\">Skicka<\/button>\n            <\/div>\n        <\/form>\n    <\/div>\n<\/section><\/div>\n\n\n\n<div style=\"height:100px\" aria-hidden=\"true\" class=\"wp-block-spacer\"><\/div>\n","protected":false},"excerpt":{"rendered":"<p>Vill du st\u00f6tta v\u00e5r verksamhet? Bli partner till Nyf\u00f6retagarCentrum Solna Sundbyberg<\/p>\n","protected":false},"author":1,"featured_media":0,"parent":0,"menu_order":0,"comment_status":"closed","ping_status":"closed","template":"","meta":{"footnotes":""},"acf":[],"yoast_head":"<!-- This site is optimized with the Yoast SEO plugin v22.9 - https:\/\/yoast.com\/wordpress\/plugins\/seo\/ -->\n<title>Om oss - Solna Sundbyberg<\/title>\n<meta name=\"robots\" content=\"index, follow, max-snippet:-1, max-image-preview:large, max-video-preview:-1\" \/>\n<link rel=\"canonical\" href=\"https:\/\/nyforetagarcentrum.se\/solnasundbyberg\/om-oss\/\" \/>\n<meta property=\"og:locale\" content=\"sv_SE\" \/>\n<meta property=\"og:type\" content=\"article\" \/>\n<meta property=\"og:title\" content=\"Om oss - Solna Sundbyberg\" \/>\n<meta property=\"og:description\" content=\"Vill du st\u00f6tta v\u00e5r verksamhet? Bli partner till Nyf\u00f6retagarCentrum Solna Sundbyberg\" \/>\n<meta property=\"og:url\" content=\"https:\/\/nyforetagarcentrum.se\/solnasundbyberg\/om-oss\/\" \/>\n<meta property=\"og:site_name\" content=\"Solna Sundbyberg\" \/>\n<meta property=\"article:modified_time\" content=\"2025-02-27T14:50:02+00:00\" \/>\n<meta name=\"twitter:card\" content=\"summary_large_image\" \/>\n<meta name=\"twitter:label1\" content=\"Ber\u00e4knad l\u00e4stid\" \/>\n\t<meta name=\"twitter:data1\" content=\"1 minut\" \/>\n<script type=\"application\/ld+json\" class=\"yoast-schema-graph\">{\"@context\":\"https:\/\/schema.org\",\"@graph\":[{\"@type\":\"WebPage\",\"@id\":\"https:\/\/nyforetagarcentrum.se\/solnasundbyberg\/om-oss\/\",\"url\":\"https:\/\/nyforetagarcentrum.se\/solnasundbyberg\/om-oss\/\",\"name\":\"Om oss - Solna Sundbyberg\",\"isPartOf\":{\"@id\":\"https:\/\/nyforetagarcentrum.se\/solnasundbyberg\/#website\"},\"datePublished\":\"2024-02-27T15:04:37+00:00\",\"dateModified\":\"2025-02-27T14:50:02+00:00\",\"breadcrumb\":{\"@id\":\"https:\/\/nyforetagarcentrum.se\/solnasundbyberg\/om-oss\/#breadcrumb\"},\"inLanguage\":\"sv-SE\",\"potentialAction\":[{\"@type\":\"ReadAction\",\"target\":[\"https:\/\/nyforetagarcentrum.se\/solnasundbyberg\/om-oss\/\"]}]},{\"@type\":\"BreadcrumbList\",\"@id\":\"https:\/\/nyforetagarcentrum.se\/solnasundbyberg\/om-oss\/#breadcrumb\",\"itemListElement\":[{\"@type\":\"ListItem\",\"position\":1,\"name\":\"Hem\",\"item\":\"https:\/\/nyforetagarcentrum.se\/solnasundbyberg\/\"},{\"@type\":\"ListItem\",\"position\":2,\"name\":\"Om oss\"}]},{\"@type\":\"WebSite\",\"@id\":\"https:\/\/nyforetagarcentrum.se\/solnasundbyberg\/#website\",\"url\":\"https:\/\/nyforetagarcentrum.se\/solnasundbyberg\/\",\"name\":\"Solna Sundbyberg\",\"description\":\"Sveriges ledande kraft f\u00f6r fler nya livskraftiga f\u00f6retag\",\"publisher\":{\"@id\":\"https:\/\/nyforetagarcentrum.se\/solnasundbyberg\/#organization\"},\"potentialAction\":[{\"@type\":\"SearchAction\",\"target\":{\"@type\":\"EntryPoint\",\"urlTemplate\":\"https:\/\/nyforetagarcentrum.se\/solnasundbyberg\/?s={search_term_string}\"},\"query-input\":\"required name=search_term_string\"}],\"inLanguage\":\"sv-SE\"},{\"@type\":\"Organization\",\"@id\":\"https:\/\/nyforetagarcentrum.se\/solnasundbyberg\/#organization\",\"name\":\"Solna Sundbyberg\",\"url\":\"https:\/\/nyforetagarcentrum.se\/solnasundbyberg\/\",\"logo\":{\"@type\":\"ImageObject\",\"inLanguage\":\"sv-SE\",\"@id\":\"https:\/\/nyforetagarcentrum.se\/solnasundbyberg\/#\/schema\/logo\/image\/\",\"url\":\"https:\/\/nyforetagarcentrum.se\/solnasundbyberg\/wp-content\/uploads\/sites\/27\/2026\/04\/solnasundbyberg_bla.png\",\"contentUrl\":\"https:\/\/nyforetagarcentrum.se\/solnasundbyberg\/wp-content\/uploads\/sites\/27\/2026\/04\/solnasundbyberg_bla.png\",\"width\":870,\"height\":355,\"caption\":\"Solna Sundbyberg\"},\"image\":{\"@id\":\"https:\/\/nyforetagarcentrum.se\/solnasundbyberg\/#\/schema\/logo\/image\/\"}}]}<\/script>\n<!-- \/ Yoast SEO plugin. -->","yoast_head_json":{"title":"Om oss - Solna Sundbyberg","robots":{"index":"index","follow":"follow","max-snippet":"max-snippet:-1","max-image-preview":"max-image-preview:large","max-video-preview":"max-video-preview:-1"},"canonical":"https:\/\/nyforetagarcentrum.se\/solnasundbyberg\/om-oss\/","og_locale":"sv_SE","og_type":"article","og_title":"Om oss - Solna Sundbyberg","og_description":"Vill du st\u00f6tta v\u00e5r verksamhet? Bli partner till Nyf\u00f6retagarCentrum Solna Sundbyberg","og_url":"https:\/\/nyforetagarcentrum.se\/solnasundbyberg\/om-oss\/","og_site_name":"Solna Sundbyberg","article_modified_time":"2025-02-27T14:50:02+00:00","twitter_card":"summary_large_image","twitter_misc":{"Ber\u00e4knad l\u00e4stid":"1 minut"},"schema":{"@context":"https:\/\/schema.org","@graph":[{"@type":"WebPage","@id":"https:\/\/nyforetagarcentrum.se\/solnasundbyberg\/om-oss\/","url":"https:\/\/nyforetagarcentrum.se\/solnasundbyberg\/om-oss\/","name":"Om oss - Solna Sundbyberg","isPartOf":{"@id":"https:\/\/nyforetagarcentrum.se\/solnasundbyberg\/#website"},"datePublished":"2024-02-27T15:04:37+00:00","dateModified":"2025-02-27T14:50:02+00:00","breadcrumb":{"@id":"https:\/\/nyforetagarcentrum.se\/solnasundbyberg\/om-oss\/#breadcrumb"},"inLanguage":"sv-SE","potentialAction":[{"@type":"ReadAction","target":["https:\/\/nyforetagarcentrum.se\/solnasundbyberg\/om-oss\/"]}]},{"@type":"BreadcrumbList","@id":"https:\/\/nyforetagarcentrum.se\/solnasundbyberg\/om-oss\/#breadcrumb","itemListElement":[{"@type":"ListItem","position":1,"name":"Hem","item":"https:\/\/nyforetagarcentrum.se\/solnasundbyberg\/"},{"@type":"ListItem","position":2,"name":"Om oss"}]},{"@type":"WebSite","@id":"https:\/\/nyforetagarcentrum.se\/solnasundbyberg\/#website","url":"https:\/\/nyforetagarcentrum.se\/solnasundbyberg\/","name":"Solna Sundbyberg","description":"Sveriges ledande kraft f\u00f6r fler nya livskraftiga f\u00f6retag","publisher":{"@id":"https:\/\/nyforetagarcentrum.se\/solnasundbyberg\/#organization"},"potentialAction":[{"@type":"SearchAction","target":{"@type":"EntryPoint","urlTemplate":"https:\/\/nyforetagarcentrum.se\/solnasundbyberg\/?s={search_term_string}"},"query-input":"required name=search_term_string"}],"inLanguage":"sv-SE"},{"@type":"Organization","@id":"https:\/\/nyforetagarcentrum.se\/solnasundbyberg\/#organization","name":"Solna Sundbyberg","url":"https:\/\/nyforetagarcentrum.se\/solnasundbyberg\/","logo":{"@type":"ImageObject","inLanguage":"sv-SE","@id":"https:\/\/nyforetagarcentrum.se\/solnasundbyberg\/#\/schema\/logo\/image\/","url":"https:\/\/nyforetagarcentrum.se\/solnasundbyberg\/wp-content\/uploads\/sites\/27\/2026\/04\/solnasundbyberg_bla.png","contentUrl":"https:\/\/nyforetagarcentrum.se\/solnasundbyberg\/wp-content\/uploads\/sites\/27\/2026\/04\/solnasundbyberg_bla.png","width":870,"height":355,"caption":"Solna Sundbyberg"},"image":{"@id":"https:\/\/nyforetagarcentrum.se\/solnasundbyberg\/#\/schema\/logo\/image\/"}}]}},"_links":{"self":[{"href":"https:\/\/nyforetagarcentrum.se\/solnasundbyberg\/wp-json\/wp\/v2\/pages\/161"}],"collection":[{"href":"https:\/\/nyforetagarcentrum.se\/solnasundbyberg\/wp-json\/wp\/v2\/pages"}],"about":[{"href":"https:\/\/nyforetagarcentrum.se\/solnasundbyberg\/wp-json\/wp\/v2\/types\/page"}],"author":[{"embeddable":true,"href":"https:\/\/nyforetagarcentrum.se\/solnasundbyberg\/wp-json\/wp\/v2\/users\/1"}],"replies":[{"embeddable":true,"href":"https:\/\/nyforetagarcentrum.se\/solnasundbyberg\/wp-json\/wp\/v2\/comments?post=161"}],"version-history":[{"count":43,"href":"https:\/\/nyforetagarcentrum.se\/solnasundbyberg\/wp-json\/wp\/v2\/pages\/161\/revisions"}],"predecessor-version":[{"id":898,"href":"https:\/\/nyforetagarcentrum.se\/solnasundbyberg\/wp-json\/wp\/v2\/pages\/161\/revisions\/898"}],"wp:attachment":[{"href":"https:\/\/nyforetagarcentrum.se\/solnasundbyberg\/wp-json\/wp\/v2\/media?parent=161"}],"curies":[{"name":"wp","href":"https:\/\/api.w.org\/{rel}","templated":true}]}}