{"id":239,"date":"2024-02-29T13:59:39","date_gmt":"2024-02-29T12:59:39","guid":{"rendered":"https:\/\/nyforetagarcentrum.se\/sollentuna\/?page_id=239"},"modified":"2024-09-27T15:04:43","modified_gmt":"2024-09-27T13:04:43","slug":"vara-radgivare","status":"publish","type":"page","link":"https:\/\/nyforetagarcentrum.se\/sollentuna\/vara-radgivare\/","title":{"rendered":"V\u00e5ra r\u00e5dgivare"},"content":{"rendered":"<section  class=\"nfc-block-hero alignfull\">\n\n    <img loading=\"lazy\" decoding=\"async\" width=\"1476\" height=\"984\" src=\"https:\/\/nyforetagarcentrum.se\/sollentuna\/wp-content\/uploads\/sites\/100\/2024\/02\/Nyforetagare-ung-LOW.jpg\" class=\"attachment-landscape size-landscape\" alt=\"\" srcset=\"https:\/\/nyforetagarcentrum.se\/sollentuna\/wp-content\/uploads\/sites\/100\/2024\/02\/Nyforetagare-ung-LOW.jpg 1476w, https:\/\/nyforetagarcentrum.se\/sollentuna\/wp-content\/uploads\/sites\/100\/2024\/02\/Nyforetagare-ung-LOW-300x200.jpg 300w, https:\/\/nyforetagarcentrum.se\/sollentuna\/wp-content\/uploads\/sites\/100\/2024\/02\/Nyforetagare-ung-LOW-1024x683.jpg 1024w, https:\/\/nyforetagarcentrum.se\/sollentuna\/wp-content\/uploads\/sites\/100\/2024\/02\/Nyforetagare-ung-LOW-768x512.jpg 768w\" sizes=\"(max-width: 1476px) 100vw, 1476px\" \/>\n    <div class=\"contained\">\n        <h1 class=\"nfc-block-hero__heading\">V\u00e5ra r\u00e5dgivare<\/h1>\n\n            <\/div>\n<\/section>\n\n\n<div style=\"height:49px\" aria-hidden=\"true\" class=\"wp-block-spacer\"><\/div>\n\n\n<section  class=\"nfc-block-breadcrumbs alignwide\">\n    <div class=\"wrapper contained\">\n        <ol class=\"breadcrumbs\" itemscope itemtype=\"https:\/\/schema.org\/BreadcrumbList\">\n            <li itemprop=\"itemListElement\" itemscope itemtype=\"https:\/\/schema.org\/ListItem\">\n            \n\n                            <span class=\"current\" itemprop=\"name\">Hem<\/span>\n            \n            <meta itemprop=\"position\" content=\"1\" \/>\n        <\/li>\n    <\/ol>    <\/div>\n<\/section>\n\n\n<div class=\"wp-block-group alignfull is-layout-constrained wp-block-group-is-layout-constrained\">\n<div style=\"height:var(--wp--preset--spacing--80)\" aria-hidden=\"true\" class=\"wp-block-spacer\"><\/div>\n\n\n\n<p class=\"has-text-align-center\">V\u00e5ra r\u00e5dgivare \u00e4r samtliga sj\u00e4lva egna f\u00f6retagare, med erfarenhet av vad det inneb\u00e4r att b\u00f6rja fr\u00e5n b\u00f6rjan. De har ocks\u00e5 n\u00e4tverk i sina respektive hemorter, en lokal f\u00f6rankring och kan guida dig till n\u00e4ringslivskontakter som du kan ha stor nytta av i ditt blivande aff\u00e4rsliv.<\/p>\n\n\n\n<div style=\"height:21px\" aria-hidden=\"true\" class=\"wp-block-spacer\"><\/div>\n\n\n\n<div class=\"wp-block-buttons is-content-justification-center is-layout-flex wp-container-core-buttons-is-layout-1 wp-block-buttons-is-layout-flex\">\n<div class=\"wp-block-button is-style-outline\"><a class=\"wp-block-button__link wp-element-button\" href=\"https:\/\/nyforetagarcentrum.se\/sollentuna\/radgivning\/\">Boka r\u00e5dgivning h\u00e4r<\/a><\/div>\n<\/div>\n\n\n\n<div style=\"height:var(--wp--preset--spacing--80)\" aria-hidden=\"true\" class=\"wp-block-spacer\"><\/div>\n<\/div>\n\n\n<section  class=\"nfc-block-person_grid alignwide layout-large\">\n    <div class=\"contained\">\n        <div class=\"grid\">\n            <div class=\"person-large-card\">\n    \n    <div class=\"featured_image\">\n                    <img loading=\"lazy\" decoding=\"async\" width=\"683\" height=\"1024\" src=\"https:\/\/nyforetagarcentrum.se\/sollentuna\/wp-content\/uploads\/sites\/100\/2024\/05\/220309-LisaCarpevi-LumeahPhotography-hogupplosta-037-683x1024.jpg\" class=\"attachment-large size-large\" alt=\"\" srcset=\"https:\/\/nyforetagarcentrum.se\/sollentuna\/wp-content\/uploads\/sites\/100\/2024\/05\/220309-LisaCarpevi-LumeahPhotography-hogupplosta-037-683x1024.jpg 683w, https:\/\/nyforetagarcentrum.se\/sollentuna\/wp-content\/uploads\/sites\/100\/2024\/05\/220309-LisaCarpevi-LumeahPhotography-hogupplosta-037-200x300.jpg 200w, https:\/\/nyforetagarcentrum.se\/sollentuna\/wp-content\/uploads\/sites\/100\/2024\/05\/220309-LisaCarpevi-LumeahPhotography-hogupplosta-037-768x1152.jpg 768w, https:\/\/nyforetagarcentrum.se\/sollentuna\/wp-content\/uploads\/sites\/100\/2024\/05\/220309-LisaCarpevi-LumeahPhotography-hogupplosta-037-1024x1536.jpg 1024w, https:\/\/nyforetagarcentrum.se\/sollentuna\/wp-content\/uploads\/sites\/100\/2024\/05\/220309-LisaCarpevi-LumeahPhotography-hogupplosta-037-1365x2048.jpg 1365w, https:\/\/nyforetagarcentrum.se\/sollentuna\/wp-content\/uploads\/sites\/100\/2024\/05\/220309-LisaCarpevi-LumeahPhotography-hogupplosta-037-720x1080.jpg 720w, https:\/\/nyforetagarcentrum.se\/sollentuna\/wp-content\/uploads\/sites\/100\/2024\/05\/220309-LisaCarpevi-LumeahPhotography-hogupplosta-037-scaled.jpg 1707w\" sizes=\"(max-width: 683px) 100vw, 683px\" \/>            <\/div>\n\n    <div class=\"content-wrapper\">\n        <h3>Lisa Carpevi, verksamhetsledare och aff\u00e4rsr\u00e5dgivare<\/h3>\n\n                    <div class=\"excerpt\">\n                Erfarenhetsbaserad r\u00e5dgivare med bakgrund fr\u00e5n start-up, enskild firma, aktiebolag och styrelsearbete. Har tidigare arbetat med pedagogik, h\u00e4lsa, kommunikation och ledarskap. Vid sidan av sitt \u00e5tagande hos Nyf\u00f6retagarCentrum Sollentuna driver hon S\u00f6mnexperten.<br \/>\r\n<br \/>\r\nMail: lisa.carpevi@nyforetagarcentrum.se<br \/>\r\nTelefon: 070-4978215<br \/>\r\n            <\/div>\n        \n        <div class=\"links\">\n\n            \n                    <\/div>\n        \n    <\/div>\n<\/div><div class=\"person-large-card\">\n    \n    <div class=\"featured_image\">\n                    <img loading=\"lazy\" decoding=\"async\" width=\"683\" height=\"1024\" src=\"https:\/\/nyforetagarcentrum.se\/sollentuna\/wp-content\/uploads\/sites\/100\/2024\/05\/DSCF0015-copy-copy-5-3-683x1024.jpg\" class=\"attachment-large size-large\" alt=\"\" srcset=\"https:\/\/nyforetagarcentrum.se\/sollentuna\/wp-content\/uploads\/sites\/100\/2024\/05\/DSCF0015-copy-copy-5-3-683x1024.jpg 683w, https:\/\/nyforetagarcentrum.se\/sollentuna\/wp-content\/uploads\/sites\/100\/2024\/05\/DSCF0015-copy-copy-5-3-200x300.jpg 200w, https:\/\/nyforetagarcentrum.se\/sollentuna\/wp-content\/uploads\/sites\/100\/2024\/05\/DSCF0015-copy-copy-5-3-768x1152.jpg 768w, https:\/\/nyforetagarcentrum.se\/sollentuna\/wp-content\/uploads\/sites\/100\/2024\/05\/DSCF0015-copy-copy-5-3-1024x1536.jpg 1024w, https:\/\/nyforetagarcentrum.se\/sollentuna\/wp-content\/uploads\/sites\/100\/2024\/05\/DSCF0015-copy-copy-5-3-1365x2048.jpg 1365w, https:\/\/nyforetagarcentrum.se\/sollentuna\/wp-content\/uploads\/sites\/100\/2024\/05\/DSCF0015-copy-copy-5-3-720x1080.jpg 720w, https:\/\/nyforetagarcentrum.se\/sollentuna\/wp-content\/uploads\/sites\/100\/2024\/05\/DSCF0015-copy-copy-5-3-scaled.jpg 1707w\" sizes=\"(max-width: 683px) 100vw, 683px\" \/>            <\/div>\n\n    <div class=\"content-wrapper\">\n        <h3>Maria Ekman, aff\u00e4rsr\u00e5dgivare<\/h3>\n\n                    <div class=\"excerpt\">\n                Maria \u00e4r  jurist med erfarenhet av att arbeta inom milj\u00f6teknik, IT Telekom, aff\u00e4rsjuridik och EU- finansiering b\u00e5de i Sverige och utomlands. Hon \u00e4r van att utveckla och leda verksamheter inom internationalisering p\u00e5 en strategisk niv\u00e5 samt etablera samarbeten och leda nationella och internationella projekt och n\u00e4tverk. Maria talar ut\u00f6ver svenska och engelska, \u00e4ven flytande spanska.<br \/>\r\n<br \/>\r\nMail: maria.ekman@nyforetagarcentrum.se<br \/>\r\n<br \/>\r\n            <\/div>\n        \n        <div class=\"links\">\n\n            \n                    <\/div>\n        \n    <\/div>\n<\/div>        <\/div>\n    <\/div>\n<\/section>\n\n\n<div style=\"height:100px\" aria-hidden=\"true\" class=\"wp-block-spacer\"><\/div>\n","protected":false},"excerpt":{"rendered":"<p>V\u00e5ra r\u00e5dgivare \u00e4r samtliga sj\u00e4lva egna f\u00f6retagare, med erfarenhet av vad det inneb\u00e4r att b\u00f6rja fr\u00e5n b\u00f6rjan. De har ocks\u00e5 n\u00e4tverk i sina respektive hemorter, en lokal f\u00f6rankring och kan guida dig till n\u00e4ringslivskontakter som du kan ha stor nytta av i ditt blivande aff\u00e4rsliv.<\/p>\n","protected":false},"author":1,"featured_media":0,"parent":0,"menu_order":0,"comment_status":"closed","ping_status":"closed","template":"","meta":{"footnotes":""},"acf":[],"yoast_head":"<!-- This site is optimized with the Yoast SEO plugin v22.9 - https:\/\/yoast.com\/wordpress\/plugins\/seo\/ -->\n<title>V\u00e5ra r\u00e5dgivare | NFC Sollentuna<\/title>\n<meta name=\"description\" content=\"F\u00e5 kostnadsfri och personlig r\u00e5dgivning fr\u00e5n experter som hj\u00e4lper dig att starta och utveckla ditt f\u00f6retag!\" \/>\n<meta name=\"robots\" content=\"index, follow, max-snippet:-1, max-image-preview:large, max-video-preview:-1\" \/>\n<link rel=\"canonical\" href=\"https:\/\/nyforetagarcentrum.se\/sollentuna\/vara-radgivare\/\" \/>\n<meta property=\"og:locale\" content=\"sv_SE\" \/>\n<meta property=\"og:type\" content=\"article\" \/>\n<meta property=\"og:title\" content=\"V\u00e5ra r\u00e5dgivare | NFC Sollentuna\" \/>\n<meta property=\"og:description\" content=\"F\u00e5 kostnadsfri och personlig r\u00e5dgivning fr\u00e5n experter som hj\u00e4lper dig att starta och utveckla ditt f\u00f6retag!\" \/>\n<meta property=\"og:url\" content=\"https:\/\/nyforetagarcentrum.se\/sollentuna\/vara-radgivare\/\" \/>\n<meta property=\"og:site_name\" content=\"Sollentuna\" \/>\n<meta property=\"article:modified_time\" content=\"2024-09-27T13:04:43+00:00\" \/>\n<meta name=\"twitter:card\" content=\"summary_large_image\" \/>\n<meta name=\"twitter:label1\" content=\"Ber\u00e4knad l\u00e4stid\" \/>\n\t<meta name=\"twitter:data1\" content=\"1 minut\" \/>\n<script type=\"application\/ld+json\" class=\"yoast-schema-graph\">{\"@context\":\"https:\/\/schema.org\",\"@graph\":[{\"@type\":\"WebPage\",\"@id\":\"https:\/\/nyforetagarcentrum.se\/sollentuna\/vara-radgivare\/\",\"url\":\"https:\/\/nyforetagarcentrum.se\/sollentuna\/vara-radgivare\/\",\"name\":\"V\u00e5ra r\u00e5dgivare | NFC Sollentuna\",\"isPartOf\":{\"@id\":\"https:\/\/nyforetagarcentrum.se\/sollentuna\/#website\"},\"datePublished\":\"2024-02-29T12:59:39+00:00\",\"dateModified\":\"2024-09-27T13:04:43+00:00\",\"description\":\"F\u00e5 kostnadsfri och personlig r\u00e5dgivning fr\u00e5n experter som hj\u00e4lper dig att starta och utveckla ditt f\u00f6retag!\",\"breadcrumb\":{\"@id\":\"https:\/\/nyforetagarcentrum.se\/sollentuna\/vara-radgivare\/#breadcrumb\"},\"inLanguage\":\"sv-SE\",\"potentialAction\":[{\"@type\":\"ReadAction\",\"target\":[\"https:\/\/nyforetagarcentrum.se\/sollentuna\/vara-radgivare\/\"]}]},{\"@type\":\"BreadcrumbList\",\"@id\":\"https:\/\/nyforetagarcentrum.se\/sollentuna\/vara-radgivare\/#breadcrumb\",\"itemListElement\":[{\"@type\":\"ListItem\",\"position\":1,\"name\":\"Hem\",\"item\":\"https:\/\/nyforetagarcentrum.se\/sollentuna\/\"},{\"@type\":\"ListItem\",\"position\":2,\"name\":\"V\u00e5ra r\u00e5dgivare\"}]},{\"@type\":\"WebSite\",\"@id\":\"https:\/\/nyforetagarcentrum.se\/sollentuna\/#website\",\"url\":\"https:\/\/nyforetagarcentrum.se\/sollentuna\/\",\"name\":\"Sollentuna\",\"description\":\"Sveriges ledande kraft f\u00f6r fler nya livskraftiga f\u00f6retag\",\"publisher\":{\"@id\":\"https:\/\/nyforetagarcentrum.se\/sollentuna\/#organization\"},\"potentialAction\":[{\"@type\":\"SearchAction\",\"target\":{\"@type\":\"EntryPoint\",\"urlTemplate\":\"https:\/\/nyforetagarcentrum.se\/sollentuna\/?s={search_term_string}\"},\"query-input\":\"required name=search_term_string\"}],\"inLanguage\":\"sv-SE\"},{\"@type\":\"Organization\",\"@id\":\"https:\/\/nyforetagarcentrum.se\/sollentuna\/#organization\",\"name\":\"Sollentuna\",\"url\":\"https:\/\/nyforetagarcentrum.se\/sollentuna\/\",\"logo\":{\"@type\":\"ImageObject\",\"inLanguage\":\"sv-SE\",\"@id\":\"https:\/\/nyforetagarcentrum.se\/sollentuna\/#\/schema\/logo\/image\/\",\"url\":\"https:\/\/nyforetagarcentrum.se\/sollentuna\/wp-content\/uploads\/sites\/100\/2024\/07\/sollentuna_bla.png\",\"contentUrl\":\"https:\/\/nyforetagarcentrum.se\/sollentuna\/wp-content\/uploads\/sites\/100\/2024\/07\/sollentuna_bla.png\",\"width\":870,\"height\":355,\"caption\":\"Sollentuna\"},\"image\":{\"@id\":\"https:\/\/nyforetagarcentrum.se\/sollentuna\/#\/schema\/logo\/image\/\"}}]}<\/script>\n<!-- \/ Yoast SEO plugin. -->","yoast_head_json":{"title":"V\u00e5ra r\u00e5dgivare | NFC Sollentuna","description":"F\u00e5 kostnadsfri och personlig r\u00e5dgivning fr\u00e5n experter som hj\u00e4lper dig att starta och utveckla ditt f\u00f6retag!","robots":{"index":"index","follow":"follow","max-snippet":"max-snippet:-1","max-image-preview":"max-image-preview:large","max-video-preview":"max-video-preview:-1"},"canonical":"https:\/\/nyforetagarcentrum.se\/sollentuna\/vara-radgivare\/","og_locale":"sv_SE","og_type":"article","og_title":"V\u00e5ra r\u00e5dgivare | NFC Sollentuna","og_description":"F\u00e5 kostnadsfri och personlig r\u00e5dgivning fr\u00e5n experter som hj\u00e4lper dig att starta och utveckla ditt f\u00f6retag!","og_url":"https:\/\/nyforetagarcentrum.se\/sollentuna\/vara-radgivare\/","og_site_name":"Sollentuna","article_modified_time":"2024-09-27T13:04:43+00:00","twitter_card":"summary_large_image","twitter_misc":{"Ber\u00e4knad l\u00e4stid":"1 minut"},"schema":{"@context":"https:\/\/schema.org","@graph":[{"@type":"WebPage","@id":"https:\/\/nyforetagarcentrum.se\/sollentuna\/vara-radgivare\/","url":"https:\/\/nyforetagarcentrum.se\/sollentuna\/vara-radgivare\/","name":"V\u00e5ra r\u00e5dgivare | NFC Sollentuna","isPartOf":{"@id":"https:\/\/nyforetagarcentrum.se\/sollentuna\/#website"},"datePublished":"2024-02-29T12:59:39+00:00","dateModified":"2024-09-27T13:04:43+00:00","description":"F\u00e5 kostnadsfri och personlig r\u00e5dgivning fr\u00e5n experter som hj\u00e4lper dig att starta och utveckla ditt f\u00f6retag!","breadcrumb":{"@id":"https:\/\/nyforetagarcentrum.se\/sollentuna\/vara-radgivare\/#breadcrumb"},"inLanguage":"sv-SE","potentialAction":[{"@type":"ReadAction","target":["https:\/\/nyforetagarcentrum.se\/sollentuna\/vara-radgivare\/"]}]},{"@type":"BreadcrumbList","@id":"https:\/\/nyforetagarcentrum.se\/sollentuna\/vara-radgivare\/#breadcrumb","itemListElement":[{"@type":"ListItem","position":1,"name":"Hem","item":"https:\/\/nyforetagarcentrum.se\/sollentuna\/"},{"@type":"ListItem","position":2,"name":"V\u00e5ra r\u00e5dgivare"}]},{"@type":"WebSite","@id":"https:\/\/nyforetagarcentrum.se\/sollentuna\/#website","url":"https:\/\/nyforetagarcentrum.se\/sollentuna\/","name":"Sollentuna","description":"Sveriges ledande kraft f\u00f6r fler nya livskraftiga f\u00f6retag","publisher":{"@id":"https:\/\/nyforetagarcentrum.se\/sollentuna\/#organization"},"potentialAction":[{"@type":"SearchAction","target":{"@type":"EntryPoint","urlTemplate":"https:\/\/nyforetagarcentrum.se\/sollentuna\/?s={search_term_string}"},"query-input":"required name=search_term_string"}],"inLanguage":"sv-SE"},{"@type":"Organization","@id":"https:\/\/nyforetagarcentrum.se\/sollentuna\/#organization","name":"Sollentuna","url":"https:\/\/nyforetagarcentrum.se\/sollentuna\/","logo":{"@type":"ImageObject","inLanguage":"sv-SE","@id":"https:\/\/nyforetagarcentrum.se\/sollentuna\/#\/schema\/logo\/image\/","url":"https:\/\/nyforetagarcentrum.se\/sollentuna\/wp-content\/uploads\/sites\/100\/2024\/07\/sollentuna_bla.png","contentUrl":"https:\/\/nyforetagarcentrum.se\/sollentuna\/wp-content\/uploads\/sites\/100\/2024\/07\/sollentuna_bla.png","width":870,"height":355,"caption":"Sollentuna"},"image":{"@id":"https:\/\/nyforetagarcentrum.se\/sollentuna\/#\/schema\/logo\/image\/"}}]}},"_links":{"self":[{"href":"https:\/\/nyforetagarcentrum.se\/sollentuna\/wp-json\/wp\/v2\/pages\/239"}],"collection":[{"href":"https:\/\/nyforetagarcentrum.se\/sollentuna\/wp-json\/wp\/v2\/pages"}],"about":[{"href":"https:\/\/nyforetagarcentrum.se\/sollentuna\/wp-json\/wp\/v2\/types\/page"}],"author":[{"embeddable":true,"href":"https:\/\/nyforetagarcentrum.se\/sollentuna\/wp-json\/wp\/v2\/users\/1"}],"replies":[{"embeddable":true,"href":"https:\/\/nyforetagarcentrum.se\/sollentuna\/wp-json\/wp\/v2\/comments?post=239"}],"version-history":[{"count":62,"href":"https:\/\/nyforetagarcentrum.se\/sollentuna\/wp-json\/wp\/v2\/pages\/239\/revisions"}],"predecessor-version":[{"id":2269,"href":"https:\/\/nyforetagarcentrum.se\/sollentuna\/wp-json\/wp\/v2\/pages\/239\/revisions\/2269"}],"wp:attachment":[{"href":"https:\/\/nyforetagarcentrum.se\/sollentuna\/wp-json\/wp\/v2\/media?parent=239"}],"curies":[{"name":"wp","href":"https:\/\/api.w.org\/{rel}","templated":true}]}}