{"id":48,"date":"2024-02-22T10:29:05","date_gmt":"2024-02-22T09:29:05","guid":{"rendered":"https:\/\/nyforetagarcentrum.se\/sodravarmland\/?page_id=48"},"modified":"2025-05-22T10:32:39","modified_gmt":"2025-05-22T08:32:39","slug":"erbjudanden","status":"publish","type":"page","link":"https:\/\/nyforetagarcentrum.se\/sodravarmland\/erbjudanden\/","title":{"rendered":"Erbjudanden"},"content":{"rendered":"<section  class=\"nfc-block-hero alignfull\">\n\n    <img loading=\"lazy\" decoding=\"async\" width=\"1512\" height=\"745\" src=\"https:\/\/nyforetagarcentrum.se\/sodravarmland\/wp-content\/uploads\/sites\/93\/2024\/02\/Topp-banner-2.png\" class=\"attachment-landscape size-landscape\" alt=\"\" srcset=\"https:\/\/nyforetagarcentrum.se\/sodravarmland\/wp-content\/uploads\/sites\/93\/2024\/02\/Topp-banner-2.png 1512w, https:\/\/nyforetagarcentrum.se\/sodravarmland\/wp-content\/uploads\/sites\/93\/2024\/02\/Topp-banner-2-300x148.png 300w, https:\/\/nyforetagarcentrum.se\/sodravarmland\/wp-content\/uploads\/sites\/93\/2024\/02\/Topp-banner-2-1024x505.png 1024w, https:\/\/nyforetagarcentrum.se\/sodravarmland\/wp-content\/uploads\/sites\/93\/2024\/02\/Topp-banner-2-768x378.png 768w\" sizes=\"(max-width: 1512px) 100vw, 1512px\" \/>\n    <div class=\"contained\">\n        <h1 class=\"nfc-block-hero__heading\">V\u00e5ra erbjudanden till dig som \u00e4r f\u00f6retagare<\/h1>\n\n            <\/div>\n<\/section>\n\n\n<div style=\"height:50px\" aria-hidden=\"true\" class=\"wp-block-spacer\"><\/div>\n\n\n<section  class=\"nfc-block-breadcrumbs alignwide\">\n    <div class=\"wrapper contained\">\n        <ol class=\"breadcrumbs\" itemscope itemtype=\"https:\/\/schema.org\/BreadcrumbList\">\n            <li itemprop=\"itemListElement\" itemscope itemtype=\"https:\/\/schema.org\/ListItem\">\n            \n\n                            <span class=\"current\" itemprop=\"name\">Hem<\/span>\n            \n            <meta itemprop=\"position\" content=\"1\" \/>\n        <\/li>\n    <\/ol>    <\/div>\n<\/section>\n\n\n<h2 class=\"wp-block-heading alignwide has-x-large-font-size\">Ta del av exklusiva erbjudanden<\/h2>\n\n\n<section  class=\"nfc-block-offer_grid alignwide layout-small\">\n    <div class=\"contained\">\n\n        <div class=\"filter-row\">\n            \n                            <button id=\"local-offers-button\">\n                    Lokala partners\n                <\/button>\n                <button id=\"national-offers-button\" class=\"outlined\">\n                    Nationella partners\n                <\/button>\n                    <\/div>\n\n        <div class=\"grid\" id=\"offers-grid\">\n            <div class=\"offer-card\">\n\n    <div class=\"gallery-wrapper\">\n                    <div class=\"selected-media\">\n                                    <img loading=\"lazy\" decoding=\"async\" width=\"496\" height=\"210\" src=\"https:\/\/nyforetagarcentrum.se\/sodravarmland\/wp-content\/uploads\/sites\/93\/2024\/04\/SEB-1.png\" class=\"attachment-large size-large\" alt=\"\" srcset=\"https:\/\/nyforetagarcentrum.se\/sodravarmland\/wp-content\/uploads\/sites\/93\/2024\/04\/SEB-1.png 496w, https:\/\/nyforetagarcentrum.se\/sodravarmland\/wp-content\/uploads\/sites\/93\/2024\/04\/SEB-1-300x127.png 300w\" sizes=\"(max-width: 496px) 100vw, 496px\" \/>                            <\/div>\n        \n            <\/div>\n\n\n    <div class=\"content-wrapper\">\n        \n        <h3>Vi erbjuder&#8230;..(kommer inom kort)<\/h3>\n\n        \n        <div class=\"content\">\n            <p>Redo att starta aktiebolag eller enskild firma? Vi hj\u00e4lper dig komma ig\u00e5ng snabbt och enkelt.<\/p>\n<div class=\"wp-block-buttons is-layout-flex wp-block-buttons-is-layout-flex\"><\/div>\n        <\/div>\n\n                    <a href=\"https:\/\/seb.se\" class=\"offer-button button outlined\" target=\"_blank\">\n                L\u00e4s mer                                    <div class=\"icon icon-external\"><\/div>\n                            <\/a>\n            <\/div>\n<\/div><div class=\"offer-card\">\n\n    <div class=\"gallery-wrapper\">\n                    <div class=\"selected-media\">\n                                    <img loading=\"lazy\" decoding=\"async\" width=\"496\" height=\"210\" src=\"https:\/\/nyforetagarcentrum.se\/sodravarmland\/wp-content\/uploads\/sites\/93\/2024\/04\/aspia_nylogo_hemsida-1.png\" class=\"attachment-large size-large\" alt=\"\" srcset=\"https:\/\/nyforetagarcentrum.se\/sodravarmland\/wp-content\/uploads\/sites\/93\/2024\/04\/aspia_nylogo_hemsida-1.png 496w, https:\/\/nyforetagarcentrum.se\/sodravarmland\/wp-content\/uploads\/sites\/93\/2024\/04\/aspia_nylogo_hemsida-1-300x127.png 300w\" sizes=\"(max-width: 496px) 100vw, 496px\" \/>                            <\/div>\n        \n            <\/div>\n\n\n    <div class=\"content-wrapper\">\n        \n        <h3>Vi erbjuder alla nyf\u00f6retagare en gratis r\u00e5dgivningstimme.<\/h3>\n\n        \n        <div class=\"content\">\n            <p>Hantera s\u00e5 mycket eller lite du vill av bokf\u00f6ring, l\u00f6nehantering och fakturor sj\u00e4lv och f\u00e5 full tillg\u00e5ng till v\u00e5ra kompetenta redovisningskonsulter n\u00e4r du beh\u00f6ver.<\/p>\n<div class=\"wp-block-buttons is-layout-flex wp-block-buttons-is-layout-flex\"><\/div>\n        <\/div>\n\n                    <a href=\"https:\/\/www.aspia.se\/kontakt\/karlstad\/?gclid=CjwKCAiAm-2BBhANEiwAe7eyFP24HiWcE9cApQDpQdOAomyoLW_UDWyu8QR0CxyDAexAsxxPUGCJmhoCOHQQAvD_BwE\" class=\"offer-button button outlined\" target=\"_blank\">\n                L\u00e4s mer                                    <div class=\"icon icon-external\"><\/div>\n                            <\/a>\n            <\/div>\n<\/div><div class=\"offer-card\">\n\n    <div class=\"gallery-wrapper\">\n                    <div class=\"selected-media\">\n                                    <img loading=\"lazy\" decoding=\"async\" width=\"1024\" height=\"209\" src=\"https:\/\/nyforetagarcentrum.se\/sodravarmland\/wp-content\/uploads\/sites\/93\/2024\/07\/LF_va\u2560ermland_rgb_v-1-1024x209.png\" class=\"attachment-large size-large\" alt=\"\" srcset=\"https:\/\/nyforetagarcentrum.se\/sodravarmland\/wp-content\/uploads\/sites\/93\/2024\/07\/LF_va\u2560ermland_rgb_v-1-1024x209.png 1024w, https:\/\/nyforetagarcentrum.se\/sodravarmland\/wp-content\/uploads\/sites\/93\/2024\/07\/LF_va\u2560ermland_rgb_v-1-300x61.png 300w, https:\/\/nyforetagarcentrum.se\/sodravarmland\/wp-content\/uploads\/sites\/93\/2024\/07\/LF_va\u2560ermland_rgb_v-1-768x156.png 768w, https:\/\/nyforetagarcentrum.se\/sodravarmland\/wp-content\/uploads\/sites\/93\/2024\/07\/LF_va\u2560ermland_rgb_v-1-1536x313.png 1536w, https:\/\/nyforetagarcentrum.se\/sodravarmland\/wp-content\/uploads\/sites\/93\/2024\/07\/LF_va\u2560ermland_rgb_v-1-2048x417.png 2048w, https:\/\/nyforetagarcentrum.se\/sodravarmland\/wp-content\/uploads\/sites\/93\/2024\/07\/LF_va\u2560ermland_rgb_v-1-1920x391.png 1920w\" sizes=\"(max-width: 1024px) 100vw, 1024px\" \/>                            <\/div>\n        \n            <\/div>\n\n\n    <div class=\"content-wrapper\">\n        \n        <h3>Enkla startpaket som ger ett bra f\u00f6rs\u00e4kringsskydd fr\u00e5n start och som vi sedan skr\u00e4ddarsyr efter dina f\u00f6ruts\u00e4ttningar n\u00e4r ditt f\u00f6retag kommit ig\u00e5ng.<\/h3>\n\n        \n        <div class=\"content\">\n            <p>L\u00e4nsf\u00f6rs\u00e4kringar V\u00e4rmland erbjuder dig som f\u00f6retagare trygga helhetsl\u00f6sningar med ett omfattande skydd f\u00f6r b\u00e5de dig, din verksamhet. och dina anst\u00e4llda. H\u00f6r av dig till oss f\u00f6r kostnadsfri r\u00e5dgivning inom f\u00f6rs\u00e4kring, pension och bank.<\/p>\n<div class=\"wp-block-buttons is-layout-flex wp-block-buttons-is-layout-flex\"><\/div>\n        <\/div>\n\n                    <a href=\"https:\/\/www.lansforsakringar.se\/varmland\/privat\/?gclid=CjwKCAjw3oqoBhAjEiwA_UaLtkW3-jbcNqMSYasPDWKXhMcAnDyPedszmkD6OmJeNliwqAxPMmYcGBoCAMkQAvD_BwE&#038;gclsrc=aw.ds\" class=\"offer-button button outlined\" target=\"_blank\">\n                L\u00e4s mer                                    <div class=\"icon icon-external\"><\/div>\n                            <\/a>\n            <\/div>\n<\/div>        <\/div>\n    <\/div>\n<\/section>\n\n\n<div style=\"height:80px\" aria-hidden=\"true\" class=\"wp-block-spacer\"><\/div>\n","protected":false},"excerpt":{"rendered":"<p>Ta del av exklusiva erbjudanden<\/p>\n","protected":false},"author":1,"featured_media":0,"parent":0,"menu_order":0,"comment_status":"closed","ping_status":"closed","template":"","meta":{"footnotes":""},"acf":[],"yoast_head":"<!-- This site is optimized with the Yoast SEO plugin v22.9 - https:\/\/yoast.com\/wordpress\/plugins\/seo\/ -->\n<title>Erbjudanden - sodravarmland<\/title>\n<meta name=\"description\" content=\"H\u00e4r hittar du Nyf\u00f6retagarcentrum S\u00f6dra V\u00e4rmland nordv\u00e4st exklusiva erbjudanden fr\u00e5n lokala samarbetspartners. F\u00f6r dig som \u00e4r nyf\u00f6retagare.\" \/>\n<meta name=\"robots\" content=\"index, follow, max-snippet:-1, max-image-preview:large, max-video-preview:-1\" \/>\n<link rel=\"canonical\" href=\"https:\/\/nyforetagarcentrum.se\/sodravarmland\/erbjudanden\/\" \/>\n<meta property=\"og:locale\" content=\"sv_SE\" \/>\n<meta property=\"og:type\" content=\"article\" \/>\n<meta property=\"og:title\" content=\"Erbjudanden - sodravarmland\" \/>\n<meta property=\"og:description\" content=\"H\u00e4r hittar du Nyf\u00f6retagarcentrum S\u00f6dra V\u00e4rmland nordv\u00e4st exklusiva erbjudanden fr\u00e5n lokala samarbetspartners. F\u00f6r dig som \u00e4r nyf\u00f6retagare.\" \/>\n<meta property=\"og:url\" content=\"https:\/\/nyforetagarcentrum.se\/sodravarmland\/erbjudanden\/\" \/>\n<meta property=\"og:site_name\" content=\"sodravarmland\" \/>\n<meta property=\"article:modified_time\" content=\"2025-05-22T08:32:39+00:00\" \/>\n<meta name=\"twitter:card\" content=\"summary_large_image\" \/>\n<meta name=\"twitter:label1\" content=\"Ber\u00e4knad l\u00e4stid\" \/>\n\t<meta name=\"twitter:data1\" content=\"1 minut\" \/>\n<script type=\"application\/ld+json\" class=\"yoast-schema-graph\">{\"@context\":\"https:\/\/schema.org\",\"@graph\":[{\"@type\":\"WebPage\",\"@id\":\"https:\/\/nyforetagarcentrum.se\/sodravarmland\/erbjudanden\/\",\"url\":\"https:\/\/nyforetagarcentrum.se\/sodravarmland\/erbjudanden\/\",\"name\":\"Erbjudanden - sodravarmland\",\"isPartOf\":{\"@id\":\"https:\/\/nyforetagarcentrum.se\/sodravarmland\/#website\"},\"datePublished\":\"2024-02-22T09:29:05+00:00\",\"dateModified\":\"2025-05-22T08:32:39+00:00\",\"description\":\"H\u00e4r hittar du Nyf\u00f6retagarcentrum S\u00f6dra V\u00e4rmland nordv\u00e4st exklusiva erbjudanden fr\u00e5n lokala samarbetspartners. F\u00f6r dig som \u00e4r nyf\u00f6retagare.\",\"breadcrumb\":{\"@id\":\"https:\/\/nyforetagarcentrum.se\/sodravarmland\/erbjudanden\/#breadcrumb\"},\"inLanguage\":\"sv-SE\",\"potentialAction\":[{\"@type\":\"ReadAction\",\"target\":[\"https:\/\/nyforetagarcentrum.se\/sodravarmland\/erbjudanden\/\"]}]},{\"@type\":\"BreadcrumbList\",\"@id\":\"https:\/\/nyforetagarcentrum.se\/sodravarmland\/erbjudanden\/#breadcrumb\",\"itemListElement\":[{\"@type\":\"ListItem\",\"position\":1,\"name\":\"Hem\",\"item\":\"https:\/\/nyforetagarcentrum.se\/sodravarmland\/\"},{\"@type\":\"ListItem\",\"position\":2,\"name\":\"Erbjudanden\"}]},{\"@type\":\"WebSite\",\"@id\":\"https:\/\/nyforetagarcentrum.se\/sodravarmland\/#website\",\"url\":\"https:\/\/nyforetagarcentrum.se\/sodravarmland\/\",\"name\":\"sodravarmland\",\"description\":\"Sveriges ledande kraft f\u00f6r fler nya livskraftiga f\u00f6retag\",\"publisher\":{\"@id\":\"https:\/\/nyforetagarcentrum.se\/sodravarmland\/#organization\"},\"potentialAction\":[{\"@type\":\"SearchAction\",\"target\":{\"@type\":\"EntryPoint\",\"urlTemplate\":\"https:\/\/nyforetagarcentrum.se\/sodravarmland\/?s={search_term_string}\"},\"query-input\":\"required name=search_term_string\"}],\"inLanguage\":\"sv-SE\"},{\"@type\":\"Organization\",\"@id\":\"https:\/\/nyforetagarcentrum.se\/sodravarmland\/#organization\",\"name\":\"sodravarmland\",\"url\":\"https:\/\/nyforetagarcentrum.se\/sodravarmland\/\",\"logo\":{\"@type\":\"ImageObject\",\"inLanguage\":\"sv-SE\",\"@id\":\"https:\/\/nyforetagarcentrum.se\/sodravarmland\/#\/schema\/logo\/image\/\",\"url\":\"https:\/\/nyforetagarcentrum.se\/sodravarmland\/wp-content\/uploads\/sites\/93\/2024\/04\/cropped-logo_webheader_Rityta-1.png\",\"contentUrl\":\"https:\/\/nyforetagarcentrum.se\/sodravarmland\/wp-content\/uploads\/sites\/93\/2024\/04\/cropped-logo_webheader_Rityta-1.png\",\"width\":208,\"height\":97,\"caption\":\"sodravarmland\"},\"image\":{\"@id\":\"https:\/\/nyforetagarcentrum.se\/sodravarmland\/#\/schema\/logo\/image\/\"}}]}<\/script>\n<!-- \/ Yoast SEO plugin. -->","yoast_head_json":{"title":"Erbjudanden - sodravarmland","description":"H\u00e4r hittar du Nyf\u00f6retagarcentrum S\u00f6dra V\u00e4rmland nordv\u00e4st exklusiva erbjudanden fr\u00e5n lokala samarbetspartners. F\u00f6r dig som \u00e4r nyf\u00f6retagare.","robots":{"index":"index","follow":"follow","max-snippet":"max-snippet:-1","max-image-preview":"max-image-preview:large","max-video-preview":"max-video-preview:-1"},"canonical":"https:\/\/nyforetagarcentrum.se\/sodravarmland\/erbjudanden\/","og_locale":"sv_SE","og_type":"article","og_title":"Erbjudanden - sodravarmland","og_description":"H\u00e4r hittar du Nyf\u00f6retagarcentrum S\u00f6dra V\u00e4rmland nordv\u00e4st exklusiva erbjudanden fr\u00e5n lokala samarbetspartners. F\u00f6r dig som \u00e4r nyf\u00f6retagare.","og_url":"https:\/\/nyforetagarcentrum.se\/sodravarmland\/erbjudanden\/","og_site_name":"sodravarmland","article_modified_time":"2025-05-22T08:32:39+00:00","twitter_card":"summary_large_image","twitter_misc":{"Ber\u00e4knad l\u00e4stid":"1 minut"},"schema":{"@context":"https:\/\/schema.org","@graph":[{"@type":"WebPage","@id":"https:\/\/nyforetagarcentrum.se\/sodravarmland\/erbjudanden\/","url":"https:\/\/nyforetagarcentrum.se\/sodravarmland\/erbjudanden\/","name":"Erbjudanden - sodravarmland","isPartOf":{"@id":"https:\/\/nyforetagarcentrum.se\/sodravarmland\/#website"},"datePublished":"2024-02-22T09:29:05+00:00","dateModified":"2025-05-22T08:32:39+00:00","description":"H\u00e4r hittar du Nyf\u00f6retagarcentrum S\u00f6dra V\u00e4rmland nordv\u00e4st exklusiva erbjudanden fr\u00e5n lokala samarbetspartners. F\u00f6r dig som \u00e4r nyf\u00f6retagare.","breadcrumb":{"@id":"https:\/\/nyforetagarcentrum.se\/sodravarmland\/erbjudanden\/#breadcrumb"},"inLanguage":"sv-SE","potentialAction":[{"@type":"ReadAction","target":["https:\/\/nyforetagarcentrum.se\/sodravarmland\/erbjudanden\/"]}]},{"@type":"BreadcrumbList","@id":"https:\/\/nyforetagarcentrum.se\/sodravarmland\/erbjudanden\/#breadcrumb","itemListElement":[{"@type":"ListItem","position":1,"name":"Hem","item":"https:\/\/nyforetagarcentrum.se\/sodravarmland\/"},{"@type":"ListItem","position":2,"name":"Erbjudanden"}]},{"@type":"WebSite","@id":"https:\/\/nyforetagarcentrum.se\/sodravarmland\/#website","url":"https:\/\/nyforetagarcentrum.se\/sodravarmland\/","name":"sodravarmland","description":"Sveriges ledande kraft f\u00f6r fler nya livskraftiga f\u00f6retag","publisher":{"@id":"https:\/\/nyforetagarcentrum.se\/sodravarmland\/#organization"},"potentialAction":[{"@type":"SearchAction","target":{"@type":"EntryPoint","urlTemplate":"https:\/\/nyforetagarcentrum.se\/sodravarmland\/?s={search_term_string}"},"query-input":"required name=search_term_string"}],"inLanguage":"sv-SE"},{"@type":"Organization","@id":"https:\/\/nyforetagarcentrum.se\/sodravarmland\/#organization","name":"sodravarmland","url":"https:\/\/nyforetagarcentrum.se\/sodravarmland\/","logo":{"@type":"ImageObject","inLanguage":"sv-SE","@id":"https:\/\/nyforetagarcentrum.se\/sodravarmland\/#\/schema\/logo\/image\/","url":"https:\/\/nyforetagarcentrum.se\/sodravarmland\/wp-content\/uploads\/sites\/93\/2024\/04\/cropped-logo_webheader_Rityta-1.png","contentUrl":"https:\/\/nyforetagarcentrum.se\/sodravarmland\/wp-content\/uploads\/sites\/93\/2024\/04\/cropped-logo_webheader_Rityta-1.png","width":208,"height":97,"caption":"sodravarmland"},"image":{"@id":"https:\/\/nyforetagarcentrum.se\/sodravarmland\/#\/schema\/logo\/image\/"}}]}},"_links":{"self":[{"href":"https:\/\/nyforetagarcentrum.se\/sodravarmland\/wp-json\/wp\/v2\/pages\/48"}],"collection":[{"href":"https:\/\/nyforetagarcentrum.se\/sodravarmland\/wp-json\/wp\/v2\/pages"}],"about":[{"href":"https:\/\/nyforetagarcentrum.se\/sodravarmland\/wp-json\/wp\/v2\/types\/page"}],"author":[{"embeddable":true,"href":"https:\/\/nyforetagarcentrum.se\/sodravarmland\/wp-json\/wp\/v2\/users\/1"}],"replies":[{"embeddable":true,"href":"https:\/\/nyforetagarcentrum.se\/sodravarmland\/wp-json\/wp\/v2\/comments?post=48"}],"version-history":[{"count":13,"href":"https:\/\/nyforetagarcentrum.se\/sodravarmland\/wp-json\/wp\/v2\/pages\/48\/revisions"}],"predecessor-version":[{"id":2551,"href":"https:\/\/nyforetagarcentrum.se\/sodravarmland\/wp-json\/wp\/v2\/pages\/48\/revisions\/2551"}],"wp:attachment":[{"href":"https:\/\/nyforetagarcentrum.se\/sodravarmland\/wp-json\/wp\/v2\/media?parent=48"}],"curies":[{"name":"wp","href":"https:\/\/api.w.org\/{rel}","templated":true}]}}