{"id":239,"date":"2024-02-29T13:59:39","date_gmt":"2024-02-29T12:59:39","guid":{"rendered":"https:\/\/nyforetagarcentrum.se\/sodravarmland\/?page_id=239"},"modified":"2024-09-27T15:05:10","modified_gmt":"2024-09-27T13:05:10","slug":"vara-radgivare","status":"publish","type":"page","link":"https:\/\/nyforetagarcentrum.se\/sodravarmland\/vara-radgivare\/","title":{"rendered":"V\u00e5ra r\u00e5dgivare"},"content":{"rendered":"<section  class=\"nfc-block-hero alignfull\">\n\n    <img loading=\"lazy\" decoding=\"async\" width=\"1476\" height=\"984\" src=\"https:\/\/nyforetagarcentrum.se\/sodravarmland\/wp-content\/uploads\/sites\/93\/2024\/02\/Nyforetagare-ung-LOW.jpg\" class=\"attachment-landscape size-landscape\" alt=\"\" srcset=\"https:\/\/nyforetagarcentrum.se\/sodravarmland\/wp-content\/uploads\/sites\/93\/2024\/02\/Nyforetagare-ung-LOW.jpg 1476w, https:\/\/nyforetagarcentrum.se\/sodravarmland\/wp-content\/uploads\/sites\/93\/2024\/02\/Nyforetagare-ung-LOW-300x200.jpg 300w, https:\/\/nyforetagarcentrum.se\/sodravarmland\/wp-content\/uploads\/sites\/93\/2024\/02\/Nyforetagare-ung-LOW-1024x683.jpg 1024w, https:\/\/nyforetagarcentrum.se\/sodravarmland\/wp-content\/uploads\/sites\/93\/2024\/02\/Nyforetagare-ung-LOW-768x512.jpg 768w\" sizes=\"(max-width: 1476px) 100vw, 1476px\" \/>\n    <div class=\"contained\">\n        <h1 class=\"nfc-block-hero__heading\">V\u00e5ra r\u00e5dgivare<\/h1>\n\n            <\/div>\n<\/section>\n\n\n<div style=\"height:49px\" aria-hidden=\"true\" class=\"wp-block-spacer\"><\/div>\n\n\n<section  class=\"nfc-block-breadcrumbs alignwide\">\n    <div class=\"wrapper contained\">\n        <ol class=\"breadcrumbs\" itemscope itemtype=\"https:\/\/schema.org\/BreadcrumbList\">\n            <li itemprop=\"itemListElement\" itemscope itemtype=\"https:\/\/schema.org\/ListItem\">\n            \n\n                            <span class=\"current\" itemprop=\"name\">Hem<\/span>\n            \n            <meta itemprop=\"position\" content=\"1\" \/>\n        <\/li>\n    <\/ol>    <\/div>\n<\/section>\n\n\n<div class=\"wp-block-group alignfull is-layout-constrained wp-block-group-is-layout-constrained\">\n<div style=\"height:var(--wp--preset--spacing--80)\" aria-hidden=\"true\" class=\"wp-block-spacer\"><\/div>\n\n\n\n<p class=\"has-text-align-center\">V\u00e5ra r\u00e5dgivare \u00e4r samtliga sj\u00e4lva egna f\u00f6retagare, med erfarenhet av vad det inneb\u00e4r att b\u00f6rja fr\u00e5n b\u00f6rjan. De har ocks\u00e5 n\u00e4tverk i sina respektive hemorter, en lokal f\u00f6rankring och kan guida dig till n\u00e4ringslivskontakter som du kan ha stor nytta av i ditt blivande aff\u00e4rsliv.<\/p>\n\n\n\n<div style=\"height:21px\" aria-hidden=\"true\" class=\"wp-block-spacer\"><\/div>\n\n\n\n<div class=\"wp-block-buttons is-content-justification-center is-layout-flex wp-container-core-buttons-is-layout-1 wp-block-buttons-is-layout-flex\">\n<div class=\"wp-block-button is-style-outline\"><a class=\"wp-block-button__link wp-element-button\" href=\"https:\/\/jobsdata-nyforetagarcentrum.se\/ExternBooking?OfficeId=8843978e-605d-eb11-90fb-005056854b61&amp;_gl=1*1ahfbps*_ga*MjM3MzkyMTUuMTcwODU0OTMxNg..*_ga_9RRJJK0Y4R*MTcxMzUyNTU0OS4xMy4xLjE3MTM1MjU4OTguNTkuMC4w\" target=\"_blank\" rel=\"noreferrer noopener\">Boka r\u00e5dgivning h\u00e4r<\/a><\/div>\n<\/div>\n\n\n\n<div style=\"height:99px\" aria-hidden=\"true\" class=\"wp-block-spacer\"><\/div>\n\n\n<section  class=\"nfc-block-split_screen alignwide image_alignment-left\">\n    <div class=\"wrapper\">\n        <div class=\"nfc-block-split_screen__image-wrapper\">\n            <img loading=\"lazy\" decoding=\"async\" width=\"972\" height=\"1080\" src=\"https:\/\/nyforetagarcentrum.se\/sodravarmland\/wp-content\/uploads\/sites\/93\/2024\/06\/foto-1-e1718566350873-972x1080.jpg\" class=\"attachment-landscape size-landscape\" alt=\"\" srcset=\"https:\/\/nyforetagarcentrum.se\/sodravarmland\/wp-content\/uploads\/sites\/93\/2024\/06\/foto-1-e1718566350873-972x1080.jpg 972w, https:\/\/nyforetagarcentrum.se\/sodravarmland\/wp-content\/uploads\/sites\/93\/2024\/06\/foto-1-e1718566350873-270x300.jpg 270w, https:\/\/nyforetagarcentrum.se\/sodravarmland\/wp-content\/uploads\/sites\/93\/2024\/06\/foto-1-e1718566350873-922x1024.jpg 922w, https:\/\/nyforetagarcentrum.se\/sodravarmland\/wp-content\/uploads\/sites\/93\/2024\/06\/foto-1-e1718566350873-768x853.jpg 768w, https:\/\/nyforetagarcentrum.se\/sodravarmland\/wp-content\/uploads\/sites\/93\/2024\/06\/foto-1-e1718566350873-1383x1536.jpg 1383w, https:\/\/nyforetagarcentrum.se\/sodravarmland\/wp-content\/uploads\/sites\/93\/2024\/06\/foto-1-e1718566350873.jpg 1650w\" sizes=\"(max-width: 972px) 100vw, 972px\" \/>        <\/div>\n\n        <div class=\"nfc-block-split_screen__content-wrapper\">\n            <h2><strong>Hel\u00e9ne Almqvist<\/strong><\/h2>\n<p>Jag har vart f\u00f6retagare i st\u00f6rre delen av mitt liv och framf\u00f6r allt drivit butik i Karlskoga.<\/p>\n<p>Jag har ett brett n\u00e4tverk som du f\u00e5r ta del av f\u00f6rutom min erfarenhet som f\u00f6retagare. Jag brinner f\u00f6r f\u00f6retagande och entrepren\u00f6rskap och kanske speciellt handel.<\/p>\n<p>Skulle s\u00e4ga att det jag g\u00f6r b\u00e4st \u00e4r att se det mesta fr\u00e5n ett positivt h\u00e5ll och kan t\u00e4nka h\u00f6gt och brett inte l\u00e5sa in mig i n\u00e5got fack.<\/p>\n<p>Svenska som modersm\u00e5l men pratar \u00e4ven engelska.<\/p>\n<p>Tillsammans lyfter vi varandra, konkurrenter \u00e4r potentiella kollegor!<\/p>\n\n            \n        <\/div>\n    <\/div>\n<\/section>\n\n\n<div style=\"height:var(--wp--preset--spacing--80)\" aria-hidden=\"true\" class=\"wp-block-spacer\"><\/div>\n<\/div>\n\n\n<section  class=\"nfc-block-split_screen alignwide image_alignment-left\">\n    <div class=\"wrapper\">\n        <div class=\"nfc-block-split_screen__image-wrapper\">\n            <img loading=\"lazy\" decoding=\"async\" width=\"721\" height=\"1080\" src=\"https:\/\/nyforetagarcentrum.se\/sodravarmland\/wp-content\/uploads\/sites\/93\/2024\/06\/Emma-hemsida-721x1080.jpg\" class=\"attachment-landscape size-landscape\" alt=\"\" srcset=\"https:\/\/nyforetagarcentrum.se\/sodravarmland\/wp-content\/uploads\/sites\/93\/2024\/06\/Emma-hemsida-721x1080.jpg 721w, https:\/\/nyforetagarcentrum.se\/sodravarmland\/wp-content\/uploads\/sites\/93\/2024\/06\/Emma-hemsida-200x300.jpg 200w, https:\/\/nyforetagarcentrum.se\/sodravarmland\/wp-content\/uploads\/sites\/93\/2024\/06\/Emma-hemsida-683x1024.jpg 683w, https:\/\/nyforetagarcentrum.se\/sodravarmland\/wp-content\/uploads\/sites\/93\/2024\/06\/Emma-hemsida-768x1151.jpg 768w, https:\/\/nyforetagarcentrum.se\/sodravarmland\/wp-content\/uploads\/sites\/93\/2024\/06\/Emma-hemsida.jpg 842w\" sizes=\"(max-width: 721px) 100vw, 721px\" \/>        <\/div>\n\n        <div class=\"nfc-block-split_screen__content-wrapper\">\n            <h2><strong>Emma Balderud<\/strong><\/h2>\n<p>(startar h\u00f6sten -24)<\/p>\n<p>Jag \u00e4ger och driver ett tj\u00e4nstef\u00f6retag sedan 6 \u00e5r tillbaka och har tidigare arbetat som chef och ledare i olika roller.<\/p>\n<p>Jag brinner f\u00f6r f\u00f6retagande och entrepren\u00f6rskap och \u00e4r sj\u00e4lv en riktig &#8221;doer&#8221;.<\/p>\n<p>Mina styrkor \u00e4r aff\u00e4rsutveckling, int\u00e4ktsmodellering, f\u00f6rs\u00e4ljning samt digital- och betald marknadsf\u00f6ring.<\/p>\n<p>Svenska\/engelska<\/p>\n\n            \n        <\/div>\n    <\/div>\n<\/section>\n\n<section  class=\"nfc-block-person_grid alignwide layout-small\">\n    <div class=\"contained\">\n        <div class=\"grid\">\n                    <\/div>\n    <\/div>\n<\/section>\n\n\n<div style=\"height:100px\" aria-hidden=\"true\" class=\"wp-block-spacer\"><\/div>\n","protected":false},"excerpt":{"rendered":"<p>V\u00e5ra r\u00e5dgivare \u00e4r samtliga sj\u00e4lva egna f\u00f6retagare, med erfarenhet av vad det inneb\u00e4r att b\u00f6rja fr\u00e5n b\u00f6rjan. De har ocks\u00e5 n\u00e4tverk i sina respektive hemorter, en lokal f\u00f6rankring och kan guida dig till n\u00e4ringslivskontakter som du kan ha stor nytta av i ditt blivande aff\u00e4rsliv.<\/p>\n","protected":false},"author":1,"featured_media":0,"parent":0,"menu_order":0,"comment_status":"closed","ping_status":"closed","template":"","meta":{"footnotes":""},"acf":[],"yoast_head":"<!-- This site is optimized with the Yoast SEO plugin v22.9 - https:\/\/yoast.com\/wordpress\/plugins\/seo\/ -->\n<title>V\u00e5ra r\u00e5dgivare | NFC S\u00f6dra V\u00e4rmland<\/title>\n<meta name=\"description\" content=\"F\u00e5 kostnadsfri och personlig r\u00e5dgivning fr\u00e5n experter som hj\u00e4lper dig att starta och utveckla ditt f\u00f6retag!\" \/>\n<meta name=\"robots\" content=\"index, follow, max-snippet:-1, max-image-preview:large, max-video-preview:-1\" \/>\n<link rel=\"canonical\" href=\"https:\/\/nyforetagarcentrum.se\/sodravarmland\/vara-radgivare\/\" \/>\n<meta property=\"og:locale\" content=\"sv_SE\" \/>\n<meta property=\"og:type\" content=\"article\" \/>\n<meta property=\"og:title\" content=\"V\u00e5ra r\u00e5dgivare | NFC S\u00f6dra V\u00e4rmland\" \/>\n<meta property=\"og:description\" content=\"F\u00e5 kostnadsfri och personlig r\u00e5dgivning fr\u00e5n experter som hj\u00e4lper dig att starta och utveckla ditt f\u00f6retag!\" \/>\n<meta property=\"og:url\" content=\"https:\/\/nyforetagarcentrum.se\/sodravarmland\/vara-radgivare\/\" \/>\n<meta property=\"og:site_name\" content=\"sodravarmland\" \/>\n<meta property=\"article:modified_time\" content=\"2024-09-27T13:05:10+00:00\" \/>\n<meta name=\"twitter:card\" content=\"summary_large_image\" \/>\n<meta name=\"twitter:label1\" content=\"Ber\u00e4knad l\u00e4stid\" \/>\n\t<meta name=\"twitter:data1\" content=\"1 minut\" \/>\n<script type=\"application\/ld+json\" class=\"yoast-schema-graph\">{\"@context\":\"https:\/\/schema.org\",\"@graph\":[{\"@type\":\"WebPage\",\"@id\":\"https:\/\/nyforetagarcentrum.se\/sodravarmland\/vara-radgivare\/\",\"url\":\"https:\/\/nyforetagarcentrum.se\/sodravarmland\/vara-radgivare\/\",\"name\":\"V\u00e5ra r\u00e5dgivare | NFC S\u00f6dra V\u00e4rmland\",\"isPartOf\":{\"@id\":\"https:\/\/nyforetagarcentrum.se\/sodravarmland\/#website\"},\"datePublished\":\"2024-02-29T12:59:39+00:00\",\"dateModified\":\"2024-09-27T13:05:10+00:00\",\"description\":\"F\u00e5 kostnadsfri och personlig r\u00e5dgivning fr\u00e5n experter som hj\u00e4lper dig att starta och utveckla ditt f\u00f6retag!\",\"breadcrumb\":{\"@id\":\"https:\/\/nyforetagarcentrum.se\/sodravarmland\/vara-radgivare\/#breadcrumb\"},\"inLanguage\":\"sv-SE\",\"potentialAction\":[{\"@type\":\"ReadAction\",\"target\":[\"https:\/\/nyforetagarcentrum.se\/sodravarmland\/vara-radgivare\/\"]}]},{\"@type\":\"BreadcrumbList\",\"@id\":\"https:\/\/nyforetagarcentrum.se\/sodravarmland\/vara-radgivare\/#breadcrumb\",\"itemListElement\":[{\"@type\":\"ListItem\",\"position\":1,\"name\":\"Hem\",\"item\":\"https:\/\/nyforetagarcentrum.se\/sodravarmland\/\"},{\"@type\":\"ListItem\",\"position\":2,\"name\":\"V\u00e5ra r\u00e5dgivare\"}]},{\"@type\":\"WebSite\",\"@id\":\"https:\/\/nyforetagarcentrum.se\/sodravarmland\/#website\",\"url\":\"https:\/\/nyforetagarcentrum.se\/sodravarmland\/\",\"name\":\"sodravarmland\",\"description\":\"Sveriges ledande kraft f\u00f6r fler nya livskraftiga f\u00f6retag\",\"publisher\":{\"@id\":\"https:\/\/nyforetagarcentrum.se\/sodravarmland\/#organization\"},\"potentialAction\":[{\"@type\":\"SearchAction\",\"target\":{\"@type\":\"EntryPoint\",\"urlTemplate\":\"https:\/\/nyforetagarcentrum.se\/sodravarmland\/?s={search_term_string}\"},\"query-input\":\"required name=search_term_string\"}],\"inLanguage\":\"sv-SE\"},{\"@type\":\"Organization\",\"@id\":\"https:\/\/nyforetagarcentrum.se\/sodravarmland\/#organization\",\"name\":\"sodravarmland\",\"url\":\"https:\/\/nyforetagarcentrum.se\/sodravarmland\/\",\"logo\":{\"@type\":\"ImageObject\",\"inLanguage\":\"sv-SE\",\"@id\":\"https:\/\/nyforetagarcentrum.se\/sodravarmland\/#\/schema\/logo\/image\/\",\"url\":\"https:\/\/nyforetagarcentrum.se\/sodravarmland\/wp-content\/uploads\/sites\/93\/2024\/04\/cropped-logo_webheader_Rityta-1.png\",\"contentUrl\":\"https:\/\/nyforetagarcentrum.se\/sodravarmland\/wp-content\/uploads\/sites\/93\/2024\/04\/cropped-logo_webheader_Rityta-1.png\",\"width\":208,\"height\":97,\"caption\":\"sodravarmland\"},\"image\":{\"@id\":\"https:\/\/nyforetagarcentrum.se\/sodravarmland\/#\/schema\/logo\/image\/\"}}]}<\/script>\n<!-- \/ Yoast SEO plugin. -->","yoast_head_json":{"title":"V\u00e5ra r\u00e5dgivare | NFC S\u00f6dra V\u00e4rmland","description":"F\u00e5 kostnadsfri och personlig r\u00e5dgivning fr\u00e5n experter som hj\u00e4lper dig att starta och utveckla ditt f\u00f6retag!","robots":{"index":"index","follow":"follow","max-snippet":"max-snippet:-1","max-image-preview":"max-image-preview:large","max-video-preview":"max-video-preview:-1"},"canonical":"https:\/\/nyforetagarcentrum.se\/sodravarmland\/vara-radgivare\/","og_locale":"sv_SE","og_type":"article","og_title":"V\u00e5ra r\u00e5dgivare | NFC S\u00f6dra V\u00e4rmland","og_description":"F\u00e5 kostnadsfri och personlig r\u00e5dgivning fr\u00e5n experter som hj\u00e4lper dig att starta och utveckla ditt f\u00f6retag!","og_url":"https:\/\/nyforetagarcentrum.se\/sodravarmland\/vara-radgivare\/","og_site_name":"sodravarmland","article_modified_time":"2024-09-27T13:05:10+00:00","twitter_card":"summary_large_image","twitter_misc":{"Ber\u00e4knad l\u00e4stid":"1 minut"},"schema":{"@context":"https:\/\/schema.org","@graph":[{"@type":"WebPage","@id":"https:\/\/nyforetagarcentrum.se\/sodravarmland\/vara-radgivare\/","url":"https:\/\/nyforetagarcentrum.se\/sodravarmland\/vara-radgivare\/","name":"V\u00e5ra r\u00e5dgivare | NFC S\u00f6dra V\u00e4rmland","isPartOf":{"@id":"https:\/\/nyforetagarcentrum.se\/sodravarmland\/#website"},"datePublished":"2024-02-29T12:59:39+00:00","dateModified":"2024-09-27T13:05:10+00:00","description":"F\u00e5 kostnadsfri och personlig r\u00e5dgivning fr\u00e5n experter som hj\u00e4lper dig att starta och utveckla ditt f\u00f6retag!","breadcrumb":{"@id":"https:\/\/nyforetagarcentrum.se\/sodravarmland\/vara-radgivare\/#breadcrumb"},"inLanguage":"sv-SE","potentialAction":[{"@type":"ReadAction","target":["https:\/\/nyforetagarcentrum.se\/sodravarmland\/vara-radgivare\/"]}]},{"@type":"BreadcrumbList","@id":"https:\/\/nyforetagarcentrum.se\/sodravarmland\/vara-radgivare\/#breadcrumb","itemListElement":[{"@type":"ListItem","position":1,"name":"Hem","item":"https:\/\/nyforetagarcentrum.se\/sodravarmland\/"},{"@type":"ListItem","position":2,"name":"V\u00e5ra r\u00e5dgivare"}]},{"@type":"WebSite","@id":"https:\/\/nyforetagarcentrum.se\/sodravarmland\/#website","url":"https:\/\/nyforetagarcentrum.se\/sodravarmland\/","name":"sodravarmland","description":"Sveriges ledande kraft f\u00f6r fler nya livskraftiga f\u00f6retag","publisher":{"@id":"https:\/\/nyforetagarcentrum.se\/sodravarmland\/#organization"},"potentialAction":[{"@type":"SearchAction","target":{"@type":"EntryPoint","urlTemplate":"https:\/\/nyforetagarcentrum.se\/sodravarmland\/?s={search_term_string}"},"query-input":"required name=search_term_string"}],"inLanguage":"sv-SE"},{"@type":"Organization","@id":"https:\/\/nyforetagarcentrum.se\/sodravarmland\/#organization","name":"sodravarmland","url":"https:\/\/nyforetagarcentrum.se\/sodravarmland\/","logo":{"@type":"ImageObject","inLanguage":"sv-SE","@id":"https:\/\/nyforetagarcentrum.se\/sodravarmland\/#\/schema\/logo\/image\/","url":"https:\/\/nyforetagarcentrum.se\/sodravarmland\/wp-content\/uploads\/sites\/93\/2024\/04\/cropped-logo_webheader_Rityta-1.png","contentUrl":"https:\/\/nyforetagarcentrum.se\/sodravarmland\/wp-content\/uploads\/sites\/93\/2024\/04\/cropped-logo_webheader_Rityta-1.png","width":208,"height":97,"caption":"sodravarmland"},"image":{"@id":"https:\/\/nyforetagarcentrum.se\/sodravarmland\/#\/schema\/logo\/image\/"}}]}},"_links":{"self":[{"href":"https:\/\/nyforetagarcentrum.se\/sodravarmland\/wp-json\/wp\/v2\/pages\/239"}],"collection":[{"href":"https:\/\/nyforetagarcentrum.se\/sodravarmland\/wp-json\/wp\/v2\/pages"}],"about":[{"href":"https:\/\/nyforetagarcentrum.se\/sodravarmland\/wp-json\/wp\/v2\/types\/page"}],"author":[{"embeddable":true,"href":"https:\/\/nyforetagarcentrum.se\/sodravarmland\/wp-json\/wp\/v2\/users\/1"}],"replies":[{"embeddable":true,"href":"https:\/\/nyforetagarcentrum.se\/sodravarmland\/wp-json\/wp\/v2\/comments?post=239"}],"version-history":[{"count":70,"href":"https:\/\/nyforetagarcentrum.se\/sodravarmland\/wp-json\/wp\/v2\/pages\/239\/revisions"}],"predecessor-version":[{"id":2303,"href":"https:\/\/nyforetagarcentrum.se\/sodravarmland\/wp-json\/wp\/v2\/pages\/239\/revisions\/2303"}],"wp:attachment":[{"href":"https:\/\/nyforetagarcentrum.se\/sodravarmland\/wp-json\/wp\/v2\/media?parent=239"}],"curies":[{"name":"wp","href":"https:\/\/api.w.org\/{rel}","templated":true}]}}