{"id":164,"date":"2024-02-27T16:05:17","date_gmt":"2024-02-27T15:05:17","guid":{"rendered":"https:\/\/nyforetagarcentrum.se\/sodravarmland\/?page_id=164"},"modified":"2025-01-13T10:20:43","modified_gmt":"2025-01-13T09:20:43","slug":"var-styrelse","status":"publish","type":"page","link":"https:\/\/nyforetagarcentrum.se\/sodravarmland\/var-styrelse\/","title":{"rendered":"V\u00e5r styrelse"},"content":{"rendered":"<section  class=\"nfc-block-hero alignfull\">\n\n    <img loading=\"lazy\" decoding=\"async\" width=\"1475\" height=\"1080\" src=\"https:\/\/nyforetagarcentrum.se\/sodravarmland\/wp-content\/uploads\/sites\/93\/2024\/02\/Nyforetagare-natverk-grupp-LOW.jpg\" class=\"attachment-landscape size-landscape\" alt=\"\" srcset=\"https:\/\/nyforetagarcentrum.se\/sodravarmland\/wp-content\/uploads\/sites\/93\/2024\/02\/Nyforetagare-natverk-grupp-LOW.jpg 1476w, https:\/\/nyforetagarcentrum.se\/sodravarmland\/wp-content\/uploads\/sites\/93\/2024\/02\/Nyforetagare-natverk-grupp-LOW-300x220.jpg 300w, https:\/\/nyforetagarcentrum.se\/sodravarmland\/wp-content\/uploads\/sites\/93\/2024\/02\/Nyforetagare-natverk-grupp-LOW-1024x750.jpg 1024w, https:\/\/nyforetagarcentrum.se\/sodravarmland\/wp-content\/uploads\/sites\/93\/2024\/02\/Nyforetagare-natverk-grupp-LOW-768x562.jpg 768w\" sizes=\"(max-width: 1475px) 100vw, 1475px\" \/>\n    <div class=\"contained\">\n        <h1 class=\"nfc-block-hero__heading\">V\u00e5r styrelse<\/h1>\n\n            <\/div>\n<\/section>\n\n\n<div style=\"height:50px\" aria-hidden=\"true\" class=\"wp-block-spacer\"><\/div>\n\n\n<section  class=\"nfc-block-breadcrumbs alignwide\">\n    <div class=\"wrapper contained\">\n        <ol class=\"breadcrumbs\" itemscope itemtype=\"https:\/\/schema.org\/BreadcrumbList\">\n            <li itemprop=\"itemListElement\" itemscope itemtype=\"https:\/\/schema.org\/ListItem\">\n            \n\n                            <span class=\"current\" itemprop=\"name\">Hem<\/span>\n            \n            <meta itemprop=\"position\" content=\"1\" \/>\n        <\/li>\n    <\/ol>    <\/div>\n<\/section>\n\n<section  class=\"nfc-block-person_grid alignwide layout-large\">\n    <div class=\"contained\">\n        <div class=\"grid\">\n            <div class=\"person-large-card\">\n    \n    <div class=\"featured_image\">\n            <\/div>\n\n    <div class=\"content-wrapper\">\n        <h3>Linda-Marie Fors<\/h3>\n\n                    <div class=\"excerpt\">\n                N\u00e4ringslivsutvecklare, Forshaga kommun            <\/div>\n        \n        <div class=\"links\">\n\n            \n                            <a href=\"mailto:linda-marie.fors@forshaga.se\">\n                    linda-marie.fors@forshaga.se                <\/a>\n                    <\/div>\n        \n    <\/div>\n<\/div><div class=\"person-large-card\">\n    \n    <div class=\"featured_image\">\n                    <img loading=\"lazy\" decoding=\"async\" width=\"700\" height=\"700\" src=\"https:\/\/nyforetagarcentrum.se\/sodravarmland\/wp-content\/uploads\/sites\/93\/2024\/04\/adam_fyrkant-700x700-2.png\" class=\"attachment-large size-large\" alt=\"\" srcset=\"https:\/\/nyforetagarcentrum.se\/sodravarmland\/wp-content\/uploads\/sites\/93\/2024\/04\/adam_fyrkant-700x700-2.png 700w, https:\/\/nyforetagarcentrum.se\/sodravarmland\/wp-content\/uploads\/sites\/93\/2024\/04\/adam_fyrkant-700x700-2-300x300.png 300w, https:\/\/nyforetagarcentrum.se\/sodravarmland\/wp-content\/uploads\/sites\/93\/2024\/04\/adam_fyrkant-700x700-2-150x150.png 150w\" sizes=\"(max-width: 700px) 100vw, 700px\" \/>            <\/div>\n\n    <div class=\"content-wrapper\">\n        <h3>Adam Fransson<\/h3>\n\n                    <div class=\"excerpt\">\n                Lill\u00e4ngshamnens Fiskr\u00f6keri            <\/div>\n        \n        <div class=\"links\">\n\n            \n                            <a href=\"mailto:adam@lillangshamnen.se\">\n                    adam@lillangshamnen.se                <\/a>\n                    <\/div>\n        \n    <\/div>\n<\/div><div class=\"person-large-card\">\n    \n    <div class=\"featured_image\">\n            <\/div>\n\n    <div class=\"content-wrapper\">\n        <h3>Ordf. Ter\u00e9s Lagerkvist<\/h3>\n\n                    <div class=\"excerpt\">\n                Swedbank<br \/>\r\n<br \/>\r\n            <\/div>\n        \n        <div class=\"links\">\n\n            \n                            <a href=\"mailto:teres.lagerkvist@swedbank.se\">\n                    teres.lagerkvist@swedbank.se                <\/a>\n                    <\/div>\n        \n    <\/div>\n<\/div><div class=\"person-large-card\">\n    \n    <div class=\"featured_image\">\n            <\/div>\n\n    <div class=\"content-wrapper\">\n        <h3>Magnus Ericsson<\/h3>\n\n                    <div class=\"excerpt\">\n                L\u00e4nsf\u00f6rs\u00e4kringar V\u00e4rmland<br \/>\r\n            <\/div>\n        \n        <div class=\"links\">\n\n            \n                            <a href=\"mailto:magnus.ericsson@lfvarmland.se\">\n                    magnus.ericsson@lfvarmland.se                <\/a>\n                    <\/div>\n        \n    <\/div>\n<\/div><div class=\"person-large-card\">\n    \n    <div class=\"featured_image\">\n                    <img loading=\"lazy\" decoding=\"async\" width=\"712\" height=\"1024\" src=\"https:\/\/nyforetagarcentrum.se\/sodravarmland\/wp-content\/uploads\/sites\/93\/2024\/04\/yeo1.png\" class=\"attachment-large size-large\" alt=\"\" srcset=\"https:\/\/nyforetagarcentrum.se\/sodravarmland\/wp-content\/uploads\/sites\/93\/2024\/04\/yeo1.png 712w, https:\/\/nyforetagarcentrum.se\/sodravarmland\/wp-content\/uploads\/sites\/93\/2024\/04\/yeo1-209x300.png 209w\" sizes=\"(max-width: 712px) 100vw, 712px\" \/>            <\/div>\n\n    <div class=\"content-wrapper\">\n        <h3>Yeo Dahlstr\u00f6m<\/h3>\n\n                    <div class=\"excerpt\">\n                Yeo and Me            <\/div>\n        \n        <div class=\"links\">\n\n            \n                            <a href=\"mailto:yeo@yeoandme.se\">\n                    yeo@yeoandme.se                <\/a>\n                    <\/div>\n        \n    <\/div>\n<\/div><div class=\"person-large-card\">\n    \n    <div class=\"featured_image\">\n                    <img loading=\"lazy\" decoding=\"async\" width=\"700\" height=\"700\" src=\"https:\/\/nyforetagarcentrum.se\/sodravarmland\/wp-content\/uploads\/sites\/93\/2024\/04\/emma_fyrkant-700x700-1.png\" class=\"attachment-large size-large\" alt=\"\" srcset=\"https:\/\/nyforetagarcentrum.se\/sodravarmland\/wp-content\/uploads\/sites\/93\/2024\/04\/emma_fyrkant-700x700-1.png 700w, https:\/\/nyforetagarcentrum.se\/sodravarmland\/wp-content\/uploads\/sites\/93\/2024\/04\/emma_fyrkant-700x700-1-300x300.png 300w, https:\/\/nyforetagarcentrum.se\/sodravarmland\/wp-content\/uploads\/sites\/93\/2024\/04\/emma_fyrkant-700x700-1-150x150.png 150w\" sizes=\"(max-width: 700px) 100vw, 700px\" \/>            <\/div>\n\n    <div class=\"content-wrapper\">\n        <h3>Emma Balderud<\/h3>\n\n                    <div class=\"excerpt\">\n                Ny i V\u00e4rmland<br \/>\r\n<br \/>\r\n            <\/div>\n        \n        <div class=\"links\">\n\n            \n                            <a href=\"mailto:emma@nyivarmland.se\">\n                    emma@nyivarmland.se                <\/a>\n                    <\/div>\n        \n    <\/div>\n<\/div><div class=\"person-large-card\">\n    \n    <div class=\"featured_image\">\n                    <img loading=\"lazy\" decoding=\"async\" width=\"400\" height=\"400\" src=\"https:\/\/nyforetagarcentrum.se\/sodravarmland\/wp-content\/uploads\/sites\/93\/2024\/04\/Portratt-hemsida-730-x-530-Cathrine-pb0zcikrk16rwf2ds4vsr5p0a7ckifa3cex35k0i3k.png\" class=\"attachment-large size-large\" alt=\"\" srcset=\"https:\/\/nyforetagarcentrum.se\/sodravarmland\/wp-content\/uploads\/sites\/93\/2024\/04\/Portratt-hemsida-730-x-530-Cathrine-pb0zcikrk16rwf2ds4vsr5p0a7ckifa3cex35k0i3k.png 400w, https:\/\/nyforetagarcentrum.se\/sodravarmland\/wp-content\/uploads\/sites\/93\/2024\/04\/Portratt-hemsida-730-x-530-Cathrine-pb0zcikrk16rwf2ds4vsr5p0a7ckifa3cex35k0i3k-300x300.png 300w, https:\/\/nyforetagarcentrum.se\/sodravarmland\/wp-content\/uploads\/sites\/93\/2024\/04\/Portratt-hemsida-730-x-530-Cathrine-pb0zcikrk16rwf2ds4vsr5p0a7ckifa3cex35k0i3k-150x150.png 150w\" sizes=\"(max-width: 400px) 100vw, 400px\" \/>            <\/div>\n\n    <div class=\"content-wrapper\">\n        <h3>Catherine Gustavsson<\/h3>\n\n                    <div class=\"excerpt\">\n                Markant Reklambyr\u00e5<br \/>\r\n            <\/div>\n        \n        <div class=\"links\">\n\n            \n                            <a href=\"mailto: cathrine@markant.se\">\n                     cathrine@markant.se                <\/a>\n                    <\/div>\n        \n    <\/div>\n<\/div><div class=\"person-large-card\">\n    \n    <div class=\"featured_image\">\n                    <img loading=\"lazy\" decoding=\"async\" width=\"700\" height=\"700\" src=\"https:\/\/nyforetagarcentrum.se\/sodravarmland\/wp-content\/uploads\/sites\/93\/2024\/04\/emelie_styrelse23-700x700-1.png\" class=\"attachment-large size-large\" alt=\"\" srcset=\"https:\/\/nyforetagarcentrum.se\/sodravarmland\/wp-content\/uploads\/sites\/93\/2024\/04\/emelie_styrelse23-700x700-1.png 700w, https:\/\/nyforetagarcentrum.se\/sodravarmland\/wp-content\/uploads\/sites\/93\/2024\/04\/emelie_styrelse23-700x700-1-300x300.png 300w, https:\/\/nyforetagarcentrum.se\/sodravarmland\/wp-content\/uploads\/sites\/93\/2024\/04\/emelie_styrelse23-700x700-1-150x150.png 150w\" sizes=\"(max-width: 700px) 100vw, 700px\" \/>            <\/div>\n\n    <div class=\"content-wrapper\">\n        <h3>Emelie Ivarsson<\/h3>\n\n                    <div class=\"excerpt\">\n                Wink; Women in Karlstad<br \/>\r\n<br \/>\r\n            <\/div>\n        \n        <div class=\"links\">\n\n            \n                            <a href=\"mailto:emelieivarsson87@gmail.com\">\n                    emelieivarsson87@gmail.com                <\/a>\n                    <\/div>\n        \n    <\/div>\n<\/div><div class=\"person-large-card\">\n    \n    <div class=\"featured_image\">\n                    <img loading=\"lazy\" decoding=\"async\" width=\"683\" height=\"1024\" src=\"https:\/\/nyforetagarcentrum.se\/sodravarmland\/wp-content\/uploads\/sites\/93\/2024\/04\/johan-683x1024.webp\" class=\"attachment-large size-large\" alt=\"\" srcset=\"https:\/\/nyforetagarcentrum.se\/sodravarmland\/wp-content\/uploads\/sites\/93\/2024\/04\/johan-683x1024.webp 683w, https:\/\/nyforetagarcentrum.se\/sodravarmland\/wp-content\/uploads\/sites\/93\/2024\/04\/johan-200x300.webp 200w, https:\/\/nyforetagarcentrum.se\/sodravarmland\/wp-content\/uploads\/sites\/93\/2024\/04\/johan-768x1152.webp 768w, https:\/\/nyforetagarcentrum.se\/sodravarmland\/wp-content\/uploads\/sites\/93\/2024\/04\/johan-1024x1536.webp 1024w, https:\/\/nyforetagarcentrum.se\/sodravarmland\/wp-content\/uploads\/sites\/93\/2024\/04\/johan-720x1080.webp 720w, https:\/\/nyforetagarcentrum.se\/sodravarmland\/wp-content\/uploads\/sites\/93\/2024\/04\/johan.webp 1200w\" sizes=\"(max-width: 683px) 100vw, 683px\" \/>            <\/div>\n\n    <div class=\"content-wrapper\">\n        <h3>Johan Cederholm<\/h3>\n\n                    <div class=\"excerpt\">\n                Linck             <\/div>\n        \n        <div class=\"links\">\n\n            \n                            <a href=\"mailto:johan.cederholm@linck.se\">\n                    johan.cederholm@linck.se                <\/a>\n                    <\/div>\n        \n    <\/div>\n<\/div>        <\/div>\n    <\/div>\n<\/section>\n\n\n<div style=\"height:100px\" aria-hidden=\"true\" class=\"wp-block-spacer\"><\/div>\n","protected":false},"excerpt":{"rendered":"","protected":false},"author":1,"featured_media":0,"parent":0,"menu_order":0,"comment_status":"closed","ping_status":"closed","template":"","meta":{"footnotes":""},"acf":[],"yoast_head":"<!-- This site is optimized with the Yoast SEO plugin v22.9 - https:\/\/yoast.com\/wordpress\/plugins\/seo\/ -->\n<title>V\u00e5r styrelse - sodravarmland<\/title>\n<meta name=\"description\" content=\"L\u00e4s om vilka vi \u00e4r som sitter i styrelsen f\u00f6r Nyf\u00f6retagarcentrum S\u00f6dra V\u00e4rmland samt vad vi har f\u00f6r roller i n\u00e4ringslivet.\" \/>\n<meta name=\"robots\" content=\"index, follow, max-snippet:-1, max-image-preview:large, max-video-preview:-1\" \/>\n<link rel=\"canonical\" href=\"https:\/\/nyforetagarcentrum.se\/sodravarmland\/var-styrelse\/\" \/>\n<meta property=\"og:locale\" content=\"sv_SE\" \/>\n<meta property=\"og:type\" content=\"article\" \/>\n<meta property=\"og:title\" content=\"V\u00e5r styrelse - sodravarmland\" \/>\n<meta property=\"og:description\" content=\"L\u00e4s om vilka vi \u00e4r som sitter i styrelsen f\u00f6r Nyf\u00f6retagarcentrum S\u00f6dra V\u00e4rmland samt vad vi har f\u00f6r roller i n\u00e4ringslivet.\" \/>\n<meta property=\"og:url\" content=\"https:\/\/nyforetagarcentrum.se\/sodravarmland\/var-styrelse\/\" \/>\n<meta property=\"og:site_name\" content=\"sodravarmland\" \/>\n<meta property=\"article:modified_time\" content=\"2025-01-13T09:20:43+00:00\" \/>\n<meta name=\"twitter:card\" content=\"summary_large_image\" \/>\n<script type=\"application\/ld+json\" class=\"yoast-schema-graph\">{\"@context\":\"https:\/\/schema.org\",\"@graph\":[{\"@type\":\"WebPage\",\"@id\":\"https:\/\/nyforetagarcentrum.se\/sodravarmland\/var-styrelse\/\",\"url\":\"https:\/\/nyforetagarcentrum.se\/sodravarmland\/var-styrelse\/\",\"name\":\"V\u00e5r styrelse - sodravarmland\",\"isPartOf\":{\"@id\":\"https:\/\/nyforetagarcentrum.se\/sodravarmland\/#website\"},\"datePublished\":\"2024-02-27T15:05:17+00:00\",\"dateModified\":\"2025-01-13T09:20:43+00:00\",\"description\":\"L\u00e4s om vilka vi \u00e4r som sitter i styrelsen f\u00f6r Nyf\u00f6retagarcentrum S\u00f6dra V\u00e4rmland samt vad vi har f\u00f6r roller i n\u00e4ringslivet.\",\"breadcrumb\":{\"@id\":\"https:\/\/nyforetagarcentrum.se\/sodravarmland\/var-styrelse\/#breadcrumb\"},\"inLanguage\":\"sv-SE\",\"potentialAction\":[{\"@type\":\"ReadAction\",\"target\":[\"https:\/\/nyforetagarcentrum.se\/sodravarmland\/var-styrelse\/\"]}]},{\"@type\":\"BreadcrumbList\",\"@id\":\"https:\/\/nyforetagarcentrum.se\/sodravarmland\/var-styrelse\/#breadcrumb\",\"itemListElement\":[{\"@type\":\"ListItem\",\"position\":1,\"name\":\"Hem\",\"item\":\"https:\/\/nyforetagarcentrum.se\/sodravarmland\/\"},{\"@type\":\"ListItem\",\"position\":2,\"name\":\"V\u00e5r styrelse\"}]},{\"@type\":\"WebSite\",\"@id\":\"https:\/\/nyforetagarcentrum.se\/sodravarmland\/#website\",\"url\":\"https:\/\/nyforetagarcentrum.se\/sodravarmland\/\",\"name\":\"sodravarmland\",\"description\":\"Sveriges ledande kraft f\u00f6r fler nya livskraftiga f\u00f6retag\",\"publisher\":{\"@id\":\"https:\/\/nyforetagarcentrum.se\/sodravarmland\/#organization\"},\"potentialAction\":[{\"@type\":\"SearchAction\",\"target\":{\"@type\":\"EntryPoint\",\"urlTemplate\":\"https:\/\/nyforetagarcentrum.se\/sodravarmland\/?s={search_term_string}\"},\"query-input\":\"required name=search_term_string\"}],\"inLanguage\":\"sv-SE\"},{\"@type\":\"Organization\",\"@id\":\"https:\/\/nyforetagarcentrum.se\/sodravarmland\/#organization\",\"name\":\"sodravarmland\",\"url\":\"https:\/\/nyforetagarcentrum.se\/sodravarmland\/\",\"logo\":{\"@type\":\"ImageObject\",\"inLanguage\":\"sv-SE\",\"@id\":\"https:\/\/nyforetagarcentrum.se\/sodravarmland\/#\/schema\/logo\/image\/\",\"url\":\"https:\/\/nyforetagarcentrum.se\/sodravarmland\/wp-content\/uploads\/sites\/93\/2024\/04\/cropped-logo_webheader_Rityta-1.png\",\"contentUrl\":\"https:\/\/nyforetagarcentrum.se\/sodravarmland\/wp-content\/uploads\/sites\/93\/2024\/04\/cropped-logo_webheader_Rityta-1.png\",\"width\":208,\"height\":97,\"caption\":\"sodravarmland\"},\"image\":{\"@id\":\"https:\/\/nyforetagarcentrum.se\/sodravarmland\/#\/schema\/logo\/image\/\"}}]}<\/script>\n<!-- \/ Yoast SEO plugin. -->","yoast_head_json":{"title":"V\u00e5r styrelse - sodravarmland","description":"L\u00e4s om vilka vi \u00e4r som sitter i styrelsen f\u00f6r Nyf\u00f6retagarcentrum S\u00f6dra V\u00e4rmland samt vad vi har f\u00f6r roller i n\u00e4ringslivet.","robots":{"index":"index","follow":"follow","max-snippet":"max-snippet:-1","max-image-preview":"max-image-preview:large","max-video-preview":"max-video-preview:-1"},"canonical":"https:\/\/nyforetagarcentrum.se\/sodravarmland\/var-styrelse\/","og_locale":"sv_SE","og_type":"article","og_title":"V\u00e5r styrelse - sodravarmland","og_description":"L\u00e4s om vilka vi \u00e4r som sitter i styrelsen f\u00f6r Nyf\u00f6retagarcentrum S\u00f6dra V\u00e4rmland samt vad vi har f\u00f6r roller i n\u00e4ringslivet.","og_url":"https:\/\/nyforetagarcentrum.se\/sodravarmland\/var-styrelse\/","og_site_name":"sodravarmland","article_modified_time":"2025-01-13T09:20:43+00:00","twitter_card":"summary_large_image","schema":{"@context":"https:\/\/schema.org","@graph":[{"@type":"WebPage","@id":"https:\/\/nyforetagarcentrum.se\/sodravarmland\/var-styrelse\/","url":"https:\/\/nyforetagarcentrum.se\/sodravarmland\/var-styrelse\/","name":"V\u00e5r styrelse - sodravarmland","isPartOf":{"@id":"https:\/\/nyforetagarcentrum.se\/sodravarmland\/#website"},"datePublished":"2024-02-27T15:05:17+00:00","dateModified":"2025-01-13T09:20:43+00:00","description":"L\u00e4s om vilka vi \u00e4r som sitter i styrelsen f\u00f6r Nyf\u00f6retagarcentrum S\u00f6dra V\u00e4rmland samt vad vi har f\u00f6r roller i n\u00e4ringslivet.","breadcrumb":{"@id":"https:\/\/nyforetagarcentrum.se\/sodravarmland\/var-styrelse\/#breadcrumb"},"inLanguage":"sv-SE","potentialAction":[{"@type":"ReadAction","target":["https:\/\/nyforetagarcentrum.se\/sodravarmland\/var-styrelse\/"]}]},{"@type":"BreadcrumbList","@id":"https:\/\/nyforetagarcentrum.se\/sodravarmland\/var-styrelse\/#breadcrumb","itemListElement":[{"@type":"ListItem","position":1,"name":"Hem","item":"https:\/\/nyforetagarcentrum.se\/sodravarmland\/"},{"@type":"ListItem","position":2,"name":"V\u00e5r styrelse"}]},{"@type":"WebSite","@id":"https:\/\/nyforetagarcentrum.se\/sodravarmland\/#website","url":"https:\/\/nyforetagarcentrum.se\/sodravarmland\/","name":"sodravarmland","description":"Sveriges ledande kraft f\u00f6r fler nya livskraftiga f\u00f6retag","publisher":{"@id":"https:\/\/nyforetagarcentrum.se\/sodravarmland\/#organization"},"potentialAction":[{"@type":"SearchAction","target":{"@type":"EntryPoint","urlTemplate":"https:\/\/nyforetagarcentrum.se\/sodravarmland\/?s={search_term_string}"},"query-input":"required name=search_term_string"}],"inLanguage":"sv-SE"},{"@type":"Organization","@id":"https:\/\/nyforetagarcentrum.se\/sodravarmland\/#organization","name":"sodravarmland","url":"https:\/\/nyforetagarcentrum.se\/sodravarmland\/","logo":{"@type":"ImageObject","inLanguage":"sv-SE","@id":"https:\/\/nyforetagarcentrum.se\/sodravarmland\/#\/schema\/logo\/image\/","url":"https:\/\/nyforetagarcentrum.se\/sodravarmland\/wp-content\/uploads\/sites\/93\/2024\/04\/cropped-logo_webheader_Rityta-1.png","contentUrl":"https:\/\/nyforetagarcentrum.se\/sodravarmland\/wp-content\/uploads\/sites\/93\/2024\/04\/cropped-logo_webheader_Rityta-1.png","width":208,"height":97,"caption":"sodravarmland"},"image":{"@id":"https:\/\/nyforetagarcentrum.se\/sodravarmland\/#\/schema\/logo\/image\/"}}]}},"_links":{"self":[{"href":"https:\/\/nyforetagarcentrum.se\/sodravarmland\/wp-json\/wp\/v2\/pages\/164"}],"collection":[{"href":"https:\/\/nyforetagarcentrum.se\/sodravarmland\/wp-json\/wp\/v2\/pages"}],"about":[{"href":"https:\/\/nyforetagarcentrum.se\/sodravarmland\/wp-json\/wp\/v2\/types\/page"}],"author":[{"embeddable":true,"href":"https:\/\/nyforetagarcentrum.se\/sodravarmland\/wp-json\/wp\/v2\/users\/1"}],"replies":[{"embeddable":true,"href":"https:\/\/nyforetagarcentrum.se\/sodravarmland\/wp-json\/wp\/v2\/comments?post=164"}],"version-history":[{"count":36,"href":"https:\/\/nyforetagarcentrum.se\/sodravarmland\/wp-json\/wp\/v2\/pages\/164\/revisions"}],"predecessor-version":[{"id":2633,"href":"https:\/\/nyforetagarcentrum.se\/sodravarmland\/wp-json\/wp\/v2\/pages\/164\/revisions\/2633"}],"wp:attachment":[{"href":"https:\/\/nyforetagarcentrum.se\/sodravarmland\/wp-json\/wp\/v2\/media?parent=164"}],"curies":[{"name":"wp","href":"https:\/\/api.w.org\/{rel}","templated":true}]}}