{"id":41,"date":"2024-02-22T10:24:51","date_gmt":"2024-02-22T09:24:51","guid":{"rendered":"https:\/\/nyforetagarcentrum.se\/sodertalje\/?page_id=41"},"modified":"2026-04-21T10:19:37","modified_gmt":"2026-04-21T08:19:37","slug":"vara-samarbetspartners","status":"publish","type":"page","link":"https:\/\/nyforetagarcentrum.se\/sodertalje\/vara-samarbetspartners\/","title":{"rendered":"V\u00e5ra samarbetspartners"},"content":{"rendered":"<section  class=\"nfc-block-hero alignfull\">\n\n    <img loading=\"lazy\" decoding=\"async\" width=\"1470\" height=\"980\" src=\"https:\/\/nyforetagarcentrum.se\/sodertalje\/wp-content\/uploads\/sites\/77\/2024\/02\/Medium_JM.png\" class=\"attachment-landscape size-landscape\" alt=\"\" srcset=\"https:\/\/nyforetagarcentrum.se\/sodertalje\/wp-content\/uploads\/sites\/77\/2024\/02\/Medium_JM.png 1470w, https:\/\/nyforetagarcentrum.se\/sodertalje\/wp-content\/uploads\/sites\/77\/2024\/02\/Medium_JM-300x200.png 300w, https:\/\/nyforetagarcentrum.se\/sodertalje\/wp-content\/uploads\/sites\/77\/2024\/02\/Medium_JM-1024x683.png 1024w, https:\/\/nyforetagarcentrum.se\/sodertalje\/wp-content\/uploads\/sites\/77\/2024\/02\/Medium_JM-768x512.png 768w\" sizes=\"(max-width: 1470px) 100vw, 1470px\" \/>\n    <div class=\"contained\">\n        <h1 class=\"nfc-block-hero__heading\">V\u00e5ra samarbetspartners<\/h1>\n\n            <\/div>\n<\/section>\n\n<section  class=\"block-our-partners nfc-block-partners\">\n    <div class=\"contained\">\n            <\/div>\n<\/section>\n\n\n<div style=\"height:50px\" aria-hidden=\"true\" class=\"wp-block-spacer\"><\/div>\n\n\n<section  class=\"nfc-block-breadcrumbs\">\n    <div class=\"wrapper contained\">\n        <ol class=\"breadcrumbs\" itemscope itemtype=\"https:\/\/schema.org\/BreadcrumbList\">\n            <li itemprop=\"itemListElement\" itemscope itemtype=\"https:\/\/schema.org\/ListItem\">\n            \n\n                            <span class=\"current\" itemprop=\"name\">Hem<\/span>\n            \n            <meta itemprop=\"position\" content=\"1\" \/>\n        <\/li>\n    <\/ol>    <\/div>\n<\/section>\n\n\n<div style=\"height:51px\" aria-hidden=\"true\" class=\"wp-block-spacer\"><\/div>\n\n\n<section  class=\"block-our-partners nfc-block-partners\">\n    <div class=\"contained\">\n                                    <div class=\"partner-card\">\n                    <div class=\"logo-wrapper\">\n                        <img decoding=\"async\" src=\"https:\/\/nyforetagarcentrum.se\/sodertalje\/wp-content\/uploads\/sites\/77\/2024\/05\/SEB-logga.png\" alt=\"\">\n                    <\/div>\n                    \n                                            <div class=\"h4\"><b>SEB<\/b><\/div>\n                                                                                    <div class=\"item\"><b>Kontaktperson:<\/b><b>Shanel Ibrahim<\/b><\/div>\n                                                                <div class=\"item\"><b>MAIL:<\/b><b>shanel.ibrahim@seb.se <\/b><\/div>\n                                                        <\/div>\n                            <div class=\"partner-card\">\n                    <div class=\"logo-wrapper\">\n                        <img decoding=\"async\" src=\"https:\/\/nyforetagarcentrum.se\/sodertalje\/wp-content\/uploads\/sites\/77\/2024\/05\/sodertaljelogga_farg-e1526474126116.png\" alt=\"\">\n                    <\/div>\n                    \n                                            <div class=\"h4\"><b>S\u00f6dert\u00e4lje Kommun<\/b><\/div>\n                                                                                    <div class=\"item\"><b>Kontaktperson:<\/b><b>Jonas Karlsson<\/b><\/div>\n                                                                <div class=\"item\"><b>MAIL:<\/b><b>jonas.karlsson@sodertalje.se <\/b><\/div>\n                                                        <\/div>\n                            <div class=\"partner-card\">\n                    <div class=\"logo-wrapper\">\n                        <img decoding=\"async\" src=\"https:\/\/nyforetagarcentrum.se\/sodertalje\/wp-content\/uploads\/sites\/77\/2024\/05\/Salem_RGB_SVART_1-e1526478610828.jpg\" alt=\"\">\n                    <\/div>\n                    \n                                            <div class=\"h4\"><b>Salems Kommun<\/b><\/div>\n                                                                                    <div class=\"item\"><b>Kontaktperson:<\/b><b>Rebecka Grunditz<\/b><\/div>\n                                                                <div class=\"item\"><b>MAIL:<\/b><b>rebecka.grunditz@salem.se <\/b><\/div>\n                                                        <\/div>\n                            <div class=\"partner-card\">\n                    <div class=\"logo-wrapper\">\n                        <img decoding=\"async\" src=\"https:\/\/nyforetagarcentrum.se\/sodertalje\/wp-content\/uploads\/sites\/77\/2024\/05\/handelsbanken.png\" alt=\"\">\n                    <\/div>\n                    \n                                            <div class=\"h4\"><b>Handelsbanken<\/b><\/div>\n                                                                                    <div class=\"item\"><b>Kontaktperson:<\/b><b>Richard Sk\u00f6llersten<\/b><\/div>\n                                                                <div class=\"item\"><b>MAIL:<\/b><b>richard.skollersten@handelsbanken.se  <\/b><\/div>\n                                                        <\/div>\n                            <div class=\"partner-card\">\n                    <div class=\"logo-wrapper\">\n                        <img decoding=\"async\" src=\"https:\/\/nyforetagarcentrum.se\/sodertalje\/wp-content\/uploads\/sites\/77\/2024\/05\/ekonomihuset-250x134-1.jpg\" alt=\"\">\n                    <\/div>\n                    \n                                            <div class=\"h4\"><b>Ekonomihuset<\/b><\/div>\n                                                                                    <div class=\"item\"><b>Kontaktperson:<\/b><b>Erja Himmerf\u00e4lt<\/b><\/div>\n                                                                <div class=\"item\"><b>MAIL:<\/b><b>erja@erjahimmerfalt.se <\/b><\/div>\n                                                        <\/div>\n                            <div class=\"partner-card\">\n                    <div class=\"logo-wrapper\">\n                        <img decoding=\"async\" src=\"https:\/\/nyforetagarcentrum.se\/sodertalje\/wp-content\/uploads\/sites\/77\/2024\/05\/telge-logo-2021-sv-rgb-scaled.jpg\" alt=\"\">\n                    <\/div>\n                    \n                                            <div class=\"h4\"><b>Telge <\/b><\/div>\n                                                                                                                    <\/div>\n                            <div class=\"partner-card\">\n                    <div class=\"logo-wrapper\">\n                        <img decoding=\"async\" src=\"https:\/\/nyforetagarcentrum.se\/sodertalje\/wp-content\/uploads\/sites\/77\/2024\/05\/Logo_ovaltaxingeslott-scaled.jpg\" alt=\"\">\n                    <\/div>\n                    \n                                            <div class=\"h4\"><b>Taxinge Slottscafe<\/b><\/div>\n                                                                                    <div class=\"item\"><b>Kontaktperson:<\/b><b>\u00c5sa Fimmerstad<\/b><\/div>\n                                                                <div class=\"item\"><b>MAIL:<\/b><b>asa@taxingeslott.se <\/b><\/div>\n                                                        <\/div>\n                            <div class=\"partner-card\">\n                    <div class=\"logo-wrapper\">\n                        <img decoding=\"async\" src=\"https:\/\/nyforetagarcentrum.se\/sodertalje\/wp-content\/uploads\/sites\/77\/2024\/05\/Nykvarn_logo_SV-1.png\" alt=\"\">\n                    <\/div>\n                    \n                                            <div class=\"h4\"><b>Nykvarns Kommun<\/b><\/div>\n                                                                                    <div class=\"item\"><b>Kontaktperson:<\/b><b>Isabell Kilstr\u00f6m<\/b><\/div>\n                                                                <div class=\"item\"><b>MAIL:<\/b><b>isabell.kilstrom@nykvarn.se <\/b><\/div>\n                                                        <\/div>\n                            <div class=\"partner-card\">\n                    <div class=\"logo-wrapper\">\n                        <img decoding=\"async\" src=\"https:\/\/nyforetagarcentrum.se\/sodertalje\/wp-content\/uploads\/sites\/77\/2024\/05\/almi_logo_svart_rgb.webp\" alt=\"\">\n                    <\/div>\n                    \n                                            <div class=\"h4\"><b>Almi<\/b><\/div>\n                                                                                    <div class=\"item\"><b>Kontaktperson:<\/b><b>Mikael Ramn\u00f6<\/b><\/div>\n                                                                <div class=\"item\"><b>MAIL:<\/b><b>mikael.ramno@almi.se <\/b><\/div>\n                                                        <\/div>\n                            <div class=\"partner-card\">\n                    <div class=\"logo-wrapper\">\n                        <img decoding=\"async\" src=\"https:\/\/nyforetagarcentrum.se\/sodertalje\/wp-content\/uploads\/sites\/77\/2024\/05\/16622_sharp_250x360.png\" alt=\"\">\n                    <\/div>\n                    \n                                            <div class=\"h4\"><b>Sharp<\/b><\/div>\n                                                                                                                    <\/div>\n                            <div class=\"partner-card\">\n                    <div class=\"logo-wrapper\">\n                        <img decoding=\"async\" src=\"https:\/\/nyforetagarcentrum.se\/sodertalje\/wp-content\/uploads\/sites\/77\/2024\/05\/foretagarna_logga_black_JPG-RGB-scaled.jpg\" alt=\"\">\n                    <\/div>\n                    \n                                            <div class=\"h4\"><b>F\u00f6retagarna S\u00f6dert\u00e4lje Nykvarn<\/b><\/div>\n                                                                                    <div class=\"item\"><b>Kontaktperson:<\/b><b>Karin Lindvall<\/b><\/div>\n                                                                <div class=\"item\"><b>MAIL:<\/b><b> sodertaljenykvarn@foretagarna.se <\/b><\/div>\n                                                        <\/div>\n                            <div class=\"partner-card\">\n                    <div class=\"logo-wrapper\">\n                        <img decoding=\"async\" src=\"https:\/\/nyforetagarcentrum.se\/sodertalje\/wp-content\/uploads\/sites\/77\/2024\/05\/nordea.png\" alt=\"\">\n                    <\/div>\n                    \n                                            <div class=\"h4\"><b>Nordea<\/b><\/div>\n                                                                                    <div class=\"item\"><b>Kontaktperson:<\/b><b>Jens Phil<\/b><\/div>\n                                                                <div class=\"item\"><b>MAIL:<\/b><b>jens.phil@nordea.se  <\/b><\/div>\n                                                        <\/div>\n                        <\/div>\n<\/section>\n\n\n<div style=\"height:80px\" aria-hidden=\"true\" class=\"wp-block-spacer\"><\/div>\n","protected":false},"excerpt":{"rendered":"","protected":false},"author":1,"featured_media":0,"parent":0,"menu_order":0,"comment_status":"closed","ping_status":"closed","template":"","meta":{"footnotes":""},"acf":[],"yoast_head":"<!-- This site is optimized with the Yoast SEO plugin v22.9 - https:\/\/yoast.com\/wordpress\/plugins\/seo\/ -->\n<title>V\u00e5ra samarbetspartners - S\u00f6dert\u00e4lje<\/title>\n<meta name=\"robots\" content=\"index, follow, max-snippet:-1, max-image-preview:large, max-video-preview:-1\" \/>\n<link rel=\"canonical\" href=\"https:\/\/nyforetagarcentrum.se\/sodertalje\/vara-samarbetspartners\/\" \/>\n<meta property=\"og:locale\" content=\"sv_SE\" \/>\n<meta property=\"og:type\" content=\"article\" \/>\n<meta property=\"og:title\" content=\"V\u00e5ra samarbetspartners - S\u00f6dert\u00e4lje\" \/>\n<meta property=\"og:url\" content=\"https:\/\/nyforetagarcentrum.se\/sodertalje\/vara-samarbetspartners\/\" \/>\n<meta property=\"og:site_name\" content=\"S\u00f6dert\u00e4lje\" \/>\n<meta property=\"article:modified_time\" content=\"2026-04-21T08:19:37+00:00\" \/>\n<meta name=\"twitter:card\" content=\"summary_large_image\" \/>\n<script type=\"application\/ld+json\" class=\"yoast-schema-graph\">{\"@context\":\"https:\/\/schema.org\",\"@graph\":[{\"@type\":\"WebPage\",\"@id\":\"https:\/\/nyforetagarcentrum.se\/sodertalje\/vara-samarbetspartners\/\",\"url\":\"https:\/\/nyforetagarcentrum.se\/sodertalje\/vara-samarbetspartners\/\",\"name\":\"V\u00e5ra samarbetspartners - S\u00f6dert\u00e4lje\",\"isPartOf\":{\"@id\":\"https:\/\/nyforetagarcentrum.se\/sodertalje\/#website\"},\"datePublished\":\"2024-02-22T09:24:51+00:00\",\"dateModified\":\"2026-04-21T08:19:37+00:00\",\"breadcrumb\":{\"@id\":\"https:\/\/nyforetagarcentrum.se\/sodertalje\/vara-samarbetspartners\/#breadcrumb\"},\"inLanguage\":\"sv-SE\",\"potentialAction\":[{\"@type\":\"ReadAction\",\"target\":[\"https:\/\/nyforetagarcentrum.se\/sodertalje\/vara-samarbetspartners\/\"]}]},{\"@type\":\"BreadcrumbList\",\"@id\":\"https:\/\/nyforetagarcentrum.se\/sodertalje\/vara-samarbetspartners\/#breadcrumb\",\"itemListElement\":[{\"@type\":\"ListItem\",\"position\":1,\"name\":\"Hem\",\"item\":\"https:\/\/nyforetagarcentrum.se\/sodertalje\/\"},{\"@type\":\"ListItem\",\"position\":2,\"name\":\"V\u00e5ra samarbetspartners\"}]},{\"@type\":\"WebSite\",\"@id\":\"https:\/\/nyforetagarcentrum.se\/sodertalje\/#website\",\"url\":\"https:\/\/nyforetagarcentrum.se\/sodertalje\/\",\"name\":\"S\u00f6dert\u00e4lje\",\"description\":\"Sveriges ledande kraft f\u00f6r fler nya livskraftiga f\u00f6retag\",\"publisher\":{\"@id\":\"https:\/\/nyforetagarcentrum.se\/sodertalje\/#organization\"},\"potentialAction\":[{\"@type\":\"SearchAction\",\"target\":{\"@type\":\"EntryPoint\",\"urlTemplate\":\"https:\/\/nyforetagarcentrum.se\/sodertalje\/?s={search_term_string}\"},\"query-input\":\"required name=search_term_string\"}],\"inLanguage\":\"sv-SE\"},{\"@type\":\"Organization\",\"@id\":\"https:\/\/nyforetagarcentrum.se\/sodertalje\/#organization\",\"name\":\"S\u00f6dert\u00e4lje\",\"url\":\"https:\/\/nyforetagarcentrum.se\/sodertalje\/\",\"logo\":{\"@type\":\"ImageObject\",\"inLanguage\":\"sv-SE\",\"@id\":\"https:\/\/nyforetagarcentrum.se\/sodertalje\/#\/schema\/logo\/image\/\",\"url\":\"https:\/\/nyforetagarcentrum.se\/sodertalje\/wp-content\/uploads\/sites\/77\/2024\/07\/sodertalje_bla-1.png\",\"contentUrl\":\"https:\/\/nyforetagarcentrum.se\/sodertalje\/wp-content\/uploads\/sites\/77\/2024\/07\/sodertalje_bla-1.png\",\"width\":870,\"height\":421,\"caption\":\"S\u00f6dert\u00e4lje\"},\"image\":{\"@id\":\"https:\/\/nyforetagarcentrum.se\/sodertalje\/#\/schema\/logo\/image\/\"}}]}<\/script>\n<!-- \/ Yoast SEO plugin. -->","yoast_head_json":{"title":"V\u00e5ra samarbetspartners - S\u00f6dert\u00e4lje","robots":{"index":"index","follow":"follow","max-snippet":"max-snippet:-1","max-image-preview":"max-image-preview:large","max-video-preview":"max-video-preview:-1"},"canonical":"https:\/\/nyforetagarcentrum.se\/sodertalje\/vara-samarbetspartners\/","og_locale":"sv_SE","og_type":"article","og_title":"V\u00e5ra samarbetspartners - S\u00f6dert\u00e4lje","og_url":"https:\/\/nyforetagarcentrum.se\/sodertalje\/vara-samarbetspartners\/","og_site_name":"S\u00f6dert\u00e4lje","article_modified_time":"2026-04-21T08:19:37+00:00","twitter_card":"summary_large_image","schema":{"@context":"https:\/\/schema.org","@graph":[{"@type":"WebPage","@id":"https:\/\/nyforetagarcentrum.se\/sodertalje\/vara-samarbetspartners\/","url":"https:\/\/nyforetagarcentrum.se\/sodertalje\/vara-samarbetspartners\/","name":"V\u00e5ra samarbetspartners - S\u00f6dert\u00e4lje","isPartOf":{"@id":"https:\/\/nyforetagarcentrum.se\/sodertalje\/#website"},"datePublished":"2024-02-22T09:24:51+00:00","dateModified":"2026-04-21T08:19:37+00:00","breadcrumb":{"@id":"https:\/\/nyforetagarcentrum.se\/sodertalje\/vara-samarbetspartners\/#breadcrumb"},"inLanguage":"sv-SE","potentialAction":[{"@type":"ReadAction","target":["https:\/\/nyforetagarcentrum.se\/sodertalje\/vara-samarbetspartners\/"]}]},{"@type":"BreadcrumbList","@id":"https:\/\/nyforetagarcentrum.se\/sodertalje\/vara-samarbetspartners\/#breadcrumb","itemListElement":[{"@type":"ListItem","position":1,"name":"Hem","item":"https:\/\/nyforetagarcentrum.se\/sodertalje\/"},{"@type":"ListItem","position":2,"name":"V\u00e5ra samarbetspartners"}]},{"@type":"WebSite","@id":"https:\/\/nyforetagarcentrum.se\/sodertalje\/#website","url":"https:\/\/nyforetagarcentrum.se\/sodertalje\/","name":"S\u00f6dert\u00e4lje","description":"Sveriges ledande kraft f\u00f6r fler nya livskraftiga f\u00f6retag","publisher":{"@id":"https:\/\/nyforetagarcentrum.se\/sodertalje\/#organization"},"potentialAction":[{"@type":"SearchAction","target":{"@type":"EntryPoint","urlTemplate":"https:\/\/nyforetagarcentrum.se\/sodertalje\/?s={search_term_string}"},"query-input":"required name=search_term_string"}],"inLanguage":"sv-SE"},{"@type":"Organization","@id":"https:\/\/nyforetagarcentrum.se\/sodertalje\/#organization","name":"S\u00f6dert\u00e4lje","url":"https:\/\/nyforetagarcentrum.se\/sodertalje\/","logo":{"@type":"ImageObject","inLanguage":"sv-SE","@id":"https:\/\/nyforetagarcentrum.se\/sodertalje\/#\/schema\/logo\/image\/","url":"https:\/\/nyforetagarcentrum.se\/sodertalje\/wp-content\/uploads\/sites\/77\/2024\/07\/sodertalje_bla-1.png","contentUrl":"https:\/\/nyforetagarcentrum.se\/sodertalje\/wp-content\/uploads\/sites\/77\/2024\/07\/sodertalje_bla-1.png","width":870,"height":421,"caption":"S\u00f6dert\u00e4lje"},"image":{"@id":"https:\/\/nyforetagarcentrum.se\/sodertalje\/#\/schema\/logo\/image\/"}}]}},"_links":{"self":[{"href":"https:\/\/nyforetagarcentrum.se\/sodertalje\/wp-json\/wp\/v2\/pages\/41"}],"collection":[{"href":"https:\/\/nyforetagarcentrum.se\/sodertalje\/wp-json\/wp\/v2\/pages"}],"about":[{"href":"https:\/\/nyforetagarcentrum.se\/sodertalje\/wp-json\/wp\/v2\/types\/page"}],"author":[{"embeddable":true,"href":"https:\/\/nyforetagarcentrum.se\/sodertalje\/wp-json\/wp\/v2\/users\/1"}],"replies":[{"embeddable":true,"href":"https:\/\/nyforetagarcentrum.se\/sodertalje\/wp-json\/wp\/v2\/comments?post=41"}],"version-history":[{"count":29,"href":"https:\/\/nyforetagarcentrum.se\/sodertalje\/wp-json\/wp\/v2\/pages\/41\/revisions"}],"predecessor-version":[{"id":685,"href":"https:\/\/nyforetagarcentrum.se\/sodertalje\/wp-json\/wp\/v2\/pages\/41\/revisions\/685"}],"wp:attachment":[{"href":"https:\/\/nyforetagarcentrum.se\/sodertalje\/wp-json\/wp\/v2\/media?parent=41"}],"curies":[{"name":"wp","href":"https:\/\/api.w.org\/{rel}","templated":true}]}}