{"id":239,"date":"2024-02-29T13:59:39","date_gmt":"2024-02-29T12:59:39","guid":{"rendered":"https:\/\/nyforetagarcentrum.se\/sodertalje\/?page_id=239"},"modified":"2025-04-10T12:49:38","modified_gmt":"2025-04-10T10:49:38","slug":"vara-radgivare","status":"publish","type":"page","link":"https:\/\/nyforetagarcentrum.se\/sodertalje\/vara-radgivare\/","title":{"rendered":"V\u00e5ra r\u00e5dgivare"},"content":{"rendered":"<section  class=\"nfc-block-hero alignfull\">\n\n    <img loading=\"lazy\" decoding=\"async\" width=\"1476\" height=\"984\" src=\"https:\/\/nyforetagarcentrum.se\/sodertalje\/wp-content\/uploads\/sites\/77\/2024\/02\/Nyforetagare-ung-LOW.jpg\" class=\"attachment-landscape size-landscape\" alt=\"\" srcset=\"https:\/\/nyforetagarcentrum.se\/sodertalje\/wp-content\/uploads\/sites\/77\/2024\/02\/Nyforetagare-ung-LOW.jpg 1476w, https:\/\/nyforetagarcentrum.se\/sodertalje\/wp-content\/uploads\/sites\/77\/2024\/02\/Nyforetagare-ung-LOW-300x200.jpg 300w, https:\/\/nyforetagarcentrum.se\/sodertalje\/wp-content\/uploads\/sites\/77\/2024\/02\/Nyforetagare-ung-LOW-1024x683.jpg 1024w, https:\/\/nyforetagarcentrum.se\/sodertalje\/wp-content\/uploads\/sites\/77\/2024\/02\/Nyforetagare-ung-LOW-768x512.jpg 768w\" sizes=\"(max-width: 1476px) 100vw, 1476px\" \/>\n    <div class=\"contained\">\n        <h1 class=\"nfc-block-hero__heading\">V\u00e5ra r\u00e5dgivare<\/h1>\n\n            <\/div>\n<\/section>\n\n\n<div style=\"height:49px\" aria-hidden=\"true\" class=\"wp-block-spacer\"><\/div>\n\n\n<section  class=\"nfc-block-breadcrumbs\">\n    <div class=\"wrapper contained\">\n        <ol class=\"breadcrumbs\" itemscope itemtype=\"https:\/\/schema.org\/BreadcrumbList\">\n            <li itemprop=\"itemListElement\" itemscope itemtype=\"https:\/\/schema.org\/ListItem\">\n            \n\n                            <span class=\"current\" itemprop=\"name\">Hem<\/span>\n            \n            <meta itemprop=\"position\" content=\"1\" \/>\n        <\/li>\n    <\/ol>    <\/div>\n<\/section>\n\n\n<div style=\"height:100px\" aria-hidden=\"true\" class=\"wp-block-spacer\"><\/div>\n\n\n<section  class=\"nfc-block-person_grid alignwide layout-featured\">\n    <div class=\"contained\">\n        <div class=\"grid\">\n            <div class=\"person-featured-card\">\n    \n    <div class=\"featured_image\">\n                    <img loading=\"lazy\" decoding=\"async\" width=\"768\" height=\"1024\" src=\"https:\/\/nyforetagarcentrum.se\/sodertalje\/wp-content\/uploads\/sites\/77\/2024\/05\/Bild_Lena-768x1024.jpg\" class=\"attachment-large size-large\" alt=\"\" srcset=\"https:\/\/nyforetagarcentrum.se\/sodertalje\/wp-content\/uploads\/sites\/77\/2024\/05\/Bild_Lena-768x1024.jpg 768w, https:\/\/nyforetagarcentrum.se\/sodertalje\/wp-content\/uploads\/sites\/77\/2024\/05\/Bild_Lena-225x300.jpg 225w, https:\/\/nyforetagarcentrum.se\/sodertalje\/wp-content\/uploads\/sites\/77\/2024\/05\/Bild_Lena-1152x1536.jpg 1152w, https:\/\/nyforetagarcentrum.se\/sodertalje\/wp-content\/uploads\/sites\/77\/2024\/05\/Bild_Lena-1536x2048.jpg 1536w, https:\/\/nyforetagarcentrum.se\/sodertalje\/wp-content\/uploads\/sites\/77\/2024\/05\/Bild_Lena-810x1080.jpg 810w, https:\/\/nyforetagarcentrum.se\/sodertalje\/wp-content\/uploads\/sites\/77\/2024\/05\/Bild_Lena-scaled.jpg 1920w\" sizes=\"(max-width: 768px) 100vw, 768px\" \/>            <\/div>\n\n    <div class=\"content-wrapper\">\n        <h3>Lena Schulte, verksamhetsledare<\/h3>\n\n        \n                    <div class=\"excerpt\">\n                Driver eget f\u00f6retag sedan 1997 inom reklam, s\u00e4lj och marknadsf\u00f6ring. Har arbetat inom kommersiell radio, stadsk\u00e4rneutveckling, anordnat festivaler, konserter samt \u00e4r mycket samh\u00e4llsengagerad b\u00e5de inom idrott och politik. Har ett stort kontaktn\u00e4t i n\u00e4ringslivet.                <br\/>\n                            <\/div>\n        \n                    <a href=\"https:\/\/jobsdata-nyforetagarcentrum.se\/ExternBooking?OfficeId=3456edb6-5696-e811-80d7-0050568571f4&#038;_gl=1*12jwmv8*_ga*MTEwMzcxNDIwNC4xNzQxNjk1OTY4*_ga_9RRJJK0Y4R*MTc0NDI2OTExMS4xOS4xLjE3NDQyODIxMTEuNjAuMC4w\" class=\"booking-button button outlined\">Boka r\u00e5dgivning<\/a>\n            <\/div>\n<\/div><div class=\"person-featured-card\">\n    \n    <div class=\"featured_image\">\n                    <img loading=\"lazy\" decoding=\"async\" width=\"1024\" height=\"670\" src=\"https:\/\/nyforetagarcentrum.se\/sodertalje\/wp-content\/uploads\/sites\/77\/2024\/04\/annaNielhusen-1024x670.jpg\" class=\"attachment-large size-large\" alt=\"\" srcset=\"https:\/\/nyforetagarcentrum.se\/sodertalje\/wp-content\/uploads\/sites\/77\/2024\/04\/annaNielhusen-1024x670.jpg 1024w, https:\/\/nyforetagarcentrum.se\/sodertalje\/wp-content\/uploads\/sites\/77\/2024\/04\/annaNielhusen-300x196.jpg 300w, https:\/\/nyforetagarcentrum.se\/sodertalje\/wp-content\/uploads\/sites\/77\/2024\/04\/annaNielhusen-768x502.jpg 768w, https:\/\/nyforetagarcentrum.se\/sodertalje\/wp-content\/uploads\/sites\/77\/2024\/04\/annaNielhusen-1536x1004.jpg 1536w, https:\/\/nyforetagarcentrum.se\/sodertalje\/wp-content\/uploads\/sites\/77\/2024\/04\/annaNielhusen-2048x1339.jpg 2048w, https:\/\/nyforetagarcentrum.se\/sodertalje\/wp-content\/uploads\/sites\/77\/2024\/04\/annaNielhusen-1652x1080.jpg 1652w\" sizes=\"(max-width: 1024px) 100vw, 1024px\" \/>            <\/div>\n\n    <div class=\"content-wrapper\">\n        <h3>Anna Nienh\u00fcysen<\/h3>\n\n        \n                    <div class=\"excerpt\">\n                Driver det egna f\u00f6retaget Harmonisk Hund i R\u00f6nninge. Har arbetat mycket inom rekrytering och bemanning i det privata n\u00e4ringslivet och med n\u00e4ringslivsfr\u00e5gor i den offentliga sektorn. Har ett stort kontaktn\u00e4t inom m\u00e5nga olika branscher.<br \/>\r\n                <br\/>\n                            <\/div>\n        \n                    <a href=\"https:\/\/jobsdata-nyforetagarcentrum.se\/ExternBooking?OfficeId=3456edb6-5696-e811-80d7-0050568571f4&#038;_gl=1*12jwmv8*_ga*MTEwMzcxNDIwNC4xNzQxNjk1OTY4*_ga_9RRJJK0Y4R*MTc0NDI2OTExMS4xOS4xLjE3NDQyODIxMTEuNjAuMC4w\" class=\"booking-button button outlined\">Boka r\u00e5dgivning<\/a>\n            <\/div>\n<\/div><div class=\"person-featured-card\">\n    \n    <div class=\"featured_image\">\n                    <img loading=\"lazy\" decoding=\"async\" width=\"960\" height=\"955\" src=\"https:\/\/nyforetagarcentrum.se\/sodertalje\/wp-content\/uploads\/sites\/77\/2024\/02\/Mafuz-1.jpg\" class=\"attachment-large size-large\" alt=\"\" srcset=\"https:\/\/nyforetagarcentrum.se\/sodertalje\/wp-content\/uploads\/sites\/77\/2024\/02\/Mafuz-1.jpg 960w, https:\/\/nyforetagarcentrum.se\/sodertalje\/wp-content\/uploads\/sites\/77\/2024\/02\/Mafuz-1-300x298.jpg 300w, https:\/\/nyforetagarcentrum.se\/sodertalje\/wp-content\/uploads\/sites\/77\/2024\/02\/Mafuz-1-150x150.jpg 150w, https:\/\/nyforetagarcentrum.se\/sodertalje\/wp-content\/uploads\/sites\/77\/2024\/02\/Mafuz-1-768x764.jpg 768w\" sizes=\"(max-width: 960px) 100vw, 960px\" \/>            <\/div>\n\n    <div class=\"content-wrapper\">\n        <h3>Mahfouz Habrawi<\/h3>\n\n        \n                    <div class=\"excerpt\">\n                Mahfouz Habrawi \u00e4r en erfaren e-handelsentrepren\u00f6r med en stark IT-bakgrund och en passion f\u00f6r digital marknadsf\u00f6ring. I \u00f6ver tre \u00e5r har han framg\u00e5ngsrikt hj\u00e4lpt utlandsf\u00f6dda att f\u00f6rverkliga sina f\u00f6retagsdr\u00f6mmar i Sverige, fr\u00e5n den f\u00f6rsta aff\u00e4rsid\u00e9n till faktisk registrering av f\u00f6retaget. R\u00e5dgivning ges p\u00e5 svenska, engelska och arabiska.<br \/>\r\n                <br\/>\n                            <\/div>\n        \n                    <a href=\"https:\/\/jobsdata-nyforetagarcentrum.se\/ExternBooking?OfficeId=3456edb6-5696-e811-80d7-0050568571f4&#038;_gl=1*12jwmv8*_ga*MTEwMzcxNDIwNC4xNzQxNjk1OTY4*_ga_9RRJJK0Y4R*MTc0NDI2OTExMS4xOS4xLjE3NDQyODIxMTEuNjAuMC4w\" class=\"booking-button button outlined\">Boka r\u00e5dgivning<\/a>\n            <\/div>\n<\/div>        <\/div>\n    <\/div>\n<\/section>\n\n\n<div style=\"height:100px\" aria-hidden=\"true\" class=\"wp-block-spacer\"><\/div>\n","protected":false},"excerpt":{"rendered":"","protected":false},"author":1,"featured_media":0,"parent":0,"menu_order":0,"comment_status":"closed","ping_status":"closed","template":"","meta":{"footnotes":""},"acf":[],"yoast_head":"<!-- This site is optimized with the Yoast SEO plugin v22.9 - https:\/\/yoast.com\/wordpress\/plugins\/seo\/ -->\n<title>V\u00e5ra r\u00e5dgivare - S\u00f6dert\u00e4lje<\/title>\n<meta name=\"robots\" content=\"index, follow, max-snippet:-1, max-image-preview:large, max-video-preview:-1\" \/>\n<link rel=\"canonical\" href=\"https:\/\/nyforetagarcentrum.se\/sodertalje\/vara-radgivare\/\" \/>\n<meta property=\"og:locale\" content=\"sv_SE\" \/>\n<meta property=\"og:type\" content=\"article\" \/>\n<meta property=\"og:title\" content=\"V\u00e5ra r\u00e5dgivare - S\u00f6dert\u00e4lje\" \/>\n<meta property=\"og:url\" content=\"https:\/\/nyforetagarcentrum.se\/sodertalje\/vara-radgivare\/\" \/>\n<meta property=\"og:site_name\" content=\"S\u00f6dert\u00e4lje\" \/>\n<meta property=\"article:modified_time\" content=\"2025-04-10T10:49:38+00:00\" \/>\n<meta name=\"twitter:card\" content=\"summary_large_image\" \/>\n<script type=\"application\/ld+json\" class=\"yoast-schema-graph\">{\"@context\":\"https:\/\/schema.org\",\"@graph\":[{\"@type\":\"WebPage\",\"@id\":\"https:\/\/nyforetagarcentrum.se\/sodertalje\/vara-radgivare\/\",\"url\":\"https:\/\/nyforetagarcentrum.se\/sodertalje\/vara-radgivare\/\",\"name\":\"V\u00e5ra r\u00e5dgivare - S\u00f6dert\u00e4lje\",\"isPartOf\":{\"@id\":\"https:\/\/nyforetagarcentrum.se\/sodertalje\/#website\"},\"datePublished\":\"2024-02-29T12:59:39+00:00\",\"dateModified\":\"2025-04-10T10:49:38+00:00\",\"breadcrumb\":{\"@id\":\"https:\/\/nyforetagarcentrum.se\/sodertalje\/vara-radgivare\/#breadcrumb\"},\"inLanguage\":\"sv-SE\",\"potentialAction\":[{\"@type\":\"ReadAction\",\"target\":[\"https:\/\/nyforetagarcentrum.se\/sodertalje\/vara-radgivare\/\"]}]},{\"@type\":\"BreadcrumbList\",\"@id\":\"https:\/\/nyforetagarcentrum.se\/sodertalje\/vara-radgivare\/#breadcrumb\",\"itemListElement\":[{\"@type\":\"ListItem\",\"position\":1,\"name\":\"Hem\",\"item\":\"https:\/\/nyforetagarcentrum.se\/sodertalje\/\"},{\"@type\":\"ListItem\",\"position\":2,\"name\":\"V\u00e5ra r\u00e5dgivare\"}]},{\"@type\":\"WebSite\",\"@id\":\"https:\/\/nyforetagarcentrum.se\/sodertalje\/#website\",\"url\":\"https:\/\/nyforetagarcentrum.se\/sodertalje\/\",\"name\":\"S\u00f6dert\u00e4lje\",\"description\":\"Sveriges ledande kraft f\u00f6r fler nya livskraftiga f\u00f6retag\",\"publisher\":{\"@id\":\"https:\/\/nyforetagarcentrum.se\/sodertalje\/#organization\"},\"potentialAction\":[{\"@type\":\"SearchAction\",\"target\":{\"@type\":\"EntryPoint\",\"urlTemplate\":\"https:\/\/nyforetagarcentrum.se\/sodertalje\/?s={search_term_string}\"},\"query-input\":\"required name=search_term_string\"}],\"inLanguage\":\"sv-SE\"},{\"@type\":\"Organization\",\"@id\":\"https:\/\/nyforetagarcentrum.se\/sodertalje\/#organization\",\"name\":\"S\u00f6dert\u00e4lje\",\"url\":\"https:\/\/nyforetagarcentrum.se\/sodertalje\/\",\"logo\":{\"@type\":\"ImageObject\",\"inLanguage\":\"sv-SE\",\"@id\":\"https:\/\/nyforetagarcentrum.se\/sodertalje\/#\/schema\/logo\/image\/\",\"url\":\"https:\/\/nyforetagarcentrum.se\/sodertalje\/wp-content\/uploads\/sites\/77\/2024\/04\/sodertalje_nykvarn.png\",\"contentUrl\":\"https:\/\/nyforetagarcentrum.se\/sodertalje\/wp-content\/uploads\/sites\/77\/2024\/04\/sodertalje_nykvarn.png\",\"width\":1082,\"height\":542,\"caption\":\"S\u00f6dert\u00e4lje\"},\"image\":{\"@id\":\"https:\/\/nyforetagarcentrum.se\/sodertalje\/#\/schema\/logo\/image\/\"}}]}<\/script>\n<!-- \/ Yoast SEO plugin. -->","yoast_head_json":{"title":"V\u00e5ra r\u00e5dgivare - S\u00f6dert\u00e4lje","robots":{"index":"index","follow":"follow","max-snippet":"max-snippet:-1","max-image-preview":"max-image-preview:large","max-video-preview":"max-video-preview:-1"},"canonical":"https:\/\/nyforetagarcentrum.se\/sodertalje\/vara-radgivare\/","og_locale":"sv_SE","og_type":"article","og_title":"V\u00e5ra r\u00e5dgivare - S\u00f6dert\u00e4lje","og_url":"https:\/\/nyforetagarcentrum.se\/sodertalje\/vara-radgivare\/","og_site_name":"S\u00f6dert\u00e4lje","article_modified_time":"2025-04-10T10:49:38+00:00","twitter_card":"summary_large_image","schema":{"@context":"https:\/\/schema.org","@graph":[{"@type":"WebPage","@id":"https:\/\/nyforetagarcentrum.se\/sodertalje\/vara-radgivare\/","url":"https:\/\/nyforetagarcentrum.se\/sodertalje\/vara-radgivare\/","name":"V\u00e5ra r\u00e5dgivare - S\u00f6dert\u00e4lje","isPartOf":{"@id":"https:\/\/nyforetagarcentrum.se\/sodertalje\/#website"},"datePublished":"2024-02-29T12:59:39+00:00","dateModified":"2025-04-10T10:49:38+00:00","breadcrumb":{"@id":"https:\/\/nyforetagarcentrum.se\/sodertalje\/vara-radgivare\/#breadcrumb"},"inLanguage":"sv-SE","potentialAction":[{"@type":"ReadAction","target":["https:\/\/nyforetagarcentrum.se\/sodertalje\/vara-radgivare\/"]}]},{"@type":"BreadcrumbList","@id":"https:\/\/nyforetagarcentrum.se\/sodertalje\/vara-radgivare\/#breadcrumb","itemListElement":[{"@type":"ListItem","position":1,"name":"Hem","item":"https:\/\/nyforetagarcentrum.se\/sodertalje\/"},{"@type":"ListItem","position":2,"name":"V\u00e5ra r\u00e5dgivare"}]},{"@type":"WebSite","@id":"https:\/\/nyforetagarcentrum.se\/sodertalje\/#website","url":"https:\/\/nyforetagarcentrum.se\/sodertalje\/","name":"S\u00f6dert\u00e4lje","description":"Sveriges ledande kraft f\u00f6r fler nya livskraftiga f\u00f6retag","publisher":{"@id":"https:\/\/nyforetagarcentrum.se\/sodertalje\/#organization"},"potentialAction":[{"@type":"SearchAction","target":{"@type":"EntryPoint","urlTemplate":"https:\/\/nyforetagarcentrum.se\/sodertalje\/?s={search_term_string}"},"query-input":"required name=search_term_string"}],"inLanguage":"sv-SE"},{"@type":"Organization","@id":"https:\/\/nyforetagarcentrum.se\/sodertalje\/#organization","name":"S\u00f6dert\u00e4lje","url":"https:\/\/nyforetagarcentrum.se\/sodertalje\/","logo":{"@type":"ImageObject","inLanguage":"sv-SE","@id":"https:\/\/nyforetagarcentrum.se\/sodertalje\/#\/schema\/logo\/image\/","url":"https:\/\/nyforetagarcentrum.se\/sodertalje\/wp-content\/uploads\/sites\/77\/2024\/04\/sodertalje_nykvarn.png","contentUrl":"https:\/\/nyforetagarcentrum.se\/sodertalje\/wp-content\/uploads\/sites\/77\/2024\/04\/sodertalje_nykvarn.png","width":1082,"height":542,"caption":"S\u00f6dert\u00e4lje"},"image":{"@id":"https:\/\/nyforetagarcentrum.se\/sodertalje\/#\/schema\/logo\/image\/"}}]}},"_links":{"self":[{"href":"https:\/\/nyforetagarcentrum.se\/sodertalje\/wp-json\/wp\/v2\/pages\/239"}],"collection":[{"href":"https:\/\/nyforetagarcentrum.se\/sodertalje\/wp-json\/wp\/v2\/pages"}],"about":[{"href":"https:\/\/nyforetagarcentrum.se\/sodertalje\/wp-json\/wp\/v2\/types\/page"}],"author":[{"embeddable":true,"href":"https:\/\/nyforetagarcentrum.se\/sodertalje\/wp-json\/wp\/v2\/users\/1"}],"replies":[{"embeddable":true,"href":"https:\/\/nyforetagarcentrum.se\/sodertalje\/wp-json\/wp\/v2\/comments?post=239"}],"version-history":[{"count":5,"href":"https:\/\/nyforetagarcentrum.se\/sodertalje\/wp-json\/wp\/v2\/pages\/239\/revisions"}],"predecessor-version":[{"id":642,"href":"https:\/\/nyforetagarcentrum.se\/sodertalje\/wp-json\/wp\/v2\/pages\/239\/revisions\/642"}],"wp:attachment":[{"href":"https:\/\/nyforetagarcentrum.se\/sodertalje\/wp-json\/wp\/v2\/media?parent=239"}],"curies":[{"name":"wp","href":"https:\/\/api.w.org\/{rel}","templated":true}]}}