{"id":164,"date":"2024-02-27T16:05:17","date_gmt":"2024-02-27T15:05:17","guid":{"rendered":"https:\/\/nyforetagarcentrum.se\/sodertalje\/?page_id=164"},"modified":"2024-10-24T10:44:25","modified_gmt":"2024-10-24T08:44:25","slug":"var-styrelse","status":"publish","type":"page","link":"https:\/\/nyforetagarcentrum.se\/sodertalje\/var-styrelse\/","title":{"rendered":"V\u00e5r styrelse"},"content":{"rendered":"<section  class=\"nfc-block-hero alignfull\">\n\n    <img loading=\"lazy\" decoding=\"async\" width=\"1476\" height=\"984\" src=\"https:\/\/nyforetagarcentrum.se\/sodertalje\/wp-content\/uploads\/sites\/77\/2024\/02\/Nyforetagare-kultur-LOW.jpg\" class=\"attachment-landscape size-landscape\" alt=\"\" srcset=\"https:\/\/nyforetagarcentrum.se\/sodertalje\/wp-content\/uploads\/sites\/77\/2024\/02\/Nyforetagare-kultur-LOW.jpg 1476w, https:\/\/nyforetagarcentrum.se\/sodertalje\/wp-content\/uploads\/sites\/77\/2024\/02\/Nyforetagare-kultur-LOW-300x200.jpg 300w, https:\/\/nyforetagarcentrum.se\/sodertalje\/wp-content\/uploads\/sites\/77\/2024\/02\/Nyforetagare-kultur-LOW-1024x683.jpg 1024w, https:\/\/nyforetagarcentrum.se\/sodertalje\/wp-content\/uploads\/sites\/77\/2024\/02\/Nyforetagare-kultur-LOW-768x512.jpg 768w\" sizes=\"(max-width: 1476px) 100vw, 1476px\" \/>\n    <div class=\"contained\">\n        <h1 class=\"nfc-block-hero__heading\">V\u00e5r styrelse<\/h1>\n\n            <\/div>\n<\/section>\n\n\n<div style=\"height:50px\" aria-hidden=\"true\" class=\"wp-block-spacer\"><\/div>\n\n\n<section  class=\"nfc-block-breadcrumbs alignwide\">\n    <div class=\"wrapper contained\">\n        <ol class=\"breadcrumbs\" itemscope itemtype=\"https:\/\/schema.org\/BreadcrumbList\">\n            <li itemprop=\"itemListElement\" itemscope itemtype=\"https:\/\/schema.org\/ListItem\">\n            \n\n                            <span class=\"current\" itemprop=\"name\">Hem<\/span>\n            \n            <meta itemprop=\"position\" content=\"1\" \/>\n        <\/li>\n    <\/ol>    <\/div>\n<\/section>\n\n<section  class=\"nfc-block-person_grid alignwide layout-large\">\n    <div class=\"contained\">\n        <div class=\"grid\">\n            <div class=\"person-large-card\">\n    \n    <div class=\"featured_image\">\n                    <img loading=\"lazy\" decoding=\"async\" width=\"731\" height=\"1000\" src=\"https:\/\/nyforetagarcentrum.se\/sodertalje\/wp-content\/uploads\/sites\/77\/2024\/05\/Maria.jpg\" class=\"attachment-large size-large\" alt=\"\" srcset=\"https:\/\/nyforetagarcentrum.se\/sodertalje\/wp-content\/uploads\/sites\/77\/2024\/05\/Maria.jpg 731w, https:\/\/nyforetagarcentrum.se\/sodertalje\/wp-content\/uploads\/sites\/77\/2024\/05\/Maria-219x300.jpg 219w\" sizes=\"(max-width: 731px) 100vw, 731px\" \/>            <\/div>\n\n    <div class=\"content-wrapper\">\n        <h3>Maria Frithz Warg<\/h3>\n\n                    <div class=\"excerpt\">\n                S\u00f6dert\u00e4lje Kommun<br \/>\r\nKommunalr\u00e5d och ordf\u00f6rande i S\u00f6dert\u00e4lje kommuns arbets- och n\u00e4ringslivsn\u00e4mnd<br \/>\r\n<br \/>\r\n            <\/div>\n        \n        <div class=\"links\">\n\n            \n                            <a href=\"mailto:Maria.frithzwarg@sodertalje.se\">\n                    Maria.frithzwarg@sodertalje.se                <\/a>\n                    <\/div>\n        \n    <\/div>\n<\/div><div class=\"person-large-card\">\n    \n    <div class=\"featured_image\">\n                    <img loading=\"lazy\" decoding=\"async\" width=\"753\" height=\"1000\" src=\"https:\/\/nyforetagarcentrum.se\/sodertalje\/wp-content\/uploads\/sites\/77\/2024\/05\/Tag-G.jpg\" class=\"attachment-large size-large\" alt=\"\" srcset=\"https:\/\/nyforetagarcentrum.se\/sodertalje\/wp-content\/uploads\/sites\/77\/2024\/05\/Tag-G.jpg 753w, https:\/\/nyforetagarcentrum.se\/sodertalje\/wp-content\/uploads\/sites\/77\/2024\/05\/Tag-G-226x300.jpg 226w\" sizes=\"(max-width: 753px) 100vw, 753px\" \/>            <\/div>\n\n    <div class=\"content-wrapper\">\n        <h3>Tage Gripenstam<\/h3>\n\n                    <div class=\"excerpt\">\n                Privat<br \/>\r\nNyf\u00f6retagarcentrum \u00e4r en bra organisation och st\u00f6d f\u00f6r de som vill starta eget eller pr\u00f6va om de \u00e4r redo f\u00f6r att f\u00f6rverkliga sin ide. Att satsa p\u00e5 nya f\u00f6retag \u00e4r l\u00e5ngsiktigt viktigt och d\u00e4rf\u00f6r g\u00f6r Nyf\u00f6retagarcentrum ett bra jobb som jag g\u00e4rna \u00e4r med och st\u00f6tta. Tll vardags \u00e4r jag politiskt aktiv f\u00f6r Centerpartiet i S\u00f6dert\u00e4lje kommun.<br \/>\r\n<br \/>\r\n <br \/>\r\n<br \/>\r\n             <\/div>\n        \n        <div class=\"links\">\n\n            \n                            <a href=\"mailto:tage.gripenstam@sodertalje.se\">\n                    tage.gripenstam@sodertalje.se                <\/a>\n                    <\/div>\n        \n    <\/div>\n<\/div><div class=\"person-large-card\">\n    \n    <div class=\"featured_image\">\n            <\/div>\n\n    <div class=\"content-wrapper\">\n        <h3>Lena Ramdani<\/h3>\n\n                    <div class=\"excerpt\">\n                Nykvarns Kommun<br \/>\r\nVerksamhetscontroller p\u00e5 kontoret Leva och verka, Nykvarns kommun.            <\/div>\n        \n        <div class=\"links\">\n\n            \n                            <a href=\"mailto:lena.ramdani@nykvarn.se\">\n                    lena.ramdani@nykvarn.se                <\/a>\n                    <\/div>\n        \n    <\/div>\n<\/div><div class=\"person-large-card\">\n    \n    <div class=\"featured_image\">\n                    <img loading=\"lazy\" decoding=\"async\" width=\"764\" height=\"1000\" src=\"https:\/\/nyforetagarcentrum.se\/sodertalje\/wp-content\/uploads\/sites\/77\/2024\/05\/Bertil.jpg\" class=\"attachment-large size-large\" alt=\"\" srcset=\"https:\/\/nyforetagarcentrum.se\/sodertalje\/wp-content\/uploads\/sites\/77\/2024\/05\/Bertil.jpg 764w, https:\/\/nyforetagarcentrum.se\/sodertalje\/wp-content\/uploads\/sites\/77\/2024\/05\/Bertil-229x300.jpg 229w\" sizes=\"(max-width: 764px) 100vw, 764px\" \/>            <\/div>\n\n    <div class=\"content-wrapper\">\n        <h3>Bertil Ahlqvist<\/h3>\n\n                    <div class=\"excerpt\">\n                Privat<br \/>\r\nJobbar som verksamhetsansvarig i J\u00e4rna SK samt som frist\u00e5ende konsult inom strategisk f\u00f6retagsr\u00e5dgivning. Har en bakgrund inom l\u00e4kemedelsindustrin och ideell sektor med l\u00e5ng erfarenhet fr\u00e5n ledande roller och styrelseuppdrag. Brinner f\u00f6r att f\u00f6rb\u00e4ttra f\u00f6retagsklimatet f\u00f6r entrepren\u00f6rer i S\u00f6dert\u00e4lje och bidra till en \u00f6kad m\u00e4ngd l\u00f6nsamma f\u00f6retag.<br \/>\r\n<br \/>\r\n             <\/div>\n        \n        <div class=\"links\">\n\n                            <a href=\"tel:073-0715497\">\n                    073-0715497                <\/a>\n            \n                            <a href=\"mailto:bertil.ahlqvist@ahlqvistadvice.se\">\n                    bertil.ahlqvist@ahlqvistadvice.se                <\/a>\n                    <\/div>\n        \n    <\/div>\n<\/div><div class=\"person-large-card\">\n    \n    <div class=\"featured_image\">\n                    <img loading=\"lazy\" decoding=\"async\" width=\"748\" height=\"1000\" src=\"https:\/\/nyforetagarcentrum.se\/sodertalje\/wp-content\/uploads\/sites\/77\/2024\/05\/Shanell.jpg\" class=\"attachment-large size-large\" alt=\"\" srcset=\"https:\/\/nyforetagarcentrum.se\/sodertalje\/wp-content\/uploads\/sites\/77\/2024\/05\/Shanell.jpg 748w, https:\/\/nyforetagarcentrum.se\/sodertalje\/wp-content\/uploads\/sites\/77\/2024\/05\/Shanell-224x300.jpg 224w\" sizes=\"(max-width: 748px) 100vw, 748px\" \/>            <\/div>\n\n    <div class=\"content-wrapper\">\n        <h3>Shanel Ibrahim<\/h3>\n\n                    <div class=\"excerpt\">\n                F\u00f6retag<br \/>\r\nSEB S\u00f6dert\u00e4ljes kontor ligger sedan 2021 p\u00e5 Science Park. Valet att flytta kontoret hit var att vara en del av det nav av studenter, entrepren\u00f6rer, f\u00f6retag och tj\u00e4nstem\u00e4n som denna plats erbjuder. Vi \u00e4r en f\u00f6retagarbank och som kontorschef \u00e4r det ett sj\u00e4lvklart val att sitta i NFC\u00b4s styrelse f\u00f6r att kunna p\u00e5verka, bidra och skapa m\u00f6jligheter f\u00f6r framtidens f\u00f6retag.            <\/div>\n        \n        <div class=\"links\">\n\n            \n                            <a href=\"mailto:shanel.ibrahim@seb.se\">\n                    shanel.ibrahim@seb.se                <\/a>\n                    <\/div>\n        \n    <\/div>\n<\/div><div class=\"person-large-card\">\n    \n    <div class=\"featured_image\">\n                    <img loading=\"lazy\" decoding=\"async\" width=\"785\" height=\"1000\" src=\"https:\/\/nyforetagarcentrum.se\/sodertalje\/wp-content\/uploads\/sites\/77\/2024\/05\/Johan-S.jpg\" class=\"attachment-large size-large\" alt=\"\" srcset=\"https:\/\/nyforetagarcentrum.se\/sodertalje\/wp-content\/uploads\/sites\/77\/2024\/05\/Johan-S.jpg 785w, https:\/\/nyforetagarcentrum.se\/sodertalje\/wp-content\/uploads\/sites\/77\/2024\/05\/Johan-S-236x300.jpg 236w, https:\/\/nyforetagarcentrum.se\/sodertalje\/wp-content\/uploads\/sites\/77\/2024\/05\/Johan-S-768x978.jpg 768w\" sizes=\"(max-width: 785px) 100vw, 785px\" \/>            <\/div>\n\n    <div class=\"content-wrapper\">\n        <h3>Johan Sollert<\/h3>\n\n                    <div class=\"excerpt\">\n                F\u00f6retag<br \/>\r\nVice VD\/F\u00f6rs\u00e4ljningschef Kontorab AB<br \/>\r\nJag vill ge min syn p\u00e5 hur f\u00f6rs\u00e4ljning fungerar idag. Att s\u00e4lja \u00e4r en grundpelare f\u00f6r alla nystartade f\u00f6retag. Saknar man en s\u00e4ljstrategi blir uppf\u00f6rsbacken v\u00e4ldigt brant.            <\/div>\n        \n        <div class=\"links\">\n\n                            <a href=\"tel: 0706-618440\">\n                     0706-618440                <\/a>\n            \n                            <a href=\"mailto:Johan.sollert@kontorab.se\">\n                    Johan.sollert@kontorab.se                <\/a>\n                    <\/div>\n        \n    <\/div>\n<\/div><div class=\"person-large-card\">\n    \n    <div class=\"featured_image\">\n                    <img loading=\"lazy\" decoding=\"async\" width=\"714\" height=\"1000\" src=\"https:\/\/nyforetagarcentrum.se\/sodertalje\/wp-content\/uploads\/sites\/77\/2024\/03\/Erja.jpg\" class=\"attachment-large size-large\" alt=\"\" srcset=\"https:\/\/nyforetagarcentrum.se\/sodertalje\/wp-content\/uploads\/sites\/77\/2024\/03\/Erja.jpg 714w, https:\/\/nyforetagarcentrum.se\/sodertalje\/wp-content\/uploads\/sites\/77\/2024\/03\/Erja-214x300.jpg 214w\" sizes=\"(max-width: 714px) 100vw, 714px\" \/>            <\/div>\n\n    <div class=\"content-wrapper\">\n        <h3>Erja Himmerf\u00e4lt<\/h3>\n\n                    <div class=\"excerpt\">\n                F\u00f6retag<br \/>\r\n\u00c4r auktoriserad redovisningskonsult och driver EkonomiHuset S\u00f6dert\u00e4lje AB som \u00e4r en redovisningsbyr\u00e5 d\u00e4r vi \u00e4r 3 st som jobbar med redovisningsfr\u00e5gor f\u00f6r sm\u00e5 f\u00f6retag.            <\/div>\n        \n        <div class=\"links\">\n\n                            <a href=\"tel:08-550 120 88 (kontoret) 070-530 33 69 \">\n                    08-550 120 88 (kontoret) 070-530 33 69                 <\/a>\n            \n                            <a href=\"mailto:erja@erjahimmerfalt.se\">\n                    erja@erjahimmerfalt.se                <\/a>\n                    <\/div>\n        \n    <\/div>\n<\/div><div class=\"person-large-card\">\n    \n    <div class=\"featured_image\">\n                    <img loading=\"lazy\" decoding=\"async\" width=\"768\" height=\"1000\" src=\"https:\/\/nyforetagarcentrum.se\/sodertalje\/wp-content\/uploads\/sites\/77\/2024\/03\/Jonas.jpg\" class=\"attachment-large size-large\" alt=\"\" srcset=\"https:\/\/nyforetagarcentrum.se\/sodertalje\/wp-content\/uploads\/sites\/77\/2024\/03\/Jonas.jpg 768w, https:\/\/nyforetagarcentrum.se\/sodertalje\/wp-content\/uploads\/sites\/77\/2024\/03\/Jonas-230x300.jpg 230w\" sizes=\"(max-width: 768px) 100vw, 768px\" \/>            <\/div>\n\n    <div class=\"content-wrapper\">\n        <h3>Jonas Karlsson<\/h3>\n\n                    <div class=\"excerpt\">\n                S\u00f6dert\u00e4lje Kommun, N\u00e4ringslivschef            <\/div>\n        \n        <div class=\"links\">\n\n            \n                            <a href=\"mailto:jonas.karlsson@sodertalje.se\">\n                    jonas.karlsson@sodertalje.se                <\/a>\n                    <\/div>\n        \n    <\/div>\n<\/div><div class=\"person-large-card\">\n    \n    <div class=\"featured_image\">\n                    <img loading=\"lazy\" decoding=\"async\" width=\"750\" height=\"1000\" src=\"https:\/\/nyforetagarcentrum.se\/sodertalje\/wp-content\/uploads\/sites\/77\/2024\/03\/Staffan.jpg\" class=\"attachment-large size-large\" alt=\"\" srcset=\"https:\/\/nyforetagarcentrum.se\/sodertalje\/wp-content\/uploads\/sites\/77\/2024\/03\/Staffan.jpg 750w, https:\/\/nyforetagarcentrum.se\/sodertalje\/wp-content\/uploads\/sites\/77\/2024\/03\/Staffan-225x300.jpg 225w\" sizes=\"(max-width: 750px) 100vw, 750px\" \/>            <\/div>\n\n    <div class=\"content-wrapper\">\n        <h3>Staffan Ternby, ordf\u00f6rande<\/h3>\n\n                    <div class=\"excerpt\">\n                F\u00f6retag<br \/>\r\nBirkaporten \u00e4r ett fastighetsbolag som ocks\u00e5 kan arrangera events. Jag tror p\u00e5 att nya entrepren\u00f6rer f\u00e5r b\u00e4ttre f\u00f6ruts\u00e4ttningar efter kontakter med NFC.             <\/div>\n        \n        <div class=\"links\">\n\n                            <a href=\"tel:070-557 43 57\">\n                    070-557 43 57                <\/a>\n            \n                            <a href=\"mailto:staffan@ternby.se\">\n                    staffan@ternby.se                <\/a>\n                    <\/div>\n        \n    <\/div>\n<\/div>        <\/div>\n    <\/div>\n<\/section>\n\n\n<div style=\"height:100px\" aria-hidden=\"true\" class=\"wp-block-spacer\"><\/div>\n","protected":false},"excerpt":{"rendered":"","protected":false},"author":1,"featured_media":0,"parent":0,"menu_order":0,"comment_status":"closed","ping_status":"closed","template":"","meta":{"footnotes":""},"acf":[],"yoast_head":"<!-- This site is optimized with the Yoast SEO plugin v22.9 - https:\/\/yoast.com\/wordpress\/plugins\/seo\/ -->\n<title>V\u00e5r styrelse - S\u00f6dert\u00e4lje<\/title>\n<meta name=\"robots\" content=\"index, follow, max-snippet:-1, max-image-preview:large, max-video-preview:-1\" \/>\n<link rel=\"canonical\" href=\"https:\/\/nyforetagarcentrum.se\/sodertalje\/var-styrelse\/\" \/>\n<meta property=\"og:locale\" content=\"sv_SE\" \/>\n<meta property=\"og:type\" content=\"article\" \/>\n<meta property=\"og:title\" content=\"V\u00e5r styrelse - S\u00f6dert\u00e4lje\" \/>\n<meta property=\"og:url\" content=\"https:\/\/nyforetagarcentrum.se\/sodertalje\/var-styrelse\/\" \/>\n<meta property=\"og:site_name\" content=\"S\u00f6dert\u00e4lje\" \/>\n<meta property=\"article:modified_time\" content=\"2024-10-24T08:44:25+00:00\" \/>\n<meta name=\"twitter:card\" content=\"summary_large_image\" \/>\n<script type=\"application\/ld+json\" class=\"yoast-schema-graph\">{\"@context\":\"https:\/\/schema.org\",\"@graph\":[{\"@type\":\"WebPage\",\"@id\":\"https:\/\/nyforetagarcentrum.se\/sodertalje\/var-styrelse\/\",\"url\":\"https:\/\/nyforetagarcentrum.se\/sodertalje\/var-styrelse\/\",\"name\":\"V\u00e5r styrelse - S\u00f6dert\u00e4lje\",\"isPartOf\":{\"@id\":\"https:\/\/nyforetagarcentrum.se\/sodertalje\/#website\"},\"datePublished\":\"2024-02-27T15:05:17+00:00\",\"dateModified\":\"2024-10-24T08:44:25+00:00\",\"breadcrumb\":{\"@id\":\"https:\/\/nyforetagarcentrum.se\/sodertalje\/var-styrelse\/#breadcrumb\"},\"inLanguage\":\"sv-SE\",\"potentialAction\":[{\"@type\":\"ReadAction\",\"target\":[\"https:\/\/nyforetagarcentrum.se\/sodertalje\/var-styrelse\/\"]}]},{\"@type\":\"BreadcrumbList\",\"@id\":\"https:\/\/nyforetagarcentrum.se\/sodertalje\/var-styrelse\/#breadcrumb\",\"itemListElement\":[{\"@type\":\"ListItem\",\"position\":1,\"name\":\"Hem\",\"item\":\"https:\/\/nyforetagarcentrum.se\/sodertalje\/\"},{\"@type\":\"ListItem\",\"position\":2,\"name\":\"V\u00e5r styrelse\"}]},{\"@type\":\"WebSite\",\"@id\":\"https:\/\/nyforetagarcentrum.se\/sodertalje\/#website\",\"url\":\"https:\/\/nyforetagarcentrum.se\/sodertalje\/\",\"name\":\"S\u00f6dert\u00e4lje\",\"description\":\"Sveriges ledande kraft f\u00f6r fler nya livskraftiga f\u00f6retag\",\"publisher\":{\"@id\":\"https:\/\/nyforetagarcentrum.se\/sodertalje\/#organization\"},\"potentialAction\":[{\"@type\":\"SearchAction\",\"target\":{\"@type\":\"EntryPoint\",\"urlTemplate\":\"https:\/\/nyforetagarcentrum.se\/sodertalje\/?s={search_term_string}\"},\"query-input\":\"required name=search_term_string\"}],\"inLanguage\":\"sv-SE\"},{\"@type\":\"Organization\",\"@id\":\"https:\/\/nyforetagarcentrum.se\/sodertalje\/#organization\",\"name\":\"S\u00f6dert\u00e4lje\",\"url\":\"https:\/\/nyforetagarcentrum.se\/sodertalje\/\",\"logo\":{\"@type\":\"ImageObject\",\"inLanguage\":\"sv-SE\",\"@id\":\"https:\/\/nyforetagarcentrum.se\/sodertalje\/#\/schema\/logo\/image\/\",\"url\":\"https:\/\/nyforetagarcentrum.se\/sodertalje\/wp-content\/uploads\/sites\/77\/2024\/04\/sodertalje_nykvarn.png\",\"contentUrl\":\"https:\/\/nyforetagarcentrum.se\/sodertalje\/wp-content\/uploads\/sites\/77\/2024\/04\/sodertalje_nykvarn.png\",\"width\":1082,\"height\":542,\"caption\":\"S\u00f6dert\u00e4lje\"},\"image\":{\"@id\":\"https:\/\/nyforetagarcentrum.se\/sodertalje\/#\/schema\/logo\/image\/\"}}]}<\/script>\n<!-- \/ Yoast SEO plugin. -->","yoast_head_json":{"title":"V\u00e5r styrelse - S\u00f6dert\u00e4lje","robots":{"index":"index","follow":"follow","max-snippet":"max-snippet:-1","max-image-preview":"max-image-preview:large","max-video-preview":"max-video-preview:-1"},"canonical":"https:\/\/nyforetagarcentrum.se\/sodertalje\/var-styrelse\/","og_locale":"sv_SE","og_type":"article","og_title":"V\u00e5r styrelse - S\u00f6dert\u00e4lje","og_url":"https:\/\/nyforetagarcentrum.se\/sodertalje\/var-styrelse\/","og_site_name":"S\u00f6dert\u00e4lje","article_modified_time":"2024-10-24T08:44:25+00:00","twitter_card":"summary_large_image","schema":{"@context":"https:\/\/schema.org","@graph":[{"@type":"WebPage","@id":"https:\/\/nyforetagarcentrum.se\/sodertalje\/var-styrelse\/","url":"https:\/\/nyforetagarcentrum.se\/sodertalje\/var-styrelse\/","name":"V\u00e5r styrelse - S\u00f6dert\u00e4lje","isPartOf":{"@id":"https:\/\/nyforetagarcentrum.se\/sodertalje\/#website"},"datePublished":"2024-02-27T15:05:17+00:00","dateModified":"2024-10-24T08:44:25+00:00","breadcrumb":{"@id":"https:\/\/nyforetagarcentrum.se\/sodertalje\/var-styrelse\/#breadcrumb"},"inLanguage":"sv-SE","potentialAction":[{"@type":"ReadAction","target":["https:\/\/nyforetagarcentrum.se\/sodertalje\/var-styrelse\/"]}]},{"@type":"BreadcrumbList","@id":"https:\/\/nyforetagarcentrum.se\/sodertalje\/var-styrelse\/#breadcrumb","itemListElement":[{"@type":"ListItem","position":1,"name":"Hem","item":"https:\/\/nyforetagarcentrum.se\/sodertalje\/"},{"@type":"ListItem","position":2,"name":"V\u00e5r styrelse"}]},{"@type":"WebSite","@id":"https:\/\/nyforetagarcentrum.se\/sodertalje\/#website","url":"https:\/\/nyforetagarcentrum.se\/sodertalje\/","name":"S\u00f6dert\u00e4lje","description":"Sveriges ledande kraft f\u00f6r fler nya livskraftiga f\u00f6retag","publisher":{"@id":"https:\/\/nyforetagarcentrum.se\/sodertalje\/#organization"},"potentialAction":[{"@type":"SearchAction","target":{"@type":"EntryPoint","urlTemplate":"https:\/\/nyforetagarcentrum.se\/sodertalje\/?s={search_term_string}"},"query-input":"required name=search_term_string"}],"inLanguage":"sv-SE"},{"@type":"Organization","@id":"https:\/\/nyforetagarcentrum.se\/sodertalje\/#organization","name":"S\u00f6dert\u00e4lje","url":"https:\/\/nyforetagarcentrum.se\/sodertalje\/","logo":{"@type":"ImageObject","inLanguage":"sv-SE","@id":"https:\/\/nyforetagarcentrum.se\/sodertalje\/#\/schema\/logo\/image\/","url":"https:\/\/nyforetagarcentrum.se\/sodertalje\/wp-content\/uploads\/sites\/77\/2024\/04\/sodertalje_nykvarn.png","contentUrl":"https:\/\/nyforetagarcentrum.se\/sodertalje\/wp-content\/uploads\/sites\/77\/2024\/04\/sodertalje_nykvarn.png","width":1082,"height":542,"caption":"S\u00f6dert\u00e4lje"},"image":{"@id":"https:\/\/nyforetagarcentrum.se\/sodertalje\/#\/schema\/logo\/image\/"}}]}},"_links":{"self":[{"href":"https:\/\/nyforetagarcentrum.se\/sodertalje\/wp-json\/wp\/v2\/pages\/164"}],"collection":[{"href":"https:\/\/nyforetagarcentrum.se\/sodertalje\/wp-json\/wp\/v2\/pages"}],"about":[{"href":"https:\/\/nyforetagarcentrum.se\/sodertalje\/wp-json\/wp\/v2\/types\/page"}],"author":[{"embeddable":true,"href":"https:\/\/nyforetagarcentrum.se\/sodertalje\/wp-json\/wp\/v2\/users\/1"}],"replies":[{"embeddable":true,"href":"https:\/\/nyforetagarcentrum.se\/sodertalje\/wp-json\/wp\/v2\/comments?post=164"}],"version-history":[{"count":17,"href":"https:\/\/nyforetagarcentrum.se\/sodertalje\/wp-json\/wp\/v2\/pages\/164\/revisions"}],"predecessor-version":[{"id":548,"href":"https:\/\/nyforetagarcentrum.se\/sodertalje\/wp-json\/wp\/v2\/pages\/164\/revisions\/548"}],"wp:attachment":[{"href":"https:\/\/nyforetagarcentrum.se\/sodertalje\/wp-json\/wp\/v2\/media?parent=164"}],"curies":[{"name":"wp","href":"https:\/\/api.w.org\/{rel}","templated":true}]}}