{"id":459,"date":"2024-05-02T19:03:59","date_gmt":"2024-05-02T17:03:59","guid":{"rendered":"https:\/\/nyforetagarcentrum.se\/soderkopingvaldemarsvik\/?page_id=459"},"modified":"2026-04-18T09:05:21","modified_gmt":"2026-04-18T07:05:21","slug":"steget-till-eget","status":"publish","type":"page","link":"https:\/\/nyforetagarcentrum.se\/soderkopingvaldemarsvik\/steget-till-eget\/","title":{"rendered":"Steget till eget kurs"},"content":{"rendered":"\n<div style=\"height:60px\" aria-hidden=\"true\" class=\"wp-block-spacer\"><\/div>\n\n\n<section  class=\"nfc-block-split_screen alignwide image_alignment-left\">\n    <div class=\"wrapper\">\n        <div class=\"nfc-block-split_screen__image-wrapper\">\n            <img loading=\"lazy\" decoding=\"async\" width=\"864\" height=\"1080\" src=\"https:\/\/nyforetagarcentrum.se\/soderkopingvaldemarsvik\/wp-content\/uploads\/sites\/59\/2024\/11\/stegettilleget1-fil-annons-fran-Tilda-864x1080.png\" class=\"attachment-landscape size-landscape\" alt=\"\" srcset=\"https:\/\/nyforetagarcentrum.se\/soderkopingvaldemarsvik\/wp-content\/uploads\/sites\/59\/2024\/11\/stegettilleget1-fil-annons-fran-Tilda-864x1080.png 864w, https:\/\/nyforetagarcentrum.se\/soderkopingvaldemarsvik\/wp-content\/uploads\/sites\/59\/2024\/11\/stegettilleget1-fil-annons-fran-Tilda-240x300.png 240w, https:\/\/nyforetagarcentrum.se\/soderkopingvaldemarsvik\/wp-content\/uploads\/sites\/59\/2024\/11\/stegettilleget1-fil-annons-fran-Tilda-819x1024.png 819w, https:\/\/nyforetagarcentrum.se\/soderkopingvaldemarsvik\/wp-content\/uploads\/sites\/59\/2024\/11\/stegettilleget1-fil-annons-fran-Tilda-768x960.png 768w, https:\/\/nyforetagarcentrum.se\/soderkopingvaldemarsvik\/wp-content\/uploads\/sites\/59\/2024\/11\/stegettilleget1-fil-annons-fran-Tilda.png 1080w\" sizes=\"(max-width: 864px) 100vw, 864px\" \/>        <\/div>\n\n        <div class=\"nfc-block-split_screen__content-wrapper\">\n            <p><\/strong>Start Eget kurs i S\u00f6derk\u00f6ping. 5 tillf\u00e4llen. kl 17-20.00, p\u00e5 Haga Park,  Hagatorget. <\/strong><br \/>\n<strong><br \/>\nAlla \u00e4r v\u00e4lkomna, vi startar n\u00e4sta kurs i September, h\u00e5ll utkik efter datum, fem onsdagar fram.<br \/>\nKursen omfattar olika teman, p\u00e5 plats. Dessutom finns m\u00f6jlighet till digitala kurstillf\u00e4llen.<br \/>\nVi tar in olika f\u00f6rel\u00e4sare som \u00e4r experter p\u00e5 sina fr\u00e5gor och ger er ett lokalt n\u00e4tverk\/kontakter v\u00e4rdefullt inf\u00f6r start av f\u00f6retag.<br \/>\nKursen omfattar bla:<br \/>\n* Att bli f\u00f6retagare, aff\u00e4rsid\u00e9n och aff\u00e4rsplanen<br \/>\n* Hur jag startar mitt f\u00f6retag<br \/>\n* Marknad och f\u00f6rs\u00e4ljning<br \/>\n* Ekonomi, budget, bokf\u00f6ring, hur jag pratar med banken, vad kan banken hj\u00e4lpa till med.<br \/>\n* Skatteverket informerar och ger tips<br \/>\n* Aff\u00e4rsjuridik<br \/>\n* F\u00f6rs\u00e4kringsfr\u00e5gor<br \/>\n<strong>V\u00e4lkomna. Hoppas att \u00e4ven ni som funderar \u00e5ka fr\u00e5n Valdemarsvik, har m\u00f6jlighet, annars kan ni be om enskild r\u00e5dgivning i v\u00e5r lokal Sj\u00f6huset Valdemarsvik.<\/p>\n\n            \n        <\/div>\n    <\/div>\n<\/section>\n\n            <script type=\"application\/ld+json\">\n                {\n                    \"@context\": \"https:\/\/schema.org\",\n                    \"@type\": \"FAQPage\",\n                    \"mainEntity\": [\n                                                    {\n                                \"@type\": \"Question\",\n                                \"name\": \"<b>N\u00e4r \u00e4r n\u00e4sta kurs?<\/b>\",\n                                \"acceptedAnswer\": {\n                                    \"@type\": \"Answer\",\n                                    \"text\": \"<p>25 februari 2026 startar n\u00e4sta kurs.<\/p>\"\n                                }\n                            },                                                    {\n                                \"@type\": \"Question\",\n                                \"name\": \"<b>F\u00f6r vem passar kursen?<\/b>\",\n                                \"acceptedAnswer\": {\n                                    \"@type\": \"Answer\",\n                                    \"text\": \"<p>Kurs f\u00f6r f\u00f6r dig som g\u00e5r i \u201dstarta-eget-tankar\u201d och dig som \u00e4r nybliven f\u00f6retagare och vill f\u00e5 mer kunskap och v\u00e4rdefulla kontakter. Vi hj\u00e4lper dig att utveckla din aff\u00e4rsid\u00e9 och skapa b\u00e4ttre f\u00f6ruts\u00e4ttningar f\u00f6r ditt f\u00f6retagande. <\/p>\n<p>Kurserna genomf\u00f6rs i samverkan mellan S\u00f6derk\u00f6ping och Valdemarsviks kommuner.<\/p>\n<p>Om du har fr\u00e5gor och\/eller vill ha mer information, kontakta oss:<br \/>\n\u00c5ke Rolf ake.rolf@nyforetagarcentrum.se eller Britta Andersson  britta.andersson@nyforetagarcentrum.se.<\/p>\"\n                                }\n                            },                                                    {\n                                \"@type\": \"Question\",\n                                \"name\": \"<b>Vad inneh\u00e5ller kursen?<\/b>\",\n                                \"acceptedAnswer\": {\n                                    \"@type\": \"Answer\",\n                                    \"text\": \"<p><strong>Start kurs 25 febr i i S\u00f6derk\u00f6ping, 5 tillf\u00e4llen kl 17.00-20.00 p\u00e5 Cooffice Hagatorget.<\/strong><\/p>\n<p>Steg 1  &#8211; aff\u00e4rsid\u00e9n, kundnytta och budget, inspiration av ett nystartat f\u00f6retag  Cooffice<br \/>\nSteg 2  \u2013 bokf\u00f6ring, skatter, redovisningsfirma och aff\u00e4rsplan handelsbanken, Coffice<br \/>\nSteg 3  \u2013 aff\u00e4rsjuridik och f\u00f6rs\u00e4kringar ,  Cooffice<br \/>\nSteg 4  &#8211; digital kurs ihop, \u00e4mne marknadsf\u00f6ring SOC medier, hemsidor och varum\u00e4rke. S\u00f6derk\u00f6pingsposten.<br \/>\nSteg 5  &#8211; Vi ses fysiskt och jobbar med aff\u00e4rsplanen, ev bes\u00f6k p\u00e5 n\u00e5got f\u00f6retag <\/p>\n<p>I Valdemarsvik finns vi f\u00f6r enskild r\u00e5dgivning i Sj\u00f6huset efter bokning.<\/p>\"\n                                }\n                            },                                                    {\n                                \"@type\": \"Question\",\n                                \"name\": \"<b>Vart \u00e4r kursen?<\/b>\",\n                                \"acceptedAnswer\": {\n                                    \"@type\": \"Answer\",\n                                    \"text\": \"<p>CoOperate Coffice, Hagatorget 1 i S\u00f6derk\u00f6ping och i Sj\u00f6huset, Storgatan 17, Valdemarsvik. .<br \/>\nFysiska m\u00f6ten ger chans till dialog i gruppen, mer aktiv diskussion och ett b\u00e4ttre n\u00e4tverkande.<br \/>\nPassar inte kurstillf\u00e4llen Dig, tveka inte att boka en enskild r\u00e5dgivning. <\/p>\"\n                                }\n                            },                                                    {\n                                \"@type\": \"Question\",\n                                \"name\": \"<b>Anm\u00e4l dig f\u00f6r kursen <\/b>\",\n                                \"acceptedAnswer\": {\n                                    \"@type\": \"Answer\",\n                                    \"text\": \"<p>Kursen \u00e4r gratis men du beh\u00f6ver anm\u00e4la dig h\u00e4r:<br \/>\nAnm\u00e4lan g\u00f6rs via hemsidan, klicka p\u00e5 boka r\u00e5dgivning, leta upp datum den 25 februari ( steget till eget).<\/p>\"\n                                }\n                            }                                            ]\n                }\n            <\/script>\n        <section  class=\"nfc-block-accordions alignwide\">\n    <div class=\"wrapper contained\">\n        <div class=\"accordions\">\n\n                            <div class=\"accordion\">\n                    <h3>\n                        <button \n                            class=\"accordion-header\"\n                            aria-expanded=\"true\"\n                            aria-controls=\"accordion-panel-0\"\n                            id=\"accordion-header-0\"\n                            data-accordion-header\n                        >\n                            <span><b>N\u00e4r \u00e4r n\u00e4sta kurs?<\/b><\/span>\n                            <div class=\"icon icon-down\"><\/div>\n                        <\/button>\n                    <\/h3>\n                    <section id=\"accordion-panel-0\" aria-labelledby=\"accordion-header-0\">\n                        <span>\n                            <p>25 februari 2026 startar n\u00e4sta kurs.<\/p>\n                        <\/span>\n                    <\/section>\n                <\/div>\n                            <div class=\"accordion\">\n                    <h3>\n                        <button \n                            class=\"accordion-header\"\n                            aria-expanded=\"true\"\n                            aria-controls=\"accordion-panel-1\"\n                            id=\"accordion-header-1\"\n                            data-accordion-header\n                        >\n                            <span><b>F\u00f6r vem passar kursen?<\/b><\/span>\n                            <div class=\"icon icon-down\"><\/div>\n                        <\/button>\n                    <\/h3>\n                    <section id=\"accordion-panel-1\" aria-labelledby=\"accordion-header-1\">\n                        <span>\n                            <p>Kurs f\u00f6r f\u00f6r dig som g\u00e5r i \u201dstarta-eget-tankar\u201d och dig som \u00e4r nybliven f\u00f6retagare och vill f\u00e5 mer kunskap och v\u00e4rdefulla kontakter. Vi hj\u00e4lper dig att utveckla din aff\u00e4rsid\u00e9 och skapa b\u00e4ttre f\u00f6ruts\u00e4ttningar f\u00f6r ditt f\u00f6retagande. <\/p>\n<p>Kurserna genomf\u00f6rs i samverkan mellan S\u00f6derk\u00f6ping och Valdemarsviks kommuner.<\/p>\n<p>Om du har fr\u00e5gor och\/eller vill ha mer information, kontakta oss:<br \/>\n\u00c5ke Rolf ake.rolf@nyforetagarcentrum.se eller Britta Andersson  britta.andersson@nyforetagarcentrum.se.<\/p>\n                        <\/span>\n                    <\/section>\n                <\/div>\n                            <div class=\"accordion\">\n                    <h3>\n                        <button \n                            class=\"accordion-header\"\n                            aria-expanded=\"true\"\n                            aria-controls=\"accordion-panel-2\"\n                            id=\"accordion-header-2\"\n                            data-accordion-header\n                        >\n                            <span><b>Vad inneh\u00e5ller kursen?<\/b><\/span>\n                            <div class=\"icon icon-down\"><\/div>\n                        <\/button>\n                    <\/h3>\n                    <section id=\"accordion-panel-2\" aria-labelledby=\"accordion-header-2\">\n                        <span>\n                            <p><strong>Start kurs 25 febr i i S\u00f6derk\u00f6ping, 5 tillf\u00e4llen kl 17.00-20.00 p\u00e5 Cooffice Hagatorget.<\/strong><\/p>\n<p>Steg 1  &#8211; aff\u00e4rsid\u00e9n, kundnytta och budget, inspiration av ett nystartat f\u00f6retag  Cooffice<br \/>\nSteg 2  \u2013 bokf\u00f6ring, skatter, redovisningsfirma och aff\u00e4rsplan handelsbanken, Coffice<br \/>\nSteg 3  \u2013 aff\u00e4rsjuridik och f\u00f6rs\u00e4kringar ,  Cooffice<br \/>\nSteg 4  &#8211; digital kurs ihop, \u00e4mne marknadsf\u00f6ring SOC medier, hemsidor och varum\u00e4rke. S\u00f6derk\u00f6pingsposten.<br \/>\nSteg 5  &#8211; Vi ses fysiskt och jobbar med aff\u00e4rsplanen, ev bes\u00f6k p\u00e5 n\u00e5got f\u00f6retag <\/p>\n<p>I Valdemarsvik finns vi f\u00f6r enskild r\u00e5dgivning i Sj\u00f6huset efter bokning.<\/p>\n                        <\/span>\n                    <\/section>\n                <\/div>\n                            <div class=\"accordion\">\n                    <h3>\n                        <button \n                            class=\"accordion-header\"\n                            aria-expanded=\"true\"\n                            aria-controls=\"accordion-panel-3\"\n                            id=\"accordion-header-3\"\n                            data-accordion-header\n                        >\n                            <span><b>Vart \u00e4r kursen?<\/b><\/span>\n                            <div class=\"icon icon-down\"><\/div>\n                        <\/button>\n                    <\/h3>\n                    <section id=\"accordion-panel-3\" aria-labelledby=\"accordion-header-3\">\n                        <span>\n                            <p>CoOperate Coffice, Hagatorget 1 i S\u00f6derk\u00f6ping och i Sj\u00f6huset, Storgatan 17, Valdemarsvik. .<br \/>\nFysiska m\u00f6ten ger chans till dialog i gruppen, mer aktiv diskussion och ett b\u00e4ttre n\u00e4tverkande.<br \/>\nPassar inte kurstillf\u00e4llen Dig, tveka inte att boka en enskild r\u00e5dgivning. <\/p>\n                        <\/span>\n                    <\/section>\n                <\/div>\n                            <div class=\"accordion\">\n                    <h3>\n                        <button \n                            class=\"accordion-header\"\n                            aria-expanded=\"true\"\n                            aria-controls=\"accordion-panel-4\"\n                            id=\"accordion-header-4\"\n                            data-accordion-header\n                        >\n                            <span><b>Anm\u00e4l dig f\u00f6r kursen <\/b><\/span>\n                            <div class=\"icon icon-down\"><\/div>\n                        <\/button>\n                    <\/h3>\n                    <section id=\"accordion-panel-4\" aria-labelledby=\"accordion-header-4\">\n                        <span>\n                            <p>Kursen \u00e4r gratis men du beh\u00f6ver anm\u00e4la dig h\u00e4r:<br \/>\nAnm\u00e4lan g\u00f6rs via hemsidan, klicka p\u00e5 boka r\u00e5dgivning, leta upp datum den 25 februari ( steget till eget).<\/p>\n                        <\/span>\n                    <\/section>\n                <\/div>\n                    <\/div>\n    <\/div>\n    <noscript>\n        <style>\n            .accordion-header .icon {\n                display: none !important;\n            }\n        <\/style>\n    <\/noscript>\n<\/section>\n\n\n\n<div style=\"height:107px\" aria-hidden=\"true\" class=\"wp-block-spacer\"><\/div>\n","protected":false},"excerpt":{"rendered":"","protected":false},"author":49,"featured_media":0,"parent":0,"menu_order":0,"comment_status":"closed","ping_status":"closed","template":"","meta":{"footnotes":""},"acf":[],"yoast_head":"<!-- This site is optimized with the Yoast SEO plugin v22.9 - https:\/\/yoast.com\/wordpress\/plugins\/seo\/ -->\n<title>Steget till eget kurs - S\u00f6derk\u00f6ping Valdemarsvik<\/title>\n<meta name=\"robots\" content=\"index, follow, max-snippet:-1, max-image-preview:large, max-video-preview:-1\" \/>\n<link rel=\"canonical\" href=\"https:\/\/nyforetagarcentrum.se\/soderkopingvaldemarsvik\/steget-till-eget\/\" \/>\n<meta property=\"og:locale\" content=\"sv_SE\" \/>\n<meta property=\"og:type\" content=\"article\" \/>\n<meta property=\"og:title\" content=\"Steget till eget kurs - S\u00f6derk\u00f6ping Valdemarsvik\" \/>\n<meta property=\"og:url\" content=\"https:\/\/nyforetagarcentrum.se\/soderkopingvaldemarsvik\/steget-till-eget\/\" \/>\n<meta property=\"og:site_name\" content=\"S\u00f6derk\u00f6ping Valdemarsvik\" \/>\n<meta property=\"article:modified_time\" content=\"2026-04-18T07:05:21+00:00\" \/>\n<meta name=\"twitter:card\" content=\"summary_large_image\" \/>\n<script type=\"application\/ld+json\" class=\"yoast-schema-graph\">{\"@context\":\"https:\/\/schema.org\",\"@graph\":[{\"@type\":\"WebPage\",\"@id\":\"https:\/\/nyforetagarcentrum.se\/soderkopingvaldemarsvik\/steget-till-eget\/\",\"url\":\"https:\/\/nyforetagarcentrum.se\/soderkopingvaldemarsvik\/steget-till-eget\/\",\"name\":\"Steget till eget kurs - S\u00f6derk\u00f6ping Valdemarsvik\",\"isPartOf\":{\"@id\":\"https:\/\/nyforetagarcentrum.se\/soderkopingvaldemarsvik\/#website\"},\"datePublished\":\"2024-05-02T17:03:59+00:00\",\"dateModified\":\"2026-04-18T07:05:21+00:00\",\"breadcrumb\":{\"@id\":\"https:\/\/nyforetagarcentrum.se\/soderkopingvaldemarsvik\/steget-till-eget\/#breadcrumb\"},\"inLanguage\":\"sv-SE\",\"potentialAction\":[{\"@type\":\"ReadAction\",\"target\":[\"https:\/\/nyforetagarcentrum.se\/soderkopingvaldemarsvik\/steget-till-eget\/\"]}]},{\"@type\":\"BreadcrumbList\",\"@id\":\"https:\/\/nyforetagarcentrum.se\/soderkopingvaldemarsvik\/steget-till-eget\/#breadcrumb\",\"itemListElement\":[{\"@type\":\"ListItem\",\"position\":1,\"name\":\"Hem\",\"item\":\"https:\/\/nyforetagarcentrum.se\/soderkopingvaldemarsvik\/\"},{\"@type\":\"ListItem\",\"position\":2,\"name\":\"Steget till eget kurs\"}]},{\"@type\":\"WebSite\",\"@id\":\"https:\/\/nyforetagarcentrum.se\/soderkopingvaldemarsvik\/#website\",\"url\":\"https:\/\/nyforetagarcentrum.se\/soderkopingvaldemarsvik\/\",\"name\":\"S\u00f6derk\u00f6ping Valdemarsvik\",\"description\":\"Sveriges ledande kraft f\u00f6r fler nya livskraftiga f\u00f6retag\",\"publisher\":{\"@id\":\"https:\/\/nyforetagarcentrum.se\/soderkopingvaldemarsvik\/#organization\"},\"potentialAction\":[{\"@type\":\"SearchAction\",\"target\":{\"@type\":\"EntryPoint\",\"urlTemplate\":\"https:\/\/nyforetagarcentrum.se\/soderkopingvaldemarsvik\/?s={search_term_string}\"},\"query-input\":\"required name=search_term_string\"}],\"inLanguage\":\"sv-SE\"},{\"@type\":\"Organization\",\"@id\":\"https:\/\/nyforetagarcentrum.se\/soderkopingvaldemarsvik\/#organization\",\"name\":\"S\u00f6derk\u00f6ping Valdemarsvik\",\"url\":\"https:\/\/nyforetagarcentrum.se\/soderkopingvaldemarsvik\/\",\"logo\":{\"@type\":\"ImageObject\",\"inLanguage\":\"sv-SE\",\"@id\":\"https:\/\/nyforetagarcentrum.se\/soderkopingvaldemarsvik\/#\/schema\/logo\/image\/\",\"url\":\"https:\/\/nyforetagarcentrum.se\/soderkopingvaldemarsvik\/wp-content\/uploads\/sites\/59\/2024\/04\/Soderkoping-valdemarsvik.png\",\"contentUrl\":\"https:\/\/nyforetagarcentrum.se\/soderkopingvaldemarsvik\/wp-content\/uploads\/sites\/59\/2024\/04\/Soderkoping-valdemarsvik.png\",\"width\":1082,\"height\":542,\"caption\":\"S\u00f6derk\u00f6ping Valdemarsvik\"},\"image\":{\"@id\":\"https:\/\/nyforetagarcentrum.se\/soderkopingvaldemarsvik\/#\/schema\/logo\/image\/\"}}]}<\/script>\n<!-- \/ Yoast SEO plugin. -->","yoast_head_json":{"title":"Steget till eget kurs - S\u00f6derk\u00f6ping Valdemarsvik","robots":{"index":"index","follow":"follow","max-snippet":"max-snippet:-1","max-image-preview":"max-image-preview:large","max-video-preview":"max-video-preview:-1"},"canonical":"https:\/\/nyforetagarcentrum.se\/soderkopingvaldemarsvik\/steget-till-eget\/","og_locale":"sv_SE","og_type":"article","og_title":"Steget till eget kurs - S\u00f6derk\u00f6ping Valdemarsvik","og_url":"https:\/\/nyforetagarcentrum.se\/soderkopingvaldemarsvik\/steget-till-eget\/","og_site_name":"S\u00f6derk\u00f6ping Valdemarsvik","article_modified_time":"2026-04-18T07:05:21+00:00","twitter_card":"summary_large_image","schema":{"@context":"https:\/\/schema.org","@graph":[{"@type":"WebPage","@id":"https:\/\/nyforetagarcentrum.se\/soderkopingvaldemarsvik\/steget-till-eget\/","url":"https:\/\/nyforetagarcentrum.se\/soderkopingvaldemarsvik\/steget-till-eget\/","name":"Steget till eget kurs - S\u00f6derk\u00f6ping Valdemarsvik","isPartOf":{"@id":"https:\/\/nyforetagarcentrum.se\/soderkopingvaldemarsvik\/#website"},"datePublished":"2024-05-02T17:03:59+00:00","dateModified":"2026-04-18T07:05:21+00:00","breadcrumb":{"@id":"https:\/\/nyforetagarcentrum.se\/soderkopingvaldemarsvik\/steget-till-eget\/#breadcrumb"},"inLanguage":"sv-SE","potentialAction":[{"@type":"ReadAction","target":["https:\/\/nyforetagarcentrum.se\/soderkopingvaldemarsvik\/steget-till-eget\/"]}]},{"@type":"BreadcrumbList","@id":"https:\/\/nyforetagarcentrum.se\/soderkopingvaldemarsvik\/steget-till-eget\/#breadcrumb","itemListElement":[{"@type":"ListItem","position":1,"name":"Hem","item":"https:\/\/nyforetagarcentrum.se\/soderkopingvaldemarsvik\/"},{"@type":"ListItem","position":2,"name":"Steget till eget kurs"}]},{"@type":"WebSite","@id":"https:\/\/nyforetagarcentrum.se\/soderkopingvaldemarsvik\/#website","url":"https:\/\/nyforetagarcentrum.se\/soderkopingvaldemarsvik\/","name":"S\u00f6derk\u00f6ping Valdemarsvik","description":"Sveriges ledande kraft f\u00f6r fler nya livskraftiga f\u00f6retag","publisher":{"@id":"https:\/\/nyforetagarcentrum.se\/soderkopingvaldemarsvik\/#organization"},"potentialAction":[{"@type":"SearchAction","target":{"@type":"EntryPoint","urlTemplate":"https:\/\/nyforetagarcentrum.se\/soderkopingvaldemarsvik\/?s={search_term_string}"},"query-input":"required name=search_term_string"}],"inLanguage":"sv-SE"},{"@type":"Organization","@id":"https:\/\/nyforetagarcentrum.se\/soderkopingvaldemarsvik\/#organization","name":"S\u00f6derk\u00f6ping Valdemarsvik","url":"https:\/\/nyforetagarcentrum.se\/soderkopingvaldemarsvik\/","logo":{"@type":"ImageObject","inLanguage":"sv-SE","@id":"https:\/\/nyforetagarcentrum.se\/soderkopingvaldemarsvik\/#\/schema\/logo\/image\/","url":"https:\/\/nyforetagarcentrum.se\/soderkopingvaldemarsvik\/wp-content\/uploads\/sites\/59\/2024\/04\/Soderkoping-valdemarsvik.png","contentUrl":"https:\/\/nyforetagarcentrum.se\/soderkopingvaldemarsvik\/wp-content\/uploads\/sites\/59\/2024\/04\/Soderkoping-valdemarsvik.png","width":1082,"height":542,"caption":"S\u00f6derk\u00f6ping Valdemarsvik"},"image":{"@id":"https:\/\/nyforetagarcentrum.se\/soderkopingvaldemarsvik\/#\/schema\/logo\/image\/"}}]}},"_links":{"self":[{"href":"https:\/\/nyforetagarcentrum.se\/soderkopingvaldemarsvik\/wp-json\/wp\/v2\/pages\/459"}],"collection":[{"href":"https:\/\/nyforetagarcentrum.se\/soderkopingvaldemarsvik\/wp-json\/wp\/v2\/pages"}],"about":[{"href":"https:\/\/nyforetagarcentrum.se\/soderkopingvaldemarsvik\/wp-json\/wp\/v2\/types\/page"}],"author":[{"embeddable":true,"href":"https:\/\/nyforetagarcentrum.se\/soderkopingvaldemarsvik\/wp-json\/wp\/v2\/users\/49"}],"replies":[{"embeddable":true,"href":"https:\/\/nyforetagarcentrum.se\/soderkopingvaldemarsvik\/wp-json\/wp\/v2\/comments?post=459"}],"version-history":[{"count":121,"href":"https:\/\/nyforetagarcentrum.se\/soderkopingvaldemarsvik\/wp-json\/wp\/v2\/pages\/459\/revisions"}],"predecessor-version":[{"id":1165,"href":"https:\/\/nyforetagarcentrum.se\/soderkopingvaldemarsvik\/wp-json\/wp\/v2\/pages\/459\/revisions\/1165"}],"wp:attachment":[{"href":"https:\/\/nyforetagarcentrum.se\/soderkopingvaldemarsvik\/wp-json\/wp\/v2\/media?parent=459"}],"curies":[{"name":"wp","href":"https:\/\/api.w.org\/{rel}","templated":true}]}}