{"id":169,"date":"2024-02-27T16:06:59","date_gmt":"2024-02-27T15:06:59","guid":{"rendered":"https:\/\/nyforetagarcentrum.se\/soderkopingvaldemarsvik\/?page_id=169"},"modified":"2026-05-01T16:32:40","modified_gmt":"2026-05-01T14:32:40","slug":"kontakt","status":"publish","type":"page","link":"https:\/\/nyforetagarcentrum.se\/soderkopingvaldemarsvik\/kontakt\/","title":{"rendered":"Kontakt"},"content":{"rendered":"<section  class=\"nfc-block-breadcrumbs\">\n    <div class=\"wrapper contained\">\n        <ol class=\"breadcrumbs\" itemscope itemtype=\"https:\/\/schema.org\/BreadcrumbList\">\n            <li itemprop=\"itemListElement\" itemscope itemtype=\"https:\/\/schema.org\/ListItem\">\n            \n\n                            <span class=\"current\" itemprop=\"name\">Hem<\/span>\n            \n            <meta itemprop=\"position\" content=\"1\" \/>\n        <\/li>\n    <\/ol>    <\/div>\n<\/section>\n\n\n<div style=\"height:100px\" aria-hidden=\"true\" class=\"wp-block-spacer\"><\/div>\n\n\n\n<div class=\"wp-block-group alignwide is-layout-constrained wp-block-group-is-layout-constrained\">\n<div class=\"wp-block-columns alignfull is-layout-flex wp-container-core-columns-is-layout-1 wp-block-columns-is-layout-flex\">\n<div class=\"wp-block-column is-layout-flow wp-block-column-is-layout-flow\">\n<p>Funderar du p\u00e5 att starta f\u00f6retag s\u00e5 \u00e4r du v\u00e4lkommen att kontakta oss p\u00e5 Nyf\u00f6retagarCentrum S\u00f6derk\u00f6ping Valdemarsvik. Vi \u00e4r tre r\u00e5dgivare,\u00a0\u00a0<strong>Britta Andersson,<\/strong> <strong>Jessica Karlsson och \u00c5ke Rolf.<\/strong><\/p>\n\n\n\n<p>Vi samarbetar med CoOperate Office i S\u00f6derk\u00f6ping och Valdemarsviks kommun, vi kommer ha tillg\u00e5ng till en lokal i Sj\u00f6huset, Valdemarsvik fr\u00e5n o med 2025. Vi genomf\u00f6r r\u00e5dgivningsm\u00f6ten och olika event, till exempel nyf\u00f6retagarkursen \u201dSteget Till Eget\u201d.<\/p>\n\n\n\n<p>Vi \u00e4r p\u00e5 plats vid olika tider varje vecka, du bokar din r\u00e5dgivning h\u00e4r p\u00e5 v\u00e5r hemsida, klicka p\u00e5 \u201dboka f\u00f6rsta g\u00e5ngen\u201d p\u00e5 f\u00f6rsta sidan.<\/p>\n\n\n\n<p>Vi erbjuder b\u00e5de digitala och \u201dfysiska\u201d r\u00e5dgivningar och kurser. Alla v\u00e5ra tj\u00e4nster \u00e4r kostnadsfria.<\/p>\n\n\n\n<div style=\"height:40px\" aria-hidden=\"true\" class=\"wp-block-spacer\"><\/div>\n<\/div>\n<\/div>\n<\/div>\n\n\n<section  class=\"nfc-block-person_grid aligncenter layout-large\">\n    <div class=\"contained\">\n        <div class=\"grid\">\n            <div class=\"person-large-card\">\n    \n    <div class=\"featured_image\">\n                    <img loading=\"lazy\" decoding=\"async\" width=\"446\" height=\"453\" src=\"https:\/\/nyforetagarcentrum.se\/soderkopingvaldemarsvik\/wp-content\/uploads\/sites\/59\/2026\/04\/Foto-Jessica.jpg\" class=\"attachment-large size-large\" alt=\"\" srcset=\"https:\/\/nyforetagarcentrum.se\/soderkopingvaldemarsvik\/wp-content\/uploads\/sites\/59\/2026\/04\/Foto-Jessica.jpg 446w, https:\/\/nyforetagarcentrum.se\/soderkopingvaldemarsvik\/wp-content\/uploads\/sites\/59\/2026\/04\/Foto-Jessica-295x300.jpg 295w\" sizes=\"(max-width: 446px) 100vw, 446px\" \/>            <\/div>\n\n    <div class=\"content-wrapper\">\n        <h3>Jessica Karlsson<\/h3>\n\n                    <div class=\"excerpt\">\n                Vi kan gl\u00e4djas \u00e5t att Jessica nu b\u00f6rjar som v\u00e5r n\u00e4sta r\u00e5dgivare. Hon har varit mentor inom Nyf\u00f6retagarcentrum de senaste \u00e5ren. <br \/>\r\n<br \/>\r\nBr\u00f6llopskoordinator med l\u00e5ng bakgrund inom service och bes\u00f6ksn\u00e4ring, hos sm\u00e5f\u00f6retagare och i kommunala bolag. Har en bred erfarenhet av egna bolag inom event, handel och uthyrning, bygg och kommunikation. Driver idag ett aktiebolag med bifirma (sk S\u00e4rskilt f\u00f6retagsnamn)<br \/>\r\n<br \/>\r\nStort fokus p\u00e5 h\u00e5llbarhet och att f\u00f6lja sina dr\u00f6mmar.             <\/div>\n        \n        <div class=\"links\">\n\n            \n                            <a href=\"mailto:jessica.karlsson@nyforetagarcentrum.se\">\n                    jessica.karlsson@nyforetagarcentrum.se                <\/a>\n                    <\/div>\n        \n    <\/div>\n<\/div><div class=\"person-large-card\">\n    \n    <div class=\"featured_image\">\n                    <img loading=\"lazy\" decoding=\"async\" width=\"780\" height=\"1024\" src=\"https:\/\/nyforetagarcentrum.se\/soderkopingvaldemarsvik\/wp-content\/uploads\/sites\/59\/2024\/04\/ake-780x1024.jpg\" class=\"attachment-large size-large\" alt=\"\" srcset=\"https:\/\/nyforetagarcentrum.se\/soderkopingvaldemarsvik\/wp-content\/uploads\/sites\/59\/2024\/04\/ake-780x1024.jpg 780w, https:\/\/nyforetagarcentrum.se\/soderkopingvaldemarsvik\/wp-content\/uploads\/sites\/59\/2024\/04\/ake-228x300.jpg 228w, https:\/\/nyforetagarcentrum.se\/soderkopingvaldemarsvik\/wp-content\/uploads\/sites\/59\/2024\/04\/ake-768x1008.jpg 768w, https:\/\/nyforetagarcentrum.se\/soderkopingvaldemarsvik\/wp-content\/uploads\/sites\/59\/2024\/04\/ake-823x1080.jpg 823w, https:\/\/nyforetagarcentrum.se\/soderkopingvaldemarsvik\/wp-content\/uploads\/sites\/59\/2024\/04\/ake.jpg 901w\" sizes=\"(max-width: 780px) 100vw, 780px\" \/>            <\/div>\n\n    <div class=\"content-wrapper\">\n        <h3>\u00c5ke Rolf<\/h3>\n\n                    <div class=\"excerpt\">\n                \u00c5ke har l\u00e5ng yrkeserfarenhet inom IT-branschen i olika roller och anst\u00e4llningar. Sedan mitten av 90-talet driver \u00c5ke som del\u00e4gare Gaia System AB i Norrk\u00f6ping. Gaia \u00e4r ett IT-f\u00f6retetag d\u00e4r \u00c5ke jobbat med verksamhetsdrivna utvecklings- och IT-projekt i flera olika branscher.<br \/>\r\n<br \/>\r\n\u00c5ke har ocks\u00e5 erfarenhet av sm\u00e5f\u00f6retagande genom sitt eget konsultbolag, Galo Konsult AB.            <\/div>\n        \n        <div class=\"links\">\n\n            \n                            <a href=\"mailto:ake.rolf@nyforetagarcentrum.se\">\n                    ake.rolf@nyforetagarcentrum.se                <\/a>\n                    <\/div>\n        \n    <\/div>\n<\/div><div class=\"person-large-card\">\n    \n    <div class=\"featured_image\">\n                    <img loading=\"lazy\" decoding=\"async\" width=\"709\" height=\"1024\" src=\"https:\/\/nyforetagarcentrum.se\/soderkopingvaldemarsvik\/wp-content\/uploads\/sites\/59\/2026\/04\/IMG_5014_jpg-709x1024.jpg\" class=\"attachment-large size-large\" alt=\"\" srcset=\"https:\/\/nyforetagarcentrum.se\/soderkopingvaldemarsvik\/wp-content\/uploads\/sites\/59\/2026\/04\/IMG_5014_jpg-709x1024.jpg 709w, https:\/\/nyforetagarcentrum.se\/soderkopingvaldemarsvik\/wp-content\/uploads\/sites\/59\/2026\/04\/IMG_5014_jpg-208x300.jpg 208w, https:\/\/nyforetagarcentrum.se\/soderkopingvaldemarsvik\/wp-content\/uploads\/sites\/59\/2026\/04\/IMG_5014_jpg-768x1110.jpg 768w, https:\/\/nyforetagarcentrum.se\/soderkopingvaldemarsvik\/wp-content\/uploads\/sites\/59\/2026\/04\/IMG_5014_jpg-1063x1536.jpg 1063w, https:\/\/nyforetagarcentrum.se\/soderkopingvaldemarsvik\/wp-content\/uploads\/sites\/59\/2026\/04\/IMG_5014_jpg-747x1080.jpg 747w, https:\/\/nyforetagarcentrum.se\/soderkopingvaldemarsvik\/wp-content\/uploads\/sites\/59\/2026\/04\/IMG_5014_jpg.jpg 1204w\" sizes=\"(max-width: 709px) 100vw, 709px\" \/>            <\/div>\n\n    <div class=\"content-wrapper\">\n        <h3>Britta Andersson<\/h3>\n\n                    <div class=\"excerpt\">\n                Lantm\u00e4stare som bedrivit lantbruk, k\u00f6ttbutiker, restaurang och suttit i m\u00e5nga olika bolagsstyrelser b\u00e5de nationellt och lokalt. Nu boende i Sankt Anna med Bed and Breakfast sommartid. Erfaren het med att driva ekonomisk f\u00f6rening, enskild firma och aktiebolag.<br \/>\r\n<br \/>\r\n\u00c4lskar m\u00e4nniskor med driv, id\u00e9er och sj\u00e4lva m\u00f6tet med kunden.<br \/>\r\n<br \/>\r\nVerksamhetsledare och r\u00e5dgivare.            <\/div>\n        \n        <div class=\"links\">\n\n                            <a href=\"tel:0705794854\">\n                    0705794854                <\/a>\n            \n                            <a href=\"mailto:britta.andersson@nyforetagarcentrum.se\">\n                    britta.andersson@nyforetagarcentrum.se                <\/a>\n                    <\/div>\n        \n    <\/div>\n<\/div>        <\/div>\n    <\/div>\n<\/section>\n\n\n<div style=\"height:120px\" aria-hidden=\"true\" class=\"wp-block-spacer\"><\/div>\n\n\n<section  class=\"nfc-block-split_screen alignwide image_alignment-right theme-dark\">\n    <div class=\"wrapper\">\n        <div class=\"nfc-block-split_screen__image-wrapper\">\n            <img loading=\"lazy\" decoding=\"async\" width=\"864\" height=\"1080\" src=\"https:\/\/nyforetagarcentrum.se\/soderkopingvaldemarsvik\/wp-content\/uploads\/sites\/59\/2024\/05\/akebritta-864x1080.jpg\" class=\"attachment-landscape size-landscape\" alt=\"Tv\u00e5 personer diskuterar\" srcset=\"https:\/\/nyforetagarcentrum.se\/soderkopingvaldemarsvik\/wp-content\/uploads\/sites\/59\/2024\/05\/akebritta-864x1080.jpg 864w, https:\/\/nyforetagarcentrum.se\/soderkopingvaldemarsvik\/wp-content\/uploads\/sites\/59\/2024\/05\/akebritta-240x300.jpg 240w, https:\/\/nyforetagarcentrum.se\/soderkopingvaldemarsvik\/wp-content\/uploads\/sites\/59\/2024\/05\/akebritta-819x1024.jpg 819w, https:\/\/nyforetagarcentrum.se\/soderkopingvaldemarsvik\/wp-content\/uploads\/sites\/59\/2024\/05\/akebritta-768x960.jpg 768w, https:\/\/nyforetagarcentrum.se\/soderkopingvaldemarsvik\/wp-content\/uploads\/sites\/59\/2024\/05\/akebritta.jpg 998w\" sizes=\"(max-width: 864px) 100vw, 864px\" \/>        <\/div>\n\n        <div class=\"nfc-block-split_screen__content-wrapper\">\n            <h2>Kontakta Nyf\u00f6retagarcentrum i S\u00f6derk\u00f6ping och Valdemarsvik<\/h2>\n<p><strong>Soderkoping@nyforetagarcentrum.se<br \/>\nValdemarsvik@nyforetagarcentrum.se<\/strong><\/p>\n<p>Org.nr: 825003-7630<br \/>\nBankgiro: 5227-7118<\/p>\n\n            \n        <\/div>\n    <\/div>\n<\/section>\n\n\n<div style=\"height:100px\" aria-hidden=\"true\" class=\"wp-block-spacer\"><\/div>\n\n\n<script>const member_map_block_28c4693fae6a56f05f8325ddd828db54 = [{\"id\":\"59-326\",\"lng\":16.3228989,\"lat\":58.4800961,\"title\":\"Nyf\\u00f6retagarCentrum S\\u00f6derk\\u00f6ping Valdemarsvik\",\"address\":\"Hagatorget 1, 614 30  S\\u00f6derk\\u00f6ping\"}];<\/script>\n\n<!-- Loads the google map api. -->\n<script type=\"text\/javascript\" src=\"\/\/maps.googleapis.com\/maps\/api\/js?key=AIzaSyDGhZjiYRUYd9Gp8cEzhhoiQNx5apfS6jM&#038;sensor=false\"><\/script>\n\n<section  class=\"nfc-block-locations alignwide\">\n\n    <div class=\"search-wrapper\">\n        <input type=\"text\" id=\"search-location\" placeholder=\"S\u00f6k p\u00e5 ort eller adress\">\n    <\/div>\n\n    <div class=\"location-list\">\n\n                    <div class=\"location\" id=\"location-59-326\">\n                <h2 class=\"location-title\">Nyf\u00f6retagarCentrum S\u00f6derk\u00f6ping Valdemarsvik<\/h2>\n\n                <div class=\"address-container\">\n                    <p>Hagatorget 1<\/p>\n                    <p>614 30  S\u00f6derk\u00f6ping<\/p>\n                <\/div>\n\n                                    <a href=\"https:\/\/www.nyforetagarcentrum.se\/soderkopingvaldemarsvik\" class=\"location-link\" target=\"_blank\" rel=\"noopener noreferrer\">https:\/\/www.nyforetagarcentrum.se\/soderkopingvaldemarsvik<\/a>\n                \n            <\/div>\n        \n    <\/div>\n    <div class=\"location-map\" id=\"map\">\n        <noscript><p>JavaScript is required to render the Google Map.<\/p><\/noscript>\n    <\/div>\n<\/section>\n\n\n\n<script>\n\n\t\/\/ Initialize and add the map\n\tlet map;\n\n\tasync function initMap() {\n\n        \/\/ Fetch the current position based on the user's IP address.\n        const userLocation = await fetch('https:\/\/ipapi.co\/json\/')\n            .then(response => response.json())\n            .then(data => {\n                return {\n                    lat: data.latitude,\n                    lng: data.longitude\n                };\n            })\n            .catch(error => {\n                console.error('Error:', error);\n            });\n\n\n\n\t\t\/\/ Request needed libraries.\n\t\tconst { Map } = await google.maps.importLibrary(\"maps\");\n\t\tconst { AdvancedMarkerElement } = await google.maps.importLibrary(\"marker\");\n\n\t\t\/\/ The map, centered at Uluru\n\t\tmap = new google.maps.Map(document.getElementById(\"map\"), {\n\t\t\tzoom: 5,\n\t\t\tmapId: \"7883236a355b0892\"\n\t\t});\n\n\n\t\t\/\/ Add the pins\n\t\tconst pins = member_map_block_28c4693fae6a56f05f8325ddd828db54;\n\t\tconst markers = pins.map(pin => {\n\n            const lat = Number(pin.lat);\n            const lng = Number(pin.lng);\n                        \n            if (isNaN(lat) || isNaN(lng)) {\n                console.warn('Skipping marker with invalid coordinates:', pin.title);\n                return null;\n            }\n                        \n            const marker = new AdvancedMarkerElement({\n                position: { lat, lng },\n                map,\n                title: pin.title,\n            });\n                        \n            marker.addListener('gmp-click', () => {\n                const el = document.getElementById('location-' + pin.id);\n                if ( ! el ) {\n                    return;\n                }\n                        \n                el.scrollIntoView({ behavior: 'smooth', block: 'nearest', inline: 'start' })\n                el.classList.add('highlighted');\n                setTimeout(() => el.classList.remove('highlighted'), 1000);\n            })\n                        \n            return {marker, pin};\n        }).filter(Boolean);\n\n\n        const bounds = new google.maps.LatLngBounds();\n        markers.forEach(marker => bounds.extend(marker.marker.position));\n\n\n        \/\/ Center the map on the user location\n        if (userLocation && bounds.contains(userLocation)) {\n            map.setCenter(userLocation);\n            map.setZoom(9);\n        } else {\n            map.fitBounds(bounds);\n        }\n\n        google.maps.event.addListener(map, 'idle', function() {\n            if (markers.some(marker => map.getBounds().contains(marker.marker.position))) {\n            } else {\n                map.setZoom(map.getZoom() - 1);\n            }\n        });\n\n\n\n        const searchInput = document.getElementById('search-location');\n        if (searchInput) {\n            searchInput.addEventListener('input', (e) => {\n                const search = e.target.value.toLowerCase();\n                const locations = document.querySelectorAll('.location');\n                locations.forEach(location => {\n                    const title = location.querySelector('.location-title').textContent.toLowerCase();\n                    const address = location.querySelector('.address-container').textContent.toLowerCase();\n                    if (title.includes(search) || address.includes(search)) {\n                        location.style.display = 'block';\n                    } else {\n                        location.style.display = 'none';\n                    }\n                });\n\n                const bounds = new google.maps.LatLngBounds();\n\n\n                let hasMarker = false;\n                markers.forEach(marker => {\n                    const title = marker.pin.title.toLowerCase();\n                    const address = marker.pin.address.toLowerCase();\n                    if (title.includes(search) || address.includes(search)) {\n                        marker.marker.setMap(map);\n                        bounds.extend(marker.marker.position)\n                        hasMarker = true;\n                    } else {\n                        marker.marker.setMap(null);\n                    }\n                });\n\n                if (!hasMarker) {\n                    map.setCenter({ lat: 62.3908, lng: 16.3252 });\n                    map.setZoom(5);\n                } else {\n                    map.fitBounds(bounds);\n                }\n            });\n        }\n\t}\n\n\tinitMap();\n\n\n<\/script>\n\n\n<div style=\"height:100px\" aria-hidden=\"true\" class=\"wp-block-spacer\"><\/div>\n","protected":false},"excerpt":{"rendered":"<p>Funderar du p\u00e5 att starta f\u00f6retag s\u00e5 \u00e4r du v\u00e4lkommen att kontakta oss p\u00e5 Nyf\u00f6retagarCentrum S\u00f6derk\u00f6ping Valdemarsvik. Vi \u00e4r tre r\u00e5dgivare,\u00a0\u00a0Britta Andersson, Jessica Karlsson och \u00c5ke Rolf. Vi samarbetar med CoOperate Office i S\u00f6derk\u00f6ping och Valdemarsviks kommun, vi kommer ha tillg\u00e5ng till en lokal i Sj\u00f6huset, Valdemarsvik fr\u00e5n o med 2025. Vi genomf\u00f6r r\u00e5dgivningsm\u00f6ten och [&hellip;]<\/p>\n","protected":false},"author":1,"featured_media":0,"parent":0,"menu_order":0,"comment_status":"closed","ping_status":"closed","template":"","meta":{"footnotes":""},"acf":[],"yoast_head":"<!-- This site is optimized with the Yoast SEO plugin v22.9 - https:\/\/yoast.com\/wordpress\/plugins\/seo\/ -->\n<title>Kontakt - S\u00f6derk\u00f6ping Valdemarsvik<\/title>\n<meta name=\"robots\" content=\"index, follow, max-snippet:-1, max-image-preview:large, max-video-preview:-1\" \/>\n<link rel=\"canonical\" href=\"https:\/\/nyforetagarcentrum.se\/soderkopingvaldemarsvik\/kontakt\/\" \/>\n<meta property=\"og:locale\" content=\"sv_SE\" \/>\n<meta property=\"og:type\" content=\"article\" \/>\n<meta property=\"og:title\" content=\"Kontakt - S\u00f6derk\u00f6ping Valdemarsvik\" \/>\n<meta property=\"og:description\" content=\"Funderar du p\u00e5 att starta f\u00f6retag s\u00e5 \u00e4r du v\u00e4lkommen att kontakta oss p\u00e5 Nyf\u00f6retagarCentrum S\u00f6derk\u00f6ping Valdemarsvik. Vi \u00e4r tre r\u00e5dgivare,\u00a0\u00a0Britta Andersson, Jessica Karlsson och \u00c5ke Rolf. Vi samarbetar med CoOperate Office i S\u00f6derk\u00f6ping och Valdemarsviks kommun, vi kommer ha tillg\u00e5ng till en lokal i Sj\u00f6huset, Valdemarsvik fr\u00e5n o med 2025. Vi genomf\u00f6r r\u00e5dgivningsm\u00f6ten och [&hellip;]\" \/>\n<meta property=\"og:url\" content=\"https:\/\/nyforetagarcentrum.se\/soderkopingvaldemarsvik\/kontakt\/\" \/>\n<meta property=\"og:site_name\" content=\"S\u00f6derk\u00f6ping Valdemarsvik\" \/>\n<meta property=\"article:modified_time\" content=\"2026-05-01T14:32:40+00:00\" \/>\n<meta name=\"twitter:card\" content=\"summary_large_image\" \/>\n<meta name=\"twitter:label1\" content=\"Ber\u00e4knad l\u00e4stid\" \/>\n\t<meta name=\"twitter:data1\" content=\"1 minut\" \/>\n<script type=\"application\/ld+json\" class=\"yoast-schema-graph\">{\"@context\":\"https:\/\/schema.org\",\"@graph\":[{\"@type\":\"WebPage\",\"@id\":\"https:\/\/nyforetagarcentrum.se\/soderkopingvaldemarsvik\/kontakt\/\",\"url\":\"https:\/\/nyforetagarcentrum.se\/soderkopingvaldemarsvik\/kontakt\/\",\"name\":\"Kontakt - S\u00f6derk\u00f6ping Valdemarsvik\",\"isPartOf\":{\"@id\":\"https:\/\/nyforetagarcentrum.se\/soderkopingvaldemarsvik\/#website\"},\"datePublished\":\"2024-02-27T15:06:59+00:00\",\"dateModified\":\"2026-05-01T14:32:40+00:00\",\"breadcrumb\":{\"@id\":\"https:\/\/nyforetagarcentrum.se\/soderkopingvaldemarsvik\/kontakt\/#breadcrumb\"},\"inLanguage\":\"sv-SE\",\"potentialAction\":[{\"@type\":\"ReadAction\",\"target\":[\"https:\/\/nyforetagarcentrum.se\/soderkopingvaldemarsvik\/kontakt\/\"]}]},{\"@type\":\"BreadcrumbList\",\"@id\":\"https:\/\/nyforetagarcentrum.se\/soderkopingvaldemarsvik\/kontakt\/#breadcrumb\",\"itemListElement\":[{\"@type\":\"ListItem\",\"position\":1,\"name\":\"Hem\",\"item\":\"https:\/\/nyforetagarcentrum.se\/soderkopingvaldemarsvik\/\"},{\"@type\":\"ListItem\",\"position\":2,\"name\":\"Kontakt\"}]},{\"@type\":\"WebSite\",\"@id\":\"https:\/\/nyforetagarcentrum.se\/soderkopingvaldemarsvik\/#website\",\"url\":\"https:\/\/nyforetagarcentrum.se\/soderkopingvaldemarsvik\/\",\"name\":\"S\u00f6derk\u00f6ping Valdemarsvik\",\"description\":\"Sveriges ledande kraft f\u00f6r fler nya livskraftiga f\u00f6retag\",\"publisher\":{\"@id\":\"https:\/\/nyforetagarcentrum.se\/soderkopingvaldemarsvik\/#organization\"},\"potentialAction\":[{\"@type\":\"SearchAction\",\"target\":{\"@type\":\"EntryPoint\",\"urlTemplate\":\"https:\/\/nyforetagarcentrum.se\/soderkopingvaldemarsvik\/?s={search_term_string}\"},\"query-input\":\"required name=search_term_string\"}],\"inLanguage\":\"sv-SE\"},{\"@type\":\"Organization\",\"@id\":\"https:\/\/nyforetagarcentrum.se\/soderkopingvaldemarsvik\/#organization\",\"name\":\"S\u00f6derk\u00f6ping Valdemarsvik\",\"url\":\"https:\/\/nyforetagarcentrum.se\/soderkopingvaldemarsvik\/\",\"logo\":{\"@type\":\"ImageObject\",\"inLanguage\":\"sv-SE\",\"@id\":\"https:\/\/nyforetagarcentrum.se\/soderkopingvaldemarsvik\/#\/schema\/logo\/image\/\",\"url\":\"https:\/\/nyforetagarcentrum.se\/soderkopingvaldemarsvik\/wp-content\/uploads\/sites\/59\/2024\/04\/Soderkoping-valdemarsvik.png\",\"contentUrl\":\"https:\/\/nyforetagarcentrum.se\/soderkopingvaldemarsvik\/wp-content\/uploads\/sites\/59\/2024\/04\/Soderkoping-valdemarsvik.png\",\"width\":1082,\"height\":542,\"caption\":\"S\u00f6derk\u00f6ping Valdemarsvik\"},\"image\":{\"@id\":\"https:\/\/nyforetagarcentrum.se\/soderkopingvaldemarsvik\/#\/schema\/logo\/image\/\"}}]}<\/script>\n<!-- \/ Yoast SEO plugin. -->","yoast_head_json":{"title":"Kontakt - S\u00f6derk\u00f6ping Valdemarsvik","robots":{"index":"index","follow":"follow","max-snippet":"max-snippet:-1","max-image-preview":"max-image-preview:large","max-video-preview":"max-video-preview:-1"},"canonical":"https:\/\/nyforetagarcentrum.se\/soderkopingvaldemarsvik\/kontakt\/","og_locale":"sv_SE","og_type":"article","og_title":"Kontakt - S\u00f6derk\u00f6ping Valdemarsvik","og_description":"Funderar du p\u00e5 att starta f\u00f6retag s\u00e5 \u00e4r du v\u00e4lkommen att kontakta oss p\u00e5 Nyf\u00f6retagarCentrum S\u00f6derk\u00f6ping Valdemarsvik. Vi \u00e4r tre r\u00e5dgivare,\u00a0\u00a0Britta Andersson, Jessica Karlsson och \u00c5ke Rolf. Vi samarbetar med CoOperate Office i S\u00f6derk\u00f6ping och Valdemarsviks kommun, vi kommer ha tillg\u00e5ng till en lokal i Sj\u00f6huset, Valdemarsvik fr\u00e5n o med 2025. Vi genomf\u00f6r r\u00e5dgivningsm\u00f6ten och [&hellip;]","og_url":"https:\/\/nyforetagarcentrum.se\/soderkopingvaldemarsvik\/kontakt\/","og_site_name":"S\u00f6derk\u00f6ping Valdemarsvik","article_modified_time":"2026-05-01T14:32:40+00:00","twitter_card":"summary_large_image","twitter_misc":{"Ber\u00e4knad l\u00e4stid":"1 minut"},"schema":{"@context":"https:\/\/schema.org","@graph":[{"@type":"WebPage","@id":"https:\/\/nyforetagarcentrum.se\/soderkopingvaldemarsvik\/kontakt\/","url":"https:\/\/nyforetagarcentrum.se\/soderkopingvaldemarsvik\/kontakt\/","name":"Kontakt - S\u00f6derk\u00f6ping Valdemarsvik","isPartOf":{"@id":"https:\/\/nyforetagarcentrum.se\/soderkopingvaldemarsvik\/#website"},"datePublished":"2024-02-27T15:06:59+00:00","dateModified":"2026-05-01T14:32:40+00:00","breadcrumb":{"@id":"https:\/\/nyforetagarcentrum.se\/soderkopingvaldemarsvik\/kontakt\/#breadcrumb"},"inLanguage":"sv-SE","potentialAction":[{"@type":"ReadAction","target":["https:\/\/nyforetagarcentrum.se\/soderkopingvaldemarsvik\/kontakt\/"]}]},{"@type":"BreadcrumbList","@id":"https:\/\/nyforetagarcentrum.se\/soderkopingvaldemarsvik\/kontakt\/#breadcrumb","itemListElement":[{"@type":"ListItem","position":1,"name":"Hem","item":"https:\/\/nyforetagarcentrum.se\/soderkopingvaldemarsvik\/"},{"@type":"ListItem","position":2,"name":"Kontakt"}]},{"@type":"WebSite","@id":"https:\/\/nyforetagarcentrum.se\/soderkopingvaldemarsvik\/#website","url":"https:\/\/nyforetagarcentrum.se\/soderkopingvaldemarsvik\/","name":"S\u00f6derk\u00f6ping Valdemarsvik","description":"Sveriges ledande kraft f\u00f6r fler nya livskraftiga f\u00f6retag","publisher":{"@id":"https:\/\/nyforetagarcentrum.se\/soderkopingvaldemarsvik\/#organization"},"potentialAction":[{"@type":"SearchAction","target":{"@type":"EntryPoint","urlTemplate":"https:\/\/nyforetagarcentrum.se\/soderkopingvaldemarsvik\/?s={search_term_string}"},"query-input":"required name=search_term_string"}],"inLanguage":"sv-SE"},{"@type":"Organization","@id":"https:\/\/nyforetagarcentrum.se\/soderkopingvaldemarsvik\/#organization","name":"S\u00f6derk\u00f6ping Valdemarsvik","url":"https:\/\/nyforetagarcentrum.se\/soderkopingvaldemarsvik\/","logo":{"@type":"ImageObject","inLanguage":"sv-SE","@id":"https:\/\/nyforetagarcentrum.se\/soderkopingvaldemarsvik\/#\/schema\/logo\/image\/","url":"https:\/\/nyforetagarcentrum.se\/soderkopingvaldemarsvik\/wp-content\/uploads\/sites\/59\/2024\/04\/Soderkoping-valdemarsvik.png","contentUrl":"https:\/\/nyforetagarcentrum.se\/soderkopingvaldemarsvik\/wp-content\/uploads\/sites\/59\/2024\/04\/Soderkoping-valdemarsvik.png","width":1082,"height":542,"caption":"S\u00f6derk\u00f6ping Valdemarsvik"},"image":{"@id":"https:\/\/nyforetagarcentrum.se\/soderkopingvaldemarsvik\/#\/schema\/logo\/image\/"}}]}},"_links":{"self":[{"href":"https:\/\/nyforetagarcentrum.se\/soderkopingvaldemarsvik\/wp-json\/wp\/v2\/pages\/169"}],"collection":[{"href":"https:\/\/nyforetagarcentrum.se\/soderkopingvaldemarsvik\/wp-json\/wp\/v2\/pages"}],"about":[{"href":"https:\/\/nyforetagarcentrum.se\/soderkopingvaldemarsvik\/wp-json\/wp\/v2\/types\/page"}],"author":[{"embeddable":true,"href":"https:\/\/nyforetagarcentrum.se\/soderkopingvaldemarsvik\/wp-json\/wp\/v2\/users\/1"}],"replies":[{"embeddable":true,"href":"https:\/\/nyforetagarcentrum.se\/soderkopingvaldemarsvik\/wp-json\/wp\/v2\/comments?post=169"}],"version-history":[{"count":57,"href":"https:\/\/nyforetagarcentrum.se\/soderkopingvaldemarsvik\/wp-json\/wp\/v2\/pages\/169\/revisions"}],"predecessor-version":[{"id":1181,"href":"https:\/\/nyforetagarcentrum.se\/soderkopingvaldemarsvik\/wp-json\/wp\/v2\/pages\/169\/revisions\/1181"}],"wp:attachment":[{"href":"https:\/\/nyforetagarcentrum.se\/soderkopingvaldemarsvik\/wp-json\/wp\/v2\/media?parent=169"}],"curies":[{"name":"wp","href":"https:\/\/api.w.org\/{rel}","templated":true}]}}