{"id":161,"date":"2024-02-27T16:04:37","date_gmt":"2024-02-27T15:04:37","guid":{"rendered":"https:\/\/nyforetagarcentrum.se\/soderkopingvaldemarsvik\/?page_id=161"},"modified":"2024-05-15T16:18:19","modified_gmt":"2024-05-15T14:18:19","slug":"om-oss","status":"publish","type":"page","link":"https:\/\/nyforetagarcentrum.se\/soderkopingvaldemarsvik\/om-oss\/","title":{"rendered":"Om oss"},"content":{"rendered":"\n<div style=\"height:50px\" aria-hidden=\"true\" class=\"wp-block-spacer\"><\/div>\n\n\n<section  class=\"nfc-block-breadcrumbs\">\n    <div class=\"wrapper contained\">\n        <ol class=\"breadcrumbs\" itemscope itemtype=\"https:\/\/schema.org\/BreadcrumbList\">\n            <li itemprop=\"itemListElement\" itemscope itemtype=\"https:\/\/schema.org\/ListItem\">\n            \n\n                            <span class=\"current\" itemprop=\"name\">Hem<\/span>\n            \n            <meta itemprop=\"position\" content=\"1\" \/>\n        <\/li>\n    <\/ol>    <\/div>\n<\/section>\n\n\n<div style=\"height:51px\" aria-hidden=\"true\" class=\"wp-block-spacer\"><\/div>\n\n\n<section  class=\"nfc-block-split_screen alignwide image_alignment-left\">\n    <div class=\"wrapper\">\n        <div class=\"nfc-block-split_screen__image-wrapper\">\n            <img loading=\"lazy\" decoding=\"async\" width=\"1440\" height=\"1080\" src=\"https:\/\/nyforetagarcentrum.se\/soderkopingvaldemarsvik\/wp-content\/uploads\/sites\/59\/2024\/05\/IMG_4975-1-1440x1080.jpg\" class=\"attachment-landscape size-landscape\" alt=\"M\u00f6te med f\u00f6retagare\" srcset=\"https:\/\/nyforetagarcentrum.se\/soderkopingvaldemarsvik\/wp-content\/uploads\/sites\/59\/2024\/05\/IMG_4975-1-1440x1080.jpg 1440w, https:\/\/nyforetagarcentrum.se\/soderkopingvaldemarsvik\/wp-content\/uploads\/sites\/59\/2024\/05\/IMG_4975-1-300x225.jpg 300w, https:\/\/nyforetagarcentrum.se\/soderkopingvaldemarsvik\/wp-content\/uploads\/sites\/59\/2024\/05\/IMG_4975-1-1024x768.jpg 1024w, https:\/\/nyforetagarcentrum.se\/soderkopingvaldemarsvik\/wp-content\/uploads\/sites\/59\/2024\/05\/IMG_4975-1-768x576.jpg 768w, https:\/\/nyforetagarcentrum.se\/soderkopingvaldemarsvik\/wp-content\/uploads\/sites\/59\/2024\/05\/IMG_4975-1-1536x1152.jpg 1536w, https:\/\/nyforetagarcentrum.se\/soderkopingvaldemarsvik\/wp-content\/uploads\/sites\/59\/2024\/05\/IMG_4975-1-2048x1536.jpg 2048w\" sizes=\"(max-width: 1440px) 100vw, 1440px\" \/>        <\/div>\n\n        <div class=\"nfc-block-split_screen__content-wrapper\">\n            <h3>Nyf\u00f6retagarCentrum i S\u00f6derk\u00f6ping och Valdemarsvik<\/h3>\n<p>Nyf\u00f6retagarCentrum ger dig som funderar p\u00e5 att starta eget f\u00f6retag \u2013 eller redan har startat \u2013 kostnadsfri r\u00e5dgivning. Vi har erfarna r\u00e5dgivare som hj\u00e4lper dig med din aff\u00e4rsid\u00e9, fr\u00e5gor kring budget, marknadsf\u00f6ring eller vad du vill som r\u00f6r ditt f\u00f6retagande.<\/p>\n<p>N\u00e4r du har varit p\u00e5 r\u00e5dgivning hos oss kommer du att vara v\u00e4l f\u00f6rberedd f\u00f6r livet som egenf\u00f6retagare. Det enda vi kr\u00e4ver av dig \u00e4r ditt engagemang och att du tror p\u00e5 din id\u00e9.<\/p>\n<p>R\u00e5dgivningen \u00e4r helt kostnadsfri tack vare v\u00e5rt n\u00e4tverk av samarbetspartners som st\u00f6der oss, b\u00e5de med finansiella medel och med personlig expertis och engagemang.<\/p>\n<p>Har du en f\u00f6retagsid\u00e9 \u2013 h\u00f6r av dig till oss redan idag!<\/p>\n\n                            <div class=\"nfc-block-split_screen__buttons\">\n                                            <a href=\"soderkopingvaldemarsvik\/kontakt\/\" class=\"button outlined\">Kontakta oss<\/a>\n                                    <\/div>\n            \n        <\/div>\n    <\/div>\n<\/section>\n\n\n<div style=\"height:50px\" aria-hidden=\"true\" class=\"wp-block-spacer\"><\/div>\n\n\n\n<div style=\"height:50px\" aria-hidden=\"true\" class=\"wp-block-spacer\"><\/div>\n\n\n\n<h3 class=\"wp-block-heading has-text-align-center\">Bli samarbetspartner till Nyf\u00f6retagarCentrum i S\u00f6derk\u00f6ping och Valdemarsvik!<\/h3>\n\n\n\n<div class=\"wp-block-group alignfull is-layout-constrained wp-block-group-is-layout-constrained\"><section  class=\"nfc-block-form aligncontent layout-small\">\n    <div class=\"contained\">\n\n        <form data-nfc-form=\"block_84f086999862d30ded06df3d68353f27\" data-nfc-page=\"161\">\n            <label class=\"input-wrapper\" for=\"namn\">\n    <span>Namn<\/span>\n    <input type=\"text\" name=\"namn\" id=\"namn\" placeholder=\"\" >\n<\/label><label class=\"input-wrapper\" for=\"foretag-eller-organisation\">\n    <span>F\u00f6retag eller organisation<\/span>\n    <input type=\"text\" name=\"foretag-eller-organisation\" id=\"foretag-eller-organisation\" placeholder=\"\" >\n<\/label><label class=\"input-wrapper\" for=\"e-post\">\n    <span>E-post<\/span>\n    <input type=\"text\" name=\"e-post\" id=\"e-post\" placeholder=\"\" >\n<\/label>\n            <div class=\"input-wrapper\">\n                <button type=\"submit\" class=\"button\">Skicka<\/button>\n            <\/div>\n        <\/form>\n    <\/div>\n<\/section><\/div>\n\n\n\n<div style=\"height:100px\" aria-hidden=\"true\" class=\"wp-block-spacer\"><\/div>\n","protected":false},"excerpt":{"rendered":"<p>Bli samarbetspartner till Nyf\u00f6retagarCentrum i S\u00f6derk\u00f6ping och Valdemarsvik!<\/p>\n","protected":false},"author":1,"featured_media":0,"parent":0,"menu_order":0,"comment_status":"closed","ping_status":"closed","template":"","meta":{"footnotes":""},"acf":[],"yoast_head":"<!-- This site is optimized with the Yoast SEO plugin v22.9 - https:\/\/yoast.com\/wordpress\/plugins\/seo\/ -->\n<title>Om oss - S\u00f6derk\u00f6ping Valdemarsvik<\/title>\n<meta name=\"robots\" content=\"index, follow, max-snippet:-1, max-image-preview:large, max-video-preview:-1\" \/>\n<link rel=\"canonical\" href=\"https:\/\/nyforetagarcentrum.se\/soderkopingvaldemarsvik\/om-oss\/\" \/>\n<meta property=\"og:locale\" content=\"sv_SE\" \/>\n<meta property=\"og:type\" content=\"article\" \/>\n<meta property=\"og:title\" content=\"Om oss - S\u00f6derk\u00f6ping Valdemarsvik\" \/>\n<meta property=\"og:description\" content=\"Bli samarbetspartner till Nyf\u00f6retagarCentrum i S\u00f6derk\u00f6ping och Valdemarsvik!\" \/>\n<meta property=\"og:url\" content=\"https:\/\/nyforetagarcentrum.se\/soderkopingvaldemarsvik\/om-oss\/\" \/>\n<meta property=\"og:site_name\" content=\"S\u00f6derk\u00f6ping Valdemarsvik\" \/>\n<meta property=\"article:modified_time\" content=\"2024-05-15T14:18:19+00:00\" \/>\n<meta name=\"twitter:card\" content=\"summary_large_image\" \/>\n<script type=\"application\/ld+json\" class=\"yoast-schema-graph\">{\"@context\":\"https:\/\/schema.org\",\"@graph\":[{\"@type\":\"WebPage\",\"@id\":\"https:\/\/nyforetagarcentrum.se\/soderkopingvaldemarsvik\/om-oss\/\",\"url\":\"https:\/\/nyforetagarcentrum.se\/soderkopingvaldemarsvik\/om-oss\/\",\"name\":\"Om oss - S\u00f6derk\u00f6ping Valdemarsvik\",\"isPartOf\":{\"@id\":\"https:\/\/nyforetagarcentrum.se\/soderkopingvaldemarsvik\/#website\"},\"datePublished\":\"2024-02-27T15:04:37+00:00\",\"dateModified\":\"2024-05-15T14:18:19+00:00\",\"breadcrumb\":{\"@id\":\"https:\/\/nyforetagarcentrum.se\/soderkopingvaldemarsvik\/om-oss\/#breadcrumb\"},\"inLanguage\":\"sv-SE\",\"potentialAction\":[{\"@type\":\"ReadAction\",\"target\":[\"https:\/\/nyforetagarcentrum.se\/soderkopingvaldemarsvik\/om-oss\/\"]}]},{\"@type\":\"BreadcrumbList\",\"@id\":\"https:\/\/nyforetagarcentrum.se\/soderkopingvaldemarsvik\/om-oss\/#breadcrumb\",\"itemListElement\":[{\"@type\":\"ListItem\",\"position\":1,\"name\":\"Hem\",\"item\":\"https:\/\/nyforetagarcentrum.se\/soderkopingvaldemarsvik\/\"},{\"@type\":\"ListItem\",\"position\":2,\"name\":\"Om oss\"}]},{\"@type\":\"WebSite\",\"@id\":\"https:\/\/nyforetagarcentrum.se\/soderkopingvaldemarsvik\/#website\",\"url\":\"https:\/\/nyforetagarcentrum.se\/soderkopingvaldemarsvik\/\",\"name\":\"S\u00f6derk\u00f6ping Valdemarsvik\",\"description\":\"Sveriges ledande kraft f\u00f6r fler nya livskraftiga f\u00f6retag\",\"publisher\":{\"@id\":\"https:\/\/nyforetagarcentrum.se\/soderkopingvaldemarsvik\/#organization\"},\"potentialAction\":[{\"@type\":\"SearchAction\",\"target\":{\"@type\":\"EntryPoint\",\"urlTemplate\":\"https:\/\/nyforetagarcentrum.se\/soderkopingvaldemarsvik\/?s={search_term_string}\"},\"query-input\":\"required name=search_term_string\"}],\"inLanguage\":\"sv-SE\"},{\"@type\":\"Organization\",\"@id\":\"https:\/\/nyforetagarcentrum.se\/soderkopingvaldemarsvik\/#organization\",\"name\":\"S\u00f6derk\u00f6ping Valdemarsvik\",\"url\":\"https:\/\/nyforetagarcentrum.se\/soderkopingvaldemarsvik\/\",\"logo\":{\"@type\":\"ImageObject\",\"inLanguage\":\"sv-SE\",\"@id\":\"https:\/\/nyforetagarcentrum.se\/soderkopingvaldemarsvik\/#\/schema\/logo\/image\/\",\"url\":\"https:\/\/nyforetagarcentrum.se\/soderkopingvaldemarsvik\/wp-content\/uploads\/sites\/59\/2024\/04\/Soderkoping-valdemarsvik.png\",\"contentUrl\":\"https:\/\/nyforetagarcentrum.se\/soderkopingvaldemarsvik\/wp-content\/uploads\/sites\/59\/2024\/04\/Soderkoping-valdemarsvik.png\",\"width\":1082,\"height\":542,\"caption\":\"S\u00f6derk\u00f6ping Valdemarsvik\"},\"image\":{\"@id\":\"https:\/\/nyforetagarcentrum.se\/soderkopingvaldemarsvik\/#\/schema\/logo\/image\/\"}}]}<\/script>\n<!-- \/ Yoast SEO plugin. -->","yoast_head_json":{"title":"Om oss - S\u00f6derk\u00f6ping Valdemarsvik","robots":{"index":"index","follow":"follow","max-snippet":"max-snippet:-1","max-image-preview":"max-image-preview:large","max-video-preview":"max-video-preview:-1"},"canonical":"https:\/\/nyforetagarcentrum.se\/soderkopingvaldemarsvik\/om-oss\/","og_locale":"sv_SE","og_type":"article","og_title":"Om oss - S\u00f6derk\u00f6ping Valdemarsvik","og_description":"Bli samarbetspartner till Nyf\u00f6retagarCentrum i S\u00f6derk\u00f6ping och Valdemarsvik!","og_url":"https:\/\/nyforetagarcentrum.se\/soderkopingvaldemarsvik\/om-oss\/","og_site_name":"S\u00f6derk\u00f6ping Valdemarsvik","article_modified_time":"2024-05-15T14:18:19+00:00","twitter_card":"summary_large_image","schema":{"@context":"https:\/\/schema.org","@graph":[{"@type":"WebPage","@id":"https:\/\/nyforetagarcentrum.se\/soderkopingvaldemarsvik\/om-oss\/","url":"https:\/\/nyforetagarcentrum.se\/soderkopingvaldemarsvik\/om-oss\/","name":"Om oss - S\u00f6derk\u00f6ping Valdemarsvik","isPartOf":{"@id":"https:\/\/nyforetagarcentrum.se\/soderkopingvaldemarsvik\/#website"},"datePublished":"2024-02-27T15:04:37+00:00","dateModified":"2024-05-15T14:18:19+00:00","breadcrumb":{"@id":"https:\/\/nyforetagarcentrum.se\/soderkopingvaldemarsvik\/om-oss\/#breadcrumb"},"inLanguage":"sv-SE","potentialAction":[{"@type":"ReadAction","target":["https:\/\/nyforetagarcentrum.se\/soderkopingvaldemarsvik\/om-oss\/"]}]},{"@type":"BreadcrumbList","@id":"https:\/\/nyforetagarcentrum.se\/soderkopingvaldemarsvik\/om-oss\/#breadcrumb","itemListElement":[{"@type":"ListItem","position":1,"name":"Hem","item":"https:\/\/nyforetagarcentrum.se\/soderkopingvaldemarsvik\/"},{"@type":"ListItem","position":2,"name":"Om oss"}]},{"@type":"WebSite","@id":"https:\/\/nyforetagarcentrum.se\/soderkopingvaldemarsvik\/#website","url":"https:\/\/nyforetagarcentrum.se\/soderkopingvaldemarsvik\/","name":"S\u00f6derk\u00f6ping Valdemarsvik","description":"Sveriges ledande kraft f\u00f6r fler nya livskraftiga f\u00f6retag","publisher":{"@id":"https:\/\/nyforetagarcentrum.se\/soderkopingvaldemarsvik\/#organization"},"potentialAction":[{"@type":"SearchAction","target":{"@type":"EntryPoint","urlTemplate":"https:\/\/nyforetagarcentrum.se\/soderkopingvaldemarsvik\/?s={search_term_string}"},"query-input":"required name=search_term_string"}],"inLanguage":"sv-SE"},{"@type":"Organization","@id":"https:\/\/nyforetagarcentrum.se\/soderkopingvaldemarsvik\/#organization","name":"S\u00f6derk\u00f6ping Valdemarsvik","url":"https:\/\/nyforetagarcentrum.se\/soderkopingvaldemarsvik\/","logo":{"@type":"ImageObject","inLanguage":"sv-SE","@id":"https:\/\/nyforetagarcentrum.se\/soderkopingvaldemarsvik\/#\/schema\/logo\/image\/","url":"https:\/\/nyforetagarcentrum.se\/soderkopingvaldemarsvik\/wp-content\/uploads\/sites\/59\/2024\/04\/Soderkoping-valdemarsvik.png","contentUrl":"https:\/\/nyforetagarcentrum.se\/soderkopingvaldemarsvik\/wp-content\/uploads\/sites\/59\/2024\/04\/Soderkoping-valdemarsvik.png","width":1082,"height":542,"caption":"S\u00f6derk\u00f6ping Valdemarsvik"},"image":{"@id":"https:\/\/nyforetagarcentrum.se\/soderkopingvaldemarsvik\/#\/schema\/logo\/image\/"}}]}},"_links":{"self":[{"href":"https:\/\/nyforetagarcentrum.se\/soderkopingvaldemarsvik\/wp-json\/wp\/v2\/pages\/161"}],"collection":[{"href":"https:\/\/nyforetagarcentrum.se\/soderkopingvaldemarsvik\/wp-json\/wp\/v2\/pages"}],"about":[{"href":"https:\/\/nyforetagarcentrum.se\/soderkopingvaldemarsvik\/wp-json\/wp\/v2\/types\/page"}],"author":[{"embeddable":true,"href":"https:\/\/nyforetagarcentrum.se\/soderkopingvaldemarsvik\/wp-json\/wp\/v2\/users\/1"}],"replies":[{"embeddable":true,"href":"https:\/\/nyforetagarcentrum.se\/soderkopingvaldemarsvik\/wp-json\/wp\/v2\/comments?post=161"}],"version-history":[{"count":28,"href":"https:\/\/nyforetagarcentrum.se\/soderkopingvaldemarsvik\/wp-json\/wp\/v2\/pages\/161\/revisions"}],"predecessor-version":[{"id":572,"href":"https:\/\/nyforetagarcentrum.se\/soderkopingvaldemarsvik\/wp-json\/wp\/v2\/pages\/161\/revisions\/572"}],"wp:attachment":[{"href":"https:\/\/nyforetagarcentrum.se\/soderkopingvaldemarsvik\/wp-json\/wp\/v2\/media?parent=161"}],"curies":[{"name":"wp","href":"https:\/\/api.w.org\/{rel}","templated":true}]}}