{"id":1132,"date":"2026-01-08T17:16:33","date_gmt":"2026-01-08T16:16:33","guid":{"rendered":"https:\/\/nyforetagarcentrum.se\/soderkopingvaldemarsvik\/?page_id=1132"},"modified":"2026-01-08T17:21:09","modified_gmt":"2026-01-08T16:21:09","slug":"styrelse","status":"publish","type":"page","link":"https:\/\/nyforetagarcentrum.se\/soderkopingvaldemarsvik\/styrelse\/","title":{"rendered":"2026 Styrelse"},"content":{"rendered":"<section  class=\"nfc-block-split_screen alignwide image_alignment-left\">\n    <div class=\"wrapper\">\n        <div class=\"nfc-block-split_screen__image-wrapper\">\n            <img loading=\"lazy\" decoding=\"async\" width=\"1148\" height=\"1080\" src=\"https:\/\/nyforetagarcentrum.se\/soderkopingvaldemarsvik\/wp-content\/uploads\/sites\/59\/2024\/05\/Kurs-1148x1080.jpg\" class=\"attachment-landscape size-landscape\" alt=\"\" srcset=\"https:\/\/nyforetagarcentrum.se\/soderkopingvaldemarsvik\/wp-content\/uploads\/sites\/59\/2024\/05\/Kurs-1148x1080.jpg 1148w, https:\/\/nyforetagarcentrum.se\/soderkopingvaldemarsvik\/wp-content\/uploads\/sites\/59\/2024\/05\/Kurs-300x282.jpg 300w, https:\/\/nyforetagarcentrum.se\/soderkopingvaldemarsvik\/wp-content\/uploads\/sites\/59\/2024\/05\/Kurs-1024x963.jpg 1024w, https:\/\/nyforetagarcentrum.se\/soderkopingvaldemarsvik\/wp-content\/uploads\/sites\/59\/2024\/05\/Kurs-768x722.jpg 768w, https:\/\/nyforetagarcentrum.se\/soderkopingvaldemarsvik\/wp-content\/uploads\/sites\/59\/2024\/05\/Kurs.jpg 1280w\" sizes=\"(max-width: 1148px) 100vw, 1148px\" \/>        <\/div>\n\n        <div class=\"nfc-block-split_screen__content-wrapper\">\n            <p>Bengt Jacobsson, ordf\u00f6rande<br \/>\nCaroline Bragner<br \/>\nLillmarie Jonsson<br \/>\nLars Lindberg<br \/>\nAnn-Louise Kroon<br \/>\nH\u00e5kan Eriksson<br \/>\nMidas Verheijden<br \/>\nIsabell Wikner<br \/>\nAnton Lundberg<br \/>\nVilhelm Nordh Ebbesson<\/p>\n<p>Adjungerade<br \/>\nTherese Ekl\u00f6f<br \/>\nJoanna \u00c5hman<br \/>\n\u00c5ke Rolf<br \/>\nBritta Andersson<\/p>\n\n            \n        <\/div>\n    <\/div>\n<\/section>","protected":false},"excerpt":{"rendered":"","protected":false},"author":49,"featured_media":614,"parent":0,"menu_order":0,"comment_status":"closed","ping_status":"closed","template":"","meta":{"footnotes":""},"acf":[],"yoast_head":"<!-- This site is optimized with the Yoast SEO plugin v22.9 - https:\/\/yoast.com\/wordpress\/plugins\/seo\/ -->\n<title>2026 Styrelse - S\u00f6derk\u00f6ping Valdemarsvik<\/title>\n<meta name=\"robots\" content=\"index, follow, max-snippet:-1, max-image-preview:large, max-video-preview:-1\" \/>\n<link rel=\"canonical\" href=\"https:\/\/nyforetagarcentrum.se\/soderkopingvaldemarsvik\/styrelse\/\" \/>\n<meta property=\"og:locale\" content=\"sv_SE\" \/>\n<meta property=\"og:type\" content=\"article\" \/>\n<meta property=\"og:title\" content=\"2026 Styrelse - S\u00f6derk\u00f6ping Valdemarsvik\" \/>\n<meta property=\"og:url\" content=\"https:\/\/nyforetagarcentrum.se\/soderkopingvaldemarsvik\/styrelse\/\" \/>\n<meta property=\"og:site_name\" content=\"S\u00f6derk\u00f6ping Valdemarsvik\" \/>\n<meta property=\"article:modified_time\" content=\"2026-01-08T16:21:09+00:00\" \/>\n<meta property=\"og:image\" content=\"https:\/\/nyforetagarcentrum.se\/soderkopingvaldemarsvik\/wp-content\/uploads\/sites\/59\/2024\/05\/Kurs.jpg\" \/>\n\t<meta property=\"og:image:width\" content=\"1280\" \/>\n\t<meta property=\"og:image:height\" content=\"1204\" \/>\n\t<meta property=\"og:image:type\" content=\"image\/jpeg\" \/>\n<meta name=\"twitter:card\" content=\"summary_large_image\" \/>\n<meta name=\"twitter:label1\" content=\"Ber\u00e4knad l\u00e4stid\" \/>\n\t<meta name=\"twitter:data1\" content=\"1 minut\" \/>\n<script type=\"application\/ld+json\" class=\"yoast-schema-graph\">{\"@context\":\"https:\/\/schema.org\",\"@graph\":[{\"@type\":\"WebPage\",\"@id\":\"https:\/\/nyforetagarcentrum.se\/soderkopingvaldemarsvik\/styrelse\/\",\"url\":\"https:\/\/nyforetagarcentrum.se\/soderkopingvaldemarsvik\/styrelse\/\",\"name\":\"2026 Styrelse - S\u00f6derk\u00f6ping Valdemarsvik\",\"isPartOf\":{\"@id\":\"https:\/\/nyforetagarcentrum.se\/soderkopingvaldemarsvik\/#website\"},\"primaryImageOfPage\":{\"@id\":\"https:\/\/nyforetagarcentrum.se\/soderkopingvaldemarsvik\/styrelse\/#primaryimage\"},\"image\":{\"@id\":\"https:\/\/nyforetagarcentrum.se\/soderkopingvaldemarsvik\/styrelse\/#primaryimage\"},\"thumbnailUrl\":\"https:\/\/nyforetagarcentrum.se\/soderkopingvaldemarsvik\/wp-content\/uploads\/sites\/59\/2024\/05\/Kurs.jpg\",\"datePublished\":\"2026-01-08T16:16:33+00:00\",\"dateModified\":\"2026-01-08T16:21:09+00:00\",\"breadcrumb\":{\"@id\":\"https:\/\/nyforetagarcentrum.se\/soderkopingvaldemarsvik\/styrelse\/#breadcrumb\"},\"inLanguage\":\"sv-SE\",\"potentialAction\":[{\"@type\":\"ReadAction\",\"target\":[\"https:\/\/nyforetagarcentrum.se\/soderkopingvaldemarsvik\/styrelse\/\"]}]},{\"@type\":\"ImageObject\",\"inLanguage\":\"sv-SE\",\"@id\":\"https:\/\/nyforetagarcentrum.se\/soderkopingvaldemarsvik\/styrelse\/#primaryimage\",\"url\":\"https:\/\/nyforetagarcentrum.se\/soderkopingvaldemarsvik\/wp-content\/uploads\/sites\/59\/2024\/05\/Kurs.jpg\",\"contentUrl\":\"https:\/\/nyforetagarcentrum.se\/soderkopingvaldemarsvik\/wp-content\/uploads\/sites\/59\/2024\/05\/Kurs.jpg\",\"width\":1280,\"height\":1204,\"caption\":\"Photo by Headway on Unsplash\"},{\"@type\":\"BreadcrumbList\",\"@id\":\"https:\/\/nyforetagarcentrum.se\/soderkopingvaldemarsvik\/styrelse\/#breadcrumb\",\"itemListElement\":[{\"@type\":\"ListItem\",\"position\":1,\"name\":\"Hem\",\"item\":\"https:\/\/nyforetagarcentrum.se\/soderkopingvaldemarsvik\/\"},{\"@type\":\"ListItem\",\"position\":2,\"name\":\"2026 Styrelse\"}]},{\"@type\":\"WebSite\",\"@id\":\"https:\/\/nyforetagarcentrum.se\/soderkopingvaldemarsvik\/#website\",\"url\":\"https:\/\/nyforetagarcentrum.se\/soderkopingvaldemarsvik\/\",\"name\":\"S\u00f6derk\u00f6ping Valdemarsvik\",\"description\":\"Sveriges ledande kraft f\u00f6r fler nya livskraftiga f\u00f6retag\",\"publisher\":{\"@id\":\"https:\/\/nyforetagarcentrum.se\/soderkopingvaldemarsvik\/#organization\"},\"potentialAction\":[{\"@type\":\"SearchAction\",\"target\":{\"@type\":\"EntryPoint\",\"urlTemplate\":\"https:\/\/nyforetagarcentrum.se\/soderkopingvaldemarsvik\/?s={search_term_string}\"},\"query-input\":\"required name=search_term_string\"}],\"inLanguage\":\"sv-SE\"},{\"@type\":\"Organization\",\"@id\":\"https:\/\/nyforetagarcentrum.se\/soderkopingvaldemarsvik\/#organization\",\"name\":\"S\u00f6derk\u00f6ping Valdemarsvik\",\"url\":\"https:\/\/nyforetagarcentrum.se\/soderkopingvaldemarsvik\/\",\"logo\":{\"@type\":\"ImageObject\",\"inLanguage\":\"sv-SE\",\"@id\":\"https:\/\/nyforetagarcentrum.se\/soderkopingvaldemarsvik\/#\/schema\/logo\/image\/\",\"url\":\"https:\/\/nyforetagarcentrum.se\/soderkopingvaldemarsvik\/wp-content\/uploads\/sites\/59\/2024\/04\/Soderkoping-valdemarsvik.png\",\"contentUrl\":\"https:\/\/nyforetagarcentrum.se\/soderkopingvaldemarsvik\/wp-content\/uploads\/sites\/59\/2024\/04\/Soderkoping-valdemarsvik.png\",\"width\":1082,\"height\":542,\"caption\":\"S\u00f6derk\u00f6ping Valdemarsvik\"},\"image\":{\"@id\":\"https:\/\/nyforetagarcentrum.se\/soderkopingvaldemarsvik\/#\/schema\/logo\/image\/\"}}]}<\/script>\n<!-- \/ Yoast SEO plugin. -->","yoast_head_json":{"title":"2026 Styrelse - S\u00f6derk\u00f6ping Valdemarsvik","robots":{"index":"index","follow":"follow","max-snippet":"max-snippet:-1","max-image-preview":"max-image-preview:large","max-video-preview":"max-video-preview:-1"},"canonical":"https:\/\/nyforetagarcentrum.se\/soderkopingvaldemarsvik\/styrelse\/","og_locale":"sv_SE","og_type":"article","og_title":"2026 Styrelse - S\u00f6derk\u00f6ping Valdemarsvik","og_url":"https:\/\/nyforetagarcentrum.se\/soderkopingvaldemarsvik\/styrelse\/","og_site_name":"S\u00f6derk\u00f6ping Valdemarsvik","article_modified_time":"2026-01-08T16:21:09+00:00","og_image":[{"width":1280,"height":1204,"url":"https:\/\/nyforetagarcentrum.se\/soderkopingvaldemarsvik\/wp-content\/uploads\/sites\/59\/2024\/05\/Kurs.jpg","type":"image\/jpeg"}],"twitter_card":"summary_large_image","twitter_misc":{"Ber\u00e4knad l\u00e4stid":"1 minut"},"schema":{"@context":"https:\/\/schema.org","@graph":[{"@type":"WebPage","@id":"https:\/\/nyforetagarcentrum.se\/soderkopingvaldemarsvik\/styrelse\/","url":"https:\/\/nyforetagarcentrum.se\/soderkopingvaldemarsvik\/styrelse\/","name":"2026 Styrelse - S\u00f6derk\u00f6ping Valdemarsvik","isPartOf":{"@id":"https:\/\/nyforetagarcentrum.se\/soderkopingvaldemarsvik\/#website"},"primaryImageOfPage":{"@id":"https:\/\/nyforetagarcentrum.se\/soderkopingvaldemarsvik\/styrelse\/#primaryimage"},"image":{"@id":"https:\/\/nyforetagarcentrum.se\/soderkopingvaldemarsvik\/styrelse\/#primaryimage"},"thumbnailUrl":"https:\/\/nyforetagarcentrum.se\/soderkopingvaldemarsvik\/wp-content\/uploads\/sites\/59\/2024\/05\/Kurs.jpg","datePublished":"2026-01-08T16:16:33+00:00","dateModified":"2026-01-08T16:21:09+00:00","breadcrumb":{"@id":"https:\/\/nyforetagarcentrum.se\/soderkopingvaldemarsvik\/styrelse\/#breadcrumb"},"inLanguage":"sv-SE","potentialAction":[{"@type":"ReadAction","target":["https:\/\/nyforetagarcentrum.se\/soderkopingvaldemarsvik\/styrelse\/"]}]},{"@type":"ImageObject","inLanguage":"sv-SE","@id":"https:\/\/nyforetagarcentrum.se\/soderkopingvaldemarsvik\/styrelse\/#primaryimage","url":"https:\/\/nyforetagarcentrum.se\/soderkopingvaldemarsvik\/wp-content\/uploads\/sites\/59\/2024\/05\/Kurs.jpg","contentUrl":"https:\/\/nyforetagarcentrum.se\/soderkopingvaldemarsvik\/wp-content\/uploads\/sites\/59\/2024\/05\/Kurs.jpg","width":1280,"height":1204,"caption":"Photo by Headway on Unsplash"},{"@type":"BreadcrumbList","@id":"https:\/\/nyforetagarcentrum.se\/soderkopingvaldemarsvik\/styrelse\/#breadcrumb","itemListElement":[{"@type":"ListItem","position":1,"name":"Hem","item":"https:\/\/nyforetagarcentrum.se\/soderkopingvaldemarsvik\/"},{"@type":"ListItem","position":2,"name":"2026 Styrelse"}]},{"@type":"WebSite","@id":"https:\/\/nyforetagarcentrum.se\/soderkopingvaldemarsvik\/#website","url":"https:\/\/nyforetagarcentrum.se\/soderkopingvaldemarsvik\/","name":"S\u00f6derk\u00f6ping Valdemarsvik","description":"Sveriges ledande kraft f\u00f6r fler nya livskraftiga f\u00f6retag","publisher":{"@id":"https:\/\/nyforetagarcentrum.se\/soderkopingvaldemarsvik\/#organization"},"potentialAction":[{"@type":"SearchAction","target":{"@type":"EntryPoint","urlTemplate":"https:\/\/nyforetagarcentrum.se\/soderkopingvaldemarsvik\/?s={search_term_string}"},"query-input":"required name=search_term_string"}],"inLanguage":"sv-SE"},{"@type":"Organization","@id":"https:\/\/nyforetagarcentrum.se\/soderkopingvaldemarsvik\/#organization","name":"S\u00f6derk\u00f6ping Valdemarsvik","url":"https:\/\/nyforetagarcentrum.se\/soderkopingvaldemarsvik\/","logo":{"@type":"ImageObject","inLanguage":"sv-SE","@id":"https:\/\/nyforetagarcentrum.se\/soderkopingvaldemarsvik\/#\/schema\/logo\/image\/","url":"https:\/\/nyforetagarcentrum.se\/soderkopingvaldemarsvik\/wp-content\/uploads\/sites\/59\/2024\/04\/Soderkoping-valdemarsvik.png","contentUrl":"https:\/\/nyforetagarcentrum.se\/soderkopingvaldemarsvik\/wp-content\/uploads\/sites\/59\/2024\/04\/Soderkoping-valdemarsvik.png","width":1082,"height":542,"caption":"S\u00f6derk\u00f6ping Valdemarsvik"},"image":{"@id":"https:\/\/nyforetagarcentrum.se\/soderkopingvaldemarsvik\/#\/schema\/logo\/image\/"}}]}},"_links":{"self":[{"href":"https:\/\/nyforetagarcentrum.se\/soderkopingvaldemarsvik\/wp-json\/wp\/v2\/pages\/1132"}],"collection":[{"href":"https:\/\/nyforetagarcentrum.se\/soderkopingvaldemarsvik\/wp-json\/wp\/v2\/pages"}],"about":[{"href":"https:\/\/nyforetagarcentrum.se\/soderkopingvaldemarsvik\/wp-json\/wp\/v2\/types\/page"}],"author":[{"embeddable":true,"href":"https:\/\/nyforetagarcentrum.se\/soderkopingvaldemarsvik\/wp-json\/wp\/v2\/users\/49"}],"replies":[{"embeddable":true,"href":"https:\/\/nyforetagarcentrum.se\/soderkopingvaldemarsvik\/wp-json\/wp\/v2\/comments?post=1132"}],"version-history":[{"count":5,"href":"https:\/\/nyforetagarcentrum.se\/soderkopingvaldemarsvik\/wp-json\/wp\/v2\/pages\/1132\/revisions"}],"predecessor-version":[{"id":1138,"href":"https:\/\/nyforetagarcentrum.se\/soderkopingvaldemarsvik\/wp-json\/wp\/v2\/pages\/1132\/revisions\/1138"}],"wp:featuredmedia":[{"embeddable":true,"href":"https:\/\/nyforetagarcentrum.se\/soderkopingvaldemarsvik\/wp-json\/wp\/v2\/media\/614"}],"wp:attachment":[{"href":"https:\/\/nyforetagarcentrum.se\/soderkopingvaldemarsvik\/wp-json\/wp\/v2\/media?parent=1132"}],"curies":[{"name":"wp","href":"https:\/\/api.w.org\/{rel}","templated":true}]}}