{"id":93,"date":"2024-02-22T10:59:00","date_gmt":"2024-02-22T09:59:00","guid":{"rendered":"https:\/\/nyforetagarcentrum.se\/skelleftea\/?page_id=93"},"modified":"2025-11-05T14:03:01","modified_gmt":"2025-11-05T13:03:01","slug":"radgivning","status":"publish","type":"page","link":"https:\/\/nyforetagarcentrum.se\/skelleftea\/radgivning\/","title":{"rendered":"R\u00e5dgivning"},"content":{"rendered":"\n<div style=\"height:30px\" aria-hidden=\"true\" class=\"wp-block-spacer\"><\/div>\n\n\n<section  class=\"nfc-block-breadcrumbs alignwide\">\n    <div class=\"wrapper contained\">\n        <ol class=\"breadcrumbs\" itemscope itemtype=\"https:\/\/schema.org\/BreadcrumbList\">\n            <li itemprop=\"itemListElement\" itemscope itemtype=\"https:\/\/schema.org\/ListItem\">\n            \n\n                            <span class=\"current\" itemprop=\"name\">Hem<\/span>\n            \n            <meta itemprop=\"position\" content=\"1\" \/>\n        <\/li>\n    <\/ol>    <\/div>\n<\/section>\n\n\n<div style=\"height:30px\" aria-hidden=\"true\" class=\"wp-block-spacer\"><\/div>\n\n\n\n<div style=\"height:var(--wp--preset--spacing--50)\" aria-hidden=\"true\" class=\"wp-block-spacer\"><\/div>\n\n\n<section  class=\"nfc-block-split_screen alignwide image_alignment-left\">\n    <div class=\"wrapper\">\n        <div class=\"nfc-block-split_screen__image-wrapper\">\n            <img loading=\"lazy\" decoding=\"async\" width=\"1625\" height=\"1080\" src=\"https:\/\/nyforetagarcentrum.se\/skelleftea\/wp-content\/uploads\/sites\/107\/2025\/11\/Sommarhalsning-2023-1625x1080.jpg\" class=\"attachment-landscape size-landscape\" alt=\"\" srcset=\"https:\/\/nyforetagarcentrum.se\/skelleftea\/wp-content\/uploads\/sites\/107\/2025\/11\/Sommarhalsning-2023-1625x1080.jpg 1625w, https:\/\/nyforetagarcentrum.se\/skelleftea\/wp-content\/uploads\/sites\/107\/2025\/11\/Sommarhalsning-2023-300x199.jpg 300w, https:\/\/nyforetagarcentrum.se\/skelleftea\/wp-content\/uploads\/sites\/107\/2025\/11\/Sommarhalsning-2023-1024x681.jpg 1024w, https:\/\/nyforetagarcentrum.se\/skelleftea\/wp-content\/uploads\/sites\/107\/2025\/11\/Sommarhalsning-2023-768x510.jpg 768w, https:\/\/nyforetagarcentrum.se\/skelleftea\/wp-content\/uploads\/sites\/107\/2025\/11\/Sommarhalsning-2023-1536x1021.jpg 1536w, https:\/\/nyforetagarcentrum.se\/skelleftea\/wp-content\/uploads\/sites\/107\/2025\/11\/Sommarhalsning-2023-2048x1361.jpg 2048w\" sizes=\"(max-width: 1625px) 100vw, 1625px\" \/>        <\/div>\n\n        <div class=\"nfc-block-split_screen__content-wrapper\">\n            <h1>Beh\u00f6ver du hj\u00e4lp med din aff\u00e4rsid\u00e9 eller ditt f\u00f6retag?<\/h1>\n<div>\n<p>Nyf\u00f6retagarCentrum hj\u00e4lper dig f\u00f6rverkliga dina dr\u00f6mmar samtidigt som vi bidrar till ett mer h\u00e5llbart samh\u00e4lle genom att hj\u00e4lpa fler starta f\u00f6retag som \u00f6verlever.<\/p>\n<p>Hos Nyf\u00f6retagarCentrum Skellefte\u00e5 kan du f\u00e5 kostnadsfri konfidentiell r\u00e5dgivning av n\u00e5gon av v\u00e5ra r\u00e5dgivare.<\/p>\n<p>De hj\u00e4lper dig med dina fr\u00e5gor oavsett om det g\u00e4ller att utveckla din aff\u00e4rsid\u00e9, n\u00e4r du \u00e4r i uppstart eller om du nyss har startat.<\/p>\n<p>Ta chansen att f\u00e5 en tryggare, stabilare start!<\/p>\n<\/div>\n\n                            <div class=\"nfc-block-split_screen__buttons\">\n                                            <a href=\"https:\/\/jobsdata-nyforetagarcentrum.se\/ExternBooking?OfficeId=be33e39b-5196-e811-80d7-0050568571f4\" class=\"button primary\">Boka r\u00e5dgivning<\/a>\n                                            <a href=\"https:\/\/nyforetagarcentrum.se\/skelleftea\/evenemang\/\" class=\"button primary\">Hitta evenemang<\/a>\n                                    <\/div>\n            \n        <\/div>\n    <\/div>\n<\/section>\n\n\n<div style=\"height:30px\" aria-hidden=\"true\" class=\"wp-block-spacer\"><\/div>\n\n\n\n<h2 class=\"wp-block-heading has-text-align-center has-x-large-font-size\">Vanliga fr\u00e5gor om r\u00e5dgivning<\/h2>\n\n\n            <script type=\"application\/ld+json\">\n                {\n                    \"@context\": \"https:\/\/schema.org\",\n                    \"@type\": \"FAQPage\",\n                    \"mainEntity\": [\n                                                    {\n                                \"@type\": \"Question\",\n                                \"name\": \"\u00c4r r\u00e5dgivningen kostnadsfri?\",\n                                \"acceptedAnswer\": {\n                                    \"@type\": \"Answer\",\n                                    \"text\": \"<p>Ja! R\u00e5dgivning hos Nyf\u00f6retagarCentrum \u00e4r helt kostnadsfri.<\/p>\"\n                                }\n                            },                                                    {\n                                \"@type\": \"Question\",\n                                \"name\": \"\u00c4r r\u00e5dgivningen konfidentiell?\",\n                                \"acceptedAnswer\": {\n                                    \"@type\": \"Answer\",\n                                    \"text\": \"<p>V\u00e5r r\u00e5dgivning \u00e4r konfidentiell vilket inneb\u00e4r att den r\u00e5dgivare du g\u00e5r till f\u00e5r inte tala om f\u00f6r n\u00e5gon att du varit hos oss eller vad din aff\u00e4rsid\u00e9 handlar om. Den dag du registrerar ditt f\u00f6retag s\u00e5 kommer det att bli offentliga uppgifter.<\/p>\"\n                                }\n                            },                                                    {\n                                \"@type\": \"Question\",\n                                \"name\": \"Jag ska k\u00f6pa ett redan befintligt f\u00f6retag. Kan jag fortfarande f\u00e5 hj\u00e4lp av er?\",\n                                \"acceptedAnswer\": {\n                                    \"@type\": \"Answer\",\n                                    \"text\": \"<div class=\"faq-item active\">\n<div class=\"faq-body\">\n<p>\u00c4ven n\u00e4r man tar \u00f6ver ett familjef\u00f6retag eller om man k\u00f6per ett f\u00f6retag s\u00e5 \u00e4r man ju ny som f\u00f6retagare och \u00e4r sj\u00e4lvklart v\u00e4lkommen till oss f\u00f6r hj\u00e4lp.<\/p>\n<\/div>\n<\/div>\"\n                                }\n                            }                                            ]\n                }\n            <\/script>\n        <section  class=\"nfc-block-accordions alignwide\">\n    <div class=\"wrapper contained\">\n        <div class=\"accordions\">\n\n                            <div class=\"accordion\">\n                    <h3>\n                        <button \n                            class=\"accordion-header\"\n                            aria-expanded=\"true\"\n                            aria-controls=\"accordion-panel-0\"\n                            id=\"accordion-header-0\"\n                            data-accordion-header\n                        >\n                            <span>\u00c4r r\u00e5dgivningen kostnadsfri?<\/span>\n                            <div class=\"icon icon-down\"><\/div>\n                        <\/button>\n                    <\/h3>\n                    <section id=\"accordion-panel-0\" aria-labelledby=\"accordion-header-0\">\n                        <span>\n                            <p>Ja! R\u00e5dgivning hos Nyf\u00f6retagarCentrum \u00e4r helt kostnadsfri.<\/p>\n                        <\/span>\n                    <\/section>\n                <\/div>\n                            <div class=\"accordion\">\n                    <h3>\n                        <button \n                            class=\"accordion-header\"\n                            aria-expanded=\"true\"\n                            aria-controls=\"accordion-panel-1\"\n                            id=\"accordion-header-1\"\n                            data-accordion-header\n                        >\n                            <span>\u00c4r r\u00e5dgivningen konfidentiell?<\/span>\n                            <div class=\"icon icon-down\"><\/div>\n                        <\/button>\n                    <\/h3>\n                    <section id=\"accordion-panel-1\" aria-labelledby=\"accordion-header-1\">\n                        <span>\n                            <p>V\u00e5r r\u00e5dgivning \u00e4r konfidentiell vilket inneb\u00e4r att den r\u00e5dgivare du g\u00e5r till f\u00e5r inte tala om f\u00f6r n\u00e5gon att du varit hos oss eller vad din aff\u00e4rsid\u00e9 handlar om. Den dag du registrerar ditt f\u00f6retag s\u00e5 kommer det att bli offentliga uppgifter.<\/p>\n                        <\/span>\n                    <\/section>\n                <\/div>\n                            <div class=\"accordion\">\n                    <h3>\n                        <button \n                            class=\"accordion-header\"\n                            aria-expanded=\"true\"\n                            aria-controls=\"accordion-panel-2\"\n                            id=\"accordion-header-2\"\n                            data-accordion-header\n                        >\n                            <span>Jag ska k\u00f6pa ett redan befintligt f\u00f6retag. Kan jag fortfarande f\u00e5 hj\u00e4lp av er?<\/span>\n                            <div class=\"icon icon-down\"><\/div>\n                        <\/button>\n                    <\/h3>\n                    <section id=\"accordion-panel-2\" aria-labelledby=\"accordion-header-2\">\n                        <span>\n                            <div class=\"faq-item active\">\n<div class=\"faq-body\">\n<p>\u00c4ven n\u00e4r man tar \u00f6ver ett familjef\u00f6retag eller om man k\u00f6per ett f\u00f6retag s\u00e5 \u00e4r man ju ny som f\u00f6retagare och \u00e4r sj\u00e4lvklart v\u00e4lkommen till oss f\u00f6r hj\u00e4lp.<\/p>\n<\/div>\n<\/div>\n                        <\/span>\n                    <\/section>\n                <\/div>\n                    <\/div>\n    <\/div>\n    <noscript>\n        <style>\n            .accordion-header .icon {\n                display: none !important;\n            }\n        <\/style>\n    <\/noscript>\n<\/section>\n\n\n\n<div style=\"height:30px\" aria-hidden=\"true\" class=\"wp-block-spacer\"><\/div>\n","protected":false},"excerpt":{"rendered":"<p>Vanliga fr\u00e5gor om r\u00e5dgivning<\/p>\n","protected":false},"author":1,"featured_media":0,"parent":0,"menu_order":0,"comment_status":"closed","ping_status":"closed","template":"","meta":{"footnotes":""},"acf":[],"_links":{"self":[{"href":"https:\/\/nyforetagarcentrum.se\/skelleftea\/wp-json\/wp\/v2\/pages\/93"}],"collection":[{"href":"https:\/\/nyforetagarcentrum.se\/skelleftea\/wp-json\/wp\/v2\/pages"}],"about":[{"href":"https:\/\/nyforetagarcentrum.se\/skelleftea\/wp-json\/wp\/v2\/types\/page"}],"author":[{"embeddable":true,"href":"https:\/\/nyforetagarcentrum.se\/skelleftea\/wp-json\/wp\/v2\/users\/1"}],"replies":[{"embeddable":true,"href":"https:\/\/nyforetagarcentrum.se\/skelleftea\/wp-json\/wp\/v2\/comments?post=93"}],"version-history":[{"count":50,"href":"https:\/\/nyforetagarcentrum.se\/skelleftea\/wp-json\/wp\/v2\/pages\/93\/revisions"}],"predecessor-version":[{"id":2399,"href":"https:\/\/nyforetagarcentrum.se\/skelleftea\/wp-json\/wp\/v2\/pages\/93\/revisions\/2399"}],"wp:attachment":[{"href":"https:\/\/nyforetagarcentrum.se\/skelleftea\/wp-json\/wp\/v2\/media?parent=93"}],"curies":[{"name":"wp","href":"https:\/\/api.w.org\/{rel}","templated":true}]}}