{"id":685,"date":"2025-02-24T11:18:13","date_gmt":"2025-02-24T10:18:13","guid":{"rendered":"https:\/\/nyforetagarcentrum.se\/skelleftea\/?page_id=685"},"modified":"2025-11-21T13:12:43","modified_gmt":"2025-11-21T12:12:43","slug":"impact","status":"publish","type":"page","link":"https:\/\/nyforetagarcentrum.se\/skelleftea\/impact\/","title":{"rendered":"Impact"},"content":{"rendered":"\n<div style=\"height:40px\" aria-hidden=\"true\" class=\"wp-block-spacer\"><\/div>\n\n\n<section  class=\"nfc-block-split_screen alignwide image_alignment-right\">\n    <div class=\"wrapper\">\n        <div class=\"nfc-block-split_screen__image-wrapper\">\n            <img loading=\"lazy\" decoding=\"async\" width=\"881\" height=\"758\" src=\"https:\/\/nyforetagarcentrum.se\/skelleftea\/wp-content\/uploads\/sites\/107\/2024\/02\/Allman-bild-liten-4-1.png\" class=\"attachment-landscape size-landscape\" alt=\"\" srcset=\"https:\/\/nyforetagarcentrum.se\/skelleftea\/wp-content\/uploads\/sites\/107\/2024\/02\/Allman-bild-liten-4-1.png 881w, https:\/\/nyforetagarcentrum.se\/skelleftea\/wp-content\/uploads\/sites\/107\/2024\/02\/Allman-bild-liten-4-1-300x258.png 300w, https:\/\/nyforetagarcentrum.se\/skelleftea\/wp-content\/uploads\/sites\/107\/2024\/02\/Allman-bild-liten-4-1-768x661.png 768w\" sizes=\"(max-width: 881px) 100vw, 881px\" \/>        <\/div>\n\n        <div class=\"nfc-block-split_screen__content-wrapper\">\n            <h1><strong><strong>Vi skapar fler nya livskraftiga f\u00f6retag!<\/strong><\/strong><\/h1>\n<p>Nyf\u00f6retagarCentrum \u00e4r landets fr\u00e4msta organisation f\u00f6r nyf\u00f6retagande och t\u00e4cker fler \u00e4n 220 kommuner. Verksamheten bygger p\u00e5 evidens och bepr\u00f6vad erfarenhet. Vi st\u00e5r f\u00f6r 10% av alla nya f\u00f6retag som startas i Sverige.<\/p>\n<p>2023 startades 6 000 nya f\u00f6retag genom Nyf\u00f6retagarCentrum \u2013 ett viktigt tillskott f\u00f6r \u00f6kat entrepren\u00f6rskap. 2023 bidrog dessa f\u00f6retag med 10 000 nya jobb. Ca 4 miljarder kronor tillf\u00f6rs i skatteint\u00e4kter \u00e5rligen.<\/p>\n<p>Nyf\u00f6retagarCentrums insatser leder till en markant h\u00f6gre \u00f6verlevnad av de f\u00f6retag som startas genom oss. Andelen konkurser \u00e4r endast 1% och 84% \u00e4r fortsatt verksamma efter 3 \u00e5r. Med mentorprogrammet Mentor Eget F\u00f6retag som komplement till r\u00e5dgivningen \u00e4r motsvarande siffra 87%. H\u00e4r finns en \u00e4nnu h\u00f6gre l\u00f6nsamhet.<\/p>\n\n            \n        <\/div>\n    <\/div>\n<\/section>\n\n\n<div style=\"height:23px\" aria-hidden=\"true\" class=\"wp-block-spacer\"><\/div>\n\n\n<section  class=\"nfc-block-split_screen alignwide image_alignment-left\">\n    <div class=\"wrapper\">\n        <div class=\"nfc-block-split_screen__image-wrapper\">\n            <img loading=\"lazy\" decoding=\"async\" width=\"1000\" height=\"667\" src=\"https:\/\/nyforetagarcentrum.se\/skelleftea\/wp-content\/uploads\/sites\/107\/2025\/09\/aurora-network-affarsnatverk-fotograf-linda-granberg-10.jpg\" class=\"attachment-landscape size-landscape\" alt=\"\" srcset=\"https:\/\/nyforetagarcentrum.se\/skelleftea\/wp-content\/uploads\/sites\/107\/2025\/09\/aurora-network-affarsnatverk-fotograf-linda-granberg-10.jpg 1000w, https:\/\/nyforetagarcentrum.se\/skelleftea\/wp-content\/uploads\/sites\/107\/2025\/09\/aurora-network-affarsnatverk-fotograf-linda-granberg-10-300x200.jpg 300w, https:\/\/nyforetagarcentrum.se\/skelleftea\/wp-content\/uploads\/sites\/107\/2025\/09\/aurora-network-affarsnatverk-fotograf-linda-granberg-10-768x512.jpg 768w\" sizes=\"(max-width: 1000px) 100vw, 1000px\" \/>        <\/div>\n\n        <div class=\"nfc-block-split_screen__content-wrapper\">\n            <h1>Vi n\u00e5r unga, kvinnor och utlandsf\u00f6dda<\/h1>\n<p>F\u00f6r att \u00f6ka nyf\u00f6retagandet i landet m\u00e5ste unga, kvinnor och utlandsf\u00f6dda n\u00e5s. Av de som gavs r\u00e5dgivning vid Nyf\u00f6retagarCentrum 2024 noterar vi f\u00f6ljande:<\/p>\n<p><strong>51% var kvinnor<\/strong>. Generellt g\u00e4ller att endast ca 30% av de som startar f\u00f6retag i landet \u00e4r kvinnor.<\/p>\n<p><strong>42% var unga<\/strong>\u00a0\u2013 under 35 \u00e5r.<\/p>\n<p><strong>32%<\/strong>\u00a0<strong>var utlandsf\u00f6dda<\/strong>\u00a0av de som gavs r\u00e5dgivning vid Nyf\u00f6retagarCentrum 2023. Under senare \u00e5r har andelen utlandsf\u00f6dda som givits r\u00e5dgivning n\u00e4ra f\u00f6rdubblats. N\u00e4ra var tredje som startar f\u00f6retag idag genom Nyf\u00f6retagarCentrum var utlandsf\u00f6dd.<\/p>\n\n            \n        <\/div>\n    <\/div>\n<\/section>\n\n\n<div style=\"height:40px\" aria-hidden=\"true\" class=\"wp-block-spacer\"><\/div>\n\n\n\n<p><\/p>\n","protected":false},"excerpt":{"rendered":"","protected":false},"author":3,"featured_media":0,"parent":0,"menu_order":0,"comment_status":"closed","ping_status":"closed","template":"","meta":{"footnotes":""},"acf":[],"_links":{"self":[{"href":"https:\/\/nyforetagarcentrum.se\/skelleftea\/wp-json\/wp\/v2\/pages\/685"}],"collection":[{"href":"https:\/\/nyforetagarcentrum.se\/skelleftea\/wp-json\/wp\/v2\/pages"}],"about":[{"href":"https:\/\/nyforetagarcentrum.se\/skelleftea\/wp-json\/wp\/v2\/types\/page"}],"author":[{"embeddable":true,"href":"https:\/\/nyforetagarcentrum.se\/skelleftea\/wp-json\/wp\/v2\/users\/3"}],"replies":[{"embeddable":true,"href":"https:\/\/nyforetagarcentrum.se\/skelleftea\/wp-json\/wp\/v2\/comments?post=685"}],"version-history":[{"count":19,"href":"https:\/\/nyforetagarcentrum.se\/skelleftea\/wp-json\/wp\/v2\/pages\/685\/revisions"}],"predecessor-version":[{"id":2621,"href":"https:\/\/nyforetagarcentrum.se\/skelleftea\/wp-json\/wp\/v2\/pages\/685\/revisions\/2621"}],"wp:attachment":[{"href":"https:\/\/nyforetagarcentrum.se\/skelleftea\/wp-json\/wp\/v2\/media?parent=685"}],"curies":[{"name":"wp","href":"https:\/\/api.w.org\/{rel}","templated":true}]}}